{"id":27081,"date":"2024-05-13T14:37:51","date_gmt":"2024-05-13T17:37:51","guid":{"rendered":"https:\/\/portifolioos-prontos.com\/?page_id=27081"},"modified":"2025-10-04T18:56:33","modified_gmt":"2025-10-04T21:56:33","slug":"termos-e-condicoes-de-uso","status":"publish","type":"page","link":"https:\/\/portifolioos-prontos.com\/index.php\/termos-e-condicoes-de-uso\/","title":{"rendered":"Termos e condi\u00e7\u00f5es de uso"},"content":{"rendered":"\n<p><strong>TERMOS E CONDI\u00c7\u00d5ES<\/strong><strong><\/strong><\/p>\n\n\n\n<p>Voc\u00ea tem ci\u00eancia e reconhece que os Servi\u00e7os da Conceito M\u00e1ximo podem ser atualizados, modificados, descontinuados ou suspensos a qualquer momento, sem aviso pr\u00e9vio, e concorda em aceitar quaisquer atualiza\u00e7\u00f5es ou modifica\u00e7\u00f5es que possam ser feitas a estes Termos.<\/p>\n\n\n\n<p>Voc\u00ea tamb\u00e9m concorda em cumprir todas as leis e regulamenta\u00e7\u00f5es aplic\u00e1veis ao acesso e uso dos servi\u00e7os, incluindo as leis de direitos autorais e propriedade intelectual.<\/p>\n\n\n\n<p>Ao utilizar os nossos Servi\u00e7os, voc\u00ea concorda em cumprir estes Termos e aceita todas as responsabilidades e obriga\u00e7\u00f5es decorrentes do uso dos Servi\u00e7os. Caso voc\u00ea n\u00e3o concorde com estes Termos, por favor, n\u00e3o utilize nossos Servi\u00e7os.<\/p>\n\n\n\n<p>Ao aceitar estes termos, ficar\u00e1 ciente o usu\u00e1rio de que \u00e9 expressamente proibida a reprodu\u00e7\u00e3o e\/ou revenda n\u00e3o autorizada dos materiais comprados neste site.<\/p>\n\n\n\n<p><strong>ACEITA\u00c7\u00c3O DOS TERMOS<\/strong><\/p>\n\n\n\n<p><strong>TERMOS E CONDI\u00c7\u00d5ES DE USO<\/strong><\/p>\n\n\n\n<p>Ao acessar e usar os servi\u00e7os do Conceito M\u00e1ximo, seja atrav\u00e9s deste site, e-mail, Whatsapp ou telefone (\u201cServi\u00e7os\u201d), voc\u00ea (\u201cUsu\u00e1rio\u201d) concorda em estar vinculado a estes Termos de Servi\u00e7o (\u201cTermos\u201d). \u00c9 importante que voc\u00ea leia e compreenda completamente esses termos antes de utilizar os servi\u00e7os.<\/p>\n\n\n\n<p>Os seguintes termos e condi\u00e7\u00f5es se aplicam a todos os usu\u00e1rios do Conceito M\u00e1ximo. Ao utilizar os servi\u00e7os, voc\u00ea concorda em cumprir estes termos e condi\u00e7\u00f5es. Se voc\u00ea n\u00e3o concordar com estes termos e condi\u00e7\u00f5es, n\u00e3o use os servi\u00e7os.<\/p>\n\n\n\n<p><strong>TERMOS E CONDI\u00c7\u00d5ES ADICIONAIS<\/strong><\/p>\n\n\n\n<p>O Conceito M\u00e1ximo pode a qualquer momento e sem aviso pr\u00e9vio, modificar ou atualizar estes termos e condi\u00e7\u00f5es. \u00c9 sua responsabilidade verificar periodicamente se h\u00e1 altera\u00e7\u00f5es. O uso continuado dos servi\u00e7os ap\u00f3s a publica\u00e7\u00e3o de quaisquer altera\u00e7\u00f5es aos termos e condi\u00e7\u00f5es constitui sua aceita\u00e7\u00e3o dessas altera\u00e7\u00f5es.<\/p>\n\n\n\n<p>Ao utilizar os servi\u00e7os, voc\u00ea reconhece e concorda que o Conceito M\u00e1ximo n\u00e3o \u00e9 respons\u00e1vel pelo conte\u00fado que voc\u00ea envia ou recebe atrav\u00e9s dos servi\u00e7os. O Conceito M\u00e1ximo n\u00e3o \u00e9 respons\u00e1vel por quaisquer danos ou perdas decorrentes do conte\u00fado que voc\u00ea envia ou recebe atrav\u00e9s dos servi\u00e7os.<\/p>\n\n\n\n<p><strong>LIMITA\u00c7\u00c3O DE RESPONSABILIDADE<\/strong><\/p>\n\n\n\n<p>O Conceito M\u00e1ximo n\u00e3o ser\u00e1 respons\u00e1vel por quaisquer danos diretos, indiretos, incidentais, especiais ou consequenciais decorrentes do uso ou incapacidade de uso dos servi\u00e7os. O Conceito M\u00e1ximo n\u00e3o ser\u00e1 respons\u00e1vel por danos ou perdas decorrentes do conte\u00fado que voc\u00ea envia ou recebe atrav\u00e9s dos servi\u00e7os.<\/p>\n\n\n\n<p><strong>TERMOS B\u00c1SICOS<\/strong><\/p>\n\n\n\n<p>Voc\u00ea \u00e9 respons\u00e1vel por seu uso dos Servi\u00e7os, por qualquer Conte\u00fado que voc\u00ea postar nos Servi\u00e7os, e por todas as consequ\u00eancias. O Conte\u00fado que voc\u00ea enviar, postar ou exibir nos Servi\u00e7os pode ser p\u00fablico e pode capaz de ser visto por outros usu\u00e1rios. Voc\u00ea s\u00f3 deve fornecer Conte\u00fado que voc\u00ea possa compartilhar de maneira confort\u00e1vel e legal com os outros sob estes Termos.<\/p>\n\n\n\n<p>Se voc\u00ea est\u00e1 aceitando estes Termos e usar os Servi\u00e7os em nome de uma empresa, organiza\u00e7\u00e3o, governo ou outra entidade legal, voc\u00ea declara e garante que est\u00e1 autorizado a faz\u00ea-lo. Voc\u00ea pode usar os Servi\u00e7os somente em conformidade com estes Termos e todas as leis locais, estaduais, nacionais e internacionais, regras e regulamentos.<\/p>\n\n\n\n<p>Os Servi\u00e7os que o Conceito M\u00e1ximo oferece est\u00e3o sempre evoluindo e a forma e natureza dos Servi\u00e7os que O Conceito M\u00e1ximo presta podem mudar ocasionalmente sem aviso pr\u00e9vio ao usu\u00e1rio. Al\u00e9m disso, o Conceito M\u00e1ximo pode interromper (permanente ou temporariamente) o fornecimento dos Servi\u00e7os (ou qualquer funcionalidade dos Servi\u00e7os) ao utilizador ou aos utilizadores em geral e pode n\u00e3o ser capaz de fornec\u00ea-lo com aviso pr\u00e9vio. Conceito M\u00e1ximo tamb\u00e9m mant\u00e9m o direito de criar limita\u00e7\u00f5es de uso e armazenamento, a crit\u00e9rio pr\u00f3prio, a qualquer momento, sem aviso pr\u00e9vio ao usu\u00e1rio.<\/p>\n\n\n\n<p><strong>DESCRI\u00c7\u00c3O DOS SERVI\u00c7OS<\/strong><\/p>\n\n\n\n<p>A Conceito M\u00e1ximo \u00e9 uma plataforma que oferece servi\u00e7os de assessoria acad\u00eamica, escrita, ghostwriting e produ\u00e7\u00e3o textual de diversos tipos. Os arquivos fornecidos s\u00e3o exemplos e guias para auxiliar os usu\u00e1rios em suas pr\u00f3prias pesquisas e estudos. Entretanto, \u00e9 importante ressaltar que eles n\u00e3o devem ser submetidos como o pr\u00f3prio trabalho do usu\u00e1rio, sem revis\u00e3o e personaliza\u00e7\u00e3o adequadas. Dessa forma, compete ao usu\u00e1rio realizar suas tamb\u00e9m pr\u00f3prias pesquisas e acrescentar no trabalho recebido atrav\u00e9s desta plataforma, e-mail ou whatsapp, al\u00e9m de tamb\u00e9m realizar modifica\u00e7\u00f5es no conte\u00fado, sem us\u00e1-lo para quaisquer fins para s\u00ed mesmo de forma integral e originalmente ao recebido.<\/p>\n\n\n\n<p>Caso o usu\u00e1rio n\u00e3o acrescente sua pr\u00f3pria pesquisa ou n\u00e3o realize modifica\u00e7\u00f5es no conte\u00fado, ele assume toda a responsabilidade sobre o arquivo. Para evitar esse tipo de problema, \u00e9 importante lembrar que o usu\u00e1rio \u00e9 inteiramente respons\u00e1vel por revisar e personalizar o arquivo adquirido antes de us\u00e1-lo para qualquer finalidade. \u00c9 fundamental que o usu\u00e1rio tamb\u00e9m adicione seu pr\u00f3prio nome, polo, professores, disciplinas, entre outros, conforme cada caso.<\/p>\n\n\n\n<p>No portf\u00f3lio, o usu\u00e1rio deve reescrev\u00ea-lo com suas pr\u00f3prias palavras, alterando o m\u00e1ximo poss\u00edvel de texto. Isso \u00e9 essencial para garantir que o trabalho final seja original e aut\u00eantico.<\/p>\n\n\n\n<p>Al\u00e9m disso, \u00e9 importante que o usu\u00e1rio use os servi\u00e7os de maneira \u00e9tica e legal, em conformidade com todas as leis e regulamentos aplic\u00e1veis, incluindo, mas n\u00e3o se limitando a, leis de direitos autorais e leis acad\u00eamicas.<\/p>\n\n\n\n<p>Por fim, ressaltamos que a Conceito M\u00e1ximo e seus propriet\u00e1rios, afiliados, diretores, funcion\u00e1rios e agentes n\u00e3o ser\u00e3o respons\u00e1veis por qualquer uso indevido dos trabalhos adquiridos. O usu\u00e1rio concorda em isentar e manter a Conceito M\u00e1ximo isenta de qualquer reivindica\u00e7\u00e3o, perda, responsabilidade, reclama\u00e7\u00e3o ou despesa (incluindo honor\u00e1rios advocat\u00edcios) feita por terceiros devido a, ou decorrente de, qualquer uso indevido dos trabalhos adquiridos.<\/p>\n\n\n\n<p><strong>RESPONSABILIDADE DO USU\u00c1RIO<\/strong><\/p>\n\n\n\n<p>O usu\u00e1rio \u00e9 inteiramente respons\u00e1vel por revisar e personalizar o trabalho adquirido antes de us\u00e1-lo para qualquer finalidade acad\u00eamica ou n\u00e3o. O usu\u00e1rio deve adicionar seu pr\u00f3prio nome, polo, professores, disciplinas, etc., conforme cada caso. No portf\u00f3lio, o usu\u00e1rio deve reescrev\u00ea-lo com suas pr\u00f3prias palavras, alterando o m\u00e1ximo poss\u00edvel de texto.&nbsp;<\/p>\n\n\n\n<p><strong>ISEN\u00c7\u00c3O DE RESPONSABILIDADE<\/strong><\/p>\n\n\n\n<p>Conceito M\u00e1ximo e seus propriet\u00e1rios n\u00e3o ser\u00e3o respons\u00e1veis por qualquer uso indevido dos trabalhos adquiridos. O usu\u00e1rio concorda em isentar e manter a Conceito M\u00e1ximo isenta de qualquer reivindica\u00e7\u00e3o, perda, responsabilidade, reclama\u00e7\u00e3o ou despesa (incluindo honor\u00e1rios advocat\u00edcios) feita por terceiros devido a, ou decorrente de, qualquer uso indevido dos trabalhos adquiridos.&nbsp;<\/p>\n\n\n\n<p><strong>CONDUTA DO USU\u00c1RIO<\/strong><\/p>\n\n\n\n<p>O usu\u00e1rio concorda em usar os Servi\u00e7os de maneira \u00e9tica e legal, em conformidade com todas as leis e regulamentos aplic\u00e1veis, incluindo, mas n\u00e3o se limitando a, leis de direitos autorais e leis acad\u00eamicas.&nbsp;&nbsp;<\/p>\n\n\n\n<p><strong>DIREITO DO CONCEITO M\u00c1XIMO <\/strong><\/p>\n\n\n\n<p>Todos os direitos, t\u00edtulos e interesses relativos aos Servi\u00e7os (excluindo conte\u00fado fornecido pelos usu\u00e1rios) s\u00e3o e continuar\u00e3o sendo de propriedade exclusiva do Conceito M\u00e1ximo e seus licenciadores. Nada nos Termos lhe d\u00e1 o direito de usar o nome Conceito M\u00e1ximo ou qualquer uma das marcas do Conceito M\u00e1ximo, logotipos, nomes de dom\u00ednio e quaisquer outros sinais distintivos. Qualquer feedback, coment\u00e1rios ou sugest\u00f5es que voc\u00ea pode fornecer sobre Conceito M\u00e1ximo , ou os Servi\u00e7os \u00e9 inteiramente volunt\u00e1ria e n\u00f3s estaremos livres para usar tais coment\u00e1rios, coment\u00e1rios ou sugest\u00f5es que acharmos conveniente e sem qualquer obriga\u00e7\u00e3o para com voc\u00ea.<\/p>\n\n\n\n<p>Todos os direitos, t\u00edtulos e interesses relativos aos fornecedores de tecnologias do Conceito M\u00e1ximo s\u00e3o e continuar\u00e3o sendo de propriedade exclusiva de seus propriet\u00e1rios legais.<\/p>\n\n\n\n<p><strong>BOAS PR\u00c1TICAS E REGRAS PARA UTILIZA\u00c7\u00c3O DOS SERVI\u00c7OS<\/strong><\/p>\n\n\n\n<p>Seja educado. Todos devem se sentir confort\u00e1veis lendo o conte\u00fado e participando do servi\u00e7o.<\/p>\n\n\n\n<p>Mantenha-se dentro da lei, n\u00e3o utilize o Conte\u00fado com a inten\u00e7\u00e3o de promover ou cometer atos ilegais.&nbsp;<\/p>\n\n\n\n<p><strong>ISEN\u00c7\u00d5ES E LIMITA\u00c7\u00d5ES DE RESPONSABILIDADE<\/strong><\/p>\n\n\n\n<p>Por favor, leia esta se\u00e7\u00e3o com aten\u00e7\u00e3o, uma vez que limita a responsabilidade do Conceito M\u00e1ximo e seus propriet\u00e1rios, subsidi\u00e1rias, afiliadas, empresas relacionadas, funcion\u00e1rios, diretores, empregados, agentes, representantes, parceiros, fornecedores e licenciadores (coletivamente, as \u201cEntidades do Conceito M\u00e1ximo \u201c).<\/p>\n\n\n\n<p><strong>OS SERVI\u00c7OS EST\u00c3O DISPON\u00cdVEIS COMO-S\u00c3O<\/strong><\/p>\n\n\n\n<p>O seu acesso e uso dos Servi\u00e7os ou qualquer Conte\u00fado adquiridos atrav\u00e9s da Conceito M\u00e1ximo  s\u00e3o de sua responsabilidade. Voc\u00ea entende e concorda que os Servi\u00e7os s\u00e3o fornecidos na base \u201cCOMO S\u00c3O\u201d e \u201cCONFORME DISPONIBILIDADE\u201d.<\/p>\n\n\n\n<p>As Entidades do Conceito M\u00e1ximo n\u00e3o oferecem nenhuma garantia ou representa\u00e7\u00e3o e n\u00e3o assumem nenhuma responsabilidade por: (i) a integridade, precis\u00e3o, disponibilidade, pontualidade, seguran\u00e7a ou confiabilidade dos Servi\u00e7os ou qualquer Conte\u00fado; (ii) qualquer dano ao seu dispositivo ou sistema, perda de dados ou outros danos resultantes de seu acesso ou uso dos Servi\u00e7os ou qualquer Conte\u00fado; (iii) a exclus\u00e3o ou a falha no armazenamento ou transmiss\u00e3o de qualquer Conte\u00fado ou outras comunica\u00e7\u00f5es mantidos pelos Servi\u00e7os; e (iv) se os servi\u00e7os ir\u00e3o atender \u00e0s suas necessidades ou estar\u00e1 dispon\u00edvel de maneira ininterrupta, segura ou livre de erros. Nenhuma informa\u00e7\u00e3o, seja oral ou escrita, obtida a partir da Conceito M\u00e1ximo ou atrav\u00e9s dos Servi\u00e7os, criar\u00e1 qualquer garantia ou declara\u00e7\u00e3o n\u00e3o expressamente aqui feita.<\/p>\n\n\n\n<p><strong>LIMITA\u00c7\u00c3O DE RESPONSABILIDADE<\/strong><\/p>\n\n\n\n<p>AT\u00c9 AO LIMITE M\u00c1XIMO PERMITIDO POR LEI, AS ENTIDADES DO Conceito M\u00e1ximo N\u00c3O SER\u00c3O RESPONS\u00c1VEIS POR QUAISQUER DANOS, INCIDENTAIS, ESPECIAIS, CONSEQUENCIAIS OU PUNITIVOS INDIRETO, OU QUALQUER PERDA DE LUCROS OU RECEITAS, INCORRIDA DIRETA OU INDIRETAMENTE, OU QUALQUER PERDA DE DADOS, USO OU OUTRAS PERDAS INTANG\u00cdVEIS, RESULTANTES DE (i) SEU ACESSO PARA OU O USO OU A IMPOSSIBILIDADE DE ACESSAR OU USAR OS SERVI\u00c7OS; (ii) QUALQUER CONDUTA OU CONTE\u00daDO DE TERCEIROS NOS SERVI\u00c7OS, INCLUINDO, SEM LIMITA\u00c7\u00c3O, QUALQUER MATERIAL DIFAMAT\u00d3RIO, OFENSIVO OU ILEGAL DE OUTROS USU\u00c1RIOS OU DE TERCEIROS; (iii) QUALQUER CONTE\u00daDO OBTIDO JUNTO DOS SERVI\u00c7OS; OU (iv) ACESSO N\u00c3O AUTORIZADO, USO OU ALTERA\u00c7\u00c3O DE SEU SERVI\u00c7O OU CONTE\u00daDO.<\/p>\n\n\n\n<p><strong>COMPRAS<\/strong><\/p>\n\n\n\n<p>O usu\u00e1rio dever\u00e1 anotar o N\u00famero do Pedido que aparece ap\u00f3s finalizar a compra ou acess\u00e1-lo atrav\u00e9s de sua compra no site e inform\u00e1-lo quando solicitado.<\/p>\n\n\n\n<p>Alguns produtos adquiridos atrav\u00e9s do Conceito M\u00e1ximo poder\u00e3o ser obtidos atrav\u00e9s de download assim que o pagamento for confirmado e sincronizado com este site.<\/p>\n\n\n\n<p>Conceito M\u00e1ximo n\u00e3o se responsabiliza pela demora ou falhas de sincronia entre os meios de pagamento e este site, devendo o usu\u00e1rio, ap\u00f3s informar o ocorrido, aguardar com paci\u00eancia ou contatar a Conceito M\u00e1ximo via WhatsApp pelo n\u00famero fornecido.<\/p>\n\n\n\n<p>Em alguns casos, por discricionariedade do Conceito M\u00e1ximo , ser\u00e1 permitido o envio do comprovante de pagamento atrav\u00e9s do nosso Whatsapp, devendo o usu\u00e1rio aguardar a resposta com paci\u00eancia.<\/p>\n\n\n\n<p>O trabalho poder\u00e1 ser enviado para o Whatsapp do usu\u00e1rio, para que ele acesse o Whatsapp Web para baix\u00e1-lo ou redirecionar para seu e-mail pessoal.<\/p>\n\n\n\n<p>Caber\u00e1 ao usu\u00e1rio revisar o trabalho antes de postar, colocando seu nome, polo, professores, disciplinas, etc, conforme cada caso.<\/p>\n\n\n\n<p>O usu\u00e1rio dever\u00e1 reescrever o portf\u00f3lio utilizando-o como base, sendo a reescrita com suas palavras, al\u00e9m de preferencialmente modificar os gr\u00e1ficos, tabelas, etc.<\/p>\n\n\n\n<p>O envio do portf\u00f3lio da maneira que o usu\u00e1rio receber, acrescentando apenas o nome, polo e n\u00e3o seguindo as orienta\u00e7\u00f5es do Conceito M\u00e1ximo poder\u00e1 ser considerado pl\u00e1gio e implicar\u00e1 em viola\u00e7\u00e3o desses termos, perdendo a garantia de suporte do Conceito M\u00e1ximo .<\/p>\n\n\n\n<p>Ao cadastrar-se, realizar a compra ou utilizar quaisquer servi\u00e7os do Conceito M\u00e1ximo o usu\u00e1rio confirma a leitura e aceite destes termos em sua totalidade.<\/p>\n\n\n\n<p><strong>ALTERA\u00c7\u00d5ES NOS TERMOS<\/strong><\/p>\n\n\n\n<p>Conceito M\u00e1ximo reserva-se o direito de alterar estes Termos a qualquer momento. O uso cont\u00ednuo dos Servi\u00e7os ap\u00f3s qualquer altera\u00e7\u00e3o constituir\u00e1 a aceita\u00e7\u00e3o dessas altera\u00e7\u00f5es. Esses Termos s\u00e3o v\u00e1lidos ainda que entrem em contradi\u00e7\u00e3o com outros Termos, Pol\u00edticas de Privacidade ou textos transcritos nesta plataforma, desde que mais ben\u00e9fico para Conceito M\u00e1ximo.&nbsp;Ao usar os Servi\u00e7os, voc\u00ea concorda com estes Termos.&nbsp;<\/p>\n","protected":false},"excerpt":{"rendered":"<p>TERMOS E CONDI\u00c7\u00d5ES Voc\u00ea tem ci\u00eancia e reconhece que os Servi\u00e7os da Conceito M\u00e1ximo podem ser atualizados, modificados, descontinuados ou suspensos a qualquer momento, sem aviso pr\u00e9vio, e concorda em aceitar quaisquer atualiza\u00e7\u00f5es ou modifica\u00e7\u00f5es que possam ser feitas a estes Termos. Voc\u00ea tamb\u00e9m concorda em cumprir todas as leis e regulamenta\u00e7\u00f5es aplic\u00e1veis ao acesso&hellip;<\/p>\n","protected":false},"author":1,"featured_media":0,"parent":0,"menu_order":0,"comment_status":"closed","ping_status":"closed","template":"","meta":{"_seopress_robots_primary_cat":"","_seopress_titles_title":"","_seopress_titles_desc":"","_seopress_robots_index":"","footnotes":""},"class_list":["post-27081","page","type-page","status-publish","hentry"],"jetpack_sharing_enabled":true,"_links":{"self":[{"href":"https:\/\/portifolioos-prontos.com\/index.php\/wp-json\/wp\/v2\/pages\/27081","targetHints":{"allow":["GET"]}}],"collection":[{"href":"https:\/\/portifolioos-prontos.com\/index.php\/wp-json\/wp\/v2\/pages"}],"about":[{"href":"https:\/\/portifolioos-prontos.com\/index.php\/wp-json\/wp\/v2\/types\/page"}],"author":[{"embeddable":true,"href":"https:\/\/portifolioos-prontos.com\/index.php\/wp-json\/wp\/v2\/users\/1"}],"replies":[{"embeddable":true,"href":"https:\/\/portifolioos-prontos.com\/index.php\/wp-json\/wp\/v2\/comments?post=27081"}],"version-history":[{"count":2,"href":"https:\/\/portifolioos-prontos.com\/index.php\/wp-json\/wp\/v2\/pages\/27081\/revisions"}],"predecessor-version":[{"id":45644,"href":"https:\/\/portifolioos-prontos.com\/index.php\/wp-json\/wp\/v2\/pages\/27081\/revisions\/45644"}],"wp:attachment":[{"href":"https:\/\/portifolioos-prontos.com\/index.php\/wp-json\/wp\/v2\/media?parent=27081"}],"curies":[{"name":"wp","href":"https:\/\/api.w.org\/{rel}","templated":true}]}}