{"id":40412,"date":"2025-07-18T19:43:03","date_gmt":"2025-07-18T22:43:03","guid":{"rendered":"https:\/\/portifolioos-prontos.com\/?page_id=40412"},"modified":"2026-04-04T11:45:59","modified_gmt":"2026-04-04T14:45:59","slug":"cursoshorascomplementares","status":"publish","type":"page","link":"https:\/\/portifolioos-prontos.com\/index.php\/cursoshorascomplementares\/","title":{"rendered":"Cursos com certificado Horas complementares &#8211; ACO Atividades Complementares Obrigat\u00f3rias"},"content":{"rendered":"\t\t<div data-elementor-type=\"wp-page\" data-elementor-id=\"40412\" class=\"elementor elementor-40412\" data-elementor-post-type=\"page\">\n\t\t\t\t\t\t<section class=\"elementor-section elementor-top-section elementor-element elementor-element-926c10b elementor-section-boxed elementor-section-height-default elementor-section-height-default\" data-id=\"926c10b\" data-element_type=\"section\" data-e-type=\"section\">\n\t\t\t\t\t\t<div class=\"elementor-container elementor-column-gap-default\">\n\t\t\t\t\t<div class=\"elementor-column elementor-col-100 elementor-top-column elementor-element elementor-element-0aba646\" data-id=\"0aba646\" data-element_type=\"column\" data-e-type=\"column\">\n\t\t\t<div class=\"elementor-widget-wrap elementor-element-populated\">\n\t\t\t\t\t\t<div class=\"elementor-element elementor-element-5bb2a75 elementor-widget elementor-widget-heading\" data-id=\"5bb2a75\" data-element_type=\"widget\" data-e-type=\"widget\" data-widget_type=\"heading.default\">\n\t\t\t\t\t<h3 class=\"elementor-heading-title elementor-size-default\"><h3 data-elementor-setting-key=\"title\" data-pen-placeholder=\"Digite aqui...\" style=\"font-family: Arial, sans-serif\">ACO - Atividades Complementares Obrigat\u00f3rias<\/h3><h3 data-elementor-setting-key=\"title\" data-pen-placeholder=\"Digite aqui...\" style=\"font-family: Arial, sans-serif\"><span style=\"font-family: inherit\">Apriveite nossa parceria com o PORTAL EDUCA e tamb\u00e9m fa\u00e7a cursos com certificados totalmente v\u00e1lidos. Selecione abaixo a \u00e1rea de interesse e logo ser\u00e1 redirecionado para nossa plataforma de cursos on-line.<\/span><span style=\"font-family: inherit\"><\/span><\/h3><\/h3>\t\t\t\t<\/div>\n\t\t\t\t\t<\/div>\n\t\t<\/div>\n\t\t\t\t\t<\/div>\n\t\t<\/section>\n\t\t\t\t<section class=\"elementor-section elementor-top-section elementor-element elementor-element-f3aef93 elementor-section-boxed elementor-section-height-default elementor-section-height-default\" data-id=\"f3aef93\" data-element_type=\"section\" data-e-type=\"section\">\n\t\t\t\t\t\t<div class=\"elementor-container elementor-column-gap-default\">\n\t\t\t\t\t<div class=\"elementor-column elementor-col-100 elementor-top-column elementor-element elementor-element-491fed1\" data-id=\"491fed1\" data-element_type=\"column\" data-e-type=\"column\">\n\t\t\t<div class=\"elementor-widget-wrap elementor-element-populated\">\n\t\t\t\t\t\t<div class=\"elementor-element elementor-element-af2ffb2 elementor-widget elementor-widget-image\" data-id=\"af2ffb2\" data-element_type=\"widget\" data-e-type=\"widget\" data-widget_type=\"image.default\">\n\t\t\t\t\t\t\t\t\t\t\t\t\t\t\t\t<a href=\"https:\/\/www.portaleduca.com.br\/conceitomaximo\">\n\t\t\t\t\t\t\t<img fetchpriority=\"high\" decoding=\"async\" width=\"728\" height=\"90\" src=\"https:\/\/portifolioos-prontos.com\/wp-content\/uploads\/2025\/07\/whatsapp-image-2025-07-18-at-14.23.43.jpeg\" class=\"attachment-medium_large size-medium_large wp-image-40421\" alt=\"whatsapp image 2025 07 18 at 14.23.43\" srcset=\"https:\/\/portifolioos-prontos.com\/wp-content\/uploads\/2025\/07\/whatsapp-image-2025-07-18-at-14.23.43.jpeg 728w, https:\/\/portifolioos-prontos.com\/wp-content\/uploads\/2025\/07\/whatsapp-image-2025-07-18-at-14.23.43-300x37.jpeg 300w, https:\/\/portifolioos-prontos.com\/wp-content\/uploads\/2025\/07\/whatsapp-image-2025-07-18-at-14.23.43-370x46.jpeg 370w, https:\/\/portifolioos-prontos.com\/wp-content\/uploads\/2025\/07\/whatsapp-image-2025-07-18-at-14.23.43-600x74.jpeg 600w\" sizes=\"(max-width: 728px) 100vw, 728px\" \/>\t\t\t\t\t\t\t\t<\/a>\n\t\t\t\t\t\t\t\t\t\t\t\t\t\t\t<\/div>\n\t\t\t\t\t<\/div>\n\t\t<\/div>\n\t\t\t\t\t<\/div>\n\t\t<\/section>\n\t\t\t\t<section class=\"elementor-section elementor-top-section elementor-element elementor-element-fe1d7c8 elementor-section-boxed elementor-section-height-default elementor-section-height-default\" data-id=\"fe1d7c8\" data-element_type=\"section\" data-e-type=\"section\">\n\t\t\t\t\t\t\t<div class=\"elementor-background-overlay\"><\/div>\n\t\t\t\t\t\t\t<div class=\"elementor-container elementor-column-gap-default\">\n\t\t\t\t\t<div class=\"elementor-column elementor-col-33 elementor-top-column elementor-element elementor-element-4003af8\" data-id=\"4003af8\" data-element_type=\"column\" data-e-type=\"column\">\n\t\t\t<div class=\"elementor-widget-wrap elementor-element-populated\">\n\t\t\t\t\t\t<div class=\"elementor-element elementor-element-9604dd2 elementor-widget elementor-widget-counter\" data-id=\"9604dd2\" data-element_type=\"widget\" data-e-type=\"widget\" data-widget_type=\"counter.default\">\n\t\t\t\t\t\t\t<div class=\"elementor-counter\">\n\t\t\t<div class=\"elementor-counter-title\">Cursos dispon\u00edveis<\/div>\t\t\t<div class=\"elementor-counter-number-wrapper\">\n\t\t\t\t<span class=\"elementor-counter-number-prefix\"><\/span>\n\t\t\t\t<span class=\"elementor-counter-number\" data-duration=\"700\" data-to-value=\"2.338\" data-from-value=\"0\" data-delimiter=\",\">0<\/span>\n\t\t\t\t<span class=\"elementor-counter-number-suffix\"><\/span>\n\t\t\t<\/div>\n\t\t<\/div>\n\t\t\t\t\t\t<\/div>\n\t\t\t\t\t<\/div>\n\t\t<\/div>\n\t\t\t\t<div class=\"elementor-column elementor-col-33 elementor-top-column elementor-element elementor-element-0efe7b8\" data-id=\"0efe7b8\" data-element_type=\"column\" data-e-type=\"column\">\n\t\t\t<div class=\"elementor-widget-wrap elementor-element-populated\">\n\t\t\t\t\t\t<div class=\"elementor-element elementor-element-33924a7 elementor-widget elementor-widget-counter\" data-id=\"33924a7\" data-element_type=\"widget\" data-e-type=\"widget\" data-widget_type=\"counter.default\">\n\t\t\t\t\t\t\t<div class=\"elementor-counter\">\n\t\t\t<div class=\"elementor-counter-title\">Estudantes matriculados<\/div>\t\t\t<div class=\"elementor-counter-number-wrapper\">\n\t\t\t\t<span class=\"elementor-counter-number-prefix\"><\/span>\n\t\t\t\t<span class=\"elementor-counter-number\" data-duration=\"600\" data-to-value=\"97.546\" data-from-value=\"0\" data-delimiter=\",\">0<\/span>\n\t\t\t\t<span class=\"elementor-counter-number-suffix\"><\/span>\n\t\t\t<\/div>\n\t\t<\/div>\n\t\t\t\t\t\t<\/div>\n\t\t\t\t\t<\/div>\n\t\t<\/div>\n\t\t\t\t<div class=\"elementor-column elementor-col-33 elementor-top-column elementor-element elementor-element-393beca\" data-id=\"393beca\" data-element_type=\"column\" data-e-type=\"column\">\n\t\t\t<div class=\"elementor-widget-wrap elementor-element-populated\">\n\t\t\t\t\t\t<div class=\"elementor-element elementor-element-2e610ed elementor-widget elementor-widget-counter\" data-id=\"2e610ed\" data-element_type=\"widget\" data-e-type=\"widget\" data-widget_type=\"counter.default\">\n\t\t\t\t\t\t\t<div class=\"elementor-counter\">\n\t\t\t<div class=\"elementor-counter-title\">Certificados emitidos<\/div>\t\t\t<div class=\"elementor-counter-number-wrapper\">\n\t\t\t\t<span class=\"elementor-counter-number-prefix\">+<\/span>\n\t\t\t\t<span class=\"elementor-counter-number\" data-duration=\"2000\" data-to-value=\"110\" data-from-value=\"0\" data-delimiter=\",\">0<\/span>\n\t\t\t\t<span class=\"elementor-counter-number-suffix\">mil<\/span>\n\t\t\t<\/div>\n\t\t<\/div>\n\t\t\t\t\t\t<\/div>\n\t\t\t\t\t<\/div>\n\t\t<\/div>\n\t\t\t\t\t<\/div>\n\t\t<\/section>\n\t\t\t\t<section class=\"elementor-section elementor-top-section elementor-element elementor-element-9b2af51 elementor-section-boxed elementor-section-height-default elementor-section-height-default\" data-id=\"9b2af51\" data-element_type=\"section\" data-e-type=\"section\">\n\t\t\t\t\t\t<div class=\"elementor-container elementor-column-gap-default\">\n\t\t\t\t\t<div class=\"elementor-column elementor-col-100 elementor-top-column elementor-element elementor-element-dbf8d17\" data-id=\"dbf8d17\" data-element_type=\"column\" data-e-type=\"column\">\n\t\t\t<div class=\"elementor-widget-wrap elementor-element-populated\">\n\t\t\t\t\t\t<div class=\"elementor-element elementor-element-f0ec0ce elementor-widget elementor-widget-gallery\" data-id=\"f0ec0ce\" data-element_type=\"widget\" data-e-type=\"widget\" data-settings=\"{&quot;columns&quot;:2,&quot;gap&quot;:{&quot;unit&quot;:&quot;px&quot;,&quot;size&quot;:0,&quot;sizes&quot;:[]},&quot;lazyload&quot;:&quot;yes&quot;,&quot;gallery_layout&quot;:&quot;grid&quot;,&quot;columns_tablet&quot;:2,&quot;columns_mobile&quot;:1,&quot;gap_tablet&quot;:{&quot;unit&quot;:&quot;px&quot;,&quot;size&quot;:10,&quot;sizes&quot;:[]},&quot;gap_mobile&quot;:{&quot;unit&quot;:&quot;px&quot;,&quot;size&quot;:10,&quot;sizes&quot;:[]},&quot;link_to&quot;:&quot;file&quot;,&quot;aspect_ratio&quot;:&quot;3:2&quot;,&quot;overlay_background&quot;:&quot;yes&quot;,&quot;content_hover_animation&quot;:&quot;fade-in&quot;}\" data-widget_type=\"gallery.default\">\n\t\t\t\t\t\t\t<div class=\"elementor-gallery__container\">\n\t\t\t\t\t\t\t<a class=\"e-gallery-item elementor-gallery-item elementor-animated-content\" href=\"https:\/\/portifolioos-prontos.com\/wp-content\/uploads\/2025\/07\/whatsapp-image-2025-07-17-at-21.10.20.jpeg\">\n\t\t\t\t\t<div class=\"e-gallery-image elementor-gallery-item__image\" data-thumbnail=\"https:\/\/portifolioos-prontos.com\/wp-content\/uploads\/2025\/07\/whatsapp-image-2025-07-17-at-21.10.20.jpeg\" data-width=\"300\" data-height=\"203\" aria-label=\"whatsapp image 2025 07 17 at 21.10.20\" role=\"img\" ><\/div>\n\t\t\t\t\t\t\t\t\t\t\t<div class=\"elementor-gallery-item__overlay\"><\/div>\n\t\t\t\t\t\t\t\t\t\t\t\t\t\t<\/a>\n\t\t\t\t\t\t\t<a class=\"e-gallery-item elementor-gallery-item elementor-animated-content\" href=\"https:\/\/portifolioos-prontos.com\/wp-content\/uploads\/2025\/07\/whatsapp-image-2025-07-17-at-21.11.19.jpeg\">\n\t\t\t\t\t<div class=\"e-gallery-image elementor-gallery-item__image\" data-thumbnail=\"https:\/\/portifolioos-prontos.com\/wp-content\/uploads\/2025\/07\/whatsapp-image-2025-07-17-at-21.11.19.jpeg\" data-width=\"300\" data-height=\"214\" aria-label=\"whatsapp image 2025 07 17 at 21.11.19\" role=\"img\" ><\/div>\n\t\t\t\t\t\t\t\t\t\t\t<div class=\"elementor-gallery-item__overlay\"><\/div>\n\t\t\t\t\t\t\t\t\t\t\t\t\t\t<\/a>\n\t\t\t\t\t<\/div>\n\t\t\t\t\t<\/div>\n\t\t\t\t\t<\/div>\n\t\t<\/div>\n\t\t\t\t\t<\/div>\n\t\t<\/section>\n\t\t\t\t<section class=\"elementor-section elementor-top-section elementor-element elementor-element-d34427c elementor-section-boxed elementor-section-height-default elementor-section-height-default\" data-id=\"d34427c\" data-element_type=\"section\" data-e-type=\"section\">\n\t\t\t\t\t\t<div class=\"elementor-container elementor-column-gap-default\">\n\t\t\t\t\t<div class=\"elementor-column elementor-col-100 elementor-top-column elementor-element elementor-element-50c2300\" data-id=\"50c2300\" data-element_type=\"column\" data-e-type=\"column\">\n\t\t\t<div class=\"elementor-widget-wrap elementor-element-populated\">\n\t\t\t\t\t\t<div class=\"elementor-element elementor-element-e20da85 elementor-widget elementor-widget-html\" data-id=\"e20da85\" data-element_type=\"widget\" data-e-type=\"widget\" data-widget_type=\"html.default\">\n\t\t\t\t\t<!DOCTYPE html>\r\n<html lang=\"pt-BR\">\r\n<head>\r\n  <meta charset=\"UTF-8\" \/>\r\n  <meta name=\"viewport\" content=\"width=device-width, initial-scale=1.0\" \/>\r\n  <title>Categorias de Cursos \u2013 Portif\u00f3lio OS Prontos<\/title>\r\n  <style>\r\n    body {\r\n      font-family: Arial, sans-serif;\r\n      background-color: #f9f9f9;\r\n      color: #333;\r\n      margin: 0;\r\n      padding: 0;\r\n    }\r\n    header {\r\n      background-color: #ffb50b; \/* ajuste conforme as cores do seu site *\/\r\n      color: #fff;\r\n      padding: 20px;\r\n      text-align: center;\r\n    }\r\n    main {\r\n      max-width: 1000px;\r\n      margin: 30px auto;\r\n      padding: 0 20px;\r\n    }\r\n    .area {\r\n      margin-bottom: 40px;\r\n    }\r\n    .area h2 {\r\n      color: #004c1; \/* mesma cor do header *\/\r\n      border-bottom: 3px solid #0073d1;\r\n      padding-bottom: 5px;\r\n    }\r\n    .area ul {\r\n      list-style: none;\r\n      padding: 0;\r\n    }\r\n    .area li {\r\n      margin: 8px 0;\r\n    }\r\n    .area a {\r\n      text-decoration: none;\r\n      color: #0073d1;\r\n      font-weight: bold;\r\n    }\r\n    .area a:hover {\r\n      text-decoration: underline;\r\n    }\r\n    footer {\r\n      text-align: center;\r\n      padding: 20px;\r\n      background-color: #ececec;\r\n      color: #777;\r\n    }\r\n  <\/style>\r\n<\/head>\r\n<body>\r\n  <header>\r\n    <h1>\u00c1reas para Cursos Dispon\u00edveis<\/h1>\r\n  <\/header>\r\n\r\n  <main>\r\n    <!-- Neg\u00f3cios e gest\u00e3o -->\r\n    <section class=\"area\">\r\n      <h2>Neg\u00f3cios e Gest\u00e3o<\/h2>\r\n      <ul>\r\n        <li><a href=\"https:\/\/www.portaleduca.com.br\/categorias\/industria-e-tecnologia\/conceitomaximo\">Ind\u00fastria e Tecnologia (466 Cursos)<\/a><\/li>\r\n        <li><a href=\"https:\/\/www.portaleduca.com.br\/categorias\/administracao\/conceitomaximo\">Administra\u00e7\u00e3o (449 Cursos)<\/a><\/li>\r\n        <li><a href=\"https:\/\/www.portaleduca.com.br\/categorias\/contabilidade\/conceitomaximo\">Contabilidade (100 Cursos)<\/a><\/li>\r\n        <li><a href=\"https:\/\/www.portaleduca.com.br\/categorias\/recursos-humanos\/conceitomaximo\">Recursos Humanos (77 Cursos)<\/a><\/li>\r\n        <li><a href=\"https:\/\/www.portaleduca.com.br\/categorias\/construcao-civil\/conceitomaximo\">Constru\u00e7\u00e3o Civil (70 Cursos)<\/a><\/li>\r\n        <li><a href=\"https:\/\/www.portaleduca.com.br\/categorias\/mecanica\/conceitomaximo\">Mec\u00e2nica (67 Cursos)<\/a><\/li>\r\n        <li><a href=\"https:\/\/www.portaleduca.com.br\/categorias\/financas\/conceitomaximo\">Finan\u00e7as (65 Cursos)<\/a><\/li>\r\n        <li><a href=\"https:\/\/www.portaleduca.com.br\/categorias\/marketing\/conceitomaximo\">Marketing (63 Cursos)<\/a><\/li>\r\n        <li><a href=\"https:\/\/www.portaleduca.com.br\/categorias\/logistica\/conceitomaximo\">Log\u00edstica (38 Cursos)<\/a><\/li>\r\n        <li><a href=\"https:\/\/www.portaleduca.com.br\/categorias\/telemarketing\/conceitomaximo\">Telemarketing (24 Cursos)<\/a><\/li>\r\n      <\/ul>\r\n    <\/section>\r\n\r\n    <!-- Sa\u00fade e Bem\u2011estar -->\r\n    <section class=\"area\">\r\n      <h2>Sa\u00fade e Bem\u2011estar<\/h2>\r\n      <ul>\r\n        <li><a href=\"https:\/\/www.portaleduca.com.br\/categorias\/saude\/conceitomaximo\">Sa\u00fade (447 Cursos)<\/a><\/li>\r\n        <li><a href=\"https:\/\/www.portaleduca.com.br\/categorias\/psicologia\/conceitomaximo\">Psicologia (161 Cursos)<\/a><\/li>\r\n        <li><a href=\"https:\/\/www.portaleduca.com.br\/categorias\/enfermagem\/conceitomaximo\">Enfermagem (123 Cursos)<\/a><\/li>\r\n        <li><a href=\"https:\/\/www.portaleduca.com.br\/categorias\/dia-a-dia\/conceitomaximo\">Dia a dia (120 Cursos)<\/a><\/li>\r\n        <li><a href=\"https:\/\/www.portaleduca.com.br\/categorias\/assistencia-social\/conceitomaximo\">Assist\u00eancia social (115 Cursos)<\/a><\/li>\r\n        <li><a href=\"https:\/\/www.portaleduca.com.br\/categorias\/estetica\/conceitomaximo\">Est\u00e9tica (70 Cursos)<\/a><\/li>\r\n        <li><a href=\"https:\/\/www.portaleduca.com.br\/categorias\/esporte\/conceitomaximo\">Esporte (41 Cursos)<\/a><\/li>\r\n        <li><a href=\"https:\/\/www.portaleduca.com.br\/categorias\/nutricao\/conceitomaximo\">Nutri\u00e7\u00e3o (31 Cursos)<\/a><\/li>\r\n        <li><a href=\"https:\/\/www.portaleduca.com.br\/categorias\/fisioterapia\/conceitomaximo\">Fisioterapia (30 Cursos)<\/a><\/li>\r\n        <li><a href=\"https:\/\/www.portaleduca.com.br\/categorias\/farmacia\/conceitomaximo\">Farm\u00e1cia (26 Cursos)<\/a><\/li>\r\n        <li><a href=\"https:\/\/www.portaleduca.com.br\/categorias\/veterinaria\/conceitomaximo\">Veterin\u00e1ria (24 Cursos)<\/a><\/li>\r\n        <li><a href=\"https:\/\/www.portaleduca.com.br\/categorias\/bebe-na-familia\/conceitomaximo\">Beb\u00ea e fam\u00edlia (7 Cursos)<\/a><\/li>\r\n        <li><a href=\"https:\/\/www.portaleduca.com.br\/categorias\/fonoaudiologia\/conceitomaximo\">Fonoaudiologia (4 Cursos)<\/a><\/li>\r\n      <\/ul>\r\n    <\/section>\r\n\r\n    <!-- Educa\u00e7\u00e3o e Idiomas -->\r\n    <section class=\"area\">\r\n      <h2>Educa\u00e7\u00e3o e Idiomas<\/h2>\r\n      <ul>\r\n        <li><a href=\"https:\/\/www.portaleduca.com.br\/categorias\/educacao\/conceitomaximo\">Educa\u00e7\u00e3o (585 Cursos)<\/a><\/li>\r\n        <li><a href=\"https:\/\/www.portaleduca.com.br\/categorias\/pedagogia\/conceitomaximo\">Pedagogia (313 Cursos)<\/a><\/li>\r\n        <li><a href=\"https:\/\/www.portaleduca.com.br\/categorias\/apoio-escolar\/conceitomaximo\">Apoio escolar (275 Cursos)<\/a><\/li>\r\n        <li><a href=\"https:\/\/www.portaleduca.com.br\/categorias\/concursos-publicos\/conceitomaximo\">Concursos P\u00fablicos (inclui ingl\u00eas\/enem \u2014 10 Cursos)<\/a><\/li>\r\n      <\/ul>\r\n    <\/section>\r\n\r\n    <!-- Direito, Legisla\u00e7\u00e3o e Pol\u00edtica -->\r\n    <section class=\"area\">\r\n      <h2>Direito, Legisla\u00e7\u00e3o e Pol\u00edtica<\/h2>\r\n      <ul>\r\n        <li><a href=\"https:\/\/www.portaleduca.com.br\/categorias\/direito\/conceitomaximo\">Direito (125 Cursos)<\/a><\/li>\r\n        <li><a href=\"https:\/\/www.portaleduca.com.br\/categorias\/concursos-publicos\/conceitomaximo\">Concursos P\u00fablicos (48 Cursos)<\/a><\/li>\r\n        <li><a href=\"https:\/\/www.portaleduca.com.br\/categorias\/gestao-ambiental\/conceitomaximo\">Gest\u00e3o Ambiental (27 Cursos)<\/a><\/li>\r\n      <\/ul>\r\n    <\/section>\r\n\r\n    <!-- Comunica\u00e7\u00e3o, Artes e Cultura -->\r\n    <section class=\"area\">\r\n      <h2>Comunica\u00e7\u00e3o, Artes e Cultura<\/h2>\r\n      <ul>\r\n        <li><a href=\"https:\/\/www.portaleduca.com.br\/categorias\/artes\/conceitomaximo\">Artes (76 Cursos)<\/a><\/li>\r\n        <li><a href=\"https:\/\/www.portaleduca.com.br\/categorias\/musica\/conceitomaximo\">M\u00fasica (28 Cursos)<\/a><\/li>\r\n        <li><a href=\"https:\/\/www.portaleduca.com.br\/categorias\/idiomas\/conceitomaximo\">Idiomas (22 Cursos)<\/a><\/li>\r\n        <li><a href=\"https:\/\/www.portaleduca.com.br\/categorias\/comunicacao-social\/conceitomaximo\">Comunica\u00e7\u00e3o Social (22 Cursos)<\/a><\/li>\r\n        <li><a href=\"https:\/\/www.portaleduca.com.br\/categorias\/jornalismo\/conceitomaximo\">Jornalismo (18 Cursos)<\/a><\/li>\r\n        <li><a href=\"https:\/\/www.portaleduca.com.br\/categorias\/turismo\/conceitomaximo\">Turismo (18 Cursos)<\/a><\/li>\r\n      <\/ul>\r\n    <\/section>\r\n\r\n    <!-- Constru\u00e7\u00e3o, Arquitetura e Design -->\r\n    <section class=\"area\">\r\n      <h2>Constru\u00e7\u00e3o, Arquitetura e Design<\/h2>\r\n      <ul>\r\n        <li><a href=\"https:\/\/www.portaleduca.com.br\/categorias\/construcao-civil\/conceitomaximo\">Constru\u00e7\u00e3o Civil (70 Cursos)<\/a><\/li>\r\n        <li><a href=\"https:\/\/www.portaleduca.com.br\/categorias\/mecanica\/conceitomaximo\">Mec\u00e2nica (67 Cursos)<\/a><\/li>\r\n        <li><a href=\"https:\/\/www.portaleduca.com.br\/categorias\/engenharia-ambiental\/conceitomaximo\">Engenharia Ambiental (32 Cursos)<\/a><\/li>\r\n      <\/ul>\r\n    <\/section>\r\n\r\n    <!-- Ci\u00eancia, Tecnologia e Meio Ambiente -->\r\n    <section class=\"area\">\r\n      <h2>Ci\u00eancia, Tecnologia e Meio Ambiente<\/h2>\r\n      <ul>\r\n        <li><a href=\"https:\/\/www.portaleduca.com.br\/categorias\/informatica\/conceitomaximo\">Inform\u00e1tica (167 Cursos)<\/a><\/li>\r\n        <li><a href=\"https:\/\/www.portaleduca.com.br\/categorias\/meio-ambiente\/conceitomaximo\">Meio Ambiente (87 Cursos)<\/a><\/li>\r\n        <li><a href=\"https:\/\/www.portaleduca.com.br\/categorias\/agricultura\/conceitomaximo\">Agricultura (67 Cursos)<\/a><\/li>\r\n        <li><a href=\"https:\/\/www.portaleduca.com.br\/categorias\/mecanica\/conceitomaximo\">Mec\u00e2nica (67 Cursos)<\/a><\/li>\r\n        <li><a href=\"https:\/\/www.portaleduca.com.br\/categorias\/engenharia-ambiental\/conceitomaximo\">Engenharia Ambiental (32 Cursos)<\/a><\/li>\r\n        <li><a href=\"https:\/\/www.portaleduca.com.br\/categorias\/biologia\/conceitomaximo\">Biologia (31 Cursos)<\/a><\/li>\r\n        <li><a href=\"https:\/\/www.portaleduca.com.br\/categorias\/gestao-ambiental\/conceitomaximo\">Gest\u00e3o Ambiental (27 Cursos)<\/a><\/li>\r\n      <\/ul>\r\n    <\/section>\r\n\r\n    <!-- Desenvolvimento Pessoal e Profissional -->\r\n    <section class=\"area\">\r\n      <h2>Desenvolvimento Pessoal e Profissional<\/h2>\r\n      <ul>\r\n        <li><a href=\"https:\/\/www.portaleduca.com.br\/categorias\/psicologia\/conceitomaximo\">Psicologia (161 Cursos)<\/a><\/li>\r\n        <li><a href=\"https:\/\/www.portaleduca.com.br\/categorias\/dia-a-dia\/conceitomaximo\">Dia a Dia (120 Cursos)<\/a><\/li>\r\n        <li><a href=\"https:\/\/www.portaleduca.com.br\/categorias\/culinaria\/conceitomaximo\">Culin\u00e1ria (91 Cursos)<\/a><\/li>\r\n        <li><a href=\"https:\/\/www.portaleduca.com.br\/categorias\/estetica\/conceitomaximo\">Est\u00e9tica (70 Cursos)<\/a><\/li>\r\n        <li><a href=\"https:\/\/www.portaleduca.com.br\/categorias\/concursos-publicos\/conceitomaximo\">Concursos P\u00fablicos (48 Cursos)<\/a><\/li>\r\n        <li><a href=\"https:\/\/www.portaleduca.com.br\/categorias\/esporte\/conceitomaximo\">Esporte (41 Cursos)<\/a><\/li>\r\n        <li><a href=\"https:\/\/www.portaleduca.com.br\/categorias\/nutricao\/conceitomaximo\">Nutri\u00e7\u00e3o (31 Cursos)<\/a><\/li>\r\n        <li><a href=\"https:\/\/www.portaleduca.com.br\/categorias\/religiao\/conceitomaximo\">Religi\u00e3o (17 Cursos)<\/a><\/li>\r\n        <li><a href=\"https:\/\/www.portaleduca.com.br\/categorias\/preparatorio-para-enem\/conceitomaximo\">Preparat\u00f3rio para ENEM (10 Cursos)<\/a><\/li>\r\n      <\/ul>\r\n    <\/section>\r\n  <\/main>\r\n  <\/footer>\r\n<\/body>\r\n<\/html>\t\t\t\t<\/div>\n\t\t\t\t\t<\/div>\n\t\t<\/div>\n\t\t\t\t\t<\/div>\n\t\t<\/section>\n\t\t\t\t<section class=\"elementor-section elementor-top-section elementor-element elementor-element-5f9a936 elementor-section-boxed elementor-section-height-default elementor-section-height-default\" data-id=\"5f9a936\" data-element_type=\"section\" data-e-type=\"section\">\n\t\t\t\t\t\t<div class=\"elementor-container elementor-column-gap-default\">\n\t\t\t\t\t<div class=\"elementor-column elementor-col-100 elementor-top-column elementor-element elementor-element-ed15784\" data-id=\"ed15784\" data-element_type=\"column\" data-e-type=\"column\">\n\t\t\t<div class=\"elementor-widget-wrap elementor-element-populated\">\n\t\t\t\t\t\t<div class=\"elementor-element elementor-element-91a44a4 elementor-widget elementor-widget-image\" data-id=\"91a44a4\" data-element_type=\"widget\" data-e-type=\"widget\" data-widget_type=\"image.default\">\n\t\t\t\t\t\t\t\t\t\t\t\t<figure class=\"wp-caption\">\n\t\t\t\t\t\t\t\t\t\t\t<a href=\"https:\/\/api.whatsapp.com\/send?phone=5553984751621\" target=\"_blank\">\n\t\t\t\t\t\t\t<img decoding=\"async\" width=\"150\" height=\"150\" src=\"https:\/\/portifolioos-prontos.com\/wp-content\/uploads\/2023\/03\/WhatsApp-QR-code-1678656367102.png\" class=\"attachment-thumbnail size-thumbnail wp-image-14416\" alt=\"horas complementares,completar horas faculdade,atividades complementares,certificado para horas complementares,conseguir horas complementares,atividades complementares unopar,atividades complementares anhanguera,horas complementares unopar,horas complementar anhanguera,horas complementares administra\u00e7\u00e3o,horas complementares ci\u00eancias cont\u00e1beis,horas complementares gest\u00e3o comercial,horas complementares gest\u00e3o p\u00fablica,horas complementares log\u00edstica,horas complementares enfermagem,horas complementares processos gerenciais,ACO unopar,ACO anhanguera,ACO atividades complementares obrigat\u00f3rias\" srcset=\"https:\/\/portifolioos-prontos.com\/wp-content\/uploads\/2023\/03\/WhatsApp-QR-code-1678656367102.png 200w, https:\/\/portifolioos-prontos.com\/wp-content\/uploads\/2023\/03\/WhatsApp-QR-code-1678656367102-100x100.png 100w, https:\/\/portifolioos-prontos.com\/wp-content\/uploads\/2023\/03\/WhatsApp-QR-code-1678656367102-150x150.png 150w\" sizes=\"(max-width: 150px) 100vw, 150px\" \/>\t\t\t\t\t\t\t\t<\/a>\n\t\t\t\t\t\t\t\t\t\t\t<figcaption class=\"widget-image-caption wp-caption-text\">ESCANEIE O QRCODE OU CLIQUE PARA ATENDIMENTO EXCLUSIVO NO WHATSAPP<\/figcaption>\n\t\t\t\t\t\t\t\t\t\t<\/figure>\n\t\t\t\t\t\t\t\t\t<\/div>\n\t\t\t\t\t<\/div>\n\t\t<\/div>\n\t\t\t\t\t<\/div>\n\t\t<\/section>\n\t\t\t\t<\/div>\n\t\t","protected":false},"excerpt":{"rendered":"<p>ACO &#8211; Atividades Complementares Obrigat\u00f3rias Apriveite nossa parceria com o PORTAL EDUCA e tamb\u00e9m fa\u00e7a cursos com certificados totalmente v\u00e1lidos. Selecione abaixo a \u00e1rea de interesse e logo ser\u00e1 redirecionado para nossa plataforma de cursos on-line. Cursos dispon\u00edveis 0 Estudantes matriculados 0 Certificados emitidos + 0 mil Categorias de Cursos \u2013 Portif\u00f3lio OS Prontos \u00c1reas&hellip;<\/p>\n","protected":false},"author":1,"featured_media":0,"parent":0,"menu_order":0,"comment_status":"closed","ping_status":"closed","template":"","meta":{"_seopress_robots_primary_cat":"","_seopress_titles_title":"%%title%% Unopar e Anhanguera","_seopress_titles_desc":"Complete horas complementares r\u00e1pidamente com nossos cursos online. Certificados v\u00e1lidos em todo o Brasil. Consiga j\u00e1 suas atividades complementares da faculdade.","_seopress_robots_index":"","footnotes":""},"class_list":["post-40412","page","type-page","status-publish","hentry"],"jetpack_sharing_enabled":true,"_links":{"self":[{"href":"https:\/\/portifolioos-prontos.com\/index.php\/wp-json\/wp\/v2\/pages\/40412","targetHints":{"allow":["GET"]}}],"collection":[{"href":"https:\/\/portifolioos-prontos.com\/index.php\/wp-json\/wp\/v2\/pages"}],"about":[{"href":"https:\/\/portifolioos-prontos.com\/index.php\/wp-json\/wp\/v2\/types\/page"}],"author":[{"embeddable":true,"href":"https:\/\/portifolioos-prontos.com\/index.php\/wp-json\/wp\/v2\/users\/1"}],"replies":[{"embeddable":true,"href":"https:\/\/portifolioos-prontos.com\/index.php\/wp-json\/wp\/v2\/comments?post=40412"}],"version-history":[{"count":1,"href":"https:\/\/portifolioos-prontos.com\/index.php\/wp-json\/wp\/v2\/pages\/40412\/revisions"}],"predecessor-version":[{"id":44754,"href":"https:\/\/portifolioos-prontos.com\/index.php\/wp-json\/wp\/v2\/pages\/40412\/revisions\/44754"}],"wp:attachment":[{"href":"https:\/\/portifolioos-prontos.com\/index.php\/wp-json\/wp\/v2\/media?parent=40412"}],"curies":[{"name":"wp","href":"https:\/\/api.w.org\/{rel}","templated":true}]}}