{"id":40546,"date":"2025-07-21T17:35:03","date_gmt":"2025-07-21T20:35:03","guid":{"rendered":"https:\/\/portifolioos-prontos.com\/?page_id=40546"},"modified":"2026-04-04T11:45:45","modified_gmt":"2026-04-04T14:45:45","slug":"aco-atividades-complementares-obrigatorias","status":"publish","type":"page","link":"https:\/\/portifolioos-prontos.com\/index.php\/aco-atividades-complementares-obrigatorias\/","title":{"rendered":"ACO &#8211; Atividades Complementares Obrigat\u00f3rias &#8211; Cursos Livres para Certificado"},"content":{"rendered":"\t\t<div data-elementor-type=\"wp-page\" data-elementor-id=\"40546\" class=\"elementor elementor-40546\" data-elementor-post-type=\"page\">\n\t\t\t\t\t\t<section class=\"elementor-section elementor-top-section elementor-element elementor-element-a3c0413 elementor-section-boxed elementor-section-height-default elementor-section-height-default\" data-id=\"a3c0413\" data-element_type=\"section\" data-e-type=\"section\">\n\t\t\t\t\t\t<div class=\"elementor-container elementor-column-gap-default\">\n\t\t\t\t\t<div class=\"elementor-column elementor-col-100 elementor-top-column elementor-element elementor-element-68e8cd4\" data-id=\"68e8cd4\" data-element_type=\"column\" data-e-type=\"column\">\n\t\t\t<div class=\"elementor-widget-wrap elementor-element-populated\">\n\t\t\t\t\t\t<div class=\"elementor-element elementor-element-b6c596b elementor-widget elementor-widget-heading\" data-id=\"b6c596b\" data-element_type=\"widget\" data-e-type=\"widget\" data-widget_type=\"heading.default\">\n\t\t\t\t\t<h2 class=\"elementor-heading-title elementor-size-default\">ACO - Atividades Complementares Obrigat\u00f3rias<br>Aproveite nossa parceria com a plataforma Portal Educa e obtenha certificados para horas complementares da faculdade, al\u00e9m de engrandecer sua vida profissional com diversas qualifica\u00e7\u00f5es.<\/h2>\t\t\t\t<\/div>\n\t\t\t\t\t<\/div>\n\t\t<\/div>\n\t\t\t\t\t<\/div>\n\t\t<\/section>\n\t\t\t\t<section class=\"elementor-section elementor-top-section elementor-element elementor-element-9a2f461 elementor-section-boxed elementor-section-height-default elementor-section-height-default\" data-id=\"9a2f461\" data-element_type=\"section\" data-e-type=\"section\">\n\t\t\t\t\t\t\t<div class=\"elementor-background-overlay\"><\/div>\n\t\t\t\t\t\t\t<div class=\"elementor-container elementor-column-gap-default\">\n\t\t\t\t\t<div class=\"elementor-column elementor-col-33 elementor-top-column elementor-element elementor-element-099fd84\" data-id=\"099fd84\" data-element_type=\"column\" data-e-type=\"column\">\n\t\t\t<div class=\"elementor-widget-wrap elementor-element-populated\">\n\t\t\t\t\t\t<div class=\"elementor-element elementor-element-b570644 elementor-widget elementor-widget-counter\" data-id=\"b570644\" data-element_type=\"widget\" data-e-type=\"widget\" data-widget_type=\"counter.default\">\n\t\t\t\t\t\t\t<div class=\"elementor-counter\">\n\t\t\t<div class=\"elementor-counter-title\">Cursos dispon\u00edveis<\/div>\t\t\t<div class=\"elementor-counter-number-wrapper\">\n\t\t\t\t<span class=\"elementor-counter-number-prefix\"><\/span>\n\t\t\t\t<span class=\"elementor-counter-number\" data-duration=\"700\" data-to-value=\"2.338\" data-from-value=\"0\" data-delimiter=\",\">0<\/span>\n\t\t\t\t<span class=\"elementor-counter-number-suffix\"><\/span>\n\t\t\t<\/div>\n\t\t<\/div>\n\t\t\t\t\t\t<\/div>\n\t\t\t\t\t<\/div>\n\t\t<\/div>\n\t\t\t\t<div class=\"elementor-column elementor-col-33 elementor-top-column elementor-element elementor-element-74f3f99\" data-id=\"74f3f99\" data-element_type=\"column\" data-e-type=\"column\">\n\t\t\t<div class=\"elementor-widget-wrap elementor-element-populated\">\n\t\t\t\t\t\t<div class=\"elementor-element elementor-element-f59d2a6 elementor-widget elementor-widget-counter\" data-id=\"f59d2a6\" data-element_type=\"widget\" data-e-type=\"widget\" data-widget_type=\"counter.default\">\n\t\t\t\t\t\t\t<div class=\"elementor-counter\">\n\t\t\t<div class=\"elementor-counter-title\">Estudantes matriculados<\/div>\t\t\t<div class=\"elementor-counter-number-wrapper\">\n\t\t\t\t<span class=\"elementor-counter-number-prefix\"><\/span>\n\t\t\t\t<span class=\"elementor-counter-number\" data-duration=\"600\" data-to-value=\"97.546\" data-from-value=\"0\" data-delimiter=\",\">0<\/span>\n\t\t\t\t<span class=\"elementor-counter-number-suffix\"><\/span>\n\t\t\t<\/div>\n\t\t<\/div>\n\t\t\t\t\t\t<\/div>\n\t\t\t\t\t<\/div>\n\t\t<\/div>\n\t\t\t\t<div class=\"elementor-column elementor-col-33 elementor-top-column elementor-element elementor-element-895fe61\" data-id=\"895fe61\" data-element_type=\"column\" data-e-type=\"column\">\n\t\t\t<div class=\"elementor-widget-wrap elementor-element-populated\">\n\t\t\t\t\t\t<div class=\"elementor-element elementor-element-6bcfa22 elementor-widget elementor-widget-counter\" data-id=\"6bcfa22\" data-element_type=\"widget\" data-e-type=\"widget\" data-widget_type=\"counter.default\">\n\t\t\t\t\t\t\t<div class=\"elementor-counter\">\n\t\t\t<div class=\"elementor-counter-title\">Certificados emitidos<\/div>\t\t\t<div class=\"elementor-counter-number-wrapper\">\n\t\t\t\t<span class=\"elementor-counter-number-prefix\">+<\/span>\n\t\t\t\t<span class=\"elementor-counter-number\" data-duration=\"2000\" data-to-value=\"110\" data-from-value=\"0\" data-delimiter=\",\">0<\/span>\n\t\t\t\t<span class=\"elementor-counter-number-suffix\">mil<\/span>\n\t\t\t<\/div>\n\t\t<\/div>\n\t\t\t\t\t\t<\/div>\n\t\t\t\t\t<\/div>\n\t\t<\/div>\n\t\t\t\t\t<\/div>\n\t\t<\/section>\n\t\t\t\t<section class=\"elementor-section elementor-top-section elementor-element elementor-element-d4caa52 elementor-section-boxed elementor-section-height-default elementor-section-height-default\" data-id=\"d4caa52\" data-element_type=\"section\" data-e-type=\"section\">\n\t\t\t\t\t\t<div class=\"elementor-container elementor-column-gap-default\">\n\t\t\t\t\t<div class=\"elementor-column elementor-col-100 elementor-top-column elementor-element elementor-element-b5bfdde\" data-id=\"b5bfdde\" data-element_type=\"column\" data-e-type=\"column\">\n\t\t\t<div class=\"elementor-widget-wrap elementor-element-populated\">\n\t\t\t\t\t\t<div class=\"elementor-element elementor-element-aa00fb9 elementor-widget elementor-widget-gallery\" data-id=\"aa00fb9\" data-element_type=\"widget\" data-e-type=\"widget\" data-settings=\"{&quot;columns&quot;:2,&quot;gap&quot;:{&quot;unit&quot;:&quot;px&quot;,&quot;size&quot;:0,&quot;sizes&quot;:[]},&quot;lazyload&quot;:&quot;yes&quot;,&quot;gallery_layout&quot;:&quot;grid&quot;,&quot;columns_tablet&quot;:2,&quot;columns_mobile&quot;:1,&quot;gap_tablet&quot;:{&quot;unit&quot;:&quot;px&quot;,&quot;size&quot;:10,&quot;sizes&quot;:[]},&quot;gap_mobile&quot;:{&quot;unit&quot;:&quot;px&quot;,&quot;size&quot;:10,&quot;sizes&quot;:[]},&quot;link_to&quot;:&quot;file&quot;,&quot;aspect_ratio&quot;:&quot;3:2&quot;,&quot;overlay_background&quot;:&quot;yes&quot;,&quot;content_hover_animation&quot;:&quot;fade-in&quot;}\" data-widget_type=\"gallery.default\">\n\t\t\t\t\t\t\t<div class=\"elementor-gallery__container\">\n\t\t\t\t\t\t\t<a class=\"e-gallery-item elementor-gallery-item elementor-animated-content\" href=\"https:\/\/portifolioos-prontos.com\/wp-content\/uploads\/2025\/07\/whatsapp-image-2025-07-17-at-21.10.20.jpeg\">\n\t\t\t\t\t<div class=\"e-gallery-image elementor-gallery-item__image\" data-thumbnail=\"https:\/\/portifolioos-prontos.com\/wp-content\/uploads\/2025\/07\/whatsapp-image-2025-07-17-at-21.10.20.jpeg\" data-width=\"300\" data-height=\"203\" aria-label=\"whatsapp image 2025 07 17 at 21.10.20\" role=\"img\" ><\/div>\n\t\t\t\t\t\t\t\t\t\t\t<div class=\"elementor-gallery-item__overlay\"><\/div>\n\t\t\t\t\t\t\t\t\t\t\t\t\t\t<\/a>\n\t\t\t\t\t\t\t<a class=\"e-gallery-item elementor-gallery-item elementor-animated-content\" href=\"https:\/\/portifolioos-prontos.com\/wp-content\/uploads\/2025\/07\/whatsapp-image-2025-07-17-at-21.11.19.jpeg\">\n\t\t\t\t\t<div class=\"e-gallery-image elementor-gallery-item__image\" data-thumbnail=\"https:\/\/portifolioos-prontos.com\/wp-content\/uploads\/2025\/07\/whatsapp-image-2025-07-17-at-21.11.19.jpeg\" data-width=\"300\" data-height=\"214\" aria-label=\"whatsapp image 2025 07 17 at 21.11.19\" role=\"img\" ><\/div>\n\t\t\t\t\t\t\t\t\t\t\t<div class=\"elementor-gallery-item__overlay\"><\/div>\n\t\t\t\t\t\t\t\t\t\t\t\t\t\t<\/a>\n\t\t\t\t\t<\/div>\n\t\t\t\t\t<\/div>\n\t\t\t\t\t<\/div>\n\t\t<\/div>\n\t\t\t\t\t<\/div>\n\t\t<\/section>\n\t\t\t\t<section class=\"elementor-section elementor-top-section elementor-element elementor-element-400bdf8 elementor-section-boxed elementor-section-height-default elementor-section-height-default\" data-id=\"400bdf8\" data-element_type=\"section\" data-e-type=\"section\">\n\t\t\t\t\t\t<div class=\"elementor-container elementor-column-gap-default\">\n\t\t\t\t\t<div class=\"elementor-column elementor-col-100 elementor-top-column elementor-element elementor-element-3106b43\" data-id=\"3106b43\" data-element_type=\"column\" data-e-type=\"column\">\n\t\t\t<div class=\"elementor-widget-wrap elementor-element-populated\">\n\t\t\t\t\t\t<div class=\"elementor-element elementor-element-e920c56 elementor-widget elementor-widget-html\" data-id=\"e920c56\" data-element_type=\"widget\" data-e-type=\"widget\" data-widget_type=\"html.default\">\n\t\t\t\t\t<!DOCTYPE html>\n<html lang=\"pt-BR\">\n<head>\n  <meta charset=\"UTF-8\">\n  <meta name=\"viewport\" content=\"width=device-width, initial-scale=1.0\">\n  <title>Categorias de Cursos | Portal Educa<\/title>\n  <style>\n    body {\n      font-family: Arial, sans-serif;\n      background-color: #ffffff;\n      color: #000000;\n      margin: 0;\n      padding: 0;\n    }\n\n    header {\n      background-color: #FFCC33;\n      padding: 20px;\n      text-align: center;\n      font-size: 24px;\n      font-weight: bold;\n      color: #000000;\n    }\n\n    .container {\n      max-width: 1200px;\n      margin: auto;\n      padding: 20px;\n    }\n\n    h2 {\n      color: ##000000;\n      margin-top: 40px;\n      border-bottom: 2px solid #FFCC33;\n      padding-bottom: 5px;\n    }\n\n    .category {\n      display: flex;\n      flex-wrap: wrap;\n      gap: 10px;\n      margin-top: 15px;\n    }\n\n    .category a {\n      background-color: #FFCC33;\n      color: #000000;\n      padding: 10px 16px;\n      border-radius: 8px;\n      text-decoration: none;\n      font-weight: bold;\n      transition: background-color 0.3s ease, transform 0.2s;\n    }\n\n    .category a:hover {\n      background-color: #e6b800;\n      transform: scale(1.05);\n    }\n\n    #popup-overlay {\n      display: none;\n      position: fixed;\n      top: 0; left: 0; right: 0; bottom: 0;\n      background-color: rgba(0,0,0,0.6);\n      z-index: 999;\n    }\n\n    #popup {\n      display: none;\n      position: fixed;\n      top: 50%;\n      left: 50%;\n      transform: translate(-50%, -50%);\n      background-color: #FFCC33;\n      color: #000000;\n      padding: 30px;\n      border-radius: 10px;\n      z-index: 1000;\n      text-align: center;\n      box-shadow: 0px 0px 10px #aaa;\n    }\n\n    #popup button {\n      margin-top: 20px;\n      padding: 10px 20px;\n      background-color: #000000;\n      color: #FFCC33;\n      border: none;\n      border-radius: 6px;\n      cursor: pointer;\n      font-weight: bold;\n    }\n  <\/style>\n<\/head>\n<body>\n  <header>\n    Categorias de Cursos do Portal Educa\n  <\/header>\n  <div class=\"container\">\n    <!-- Categorias inseridas -->\n    <h2>Neg\u00f3cios e Gest\u00e3o<\/h2>\n    <div class=\"category\">\n      <a href=\"#\" onclick=\"openPopup('https:\/\/www.portaleduca.com.br\/categorias\/industria-e-tecnologia\/conceitomaximo')\">Ind\u00fastria e Tecnologia (466)<\/a>\n      <a href=\"#\" onclick=\"openPopup('https:\/\/www.portaleduca.com.br\/categorias\/administracao\/conceitomaximo')\">Administra\u00e7\u00e3o (449)<\/a>\n      <a href=\"#\" onclick=\"openPopup('https:\/\/www.portaleduca.com.br\/categorias\/contabilidade\/conceitomaximo')\">Contabilidade (100)<\/a>\n      <a href=\"#\" onclick=\"openPopup('https:\/\/www.portaleduca.com.br\/categorias\/recursos-humanos\/conceitomaximo')\">Recursos Humanos (77)<\/a>\n      <a href=\"#\" onclick=\"openPopup('https:\/\/www.portaleduca.com.br\/categorias\/construcao-civil\/conceitomaximo')\">Constru\u00e7\u00e3o Civil (70)<\/a>\n      <a href=\"#\" onclick=\"openPopup('https:\/\/www.portaleduca.com.br\/categorias\/mecanica\/conceitomaximo')\">Mec\u00e2nica (67)<\/a>\n      <a href=\"#\" onclick=\"openPopup('https:\/\/www.portaleduca.com.br\/categorias\/financas\/conceitomaximo')\">Finan\u00e7as (65)<\/a>\n      <a href=\"#\" onclick=\"openPopup('https:\/\/www.portaleduca.com.br\/categorias\/marketing\/conceitomaximo')\">Marketing (63)<\/a>\n      <a href=\"#\" onclick=\"openPopup('https:\/\/www.portaleduca.com.br\/categorias\/logistica\/conceitomaximo')\">Log\u00edstica (38)<\/a>\n      <a href=\"#\" onclick=\"openPopup('https:\/\/www.portaleduca.com.br\/categorias\/telemarketing\/conceitomaximo')\">Telemarketing (24)<\/a>\n    <\/div>\n\n    <h2>Sa\u00fade e Bem-estar<\/h2>\n    <div class=\"category\">\n      <a href=\"#\" onclick=\"openPopup('https:\/\/www.portaleduca.com.br\/categorias\/saude\/conceitomaximo')\">Sa\u00fade (447)<\/a>\n      <a href=\"#\" onclick=\"openPopup('https:\/\/www.portaleduca.com.br\/categorias\/psicologia\/conceitomaximo')\">Psicologia (161)<\/a>\n      <a href=\"#\" onclick=\"openPopup('https:\/\/www.portaleduca.com.br\/categorias\/enfermagem\/conceitomaximo')\">Enfermagem (123)<\/a>\n      <a href=\"#\" onclick=\"openPopup('https:\/\/www.portaleduca.com.br\/categorias\/dia-a-dia\/conceitomaximo')\">Dia a dia (120)<\/a>\n      <a href=\"#\" onclick=\"openPopup('https:\/\/www.portaleduca.com.br\/categorias\/assistencia-social\/conceitomaximo')\">Assist\u00eancia Social (115)<\/a>\n      <a href=\"#\" onclick=\"openPopup('https:\/\/www.portaleduca.com.br\/categorias\/estetica\/conceitomaximo')\">Est\u00e9tica (70)<\/a>\n      <a href=\"#\" onclick=\"openPopup('https:\/\/www.portaleduca.com.br\/categorias\/esporte\/conceitomaximo')\">Esporte (41)<\/a>\n      <a href=\"#\" onclick=\"openPopup('https:\/\/www.portaleduca.com.br\/categorias\/nutricao\/conceitomaximo')\">Nutri\u00e7\u00e3o (31)<\/a>\n      <a href=\"#\" onclick=\"openPopup('https:\/\/www.portaleduca.com.br\/categorias\/fisioterapia\/conceitomaximo')\">Fisioterapia (30)<\/a>\n      <a href=\"#\" onclick=\"openPopup('https:\/\/www.portaleduca.com.br\/categorias\/farmacia\/conceitomaximo')\">Farm\u00e1cia (26)<\/a>\n      <a href=\"#\" onclick=\"openPopup('https:\/\/www.portaleduca.com.br\/categorias\/veterinaria\/conceitomaximo')\">Veterin\u00e1ria (24)<\/a>\n      <a href=\"#\" onclick=\"openPopup('https:\/\/www.portaleduca.com.br\/categorias\/bebe-na-familia\/conceitomaximo')\">Beb\u00ea e Fam\u00edlia (7)<\/a>\n      <a href=\"#\" onclick=\"openPopup('https:\/\/www.portaleduca.com.br\/categorias\/fonoaudiologia\/conceitomaximo')\">Fonoaudiologia (4)<\/a>\n    <\/div>\n\n    <h2>Educa\u00e7\u00e3o e Idiomas<\/h2>\n    <div class=\"category\">\n      <a href=\"#\" onclick=\"openPopup('https:\/\/www.portaleduca.com.br\/categorias\/educacao\/conceitomaximo')\">Educa\u00e7\u00e3o (585)<\/a>\n      <a href=\"#\" onclick=\"openPopup('https:\/\/www.portaleduca.com.br\/categorias\/pedagogia\/conceitomaximo')\">Pedagogia (313)<\/a>\n      <a href=\"#\" onclick=\"openPopup('https:\/\/www.portaleduca.com.br\/categorias\/apoio-escolar\/conceitomaximo')\">Apoio Escolar (275)<\/a>\n      <a href=\"#\" onclick=\"openPopup('https:\/\/www.portaleduca.com.br\/categorias\/concursos-publicos\/conceitomaximo')\">Concursos P\u00fablicos (48)<\/a>\n      <a href=\"#\" onclick=\"openPopup('https:\/\/www.portaleduca.com.br\/categorias\/idiomas\/conceitomaximo')\">Idiomas (22)<\/a>\n      <a href=\"#\" onclick=\"openPopup('https:\/\/www.portaleduca.com.br\/categorias\/preparatorio-para-enem\/conceitomaximo')\">Preparat\u00f3rio para ENEM (10)<\/a>\n    <\/div>\n\n    <h2>Direito, Legisla\u00e7\u00e3o e Pol\u00edtica<\/h2>\n    <div class=\"category\">\n      <a href=\"#\" onclick=\"openPopup('https:\/\/www.portaleduca.com.br\/categorias\/direito\/conceitomaximo')\">Direito (125)<\/a>\n      <a href=\"#\" onclick=\"openPopup('https:\/\/www.portaleduca.com.br\/categorias\/concursos-publicos\/conceitomaximo')\">Concursos P\u00fablicos (48)<\/a>\n      <a href=\"#\" onclick=\"openPopup('https:\/\/www.portaleduca.com.br\/categorias\/gestao-ambiental\/conceitomaximo')\">Gest\u00e3o Ambiental (27)<\/a>\n    <\/div>\n\n    <h2>Comunica\u00e7\u00e3o, Artes e Cultura<\/h2>\n    <div class=\"category\">\n      <a href=\"#\" onclick=\"openPopup('https:\/\/www.portaleduca.com.br\/categorias\/artes\/conceitomaximo')\">Artes (76)<\/a>\n      <a href=\"#\" onclick=\"openPopup('https:\/\/www.portaleduca.com.br\/categorias\/musica\/conceitomaximo')\">M\u00fasica (28)<\/a>\n      <a href=\"#\" onclick=\"openPopup('https:\/\/www.portaleduca.com.br\/categorias\/idiomas\/conceitomaximo')\">Idiomas (22)<\/a>\n      <a href=\"#\" onclick=\"openPopup('https:\/\/www.portaleduca.com.br\/categorias\/comunicacao-social\/conceitomaximo')\">Comunica\u00e7\u00e3o Social (22)<\/a>\n      <a href=\"#\" onclick=\"openPopup('https:\/\/www.portaleduca.com.br\/categorias\/jornalismo\/conceitomaximo')\">Jornalismo (18)<\/a>\n      <a href=\"#\" onclick=\"openPopup('https:\/\/www.portaleduca.com.br\/categorias\/turismo\/conceitomaximo')\">Turismo (18)<\/a>\n    <\/div>\n\n    <h2>Constru\u00e7\u00e3o, Arquitetura e Design<\/h2>\n    <div class=\"category\">\n      <a href=\"#\" onclick=\"openPopup('https:\/\/www.portaleduca.com.br\/categorias\/construcao-civil\/conceitomaximo')\">Constru\u00e7\u00e3o Civil (70)<\/a>\n      <a href=\"#\" onclick=\"openPopup('https:\/\/www.portaleduca.com.br\/categorias\/mecanica\/conceitomaximo')\">Mec\u00e2nica (67)<\/a>\n      <a href=\"#\" onclick=\"openPopup('https:\/\/www.portaleduca.com.br\/categorias\/engenharia-ambiental\/conceitomaximo')\">Engenharia Ambiental (32)<\/a>\n    <\/div>\n\n    <h2>Ci\u00eancia, Tecnologia e Meio Ambiente<\/h2>\n    <div class=\"category\">\n      <a href=\"#\" onclick=\"openPopup('https:\/\/www.portaleduca.com.br\/categorias\/informatica\/conceitomaximo')\">Inform\u00e1tica (167)<\/a>\n      <a href=\"#\" onclick=\"openPopup('https:\/\/www.portaleduca.com.br\/categorias\/meio-ambiente\/conceitomaximo')\">Meio Ambiente (87)<\/a>\n      <a href=\"#\" onclick=\"openPopup('https:\/\/www.portaleduca.com.br\/categorias\/agricultura\/conceitomaximo')\">Agricultura (67)<\/a>\n      <a href=\"#\" onclick=\"openPopup('https:\/\/www.portaleduca.com.br\/categorias\/mecanica\/conceitomaximo')\">Mec\u00e2nica (67)<\/a>\n      <a href=\"#\" onclick=\"openPopup('https:\/\/www.portaleduca.com.br\/categorias\/engenharia-ambiental\/conceitomaximo')\">Engenharia Ambiental (32)<\/a>\n      <a href=\"#\" onclick=\"openPopup('https:\/\/www.portaleduca.com.br\/categorias\/biologia\/conceitomaximo')\">Biologia (31)<\/a>\n      <a href=\"#\" onclick=\"openPopup('https:\/\/www.portaleduca.com.br\/categorias\/gestao-ambiental\/conceitomaximo')\">Gest\u00e3o Ambiental (27)<\/a>\n    <\/div>\n\n    <h2>Desenvolvimento Pessoal e Profissional<\/h2>\n    <div class=\"category\">\n      <a href=\"#\" onclick=\"openPopup('https:\/\/www.portaleduca.com.br\/categorias\/psicologia\/conceitomaximo')\">Psicologia (161)<\/a>\n      <a href=\"#\" onclick=\"openPopup('https:\/\/www.portaleduca.com.br\/categorias\/dia-a-dia\/conceitomaximo')\">Dia a Dia (120)<\/a>\n      <a href=\"#\" onclick=\"openPopup('https:\/\/www.portaleduca.com.br\/categorias\/culinaria\/conceitomaximo')\">Culin\u00e1ria (91)<\/a>\n      <a href=\"#\" onclick=\"openPopup('https:\/\/www.portaleduca.com.br\/categorias\/estetica\/conceitomaximo')\">Est\u00e9tica (70)<\/a>\n      <a href=\"#\" onclick=\"openPopup('https:\/\/www.portaleduca.com.br\/categorias\/concursos-publicos\/conceitomaximo')\">Concursos P\u00fablicos (48)<\/a>\n      <a href=\"#\" onclick=\"openPopup('https:\/\/www.portaleduca.com.br\/categorias\/esporte\/conceitomaximo')\">Esporte (41)<\/a>\n      <a href=\"#\" onclick=\"openPopup('https:\/\/www.portaleduca.com.br\/categorias\/nutricao\/conceitomaximo')\">Nutri\u00e7\u00e3o (31)<\/a>\n      <a href=\"#\" onclick=\"openPopup('https:\/\/www.portaleduca.com.br\/categorias\/religiao\/conceitomaximo')\">Religi\u00e3o (17)<\/a>\n      <a href=\"#\" onclick=\"openPopup('https:\/\/www.portaleduca.com.br\/categorias\/preparatorio-para-enem\/conceitomaximo')\">Preparat\u00f3rio para ENEM (10)<\/a>\n    <\/div>\n  <\/div>\n\n  <div id=\"popup-overlay\"><\/div>\n  <div id=\"popup\">\n    <p><strong>Voc\u00ea ser\u00e1 direcionado(a) para o site de nossos parceiros Portal Educa.<\/strong><br>Aproveite os cursos!<\/p>\n    <button onclick=\"confirmRedirect()\">Continuar<\/button>\n  <\/div>\n\n  <script>\n    let redirectUrl = \"\";\n\n    function openPopup(url) {\n      redirectUrl = url;\n      document.getElementById(\"popup-overlay\").style.display = \"block\";\n      document.getElementById(\"popup\").style.display = \"block\";\n    }\n\n    function confirmRedirect() {\n      window.open(redirectUrl, '_blank');\n      closePopup();\n    }\n\n    function closePopup() {\n      document.getElementById(\"popup-overlay\").style.display = \"none\";\n      document.getElementById(\"popup\").style.display = \"none\";\n    }\n\n    document.getElementById(\"popup-overlay\").addEventListener(\"click\", closePopup);\n  <\/script>\n<\/body>\n<\/html>\n\t\t\t\t<\/div>\n\t\t\t\t\t<\/div>\n\t\t<\/div>\n\t\t\t\t\t<\/div>\n\t\t<\/section>\n\t\t\t\t<\/div>\n\t\t","protected":false},"excerpt":{"rendered":"<p>ACO &#8211; Atividades Complementares Obrigat\u00f3riasAproveite nossa parceria com a plataforma Portal Educa e obtenha certificados para horas complementares da faculdade, al\u00e9m de engrandecer sua vida profissional com diversas qualifica\u00e7\u00f5es. Cursos dispon\u00edveis 0 Estudantes matriculados 0 Certificados emitidos + 0 mil Categorias de Cursos | Portal Educa Categorias de Cursos do Portal Educa Neg\u00f3cios e Gest\u00e3o&hellip;<\/p>\n","protected":false},"author":1,"featured_media":0,"parent":0,"menu_order":0,"comment_status":"closed","ping_status":"closed","template":"","meta":{"_seopress_robots_primary_cat":"","_seopress_titles_title":"%%title%% - Faculdade","_seopress_titles_desc":"ACO - Atividades Complementares Obrigat\u00f3rias - Cursos Livres com certificado para horas complementares para faculdade.","_seopress_robots_index":"","footnotes":""},"class_list":["post-40546","page","type-page","status-publish","hentry"],"jetpack_sharing_enabled":true,"_links":{"self":[{"href":"https:\/\/portifolioos-prontos.com\/index.php\/wp-json\/wp\/v2\/pages\/40546","targetHints":{"allow":["GET"]}}],"collection":[{"href":"https:\/\/portifolioos-prontos.com\/index.php\/wp-json\/wp\/v2\/pages"}],"about":[{"href":"https:\/\/portifolioos-prontos.com\/index.php\/wp-json\/wp\/v2\/types\/page"}],"author":[{"embeddable":true,"href":"https:\/\/portifolioos-prontos.com\/index.php\/wp-json\/wp\/v2\/users\/1"}],"replies":[{"embeddable":true,"href":"https:\/\/portifolioos-prontos.com\/index.php\/wp-json\/wp\/v2\/comments?post=40546"}],"version-history":[{"count":1,"href":"https:\/\/portifolioos-prontos.com\/index.php\/wp-json\/wp\/v2\/pages\/40546\/revisions"}],"predecessor-version":[{"id":50908,"href":"https:\/\/portifolioos-prontos.com\/index.php\/wp-json\/wp\/v2\/pages\/40546\/revisions\/50908"}],"wp:attachment":[{"href":"https:\/\/portifolioos-prontos.com\/index.php\/wp-json\/wp\/v2\/media?parent=40546"}],"curies":[{"name":"wp","href":"https:\/\/api.w.org\/{rel}","templated":true}]}}