{"id":10494,"date":"2022-10-19T19:49:24","date_gmt":"2022-10-19T22:49:24","guid":{"rendered":"https:\/\/portifolioos-prontos.com\/?post_type=product&#038;p=10494"},"modified":"2025-08-11T22:02:44","modified_gmt":"2025-08-12T01:02:44","slug":"plano-de-trabalho-dos-estagios-dos-cursos-de-licenciatura-estagio-ii-anos-inicias-do-ensino-fundamental-pedagogia-presencial","status":"publish","type":"product","link":"https:\/\/portifolioos-prontos.com\/index.php\/product\/plano-de-trabalho-dos-estagios-dos-cursos-de-licenciatura-estagio-ii-anos-inicias-do-ensino-fundamental-pedagogia-presencial\/","title":{"rendered":"Plano de trabalho dos est\u00e1gios dos cursos de licenciatura Est\u00e1gio II anos inicias do ensino fundamental (Pedagogia) &#8211; PRESENCIAL"},"content":{"rendered":"<h4>Plano de trabalho dos est\u00e1gios dos cursos de licenciatura Est\u00e1gio II anos inicias do ensino fundamental (Pedagogia) &#8211; PRESENCIAL<\/h4>\n<h4>Est\u00e1gio II ensino fundamental\u00a0 anos iniciais &#8211; Pedagogia<\/h4>\n<h4>4\u00b0 e 5\u00b0 semestre<\/h4>\n<h4>150 horas<\/h4>\n<p><a href=\"https:\/\/portifolioos-prontos.com\/index.php\/product\/portfolio-individual-projeto-de-extensao-pedagogia\/\">CLIQUE AQUI PARA COMPRAR TAMB\u00c9M O PROJETO DE EXTENS\u00c3O &#8211; PEDAGOGIA<\/a><\/p>\n<hr \/>\n<p>CAMPO DE EST\u00c1GIO: EDUCA\u00c7\u00c3O INFANTIL,\u00a0ENSINO FUNDAMENTAL\u00a0\u2013 ANOS INICIAIS E<br \/>\nENSINO FUNDAMENTAL \u2013 ANOS FINAIS<br \/>\nNo quadro a seguir, h\u00e1 a descri\u00e7\u00e3o do Plano de Trabalho a ser realizado pelo estudante,<br \/>\nconforme carga hor\u00e1ria total do <a href=\"http:\/\/portfolio-pronto.com\">respectivo<\/a> est\u00e1gio especificado no quadro da p\u00e1gina 3.<br \/>\n\u2013<br \/>\nPedagogia<br \/>\n*Atividade 1: Visita \u00e0 escola com a carta de apresenta\u00e7\u00e3o. 4h 4h 4h 4h<br \/>\nAtividade 2: Leitura obrigat\u00f3ria e produ\u00e7\u00e3o de texto. 14h 14h 14h 10h<br \/>\n*Atividade 3: An\u00e1lise do Projeto Pol\u00edtico Pedag\u00f3gico (PPP) da escola e<br \/>\nprodu\u00e7\u00e3o de relato baseado na an\u00e1lise. 8h 8h 8h 8h<br \/>\n*Atividade 4: An\u00e1lise de materiais did\u00e1ticos da escola e produ\u00e7\u00e3o de<br \/>\nrelato. 8h 8h 8h 6h<br \/>\n*Atividade 5: Entrevista com o professor regente e produ\u00e7\u00e3o de relato<br \/>\nbaseado na entrevista, conforme respectivo est\u00e1gio. 4h 4h 4h 4h<br \/>\n*Atividade 6: Levantamento de materiais de apoio espec\u00edficos para a<br \/>\nabordagem dos temas contempor\u00e2neos transversais da BNCC (meio<br \/>\nambiente, economia, sa\u00fade, cidadania e civismo, multiculturalismo e<br \/>\nci\u00eancia e tecnologia) e elabora\u00e7\u00e3o de relato.<br \/>\n10h 10h 10h 6h<br \/>\n*Atividade 7: An\u00e1lise do processo de implementa\u00e7\u00e3o da BNCC,<br \/>\nconforme campo de est\u00e1gio e elabora\u00e7\u00e3o do relato. 10h 10h 10h 6h<br \/>\n*Atividade 8: An\u00e1lise dos instrumentos avaliativos utilizados pelo<br \/>\nprofessor da disciplina conforme respectivo est\u00e1gio, e elabora\u00e7\u00e3o de<br \/>\ntexto referente \u00e0 an\u00e1lise.<br \/>\n10h 10h 10h 6h<br \/>\n*Atividade 9: An\u00e1lise da atua\u00e7\u00e3o da equipe pedag\u00f3gica no<br \/>\nacompanhamento do desenvolvimento da disciplina, conforme<br \/>\nrespectivo est\u00e1gio, e elabora\u00e7\u00e3o de texto referente \u00e0 an\u00e1lise.<br \/>\n14h 14h 14h 6h<br \/>\n*Atividade 10: Observa\u00e7\u00e3o e participa\u00e7\u00e3o em aulas, conforme<br \/>\nrespectivo est\u00e1gio.<br \/>\nEst\u00e1gio de 150 horas: 12 horas;<br \/>\nEst\u00e1gio de 175 horas: 16 horas;<br \/>\nEst\u00e1gio de 180 horas: 18 horas;<br \/>\nEst\u00e1gio de 150 horas \u2013 Pedagogia: 20 horas.<br \/>\n12h 16h 18h 20h<br \/>\nAtividade 11: Elabora\u00e7\u00e3o do relato da observa\u00e7\u00e3o. 8h 11h 12h 8h<br \/>\nAtividade 12: Elabora\u00e7\u00e3o de um plano para cada aula para uma mesma<br \/>\ns\u00e9rie\/turma, conforme campo de est\u00e1gio<br \/>\nEst\u00e1gio de 150 horas: 3 aulas \u2013 3 planos;<br \/>\nEst\u00e1gio de 175 horas: 4 aulas \u2013 4 planos;<br \/>\nEst\u00e1gio de 180 horas: 5 aulas \u2013 5 planos;<br \/>\nEst\u00e1gio de 150 horas \u2013 Pedagogia: 24 horas \u2013 6 planos (1 para cada dia<br \/>\nde aula).<br \/>\n9h 16h 18h 16h<br \/>\n*Atividade 13: Apresenta\u00e7\u00e3o dos planos de aula para o professor<br \/>\nregente e elabora\u00e7\u00e3o do relato. 8h 12h 12h 6h<br \/>\n*Atividade 14: Reg\u00eancia (em uma das turmas em que realizou as<br \/>\nobserva\u00e7\u00f5es e participa\u00e7\u00f5es), conforme respectivo est\u00e1gio. 6h 12h 12h 24h<br \/>\nAtividade 15: Relato da reg\u00eancia. 15h 16h 16h 10h<br \/>\nAtividade 16: Produ\u00e7\u00e3o do Relat\u00f3rio de Est\u00e1gio. 10h 10h 10h 10h<br \/>\n*Atividade 17: Valida\u00e7\u00e3o do Relat\u00f3rio do Est\u00e1gio.<\/p>\n<div class=\"elementor-toggle-item\">\n<div class=\"elementor-toggle-item\">\n<p id=\"elementor-tab-title-1941\" class=\"elementor-tab-title elementor-active\" tabindex=\"0\" role=\"tab\" data-tab=\"1\" aria-controls=\"elementor-tab-content-1941\" aria-expanded=\"true\" aria-selected=\"true\"><strong>Como funciona?<\/strong><\/p>\n<p>Elaboramos os portf\u00f3lios, j\u00e1 deixamos prontos, nas normas da ABNT e conforme os requisitos da universidade. F\u00e1cil assim! O MELHOR \u00c9 QUE VOC\u00ca COMPRA E J\u00c1 BAIXA NA HORA O SEU ARQUIVO EM WORD! Sabemos que conciliar trabalho, fam\u00edlia, vida profissional e estudos \u00e9 dif\u00edcil hoje em dia, por isso, estamos aqui para ajudar voc\u00ea. Conte com nossa qualidade, experi\u00eancia e profissionalismo adquirindo seu portf\u00f3lio conosco. GARANTIMOS SEU CONCEITO!<\/p>\n<p><strong>Como se realizam os envios?<\/strong><\/p>\n<\/div>\n<p id=\"elementor-tab-content-1942\" class=\"elementor-tab-content elementor-clearfix elementor-active\" role=\"tabpanel\" data-tab=\"2\" aria-labelledby=\"elementor-tab-title-1942\">O seu trabalho \u00e9 disponibilizado pronto, respondido e nas normas j\u00e1 na mesma hora aqui em nosso site na sua \u00e1rea de downloads e tamb\u00e9m no seu e-mail.<\/p>\n<p><strong>Em quanto tempo recebo o portf\u00f3lio?<\/strong><\/p>\n<p>Os envios s\u00e3o imediatos. Ap\u00f3s sua compra, o trabalho j\u00e1 \u00e9 disponibilizado instantaneamente aqui em nosso site e no seu e-mail.<\/p>\n<p><strong>E se o portf\u00f3lio que comprei precisar de corre\u00e7\u00e3o?<\/strong><\/p>\n<p>Caso haja alguma solicita\u00e7\u00e3o de corre\u00e7\u00e3o\/altera\u00e7\u00e3o por parte do tutor, basta entrar em contato conosco pelo\u00a0WhatsApp\u00a0que provid\u00eanciaremos sem custo algum.<\/p>\n<p><strong>Qual o formato do arquivo?<\/strong><\/p>\n<p>Os arquivos s\u00e3o enviados em formato Word e s\u00e3o edit\u00e1veis.<\/p>\n<p><strong>Caso eu tiver alguma d\u00favida, terei suporte no p\u00f3s venda?<\/strong><\/p>\n<p>Sim, com certeza. Basta clicar no \u00edcone do WhatsApp no cantinho da tela. Ser\u00e1 um prazer atend\u00ea-lo(a).<\/p>\n<div id=\"elementor-tab-content-1948\" class=\"elementor-tab-content elementor-clearfix elementor-active\" role=\"tabpanel\" data-tab=\"8\" aria-labelledby=\"elementor-tab-title-1948\">\n<p><strong>Quais os seus canais de contato?<\/strong><\/p>\n<\/div>\n<div id=\"elementor-tab-content-1949\" class=\"elementor-tab-content elementor-clearfix elementor-active\" role=\"tabpanel\" data-tab=\"9\" aria-labelledby=\"elementor-tab-title-1949\">\n<p>Whatsapp: 53 984751621 \u2013 Clicar no canto da tela ou ESCANEIE O QRCODE ABAIXO<\/p>\n<h4><img decoding=\"async\" class=\"alignnone wp-image-13699 jetpack-lazy-image jetpack-lazy-image--handled\" src=\"https:\/\/i0.wp.com\/portifolioos-prontos.com\/wp-content\/uploads\/2023\/02\/whatsapp-business-projeto-de-extensao-300x300.jpeg?resize=144%2C144\" sizes=\"(max-width: 144px) 100vw, 144px\" srcset=\"https:\/\/i0.wp.com\/portifolioos-prontos.com\/wp-content\/uploads\/2023\/02\/whatsapp-business-projeto-de-extensao.jpeg?resize=300%2C301&amp;ssl=1 300w, https:\/\/i0.wp.com\/portifolioos-prontos.com\/wp-content\/uploads\/2023\/02\/whatsapp-business-projeto-de-extensao.jpeg?resize=150%2C150&amp;ssl=1 150w, https:\/\/i0.wp.com\/portifolioos-prontos.com\/wp-content\/uploads\/2023\/02\/whatsapp-business-projeto-de-extensao.jpeg?resize=370%2C372&amp;ssl=1 370w, https:\/\/i0.wp.com\/portifolioos-prontos.com\/wp-content\/uploads\/2023\/02\/whatsapp-business-projeto-de-extensao.jpeg?resize=100%2C100&amp;ssl=1 100w, https:\/\/i0.wp.com\/portifolioos-prontos.com\/wp-content\/uploads\/2023\/02\/whatsapp-business-projeto-de-extensao.jpeg?w=470&amp;ssl=1 470w\" alt=\"projeto de extens\u00e3o unopar\" width=\"144\" height=\"144\" data-lazy-loaded=\"1\" \/><\/h4>\n<\/div>\n<div class=\"elementor-toggle-item\">\n<div id=\"elementor-tab-content-1949\" class=\"elementor-tab-content elementor-clearfix elementor-active\" role=\"tabpanel\" data-tab=\"9\" aria-labelledby=\"elementor-tab-title-1949\">\n<p>E-mail:portifoliosp@gmail.com<\/p>\n<div id=\"attachment_143\" class=\"wp-caption alignnone\">\n<div id=\"attachment_143\" class=\"wp-caption alignnone\" style=\"width: 81px;\">\n<p><a href=\"https:\/\/portifolioos-prontos.com\/\"><img decoding=\"async\" class=\"wp-image-143 jetpack-lazy-image jetpack-lazy-image--handled smush-image-11 smush-detected-img smush-image-1\" title=\"portfolio pronto unopar\" src=\"https:\/\/i0.wp.com\/portifolioos-prontos.com\/wp-content\/uploads\/2022\/04\/conceitomaximo.png?resize=161%2C46\" sizes=\"(max-width: 35px) 100vw, 35px\" srcset=\"https:\/\/i0.wp.com\/portifolioos-prontos.com\/wp-content\/uploads\/2022\/04\/conceitomaximo.png?w=244&amp;ssl=1 244w, https:\/\/i0.wp.com\/portifolioos-prontos.com\/wp-content\/uploads\/2022\/04\/conceitomaximo.png?resize=220%2C70&amp;ssl=1 220w\" alt=\"PORTFOLIO PRONTO UNOPAR ANHANGUERA\" width=\"81\" height=\"26\" aria-describedby=\"caption-attachment-143\" data-lazy-loaded=\"1\" \/><\/a><\/p>\n<p id=\"caption-attachment-143\" class=\"wp-caption-text\">Portf\u00f3lioem Word, respondido, completo e j\u00e1 nas normas<\/p>\n<\/div>\n<\/div>\n<\/div>\n<\/div>\n<\/div>\n","protected":false},"excerpt":{"rendered":"<div class=\"product-short-description\">\n<div class=\"product-short-description\">\n<p><strong>Pague pelo PIX ou cart\u00e3o e fa\u00e7a o download agora mesmo.<\/strong><\/p>\n<\/div>\n<div class=\"sticky-add-to-cart-wrapper\">\n<div class=\"sticky-add-to-cart\">\n<p class=\"quantity buttons_added form-flat\"><img decoding=\"async\" class=\"lazyloaded smush-image-5 smush-image-3 smush-detected-img smush-image-4\" src=\"https:\/\/d26lpennugtm8s.cloudfront.net\/assets\/common\/img\/logos\/payment\/visa@2x.png\" width=\"46\" height=\"29\" data-src=\"https:\/\/d26lpennugtm8s.cloudfront.net\/assets\/common\/img\/logos\/payment\/visa@2x.png\" \/><img loading=\"lazy\" decoding=\"async\" class=\"lazyloaded smush-image-6 smush-image-4 smush-detected-img smush-image-5\" src=\"https:\/\/d26lpennugtm8s.cloudfront.net\/assets\/common\/img\/logos\/payment\/boleto@2x.png\" width=\"43\" height=\"27\" data-src=\"https:\/\/d26lpennugtm8s.cloudfront.net\/assets\/common\/img\/logos\/payment\/boleto@2x.png\" \/><img loading=\"lazy\" decoding=\"async\" class=\"lazyloaded smush-image-7 smush-image-5 smush-detected-img smush-image-6\" src=\"https:\/\/d26lpennugtm8s.cloudfront.net\/assets\/common\/img\/logos\/payment\/mastercard@2x.png\" width=\"43\" height=\"27\" data-src=\"https:\/\/d26lpennugtm8s.cloudfront.net\/assets\/common\/img\/logos\/payment\/mastercard@2x.png\" \/><img loading=\"lazy\" decoding=\"async\" class=\"lazyloaded smush-image-8 smush-image-6 smush-detected-img smush-image-7\" src=\"https:\/\/d26lpennugtm8s.cloudfront.net\/assets\/common\/img\/logos\/payment\/amex@2x.png\" width=\"43\" height=\"27\" data-src=\"https:\/\/d26lpennugtm8s.cloudfront.net\/assets\/common\/img\/logos\/payment\/amex@2x.png\" \/><img loading=\"lazy\" decoding=\"async\" class=\"lazyloaded smush-image-9 smush-image-7 smush-detected-img smush-image-8\" src=\"https:\/\/d26lpennugtm8s.cloudfront.net\/assets\/common\/img\/logos\/payment\/diners@2x.png\" width=\"46\" height=\"29\" data-src=\"https:\/\/d26lpennugtm8s.cloudfront.net\/assets\/common\/img\/logos\/payment\/diners@2x.png\" \/><img loading=\"lazy\" decoding=\"async\" class=\"lazyloaded smush-image-10 smush-image-8 smush-detected-img smush-image-9 alignnone\" src=\"https:\/\/d26lpennugtm8s.cloudfront.net\/assets\/common\/img\/logos\/payment\/br\/elo@2x.png\" alt=\"portf\u00f3lio unopar anhanguera\" width=\"45\" height=\"28\" data-src=\"https:\/\/d26lpennugtm8s.cloudfront.net\/assets\/common\/img\/logos\/payment\/br\/elo@2x.png\" \/><img loading=\"lazy\" decoding=\"async\" class=\"lazyloaded smush-image-11 smush-image-9 smush-detected-img smush-image-10 alignnone\" src=\"https:\/\/d26lpennugtm8s.cloudfront.net\/assets\/common\/img\/logos\/payment\/br\/hipercard@2x.png\" alt=\"portf\u00f3lio unopar anhanguera\" width=\"44\" height=\"28\" data-src=\"https:\/\/d26lpennugtm8s.cloudfront.net\/assets\/common\/img\/logos\/payment\/br\/hipercard@2x.png\" \/><img loading=\"lazy\" decoding=\"async\" class=\"lazyloaded smush-image-12 smush-image-10 smush-detected-img smush-image-11 alignnone\" src=\"https:\/\/d26lpennugtm8s.cloudfront.net\/assets\/common\/img\/logos\/payment\/mercadopago@2x.png\" alt=\"portf\u00f3lio unopar anhanguera\" width=\"45\" height=\"28\" data-src=\"https:\/\/d26lpennugtm8s.cloudfront.net\/assets\/common\/img\/logos\/payment\/mercadopago@2x.png\" \/><img loading=\"lazy\" decoding=\"async\" class=\"alignnone lazyloaded\" src=\"https:\/\/futurium.com.br\/wp-content\/uploads\/2021\/06\/logo-pix-icone-512.png\" alt=\"portfolio pronto\" width=\"30\" height=\"30\" data-src=\"https:\/\/futurium.com.br\/wp-content\/uploads\/2021\/06\/logo-pix-icone-512.png\" \/><\/p>\n<\/div>\n<\/div>\n<\/div>\n","protected":false},"featured_media":34621,"template":"","meta":{"_seopress_robots_primary_cat":"none","_seopress_titles_title":"","_seopress_titles_desc":"","_seopress_robots_index":""},"product_cat":[47,52,15],"product_tag":[747,746],"class_list":{"0":"post-10494","1":"product","2":"type-product","3":"status-publish","4":"has-post-thumbnail","6":"product_cat-licenciaturas","7":"product_cat-pedagogia","8":"product_cat-uncategorized","9":"product_tag-portfolio-de-estagio-anhanguera","10":"product_tag-portfolio-de-estagio-unopar","12":"first","13":"instock","14":"downloadable","15":"virtual","16":"purchasable","17":"product-type-simple","18":"col-xs-6 col-sm-4","19":"col-mf-5","20":"un-5-cols"},"jetpack_sharing_enabled":true,"_links":{"self":[{"href":"https:\/\/portifolioos-prontos.com\/index.php\/wp-json\/wp\/v2\/product\/10494","targetHints":{"allow":["GET"]}}],"collection":[{"href":"https:\/\/portifolioos-prontos.com\/index.php\/wp-json\/wp\/v2\/product"}],"about":[{"href":"https:\/\/portifolioos-prontos.com\/index.php\/wp-json\/wp\/v2\/types\/product"}],"version-history":[{"count":0,"href":"https:\/\/portifolioos-prontos.com\/index.php\/wp-json\/wp\/v2\/product\/10494\/revisions"}],"wp:featuredmedia":[{"embeddable":true,"href":"https:\/\/portifolioos-prontos.com\/index.php\/wp-json\/wp\/v2\/media\/34621"}],"wp:attachment":[{"href":"https:\/\/portifolioos-prontos.com\/index.php\/wp-json\/wp\/v2\/media?parent=10494"}],"wp:term":[{"taxonomy":"product_cat","embeddable":true,"href":"https:\/\/portifolioos-prontos.com\/index.php\/wp-json\/wp\/v2\/product_cat?post=10494"},{"taxonomy":"product_tag","embeddable":true,"href":"https:\/\/portifolioos-prontos.com\/index.php\/wp-json\/wp\/v2\/product_tag?post=10494"}],"curies":[{"name":"wp","href":"https:\/\/api.w.org\/{rel}","templated":true}]}}