{"id":12222,"date":"2022-11-03T18:40:02","date_gmt":"2022-11-03T21:40:02","guid":{"rendered":"https:\/\/portifolioos-prontos.com\/?post_type=product&#038;p=12222"},"modified":"2024-08-29T21:15:29","modified_gmt":"2024-08-30T00:15:29","slug":"roteiro-de-aula-pratica-quimica-e-ciencia-dos-materiais","status":"publish","type":"product","link":"https:\/\/portifolioos-prontos.com\/index.php\/product\/roteiro-de-aula-pratica-quimica-e-ciencia-dos-materiais\/","title":{"rendered":"Roteiro de Aula Pr\u00e1tica Qu\u00edmica e ci\u00eancia dos materiais"},"content":{"rendered":"<h4>Roteiro de Aula Pr\u00e1tica Qu\u00edmica e ci\u00eancia dos materiais<\/h4>\n<h4>Disciplina: Qu\u00edmica e Ci\u00eancias dos Materiais<\/h4>\n<p>ROTEIRO DE AULA PR\u00c1TICA 1<br \/>\nUnidade: 4<br \/>\nAula (White Label)\/Se\u00e7\u00e3o (KLS): 1<\/p>\n<p>Checklist:<br \/>\n\u2013 Acessar a pr\u00e1tica pelo link no AVA<br \/>\n\u2013 Fazer os testes com os materiais<br \/>\n\u2013 Anotar todos os eventos e tirar prints das telas dos resultados.<br \/>\nResultado: Aluno, voc\u00ea dever\u00e1 entregar:<br \/>\nOl\u00e1 Estudante, aqui voc\u00ea ter\u00e1 que apresentar uma tabela com os dados obtidos no<br \/>\nexperiemento e adicionar as telas dos resultados como evid\u00eancia. Lembre-se de organizar bem<br \/>\ns dados e de correlacionar bem os resultados e gerar uma boa evid\u00eancia para que seja poss\u00edvel<br \/>\nobservar seu desenvolvimento na aprendizagem.<\/p>\n<p>Refer\u00eancias:<\/p>\n<p>ALGETEC. Manual do laborat\u00f3rio de materiais e tratamento t\u00e9rmico: exig\u00eancias dos<br \/>\nmateriais utilizados em engenharia..<\/p>\n<p>ROTEIRO DE AULA PR\u00c1TICA\u00a02<br \/>\nUnidade: 4<br \/>\nAula (White Label)\/Se\u00e7\u00e3o (KLS): 1<\/p>\n<p>Checklist:<br \/>\n\u2013 Acessar a pr\u00e1tica pelo link no AVA<br \/>\n\u2013 Fazer os testes com os materiais<br \/>\n\u2013 Anotar todos os eventos e tirar prints das telas dos resultados.<br \/>\nResultado: Aluno, voc\u00ea dever\u00e1 entregar:<br \/>\nOl\u00e1 Estudante, aqui voc\u00ea ter\u00e1 que apresentar uma tabela com os dados obtidos no experimento<br \/>\ne adicionar as telas dos resultados como evid\u00eancia. Voc\u00ea deve correlacionar as estruturas<br \/>\ncristalinas com os tipos de materiais observados. Lembre-se de organizar bem os dados e gerar<br \/>\numa boa evid\u00eancia para que seja poss\u00edvel observar seu desenvolvimento na aprendizagem.<\/p>\n<p>Refer\u00eancias:<\/p>\n<p>ALGETEC. Manual do laborat\u00f3rio de materiais e tratamento t\u00e9rmico: exig\u00eancias dos<br \/>\nmateriais utilizados em engenharia.<\/p>\n<p>&nbsp;<\/p>\n<p>ROTEIRO DE AULA PR\u00c1TICA 3<br \/>\nUnidade: 3<br \/>\nAula (White Label)\/Se\u00e7\u00e3o (KLS): 1<\/p>\n<p>Checklist:<br \/>\n\u2013 Acessar a pr\u00e1tica pelo link no AVA<br \/>\n\u2013 Fazer os testes com os materiais<br \/>\n\u2013 Anotar todos os eventos e tirar prints das telas dos resultados.<br \/>\nResultado:<br \/>\nOl\u00e1 Estudante, aqui voc\u00ea ter\u00e1 que apresentar uma tabela com os dados obtidos no experimento<br \/>\ne adicionar as telas dos resultados como evid\u00eancia. Voc\u00ea deve correlacionar os minerais de<br \/>\nacordo com as suas observa\u00e7\u00f5es e comparar com a tabela de refer\u00eancia e justificar sua<br \/>\nescolha. Lembre-se de organizar bem os dados e gerar uma boa evid\u00eancia para que seja<br \/>\nposs\u00edvel observar seu desenvolvimento na aprendizagem.<\/p>\n<p>Refer\u00eancias:<br \/>\nALGETEC. Manual do laborat\u00f3rio de Qu\u00edmica: Identifica\u00e7\u00e3o dos Minerais: Par\u00e2metros<br \/>\nvisuais.<\/p>\n<p>&nbsp;<\/p>\n<p>ROTEIRO DE AULA PR\u00c1TICA 4<br \/>\nUnidade: 3<br \/>\nAula (White Label)\/Se\u00e7\u00e3o (KLS): 1<\/p>\n<p>Checklist:<br \/>\n\u2013 Acessar a pr\u00e1tica pelo link no AVA<br \/>\n\u2013 Fazer os testes com os materiais<br \/>\n\u2013 Anotar todos os eventos e tirar prints das telas dos resultados.<br \/>\nResultado:<br \/>\nOl\u00e1 Estudante, aqui voc\u00ea ter\u00e1 que apresentar uma tabela com os dados obtidos no experimento<br \/>\ne adicionar as telas dos resultados como evid\u00eancia. Voc\u00ea deve correlacionar os minerais de<br \/>\nacordo com as suas observa\u00e7\u00f5es e comparar com a tabela de refer\u00eancia e justificar sua<br \/>\nescolha. Lembre-se de organizar bem os dados e gerar uma boa evid\u00eancia para que seja<br \/>\nposs\u00edvel observar seu desenvolvimento na aprendizagem. Utilizar as tr\u00eas tabelas de ref\u00eancia<br \/>\npara gerar a sua com espa\u00e7o para as evid\u00eancias<br \/>\nRefer\u00eancias:<br \/>\nALGETEC. Manual do laborat\u00f3rio de Qu\u00edmica: Identifica\u00e7\u00e3o dos Minerais Destrutivos.<\/p>\n<div class=\"elementor-toggle-item\">\n<h4 id=\"elementor-tab-title-1941\" class=\"elementor-tab-title elementor-active\" tabindex=\"0\" role=\"tab\" data-tab=\"1\" aria-controls=\"elementor-tab-content-1941\" aria-expanded=\"true\" aria-selected=\"true\">Como funciona?<\/h4>\n<div id=\"elementor-tab-content-1941\" class=\"elementor-tab-content elementor-clearfix elementor-active\" role=\"tabpanel\" data-tab=\"1\" aria-labelledby=\"elementor-tab-title-1941\">\n<p>Elaboramos os portf\u00f3lios, j\u00e1 deixamos prontos, nas normas da ABNT e conforme os requisitos da universidade. F\u00e1cil assim! O MELHOR \u00c9 QUE VOC\u00ca COMPRA E J\u00c1 BAIXA NA HORA O SEU ARQUIVO EM WORD! Sabemos que conciliar trabalho, fam\u00edlia, vida profissional e estudos \u00e9 dif\u00edcil hoje em dia, por isso, estamos aqui para ajudar voc\u00ea. Conte com nossa qualidade, experi\u00eancia e profissionalismo adquirindo seu portf\u00f3lio conosco. GARANTIMOS SEU CONCEITO!<\/p>\n<h4>Como se realizam os envios?<\/h4>\n<\/div>\n<\/div>\n<div class=\"elementor-toggle-item\">\n<div id=\"elementor-tab-content-1942\" class=\"elementor-tab-content elementor-clearfix elementor-active\" role=\"tabpanel\" data-tab=\"2\" aria-labelledby=\"elementor-tab-title-1942\">O seu trabalho \u00e9 disponibilizado pronto, respondido e nas normas j\u00e1 na mesma hora aqui em nosso site na sua \u00e1rea de downloads e tamb\u00e9m no seu e-mail.<\/div>\n<div role=\"tabpanel\" data-tab=\"2\" aria-labelledby=\"elementor-tab-title-1942\"><\/div>\n<\/div>\n<div class=\"elementor-toggle-item\">\n<div id=\"elementor-tab-content-1943\" class=\"elementor-tab-content elementor-clearfix elementor-active\" role=\"tabpanel\" data-tab=\"3\" aria-labelledby=\"elementor-tab-title-1943\">\n<h4>Em quanto tempo recebo o portf\u00f3lio?<\/h4>\n<\/div>\n<\/div>\n<div class=\"elementor-toggle-item\">\n<div id=\"elementor-tab-content-1944\" class=\"elementor-tab-content elementor-clearfix elementor-active\" role=\"tabpanel\" data-tab=\"4\" aria-labelledby=\"elementor-tab-title-1944\">\n<p>Os envios s\u00e3o imediatos. Ap\u00f3s sua compra, o trabalho j\u00e1 \u00e9 disponibilizado instantaneamente aqui em nosso site e no seu e-mail.<\/p>\n<h4>E se o portf\u00f3lio que comprei precisar de corre\u00e7\u00e3o?<\/h4>\n<\/div>\n<\/div>\n<div class=\"elementor-toggle-item\">\n<div id=\"elementor-tab-content-1945\" class=\"elementor-tab-content elementor-clearfix elementor-active\" role=\"tabpanel\" data-tab=\"5\" aria-labelledby=\"elementor-tab-title-1945\">\n<p>Caso haja alguma solicita\u00e7\u00e3o de corre\u00e7\u00e3o\/altera\u00e7\u00e3o por parte do tutor, basta entrar em contato conosco pelo\u00a0<a href=\"https:\/\/api.whatsapp.com\/send\/?phone=5553984751621&amp;text&amp;app_absent=0\">WhatsApp<\/a>\u00a0que provid\u00eanciaremos sem custo algum.<\/p>\n<h4>Qual o formato do arquivo?<\/h4>\n<\/div>\n<\/div>\n<div class=\"elementor-toggle-item\">\n<div id=\"elementor-tab-content-1946\" class=\"elementor-tab-content elementor-clearfix elementor-active\" role=\"tabpanel\" data-tab=\"6\" aria-labelledby=\"elementor-tab-title-1946\">\n<p>Os arquivos s\u00e3o enviados em formato Word e s\u00e3o edit\u00e1veis.<\/p>\n<h4>Caso eu tiver alguma d\u00favida, terei suporte no p\u00f3s venda?<\/h4>\n<\/div>\n<\/div>\n<div class=\"elementor-toggle-item\">\n<div id=\"elementor-tab-content-1948\" class=\"elementor-tab-content elementor-clearfix elementor-active\" role=\"tabpanel\" data-tab=\"8\" aria-labelledby=\"elementor-tab-title-1948\">\n<p>Sim, com certeza. Basta clicar no \u00edcone do WhatsApp no cantinho da tela. Ser\u00e1 um prazer atend\u00ea-lo(a).<\/p>\n<div class=\"elementor-toggle-item\">\n<div id=\"elementor-tab-content-1948\" class=\"elementor-tab-content elementor-clearfix elementor-active\" role=\"tabpanel\" data-tab=\"8\" aria-labelledby=\"elementor-tab-title-1948\">\n<h4>Quais os seus canais de contato?<\/h4>\n<\/div>\n<\/div>\n<div class=\"elementor-toggle-item\">\n<div id=\"elementor-tab-content-1949\" class=\"elementor-tab-content elementor-clearfix elementor-active\" role=\"tabpanel\" data-tab=\"9\" aria-labelledby=\"elementor-tab-title-1949\">\n<p>Whatsapp: 53 984751621 \u2013 Clicar no canto da tela ou ESCANEIE O QRCODE ABAIXO<\/p>\n<p><img decoding=\"async\" class=\"alignnone wp-image-7603 jetpack-lazy-image jetpack-lazy-image--handled\" src=\"https:\/\/i0.wp.com\/portifolioos-prontos.com\/wp-content\/uploads\/2022\/09\/portfolio-unopar-pronto-colaborar-ava-producao-textual-interdisciplinar.png?resize=141%2C141\" sizes=\"(max-width: 141px) 100vw, 141px\" srcset=\"https:\/\/i0.wp.com\/portifolioos-prontos.com\/wp-content\/uploads\/2022\/09\/portfolio-unopar-pronto-colaborar-ava-producao-textual-interdisciplinar.png?w=150&amp;ssl=1 150w, https:\/\/i0.wp.com\/portifolioos-prontos.com\/wp-content\/uploads\/2022\/09\/portfolio-unopar-pronto-colaborar-ava-producao-textual-interdisciplinar.png?resize=100%2C100&amp;ssl=1 100w\" alt=\"Roteiro de Aula Pr\u00e1tica Qu\u00edmica e ci\u00eancia dos materiais Portf\u00f3lio,Projeto de extens\u00e3o,Projeto de extens\u00e3o unopar,projeto de extens\u00e3o anhanguera,portf\u00f3lio de projeto de extens\u00e3o,portf\u00f3lio individual de projeto de extens\u00e3o,portf\u00f3lio pronto projeto de extens\u00e3o,projeto de extens\u00e3o pronto,portf\u00f3lio de projeto de extens\u00e3o pronto,projeto de extens\u00e3o unopar pronto,projeto de extens\u00e3o anhanguera pronto,PROGRAMA DE INOVA\u00c7\u00c3O E EMPREENDEDORISMO,PROGRAMA DE EXTENS\u00c3O:PROGRAMA DE SUSTENTABILIDADE,PROGRAMA DE A\u00c7\u00c3O E DIFUS\u00c3O CULTURAL,PROGRAMA DE CONTEXTO \u00c0 COMUNIDADE\" width=\"131\" height=\"131\" data-lazy-loaded=\"1\" \/><\/p>\n<\/div>\n<\/div>\n<\/div>\n<\/div>\n<div class=\"elementor-toggle-item\">\n<div id=\"elementor-tab-content-1949\" class=\"elementor-tab-content elementor-clearfix elementor-active\" role=\"tabpanel\" data-tab=\"9\" aria-labelledby=\"elementor-tab-title-1949\">\n<p>E-mail:portifoliosp@gmail.com<\/p>\n<\/div>\n<\/div>\n","protected":false},"excerpt":{"rendered":"<div class=\"product-short-description\">\n<h5><span style=\"color: #ff0000;\">ESTE TRABALHO SERVE APENAS COMO MODELO\/GUIA \u2013 O ARQUIVO N\u00c3O DEVE SER SUBMETIDO COMO O PR\u00d3PRIO TRABALHO<\/span><\/h5>\n<h5><strong>Pague pelo PIX ou cart\u00e3o e fa\u00e7a o download agora mesmo.<\/strong><\/h5>\n<\/div>\n<div class=\"sticky-add-to-cart-wrapper\">\n<div class=\"sticky-add-to-cart\">\n<div class=\"quantity buttons_added form-flat\"><img decoding=\"async\" class=\"alignnone wp-image-761\" src=\"http:\/\/portifolioos-prontos.com\/wp-content\/uploads\/2022\/04\/PIX-300x107.webp\" alt=\"\" width=\"78\" height=\"28\" \/>\u00a0\u00a0<img decoding=\"async\" class=\"\" src=\"https:\/\/d26lpennugtm8s.cloudfront.net\/assets\/common\/img\/logos\/payment\/visa@2x.png\" width=\"46\" height=\"29\" \/><img loading=\"lazy\" decoding=\"async\" class=\"\" src=\"https:\/\/d26lpennugtm8s.cloudfront.net\/assets\/common\/img\/logos\/payment\/boleto@2x.png\" width=\"43\" height=\"27\" \/><img loading=\"lazy\" decoding=\"async\" class=\"\" src=\"https:\/\/d26lpennugtm8s.cloudfront.net\/assets\/common\/img\/logos\/payment\/mastercard@2x.png\" width=\"43\" height=\"27\" \/><img loading=\"lazy\" decoding=\"async\" class=\"\" src=\"https:\/\/d26lpennugtm8s.cloudfront.net\/assets\/common\/img\/logos\/payment\/amex@2x.png\" width=\"43\" height=\"27\" \/><img loading=\"lazy\" decoding=\"async\" class=\"\" src=\"https:\/\/d26lpennugtm8s.cloudfront.net\/assets\/common\/img\/logos\/payment\/diners@2x.png\" width=\"46\" height=\"29\" \/><img loading=\"lazy\" decoding=\"async\" class=\"\" src=\"https:\/\/d26lpennugtm8s.cloudfront.net\/assets\/common\/img\/logos\/payment\/br\/elo@2x.png\" width=\"45\" height=\"28\" \/><img loading=\"lazy\" decoding=\"async\" class=\"\" src=\"https:\/\/d26lpennugtm8s.cloudfront.net\/assets\/common\/img\/logos\/payment\/br\/hipercard@2x.png\" width=\"44\" height=\"28\" \/><img loading=\"lazy\" decoding=\"async\" class=\"\" src=\"https:\/\/d26lpennugtm8s.cloudfront.net\/assets\/common\/img\/logos\/payment\/mercadopago@2x.png\" width=\"45\" height=\"28\" \/><\/div>\n<\/div>\n<\/div>\n","protected":false},"featured_media":12224,"template":"","meta":{"_seopress_robots_primary_cat":"none","_seopress_titles_title":"%%post_title%% %%sitetitle%%","_seopress_titles_desc":"%%post_content%%","_seopress_robots_index":""},"product_cat":[33,15],"product_tag":[],"class_list":{"0":"post-12222","1":"product","2":"type-product","3":"status-publish","4":"has-post-thumbnail","6":"product_cat-cursos-de-engenharia","7":"product_cat-uncategorized","9":"first","10":"instock","11":"featured","12":"downloadable","13":"virtual","14":"purchasable","15":"product-type-simple","16":"col-xs-6 col-sm-4","17":"col-mf-5","18":"un-5-cols"},"jetpack_sharing_enabled":true,"_links":{"self":[{"href":"https:\/\/portifolioos-prontos.com\/index.php\/wp-json\/wp\/v2\/product\/12222","targetHints":{"allow":["GET"]}}],"collection":[{"href":"https:\/\/portifolioos-prontos.com\/index.php\/wp-json\/wp\/v2\/product"}],"about":[{"href":"https:\/\/portifolioos-prontos.com\/index.php\/wp-json\/wp\/v2\/types\/product"}],"version-history":[{"count":0,"href":"https:\/\/portifolioos-prontos.com\/index.php\/wp-json\/wp\/v2\/product\/12222\/revisions"}],"wp:featuredmedia":[{"embeddable":true,"href":"https:\/\/portifolioos-prontos.com\/index.php\/wp-json\/wp\/v2\/media\/12224"}],"wp:attachment":[{"href":"https:\/\/portifolioos-prontos.com\/index.php\/wp-json\/wp\/v2\/media?parent=12222"}],"wp:term":[{"taxonomy":"product_cat","embeddable":true,"href":"https:\/\/portifolioos-prontos.com\/index.php\/wp-json\/wp\/v2\/product_cat?post=12222"},{"taxonomy":"product_tag","embeddable":true,"href":"https:\/\/portifolioos-prontos.com\/index.php\/wp-json\/wp\/v2\/product_tag?post=12222"}],"curies":[{"name":"wp","href":"https:\/\/api.w.org\/{rel}","templated":true}]}}