{"id":12536,"date":"2022-11-16T14:18:47","date_gmt":"2022-11-16T17:18:47","guid":{"rendered":"https:\/\/portifolioos-prontos.com\/?post_type=product&#038;p=12536"},"modified":"2023-04-29T22:31:54","modified_gmt":"2023-04-30T01:31:54","slug":"atividade-pratica-instalacoes-eletricas-de-baixa-tensao","status":"publish","type":"product","link":"https:\/\/portifolioos-prontos.com\/index.php\/product\/atividade-pratica-instalacoes-eletricas-de-baixa-tensao\/","title":{"rendered":"Atividade pr\u00e1tica Instala\u00e7\u00f5es el\u00e9tricas de baixa tens\u00e3o"},"content":{"rendered":"<h4>Atividade pr\u00e1tica Instala\u00e7\u00f5es el\u00e9tricas de baixa tens\u00e3o<\/h4>\n<h4>Curso:\u00a0Designer de interiores<\/h4>\n<h4><a href=\"http:\/\/portifolioos-prontos.com\/wp-content\/uploads\/2022\/11\/portfolio.pdf\">CLIQUE AQUI PARA VISUALIZAR O PDF DA FACULDADE COM AS ORIENTA\u00c7\u00d5ES<\/a><\/h4>\n<hr \/>\n<p>OBJETIVOS<br \/>\nA proposta desta atividade pr\u00e1tica est\u00e1 amparada nos seguintes objetivos:<br \/>\n\u2013 Levantamento das pot\u00eancias (cargas) a serem instaladas em uma edifica\u00e7\u00e3o;<br \/>\n\u2013 Dimensionamento com base no potencial de cargas de uma edifica\u00e7\u00e3o;<br \/>\n\u2013 Desenvolvimento do projeto de diagrama el\u00e9trico de baixa tens\u00e3o de uma edifica\u00e7\u00e3o.<\/p>\n<p>RECURSOS<br \/>\n\u2013 Software Excel.<br \/>\n\u2013 Software AutoCad.<\/p>\n<p>PROCEDIMENTOS PR\u00c1TICOS<br \/>\nAtividade proposta<br \/>\nRealizar o levantamento de cargas, a divis\u00e3o de circuitos e o projeto el\u00e9trico em uma<br \/>\nedifica\u00e7\u00e3o.<br \/>\nProcedimentos para a realiza\u00e7\u00e3o da atividade<br \/>\n1) Voc\u00ea dever\u00e1 analisar o projeto da planta baixa apresentada na Figura 1, bem como as<br \/>\nespecifica\u00e7\u00f5es solicitadas pelo cliente.<\/p>\n<p>Figura 1 \u2013 Planta baixa<\/p>\n<p>Fonte: o autor<\/p>\n<p>Com base nos documentos fornecidos (especifica\u00e7\u00f5es do cliente e planta baixa), voc\u00ea deve<br \/>\nrealizar um projeto el\u00e9trico, e para isso algumas etapas devem ser seguidas:<br \/>\n\u2022 Desenvolver o projeto em .dwg.<\/p>\n<p>\u2022 Desenvolver os c\u00e1lculos sobre a previs\u00e3o de carga, de maneira organizada,<br \/>\nfornecendo um memorial de c\u00e1lculo em planilha Excel, similar ao apresentado a seguir:<\/p>\n<p>Dimens\u00e3o e ilumina\u00e7\u00e3o<\/p>\n<p>Ambiente \u00c1rea (m2) Per\u00edmetro Qtd Ilum Pot Ilum VA<br \/>\nEntrada<br \/>\nSala<br \/>\nBanheiro<br \/>\nCircula\u00e7\u00e3o<br \/>\nDormit\u00f3rio 1<br \/>\nDormit\u00f3rio 2<br \/>\nCozinha<br \/>\nLavanderia<br \/>\nTotal<\/p>\n<p>Tomadas de uso geral TUG<\/p>\n<p>Ambiente \u00c1rea Per\u00edmetro TUG min Pot min VA<br \/>\nEntrada<br \/>\nSala<br \/>\nBanheiro<br \/>\nCircula\u00e7\u00e3o<br \/>\nDormit\u00f3rio 1<br \/>\nDormit\u00f3rio 2<br \/>\nCozinha<br \/>\nLavanderia<br \/>\nTotal m\u00ednimo<br \/>\n\u2022 Considerar os pontos de uso espec\u00edfico, j\u00e1 fornecidos pelo cliente:<\/p>\n<p>Tomadas de uso espec\u00edfico TUE<\/p>\n<p>C\u00f4modo Equipamento Pot\u00eancia W TUE min<br \/>\nCozinha Forno El\u00e9trico 1250 1<br \/>\nCozinha Micro-ondas 900 1<br \/>\nCozinha Torneira El\u00e9trica 4800 1<br \/>\nBanheiro Chuveiro 5500 1<br \/>\nDormit\u00f3rio 1 Ar-Condicionado 1400 1<br \/>\nDormit\u00f3rio 2 Ar-Condicionado 1400 1<br \/>\n\u00c1rea Servi\u00e7o M\u00e1quina Lavar 3000 1<br \/>\nTotal m\u00ednimo 18250<\/p>\n<p>Para a soma das cargas dever\u00e1 ser considerado:<br \/>\n\u2013 A Ilumina\u00e7\u00e3o;<br \/>\n\u2013 Os elementos el\u00e9tricos espec\u00edficos; e<br \/>\n\u2013 Os elementos el\u00e9tricos gerais.<\/p>\n<p>Vale ressaltar que os itens desta atividade devem estar em conformidade com a NBR<br \/>\n5410 \u2013 Instala\u00e7\u00f5es el\u00e9tricas em baixa tens\u00e3o.<\/p>\n<p>2) Com base no levantamento das pot\u00eancias (cargas) da edifica\u00e7\u00e3o realizada no item 1,<br \/>\nagora ser\u00e1 necess\u00e1rio realizar a divis\u00e3o dos circuitos a serem empregados para esse<br \/>\nprojeto. Assim, deve-se realizar um quadro de cargas, similar ao exemplo a seguir<br \/>\n(incrementar mais linhas de acordo com a divis\u00e3o dos circuitos):<\/p>\n<p>Figura 2 \u2013 Exemplo quadro de cargas<\/p>\n<p>Fonte: o autor<\/p>\n<p>3) Na sequ\u00eancia, voc\u00ea dever\u00e1 desenvolver o projeto de diagrama el\u00e9trico de baixa tens\u00e3o<br \/>\nda edifica\u00e7\u00e3o. Neste diagrama deve conter:<br \/>\n\u2013 Pontos de instala\u00e7\u00f5es de tomadas e suas especifica\u00e7\u00f5es; Pontos de luz; Interruptores;<br \/>\nCaixas de passagens; Quadro de distribui\u00e7\u00e3o; Eletrodutos (embutidos no piso e na<br \/>\nalvenaria); Especifica\u00e7\u00e3o dos condutores (neutro, fase, retorno e terra); Tabela de<br \/>\nquantitativo e especifica\u00e7\u00f5es de materiais.<\/p>\n<p>Figura 3 \u2013 Exemplo de diagrama el\u00e9trico para o c\u00f4modo cozinha<\/p>\n<p>Fonte: o autor<\/p>\n<p>4) Ap\u00f3s finalizar o diagrama el\u00e9trico, voc\u00ea deve realizar o diagrama unifilar do quadro de<br \/>\ndistribui\u00e7\u00e3o, com a ilustra\u00e7\u00e3o dos disjuntores de acordo com divis\u00e3o de circuitos<br \/>\nrealizado anteriormente. Uma sugest\u00e3o de diagrama unifilar est\u00e1 ilustrado a seguir<br \/>\n(incrementar mais disjuntores de acordo com a divis\u00e3o dos circuitos):<br \/>\nFigura 4 \u2013 Exemplo de unifilar do quadro de distribui\u00e7\u00e3o<\/p>\n<p>Fonte: o autor<\/p>\n<p>Checklist<br \/>\nPrincipais etapas para a completude da atividade pr\u00e1tica:<br \/>\n\u2013 An\u00e1lise de planta baixa e elabora\u00e7\u00e3o de memorial de c\u00e1lculo;<br \/>\n\u2013 Desenvolvimento de projeto el\u00e9trico;<br \/>\n\u2013 Elabora\u00e7\u00e3o de lista de material.<\/p>\n<p>RESULTADO<br \/>\nO aluno dever\u00e1 entregar um relat\u00f3rio contendo um memorial de c\u00e1lculo do<br \/>\nprojeto,contendo os valores de carga instalada para cada c\u00f4modo da edifica\u00e7\u00e3o, bem<br \/>\ncomo o valor total da resid\u00eancia.<\/p>\n<p>ORIENTA\u00c7\u00d5ES ADICIONAIS<br \/>\nSoftware Autocad<br \/>\nA seguir, s\u00e3o descritas algumas orienta\u00e7\u00f5es para os softwares necess\u00e1rios nessa pr\u00e1tica.<br \/>\nSer\u00e3o necess\u00e1rios dois softwares para a realiza\u00e7\u00e3o da pr\u00e1tica: Microsoft Excel e Autocad. O<br \/>\nExcel \u00e9 uma ferramenta dispon\u00edvel pelo pacote Office, e o Autocad \u00e9 um software de desenho<br \/>\nauxiliado por computador desenvolvido pela fabricante Autodesk.<\/p>\n<p>Software Autocad:<br \/>\nO desenvolvedor Autodesk, disponibiliza o software na vers\u00e3o estudante, para isso,<br \/>\nalguns passos devem ser seguidos: acesse o site da Autodesk dispon\u00edvel em:<\/p>\n<p>&lt;<a href=\"https:\/\/www.autodesk.com.br\/education\/edu-\" rel=\"nofollow\">https:\/\/www.autodesk.com.br\/education\/edu-<\/a><br \/>\nsoftware\/overview?sorting=featured&amp;page=1&gt; e clique em \u201cEntrar\u201d.<\/p>\n<p>Caso voc\u00ea tenha um cadastro na Autodesk, entre com os dados cadastrados. Caso n\u00e3o<br \/>\npossua cadastro, clique em \u201ccrie uma nova conta\u201d.<\/p>\n<p>Para criar uma conta, preencha os dados solicitados:<\/p>\n<p>Atividade pr\u00e1tica Instala\u00e7\u00f5es el\u00e9tricas de baixa tens\u00e3o<\/p>\n<p>No pr\u00f3ximo passo, ser\u00e1 solicitado um e-mail para cadastro. Voc\u00ea pode optar pelo e-mail<br \/>\ninstitucional, ou um e-mail pessoal, conforme exemplo a seguir:<\/p>\n<p>Ap\u00f3s a inser\u00e7\u00e3o e preenchimento dos campos, uma verifica\u00e7\u00e3o ser\u00e1 enviada ao e-mail<br \/>\ncadastrado. Ent\u00e3o, acesse seu e-mail e confirme sua conta:<\/p>\n<p>O pr\u00f3ximo passo \u00e9 preencher os dados da institui\u00e7\u00e3o de ensino. Aqui \u00e9 um ponto importante:<br \/>\nao escrever o nome da institui\u00e7\u00e3o de ensino que voc\u00ea est\u00e1 matriculado, sugest\u00f5es ser\u00e3o<br \/>\nrealizadas pelo site. Caso a institui\u00e7\u00e3o esteja nas sugest\u00f5es, basta clicar sobre o nome.<br \/>\nCaso n\u00e3o esteja, n\u00e3o escolha qualquer outra, mas sim, opte por digitar o nome da institui\u00e7\u00e3o<br \/>\ncorretamente. Esse passo \u00e9 importante, pois caso a institui\u00e7\u00e3o n\u00e3o apare\u00e7a nas sugest\u00f5es,<br \/>\nposteriormente voc\u00ea precisar\u00e1 enviar um comprovante de v\u00ednculo institucional (declara\u00e7\u00e3o<br \/>\nda matr\u00edcula ou um print do portal do aluno que mostre seu nome e o da institui\u00e7\u00e3o, por<br \/>\nexemplo).<\/p>\n<p>No campo \u201cInscrito desde\u201d informe a data que ingressou na institui\u00e7\u00e3o, e no campo<br \/>\n\u201cGraduado em\u201d informe a data prevista para t\u00e9rmino do curso. Feito isso, sua conta ser\u00e1<br \/>\ndefinida:<\/p>\n<p>Agora, entre novamente no link &lt;<a href=\"https:\/\/www.autodesk.com.br\/education\/edu-\" rel=\"nofollow\">https:\/\/www.autodesk.com.br\/education\/edu-<\/a><br \/>\nsoftware\/overview?sorting=featured&amp;page=1&gt;, e fa\u00e7a o login. Voc\u00ea vai perceber um aviso<\/p>\n<p>que \u00e9 necess\u00e1rio confirmar a elegibilidade para o acesso educacional.<\/p>\n<p>Clique em \u201cIntrodu\u00e7\u00e3o\u201d e uma nova p\u00e1gina ser\u00e1 aberta:<\/p>\n<p>Caso a institui\u00e7\u00e3o de ensino cadastrada por voc\u00ea esteja no banco de dados da Autodesk,<br \/>\nvoc\u00ea ser\u00e1 direcionado a p\u00e1gina de login do portal do aluno da sua institui\u00e7\u00e3o. Ao fazer o<br \/>\nlogin, a valida\u00e7\u00e3o ocorre automaticamente. Caso a institui\u00e7\u00e3o n\u00e3o esteja cadastrada, voc\u00ea<br \/>\ndever\u00e1 enviar um documento em .pdf ou .jpg comprovando o v\u00ednculo institucional. Esse<br \/>\ndocumento pode ser uma declara\u00e7\u00e3o de matr\u00edcula, extra\u00eddo no portal do aluno, ou um print<br \/>\nque mostre seu nome e o nome da institui\u00e7\u00e3o. Esse processo de valida\u00e7\u00e3o pode demorar<br \/>\nat\u00e9 trinta minutos.<\/p>\n<p>Ap\u00f3s a valida\u00e7\u00e3o, encontre o software Autocad, realize o download e a instala\u00e7\u00e3o.<\/p>\n<p>Pronto! Agora, voc\u00ea pode iniciar as pr\u00e1ticas de Instala\u00e7\u00f5es El\u00e9tricas de Baixa Tens\u00e3o.<br \/>\nBons estudos!<\/p>\n<div class=\"elementor-toggle-item\">\n<h4 id=\"elementor-tab-title-1941\" class=\"elementor-tab-title elementor-active\" tabindex=\"0\" role=\"tab\" data-tab=\"1\" aria-controls=\"elementor-tab-content-1941\" aria-expanded=\"true\" aria-selected=\"true\">Como funciona?<\/h4>\n<div id=\"elementor-tab-content-1941\" class=\"elementor-tab-content elementor-clearfix elementor-active\" role=\"tabpanel\" data-tab=\"1\" aria-labelledby=\"elementor-tab-title-1941\">\n<p>Elaboramos os portf\u00f3lios, j\u00e1 deixamos prontos, nas normas da ABNT e conforme os requisitos da universidade. F\u00e1cil assim! O MELHOR \u00c9 QUE VOC\u00ca COMPRA E J\u00c1 BAIXA NA HORA O SEU ARQUIVO EM WORD! Sabemos que conciliar trabalho, fam\u00edlia, vida profissional e estudos \u00e9 dif\u00edcil hoje em dia, por isso, estamos aqui para ajudar voc\u00ea. Conte com nossa qualidade, experi\u00eancia e profissionalismo adquirindo seu portf\u00f3lio conosco. GARANTIMOS SEU CONCEITO!<\/p>\n<h4>Como se realizam os envios?<\/h4>\n<\/div>\n<\/div>\n<div class=\"elementor-toggle-item\">\n<div id=\"elementor-tab-content-1942\" class=\"elementor-tab-content elementor-clearfix elementor-active\" role=\"tabpanel\" data-tab=\"2\" aria-labelledby=\"elementor-tab-title-1942\">O seu trabalho \u00e9 disponibilizado pronto, respondido e nas normas j\u00e1 na mesma hora aqui em nosso site na sua \u00e1rea de downloads e tamb\u00e9m no seu e-mail.<\/div>\n<\/div>\n<div class=\"elementor-toggle-item\">\n<div id=\"elementor-tab-content-1943\" class=\"elementor-tab-content elementor-clearfix elementor-active\" role=\"tabpanel\" data-tab=\"3\" aria-labelledby=\"elementor-tab-title-1943\">\n<h4>Em quanto tempo recebo o portf\u00f3lio?<\/h4>\n<\/div>\n<\/div>\n<div class=\"elementor-toggle-item\">\n<div id=\"elementor-tab-content-1944\" class=\"elementor-tab-content elementor-clearfix elementor-active\" role=\"tabpanel\" data-tab=\"4\" aria-labelledby=\"elementor-tab-title-1944\">\n<p>Os envios s\u00e3o imediatos. Ap\u00f3s sua compra, o trabalho j\u00e1 \u00e9 disponibilizado instantaneamente aqui em nosso site e no seu e-mail.<\/p>\n<h4>E se o portf\u00f3lio que comprei precisar de corre\u00e7\u00e3o?<\/h4>\n<\/div>\n<\/div>\n<div class=\"elementor-toggle-item\">\n<div id=\"elementor-tab-content-1945\" class=\"elementor-tab-content elementor-clearfix elementor-active\" role=\"tabpanel\" data-tab=\"5\" aria-labelledby=\"elementor-tab-title-1945\">\n<p>Caso haja alguma solicita\u00e7\u00e3o de corre\u00e7\u00e3o\/altera\u00e7\u00e3o por parte do tutor, basta entrar em contato conosco pelo\u00a0WhatsApp\u00a0que provid\u00eanciaremos sem custo algum.<\/p>\n<h4>Qual o formato do arquivo?<\/h4>\n<\/div>\n<\/div>\n<div class=\"elementor-toggle-item\">\n<div id=\"elementor-tab-content-1946\" class=\"elementor-tab-content elementor-clearfix elementor-active\" role=\"tabpanel\" data-tab=\"6\" aria-labelledby=\"elementor-tab-title-1946\">\n<p>Os arquivos s\u00e3o enviados em formato Word e s\u00e3o edit\u00e1veis.<\/p>\n<h4>Caso eu tiver alguma d\u00favida, terei suporte no p\u00f3s venda?<\/h4>\n<\/div>\n<\/div>\n<div class=\"elementor-toggle-item\">\n<div id=\"elementor-tab-content-1948\" class=\"elementor-tab-content elementor-clearfix elementor-active\" role=\"tabpanel\" data-tab=\"8\" aria-labelledby=\"elementor-tab-title-1948\">\n<p>Sim, com certeza. Basta clicar no \u00edcone do WhatsApp no cantinho da tela. Ser\u00e1 um prazer atend\u00ea-lo(a).<\/p>\n<div class=\"elementor-toggle-item\">\n<div id=\"elementor-tab-content-1948\" class=\"elementor-tab-content elementor-clearfix elementor-active\" role=\"tabpanel\" data-tab=\"8\" aria-labelledby=\"elementor-tab-title-1948\">\n<h4>Quais os seus canais de contato?<\/h4>\n<\/div>\n<\/div>\n<div class=\"elementor-toggle-item\">\n<div id=\"elementor-tab-content-1949\" class=\"elementor-tab-content elementor-clearfix elementor-active\" role=\"tabpanel\" data-tab=\"9\" aria-labelledby=\"elementor-tab-title-1949\">\n<p>Whatsapp: 53 984751621 \u2013 Clicar no canto da tela ou ESCANEIE O QRCODE ABAIXO<\/p>\n<p><img decoding=\"async\" class=\"alignnone wp-image-7603 jetpack-lazy-image jetpack-lazy-image--handled\" src=\"https:\/\/i0.wp.com\/portifolioos-prontos.com\/wp-content\/uploads\/2022\/09\/portfolio-unopar-pronto-colaborar-ava-producao-textual-interdisciplinar.png?resize=141%2C141\" sizes=\"(max-width: 141px) 100vw, 141px\" srcset=\"https:\/\/i0.wp.com\/portifolioos-prontos.com\/wp-content\/uploads\/2022\/09\/portfolio-unopar-pronto-colaborar-ava-producao-textual-interdisciplinar.png?w=150&amp;ssl=1 150w, https:\/\/i0.wp.com\/portifolioos-prontos.com\/wp-content\/uploads\/2022\/09\/portfolio-unopar-pronto-colaborar-ava-producao-textual-interdisciplinar.png?resize=100%2C100&amp;ssl=1 100w\" alt=\"Atividade pr\u00e1tica Instala\u00e7\u00f5es el\u00e9tricas de baixa tens\u00e3o Portf\u00f3lio Pronto,Projeto de extens\u00e3o,Projeto de extens\u00e3o unopar,projeto de extens\u00e3o anhanguera,portf\u00f3lio de projeto de extens\u00e3o,portf\u00f3lio individual de projeto de extens\u00e3o,portf\u00f3lio pronto projeto de extens\u00e3o,projeto de extens\u00e3o pronto,portf\u00f3lio de projeto de extens\u00e3o pronto,projeto de extens\u00e3o unopar pronto,projeto de extens\u00e3o anhanguera pronto,PROGRAMA DE INOVA\u00c7\u00c3O E EMPREENDEDORISMO,PROGRAMA DE EXTENS\u00c3O:PROGRAMA DE SUSTENTABILIDADE,PROGRAMA DE A\u00c7\u00c3O E DIFUS\u00c3O CULTURAL,PROGRAMA DE CONTEXTO \u00c0 COMUNIDADE\" width=\"141\" height=\"141\" data-recalc-dims=\"1\" data-lazy-loaded=\"1\" \/><\/p>\n<\/div>\n<\/div>\n<\/div>\n<\/div>\n<div class=\"elementor-toggle-item\">\n<div id=\"elementor-tab-content-1949\" class=\"elementor-tab-content elementor-clearfix elementor-active\" role=\"tabpanel\" data-tab=\"9\" aria-labelledby=\"elementor-tab-title-1949\">\n<p>E-mail:portifoliosp@gmail.com<\/p>\n<div id=\"attachment_143\" class=\"wp-caption alignnone\">\n<div id=\"attachment_143\" class=\"wp-caption alignnone\" style=\"width: 136px;\">\n<p><a href=\"http:\/\/portifolioos-prontos.com\/\"><img decoding=\"async\" class=\"wp-image-143 jetpack-lazy-image jetpack-lazy-image--handled\" title=\"portfolio pronto unopar\" src=\"https:\/\/i0.wp.com\/portifolioos-prontos.com\/wp-content\/uploads\/2022\/04\/conceitomaximo.png?resize=150%2C43\" alt=\"PORTFOLIO PRONTO UNOPAR ANHANGUERA\" width=\"136\" height=\"39\" aria-describedby=\"caption-attachment-143\" data-recalc-dims=\"1\" data-lazy-loaded=\"1\" \/><\/a><\/p>\n<p id=\"caption-attachment-143\" class=\"wp-caption-text\">Portf\u00f3lio em Word, respondido, completo e j\u00e1 nas normas.<\/p>\n<\/div>\n<\/div>\n<\/div>\n<\/div>\n","protected":false},"excerpt":{"rendered":"<div class=\"product-short-description\">\n<h5><strong>Pague pelo PIX ou cart\u00e3o e fa\u00e7a o download agora mesmo.<\/strong><\/h5>\n<\/div>\n<div class=\"sticky-add-to-cart-wrapper\">\n<div class=\"sticky-add-to-cart\">\n<div class=\"quantity buttons_added form-flat\"><img decoding=\"async\" class=\"alignnone wp-image-761\" src=\"http:\/\/portifolioos-prontos.com\/wp-content\/uploads\/2022\/04\/PIX-300x107.webp\" alt=\"\" width=\"78\" height=\"28\" \/>\u00a0\u00a0<img loading=\"lazy\" decoding=\"async\" class=\"\" src=\"https:\/\/d26lpennugtm8s.cloudfront.net\/assets\/common\/img\/logos\/payment\/visa@2x.png\" width=\"46\" height=\"29\" \/><img loading=\"lazy\" decoding=\"async\" class=\"\" src=\"https:\/\/d26lpennugtm8s.cloudfront.net\/assets\/common\/img\/logos\/payment\/boleto@2x.png\" width=\"43\" height=\"27\" \/><img loading=\"lazy\" decoding=\"async\" class=\"\" src=\"https:\/\/d26lpennugtm8s.cloudfront.net\/assets\/common\/img\/logos\/payment\/mastercard@2x.png\" width=\"43\" height=\"27\" \/><img loading=\"lazy\" decoding=\"async\" class=\"\" src=\"https:\/\/d26lpennugtm8s.cloudfront.net\/assets\/common\/img\/logos\/payment\/amex@2x.png\" width=\"43\" height=\"27\" \/><img loading=\"lazy\" decoding=\"async\" class=\"\" src=\"https:\/\/d26lpennugtm8s.cloudfront.net\/assets\/common\/img\/logos\/payment\/diners@2x.png\" width=\"46\" height=\"29\" \/><img loading=\"lazy\" decoding=\"async\" class=\"\" src=\"https:\/\/d26lpennugtm8s.cloudfront.net\/assets\/common\/img\/logos\/payment\/br\/elo@2x.png\" width=\"45\" height=\"28\" \/><img loading=\"lazy\" decoding=\"async\" class=\"\" src=\"https:\/\/d26lpennugtm8s.cloudfront.net\/assets\/common\/img\/logos\/payment\/br\/hipercard@2x.png\" width=\"44\" height=\"28\" \/><img loading=\"lazy\" decoding=\"async\" class=\"\" src=\"https:\/\/d26lpennugtm8s.cloudfront.net\/assets\/common\/img\/logos\/payment\/mercadopago@2x.png\" width=\"45\" height=\"28\" \/><\/div>\n<\/div>\n<\/div>\n","protected":false},"featured_media":12538,"template":"","meta":{"_seopress_robots_primary_cat":"none","_seopress_titles_title":"%%post_title%% %%sitetitle%%","_seopress_titles_desc":"%%post_content%%","_seopress_robots_index":""},"product_cat":[15],"product_tag":[],"class_list":{"0":"post-12536","1":"product","2":"type-product","3":"status-publish","4":"has-post-thumbnail","6":"product_cat-uncategorized","8":"first","9":"instock","10":"featured","11":"downloadable","12":"virtual","13":"purchasable","14":"product-type-simple","15":"col-xs-6 col-sm-4","16":"col-mf-5","17":"un-5-cols"},"jetpack_sharing_enabled":true,"_links":{"self":[{"href":"https:\/\/portifolioos-prontos.com\/index.php\/wp-json\/wp\/v2\/product\/12536","targetHints":{"allow":["GET"]}}],"collection":[{"href":"https:\/\/portifolioos-prontos.com\/index.php\/wp-json\/wp\/v2\/product"}],"about":[{"href":"https:\/\/portifolioos-prontos.com\/index.php\/wp-json\/wp\/v2\/types\/product"}],"version-history":[{"count":0,"href":"https:\/\/portifolioos-prontos.com\/index.php\/wp-json\/wp\/v2\/product\/12536\/revisions"}],"wp:featuredmedia":[{"embeddable":true,"href":"https:\/\/portifolioos-prontos.com\/index.php\/wp-json\/wp\/v2\/media\/12538"}],"wp:attachment":[{"href":"https:\/\/portifolioos-prontos.com\/index.php\/wp-json\/wp\/v2\/media?parent=12536"}],"wp:term":[{"taxonomy":"product_cat","embeddable":true,"href":"https:\/\/portifolioos-prontos.com\/index.php\/wp-json\/wp\/v2\/product_cat?post=12536"},{"taxonomy":"product_tag","embeddable":true,"href":"https:\/\/portifolioos-prontos.com\/index.php\/wp-json\/wp\/v2\/product_tag?post=12536"}],"curies":[{"name":"wp","href":"https:\/\/api.w.org\/{rel}","templated":true}]}}