{"id":12685,"date":"2022-11-21T16:04:43","date_gmt":"2022-11-21T19:04:43","guid":{"rendered":"https:\/\/portifolioos-prontos.com\/?post_type=product&#038;p=12685"},"modified":"2023-04-29T22:31:34","modified_gmt":"2023-04-30T01:31:34","slug":"atividade-pratica-desenho-auxiliado-por-computador","status":"publish","type":"product","link":"https:\/\/portifolioos-prontos.com\/index.php\/product\/atividade-pratica-desenho-auxiliado-por-computador\/","title":{"rendered":"ATIVIDADE PR\u00c1TICA DESENHO AUXILIADO POR COMPUTADOR"},"content":{"rendered":"<h4>ATIVIDADE PR\u00c1TICA DESENHO AUXILIADO POR COMPUTADOR<\/h4>\n<h4><a href=\"http:\/\/portifolioos-prontos.com\/wp-content\/uploads\/2022\/11\/Desenho-Auxiliado-por-Computado.pdf\">CLIQUE AQUI PARA VISUALIZAR O PDF DA FACULDADE COM AS ORIENTA\u00c7\u00d5ES E O TEMA<\/a><\/h4>\n<p>OBJETIVOS<br \/>\nA proposta desta atividade pr\u00e1tica est\u00e1 amparada nos seguintes objetivos:<br \/>\n&#8211; Conhecer as principais ferramentas do AutoCAD para desenhos digitais;<br \/>\n&#8211; Desenvolver um projeto arquitet\u00f4nico de uma resid\u00eancia unifamiliar;<br \/>\n&#8211; Criar pranchas de apresenta\u00e7\u00e3o de um projeto arquitet\u00f4nico.<br \/>\nRECURSOS<br \/>\nComputador com AutoCAD, acesso \u00e0 internet e ao ambiente virtual.<br \/>\nPROCEDIMENTOS PR\u00c1TICOS<br \/>\nAtividade proposta<br \/>\nVoc\u00ea trabalha como estagi\u00e1rio em um escrit\u00f3rio de Arquitetura e Design de Interiores na<br \/>\ncidade de Bauru, no Estado de S\u00e3o Paulo, e ficou encarregado de passar para o<br \/>\nAutoCAD a planta baixa de uma resid\u00eancia unifamiliar para que os Designers e<br \/>\nArquitetos pudessem utilizar como base para de in\u00edcio do projeto de interiores.<br \/>\nForneceram a voc\u00ea um desenho impresso da planta baixa (ANEXO I) e dos cortes do<br \/>\nprojeto (ANEXO II).<br \/>\nPara concluir essa atividade, voc\u00ea dever\u00e1 realizar os seguintes procedimentos.<br \/>\nProcedimentos para a realiza\u00e7\u00e3o da atividade<br \/>\n1) Criar uma tabela com 15 ferramentas de cria\u00e7\u00e3o e 15 ferramentas de edi\u00e7\u00e3o do<br \/>\nAutoCAD para facilitar o seu trabalho. Nesta tabela voc\u00ea dever\u00e1 colocar o nome da<br \/>\nferramenta, sua fun\u00e7\u00e3o, descri\u00e7\u00e3o e o atalho do comando no teclado.<br \/>\n2) Realizar o desenho no AutoCAD da planta baixa fornecida no ANEXO I e dos cortes<br \/>\n(A e B) fornecidos no ANEXO II, com todas as suas caracter\u00edsticas: espessura de<br \/>\nlinha, anota\u00e7\u00f5es, cotas, linhas de chamada etc. Pesquise as normas de desenho da<br \/>\nABNT que dever\u00e3o ser utilizadas para esse desenho. Pesquisa as normas mais<br \/>\natuais para realizar esta etapa.<br \/>\n3) Defina uma escala adequada para que o desenho possa ser colocado em uma<br \/>\nprancha A4 ou A3. Demonstre no nome da pe\u00e7a gr\u00e1fica a escala que voc\u00ea est\u00e1<br \/>\nutilizando (ex: Esc. 1:50).<br \/>\n4) Crie uma prancha A3 ou A4 com margem e legenda\/carimbo de acordo com a<br \/>\nnorma, plotada em PDF. Pesquise as normas da ABNT mais atuais para realizar<br \/>\nessa etapa e observe as medidas de margem e carimbo recomendadas.<br \/>\n5) Ap\u00f3s isso, voc\u00ea dever\u00e1 postar o material, contendo:<br \/>\na) Tabela com as ferramentas da etapa 1 (at\u00e9 3 laudas A4 em PDF).<br \/>\nb) De 02 (tr\u00eas) a 03 (cinco) pranchas de desenho com margem e carimbo, em<br \/>\nformato A4 ou A3, plotadas em PDF, apresentando os materiais criados.<br \/>\nChecklist<br \/>\nPrincipais etapas para a completude da atividade pr\u00e1tica:<br \/>\n&#8211; Levantamento dos principais comandos do AutoCAD;<br \/>\n&#8211; Leitura e compreens\u00e3o de um projeto arquitet\u00f4nico;<br \/>\n&#8211; Desenvolvimento de um projeto arquitet\u00f4nico no AutoCAD.<br \/>\nRESULTADO<br \/>\nEntrega de um arquivo em PDF, arquivo \u00fanico, com a identifica\u00e7\u00e3o do aluno, que<br \/>\ncontemple todas as etapas da atividade pr\u00e1tica, conforme apresentado no checklist<\/p>\n<div class=\"elementor-toggle-item\">\n<h4 id=\"elementor-tab-title-1941\" class=\"elementor-tab-title elementor-active\" tabindex=\"0\" role=\"tab\" data-tab=\"1\" aria-controls=\"elementor-tab-content-1941\" aria-expanded=\"true\" aria-selected=\"true\">Como funciona?<\/h4>\n<div id=\"elementor-tab-content-1941\" class=\"elementor-tab-content elementor-clearfix elementor-active\" role=\"tabpanel\" data-tab=\"1\" aria-labelledby=\"elementor-tab-title-1941\">\n<p>Elaboramos os portf\u00f3lios, j\u00e1 deixamos prontos, nas normas da ABNT e conforme os requisitos da universidade. F\u00e1cil assim! O MELHOR \u00c9 QUE VOC\u00ca COMPRA E J\u00c1 BAIXA NA HORA O SEU ARQUIVO EM WORD! Sabemos que conciliar trabalho, fam\u00edlia, vida profissional e estudos \u00e9 dif\u00edcil hoje em dia, por isso, estamos aqui para ajudar voc\u00ea. Conte com nossa qualidade, experi\u00eancia e profissionalismo adquirindo seu portf\u00f3lio conosco. GARANTIMOS SEU CONCEITO!<\/p>\n<h4>Como se realizam os envios?<\/h4>\n<\/div>\n<\/div>\n<div class=\"elementor-toggle-item\">\n<div id=\"elementor-tab-content-1942\" class=\"elementor-tab-content elementor-clearfix elementor-active\" role=\"tabpanel\" data-tab=\"2\" aria-labelledby=\"elementor-tab-title-1942\">O seu trabalho \u00e9 disponibilizado pronto, respondido e nas normas j\u00e1 na mesma hora aqui em nosso site na sua \u00e1rea de downloads e tamb\u00e9m no seu e-mail.<\/div>\n<\/div>\n<div class=\"elementor-toggle-item\">\n<div id=\"elementor-tab-content-1943\" class=\"elementor-tab-content elementor-clearfix elementor-active\" role=\"tabpanel\" data-tab=\"3\" aria-labelledby=\"elementor-tab-title-1943\">\n<h4>Em quanto tempo recebo o portf\u00f3lio?<\/h4>\n<\/div>\n<\/div>\n<div class=\"elementor-toggle-item\">\n<div id=\"elementor-tab-content-1944\" class=\"elementor-tab-content elementor-clearfix elementor-active\" role=\"tabpanel\" data-tab=\"4\" aria-labelledby=\"elementor-tab-title-1944\">\n<p>Os envios s\u00e3o imediatos. Ap\u00f3s sua compra, o trabalho j\u00e1 \u00e9 disponibilizado instantaneamente aqui em nosso site e no seu e-mail.<\/p>\n<h4>E se o portf\u00f3lio que comprei precisar de corre\u00e7\u00e3o?<\/h4>\n<\/div>\n<\/div>\n<div class=\"elementor-toggle-item\">\n<div id=\"elementor-tab-content-1945\" class=\"elementor-tab-content elementor-clearfix elementor-active\" role=\"tabpanel\" data-tab=\"5\" aria-labelledby=\"elementor-tab-title-1945\">\n<p>Caso haja alguma solicita\u00e7\u00e3o de corre\u00e7\u00e3o\/altera\u00e7\u00e3o por parte do tutor, basta entrar em contato conosco pelo\u00a0WhatsApp\u00a0que provid\u00eanciaremos sem custo algum.<\/p>\n<h4>Qual o formato do arquivo?<\/h4>\n<\/div>\n<\/div>\n<div class=\"elementor-toggle-item\">\n<div id=\"elementor-tab-content-1946\" class=\"elementor-tab-content elementor-clearfix elementor-active\" role=\"tabpanel\" data-tab=\"6\" aria-labelledby=\"elementor-tab-title-1946\">\n<p>Os arquivos s\u00e3o enviados em formato Word e s\u00e3o edit\u00e1veis.<\/p>\n<h4>Caso eu tiver alguma d\u00favida, terei suporte no p\u00f3s venda?<\/h4>\n<\/div>\n<\/div>\n<div class=\"elementor-toggle-item\">\n<div id=\"elementor-tab-content-1948\" class=\"elementor-tab-content elementor-clearfix elementor-active\" role=\"tabpanel\" data-tab=\"8\" aria-labelledby=\"elementor-tab-title-1948\">\n<p>Sim, com certeza. Basta clicar no \u00edcone do WhatsApp no cantinho da tela. Ser\u00e1 um prazer atend\u00ea-lo(a).<\/p>\n<div class=\"elementor-toggle-item\">\n<div id=\"elementor-tab-content-1948\" class=\"elementor-tab-content elementor-clearfix elementor-active\" role=\"tabpanel\" data-tab=\"8\" aria-labelledby=\"elementor-tab-title-1948\">\n<h4>Quais os seus canais de contato?<\/h4>\n<\/div>\n<\/div>\n<div class=\"elementor-toggle-item\">\n<div id=\"elementor-tab-content-1949\" class=\"elementor-tab-content elementor-clearfix elementor-active\" role=\"tabpanel\" data-tab=\"9\" aria-labelledby=\"elementor-tab-title-1949\">\n<p>Whatsapp: 53 984751621 \u2013 Clicar no canto da tela ou ESCANEIE O QRCODE ABAIXO<\/p>\n<p><img decoding=\"async\" class=\"alignnone wp-image-7603 jetpack-lazy-image jetpack-lazy-image--handled\" src=\"https:\/\/i0.wp.com\/portifolioos-prontos.com\/wp-content\/uploads\/2022\/09\/portfolio-unopar-pronto-colaborar-ava-producao-textual-interdisciplinar.png?resize=141%2C141\" sizes=\"(max-width: 141px) 100vw, 141px\" srcset=\"https:\/\/i0.wp.com\/portifolioos-prontos.com\/wp-content\/uploads\/2022\/09\/portfolio-unopar-pronto-colaborar-ava-producao-textual-interdisciplinar.png?w=150&amp;ssl=1 150w, https:\/\/i0.wp.com\/portifolioos-prontos.com\/wp-content\/uploads\/2022\/09\/portfolio-unopar-pronto-colaborar-ava-producao-textual-interdisciplinar.png?resize=100%2C100&amp;ssl=1 100w\" alt=\"ATIVIDADE PR\u00c1TICA DESENHO AUXILIADO POR COMPUTADOR,Projeto de extens\u00e3o,Projeto de extens\u00e3o unopar,projeto de extens\u00e3o anhanguera,portf\u00f3lio de projeto de extens\u00e3o,portf\u00f3lio individual de projeto de extens\u00e3o,portf\u00f3lio pronto projeto de extens\u00e3o,projeto de extens\u00e3o pronto,portf\u00f3lio de projeto de extens\u00e3o pronto,projeto de extens\u00e3o unopar pronto,projeto de extens\u00e3o anhanguera pronto,PROGRAMA DE INOVA\u00c7\u00c3O E EMPREENDEDORISMO,PROGRAMA DE EXTENS\u00c3O:PROGRAMA DE SUSTENTABILIDADE,PROGRAMA DE A\u00c7\u00c3O E DIFUS\u00c3O CULTURAL,PROGRAMA DE CONTEXTO \u00c0 COMUNIDADE\" width=\"135\" height=\"135\" data-recalc-dims=\"1\" data-lazy-loaded=\"1\" \/><\/p>\n<\/div>\n<\/div>\n<\/div>\n<\/div>\n<div class=\"elementor-toggle-item\">\n<div id=\"elementor-tab-content-1949\" class=\"elementor-tab-content elementor-clearfix elementor-active\" role=\"tabpanel\" data-tab=\"9\" aria-labelledby=\"elementor-tab-title-1949\">\n<p>E-mail:portifoliosp@gmail.com<\/p>\n<div id=\"attachment_143\" class=\"wp-caption alignnone\">\n<div id=\"attachment_143\" class=\"wp-caption alignnone\" style=\"width: 150px;\">\n<p><a href=\"http:\/\/portifolioos-prontos.com\/\"><img decoding=\"async\" class=\"wp-image-143 jetpack-lazy-image jetpack-lazy-image--handled\" title=\"portfolio pronto unopar\" src=\"https:\/\/i0.wp.com\/portifolioos-prontos.com\/wp-content\/uploads\/2022\/04\/conceitomaximo.png?resize=164%2C47\" alt=\"PORTFOLIO PRONTO UNOPAR ANHANGUERA\" width=\"150\" height=\"43\" aria-describedby=\"caption-attachment-143\" data-recalc-dims=\"1\" data-lazy-loaded=\"1\" \/><\/a><\/p>\n<p id=\"caption-attachment-143\" class=\"wp-caption-text\">Portf\u00f3lio em Word, respondido, completo e j\u00e1 nas normas.<\/p>\n<\/div>\n<\/div>\n<\/div>\n<\/div>\n","protected":false},"excerpt":{"rendered":"<div class=\"product-short-description\">\n<h5><strong>Pague pelo PIX ou cart\u00e3o e fa\u00e7a o download agora mesmo.<\/strong><\/h5>\n<\/div>\n<div class=\"sticky-add-to-cart-wrapper\">\n<div class=\"sticky-add-to-cart\">\n<div class=\"quantity buttons_added form-flat\"><img decoding=\"async\" class=\"alignnone wp-image-761\" src=\"http:\/\/portifolioos-prontos.com\/wp-content\/uploads\/2022\/04\/PIX-300x107.webp\" alt=\"\" width=\"78\" height=\"28\" \/>\u00a0\u00a0<img loading=\"lazy\" decoding=\"async\" class=\"\" src=\"https:\/\/d26lpennugtm8s.cloudfront.net\/assets\/common\/img\/logos\/payment\/visa@2x.png\" width=\"46\" height=\"29\" \/><img loading=\"lazy\" decoding=\"async\" class=\"\" src=\"https:\/\/d26lpennugtm8s.cloudfront.net\/assets\/common\/img\/logos\/payment\/boleto@2x.png\" width=\"43\" height=\"27\" \/><img loading=\"lazy\" decoding=\"async\" class=\"\" src=\"https:\/\/d26lpennugtm8s.cloudfront.net\/assets\/common\/img\/logos\/payment\/mastercard@2x.png\" width=\"43\" height=\"27\" \/><img loading=\"lazy\" decoding=\"async\" class=\"\" src=\"https:\/\/d26lpennugtm8s.cloudfront.net\/assets\/common\/img\/logos\/payment\/amex@2x.png\" width=\"43\" height=\"27\" \/><img loading=\"lazy\" decoding=\"async\" class=\"\" src=\"https:\/\/d26lpennugtm8s.cloudfront.net\/assets\/common\/img\/logos\/payment\/diners@2x.png\" width=\"46\" height=\"29\" \/><img loading=\"lazy\" decoding=\"async\" class=\"\" src=\"https:\/\/d26lpennugtm8s.cloudfront.net\/assets\/common\/img\/logos\/payment\/br\/elo@2x.png\" width=\"45\" height=\"28\" \/><img loading=\"lazy\" decoding=\"async\" class=\"\" src=\"https:\/\/d26lpennugtm8s.cloudfront.net\/assets\/common\/img\/logos\/payment\/br\/hipercard@2x.png\" width=\"44\" height=\"28\" \/><img loading=\"lazy\" decoding=\"async\" class=\"\" src=\"https:\/\/d26lpennugtm8s.cloudfront.net\/assets\/common\/img\/logos\/payment\/mercadopago@2x.png\" width=\"45\" height=\"28\" \/><\/div>\n<\/div>\n<\/div>\n","protected":false},"featured_media":12688,"template":"","meta":{"_seopress_robots_primary_cat":"none","_seopress_titles_title":"%%post_title%% %%sitetitle%%","_seopress_titles_desc":"%%post_content%%","_seopress_robots_index":""},"product_cat":[15],"product_tag":[],"class_list":{"0":"post-12685","1":"product","2":"type-product","3":"status-publish","4":"has-post-thumbnail","6":"product_cat-uncategorized","8":"first","9":"instock","10":"featured","11":"downloadable","12":"virtual","13":"purchasable","14":"product-type-simple","15":"col-xs-6 col-sm-4","16":"col-mf-5","17":"un-5-cols"},"jetpack_sharing_enabled":true,"_links":{"self":[{"href":"https:\/\/portifolioos-prontos.com\/index.php\/wp-json\/wp\/v2\/product\/12685","targetHints":{"allow":["GET"]}}],"collection":[{"href":"https:\/\/portifolioos-prontos.com\/index.php\/wp-json\/wp\/v2\/product"}],"about":[{"href":"https:\/\/portifolioos-prontos.com\/index.php\/wp-json\/wp\/v2\/types\/product"}],"version-history":[{"count":0,"href":"https:\/\/portifolioos-prontos.com\/index.php\/wp-json\/wp\/v2\/product\/12685\/revisions"}],"wp:featuredmedia":[{"embeddable":true,"href":"https:\/\/portifolioos-prontos.com\/index.php\/wp-json\/wp\/v2\/media\/12688"}],"wp:attachment":[{"href":"https:\/\/portifolioos-prontos.com\/index.php\/wp-json\/wp\/v2\/media?parent=12685"}],"wp:term":[{"taxonomy":"product_cat","embeddable":true,"href":"https:\/\/portifolioos-prontos.com\/index.php\/wp-json\/wp\/v2\/product_cat?post=12685"},{"taxonomy":"product_tag","embeddable":true,"href":"https:\/\/portifolioos-prontos.com\/index.php\/wp-json\/wp\/v2\/product_tag?post=12685"}],"curies":[{"name":"wp","href":"https:\/\/api.w.org\/{rel}","templated":true}]}}