{"id":13027,"date":"2023-01-26T10:02:33","date_gmt":"2023-01-26T13:02:33","guid":{"rendered":"https:\/\/portifolioos-prontos.com\/?post_type=product&#038;p=13027"},"modified":"2025-08-30T14:46:55","modified_gmt":"2025-08-30T17:46:55","slug":"projeto-de-extensao-i-ciencias-contabeis","status":"publish","type":"product","link":"https:\/\/portifolioos-prontos.com\/index.php\/product\/projeto-de-extensao-i-ciencias-contabeis\/","title":{"rendered":"Projeto de Extens\u00e3o I \u2013 Ci\u00eancias Cont\u00e1beis"},"content":{"rendered":"<h3><strong>Projeto de Extens\u00e3o I \u2013 Ci\u00eancias Cont\u00e1beis<\/strong><br \/>\n<strong>CURSO:<\/strong><br \/>\nCI\u00caNCIAS CONT\u00c1BEIS &#8211; BACHARELADO<br \/>\n<strong>COMPONENTE CURRICULAR:<\/strong><br \/>\nPROJETO DE EXTENS\u00c3O I &#8211; CI\u00caNCIAS CONT\u00c1BEIS<br \/>\n<strong>PROGRAMA DE EXTENS\u00c3O:<\/strong><br \/>\nPROGRAMA DE CONTEXTO \u00c0 COMUNIDADE.<\/h3>\n<p><strong>FINALIDADE E MOTIVA\u00c7\u00c3O:<\/strong><br \/>\nOs potenciais benef\u00edcios da realiza\u00e7\u00e3o de atividades extensionistas no curso de Ci\u00eancias Cont\u00e1beis vinculadas pelo Programa de Contexto \u00e0 Comunidade s\u00e3o estreitar o relacionamento do saber universit\u00e1rio com a comunidade, por meio das contribui\u00e7\u00f5es na resolu\u00e7\u00e3o de problemas sociais presentes no contexto e, por outro lado, possibilitar o desenvolvimento de compet\u00eancias profissionais e de cidadania e soft skills espec\u00edficas no corpo discente do curso. As a\u00e7\u00f5es poder\u00e3o ser realizadas em diversos locais, dependendo do problema identificado, sendo algumas possibilidades: Associa\u00e7\u00e3o de Bairro, Prefeitura, ONG, Igreja, Escola, Micro e Pequena Empresa.<\/p>\n<p><strong>COMPET\u00caNCIAS:<\/strong><br \/>\nI &#8211; Identificar e analisar processos cont\u00e1beis com vis\u00e3o sist\u00eamica e interdisciplinar;<br \/>\nII &#8211; Interpretar e aplicar as <a href=\"http:\/\/portfolio-pronto.com\">normatiza\u00e7\u00f5es<\/a>, os pronunciamentos e as legisla\u00e7\u00f5es inerentes \u00e0 contabilidade, gerando informa\u00e7\u00f5es para o processo decis\u00f3rio;<br \/>\nIII &#8211; Elaborar pareceres e relat\u00f3rios, valendo-se da quantifica\u00e7\u00e3o de informa\u00e7\u00f5es.<\/p>\n<p><strong>PERFIL DO EGRESSO:<\/strong><br \/>\nA IES busca que o egresso do curso de Ci\u00eancias Cont\u00e1beis seja um profissional que tenha como pressupostos essenciais um perfil generalista, cr\u00edtico, propositivo, din\u00e2mico, human\u00edstico e reflexivo, capaz de atuar como profissional \u00e9tico, produzindo informa\u00e7\u00f5es cont\u00e1beis que subsidiem os usu\u00e1rios para a tomada de decis\u00f5es, pronto para exercer as fun\u00e7\u00f5es cont\u00e1beis com conhecimento e profici\u00eancia t\u00e9cnica e cient\u00edfica, sendo que pelas atividades extensionistas vinculadas ao Programa de Extens\u00e3o Contexto \u00e0 Comunidade, esse egresso poder\u00e1 desenvolver habilidades e capacidade para conduzir atividades referentes \u00e0 compreens\u00e3o da realidade social, cultural e econ\u00f4mica do meio em que est\u00e1 inserido, direcionando suas a\u00e7\u00f5es para a transforma\u00e7\u00e3o da realidade e para o desenvolvimento social e da qualidade de vida.<\/p>\n<p><strong>SOFT SKILLS (COMPET\u00caNCIAS SOCIOEMOCIONAIS):<\/strong><br \/>\nAn\u00e1lise e resolu\u00e7\u00e3o de problemas<br \/>\nFlexibilidade e adapta\u00e7\u00e3o<br \/>\nAprendizado Ativo<\/p>\n<p><strong>OBJETIVOS DE APRENDIZAGEM:<\/strong><br \/>\nA extens\u00e3o universit\u00e1ria do curso de Ci\u00eancias Cont\u00e1beis, por meio do Programa de Contexto \u00e0 Comunidade, tem como principal objetivo a gera\u00e7\u00e3o do novo saber origin\u00e1rio da aplica\u00e7\u00e3o do conhecimento adquirido no curso durante a busca da contribui\u00e7\u00e3o \u00e0 resolu\u00e7\u00e3o de problemas contextuais \u00e0 sociedade, e, ainda, ao desenvolvimento social e da melhoria da qualidade de vida, dessa forma, oportunizando que o corpo discente realize a\u00e7\u00f5es a partir de sua aprendizagem multidisciplinar adquirida no curso.<\/p>\n<p><strong>CONTE\u00daDOS:<\/strong><br \/>\nI &#8211; Teoria da contabilidade;<br \/>\nII &#8211; Contabilidade e custos;<br \/>\nIII &#8211; Legisla\u00e7\u00e3o tribut\u00e1ria;<br \/>\nIV &#8211; Sociedade e direitos humanos.<\/p>\n<p><strong>INDICA\u00c7\u00d5ES BIBLIOGR\u00c1FICAS:<\/strong><br \/>\nALVES, Robinson. Teoria da contabilidade. Londrina: Editora e Distribuidora Educacional S.A., 2017.<br \/>\nCIZOTO, Sonelise Auxiliadora. Homem, cultura e sociedade. Londrina: Editora e Distribuidora Educacional S.A., 2016.<br \/>\nF\u00c9LIX, Gl\u00e1ucia Vieira. Legisla\u00e7\u00e3o tribut\u00e1ria. Londrina: Editora e Distribuidora Educacional S.A., 2018.<br \/>\nMASCARO, Laura Degaspare Monte. Direitos humanos e cidadania. Londrina: Editora e Distribuidora Educacional S.A., 2017.<br \/>\nPOLIZEL, Gisele Zanardi; VILLAVA; Wagner Luiz; SANTOS, Willian Ferreira dos. Contabilidade. Londrina: Editora e Distribuidora Educacional S.A., 2016.<br \/>\nPROEN\u00c7A, F\u00e1bio Rog\u00e9rio et al. Gest\u00e3o de custo. Londrina: Editora e Distribuidora Educacional S.A., 2014.<\/p>\n<p><strong>RELAT\u00d3RIO FINAL:<\/strong><br \/>\nAluno e Aluna, ap\u00f3s realizar suas atividades de extens\u00e3o, \u00e9 necess\u00e1rio que voc\u00ea o formalize, enviando esse Relat\u00f3rio Final para ser avaliado junto ao seu Ambiente Virtual (AVA) e tamb\u00e9m para voc\u00ea poder comprovar sua atua\u00e7\u00e3o.<\/p>\n<p>Para o preenchimento, busque as anota\u00e7\u00f5es junto ao TEMPLATE PCDA para auxiliar na apresenta\u00e7\u00e3o das atividades desenvolvidas.<\/p>\n<p>Todos os campos s\u00e3o de preenchimento obrigat\u00f3rio!<\/p>\n<p><strong>DESCRI\u00c7\u00c3O DA A\u00c7\u00c3O COM RESULTADOS ALCAN\u00c7ADOS<\/strong><br \/>\n<strong>Metas dos Objetivos de Desenvolvimento Sustent\u00e1vel (ODS) aderentes a este projeto:<\/strong><\/p>\n<p><strong>CAMPO OBRIGAT\u00d3RIO<\/strong> \u2013 busque no seu Template PDCA quais Metas voc\u00ea selecionou como aderentes ao seu projeto, conforme cada Objetivo de Desenvolvimento Sustent\u00e1vel (ODS) da Organiza\u00e7\u00e3o das Na\u00e7\u00f5es Unidas (ONU) que voc\u00ea explorou no seu planejamento.<\/p>\n<p><strong>Liste as Metas selecionadas (pelo menos uma op\u00e7\u00e3o):<\/strong><\/p>\n<p><strong>Local de realiza\u00e7\u00e3o da atividade extensionista:<\/strong><\/p>\n<p><strong>Durante a a\u00e7\u00e3o:<\/strong><br \/>\nCaso necess\u00e1rio, houve mudan\u00e7a de estrat\u00e9gia para alcan\u00e7ar o resultado:<\/p>\n<p><strong>Resultado da a\u00e7\u00e3o:<\/strong><\/p>\n<p><strong>Conclus\u00e3o:<\/strong><\/p>\n<p><strong>Depoimentos (se houver):<\/strong><\/p>\n<p><strong>RELATE SUA PERCEP\u00c7\u00c3O DAS A\u00c7\u00d5ES EXTENSIONISTAS REALIZADAS NO PROGRAMA DESENVOLVIDO:<\/strong><\/p>\n<p><strong>CAMPO OBRIGAT\u00d3RIO<\/strong> \u2013 relate em no m\u00ednimo 15 (quinze) linhas sua experi\u00eancia com as a\u00e7\u00f5es extensionistas. O texto deve ser de sua autoria e in\u00e9dito, evite pl\u00e1gio.<\/p>\n<p><strong>Quest\u00f5es norteadoras:<\/strong><br \/>\n(1) Voc\u00ea notou que suas habilidades profissionais foram aprimoradas, com a atua\u00e7\u00e3o nas a\u00e7\u00f5es extensionistas?<br \/>\n(2) Voc\u00ea identificou melhoria\/resolu\u00e7\u00e3o do problema identificado?<br \/>\n(3) Voc\u00ea conseguiu articular os conhecimentos adquiridos no curso com as a\u00e7\u00f5es extensionistas?<\/p>\n<p>Ao escrever seu texto evite deix\u00e1-lo em forma de respostas \u00e0s quest\u00f5es norteadoras, relate sua experi\u00eancia em forma de texto dissertativo com justificativas.<\/p>\n<p><strong>DEPOIMENTO DA INSTITUI\u00c7\u00c3O PARTICIPANTE<\/strong><br \/>\n<strong>CAMPO OBRIGAT\u00d3RIO<\/strong> &#8211; insira depoimento(s) do(s) gestor(es) da institui\u00e7\u00e3o\/\u00f3rg\u00e3o\/associa\u00e7\u00e3o participante que contribuam como um feedback da a\u00e7\u00e3o realizada por voc\u00ea.<\/p>\n<p><strong>REFER\u00caNCIAS BIBLIOGR\u00c1FICAS<\/strong><br \/>\n<strong>CAMPO OBRIGAT\u00d3RIO<\/strong> \u2013 Siga a normas ABNT, para isso consulte sua Biblioteca Virtual;<br \/>\nUtilize como refer\u00eancias bibliogr\u00e1ficas as indica\u00e7\u00f5es do Campo: Indica\u00e7\u00f5es Bibliogr\u00e1ficas e as demais refer\u00eancias utilizadas no desenvolvimento do seu projeto.<\/p>\n<p><strong>AUTOAVALIA\u00c7\u00c3O DA ATIVIDADE:<\/strong><br \/>\nRealize a sua avalia\u00e7\u00e3o em rela\u00e7\u00e3o \u00e0 atividade desenvolvida considerando uma escala de 0 a 10 para cada pergunta, assinalando com um X:<\/p>\n<ol>\n<li>A atividade permitiu o desenvolvimento do projeto de extens\u00e3o articulando as compet\u00eancias e conte\u00fados propostos junto ao Curso?<br \/>\n0 1 2 3 4 5 6 7 8 9 10<br \/>\n() () () () () () () () () () ()<\/li>\n<li>A atividade possui carga hor\u00e1ria suficiente para a sua realiza\u00e7\u00e3o?<br \/>\n0 1 2 3 4 5 6 7 8 9 10<br \/>\n() () () () () () () () () () ()<\/li>\n<li>A atividade \u00e9 relevante para a sua forma\u00e7\u00e3o e articula\u00e7\u00e3o de compet\u00eancias e conte\u00fados?<br \/>\n0 1 2 3 4 5 6 7 8 9 10<br \/>\n() () () () () () () () () () ()<\/li>\n<li>A atividade contribui para o cumprimento dos objetivos definidos pela Institui\u00e7\u00e3o de Ensino (IES) e Curso, observando o Plano de Desenvolvimento Institucional e Projeto Pedag\u00f3gico de Curso vigentes?<br \/>\n0 1 2 3 4 5 6 7 8 9 10<br \/>\n() () () () () () () () () () ()<\/li>\n<li>A atividade contribui para a melhoria da sociedade por meio dos resultados demonstrados no relat\u00f3rio ou pelos relatos apresentados pelos envolvidos?<br \/>\n0 1 2 3 4 5 6 7 8 9 10<br \/>\n() () () () () () () () () () ()<\/li>\n<li>A atividade permite o desenvolvimento de a\u00e7\u00f5es junto \u00e0 Inicia\u00e7\u00e3o Cient\u00edfica e ao Ensino?<br \/>\n0 1 2 3 4 5 6 7 8 9 10<br \/>\n() () () () () () () () () () ()<\/li>\n<li>Caso queira contribuir com maior detalhamento, traga seu depoimento\/sugest\u00e3o.<\/li>\n<\/ol>\n<div class=\"elementor-toggle-item\">\n<div class=\"elementor-toggle-item\">\n<p id=\"elementor-tab-title-1941\" class=\"elementor-tab-title elementor-active\" tabindex=\"0\" role=\"tab\" data-tab=\"1\" aria-controls=\"elementor-tab-content-1941\" aria-expanded=\"true\" aria-selected=\"true\"><strong>Como funciona?<\/strong><\/p>\n<p>Elaboramos os portf\u00f3lios, j\u00e1 deixamos prontos, nas normas da ABNT e conforme os requisitos da universidade. F\u00e1cil assim! O MELHOR \u00c9 QUE VOC\u00ca COMPRA E J\u00c1 BAIXA NA HORA O SEU ARQUIVO EM WORD! Sabemos que conciliar trabalho, fam\u00edlia, vida profissional e estudos \u00e9 dif\u00edcil hoje em dia, por isso, estamos aqui para ajudar voc\u00ea. Conte com nossa qualidade, experi\u00eancia e profissionalismo adquirindo seu portf\u00f3lio conosco. GARANTIMOS SEU CONCEITO!<\/p>\n<p><strong>Como se realizam os envios?<\/strong><\/p>\n<\/div>\n<p id=\"elementor-tab-content-1942\" class=\"elementor-tab-content elementor-clearfix elementor-active\" role=\"tabpanel\" data-tab=\"2\" aria-labelledby=\"elementor-tab-title-1942\">O seu trabalho \u00e9 disponibilizado pronto, respondido e nas normas j\u00e1 na mesma hora aqui em nosso site na sua \u00e1rea de downloads e tamb\u00e9m no seu e-mail.<\/p>\n<p><strong>Em quanto tempo recebo o portf\u00f3lio?<\/strong><\/p>\n<p>Os envios s\u00e3o imediatos. Ap\u00f3s sua compra, o trabalho j\u00e1 \u00e9 disponibilizado instantaneamente aqui em nosso site e no seu e-mail.<\/p>\n<p><strong>E se o portf\u00f3lio que comprei precisar de corre\u00e7\u00e3o?<\/strong><\/p>\n<p>Caso haja alguma solicita\u00e7\u00e3o de corre\u00e7\u00e3o\/altera\u00e7\u00e3o por parte do tutor, basta entrar em contato conosco pelo\u00a0WhatsApp\u00a0que provid\u00eanciaremos sem custo algum.<\/p>\n<p><strong>Qual o formato do arquivo?<\/strong><\/p>\n<p>Os arquivos s\u00e3o enviados em formato Word e s\u00e3o edit\u00e1veis.<\/p>\n<p><strong>Caso eu tiver alguma d\u00favida, terei suporte no p\u00f3s venda?<\/strong><\/p>\n<p>Sim, com certeza. Basta clicar no \u00edcone do WhatsApp no cantinho da tela. Ser\u00e1 um prazer atend\u00ea-lo(a).<\/p>\n<div id=\"elementor-tab-content-1948\" class=\"elementor-tab-content elementor-clearfix elementor-active\" role=\"tabpanel\" data-tab=\"8\" aria-labelledby=\"elementor-tab-title-1948\">\n<p><strong>Quais os seus canais de contato?<\/strong><\/p>\n<\/div>\n<div id=\"elementor-tab-content-1949\" class=\"elementor-tab-content elementor-clearfix elementor-active\" role=\"tabpanel\" data-tab=\"9\" aria-labelledby=\"elementor-tab-title-1949\">\n<p>Whatsapp: 53 984751621 \u2013 Clicar no canto da tela ou ESCANEIE O QRCODE ABAIXO<\/p>\n<h4><img decoding=\"async\" class=\"alignnone wp-image-13699 jetpack-lazy-image jetpack-lazy-image--handled\" src=\"https:\/\/i0.wp.com\/portifolioos-prontos.com\/wp-content\/uploads\/2023\/02\/whatsapp-business-projeto-de-extensao-300x300.jpeg?resize=144%2C144\" sizes=\"(max-width: 144px) 100vw, 144px\" srcset=\"https:\/\/i0.wp.com\/portifolioos-prontos.com\/wp-content\/uploads\/2023\/02\/whatsapp-business-projeto-de-extensao.jpeg?resize=300%2C301&amp;ssl=1 300w, https:\/\/i0.wp.com\/portifolioos-prontos.com\/wp-content\/uploads\/2023\/02\/whatsapp-business-projeto-de-extensao.jpeg?resize=150%2C150&amp;ssl=1 150w, https:\/\/i0.wp.com\/portifolioos-prontos.com\/wp-content\/uploads\/2023\/02\/whatsapp-business-projeto-de-extensao.jpeg?resize=370%2C372&amp;ssl=1 370w, https:\/\/i0.wp.com\/portifolioos-prontos.com\/wp-content\/uploads\/2023\/02\/whatsapp-business-projeto-de-extensao.jpeg?resize=100%2C100&amp;ssl=1 100w, https:\/\/i0.wp.com\/portifolioos-prontos.com\/wp-content\/uploads\/2023\/02\/whatsapp-business-projeto-de-extensao.jpeg?w=470&amp;ssl=1 470w\" alt=\"projeto de extens\u00e3o unopar\" width=\"144\" height=\"144\" data-lazy-loaded=\"1\" \/><\/h4>\n<\/div>\n<div class=\"elementor-toggle-item\">\n<div id=\"elementor-tab-content-1949\" class=\"elementor-tab-content elementor-clearfix elementor-active\" role=\"tabpanel\" data-tab=\"9\" aria-labelledby=\"elementor-tab-title-1949\">\n<p>E-mail:portifoliosp@gmail.com<\/p>\n<div id=\"attachment_143\" class=\"wp-caption alignnone\">\n<div id=\"attachment_143\" class=\"wp-caption alignnone\">\n<p id=\"caption-attachment-143\" class=\"wp-caption-text\"><a href=\"http:\/\/portfolio-pronto.com\/\">Portf\u00f3lio<\/a>\u00a0em Word, respondido, completo e j\u00e1 nas normas<\/p>\n<\/div>\n<\/div>\n<\/div>\n<\/div>\n<\/div>\n","protected":false},"excerpt":{"rendered":"<div class=\"product-short-description\">\n<div><span style=\"color: #ff0000\"><strong>Compre e receba o Relat\u00f3rio Final de Atividades Extensionistas j\u00e1 preenchido, com um projeto totalmente desenvolvido para entrega.<\/strong><\/span><\/div>\n<div class=\"product-short-description\"><strong>Pague pelo PIX ou cart\u00e3o e fa\u00e7a o download agora mesmo.<\/strong><\/div>\n<div class=\"sticky-add-to-cart-wrapper\">\n<div class=\"sticky-add-to-cart\">\n<p class=\"quantity buttons_added form-flat\"><img decoding=\"async\" class=\"lazyloaded smush-image-5 smush-image-3 smush-image-4 smush-detected-img smush-image-bigger-3\" src=\"https:\/\/d26lpennugtm8s.cloudfront.net\/assets\/common\/img\/logos\/payment\/visa@2x.png\" width=\"46\" height=\"29\" data-src=\"https:\/\/d26lpennugtm8s.cloudfront.net\/assets\/common\/img\/logos\/payment\/visa@2x.png\" \/><img decoding=\"async\" class=\"lazyloaded smush-image-6 smush-image-4 smush-image-5 smush-detected-img smush-image-bigger-4\" src=\"https:\/\/d26lpennugtm8s.cloudfront.net\/assets\/common\/img\/logos\/payment\/boleto@2x.png\" width=\"43\" height=\"27\" data-src=\"https:\/\/d26lpennugtm8s.cloudfront.net\/assets\/common\/img\/logos\/payment\/boleto@2x.png\" \/><img loading=\"lazy\" decoding=\"async\" class=\"lazyloaded smush-image-7 smush-image-5 smush-image-6 smush-detected-img smush-image-bigger-5\" src=\"https:\/\/d26lpennugtm8s.cloudfront.net\/assets\/common\/img\/logos\/payment\/mastercard@2x.png\" width=\"43\" height=\"27\" data-src=\"https:\/\/d26lpennugtm8s.cloudfront.net\/assets\/common\/img\/logos\/payment\/mastercard@2x.png\" \/><img loading=\"lazy\" decoding=\"async\" class=\"lazyloaded smush-image-8 smush-image-6 smush-image-7 smush-detected-img smush-image-bigger-6\" src=\"https:\/\/d26lpennugtm8s.cloudfront.net\/assets\/common\/img\/logos\/payment\/amex@2x.png\" width=\"43\" height=\"27\" data-src=\"https:\/\/d26lpennugtm8s.cloudfront.net\/assets\/common\/img\/logos\/payment\/amex@2x.png\" \/><img loading=\"lazy\" decoding=\"async\" class=\"lazyloaded smush-image-9 smush-image-7 smush-image-8 smush-detected-img smush-image-bigger-7\" src=\"https:\/\/d26lpennugtm8s.cloudfront.net\/assets\/common\/img\/logos\/payment\/diners@2x.png\" width=\"46\" height=\"29\" data-src=\"https:\/\/d26lpennugtm8s.cloudfront.net\/assets\/common\/img\/logos\/payment\/diners@2x.png\" \/><img loading=\"lazy\" decoding=\"async\" class=\"lazyloaded smush-image-10 smush-image-8 smush-image-9 alignnone smush-detected-img smush-image-bigger-8\" src=\"https:\/\/d26lpennugtm8s.cloudfront.net\/assets\/common\/img\/logos\/payment\/br\/elo@2x.png\" alt=\"portf\u00f3lio unopar anhanguera\" width=\"45\" height=\"28\" data-src=\"https:\/\/d26lpennugtm8s.cloudfront.net\/assets\/common\/img\/logos\/payment\/br\/elo@2x.png\" \/><img loading=\"lazy\" decoding=\"async\" class=\"lazyloaded smush-image-11 smush-image-9 smush-image-10 alignnone smush-detected-img smush-image-bigger-9\" src=\"https:\/\/d26lpennugtm8s.cloudfront.net\/assets\/common\/img\/logos\/payment\/br\/hipercard@2x.png\" alt=\"portf\u00f3lio unopar anhanguera\" width=\"44\" height=\"28\" data-src=\"https:\/\/d26lpennugtm8s.cloudfront.net\/assets\/common\/img\/logos\/payment\/br\/hipercard@2x.png\" \/><img loading=\"lazy\" decoding=\"async\" class=\"lazyloaded smush-image-12 smush-image-10 smush-image-11 alignnone smush-detected-img smush-image-bigger-10\" src=\"https:\/\/d26lpennugtm8s.cloudfront.net\/assets\/common\/img\/logos\/payment\/mercadopago@2x.png\" alt=\"portf\u00f3lio unopar anhanguera\" width=\"45\" height=\"28\" data-src=\"https:\/\/d26lpennugtm8s.cloudfront.net\/assets\/common\/img\/logos\/payment\/mercadopago@2x.png\" \/><img loading=\"lazy\" decoding=\"async\" class=\"alignnone ls-is-cached lazyloaded smush-detected-img smush-image-bigger-11\" src=\"https:\/\/futurium.com.br\/wp-content\/uploads\/2021\/06\/logo-pix-icone-512.png\" alt=\"portfolio pronto\" width=\"30\" height=\"30\" data-src=\"https:\/\/futurium.com.br\/wp-content\/uploads\/2021\/06\/logo-pix-icone-512.png\" \/><\/p>\n<\/div>\n<\/div>\n<\/div>\n","protected":false},"featured_media":19343,"template":"","meta":{"_seopress_robots_primary_cat":"none","_seopress_titles_title":"%%post_title%% %%sitetitle%%","_seopress_titles_desc":"%%post_content%%","_seopress_robots_index":""},"product_cat":[32,15],"product_tag":[736],"class_list":{"0":"post-13027","1":"product","2":"type-product","3":"status-publish","4":"has-post-thumbnail","6":"product_cat-ciencias-contabeis","7":"product_cat-uncategorized","8":"product_tag-projeto-de-extensao-programa-de-contexto-a-comunidade","10":"first","11":"instock","12":"featured","13":"downloadable","14":"virtual","15":"purchasable","16":"product-type-simple","17":"col-xs-6 col-sm-4","18":"col-mf-5","19":"un-5-cols"},"jetpack_sharing_enabled":true,"_links":{"self":[{"href":"https:\/\/portifolioos-prontos.com\/index.php\/wp-json\/wp\/v2\/product\/13027","targetHints":{"allow":["GET"]}}],"collection":[{"href":"https:\/\/portifolioos-prontos.com\/index.php\/wp-json\/wp\/v2\/product"}],"about":[{"href":"https:\/\/portifolioos-prontos.com\/index.php\/wp-json\/wp\/v2\/types\/product"}],"version-history":[{"count":1,"href":"https:\/\/portifolioos-prontos.com\/index.php\/wp-json\/wp\/v2\/product\/13027\/revisions"}],"predecessor-version":[{"id":44317,"href":"https:\/\/portifolioos-prontos.com\/index.php\/wp-json\/wp\/v2\/product\/13027\/revisions\/44317"}],"wp:featuredmedia":[{"embeddable":true,"href":"https:\/\/portifolioos-prontos.com\/index.php\/wp-json\/wp\/v2\/media\/19343"}],"wp:attachment":[{"href":"https:\/\/portifolioos-prontos.com\/index.php\/wp-json\/wp\/v2\/media?parent=13027"}],"wp:term":[{"taxonomy":"product_cat","embeddable":true,"href":"https:\/\/portifolioos-prontos.com\/index.php\/wp-json\/wp\/v2\/product_cat?post=13027"},{"taxonomy":"product_tag","embeddable":true,"href":"https:\/\/portifolioos-prontos.com\/index.php\/wp-json\/wp\/v2\/product_tag?post=13027"}],"curies":[{"name":"wp","href":"https:\/\/api.w.org\/{rel}","templated":true}]}}