{"id":13041,"date":"2023-01-26T10:08:03","date_gmt":"2023-01-26T13:08:03","guid":{"rendered":"https:\/\/portifolioos-prontos.com\/?post_type=product&#038;p=13041"},"modified":"2025-08-30T14:46:30","modified_gmt":"2025-08-30T17:46:30","slug":"projeto-de-extensao-i-mediacao","status":"publish","type":"product","link":"https:\/\/portifolioos-prontos.com\/index.php\/product\/projeto-de-extensao-i-mediacao\/","title":{"rendered":"Projeto de extens\u00e3o I Media\u00e7\u00e3o"},"content":{"rendered":"<h3><strong>Portf\u00f3lio Projeto de Extens\u00e3o I Media\u00e7\u00e3o<\/strong><\/h3>\n<p><strong>CURSO:<\/strong> CST EM MEDIA\u00c7\u00c3O<\/p>\n<p><strong>COMPONENTE CURRICULAR:<\/strong><br \/>\nPROJETO DE EXTENS\u00c3O I \u2013 MEDIA\u00c7\u00c3O<\/p>\n<p><strong>PROGRAMA DE EXTENS\u00c3O:<\/strong><br \/>\nPROGRAMA DE A\u00c7\u00c3O E DIFUS\u00c3O CULTURAL.<\/p>\n<p><strong>FINALIDADE E MOTIVA\u00c7\u00c3O:<\/strong><br \/>\nProjeto de extens\u00e3o Media\u00e7\u00e3o \u2013 A finalidade do projeto de extens\u00e3o no Programa de A\u00e7\u00e3o e Difus\u00e3o Cultural do curso, est\u00e1 relacionado ao fomento \u00e0 cultura locorregional, fomentando a difus\u00e3o, a transpar\u00eancia e a democratiza\u00e7\u00e3o das a\u00e7\u00f5es culturais, por meio de projetos que possibilitem a transfer\u00eancia para a sociedade de conhecimentos multidisciplinares desenvolvidos no curso e a possibilidade de potencializar a gera\u00e7\u00e3o de conhecimentos aplicados, permitindo ao egresso um maior envolvimento junto \u00e0s a\u00e7\u00f5es culturais e sociais no \u00e2mbito das diversas ci\u00eancias como tamb\u00e9m da tecnologia, articulados com os anseios da comunidade. Os conte\u00fados program\u00e1ticos sugeridos para correlacionar as a\u00e7\u00f5es s\u00e3o: Direito Humanos; Negocia\u00e7\u00e3o e Gest\u00e3o de Conflitos; Direitos Sociais.<\/p>\n<p>Os locais que poder\u00e3o contemplar esse projeto s\u00e3o: Entidades pertencentes \u00e0 Administra\u00e7\u00e3o P\u00fablica municipal, estadual ou federal; escolas; col\u00e9gios; Organiza\u00e7\u00f5es n\u00e3o governamentais (ONG); Institui\u00e7\u00f5es privadas com a\u00e7\u00f5es sociais; funda\u00e7\u00f5es; entidades do Judici\u00e1rio como Procons e Tribunais; Entidades religiosas como igrejas, ordens, templos, congrega\u00e7\u00f5es, miss\u00f5es e casas de acolhimento ou assist\u00eancia; entidades de sa\u00fade e assist\u00eancia social; Organiza\u00e7\u00f5es da Sociedade Civil de Interesse P\u00fablico (OSCIPs); Organiza\u00e7\u00f5es de moradores e Cooperativas, entre outras.<\/p>\n<p><strong>COMPET\u00caNCIAS:<\/strong><br \/>\nI \u2013 Compreender as pr\u00e1ticas pacificadoras inovadoras utilizadas na gest\u00e3o de conflitos e aplic\u00e1-las no \u00e2mbito regional e nacional;<br \/>\nII \u2013 Adotar uma postura \u00e9tica, imparcial e emp\u00e1tica junto \u00e0s pessoas e interesses envolvidos no conflito;<br \/>\nIII \u2013 Atuar e apoiar nas atividades e processo de media\u00e7\u00e3o e negocia\u00e7\u00e3o.<\/p>\n<p><strong>PERFIL DE EGRESSO:<\/strong><br \/>\nO perfil do egresso do curso de CST em Media\u00e7\u00e3o, idealizado pela IES, proporciona a forma\u00e7\u00e3o do profissional com postura reflexiva e de vis\u00e3o cr\u00edtica que fomente a capacidade e a aptid\u00e3o para a empatia e concilia\u00e7\u00e3o; s\u00f3lida forma\u00e7\u00e3o geral, \u00e9tica, human\u00edstica, capacidade de an\u00e1lise, dom\u00ednio de conceitos da media\u00e7\u00e3o; valoriza\u00e7\u00e3o e compreens\u00e3o da realidade social, cultural e econ\u00f4mica.<\/p>\n<p><strong>SOFT SKILLS (COMPET\u00caNCIAS SOCIOEMOCIONAIS):<\/strong><br \/>\nAn\u00e1lise e resolu\u00e7\u00e3o de problemas<br \/>\nComunica\u00e7\u00e3o Interpessoal<br \/>\nGest\u00e3o do Tempo<\/p>\n<p><strong>OBJETIVOS DE APRENDIZAGEM:<\/strong><br \/>\nO objetivo do programa de extens\u00e3o em Difus\u00e3o Cultural est\u00e1 relacionado \u00e0 dissemina\u00e7\u00e3o e articula\u00e7\u00e3o de conhecimentos adquiridos no curso para promover as a\u00e7\u00f5es de difus\u00e3o cultural no \u00e2mbito das ci\u00eancias, relacionados diretamente \u00e0 Media\u00e7\u00e3o e com a articula\u00e7\u00e3o da tecnologia junto \u00e0 comunidade.<\/p>\n<p><strong>CONTE\u00daDOS:<\/strong><br \/>\nI \u2013 Direito Humanos;<br \/>\nII \u2013 Negocia\u00e7\u00e3o e Gest\u00e3o de Conflitos;<br \/>\nIII \u2013 Direitos Sociais.<\/p>\n<p><strong>INDICA\u00c7\u00d5ES BIBLIOGR\u00c1FICAS:<\/strong><br \/>\nPIOVESAN, Fl\u00e1via. Temas de Direitos humanos. 11. ed. S\u00e3o Paulo: Saraiva, 2018.<br \/>\nGABERLINI, Viviane Maria Penteado. Negocia\u00e7\u00e3o e conflitos. Curitiba: Intersaberes, 2016.<br \/>\nBARROSO, Lu\u00eds Roberto. Curso de direito constitucional contempor\u00e2neo: os conceitos fundamentais e a constru\u00e7\u00e3o do novo modelo. 10. ed . S\u00e3o Paulo: Saraiva, 2022.<\/p>\n<p><strong>TEMPLATE PDCA:<\/strong><br \/>\nAluno e Aluna, essa atividade \u00e9 para sua organiza\u00e7\u00e3o e uso da metodologia PDCA. Por isso \u00e9 um documento orientativo e n\u00e3o precisa ser entregue. Veja as orienta\u00e7\u00f5es apresentadas no MANUAL DE ATIVIDADES EXTENSIONISTAS.<\/p>\n<p><strong>1. PLANEJAMENTO (PLAN):<\/strong><br \/>\nAntes de definir sua proposta, explore os Objetivos de Desenvolvimento Sustent\u00e1vel (ODS) da Organiza\u00e7\u00e3o das Na\u00e7\u00f5es Unidas (ONU) no link portfoliooead.com.br. Se preferir, pode baixar o documento pelo link <a href=\"https:\/\/brasil.un.org\/sites\/default\/files\/2020-09\/agenda2030-pt-br.pdf\" target=\"_new\" rel=\"noopener\">https:\/\/brasil.un.org\/sites\/default\/files\/2020-09\/agenda2030-pt-br.pdf<\/a>.<\/p>\n<p>Compreenda a proposta da ONU e engaje-se nessa oportunidade de contribuir com as metas de um organismo internacional t\u00e3o importante ao mesmo tempo em que participa de solu\u00e7\u00f5es de seu contexto!<\/p>\n<p>Analise os 17 objetivos e escolha quais metas podem ser aderentes \u00e0 sua proposta e ao seu projeto. Para isso, clique no \u00edcone de cada objetivo e observe a listagem de metas dispon\u00edvel em cada um. \u00c9 necess\u00e1rio que voc\u00ea escolha pelo menos uma meta. Pode ser que voc\u00ea encontre metas aderentes \u00e0 sua proposta em diferentes objetivos, mas n\u00e3o se restrinja. Pode escolher dessa forma e mantenha o foco da ess\u00eancia de sua proposta.<\/p>\n<p>Feito isso, liste aqui suas escolhas. Essa informa\u00e7\u00e3o tamb\u00e9m dever\u00e1 ser declarada em seu Relat\u00f3rio Final de Atividades Extensionistas.<\/p>\n<p><strong>LISTAR METAS DOS ODS ADERENTES AO SEU PROJETO<\/strong><\/p>\n<p><strong>DEFINA A PROPOSTA:<\/strong><\/p>\n<p><strong>IMERS\u00c3O:<\/strong><br \/>\n<strong>DEFINA OS ITENS DA IMERS\u00c3O<\/strong><\/p>\n<p>Segue sugest\u00e3o de perguntas para utilizar na entrevista com o parceiro.<\/p>\n<p><strong>SUGEST\u00c3O DE SCRIPT DE ENTREVISTA:<\/strong><\/p>\n<ol>\n<li>Quais os principais problemas, fragilidades ou dificuldades que a institui\u00e7\u00e3o\/parceiro convive com maior frequ\u00eancia?<br \/>\n1.1. Os problemas est\u00e3o articulados com o programa\/conte\u00fado proposto no componente curricular?<br \/>\nSe n\u00e3o estiver, ser\u00e1 necess\u00e1rio voltar \u00e0 pergunta 1.<br \/>\n1.2. \u00c9 poss\u00edvel resolver ou mitigar os problemas <a href=\"http:\/\/portfolio-pronto.com\">identificados<\/a> no prazo de dura\u00e7\u00e3o de projeto de extens\u00e3o.<br \/>\nSe n\u00e3o for poss\u00edvel deve voltar \u00e0 pergunta 1.<br \/>\n1.3. A solu\u00e7\u00e3o ou mitiga\u00e7\u00e3o auxiliar\u00e1 a comunidade ou um grupo de pessoas da comunidade?<br \/>\nSe n\u00e3o auxiliar deve voltar \u00e0 pergunta 1.<\/li>\n<li>Quais ser\u00e3o as pessoas envolvidas na a\u00e7\u00e3o para buscar resolver ou mitigar os problemas identificados?<\/li>\n<li>Onde ser\u00e1 realizada a a\u00e7\u00e3o?<\/li>\n<li>H\u00e1 limita\u00e7\u00e3o de pessoas ou restri\u00e7\u00e3o para acesso ao local indicado?<\/li>\n<li>Quais ser\u00e3o as pessoas beneficiadas diretamente?<\/li>\n<li>Necessitar\u00e1 de insumos\/recursos financeiros para a realiza\u00e7\u00e3o da a\u00e7\u00e3o?<\/li>\n<li>Ser\u00e1 necess\u00e1rio agendamento?<\/li>\n<li>Qual o per\u00edodo, dia da semana, hor\u00e1rio que ser\u00e1 realizada a a\u00e7\u00e3o?<\/li>\n<\/ol>\n<p><strong>IDEA\u00c7\u00c3O:<\/strong><br \/>\n<strong>DEFINA OS ITENS DA IDEA\u00c7\u00c3O.<\/strong><\/p>\n<p><strong>PROTOTIPA\u00c7\u00c3O:<\/strong><br \/>\n<strong>DEFINA OS ITENS DA PROTOTIPA\u00c7\u00c3O.<\/strong><\/p>\n<p><strong>IDEIAS E ANOTA\u00c7\u00d5ES:<\/strong><\/p>\n<p><strong>2. REALIZA\u00c7\u00c3O (DO):<\/strong><\/p>\n<p><strong>CRONOGRAMA:<\/strong><br \/>\n<strong>ATIVIDADES:<\/strong><\/p>\n<table>\n<thead>\n<tr>\n<th>PER. 1<\/th>\n<th>PER. 2<\/th>\n<th>PER. 3<\/th>\n<th>PER.4<\/th>\n<\/tr>\n<\/thead>\n<\/table>\n<p><strong>3. VERIFICA\u00c7\u00c3O (CHECK):<\/strong><br \/>\nPlanejamento:<br \/>\nImers\u00e3o realizada?<br \/>\n() SIM<br \/>\n() N\u00c3O<br \/>\nIdea\u00e7\u00e3o realizada?<br \/>\n() SIM<br \/>\n() N\u00c3O<br \/>\nPrototipa\u00e7\u00e3o realizada?<br \/>\n() SIM<br \/>\n() N\u00c3O<br \/>\nPlanejamento est\u00e1 ok?<br \/>\n() SIM<br \/>\n() N\u00c3O<br \/>\nRealiza\u00e7\u00e3o:<br \/>\nCronograma realizado?<br \/>\n() SIM<br \/>\n() N\u00c3O<br \/>\nCronograma atende a realiza\u00e7\u00e3o do projeto?<br \/>\n() SIM<br \/>\n() N\u00c3O<br \/>\nVerifica\u00e7\u00e3o:<br \/>\nCronograma atende a realiza\u00e7\u00e3o do projeto?<br \/>\n() SIM<br \/>\n() N\u00c3O<br \/>\nProjeto atende a proposta da institui\u00e7\u00e3o escolhida?<br \/>\n() SIM<br \/>\n() N\u00c3O<br \/>\nHouve necessidade de mudan\u00e7a de estrat\u00e9gia?<br \/>\n() SIM<br \/>\n() N\u00c3O<br \/>\nEm caso positivo, mencione as mudan\u00e7as e novas estrat\u00e9gias?<\/p>\n<p><strong>4. A\u00c7\u00c3O (ACT):<\/strong><br \/>\n<strong>A\u00c7\u00c3O PROPOSTA:<\/strong><\/p>\n<p><strong>REFER\u00caNCIAS BIBLIOGR\u00c1FICAS:<\/strong><br \/>\n<strong>CAMPO OBRIGAT\u00d3RIO<\/strong> \u2013 Siga as normas ABNT, para isso consulte sua Biblioteca Virtual.<\/p>\n<div class=\"elementor-toggle-item\">\n<div class=\"elementor-toggle-item\">\n<div class=\"elementor-toggle-item\">\n<p id=\"elementor-tab-title-1941\" class=\"elementor-tab-title elementor-active\" tabindex=\"0\" role=\"tab\" data-tab=\"1\" aria-controls=\"elementor-tab-content-1941\" aria-expanded=\"true\" aria-selected=\"true\"><strong>Como funciona?<\/strong><\/p>\n<p>Elaboramos os portf\u00f3lios, j\u00e1 deixamos prontos, nas normas da ABNT e conforme os requisitos da universidade. F\u00e1cil assim! O MELHOR \u00c9 QUE VOC\u00ca COMPRA E J\u00c1 BAIXA NA HORA O SEU ARQUIVO EM WORD! Sabemos que conciliar trabalho, fam\u00edlia, vida profissional e estudos \u00e9 dif\u00edcil hoje em dia, por isso, estamos aqui para ajudar voc\u00ea. Conte com nossa qualidade, experi\u00eancia e profissionalismo adquirindo seu portf\u00f3lio conosco. GARANTIMOS SEU CONCEITO!<\/p>\n<p><strong>Como se realizam os envios?<\/strong><\/p>\n<\/div>\n<p id=\"elementor-tab-content-1942\" class=\"elementor-tab-content elementor-clearfix elementor-active\" role=\"tabpanel\" data-tab=\"2\" aria-labelledby=\"elementor-tab-title-1942\">O seu trabalho \u00e9 disponibilizado pronto, respondido e nas normas j\u00e1 na mesma hora aqui em nosso site na sua \u00e1rea de downloads e tamb\u00e9m no seu e-mail.<\/p>\n<p><strong>Em quanto tempo recebo o portf\u00f3lio?<\/strong><\/p>\n<p>Os envios s\u00e3o imediatos. Ap\u00f3s sua compra, o trabalho j\u00e1 \u00e9 disponibilizado instantaneamente aqui em nosso site e no seu e-mail.<\/p>\n<p><strong>E se o portf\u00f3lio que comprei precisar de corre\u00e7\u00e3o?<\/strong><\/p>\n<p>Caso haja alguma solicita\u00e7\u00e3o de corre\u00e7\u00e3o\/altera\u00e7\u00e3o por parte do tutor, basta entrar em contato conosco pelo\u00a0WhatsApp\u00a0que provid\u00eanciaremos sem custo algum.<\/p>\n<p><strong>Qual o formato do arquivo?<\/strong><\/p>\n<p>Os arquivos s\u00e3o enviados em formato Word e s\u00e3o edit\u00e1veis.<\/p>\n<p><strong>Caso eu tiver alguma d\u00favida, terei suporte no p\u00f3s venda?<\/strong><\/p>\n<p>Sim, com certeza. Basta clicar no \u00edcone do WhatsApp no cantinho da tela. Ser\u00e1 um prazer atend\u00ea-lo(a).<\/p>\n<div id=\"elementor-tab-content-1948\" class=\"elementor-tab-content elementor-clearfix elementor-active\" role=\"tabpanel\" data-tab=\"8\" aria-labelledby=\"elementor-tab-title-1948\">\n<p><strong>Quais os seus canais de contato?<\/strong><\/p>\n<\/div>\n<div id=\"elementor-tab-content-1949\" class=\"elementor-tab-content elementor-clearfix elementor-active\" role=\"tabpanel\" data-tab=\"9\" aria-labelledby=\"elementor-tab-title-1949\">\n<p>Whatsapp: 53 984751621 \u2013 Clicar no canto da tela ou ESCANEIE O QRCODE ABAIXO<\/p>\n<h4><img decoding=\"async\" class=\"alignnone wp-image-13699 jetpack-lazy-image jetpack-lazy-image--handled\" src=\"https:\/\/i0.wp.com\/portifolioos-prontos.com\/wp-content\/uploads\/2023\/02\/whatsapp-business-projeto-de-extensao-300x300.jpeg?resize=144%2C144\" sizes=\"(max-width: 144px) 100vw, 144px\" srcset=\"https:\/\/i0.wp.com\/portifolioos-prontos.com\/wp-content\/uploads\/2023\/02\/whatsapp-business-projeto-de-extensao.jpeg?resize=300%2C301&amp;ssl=1 300w, https:\/\/i0.wp.com\/portifolioos-prontos.com\/wp-content\/uploads\/2023\/02\/whatsapp-business-projeto-de-extensao.jpeg?resize=150%2C150&amp;ssl=1 150w, https:\/\/i0.wp.com\/portifolioos-prontos.com\/wp-content\/uploads\/2023\/02\/whatsapp-business-projeto-de-extensao.jpeg?resize=370%2C372&amp;ssl=1 370w, https:\/\/i0.wp.com\/portifolioos-prontos.com\/wp-content\/uploads\/2023\/02\/whatsapp-business-projeto-de-extensao.jpeg?resize=100%2C100&amp;ssl=1 100w, https:\/\/i0.wp.com\/portifolioos-prontos.com\/wp-content\/uploads\/2023\/02\/whatsapp-business-projeto-de-extensao.jpeg?w=470&amp;ssl=1 470w\" alt=\"projeto de extens\u00e3o unopar\" width=\"144\" height=\"144\" data-lazy-loaded=\"1\" \/><\/h4>\n<\/div>\n<div class=\"elementor-toggle-item\">\n<div id=\"elementor-tab-content-1949\" class=\"elementor-tab-content elementor-clearfix elementor-active\" role=\"tabpanel\" data-tab=\"9\" aria-labelledby=\"elementor-tab-title-1949\">\n<p>E-mail:portifoliosp@gmail.com<\/p>\n<div id=\"attachment_143\" class=\"wp-caption alignnone\">\n<div id=\"attachment_143\" class=\"wp-caption alignnone\">\n<p id=\"caption-attachment-143\" class=\"wp-caption-text\"><a href=\"http:\/\/portfolio-pronto.com\/\">Portf\u00f3lio<\/a>\u00a0em Word, respondido, completo e j\u00e1 nas normas<\/p>\n<\/div>\n<\/div>\n<\/div>\n<\/div>\n<\/div>\n<\/div>\n","protected":false},"excerpt":{"rendered":"<div class=\"product-short-description\">\n<div><span style=\"color: #ff0000\"><strong>Compre e receba o Relat\u00f3rio Final de Atividades Extensionistas j\u00e1 preenchido, com um projeto totalmente desenvolvido para entrega.<\/strong><\/span><\/div>\n<div class=\"product-short-description\"><strong>Pague pelo PIX ou cart\u00e3o e fa\u00e7a o download agora mesmo.<\/strong><\/div>\n<div class=\"sticky-add-to-cart-wrapper\">\n<div class=\"sticky-add-to-cart\">\n<p class=\"quantity buttons_added form-flat\"><img decoding=\"async\" class=\"lazyloaded smush-image-5 smush-image-3 smush-image-4 smush-detected-img smush-image-bigger-3\" src=\"https:\/\/d26lpennugtm8s.cloudfront.net\/assets\/common\/img\/logos\/payment\/visa@2x.png\" width=\"46\" height=\"29\" data-src=\"https:\/\/d26lpennugtm8s.cloudfront.net\/assets\/common\/img\/logos\/payment\/visa@2x.png\" \/><img decoding=\"async\" class=\"lazyloaded smush-image-6 smush-image-4 smush-image-5 smush-detected-img smush-image-bigger-4\" src=\"https:\/\/d26lpennugtm8s.cloudfront.net\/assets\/common\/img\/logos\/payment\/boleto@2x.png\" width=\"43\" height=\"27\" data-src=\"https:\/\/d26lpennugtm8s.cloudfront.net\/assets\/common\/img\/logos\/payment\/boleto@2x.png\" \/><img loading=\"lazy\" decoding=\"async\" class=\"lazyloaded smush-image-7 smush-image-5 smush-image-6 smush-detected-img smush-image-bigger-5\" src=\"https:\/\/d26lpennugtm8s.cloudfront.net\/assets\/common\/img\/logos\/payment\/mastercard@2x.png\" width=\"43\" height=\"27\" data-src=\"https:\/\/d26lpennugtm8s.cloudfront.net\/assets\/common\/img\/logos\/payment\/mastercard@2x.png\" \/><img loading=\"lazy\" decoding=\"async\" class=\"lazyloaded smush-image-8 smush-image-6 smush-image-7 smush-detected-img smush-image-bigger-6\" src=\"https:\/\/d26lpennugtm8s.cloudfront.net\/assets\/common\/img\/logos\/payment\/amex@2x.png\" width=\"43\" height=\"27\" data-src=\"https:\/\/d26lpennugtm8s.cloudfront.net\/assets\/common\/img\/logos\/payment\/amex@2x.png\" \/><img loading=\"lazy\" decoding=\"async\" class=\"lazyloaded smush-image-9 smush-image-7 smush-image-8 smush-detected-img smush-image-bigger-7\" src=\"https:\/\/d26lpennugtm8s.cloudfront.net\/assets\/common\/img\/logos\/payment\/diners@2x.png\" width=\"46\" height=\"29\" data-src=\"https:\/\/d26lpennugtm8s.cloudfront.net\/assets\/common\/img\/logos\/payment\/diners@2x.png\" \/><img loading=\"lazy\" decoding=\"async\" class=\"lazyloaded smush-image-10 smush-image-8 smush-image-9 alignnone smush-detected-img smush-image-bigger-8\" src=\"https:\/\/d26lpennugtm8s.cloudfront.net\/assets\/common\/img\/logos\/payment\/br\/elo@2x.png\" alt=\"portf\u00f3lio unopar anhanguera\" width=\"45\" height=\"28\" data-src=\"https:\/\/d26lpennugtm8s.cloudfront.net\/assets\/common\/img\/logos\/payment\/br\/elo@2x.png\" \/><img loading=\"lazy\" decoding=\"async\" class=\"lazyloaded smush-image-11 smush-image-9 smush-image-10 alignnone smush-detected-img smush-image-bigger-9\" src=\"https:\/\/d26lpennugtm8s.cloudfront.net\/assets\/common\/img\/logos\/payment\/br\/hipercard@2x.png\" alt=\"portf\u00f3lio unopar anhanguera\" width=\"44\" height=\"28\" data-src=\"https:\/\/d26lpennugtm8s.cloudfront.net\/assets\/common\/img\/logos\/payment\/br\/hipercard@2x.png\" \/><img loading=\"lazy\" decoding=\"async\" class=\"lazyloaded smush-image-12 smush-image-10 smush-image-11 alignnone smush-detected-img smush-image-bigger-10\" src=\"https:\/\/d26lpennugtm8s.cloudfront.net\/assets\/common\/img\/logos\/payment\/mercadopago@2x.png\" alt=\"portf\u00f3lio unopar anhanguera\" width=\"45\" height=\"28\" data-src=\"https:\/\/d26lpennugtm8s.cloudfront.net\/assets\/common\/img\/logos\/payment\/mercadopago@2x.png\" \/><img loading=\"lazy\" decoding=\"async\" class=\"alignnone ls-is-cached lazyloaded smush-detected-img smush-image-bigger-11\" src=\"https:\/\/futurium.com.br\/wp-content\/uploads\/2021\/06\/logo-pix-icone-512.png\" alt=\"portfolio pronto\" width=\"30\" height=\"30\" data-src=\"https:\/\/futurium.com.br\/wp-content\/uploads\/2021\/06\/logo-pix-icone-512.png\" \/><\/p>\n<\/div>\n<\/div>\n<\/div>\n","protected":false},"featured_media":13319,"template":"","meta":{"_seopress_robots_primary_cat":"none","_seopress_titles_title":"%%post_title%% %%sitetitle%%","_seopress_titles_desc":"%%post_content%%","_seopress_robots_index":""},"product_cat":[129,15],"product_tag":[731],"class_list":{"0":"post-13041","1":"product","2":"type-product","3":"status-publish","4":"has-post-thumbnail","6":"product_cat-mediacao","7":"product_cat-uncategorized","8":"product_tag-projeto-de-extensao-acao-e-difusao-cultural","10":"first","11":"instock","12":"featured","13":"downloadable","14":"virtual","15":"purchasable","16":"product-type-simple","17":"col-xs-6 col-sm-4","18":"col-mf-5","19":"un-5-cols"},"jetpack_sharing_enabled":true,"_links":{"self":[{"href":"https:\/\/portifolioos-prontos.com\/index.php\/wp-json\/wp\/v2\/product\/13041","targetHints":{"allow":["GET"]}}],"collection":[{"href":"https:\/\/portifolioos-prontos.com\/index.php\/wp-json\/wp\/v2\/product"}],"about":[{"href":"https:\/\/portifolioos-prontos.com\/index.php\/wp-json\/wp\/v2\/types\/product"}],"version-history":[{"count":1,"href":"https:\/\/portifolioos-prontos.com\/index.php\/wp-json\/wp\/v2\/product\/13041\/revisions"}],"predecessor-version":[{"id":44313,"href":"https:\/\/portifolioos-prontos.com\/index.php\/wp-json\/wp\/v2\/product\/13041\/revisions\/44313"}],"wp:featuredmedia":[{"embeddable":true,"href":"https:\/\/portifolioos-prontos.com\/index.php\/wp-json\/wp\/v2\/media\/13319"}],"wp:attachment":[{"href":"https:\/\/portifolioos-prontos.com\/index.php\/wp-json\/wp\/v2\/media?parent=13041"}],"wp:term":[{"taxonomy":"product_cat","embeddable":true,"href":"https:\/\/portifolioos-prontos.com\/index.php\/wp-json\/wp\/v2\/product_cat?post=13041"},{"taxonomy":"product_tag","embeddable":true,"href":"https:\/\/portifolioos-prontos.com\/index.php\/wp-json\/wp\/v2\/product_tag?post=13041"}],"curies":[{"name":"wp","href":"https:\/\/api.w.org\/{rel}","templated":true}]}}