{"id":13044,"date":"2023-01-26T10:09:46","date_gmt":"2023-01-26T13:09:46","guid":{"rendered":"https:\/\/portifolioos-prontos.com\/?post_type=product&#038;p=13044"},"modified":"2023-08-01T17:44:12","modified_gmt":"2023-08-01T20:44:12","slug":"atividade-pratica-exames-radiologicos-em-contraste","status":"publish","type":"product","link":"https:\/\/portifolioos-prontos.com\/index.php\/product\/atividade-pratica-exames-radiologicos-em-contraste\/","title":{"rendered":"Atividade pr\u00e1tica Exames radiol\u00f3gicos em contraste"},"content":{"rendered":"<h4>Atividade pr\u00e1tica Exames radiol\u00f3gicos em contraste<\/h4>\n<hr \/>\n<p>OBJETIVOS<br \/>\nA proposta desta atividade pr\u00e1tica est\u00e1 amparada nos seguintes objetivos:<br \/>\n\uf0b7 Conhecer e ser capaz de identificar as fases do contraste em uma tomografia<br \/>\ncomputadorizada;<br \/>\n\uf0b7 Conhecer e ser capaz de realizar o posicionamento e protocolos de aquisi\u00e7\u00e3o<br \/>\nde imagens em exames que utilizam o contraste.<\/p>\n<p>RECURSOS<br \/>\n\uf0b7 Computador com acesso \u00e0 internet.<br \/>\n\uf0b7 MedDream.<\/p>\n<p>PROCEDIMENTOS PR\u00c1TICOS<br \/>\nAtividade proposta 1<br \/>\nIdentificar as fases do contraste na tomografia computadorizada.<br \/>\nProcedimentos para a realiza\u00e7\u00e3o da atividade<br \/>\nPara a nossa primeira atividade voc\u00ea deve acessar a plataforma MedDream e visualizar as<br \/>\ndiferentes imagens obtidas atrav\u00e9s de uma tomografia de abdome completo, vamos l\u00e1?<br \/>\n1) Acesse a plataforma MedDream atrav\u00e9s do link:\u00a0<a href=\"https:\/\/www.softneta.com\/\" rel=\"nofollow\">https:\/\/www.softneta.com\/<\/a>\u00a0e<br \/>\nselecionar \u201cONLINE DEMO\u201d.<\/p>\n<p>2) Ao abrir a p\u00e1gina de demonstra\u00e7\u00e3o online, voc\u00ea dever\u00e1 selecionar o primeiro estudo:<\/p>\n<p>3) Uma nova aba ser\u00e1 aberta e voc\u00ea ter\u00e1 acesso ao \u201cviewer\u201d, onde voc\u00ea conseguir\u00e1<br \/>\nvisualizar e manipular as imagens tomogr\u00e1ficas dispon\u00edveis. Sugest\u00e3o: clique na<br \/>\nnuvem ao lado das pastas para melhor visualiza\u00e7\u00e3o das imagens!<\/p>\n<p>\uf0b7 Ao clicar duas vezes em cima da imagem, voc\u00ea conseguir\u00e1 visualiz\u00e1-la em maior<br \/>\naumento.<br \/>\n\uf0b7 Para esta atividade voc\u00ea dever\u00e1 analisar as imagens da 4a pasta: +C<\/p>\n<p>\uf0b7 Nessa plataforma, voc\u00ea tem \u00e0 disposi\u00e7\u00e3o alguns recursos para a manipula\u00e7\u00e3o das<br \/>\nimagens, veja a seguir:<br \/>\nBarra de rolagem: No lado direito da janela de visualiza\u00e7\u00e3o, uma barra de rolagem \u00e9<br \/>\nmostrada. Um cursor de rolagem \u00e9 rolado respectivamente para a posi\u00e7\u00e3o da imagem ativa<br \/>\nna s\u00e9rie. Na parte inferior da barra de rolagem s\u00e3o mostrados o n\u00famero total de imagens na<br \/>\ns\u00e9rie e o n\u00famero da imagem ativa. Voc\u00ea pode arrastar o cursor ao longo da barra de rolagem<br \/>\npara percorrer as imagens da s\u00e9rie.<br \/>\nLayout: Barra de ferramentas &gt; Layout: O bot\u00e3o Layout divide as janelas de exibi\u00e7\u00e3o das<br \/>\nimagens para melhor visualiza\u00e7\u00e3o.<\/p>\n<p>Janelas: Barra de ferramentas &gt; Window. O bot\u00e3o de janela \u00e9 usado para ajustar o<br \/>\ncontraste e o brilho da imagem (valores de n\u00edvel e janela). Voc\u00ea pode escolher as diferentes<br \/>\njanelas para evidenciar diferentes tecidos (janela \u00f3ssea, janela para tecidos moles).<\/p>\n<p>Linha de refer\u00eancia: Barra de ferramentas &gt; Reference lines. A sobreposi\u00e7\u00e3o de linhas de<br \/>\nrefer\u00eancia permite indicar a localiza\u00e7\u00e3o de uma fatia de imagem em outra imagem de um<br \/>\nplano de interse\u00e7\u00e3o. Dessa forma, voc\u00ea consegue verificar no scout, exatamente a<br \/>\nlocaliza\u00e7\u00e3o da imagem que voc\u00ea est\u00e1 visualizando.<\/p>\n<p>Link da s\u00e9rie rolada: Barra de ferramentas &gt; Link scroled series. Neste bot\u00e3o voc\u00ea<br \/>\nconsegue fazer uma vincula\u00e7\u00e3o das imagens e visualizar a rolagem simult\u00e2nea.<\/p>\n<p>Neste caso de estudo o contraste iodado foi administrado via oral e endovenosa. A partir da<br \/>\nan\u00e1lise das imagens, identifique as fases:<br \/>\n\uf0b7 Pr\u00e9-contraste endovenoso<br \/>\n\uf0b7 Arterial<br \/>\n\uf0b7 Portal<br \/>\n\uf0b7 Excretora<br \/>\nDescreva quais estruturas s\u00e3o evidenciadas em cada uma das fases do contraste.<br \/>\nAtividade proposta 2<br \/>\nConhecer os procedimentos necess\u00e1rios para realiza\u00e7\u00e3o dos exames de contraste.<\/p>\n<p>Para nossa segunda atividade voc\u00ea dever\u00e1 descrever detalhadamente os procedimentos<br \/>\nnecess\u00e1rios para a realiza\u00e7\u00e3o da urografia excretora e do estudo contrastado do es\u00f4fago,<br \/>\nest\u00f4mago e duodeno.<\/p>\n<p>1) A urografia excretora \u00e9 um exame radiol\u00f3gico que estuda morfologicamente o<br \/>\nsistema urin\u00e1rio. Este exame \u00e9 indicado em pacientes que apresentam patologias<br \/>\ncomo c\u00e1lculo renal, c\u00e1lculo uretral, traumatismo renal, hipertens\u00e3o, massa abdominal<br \/>\nou p\u00e9lvica, dor no flanco, infec\u00e7\u00f5es do trato urin\u00e1rio, insufici\u00eancia renal e hemat\u00faria.<br \/>\nQuais s\u00e3o os procedimentos para a realiza\u00e7\u00e3o do exame? Mencione o<br \/>\nposicionamento do paciente, qual meio de contraste deve ser utilizado, qual o tempo<br \/>\npara a realiza\u00e7\u00e3o de cada radiografia.<br \/>\n2) O EED (Es\u00f4fago, est\u00f4mago e duodeno) tem por objetivo estudar radiologicamente o<br \/>\nfuncionamento do es\u00f4fago distal, do est\u00f4mago e do duodeno. Entre as principais<br \/>\nindica\u00e7\u00f5es cl\u00ednicas est\u00e3o gastrite aguda ou cr\u00f4nica, h\u00e9rnia de hiato, divert\u00edculos,<br \/>\n\u00falceras p\u00e9pticas, bezoares e carcinoma. Suponhamos que voc\u00ea recebeu um paciente<br \/>\nadulto, do sexo masculino, para a realiza\u00e7\u00e3o do EED atrav\u00e9s da radiologia<\/p>\n<p>convencional, quais s\u00e3o os procedimentos a serem seguidos para a realiza\u00e7\u00e3o do<br \/>\nexame? Mencione o posicionamento do paciente, qual meio de contraste deve ser<br \/>\nutilizado, qual o tempo para a realiza\u00e7\u00e3o de cada radiografia.<\/p>\n<p>Checklist<br \/>\nAs tarefas foram conclu\u00eddas com \u00eaxito?<br \/>\nVoc\u00ea foi capaz de identificar as diferentes fases do contraste em uma tomografia de abdome<br \/>\ntotal?<br \/>\nVoc\u00ea foi capaz de compreender os procedimentos necess\u00e1rios para a realiza\u00e7\u00e3o de um<br \/>\nexame contrastado?<\/p>\n<p>Atividade pr\u00e1tica<\/p>\n<p>RESULTADO<br \/>\nOrienta\u00e7\u00f5es para o envio da atividade:<br \/>\n\uf0b7 O resultado de aprendizagem da aula pr\u00e1tica dever\u00e1 ser registrado em forma<br \/>\nde um relat\u00f3rio descritivo que dever\u00e1 ser postado em seu ambiente virtual.<br \/>\n\uf0b7 A postagem do arquivo final deve ser em um \u00fanico arquivo, formato .DOC<br \/>\n(Word ou editor de textos);<br \/>\n\uf0b7 Apresente por meio de prints da tela as fases do contraste identificadas na<br \/>\nAtividade 1.<br \/>\n\uf0b7 Responda detalhadamente as quest\u00f5es propostas na Atividade 2.<br \/>\n\uf0b7 O sistema ir\u00e1 arquivar e disponibilizar para corre\u00e7\u00e3o apenas o \u00faltimo trabalho<br \/>\nencaminhado, caso voc\u00ea encaminhe um novo arquivo, ele ir\u00e1 sobrepor e<br \/>\napagar o arquivo encaminhado anteriormente;<br \/>\n\uf0b7 Voc\u00ea dever\u00e1 postar o trabalho finalizado no AVA, o que dever\u00e1 ser feito na<br \/>\npasta espec\u00edfica, obedecendo ao prazo limite de postagem, conforme disposto<br \/>\nno cronograma do curso. N\u00e3o existe prorroga\u00e7\u00e3o para a postagem da<br \/>\natividade;<br \/>\n\uf0b7 O trabalho ser\u00e1 realizado individualmente.<br \/>\nN\u00e3o deixe de participar de todas as tarefas! Elas ser\u00e3o determinantes para o<br \/>\naprendizado das t\u00e9cnicas.<\/p>\n<div class=\"elementor-toggle-item\">\n<h4 id=\"elementor-tab-title-1941\" class=\"elementor-tab-title elementor-active\" tabindex=\"0\" role=\"tab\" data-tab=\"1\" aria-controls=\"elementor-tab-content-1941\" aria-expanded=\"true\" aria-selected=\"true\">Como funciona?<\/h4>\n<div id=\"elementor-tab-content-1941\" class=\"elementor-tab-content elementor-clearfix elementor-active\" role=\"tabpanel\" data-tab=\"1\" aria-labelledby=\"elementor-tab-title-1941\">\n<p>Elaboramos os portf\u00f3lios, j\u00e1 deixamos prontos, nas normas da ABNT e conforme os requisitos da universidade. F\u00e1cil assim! O MELHOR \u00c9 QUE VOC\u00ca COMPRA E J\u00c1 BAIXA NA HORA O SEU ARQUIVO EM WORD! Sabemos que conciliar trabalho, fam\u00edlia, vida profissional e estudos \u00e9 dif\u00edcil hoje em dia, por isso, estamos aqui para ajudar voc\u00ea. Conte com nossa qualidade, experi\u00eancia e profissionalismo adquirindo seu portf\u00f3lio conosco. GARANTIMOS SEU CONCEITO!<\/p>\n<h4>Como se realizam os envios?<\/h4>\n<\/div>\n<\/div>\n<div class=\"elementor-toggle-item\">\n<div id=\"elementor-tab-content-1942\" class=\"elementor-tab-content elementor-clearfix elementor-active\" role=\"tabpanel\" data-tab=\"2\" aria-labelledby=\"elementor-tab-title-1942\">O seu trabalho \u00e9 disponibilizado pronto, respondido e nas normas j\u00e1 na mesma hora aqui em nosso site na sua \u00e1rea de downloads e tamb\u00e9m no seu e-mail.<\/div>\n<\/div>\n<div class=\"elementor-toggle-item\">\n<div id=\"elementor-tab-content-1943\" class=\"elementor-tab-content elementor-clearfix elementor-active\" role=\"tabpanel\" data-tab=\"3\" aria-labelledby=\"elementor-tab-title-1943\">\n<h4>Em quanto tempo recebo o portf\u00f3lio?<\/h4>\n<\/div>\n<\/div>\n<div class=\"elementor-toggle-item\">\n<div id=\"elementor-tab-content-1944\" class=\"elementor-tab-content elementor-clearfix elementor-active\" role=\"tabpanel\" data-tab=\"4\" aria-labelledby=\"elementor-tab-title-1944\">\n<p>Os envios s\u00e3o imediatos. Ap\u00f3s sua compra, o trabalho j\u00e1 \u00e9 disponibilizado instantaneamente aqui em nosso site e no seu e-mail.<\/p>\n<h4>E se o portf\u00f3lio que comprei precisar de corre\u00e7\u00e3o?<\/h4>\n<\/div>\n<\/div>\n<div class=\"elementor-toggle-item\">\n<div id=\"elementor-tab-content-1945\" class=\"elementor-tab-content elementor-clearfix elementor-active\" role=\"tabpanel\" data-tab=\"5\" aria-labelledby=\"elementor-tab-title-1945\">\n<p>Caso haja alguma solicita\u00e7\u00e3o de corre\u00e7\u00e3o\/altera\u00e7\u00e3o por parte do tutor, basta entrar em contato conosco pelo\u00a0<a href=\"https:\/\/api.whatsapp.com\/send\/?phone=5553984751621&amp;text&amp;app_absent=0\">WhatsApp<\/a>\u00a0que provid\u00eanciaremos sem custo algum.<\/p>\n<h4>Qual o formato do arquivo?<\/h4>\n<\/div>\n<\/div>\n<div class=\"elementor-toggle-item\">\n<div id=\"elementor-tab-content-1946\" class=\"elementor-tab-content elementor-clearfix elementor-active\" role=\"tabpanel\" data-tab=\"6\" aria-labelledby=\"elementor-tab-title-1946\">\n<p>Os arquivos s\u00e3o enviados em formato Word e s\u00e3o edit\u00e1veis.<\/p>\n<h4>Caso eu tiver alguma d\u00favida, terei suporte no p\u00f3s venda?<\/h4>\n<\/div>\n<\/div>\n<div class=\"elementor-toggle-item\">\n<div id=\"elementor-tab-content-1948\" class=\"elementor-tab-content elementor-clearfix elementor-active\" role=\"tabpanel\" data-tab=\"8\" aria-labelledby=\"elementor-tab-title-1948\">\n<p>Sim, com certeza. Basta clicar no \u00edcone do WhatsApp no cantinho da tela. Ser\u00e1 um prazer atend\u00ea-lo(a).<\/p>\n<div class=\"elementor-toggle-item\">\n<div id=\"elementor-tab-content-1948\" class=\"elementor-tab-content elementor-clearfix elementor-active\" role=\"tabpanel\" data-tab=\"8\" aria-labelledby=\"elementor-tab-title-1948\">\n<h4>Quais os seus canais de contato?<\/h4>\n<\/div>\n<\/div>\n<div class=\"elementor-toggle-item\">\n<div id=\"elementor-tab-content-1949\" class=\"elementor-tab-content elementor-clearfix elementor-active\" role=\"tabpanel\" data-tab=\"9\" aria-labelledby=\"elementor-tab-title-1949\">\n<p>Whatsapp: 53 984751621 \u2013 Clicar no canto da tela ou ESCANEIE O QRCODE ABAIXO<\/p>\n<h4><img decoding=\"async\" class=\"alignnone wp-image-13699\" src=\"http:\/\/portifolioos-prontos.com\/wp-content\/uploads\/2023\/02\/whatsapp-business-projeto-de-extensao-300x300.jpeg\" alt=\"projeto de extens\u00e3o unopar\" width=\"144\" height=\"144\" srcset=\"https:\/\/portifolioos-prontos.com\/wp-content\/uploads\/2023\/02\/whatsapp-business-projeto-de-extensao-300x301.jpeg 300w, https:\/\/portifolioos-prontos.com\/wp-content\/uploads\/2023\/02\/whatsapp-business-projeto-de-extensao-100x100.jpeg 100w, https:\/\/portifolioos-prontos.com\/wp-content\/uploads\/2023\/02\/whatsapp-business-projeto-de-extensao-150x150.jpeg 150w, https:\/\/portifolioos-prontos.com\/wp-content\/uploads\/2023\/02\/whatsapp-business-projeto-de-extensao-370x372.jpeg 370w, https:\/\/portifolioos-prontos.com\/wp-content\/uploads\/2023\/02\/whatsapp-business-projeto-de-extensao.jpeg 470w\" sizes=\"(max-width: 144px) 100vw, 144px\" \/><\/h4>\n<\/div>\n<\/div>\n<\/div>\n<\/div>\n<div class=\"elementor-toggle-item\">\n<div id=\"elementor-tab-content-1949\" class=\"elementor-tab-content elementor-clearfix elementor-active\" role=\"tabpanel\" data-tab=\"9\" aria-labelledby=\"elementor-tab-title-1949\">\n<p>E-mail:portifoliosp@gmail.com<\/p>\n<div id=\"attachment_143\" class=\"wp-caption alignnone\">\n<div id=\"attachment_143\" class=\"wp-caption alignnone\" style=\"width: 147px;\">\n<p><a href=\"http:\/\/portifolioos-prontos.com\/\"><img decoding=\"async\" class=\"wp-image-143 jetpack-lazy-image jetpack-lazy-image--handled\" title=\"portfolio pronto unopar\" src=\"https:\/\/i0.wp.com\/portifolioos-prontos.com\/wp-content\/uploads\/2022\/04\/conceitomaximo.png?resize=161%2C46\" alt=\"PORTFOLIO PRONTO UNOPAR ANHANGUERA\" width=\"147\" height=\"42\" aria-describedby=\"caption-attachment-143\" data-recalc-dims=\"1\" data-lazy-loaded=\"1\" \/><\/a><\/p>\n<p id=\"caption-attachment-143\" class=\"wp-caption-text\">Portf\u00f3lio em Word, respondido, completo e j\u00e1 nas normas.<\/p>\n<\/div>\n<\/div>\n<\/div>\n<\/div>\n","protected":false},"excerpt":{"rendered":"<p>Atividade pr\u00e1tica Exames radiol\u00f3gicos em contraste OBJETIVOS A proposta desta atividade pr\u00e1tica est\u00e1 amparada nos seguintes objetivos: \uf0b7 Conhecer e ser capaz de identificar as fases do contraste em uma tomografia computadorizada; \uf0b7 Conhecer e ser capaz de realizar o posicionamento e protocolos de aquisi\u00e7\u00e3o de imagens em exames que utilizam o contraste. RECURSOS \uf0b7&hellip;<\/p>\n","protected":false},"featured_media":13168,"template":"","meta":{"_seopress_robots_primary_cat":"none","_seopress_titles_title":"%%post_title%% %%sitetitle%%","_seopress_titles_desc":"","_seopress_robots_index":""},"product_cat":[67,15],"product_tag":[],"class_list":{"0":"post-13044","1":"product","2":"type-product","3":"status-publish","4":"has-post-thumbnail","6":"product_cat-radiologia","7":"product_cat-uncategorized","9":"first","10":"instock","11":"featured","12":"downloadable","13":"virtual","14":"purchasable","15":"product-type-simple","16":"col-xs-6 col-sm-4","17":"col-mf-5","18":"un-5-cols"},"jetpack_sharing_enabled":true,"_links":{"self":[{"href":"https:\/\/portifolioos-prontos.com\/index.php\/wp-json\/wp\/v2\/product\/13044","targetHints":{"allow":["GET"]}}],"collection":[{"href":"https:\/\/portifolioos-prontos.com\/index.php\/wp-json\/wp\/v2\/product"}],"about":[{"href":"https:\/\/portifolioos-prontos.com\/index.php\/wp-json\/wp\/v2\/types\/product"}],"version-history":[{"count":0,"href":"https:\/\/portifolioos-prontos.com\/index.php\/wp-json\/wp\/v2\/product\/13044\/revisions"}],"wp:featuredmedia":[{"embeddable":true,"href":"https:\/\/portifolioos-prontos.com\/index.php\/wp-json\/wp\/v2\/media\/13168"}],"wp:attachment":[{"href":"https:\/\/portifolioos-prontos.com\/index.php\/wp-json\/wp\/v2\/media?parent=13044"}],"wp:term":[{"taxonomy":"product_cat","embeddable":true,"href":"https:\/\/portifolioos-prontos.com\/index.php\/wp-json\/wp\/v2\/product_cat?post=13044"},{"taxonomy":"product_tag","embeddable":true,"href":"https:\/\/portifolioos-prontos.com\/index.php\/wp-json\/wp\/v2\/product_tag?post=13044"}],"curies":[{"name":"wp","href":"https:\/\/api.w.org\/{rel}","templated":true}]}}