{"id":13065,"date":"2023-01-26T10:39:41","date_gmt":"2023-01-26T13:39:41","guid":{"rendered":"https:\/\/portifolioos-prontos.com\/?post_type=product&#038;p=13065"},"modified":"2025-08-30T14:46:10","modified_gmt":"2025-08-30T17:46:10","slug":"projeto-de-extensao-i-terapias-integrativas-e-complementares","status":"publish","type":"product","link":"https:\/\/portifolioos-prontos.com\/index.php\/product\/projeto-de-extensao-i-terapias-integrativas-e-complementares\/","title":{"rendered":"Projeto de extens\u00e3o I \u2013 Terapias Integrativas e complementares"},"content":{"rendered":"<h4>Projeto de extens\u00e3o I<\/h4>\n<h4>CURSO: CST EM TERAPIAS INTEGRATIVAS E COMPLEMENTARES<\/h4>\n<p>COMPONENTE CURRICULAR: PROJETO DE EXTENS\u00c3O I \u2013 TERAPIAS INTEGRATIVAS E COMPLEMENTARES<\/p>\n<p>PROGRAMA DE EXTENS\u00c3O:<br \/>\nPROGRAMA DE CONTEXTO \u00c0 COMUNIDADE. FINALIDADE E MOTIVA\u00c7\u00c3O:<\/p>\n<hr \/>\n<p>A finalidade da extens\u00e3o no Programa de Contexto \u00e0 Comunidade est\u00e1 no<br \/>\nimportante papel social, atrav\u00e9s deste projeto ocorrer\u00e1 uma maior integra\u00e7\u00e3o entre<br \/>\na faculdade e a popula\u00e7\u00e3o, trazendo apoio a comunidade e difus\u00e3o do ensino. Ao<br \/>\nidentificar as necessidades da comunidade os alunos ter\u00e3o a motiva\u00e7\u00e3o para efetuar<br \/>\nas a\u00e7\u00f5es de apoio relacionadas ao curso de CST em Terapias Cognitivas e<br \/>\nComplementares, pelas quais poder\u00e3o ser desenvolvidas compet\u00eancias t\u00e9cnicas e<br \/>\nsoft skills espec\u00edficas. Os conte\u00fados program\u00e1ticos sugeridos para correlacionar as<br \/>\na\u00e7\u00f5es s\u00e3o: Autocuidado, fitoterapia, qualidade de vida, terapias alternativas, SUS<br \/>\nOs locais que poder\u00e3o contemplar esse projeto s\u00e3o: Parcerias com a Prefeitura e<br \/>\natua\u00e7\u00e3o em Unidades B\u00e1sicas de Sa\u00fade; Associa\u00e7\u00f5es de Bairros; Cl\u00ednicas de Sa\u00fade<br \/>\nP\u00fablicas e Privadas; Hospitais; Centros de Sa\u00fade; Casas de Repouso; Institui\u00e7\u00f5es de<br \/>\nLonga Perman\u00eancia para Idosos; Creches; Templos Religiosos; Escolas; ONGs.<br \/>\nCOMPET\u00caNCIAS:<br \/>\nI \u2013 Conhecer e aplicar princ\u00edpios de homeopatia, farmacologia, cosmetologia e<br \/>\nfitoterapia em terapias integrativas e complementares;<br \/>\nII \u2013 Conhecer os fundamentos anat\u00f4micos e fisiol\u00f3gicos do corpo humano;<br \/>\nIII \u2013 Conhecer e aplicar gest\u00e3o e conduta \u00e9tica, em cl\u00ednicas, consult\u00f3rios ou<br \/>\ninstitui\u00e7\u00f5es de sa\u00fade;<br \/>\nIV \u2013 Conhecer e aplicar pr\u00e1ticas integrativas de forma complementar em<br \/>\ntratamentos de sa\u00fade ou de forma preventiva.<br \/>\nPERFIL DE EGRESSO:<br \/>\nO perfil do egresso do curso de CST em Terapias Integrativas e Complementares<br \/>\nidealizado pela IES proporciona a forma\u00e7\u00e3o do Tecn\u00f3logo Terapeuta Integrativo que,<br \/>\nde acordo com as determina\u00e7\u00f5es legais do Curso Superior de Tecnologia em<br \/>\nTerapias Integrativas e Complementares, tenha uma forma\u00e7\u00e3o humanizada, cr\u00edtica,<br \/>\n\u00e9tica profissional, social e ambiental, nas atividades relativas \u00e0 \u00e1rea de Terapias<br \/>\nAlternativas e Complementares, por meio de compet\u00eancias espec\u00edficas que<br \/>\nproporcionar\u00e1 o desenvolvimento das habilidades voltadas para aplicar terapias<br \/>\ncomo: Biodan\u00e7a, Dan\u00e7a circular, Constela\u00e7\u00f5es Familiares, Bioenerg\u00e9tica, Metaf\u00edsica<br \/>\nQu\u00e2ntica, Terapias com Florais, Geoterapia, Reflexologia Podal, Ozonioterapia,<br \/>\nHidroterapias, Ayurveda, Shantala, Reiki, Musicoterapia, Arteterapia,P\u00fablico<\/p>\n<p>Auriculoterapia, Acupuntura, Moxabust\u00e3o, Ventosas, dentre outras, sempre<br \/>\nbuscando a promo\u00e7\u00e3o da sa\u00fade e preven\u00e7\u00e3o de doen\u00e7as, possibilitando o bem-estar<br \/>\ndos pacientes.<br \/>\nO Programa de Contexto a Comunidade permitir\u00e1 o desenvolvimento de habilidades<br \/>\ncomo conhecer e aplicar pr\u00e1ticas integrativas de forma complementar em<br \/>\ntratamentos de sa\u00fade ou de forma preventiva; Conhecer os mecanismos para<br \/>\nproporcionar e manter a estabilidade f\u00edsica, mental e emocional do ser humano,<br \/>\ncompreendendo as complexidades envolvidas.<br \/>\nSOFT SKILLS (COMPET\u00caNCIAS SOCIOEMOCIONAIS):<br \/>\nAn\u00e1lise e resolu\u00e7\u00e3o de problemas<br \/>\nFlexibilidade e adapta\u00e7\u00e3o<br \/>\nTomada de Decis\u00e3o<br \/>\nOBJETIVOS DE APRENDIZAGEM:<br \/>\nO objetivo de aprendizagem da extens\u00e3o do curso de CST em Terapias Integrativas e<br \/>\nComplementares vinculado ao Programa de Contexto \u00e0 Comunidade est\u00e1<br \/>\nrelacionado ao fato de disseminar o saber e a cultura ensinados na faculdade e a<br \/>\nforma\u00e7\u00e3o de novos saberes a partir das problem\u00e1ticas identificadas na comunidade,<br \/>\nque, aliados fortificam as habilidades desenvolvidas no decorrer do curso,<br \/>\npreparando o egresso para uma atua\u00e7\u00e3o global, focado no mercado de trabalho e<br \/>\natuante junto \u00e0 comunidade.<br \/>\nCONTE\u00daDOS:<br \/>\nI \u2013 Biosseguran\u00e7a;<br \/>\nII \u2013 Sistema \u00danico de Sa\u00fade;<br \/>\nIII \u2013 Fitoter\u00e1picos.<br \/>\nINDICA\u00c7\u00d5ES BIBLIOGR\u00c1FICAS:<br \/>\nALMEIDA FILHO, Naomar. Sa\u00fade coletiva : teoria e pr\u00e1tica. Rio de Janeiro :<br \/>\nMedBook, 2014.<br \/>\nCardoso, Telma Abdalla de Oliveira. Biosseguran\u00e7a e qualidade dos servi\u00e7os de<br \/>\nsa\u00fade. Curitiba: InterSaberes, 2016.<br \/>\nFITOTERAPIA contempor\u00e2nea: tradi\u00e7\u00e3o e ci\u00eancia na pr\u00e1tica cl\u00ednica. 2.ed. Rio de<br \/>\nJaneiro: Guanabara Koogan, 2018.<\/p>\n<p>Projeto de extens\u00e3o I<\/p>\n<p>TEMPLATE PDCA:<\/p>\n<p>Aluno e Aluna, essa atividade \u00e9 para sua organiza\u00e7\u00e3o e uso da metodologia PDCA. Por isso \u00e9<br \/>\num documento orientativo e n\u00e3o precisa ser entregue. Veja as orienta\u00e7\u00f5es apresentadas no<br \/>\nMANUAL DE ATIVIDADES EXTENSIONISTAS.<br \/>\n1. PLANEJAMENTO (PLAN)<br \/>\nAntes de definir sua proposta, explore os Objetivos de Desenvolvimento Sustent\u00e1vel (ODS) da<br \/>\nOrganiza\u00e7\u00e3o das Na\u00e7\u00f5es Unidas (ONU) no link\u00a0<a href=\"https:\/\/brasil.un.org\/pt-br\/sdgs\" rel=\"nofollow\">https:\/\/brasil.un.org\/pt-br\/sdgs<\/a>. Se preferir, pode<br \/>\nbaixar o documento pelo link\u00a0<a href=\"https:\/\/brasil.un.org\/sites\/default\/files\/2020-09\/agenda2030-pt-P\u00fablicobr.pdf\">https:\/\/brasil.un.org\/sites\/default\/files\/2020-09\/agenda2030-pt-P\u00fablicobr.pdf<\/a>.<br \/>\nCompreenda a proposta da ONU e engaje-se nessa oportunidade de contribuir com as<br \/>\nmetas de um organismo internacional t\u00e3o importante ao mesmo tempo em que participa de<br \/>\nsolu\u00e7\u00f5es de seu contexto!<br \/>\nAnalise os 17 objetivos e escolha quais metas podem ser aderentes \u00e0 sua proposta e ao seu<br \/>\nprojeto. Para isso, clique no \u00edcone de cada objetivo e observe a listagem de metas dispon\u00edvel<br \/>\nem cada um. \u00c9 necess\u00e1rio que voc\u00ea escolha pelo menos uma meta. Pode ser que voc\u00ea<br \/>\nencontre metas aderentes \u00e0 sua proposta em diferentes objetivos, mas n\u00e3o se restrinja.<br \/>\nPode escolher dessa forma e mantenha o foco da ess\u00eancia de sua proposta.<br \/>\nFeito isso, liste aqui suas escolhas. Essa informa\u00e7\u00e3o tamb\u00e9m dever\u00e1 ser declarada em seu<br \/>\nRelat\u00f3rio Final de Atividades Extensionistas.<br \/>\nLISTAR METAS DOS ODS ADERENTES AO SEU PROJETO<\/p>\n<p>DEFINA A PROPOSTA.<br \/>\nIMERS\u00c3O:<br \/>\nDEFINA OS ITENS DA IMERS\u00c3O<br \/>\nSegue sugest\u00e3o de perguntas para utilizar na entrevista com o parceiro.<br \/>\nSUGEST\u00c3O DE SCRIPT DE ENTREVISTA<br \/>\n1. Quais os principais problemas, fragilidades ou dificuldades que a institui\u00e7\u00e3o\/parceiro convive com<br \/>\nmaior frequ\u00eancia?<br \/>\n1.1. Os problemas est\u00e3o articulados com o programa\/conte\u00fado proposto no componente<br \/>\ncurricular?<br \/>\nSe n\u00e3o estiver, ser\u00e1 necess\u00e1rio voltar \u00e0 pergunta 1.<br \/>\n1.2. \u00c9 poss\u00edvel resolver ou mitigar os problemas identificados no prazo de dura\u00e7\u00e3o de projeto de<br \/>\nextens\u00e3o.<br \/>\nSe n\u00e3o for poss\u00edvel deve voltar \u00e0 pergunta 1.<br \/>\n1.3. A solu\u00e7\u00e3o ou mitiga\u00e7\u00e3o auxiliar\u00e1 a comunidade ou um grupo de pessoas da comunidade?<br \/>\nSe n\u00e3o auxiliar deve voltar \u00e0 pergunta 1.<br \/>\n2. Quais ser\u00e3o as pessoas envolvidas na a\u00e7\u00e3o para buscar resolver ou mitigar os problemas<br \/>\nidentificados?<br \/>\n3. Onde ser\u00e1 realizada a a\u00e7\u00e3o?<br \/>\n4. H\u00e1 limita\u00e7\u00e3o de pessoas ou restri\u00e7\u00e3o para acesso ao local indicado?<br \/>\n5. Quais ser\u00e3o as pessoas beneficiadas diretamente?<br \/>\n6. Necessitar\u00e1 de insumos\/recursos financeiros para a realiza\u00e7\u00e3o da a\u00e7\u00e3o?<br \/>\n7. Ser\u00e1 necess\u00e1rio agendamento?<br \/>\n8. Qual o per\u00edodo, dia da semana, hor\u00e1rio que ser\u00e1 realizada a a\u00e7\u00e3o?<\/p>\n<p>Projeto de extens\u00e3o I<\/p>\n<p>P\u00fablico<\/p>\n<p>IDEA\u00c7\u00c3O:<br \/>\nDEFINA OS ITENS DA IDEA\u00c7\u00c3O.<\/p>\n<p>PROTOTIPA\u00c7\u00c3O:<br \/>\nDEFINA OS ITENS DA PROTOTIPA\u00c7\u00c3O.<\/p>\n<p>IDEIAS E ANOTA\u00c7\u00d5ES:<\/p>\n<p>2. REALIZA\u00c7\u00c3O (DO)<br \/>\nCRONOGRAMA:<br \/>\nATIVIDADES PER. 1 PER. 2 PER. 3 PER.4<\/p>\n<p>3. VERIFICA\u00c7\u00c3O (CHECK)<br \/>\nPlanejamento:<br \/>\nImers\u00e3o realizada?<br \/>\n() SIM<br \/>\n() N\u00c3O<br \/>\nIdea\u00e7\u00e3o realizada?<br \/>\n() SIM<br \/>\n() N\u00c3O<br \/>\nPrototipa\u00e7\u00e3o realizada?<br \/>\n() SIM<br \/>\n() N\u00c3O<br \/>\nPlanejamento est\u00e1 ok?<br \/>\n() SIM<br \/>\n() N\u00c3O<br \/>\nRealiza\u00e7\u00e3o:<br \/>\nCronograma realizado?<br \/>\n() SIM<br \/>\n() N\u00c3O<\/p>\n<p>P\u00fablico<\/p>\n<p>Cronograma atende a realiza\u00e7\u00e3o do projeto?<br \/>\n() SIM<br \/>\n() N\u00c3O<br \/>\nVerifica\u00e7\u00e3o:<br \/>\nCronograma atende a realiza\u00e7\u00e3o do projeto?<br \/>\n() SIM<br \/>\n() N\u00c3O<br \/>\nProjeto atende a proposta da institui\u00e7\u00e3o escolhida?<br \/>\n() SIM<br \/>\n() N\u00c3O<br \/>\nHouve necessidade de mudan\u00e7a de estrat\u00e9gia?<br \/>\n() SIM<br \/>\n() N\u00c3O<br \/>\nEm caso positivo, mencione as mudan\u00e7as e novas estrat\u00e9gias?<\/p>\n<p>4. A\u00c7\u00c3O (ACT)<br \/>\nA\u00c7\u00c3O PROPOSTA:<\/p>\n<p>REFER\u00caNCIAS BIBLIOGR\u00c1FICAS<\/p>\n<p>CAMPO OBRIGAT\u00d3RIO \u2013 Siga a normas ABNT, para isso consulte sua Biblioteca Virtual.<\/p>\n<div class=\"elementor-toggle-item\">\n<div class=\"elementor-toggle-item\">\n<p id=\"elementor-tab-title-1941\" class=\"elementor-tab-title elementor-active\" tabindex=\"0\" role=\"tab\" data-tab=\"1\" aria-controls=\"elementor-tab-content-1941\" aria-expanded=\"true\" aria-selected=\"true\"><strong>Como funciona?<\/strong><\/p>\n<p>Elaboramos os portf\u00f3lios, j\u00e1 deixamos prontos, nas normas da ABNT e conforme os requisitos da universidade. F\u00e1cil assim! O MELHOR \u00c9 QUE VOC\u00ca COMPRA E J\u00c1 BAIXA NA HORA O SEU ARQUIVO EM WORD! Sabemos que conciliar trabalho, fam\u00edlia, vida profissional e estudos \u00e9 dif\u00edcil hoje em dia, por isso, estamos aqui para ajudar voc\u00ea. Conte com nossa qualidade, experi\u00eancia e profissionalismo adquirindo seu portf\u00f3lio conosco. GARANTIMOS SEU CONCEITO!<\/p>\n<p><strong>Como se realizam os envios?<\/strong><\/p>\n<\/div>\n<p id=\"elementor-tab-content-1942\" class=\"elementor-tab-content elementor-clearfix elementor-active\" role=\"tabpanel\" data-tab=\"2\" aria-labelledby=\"elementor-tab-title-1942\">O seu trabalho \u00e9 disponibilizado pronto, respondido e nas normas j\u00e1 na mesma hora aqui em nosso site na sua \u00e1rea de downloads e tamb\u00e9m no seu e-mail.<\/p>\n<p><strong>Em quanto tempo recebo o portf\u00f3lio?<\/strong><\/p>\n<p>Os envios s\u00e3o imediatos. Ap\u00f3s sua compra, o trabalho j\u00e1 \u00e9 disponibilizado instantaneamente aqui em nosso site e no seu e-mail.<\/p>\n<p><strong>E se o portf\u00f3lio que comprei precisar de corre\u00e7\u00e3o?<\/strong><\/p>\n<p>Caso haja alguma solicita\u00e7\u00e3o de corre\u00e7\u00e3o\/altera\u00e7\u00e3o por parte do tutor, basta entrar em contato conosco pelo\u00a0WhatsApp\u00a0que provid\u00eanciaremos sem custo algum.<\/p>\n<p><strong>Qual o formato do arquivo?<\/strong><\/p>\n<p>Os arquivos s\u00e3o enviados em formato Word e s\u00e3o edit\u00e1veis.<\/p>\n<p><strong>Caso eu tiver alguma d\u00favida, terei suporte no p\u00f3s venda?<\/strong><\/p>\n<p>Sim, com certeza. Basta clicar no \u00edcone do WhatsApp no cantinho da tela. Ser\u00e1 um prazer atend\u00ea-lo(a).<\/p>\n<div id=\"elementor-tab-content-1948\" class=\"elementor-tab-content elementor-clearfix elementor-active\" role=\"tabpanel\" data-tab=\"8\" aria-labelledby=\"elementor-tab-title-1948\">\n<p><strong>Quais os seus canais de contato?<\/strong><\/p>\n<\/div>\n<div id=\"elementor-tab-content-1949\" class=\"elementor-tab-content elementor-clearfix elementor-active\" role=\"tabpanel\" data-tab=\"9\" aria-labelledby=\"elementor-tab-title-1949\">\n<p>Whatsapp: 53 984751621 \u2013 Clicar no canto da tela ou ESCANEIE O QRCODE ABAIXO<\/p>\n<h4><img decoding=\"async\" class=\"alignnone wp-image-13699 jetpack-lazy-image jetpack-lazy-image--handled\" src=\"https:\/\/i0.wp.com\/portifolioos-prontos.com\/wp-content\/uploads\/2023\/02\/whatsapp-business-projeto-de-extensao-300x300.jpeg?resize=144%2C144\" sizes=\"(max-width: 144px) 100vw, 144px\" srcset=\"https:\/\/i0.wp.com\/portifolioos-prontos.com\/wp-content\/uploads\/2023\/02\/whatsapp-business-projeto-de-extensao.jpeg?resize=300%2C301&amp;ssl=1 300w, https:\/\/i0.wp.com\/portifolioos-prontos.com\/wp-content\/uploads\/2023\/02\/whatsapp-business-projeto-de-extensao.jpeg?resize=150%2C150&amp;ssl=1 150w, https:\/\/i0.wp.com\/portifolioos-prontos.com\/wp-content\/uploads\/2023\/02\/whatsapp-business-projeto-de-extensao.jpeg?resize=370%2C372&amp;ssl=1 370w, https:\/\/i0.wp.com\/portifolioos-prontos.com\/wp-content\/uploads\/2023\/02\/whatsapp-business-projeto-de-extensao.jpeg?resize=100%2C100&amp;ssl=1 100w, https:\/\/i0.wp.com\/portifolioos-prontos.com\/wp-content\/uploads\/2023\/02\/whatsapp-business-projeto-de-extensao.jpeg?w=470&amp;ssl=1 470w\" alt=\"projeto de extens\u00e3o unopar\" width=\"144\" height=\"144\" data-lazy-loaded=\"1\" \/><\/h4>\n<\/div>\n<div class=\"elementor-toggle-item\">\n<div id=\"elementor-tab-content-1949\" class=\"elementor-tab-content elementor-clearfix elementor-active\" role=\"tabpanel\" data-tab=\"9\" aria-labelledby=\"elementor-tab-title-1949\">\n<p>E-mail:portifoliosp@gmail.com<\/p>\n<div id=\"attachment_143\" class=\"wp-caption alignnone\">\n<div id=\"attachment_143\" class=\"wp-caption alignnone\">\n<p id=\"caption-attachment-143\" class=\"wp-caption-text\">Portf\u00f3lio em Word, respondido, completo e j\u00e1 nas normas.<\/p>\n<\/div>\n<\/div>\n<\/div>\n<\/div>\n<\/div>\n","protected":false},"excerpt":{"rendered":"<div class=\"product-short-description\">\n<div><span style=\"color: #ff0000\"><strong>Compre e receba o Relat\u00f3rio Final de Atividades Extensionistas j\u00e1 preenchido, com um projeto totalmente desenvolvido para entrega.<\/strong><\/span><\/div>\n<div class=\"product-short-description\"><strong>Pague pelo PIX ou cart\u00e3o e fa\u00e7a o download agora mesmo.<\/strong><\/div>\n<div class=\"sticky-add-to-cart-wrapper\">\n<div class=\"sticky-add-to-cart\">\n<p class=\"quantity buttons_added form-flat\"><img decoding=\"async\" class=\"lazyloaded smush-image-5 smush-image-3 smush-image-4 smush-detected-img smush-image-bigger-3\" src=\"https:\/\/d26lpennugtm8s.cloudfront.net\/assets\/common\/img\/logos\/payment\/visa@2x.png\" width=\"46\" height=\"29\" data-src=\"https:\/\/d26lpennugtm8s.cloudfront.net\/assets\/common\/img\/logos\/payment\/visa@2x.png\" \/><img decoding=\"async\" class=\"lazyloaded smush-image-6 smush-image-4 smush-image-5 smush-detected-img smush-image-bigger-4\" src=\"https:\/\/d26lpennugtm8s.cloudfront.net\/assets\/common\/img\/logos\/payment\/boleto@2x.png\" width=\"43\" height=\"27\" data-src=\"https:\/\/d26lpennugtm8s.cloudfront.net\/assets\/common\/img\/logos\/payment\/boleto@2x.png\" \/><img loading=\"lazy\" decoding=\"async\" class=\"lazyloaded smush-image-7 smush-image-5 smush-image-6 smush-detected-img smush-image-bigger-5\" src=\"https:\/\/d26lpennugtm8s.cloudfront.net\/assets\/common\/img\/logos\/payment\/mastercard@2x.png\" width=\"43\" height=\"27\" data-src=\"https:\/\/d26lpennugtm8s.cloudfront.net\/assets\/common\/img\/logos\/payment\/mastercard@2x.png\" \/><img loading=\"lazy\" decoding=\"async\" class=\"lazyloaded smush-image-8 smush-image-6 smush-image-7 smush-detected-img smush-image-bigger-6\" src=\"https:\/\/d26lpennugtm8s.cloudfront.net\/assets\/common\/img\/logos\/payment\/amex@2x.png\" width=\"43\" height=\"27\" data-src=\"https:\/\/d26lpennugtm8s.cloudfront.net\/assets\/common\/img\/logos\/payment\/amex@2x.png\" \/><img loading=\"lazy\" decoding=\"async\" class=\"lazyloaded smush-image-9 smush-image-7 smush-image-8 smush-detected-img smush-image-bigger-7\" src=\"https:\/\/d26lpennugtm8s.cloudfront.net\/assets\/common\/img\/logos\/payment\/diners@2x.png\" width=\"46\" height=\"29\" data-src=\"https:\/\/d26lpennugtm8s.cloudfront.net\/assets\/common\/img\/logos\/payment\/diners@2x.png\" \/><img loading=\"lazy\" decoding=\"async\" class=\"lazyloaded smush-image-10 smush-image-8 smush-image-9 alignnone smush-detected-img smush-image-bigger-8\" src=\"https:\/\/d26lpennugtm8s.cloudfront.net\/assets\/common\/img\/logos\/payment\/br\/elo@2x.png\" alt=\"portf\u00f3lio unopar anhanguera\" width=\"45\" height=\"28\" data-src=\"https:\/\/d26lpennugtm8s.cloudfront.net\/assets\/common\/img\/logos\/payment\/br\/elo@2x.png\" \/><img loading=\"lazy\" decoding=\"async\" class=\"lazyloaded smush-image-11 smush-image-9 smush-image-10 alignnone smush-detected-img smush-image-bigger-9\" src=\"https:\/\/d26lpennugtm8s.cloudfront.net\/assets\/common\/img\/logos\/payment\/br\/hipercard@2x.png\" alt=\"portf\u00f3lio unopar anhanguera\" width=\"44\" height=\"28\" data-src=\"https:\/\/d26lpennugtm8s.cloudfront.net\/assets\/common\/img\/logos\/payment\/br\/hipercard@2x.png\" \/><img loading=\"lazy\" decoding=\"async\" class=\"lazyloaded smush-image-12 smush-image-10 smush-image-11 alignnone smush-detected-img smush-image-bigger-10\" src=\"https:\/\/d26lpennugtm8s.cloudfront.net\/assets\/common\/img\/logos\/payment\/mercadopago@2x.png\" alt=\"portf\u00f3lio unopar anhanguera\" width=\"45\" height=\"28\" data-src=\"https:\/\/d26lpennugtm8s.cloudfront.net\/assets\/common\/img\/logos\/payment\/mercadopago@2x.png\" \/><img loading=\"lazy\" decoding=\"async\" class=\"alignnone ls-is-cached lazyloaded smush-detected-img smush-image-bigger-11\" src=\"https:\/\/futurium.com.br\/wp-content\/uploads\/2021\/06\/logo-pix-icone-512.png\" alt=\"portfolio pronto\" width=\"30\" height=\"30\" data-src=\"https:\/\/futurium.com.br\/wp-content\/uploads\/2021\/06\/logo-pix-icone-512.png\" \/><\/p>\n<\/div>\n<\/div>\n<\/div>\n","protected":false},"featured_media":13181,"template":"","meta":{"_seopress_robots_primary_cat":"none","_seopress_titles_title":"%%post_title%% %%sitetitle%%","_seopress_titles_desc":"%%post_content%%","_seopress_robots_index":""},"product_cat":[121,15],"product_tag":[736],"class_list":{"0":"post-13065","1":"product","2":"type-product","3":"status-publish","4":"has-post-thumbnail","6":"product_cat-terapias-integrativas-e-complementares","7":"product_cat-uncategorized","8":"product_tag-projeto-de-extensao-programa-de-contexto-a-comunidade","10":"first","11":"instock","12":"featured","13":"downloadable","14":"virtual","15":"purchasable","16":"product-type-simple","17":"col-xs-6 col-sm-4","18":"col-mf-5","19":"un-5-cols"},"jetpack_sharing_enabled":true,"_links":{"self":[{"href":"https:\/\/portifolioos-prontos.com\/index.php\/wp-json\/wp\/v2\/product\/13065","targetHints":{"allow":["GET"]}}],"collection":[{"href":"https:\/\/portifolioos-prontos.com\/index.php\/wp-json\/wp\/v2\/product"}],"about":[{"href":"https:\/\/portifolioos-prontos.com\/index.php\/wp-json\/wp\/v2\/types\/product"}],"version-history":[{"count":1,"href":"https:\/\/portifolioos-prontos.com\/index.php\/wp-json\/wp\/v2\/product\/13065\/revisions"}],"predecessor-version":[{"id":44309,"href":"https:\/\/portifolioos-prontos.com\/index.php\/wp-json\/wp\/v2\/product\/13065\/revisions\/44309"}],"wp:featuredmedia":[{"embeddable":true,"href":"https:\/\/portifolioos-prontos.com\/index.php\/wp-json\/wp\/v2\/media\/13181"}],"wp:attachment":[{"href":"https:\/\/portifolioos-prontos.com\/index.php\/wp-json\/wp\/v2\/media?parent=13065"}],"wp:term":[{"taxonomy":"product_cat","embeddable":true,"href":"https:\/\/portifolioos-prontos.com\/index.php\/wp-json\/wp\/v2\/product_cat?post=13065"},{"taxonomy":"product_tag","embeddable":true,"href":"https:\/\/portifolioos-prontos.com\/index.php\/wp-json\/wp\/v2\/product_tag?post=13065"}],"curies":[{"name":"wp","href":"https:\/\/api.w.org\/{rel}","templated":true}]}}