{"id":13068,"date":"2023-01-26T10:48:49","date_gmt":"2023-01-26T13:48:49","guid":{"rendered":"https:\/\/portifolioos-prontos.com\/?post_type=product&#038;p=13068"},"modified":"2025-08-30T14:46:06","modified_gmt":"2025-08-30T17:46:06","slug":"projeto-de-extensao-i-nutricao","status":"publish","type":"product","link":"https:\/\/portifolioos-prontos.com\/index.php\/product\/projeto-de-extensao-i-nutricao\/","title":{"rendered":"Projeto de extens\u00e3o I Nutri\u00e7\u00e3o"},"content":{"rendered":"<div class=\"elementor-toggle-item\">\n<h4 data-pm-slice=\"1 1 []\">Projeto de extens\u00e3o I Nutri\u00e7\u00e3o<\/h4>\n<p>COMPONENTE CURRICULAR:<\/p>\n<p>PROJETO DE EXTENS\u00c3O I \u2013 NUTRI\u00c7\u00c3O<\/p>\n<p>PROGRAMA DE EXTENS\u00c3O:<\/p>\n<p>PROGRAMA DE CONTEXTO \u00c0 COMUNIDADE.<\/p>\n<p>FINALIDADE E MOTIVA\u00c7\u00c3O:<\/p>\n<p>A finalidade da extens\u00e3o no Programa de Contexto \u00e0 Comunidade est\u00e1 no importante papel social, atrav\u00e9s deste projeto ocorrer\u00e1 uma maior integra\u00e7\u00e3o entre a faculdade e a popula\u00e7\u00e3o, trazendo apoio a comunidade e difus\u00e3o do ensino. Ao identificar as necessidades da comunidade os alunos ter\u00e3o a motiva\u00e7\u00e3o para efetuar as a\u00e7\u00f5es de apoio relacionadas ao curso de Nutri\u00e7\u00e3o, pelas quais poder\u00e3o ser desenvolvidas compet\u00eancias t\u00e9cnicas e soft skills espec\u00edficas. Os conte\u00fados program\u00e1ticos sugeridos para correlacionar as a\u00e7\u00f5es s\u00e3o: Controle higi\u00eanico-sanit\u00e1rio dos alimentos; Sistemas alimentares e sustentabilidade; Indicadores de qualidade na produ\u00e7\u00e3o de refei\u00e7\u00f5es.Os locais que poder\u00e3o contemplar esse projeto s\u00e3o: Parcerias com a Prefeitura e atua\u00e7\u00e3o em Unidades B\u00e1sicas de Sa\u00fade; Associa\u00e7\u00f5es de Bairros; Cl\u00ednicas de Sa\u00fade P\u00fablicas e Privadas; Hospitais; Centros de Sa\u00fade; Casas de Repouso; Institui\u00e7\u00f5es de Longa Perman\u00eancia para Idosos; Creches; Templos Religiosos; Escolas; ONGs.<\/p>\n<p>COMPET\u00caNCIAS:<\/p>\n<p>I \u2013 Articular conhecimentos de composi\u00e7\u00e3o, transforma\u00e7\u00e3o e aproveitamento dos alimentos na aten\u00e7\u00e3o diet\u00e9tica;II \u2013 Recuperar e manter o estado nutricional dos indiv\u00edduos;<\/p>\n<p>&nbsp;<\/p>\n<p>III \u2013 Planejar, executar e avaliar pol\u00edticas p\u00fablicas, programas e a\u00e7\u00f5es de alimenta\u00e7\u00e3o e nutri\u00e7\u00e3o.<\/p>\n<p>&nbsp;<\/p>\n<p>PERFIL DE EGRESSO:<\/p>\n<p>Projeto de extens\u00e3o I Nutri\u00e7\u00e3o \u2013 O perfil do egresso do curso de Nutri\u00e7\u00e3o idealizado pela IES proporciona a forma\u00e7\u00e3o de um profissional, humanista, cr\u00edtico, reflexivo, \u00e9tico e generalista. A atua\u00e7\u00e3o no Programa de Contexto \u00e0 Comunidade, demonstra as habilidades para atuar na aplica\u00e7\u00e3o de conhecimentos sobre a composi\u00e7\u00e3o, propriedades e transforma\u00e7\u00f5es dos alimentos e seu aproveitamento pelo organismo humano, na aten\u00e7\u00e3o diet\u00e9tica; contribuir para promover, manter e ou recuperar o estado nutricional de indiv\u00edduos e grupos populacionais; desenvolver e aplicar m\u00e9todos e t\u00e9cnicas de ensino em sua \u00e1rea de atua\u00e7\u00e3o; atuar em pol\u00edticas e programas de educa\u00e7\u00e3o, seguran\u00e7a e vigil\u00e2ncia nutricional, alimentar e sanit\u00e1ria visando a promo\u00e7\u00e3o da sa\u00fade em \u00e2mbito local, regional e nacional; atuar na formula\u00e7\u00e3o e execu\u00e7\u00e3o de programas de educa\u00e7\u00e3o nutricional; de vigil\u00e2ncia nutricional, alimentar e sanit\u00e1ria; Reconhecer a sa\u00fade como direito e atuar de forma a garantir a integralidade da assist\u00eancia, entendida como conjunto articulado e cont\u00ednuo das a\u00e7\u00f5es e servi\u00e7os preventivos e curativos, individuais e coletivos, exigidos para cada caso em todos os n\u00edveis de complexidade do sistema; atuar em equipes multiprofissionais de sa\u00fade e de terapia nutricional.<\/p>\n<p>SOFT SKILLS (COMPET\u00caNCIAS SOCIOEMOCIONAIS):<\/p>\n<p>Lideran\u00e7aPlanejamento e organiza\u00e7\u00e3o<\/p>\n<p>An\u00e1lise e resolu\u00e7\u00e3o de problemas<\/p>\n<p>OBJETIVOS DE APRENDIZAGEM:<\/p>\n<p>O objetivo de aprendizagem da extens\u00e3o do curso de Nutri\u00e7\u00e3o, vinculado ao Programa de Contexto \u00e0 Comunidade est\u00e1 relacionado ao fato de disseminar o saber e a cultura ensinados na faculdade e a forma\u00e7\u00e3o de novos saberes a partir das problem\u00e1ticas identificadas na comunidade, que, aliados fortificam as habilidades desenvolvidas no decorrer do curso, preparando o egresso para uma atua\u00e7\u00e3o global, focado no mercado de trabalho e atuante junto \u00e0 comunidade.<\/p>\n<p>CONTE\u00daDOS:<\/p>\n<p>I \u2013 Controle higi\u00eanico-sanit\u00e1rio dos alimentos;II \u2013 Sistemas alimentares e sustentabilidade;<\/p>\n<p>&nbsp;<\/p>\n<p>III \u2013 Indicadores de qualidade na produ\u00e7\u00e3o de refei\u00e7\u00f5es.<\/p>\n<p>&nbsp;<\/p>\n<p>INDICA\u00c7\u00d5ES BIBLIOGR\u00c1FICAS:<\/p>\n<p>GERMANO, Pedro Manuel Leal. Higiene e vigil\u00e2ncia sanit\u00e1ria de alimentos. 6. ed. Barueri: Manole, 2019.ASHLEY, Patr\u00edcia Almeida (Org). \u00c9tica, responsabilidade social e sustentabilidade nos neg\u00f3cios: (des)construindo limites e possibilidades. S\u00e3o Paulo: Saraiva, 2019.<\/p>\n<p>&nbsp;<\/p>\n<p>MELLO, Fernanda Robert de; GIBBERT, Luciana. Controle de qualidade dos alimentos. Porto Alegre: SAGAH, 2017.<\/p>\n<p>&nbsp;<\/p>\n<p>&nbsp;<\/p>\n<p>&nbsp;<\/p>\n<p>TEMPLATE PDCA:<\/p>\n<p>Aluno e Aluna, essa atividade \u00e9 para sua organiza\u00e7\u00e3o e uso da metodologia PDCA. Por isso \u00e9 um documento orientativo e n\u00e3o precisa ser entregue. Veja as orienta\u00e7\u00f5es apresentadas no MANUAL DE ATIVIDADES EXTENSIONISTAS.<\/p>\n<p>1. PLANEJAMENTO (PLAN)<\/p>\n<p>Antes de definir sua proposta, explore os Objetivos de Desenvolvimento Sustent\u00e1vel (ODS) da Organiza\u00e7\u00e3o das Na\u00e7\u00f5es Unidas (ONU) no link https:\/\/brasil.un.org\/pt-br\/sdgs. Se preferir, pode baixar o documento pelo link https:\/\/brasil.un.org\/sites\/default\/files\/2020-09\/agenda2030-pt-br.pdf.Compreenda a proposta da ONU e engaje-se nessa oportunidade de contribuir com as metas de um organismo internacional t\u00e3o importante ao mesmo tempo em que participa de solu\u00e7\u00f5es de seu contexto!<\/p>\n<p>&nbsp;<\/p>\n<p>Analise os 17 objetivos e escolha quais metas podem ser aderentes \u00e0 sua proposta e ao seu projeto. Para isso, clique no \u00edcone de cada objetivo e observe a listagem de metas dispon\u00edvel em cada um. \u00c9 necess\u00e1rio que voc\u00ea escolha pelo menos uma meta. Pode ser que voc\u00ea encontre metas aderentes \u00e0 sua proposta em diferentes objetivos, mas n\u00e3o se restrinja. Pode escolher dessa forma e mantenha o foco da ess\u00eancia de sua proposta.<\/p>\n<p>&nbsp;<\/p>\n<p>Feito isso, liste aqui suas escolhas. Essa informa\u00e7\u00e3o tamb\u00e9m dever\u00e1 ser declarada em seu Relat\u00f3rio Final de Atividades Extensionistas.<\/p>\n<p>&nbsp;<\/p>\n<p>&nbsp;<\/p>\n<p>&nbsp;<\/p>\n<p>LISTAR METAS DOS ODS ADERENTES AO SEU PROJETO<\/p>\n<p>&nbsp;<\/p>\n<p>&nbsp;<\/p>\n<p>&nbsp;<\/p>\n<p>&nbsp;<\/p>\n<p>DEFINA A PROPOSTA.<\/p>\n<p>&nbsp;<\/p>\n<p>IMERS\u00c3O:<\/p>\n<p>&nbsp;<\/p>\n<p>DEFINA OS ITENS DA IMERS\u00c3O<\/p>\n<p>&nbsp;<\/p>\n<p>&nbsp;<\/p>\n<p>&nbsp;<\/p>\n<p>Segue sugest\u00e3o de perguntas para utilizar na entrevista com o parceiro.<\/p>\n<p>&nbsp;<\/p>\n<p>SUGEST\u00c3O DE SCRIPT DE ENTREVISTA<\/p>\n<p>&nbsp;<\/p>\n<p>1. Quais os principais problemas, fragilidades ou dificuldades que a institui\u00e7\u00e3o\/parceiro convive com maior frequ\u00eancia?<\/p>\n<p>&nbsp;<\/p>\n<p>1.1. Os problemas est\u00e3o articulados com o programa\/conte\u00fado proposto no componente curricular?<\/p>\n<p>&nbsp;<\/p>\n<p>Se n\u00e3o estiver, ser\u00e1 necess\u00e1rio voltar \u00e0 pergunta 1.<\/p>\n<p>&nbsp;<\/p>\n<p>1.2. \u00c9 poss\u00edvel resolver ou mitigar os problemas identificados no prazo de dura\u00e7\u00e3o de projeto de extens\u00e3o.<\/p>\n<p>&nbsp;<\/p>\n<p>Se n\u00e3o for poss\u00edvel deve voltar \u00e0 pergunta 1.<\/p>\n<p>&nbsp;<\/p>\n<p>1.3. A solu\u00e7\u00e3o ou mitiga\u00e7\u00e3o auxiliar\u00e1 a comunidade ou um grupo de pessoas da comunidade?<\/p>\n<p>&nbsp;<\/p>\n<p>Se n\u00e3o auxiliar deve voltar \u00e0 pergunta 1.<\/p>\n<p>&nbsp;<\/p>\n<p>2. Quais ser\u00e3o as pessoas envolvidas na a\u00e7\u00e3o para buscar resolver ou mitigar os problemas identificados?<\/p>\n<p>&nbsp;<\/p>\n<p>3. Onde ser\u00e1 realizada a a\u00e7\u00e3o?<\/p>\n<p>&nbsp;<\/p>\n<p>4. H\u00e1 limita\u00e7\u00e3o de pessoas ou restri\u00e7\u00e3o para acesso ao local indicado?<\/p>\n<p>&nbsp;<\/p>\n<p>5. Quais ser\u00e3o as pessoas beneficiadas diretamente?<\/p>\n<p>&nbsp;<\/p>\n<p>6. Necessitar\u00e1 de insumos\/recursos financeiros para a realiza\u00e7\u00e3o da a\u00e7\u00e3o?<\/p>\n<p>&nbsp;<\/p>\n<p>7. Ser\u00e1 necess\u00e1rio agendamento?<\/p>\n<p>&nbsp;<\/p>\n<p>8. Qual o per\u00edodo, dia da semana, hor\u00e1rio que ser\u00e1 realizada a a\u00e7\u00e3o?<\/p>\n<p>&nbsp;<\/p>\n<p>&nbsp;<\/p>\n<p>&nbsp;<\/p>\n<p>&nbsp;<\/p>\n<p>IDEA\u00c7\u00c3O:DEFINA OS ITENS DA IDEA\u00c7\u00c3O.<\/p>\n<p>&nbsp;<\/p>\n<p>PROTOTIPA\u00c7\u00c3O:DEFINA OS ITENS DA PROTOTIPA\u00c7\u00c3O.<\/p>\n<p>&nbsp;<\/p>\n<p>IDEIAS E ANOTA\u00c7\u00d5ES:<\/p>\n<p>&nbsp;<\/p>\n<p>2. REALIZA\u00c7\u00c3O (DO)<\/p>\n<p>CRONOGRAMA:<\/p>\n<p>ATIVIDADES PER. 1 PER. 2 PER. 3 PER.4<\/p>\n<p>&nbsp;<\/p>\n<p>&nbsp;<\/p>\n<p>&nbsp;<\/p>\n<p>&nbsp;<\/p>\n<p>&nbsp;<\/p>\n<p>3. VERIFICA\u00c7\u00c3O (CHECK)<\/p>\n<p>Planejamento:<\/p>\n<p>Imers\u00e3o realizada?<\/p>\n<p>() SIM<\/p>\n<p>() N\u00c3O<\/p>\n<p>Idea\u00e7\u00e3o realizada?<\/p>\n<p>() SIM<\/p>\n<p>() N\u00c3O<\/p>\n<p>Prototipa\u00e7\u00e3o realizada?<\/p>\n<p>() SIM<\/p>\n<p>() N\u00c3O<\/p>\n<p>Planejamento est\u00e1 ok?<\/p>\n<p>() SIM<\/p>\n<p>() N\u00c3O<\/p>\n<p>Realiza\u00e7\u00e3o:<\/p>\n<p>Cronograma realizado?<\/p>\n<p>() SIM<\/p>\n<p>() N\u00c3O<\/p>\n<p>Cronograma atende a realiza\u00e7\u00e3o do projeto?<\/p>\n<p>() SIM<\/p>\n<p>() N\u00c3O<\/p>\n<p>Verifica\u00e7\u00e3o:<\/p>\n<p>Cronograma atende a realiza\u00e7\u00e3o do projeto?<\/p>\n<p>() SIM<\/p>\n<p>() N\u00c3O<\/p>\n<p>Projeto atende a proposta da institui\u00e7\u00e3o escolhida?<\/p>\n<p>() SIM<\/p>\n<p>() N\u00c3O<\/p>\n<p>Houve necessidade de mudan\u00e7a de estrat\u00e9gia?<\/p>\n<p>() SIM<\/p>\n<p>() N\u00c3O<\/p>\n<p>Em caso positivo, mencione as mudan\u00e7as e novas estrat\u00e9gias?<\/p>\n<p>&nbsp;<\/p>\n<p>4. A\u00c7\u00c3O (ACT)<\/p>\n<p>A\u00c7\u00c3O PROPOSTA:<\/p>\n<p>&nbsp;<\/p>\n<p>REFER\u00caNCIAS BIBLIOGR\u00c1FICASCAMPO OBRIGAT\u00d3RIO \u2013 Siga a normas ABNT, para isso consulte sua Biblioteca Virtual.<\/p>\n<div class=\"elementor-toggle-item\">\n<p id=\"elementor-tab-title-1941\" class=\"elementor-tab-title elementor-active\" tabindex=\"0\" role=\"tab\" data-tab=\"1\" aria-controls=\"elementor-tab-content-1941\" aria-expanded=\"true\" aria-selected=\"true\"><strong>Como funciona?<\/strong><\/p>\n<p>Elaboramos os portf\u00f3lios, j\u00e1 deixamos prontos, nas normas da ABNT e conforme os requisitos da universidade. F\u00e1cil assim! O MELHOR \u00c9 QUE VOC\u00ca COMPRA E J\u00c1 BAIXA NA HORA O SEU ARQUIVO EM WORD! Sabemos que conciliar trabalho, fam\u00edlia, vida profissional e estudos \u00e9 dif\u00edcil hoje em dia, por isso, estamos aqui para ajudar voc\u00ea. Conte com nossa qualidade, experi\u00eancia e profissionalismo adquirindo seu portf\u00f3lio conosco. GARANTIMOS SEU CONCEITO!<\/p>\n<p><strong>Como se realizam os envios?<\/strong><\/p>\n<\/div>\n<p id=\"elementor-tab-content-1942\" class=\"elementor-tab-content elementor-clearfix elementor-active\" role=\"tabpanel\" data-tab=\"2\" aria-labelledby=\"elementor-tab-title-1942\">O seu trabalho \u00e9 disponibilizado pronto, respondido e nas normas j\u00e1 na mesma hora aqui em nosso site na sua \u00e1rea de downloads e tamb\u00e9m no seu e-mail.<\/p>\n<p><strong>Em quanto tempo recebo o portf\u00f3lio?<\/strong><\/p>\n<p>Os envios s\u00e3o imediatos. Ap\u00f3s sua compra, o trabalho j\u00e1 \u00e9 disponibilizado instantaneamente aqui em nosso site e no seu e-mail.<\/p>\n<p><strong>E se o portf\u00f3lio que comprei precisar de corre\u00e7\u00e3o?<\/strong><\/p>\n<p>Caso haja alguma solicita\u00e7\u00e3o de corre\u00e7\u00e3o\/altera\u00e7\u00e3o por parte do tutor, basta entrar em contato conosco pelo\u00a0WhatsApp\u00a0que provid\u00eanciaremos sem custo algum.<\/p>\n<p><strong>Qual o formato do arquivo?<\/strong><\/p>\n<p>Os arquivos s\u00e3o enviados em formato Word e s\u00e3o edit\u00e1veis.<\/p>\n<p><strong>Caso eu tiver alguma d\u00favida, terei suporte no p\u00f3s venda?<\/strong><\/p>\n<p>Sim, com certeza. Basta clicar no \u00edcone do WhatsApp no cantinho da tela. Ser\u00e1 um prazer atend\u00ea-lo(a).<\/p>\n<div id=\"elementor-tab-content-1948\" class=\"elementor-tab-content elementor-clearfix elementor-active\" role=\"tabpanel\" data-tab=\"8\" aria-labelledby=\"elementor-tab-title-1948\">\n<p><strong>Quais os seus canais de contato?<\/strong><\/p>\n<\/div>\n<div id=\"elementor-tab-content-1949\" class=\"elementor-tab-content elementor-clearfix elementor-active\" role=\"tabpanel\" data-tab=\"9\" aria-labelledby=\"elementor-tab-title-1949\">\n<p>Whatsapp: 53 984751621 \u2013 Clicar no canto da tela ou ESCANEIE O QRCODE ABAIXO<\/p>\n<h4><img decoding=\"async\" class=\"alignnone wp-image-13699 jetpack-lazy-image jetpack-lazy-image--handled\" src=\"https:\/\/i0.wp.com\/portifolioos-prontos.com\/wp-content\/uploads\/2023\/02\/whatsapp-business-projeto-de-extensao-300x300.jpeg?resize=144%2C144\" sizes=\"(max-width: 144px) 100vw, 144px\" srcset=\"https:\/\/i0.wp.com\/portifolioos-prontos.com\/wp-content\/uploads\/2023\/02\/whatsapp-business-projeto-de-extensao.jpeg?resize=300%2C301&amp;ssl=1 300w, https:\/\/i0.wp.com\/portifolioos-prontos.com\/wp-content\/uploads\/2023\/02\/whatsapp-business-projeto-de-extensao.jpeg?resize=150%2C150&amp;ssl=1 150w, https:\/\/i0.wp.com\/portifolioos-prontos.com\/wp-content\/uploads\/2023\/02\/whatsapp-business-projeto-de-extensao.jpeg?resize=370%2C372&amp;ssl=1 370w, https:\/\/i0.wp.com\/portifolioos-prontos.com\/wp-content\/uploads\/2023\/02\/whatsapp-business-projeto-de-extensao.jpeg?resize=100%2C100&amp;ssl=1 100w, https:\/\/i0.wp.com\/portifolioos-prontos.com\/wp-content\/uploads\/2023\/02\/whatsapp-business-projeto-de-extensao.jpeg?w=470&amp;ssl=1 470w\" alt=\"projeto de extens\u00e3o unopar\" width=\"144\" height=\"144\" data-lazy-loaded=\"1\" \/><\/h4>\n<\/div>\n<div class=\"elementor-toggle-item\">\n<div id=\"elementor-tab-content-1949\" class=\"elementor-tab-content elementor-clearfix elementor-active\" role=\"tabpanel\" data-tab=\"9\" aria-labelledby=\"elementor-tab-title-1949\">\n<p>E-mail:portifoliosp@gmail.com<\/p>\n<div id=\"attachment_143\" class=\"wp-caption alignnone\">\n<div id=\"attachment_143\" class=\"wp-caption alignnone\">\n<p id=\"caption-attachment-143\" class=\"wp-caption-text\">Portf\u00f3lio em Word, respondido, completo e j\u00e1 nas normas.<\/p>\n<\/div>\n<\/div>\n<\/div>\n<\/div>\n<\/div>\n","protected":false},"excerpt":{"rendered":"<div class=\"product-short-description\">\n<div><span style=\"color: #ff0000\"><strong>Compre e receba o Relat\u00f3rio Final de Atividades Extensionistas j\u00e1 preenchido, com um projeto totalmente desenvolvido para entrega.<\/strong><\/span><\/div>\n<div class=\"product-short-description\"><strong>Pague pelo PIX ou cart\u00e3o e fa\u00e7a o download agora mesmo.<\/strong><\/div>\n<div class=\"sticky-add-to-cart-wrapper\">\n<div class=\"sticky-add-to-cart\">\n<p class=\"quantity buttons_added form-flat\"><img decoding=\"async\" class=\"lazyloaded smush-image-5 smush-image-3 smush-image-4 smush-detected-img smush-image-bigger-3\" src=\"https:\/\/d26lpennugtm8s.cloudfront.net\/assets\/common\/img\/logos\/payment\/visa@2x.png\" width=\"46\" height=\"29\" data-src=\"https:\/\/d26lpennugtm8s.cloudfront.net\/assets\/common\/img\/logos\/payment\/visa@2x.png\" \/><img decoding=\"async\" class=\"lazyloaded smush-image-6 smush-image-4 smush-image-5 smush-detected-img smush-image-bigger-4\" src=\"https:\/\/d26lpennugtm8s.cloudfront.net\/assets\/common\/img\/logos\/payment\/boleto@2x.png\" width=\"43\" height=\"27\" data-src=\"https:\/\/d26lpennugtm8s.cloudfront.net\/assets\/common\/img\/logos\/payment\/boleto@2x.png\" \/><img loading=\"lazy\" decoding=\"async\" class=\"lazyloaded smush-image-7 smush-image-5 smush-image-6 smush-detected-img smush-image-bigger-5\" src=\"https:\/\/d26lpennugtm8s.cloudfront.net\/assets\/common\/img\/logos\/payment\/mastercard@2x.png\" width=\"43\" height=\"27\" data-src=\"https:\/\/d26lpennugtm8s.cloudfront.net\/assets\/common\/img\/logos\/payment\/mastercard@2x.png\" \/><img loading=\"lazy\" decoding=\"async\" class=\"lazyloaded smush-image-8 smush-image-6 smush-image-7 smush-detected-img smush-image-bigger-6\" src=\"https:\/\/d26lpennugtm8s.cloudfront.net\/assets\/common\/img\/logos\/payment\/amex@2x.png\" width=\"43\" height=\"27\" data-src=\"https:\/\/d26lpennugtm8s.cloudfront.net\/assets\/common\/img\/logos\/payment\/amex@2x.png\" \/><img loading=\"lazy\" decoding=\"async\" class=\"lazyloaded smush-image-9 smush-image-7 smush-image-8 smush-detected-img smush-image-bigger-7\" src=\"https:\/\/d26lpennugtm8s.cloudfront.net\/assets\/common\/img\/logos\/payment\/diners@2x.png\" width=\"46\" height=\"29\" data-src=\"https:\/\/d26lpennugtm8s.cloudfront.net\/assets\/common\/img\/logos\/payment\/diners@2x.png\" \/><img loading=\"lazy\" decoding=\"async\" class=\"lazyloaded smush-image-10 smush-image-8 smush-image-9 alignnone smush-detected-img smush-image-bigger-8\" src=\"https:\/\/d26lpennugtm8s.cloudfront.net\/assets\/common\/img\/logos\/payment\/br\/elo@2x.png\" alt=\"portf\u00f3lio unopar anhanguera\" width=\"45\" height=\"28\" data-src=\"https:\/\/d26lpennugtm8s.cloudfront.net\/assets\/common\/img\/logos\/payment\/br\/elo@2x.png\" \/><img loading=\"lazy\" decoding=\"async\" class=\"lazyloaded smush-image-11 smush-image-9 smush-image-10 alignnone smush-detected-img smush-image-bigger-9\" src=\"https:\/\/d26lpennugtm8s.cloudfront.net\/assets\/common\/img\/logos\/payment\/br\/hipercard@2x.png\" alt=\"portf\u00f3lio unopar anhanguera\" width=\"44\" height=\"28\" data-src=\"https:\/\/d26lpennugtm8s.cloudfront.net\/assets\/common\/img\/logos\/payment\/br\/hipercard@2x.png\" \/><img loading=\"lazy\" decoding=\"async\" class=\"lazyloaded smush-image-12 smush-image-10 smush-image-11 alignnone smush-detected-img smush-image-bigger-10\" src=\"https:\/\/d26lpennugtm8s.cloudfront.net\/assets\/common\/img\/logos\/payment\/mercadopago@2x.png\" alt=\"portf\u00f3lio unopar anhanguera\" width=\"45\" height=\"28\" data-src=\"https:\/\/d26lpennugtm8s.cloudfront.net\/assets\/common\/img\/logos\/payment\/mercadopago@2x.png\" \/><img loading=\"lazy\" decoding=\"async\" class=\"alignnone ls-is-cached lazyloaded smush-detected-img smush-image-bigger-11\" src=\"https:\/\/futurium.com.br\/wp-content\/uploads\/2021\/06\/logo-pix-icone-512.png\" alt=\"portfolio pronto\" width=\"30\" height=\"30\" data-src=\"https:\/\/futurium.com.br\/wp-content\/uploads\/2021\/06\/logo-pix-icone-512.png\" \/><\/p>\n<\/div>\n<\/div>\n<\/div>\n","protected":false},"featured_media":13273,"template":"","meta":{"_seopress_robots_primary_cat":"none","_seopress_titles_title":"%%post_title%% %%sitetitle%%","_seopress_titles_desc":"","_seopress_robots_index":""},"product_cat":[51,15],"product_tag":[736],"class_list":{"0":"post-13068","1":"product","2":"type-product","3":"status-publish","4":"has-post-thumbnail","6":"product_cat-nutricao","7":"product_cat-uncategorized","8":"product_tag-projeto-de-extensao-programa-de-contexto-a-comunidade","10":"first","11":"instock","12":"featured","13":"downloadable","14":"virtual","15":"purchasable","16":"product-type-simple","17":"col-xs-6 col-sm-4","18":"col-mf-5","19":"un-5-cols"},"jetpack_sharing_enabled":true,"_links":{"self":[{"href":"https:\/\/portifolioos-prontos.com\/index.php\/wp-json\/wp\/v2\/product\/13068","targetHints":{"allow":["GET"]}}],"collection":[{"href":"https:\/\/portifolioos-prontos.com\/index.php\/wp-json\/wp\/v2\/product"}],"about":[{"href":"https:\/\/portifolioos-prontos.com\/index.php\/wp-json\/wp\/v2\/types\/product"}],"version-history":[{"count":1,"href":"https:\/\/portifolioos-prontos.com\/index.php\/wp-json\/wp\/v2\/product\/13068\/revisions"}],"predecessor-version":[{"id":44308,"href":"https:\/\/portifolioos-prontos.com\/index.php\/wp-json\/wp\/v2\/product\/13068\/revisions\/44308"}],"wp:featuredmedia":[{"embeddable":true,"href":"https:\/\/portifolioos-prontos.com\/index.php\/wp-json\/wp\/v2\/media\/13273"}],"wp:attachment":[{"href":"https:\/\/portifolioos-prontos.com\/index.php\/wp-json\/wp\/v2\/media?parent=13068"}],"wp:term":[{"taxonomy":"product_cat","embeddable":true,"href":"https:\/\/portifolioos-prontos.com\/index.php\/wp-json\/wp\/v2\/product_cat?post=13068"},{"taxonomy":"product_tag","embeddable":true,"href":"https:\/\/portifolioos-prontos.com\/index.php\/wp-json\/wp\/v2\/product_tag?post=13068"}],"curies":[{"name":"wp","href":"https:\/\/api.w.org\/{rel}","templated":true}]}}