{"id":13073,"date":"2023-01-26T14:09:26","date_gmt":"2023-01-26T17:09:26","guid":{"rendered":"https:\/\/portifolioos-prontos.com\/?post_type=product&#038;p=13073"},"modified":"2024-05-20T21:21:46","modified_gmt":"2024-05-21T00:21:46","slug":"atividade-pratica-radiografia-convencional","status":"publish","type":"product","link":"https:\/\/portifolioos-prontos.com\/index.php\/product\/atividade-pratica-radiografia-convencional\/","title":{"rendered":"Atividade pr\u00e1tica Radiografia convencional"},"content":{"rendered":"<h4>Atividade pr\u00e1tica Radiografia convencional<\/h4>\n<hr \/>\n<p>OBJETIVOS<br \/>\nA proposta desta atividade pr\u00e1tica est\u00e1 amparada nos seguintes objetivos:<br \/>\n\u2022 Aprender a manuzear o equipamento de radiografia.<br \/>\n\u2022 Aprender a posicionar o paciente no equipamento.<\/p>\n<p>RECURSOS<br \/>\nComputador com acesso \u00e0 internet e ao ambiente virtual.<\/p>\n<p>PROCEDIMENTOS PR\u00c1TICOS<br \/>\nAtividade proposta 1 \u2013 Equipamento de raio X<br \/>\nConhecendo o equipamento de de raio X.<br \/>\nProcedimentos para a realiza\u00e7\u00e3o da atividade<br \/>\n\u2022 Os procedimentos ser\u00e3o realizados por meio do VirtuaLab Algetec.<br \/>\n\u2022 Acessar o laborat\u00f3rio virtual\u00a0ALGETEC;<br \/>\n\u2022 Ao abrir a unidade, voc\u00ea dever\u00e1 acessar o t\u00f3pico \u201cExperimento\u201d &gt; \u201cAcesse o laborat\u00f3rio\u201d:<\/p>\n<p>\u2022 Em seguida, voc\u00ea j\u00e1 ser\u00e1 direcionado ao laborat\u00f3rio onde realizaremos o nosso<br \/>\nprimeiro procedimento.<br \/>\nASSISTA O V\u00cdDEO NESSE\u00a0LINK:<br \/>\nConhecendo o equipamento:<br \/>\n<a href=\"https:\/\/mdstrm.com\/embed\/6390dbb2b6053b1f87521be5\" rel=\"nofollow\">https:\/\/mdstrm.com\/embed\/6390dbb2b6053b1f87521be5<\/a><\/p>\n<p>Ajustando a fonte de raio-x:\u00a0<a href=\"https:\/\/mdstrm.com\/embed\/6390dc6d2f3ca50873e9e0ed\" rel=\"nofollow\">https:\/\/mdstrm.com\/embed\/6390dc6d2f3ca50873e9e0ed<\/a><br \/>\nAjustando o colimador:\u00a0<a href=\"https:\/\/mdstrm.com\/embed\/6390dc708e4c4809971141e6\" rel=\"nofollow\">https:\/\/mdstrm.com\/embed\/6390dc708e4c4809971141e6<\/a><br \/>\nBucky mural:\u00a0<a href=\"https:\/\/mdstrm.com\/embed\/6390db49d0b560097b7d2d07\" rel=\"nofollow\">https:\/\/mdstrm.com\/embed\/6390db49d0b560097b7d2d07<\/a><br \/>\nChassi no bucky mural:\u00a0<a href=\"https:\/\/mdstrm.com\/embed\/6390dbda986de90898a131fe\" rel=\"nofollow\">https:\/\/mdstrm.com\/embed\/6390dbda986de90898a131fe<\/a><br \/>\nPainel de controle incid\u00eancias:<br \/>\n<a href=\"https:\/\/mdstrm.com\/embed\/6390dbf51e9d20087bbb410c\" rel=\"nofollow\">https:\/\/mdstrm.com\/embed\/6390dbf51e9d20087bbb410c<\/a><\/p>\n<p>ESTATIVA PORTA TUBO: Ajuste a posi\u00e7\u00e3o vertical do conjunto fonte de raio X, clicando com bot\u00e3o<br \/>\nesquerdo do mouse na \u00e1rea do bot\u00e3o indicado.<\/p>\n<p>Ative o freio do conjunto emissor de raio-X clicando em um dos cabos com o bot\u00e3o esquerdo do<br \/>\nmouse.<\/p>\n<p>Desloque o conjunto na vertical, clicando com o bot\u00e3o esquerdo do mouse nos cabos da<br \/>\nmanopla. O cabo esquerdo direciona o freio para baixo e o cabo direito para cima. Se preferir,<br \/>\ntamb\u00e9m pode ser utilizado os bot\u00f5es para elevar ou abaixar o conjunto de feixe, clicando com o<br \/>\nbot\u00e3o esquerdo do mouse.<\/p>\n<p>Feche a janela clicando no X. Com isso, a janela deixa de ser exibida e o bot\u00e3o do freio<br \/>\nvertical deixa de ser pressionado.<\/p>\n<p>Ajuste a posi\u00e7\u00e3o longitudinal do conjunto fonte de raio X, clicando com bot\u00e3o esquerdo do mouse<br \/>\nna \u00e1rea do bot\u00e3o indicado. Utilize os cabos ou bot\u00f5es para realizar o ajuste.<\/p>\n<p>Ajuste a posi\u00e7\u00e3o transversal do conjunto fonte de raio X, clicando com bot\u00e3o esquerdo do mouse<br \/>\nna \u00e1rea do bot\u00e3o indicado. Utilize os cabos ou bot\u00f5es para realizar o ajuste.<\/p>\n<p>Ajuste o \u00e2ngulo do conjunto fonte de raio X, clicando com bot\u00e3o esquerdo do mouse na \u00e1rea do<br \/>\nbot\u00e3o indicado.<\/p>\n<p>Ative o freio do conjunto emissor de raio-X clicando em um dos cabos com o bot\u00e3o esquerdo do<br \/>\nmouse.<\/p>\n<p>\u00c9 exibido o indicador gravitacional do \u00e2ngulo de incid\u00eancia da radiografia. O \u00e2ngulo \u00e9 definido<br \/>\npela posi\u00e7\u00e3o da esfera neste componente. Mova o conjunto, utilizando as setas dispon\u00edveis ou<br \/>\ncabos clicando com o bot\u00e3o esquerdo do mouse.<\/p>\n<p>Feche a janela clicando no X. Com isso, a janela deixa de ser exibida e o bot\u00e3o do freio<br \/>\nangular deixa de ser pressionado.<\/p>\n<p>AJUSTANDO O COLIMADOR DA FONTE DE RAIO-X<br \/>\nDefina a \u00e1rea que ser\u00e1 radiografada, iluminando a \u00e1rea de incid\u00eancia do equipamento clicando<br \/>\nno bot\u00e3o \u201ccolimador luminoso\u201d com o bot\u00e3o esquerdo do mouse.<\/p>\n<p>Ajuste a abertura do colimador clicando no bot\u00e3o de ajuste do tamanho do campo irradiado com<br \/>\no bot\u00e3o esquerdo do mouse.<\/p>\n<p>Ajuste a abertura do colimador clicando e arrastando o slider com o bot\u00e3o esquerdo do mouse.<\/p>\n<p>Ajuste a largura do colimador clicando no bot\u00e3o de ajuste do tamanho do campo irradiado com<br \/>\no bot\u00e3o esquerdo do mouse.<\/p>\n<p>Ajuste a abertura do colimador clicando e arrastando o slider com o bot\u00e3o esquerdo do mouse.<\/p>\n<p>AJUSTANDO A MESA DE EXAMES<br \/>\nVIS\u00c3O GERAL: A mesa de exames \u00e9 indicada para incid\u00eancias radiogr\u00e1ficas verticais. Abra e feche<br \/>\na bandeja porta-filme clicando com o bot\u00e3o esquerdo do mouse.<\/p>\n<p>Para liberar os movimentos da mesa de exames clicando com o bot\u00e3o esquerdo do mouse no<br \/>\npedal de freio.<\/p>\n<p>Acione as op\u00e7\u00f5es de movimenta\u00e7\u00e3o da mesa de exames, clicando com o bot\u00e3o esquerdo do<br \/>\nmouse sobre ela.<\/p>\n<p>Movimente a mesa no clicando nas setas com o bot\u00e3o esquerdo do mouse.<\/p>\n<p>Para fechar a janela e desativar a movimenta\u00e7\u00e3o clique no \u201cX\u201d com o bot\u00e3o esquerdo do mouse.<\/p>\n<p>AJUSTANDO A ESTATIVA BUCK MURAL<br \/>\nRegule a posi\u00e7\u00e3o do tampo do Bucky mural para incid\u00eancias horizontais, clicando no<br \/>\nequipamento com o bot\u00e3o direito do mouse e selecionando a op\u00e7\u00e3o \u201cAjustar altura\u201d.<\/p>\n<p>Realize o ajuste da altura do Bucky mural clicando e arrastando o slider da janela com o bot\u00e3o<br \/>\nesquerdo do mouse.<\/p>\n<p>BUCK MURAL: A bandeja porta-filme pode ser aberta ou fechada clicando no puxador da bandeja<br \/>\ncom o bot\u00e3o esquerdo do mouse.<\/p>\n<p>ESCOLHENDO A INCID\u00caNCIA<br \/>\nVIS\u00c3O GERAL: Visualize a lista de incid\u00eancia clicando com o bot\u00e3o esquerdo.<\/p>\n<p>INCID\u00caNCIA: Abra a lista de incid\u00eancia clicando na seta com o bot\u00e3o esquerdo do mouse.<\/p>\n<p>Role a barra de rolagem para verificar a lista completa de incid\u00eancias clicando na barra de<br \/>\nrolagem com o bot\u00e3o esquerdo do mouse.<\/p>\n<p>Mova a ficha de incid\u00eancia pressionando a seta qu\u00e1drupla com o bot\u00e3o esquerdo do mouse para<br \/>\no local desejado.<\/p>\n<p>Feche a ficha de incid\u00eancia clicando no \u201cX\u201d com o bot\u00e3o esquerdo do mouse.<\/p>\n<p>Selecione a incid\u00eancia clicando na incid\u00eancia desejada (Exemplo: \u201cAP Verdadeiro de Ombro \u2013<br \/>\nRota\u00e7\u00e3o Interna\u201d) com o bot\u00e3o esquerdo do mouse.<\/p>\n<p>Checklist:<br \/>\n1. Qual o objetivo do colimador?<br \/>\n2. Qual a fun\u00e7\u00e3o do biombo na radiologia? Do que \u00e9 feito o biombo na radiologia<br \/>\ne o que este material faz com o raio x?<br \/>\n3. Cite exemplos pr\u00e1ticos da aplicabilidade da do Bucky mural e da mesa de raio<br \/>\nx.<\/p>\n<p>Atividade proposta 2 \u2013 Posicionamento do membro superior<br \/>\nPosicionar o paciente no Bucky mural para radiografas os membros superiores.<br \/>\nProcedimentos para a realiza\u00e7\u00e3o da atividade<br \/>\n\u2022 Os procedimentos ser\u00e3o realizados por meio do VirtuaLab Algetec.<br \/>\n\u2022 Ao abrir a unidade, voc\u00ea dever\u00e1 acessar o t\u00f3pico \u201cExperimento\u201d &gt; \u201cAcesse o<br \/>\nlaborat\u00f3rio\u201d:<\/p>\n<p>\u2022 Em seguida, voc\u00ea j\u00e1 ser\u00e1 direcionado ao laborat\u00f3rio onde realizaremos o nosso<br \/>\nterceiro procedimento.<br \/>\nASSISTA O V\u00cdDEO NESSE LINK:<br \/>\nConfigura\u00e7\u00e3o do painel de comando:<br \/>\n<a href=\"https:\/\/mdstrm.com\/embed\/6390d98691816308a4b3ed5c\" rel=\"nofollow\">https:\/\/mdstrm.com\/embed\/6390d98691816308a4b3ed5c<\/a><br \/>\nPosi\u00e7\u00e3o do paciente 01:\u00a0<a href=\"https:\/\/mdstrm.com\/embed\/6390d97591816308a4b3ed3c\" rel=\"nofollow\">https:\/\/mdstrm.com\/embed\/6390d97591816308a4b3ed3c<\/a><br \/>\nPosi\u00e7\u00e3o do paciente 02:\u00a0<a href=\"https:\/\/mdstrm.com\/embed\/6390d9e71ba3c1659a28ddcf\" rel=\"nofollow\">https:\/\/mdstrm.com\/embed\/6390d9e71ba3c1659a28ddcf<\/a><br \/>\nPosi\u00e7\u00e3o do paciente 03:\u00a0<a href=\"https:\/\/mdstrm.com\/embed\/6390da168e0dc808897b98d3\" rel=\"nofollow\">https:\/\/mdstrm.com\/embed\/6390da168e0dc808897b98d3<\/a><\/p>\n<p>\u2022 Neste procedimento voc\u00ea ir\u00e1 aprender a manusear o equipamento de radiografia e a posi\u00e7\u00e3o<br \/>\ndo paciente perante ao equipamento.<br \/>\n\u2022 Usando o laborat\u00f3rio virtual ALGETEC:<br \/>\n1. Clique em Radiografia e dosimetria;<br \/>\n2. Clique em: Radiografia dos membros superiores;<br \/>\n3. Selecionando o experimento:<br \/>\nCONFIGURANDO O PAINEL DE CONTROLE<br \/>\nVisualize o painel de comandos clicando com o bot\u00e3o esquerdo do mouse na c\u00e2mera com o nome<br \/>\n\u201cPainel de comandos\u201d ou atrav\u00e9s do atalho do teclado \u201cAlt+5\u201d.<\/p>\n<p>Ligue o painel de controle clicando no bot\u00e3o \u201cLiga\/Desl.\u201d Com o bot\u00e3o esquerdo do mouse.<\/p>\n<p>Configure os comandos clicando nos bot\u00f5es com o bot\u00e3o esquerdo do mouse.<\/p>\n<p>Gire os bot\u00f5es com o aux\u00edlio do mouse, ou clique nas setas com o bot\u00e3o esquerdo do mouse. Para efetuar<br \/>\na configura\u00e7\u00e3o utilize os par\u00e2metros: 60 a 70 Kv, sendo que o bot\u00e3o KV+ (A) realiza a contagem por 10KV,<br \/>\ne o KV- (B) realiza a contagem de 1 a 9; mA (1): 80 a 120; tempo (2): 0.10 a 0.20; sele\u00e7\u00e3o de posto (3):<br \/>\n\u201cvertical\u201d.<\/p>\n<p>Verifique se todas as incid\u00eancias est\u00e3o marcadas com o \u201cX\u201d, correspondendo a etapa correta. Siga para o<br \/>\npr\u00f3ximo passo clicando com bot\u00e3o esquerdo do mouse em \u201cVerificar pr\u00f3ximo passo\u201d.<\/p>\n<p>Visualize o paciente e equipamentos radiogr\u00e1ficos clicando com o bot\u00e3o esquerdo do mouse na c\u00e2mera<br \/>\ncom o nome \u201cVis\u00e3o geral\u201d ou atrav\u00e9s do atalho do teclado \u201cAlt+1\u201d.<\/p>\n<p>Incid\u00eancias espec\u00edficas j\u00e1 est\u00e3o realizadas automaticamente, verifique os par\u00e2metros utilizados. Em<br \/>\nseguida, clique em \u201cVisualizar pr\u00f3ximo passo\u201d com o bot\u00e3o esquerdo do mouse\u201d.<\/p>\n<p>POSICIONANDO O RAIO DA IMAGEM<br \/>\nPara execu\u00e7\u00e3o dos pr\u00f3ximos passos ser\u00e1 preciso executar a altura do Bucky mural e estativa porta-tubos.<\/p>\n<p>Regule a posi\u00e7\u00e3o do tampo do Bucky para incid\u00eancias horizontais, de forma que a linha central horizontal<br \/>\nesteja na \u00e1rea de interesse, clicando no equipamento com o bot\u00e3o direito do mouse e selecionando a<br \/>\nop\u00e7\u00e3o \u201cAjustar altura\u201d.<\/p>\n<p>Realize o ajuste da altura do Bucky mural clicando e arrastando o slider da janela com o bot\u00e3o esquerdo<br \/>\ndo mouse.<\/p>\n<p>Ajuste o \u00e2ngulo do conjunto fonte de raio X at\u00e9 que a esfera esteja em 90o graus e o colimador esteja<br \/>\ndirecionado para a regi\u00e3o do Bucky mural clicando com o bot\u00e3o esquerdo do mouse na \u00e1rea do bot\u00e3o<br \/>\nindicado.<\/p>\n<p>Ative o freio angular clicando em um dos cabos com o bot\u00e3o esquerdo do mouse. Mova o conjunto,<br \/>\nutilizando as setas dispon\u00edveis ou cabos clicando com o bot\u00e3o esquerdo do mouse.<\/p>\n<p>Defina a \u00e1rea que ser\u00e1 radiografada, iluminando a \u00e1rea de incid\u00eancia do equipamento clicando no bot\u00e3o<br \/>\n\u201ccolimador luminoso\u201d com o bot\u00e3o esquerdo do mouse.<\/p>\n<p>Ajuste a posi\u00e7\u00e3o vertical do conjunto fonte de raio X, clicando com bot\u00e3o esquerdo do mouse na \u00e1rea do<br \/>\nbot\u00e3o indicado, e ative essa fun\u00e7\u00e3o clicando em um dos cabos.<\/p>\n<p>Desloque o conjunto na vertical, clicando com o bot\u00e3o esquerdo do mouse nos cabos da manopla ou nos<br \/>\nbot\u00f5es para elevar ou abaixar o conjunto de feixe.<\/p>\n<p>Ajuste a posi\u00e7\u00e3o transversal do conjunto fonte de raio X, clicando com bot\u00e3o esquerdo do mouse na \u00e1rea<br \/>\ndo bot\u00e3o indicado, e ative essa fun\u00e7\u00e3o clicando em um dos cabos.<\/p>\n<p>Desloque o conjunto do freio de raio-X, clicando com o bot\u00e3o esquerdo do mouse nos cabos da manopla<br \/>\nou nos bot\u00f5es do conjunto de feixe.<\/p>\n<p>Incid\u00eancias completas siga para o pr\u00f3ximo passo clicando em \u201cVerificar pr\u00f3ximo passo\u201d com o bot\u00e3o<br \/>\nesquerdo do mouse.<\/p>\n<p>Para execu\u00e7\u00e3o do pr\u00f3ximo passo ser\u00e1 preciso executar a estativa porta-tubos.<\/p>\n<p>Ajuste a posi\u00e7\u00e3o longitudinal do conjunto fonte de raio X, clicando com bot\u00e3o esquerdo do mouse na \u00e1rea<br \/>\ndo bot\u00e3o indicado, ative essa fun\u00e7\u00e3o clicando em um dos cabos.<\/p>\n<p>Desloque o conjunto do freio de raio-X, clicando com o bot\u00e3o esquerdo do mouse nos cabos da manopla<br \/>\nou nos bot\u00f5es do conjunto de feixe, at\u00e9 a marca\u00e7\u00e3o de 100cm.<\/p>\n<p>Incid\u00eancias completas siga para o pr\u00f3ximo passo clicando em \u201cVerificar pr\u00f3ximo passo\u201d com o bot\u00e3o<br \/>\nesquerdo do mouse.<\/p>\n<p>RESTRINGINDO O FEIXE<br \/>\nPara execu\u00e7\u00e3o dos pr\u00f3ximos passos ser\u00e1 preciso executar o colimador e arm\u00e1rio contendo os chassis<br \/>\nradiogr\u00e1ficos.<\/p>\n<p>Ajuste a abertura do colimador clicando no bot\u00e3o de ajuste do tamanho do campo irradiado com o bot\u00e3o<br \/>\nesquerdo do mouse.<\/p>\n<p>Ajuste a abertura do colimador clicando e arrastando o slider com o bot\u00e3o esquerdo do mouse.<\/p>\n<p>Ajuste a largura do colimador clicando no bot\u00e3o de ajuste do tamanho do campo irradiado com o bot\u00e3o<br \/>\nesquerdo do mouse.<\/p>\n<p>Ajuste a abertura do colimador clicando e arrastando o slider com o bot\u00e3o esquerdo do mouse.<\/p>\n<p>Abra bandeja porta-filme clicando no puxador da bandeja com o bot\u00e3o esquerdo do mouse.<\/p>\n<p>Visualize o arm\u00e1rio com os chassis radiogr\u00e1ficos clicando com o bot\u00e3o esquerdo do mouse na c\u00e2mera com<br \/>\no nome \u201cArm\u00e1rio\u201d ou atrav\u00e9s do atalho do teclado \u201cAlt+6\u201d.<\/p>\n<p>Abra a porta do arm\u00e1rio clicando na porta com o bot\u00e3o esquerdo do mouse.<\/p>\n<p>Mova o chassi com o tamanho 18x24cm para o Buck mural clicando com o bot\u00e3o direito do mouse e<br \/>\nselecionando a op\u00e7\u00e3o \u201cColocar no mural (vertical)\u201d.<\/p>\n<p>Visualize o arm\u00e1rio com os chassis radiogr\u00e1ficos clicando com o bot\u00e3o esquerdo do mouse na c\u00e2mera com<br \/>\no nome \u201cArm\u00e1rio\u201d ou atrav\u00e9s do atalho do teclado \u201cAlt+6\u201d.<\/p>\n<p>Feche a porta do arm\u00e1rio clicando na porta com o bot\u00e3o esquerdo do mouse.<\/p>\n<p>Visualize o paciente e Bucky mural clicando com o bot\u00e3o esquerdo do mouse na c\u00e2mera com o nome \u201cVis\u00e3o<br \/>\ngeral\u201d ou atrav\u00e9s do atalho do teclado \u201cAlt+1\u201d.<\/p>\n<p>Feche a bandeja porta-filme clicando no puxador da bandeja com o bot\u00e3o esquerdo do mouse.<\/p>\n<p>Incid\u00eancias completas siga para o pr\u00f3ximo passo clicando em \u201cVerificar pr\u00f3ximo passo\u201d com o bot\u00e3o<br \/>\nesquerdo do mouse.<\/p>\n<p>Incid\u00eancias conclu\u00eddas, escolha a pr\u00f3xima incid\u00eancia a ser executada.<\/p>\n<p>Checklist:<br \/>\n1. Qual a fun\u00e7\u00e3o do painel de controle?<br \/>\n2. Qual a import\u00e2ncia de posicionar o paciente corretamente no Bucky mural?<br \/>\nRESULTADO<br \/>\nEntrega de um arquivo word que contemple todas as etapas da atividade pr\u00e1tica (Atividades 1<br \/>\ne 2), respondendo \u00e0 todas as quest\u00f5es propostas no checklist.<\/p>\n<div class=\"elementor-toggle-item\">\n<h4 id=\"elementor-tab-title-1941\" class=\"elementor-tab-title elementor-active\" tabindex=\"0\" role=\"tab\" data-tab=\"1\" aria-controls=\"elementor-tab-content-1941\" aria-expanded=\"true\" aria-selected=\"true\">Como funciona?<\/h4>\n<div id=\"elementor-tab-content-1941\" class=\"elementor-tab-content elementor-clearfix elementor-active\" role=\"tabpanel\" data-tab=\"1\" aria-labelledby=\"elementor-tab-title-1941\">\n<p>Elaboramos os portf\u00f3lios, j\u00e1 deixamos prontos, nas normas da ABNT e conforme os requisitos da universidade. F\u00e1cil assim! O MELHOR \u00c9 QUE VOC\u00ca COMPRA E J\u00c1 BAIXA NA HORA O SEU ARQUIVO EM WORD! Sabemos que conciliar trabalho, fam\u00edlia, vida profissional e estudos \u00e9 dif\u00edcil hoje em dia, por isso, estamos aqui para ajudar voc\u00ea. Conte com nossa qualidade, experi\u00eancia e profissionalismo adquirindo seu portf\u00f3lio conosco. GARANTIMOS SEU CONCEITO!<\/p>\n<h4>Como se realizam os envios?<\/h4>\n<\/div>\n<\/div>\n<div class=\"elementor-toggle-item\">\n<div id=\"elementor-tab-content-1942\" class=\"elementor-tab-content elementor-clearfix elementor-active\" role=\"tabpanel\" data-tab=\"2\" aria-labelledby=\"elementor-tab-title-1942\">O seu trabalho \u00e9 disponibilizado pronto, respondido e nas normas j\u00e1 na mesma hora aqui em nosso site na sua \u00e1rea de downloads e tamb\u00e9m no seu e-mail.<\/div>\n<\/div>\n<div class=\"elementor-toggle-item\">\n<div id=\"elementor-tab-content-1943\" class=\"elementor-tab-content elementor-clearfix elementor-active\" role=\"tabpanel\" data-tab=\"3\" aria-labelledby=\"elementor-tab-title-1943\">\n<h4>Em quanto tempo recebo o portf\u00f3lio?<\/h4>\n<\/div>\n<\/div>\n<div class=\"elementor-toggle-item\">\n<div id=\"elementor-tab-content-1944\" class=\"elementor-tab-content elementor-clearfix elementor-active\" role=\"tabpanel\" data-tab=\"4\" aria-labelledby=\"elementor-tab-title-1944\">\n<p>Os envios s\u00e3o imediatos. Ap\u00f3s sua compra, o trabalho j\u00e1 \u00e9 disponibilizado instantaneamente aqui em nosso site e no seu e-mail.<\/p>\n<h4>E se o portf\u00f3lio que comprei precisar de corre\u00e7\u00e3o?<\/h4>\n<\/div>\n<\/div>\n<div class=\"elementor-toggle-item\">\n<div id=\"elementor-tab-content-1945\" class=\"elementor-tab-content elementor-clearfix elementor-active\" role=\"tabpanel\" data-tab=\"5\" aria-labelledby=\"elementor-tab-title-1945\">\n<p>Caso haja alguma solicita\u00e7\u00e3o de corre\u00e7\u00e3o\/altera\u00e7\u00e3o por parte do tutor, basta entrar em contato conosco pelo\u00a0<a href=\"https:\/\/api.whatsapp.com\/send\/?phone=5553984751621&amp;text&amp;app_absent=0\">WhatsApp<\/a>\u00a0que provid\u00eanciaremos sem custo algum.<\/p>\n<h4>Qual o formato do arquivo?<\/h4>\n<\/div>\n<\/div>\n<div class=\"elementor-toggle-item\">\n<div id=\"elementor-tab-content-1946\" class=\"elementor-tab-content elementor-clearfix elementor-active\" role=\"tabpanel\" data-tab=\"6\" aria-labelledby=\"elementor-tab-title-1946\">\n<p>Os arquivos s\u00e3o enviados em formato Word e s\u00e3o edit\u00e1veis.<\/p>\n<h4>Caso eu tiver alguma d\u00favida, terei suporte no p\u00f3s venda?<\/h4>\n<\/div>\n<\/div>\n<div class=\"elementor-toggle-item\">\n<div id=\"elementor-tab-content-1948\" class=\"elementor-tab-content elementor-clearfix elementor-active\" role=\"tabpanel\" data-tab=\"8\" aria-labelledby=\"elementor-tab-title-1948\">\n<p>Sim, com certeza. Basta clicar no \u00edcone do WhatsApp no cantinho da tela. Ser\u00e1 um prazer atend\u00ea-lo(a).<\/p>\n<div class=\"elementor-toggle-item\">\n<div id=\"elementor-tab-content-1948\" class=\"elementor-tab-content elementor-clearfix elementor-active\" role=\"tabpanel\" data-tab=\"8\" aria-labelledby=\"elementor-tab-title-1948\">\n<h4>Quais os seus canais de contato?<\/h4>\n<\/div>\n<\/div>\n<div class=\"elementor-toggle-item\">\n<div id=\"elementor-tab-content-1949\" class=\"elementor-tab-content elementor-clearfix elementor-active\" role=\"tabpanel\" data-tab=\"9\" aria-labelledby=\"elementor-tab-title-1949\">\n<p>Whatsapp: 53 984751621 \u2013 Clicar no canto da tela ou ESCANEIE O QRCODE ABAIXO<\/p>\n<h4><img decoding=\"async\" class=\"alignnone wp-image-13699\" src=\"http:\/\/portifolioos-prontos.com\/wp-content\/uploads\/2023\/02\/whatsapp-business-projeto-de-extensao-300x300.jpeg\" alt=\"projeto de extens\u00e3o unopar\" width=\"144\" height=\"144\" srcset=\"https:\/\/portifolioos-prontos.com\/wp-content\/uploads\/2023\/02\/whatsapp-business-projeto-de-extensao-300x301.jpeg 300w, https:\/\/portifolioos-prontos.com\/wp-content\/uploads\/2023\/02\/whatsapp-business-projeto-de-extensao-100x100.jpeg 100w, https:\/\/portifolioos-prontos.com\/wp-content\/uploads\/2023\/02\/whatsapp-business-projeto-de-extensao-150x150.jpeg 150w, https:\/\/portifolioos-prontos.com\/wp-content\/uploads\/2023\/02\/whatsapp-business-projeto-de-extensao-370x372.jpeg 370w, https:\/\/portifolioos-prontos.com\/wp-content\/uploads\/2023\/02\/whatsapp-business-projeto-de-extensao.jpeg 470w\" sizes=\"(max-width: 144px) 100vw, 144px\" \/><\/h4>\n<\/div>\n<\/div>\n<\/div>\n<\/div>\n<div class=\"elementor-toggle-item\">\n<div id=\"elementor-tab-content-1949\" class=\"elementor-tab-content elementor-clearfix elementor-active\" role=\"tabpanel\" data-tab=\"9\" aria-labelledby=\"elementor-tab-title-1949\">\n<p>E-mail:portifoliosp@gmail.com<\/p>\n<div id=\"attachment_143\" class=\"wp-caption alignnone\">\n<div id=\"attachment_143\" class=\"wp-caption alignnone\">\n<p><a href=\"http:\/\/portifolioos-prontos.com\/\"><img decoding=\"async\" class=\"wp-image-143 jetpack-lazy-image jetpack-lazy-image--handled\" title=\"portfolio pronto unopar\" src=\"https:\/\/i0.wp.com\/portifolioos-prontos.com\/wp-content\/uploads\/2022\/04\/conceitomaximo.png?resize=161%2C46\" alt=\"PORTFOLIO PRONTO UNOPAR ANHANGUERA\" width=\"161\" height=\"46\" aria-describedby=\"caption-attachment-143\" data-recalc-dims=\"1\" data-lazy-loaded=\"1\" \/><\/a><\/p>\n<p id=\"caption-attachment-143\" class=\"wp-caption-text\">Portf\u00f3lio em Word, respondido, completo e j\u00e1 nas normas.<\/p>\n<\/div>\n<\/div>\n<\/div>\n<\/div>\n","protected":false},"excerpt":{"rendered":"<p>Atividade pr\u00e1tica Radiografia convencional OBJETIVOS A proposta desta atividade pr\u00e1tica est\u00e1 amparada nos seguintes objetivos: \u2022 Aprender a manuzear o equipamento de radiografia. \u2022 Aprender a posicionar o paciente no equipamento. RECURSOS Computador com acesso \u00e0 internet e ao ambiente virtual. PROCEDIMENTOS PR\u00c1TICOS Atividade proposta 1 \u2013 Equipamento de raio X Conhecendo o equipamento de&hellip;<\/p>\n","protected":false},"featured_media":13164,"template":"","meta":{"_seopress_robots_primary_cat":"none","_seopress_titles_title":"%%post_title%% %%sitetitle%%","_seopress_titles_desc":"","_seopress_robots_index":""},"product_cat":[67,15],"product_tag":[],"class_list":{"0":"post-13073","1":"product","2":"type-product","3":"status-publish","4":"has-post-thumbnail","6":"product_cat-radiologia","7":"product_cat-uncategorized","9":"first","10":"instock","11":"featured","12":"downloadable","13":"virtual","14":"purchasable","15":"product-type-simple","16":"col-xs-6 col-sm-4","17":"col-mf-5","18":"un-5-cols"},"jetpack_sharing_enabled":true,"_links":{"self":[{"href":"https:\/\/portifolioos-prontos.com\/index.php\/wp-json\/wp\/v2\/product\/13073","targetHints":{"allow":["GET"]}}],"collection":[{"href":"https:\/\/portifolioos-prontos.com\/index.php\/wp-json\/wp\/v2\/product"}],"about":[{"href":"https:\/\/portifolioos-prontos.com\/index.php\/wp-json\/wp\/v2\/types\/product"}],"version-history":[{"count":0,"href":"https:\/\/portifolioos-prontos.com\/index.php\/wp-json\/wp\/v2\/product\/13073\/revisions"}],"wp:featuredmedia":[{"embeddable":true,"href":"https:\/\/portifolioos-prontos.com\/index.php\/wp-json\/wp\/v2\/media\/13164"}],"wp:attachment":[{"href":"https:\/\/portifolioos-prontos.com\/index.php\/wp-json\/wp\/v2\/media?parent=13073"}],"wp:term":[{"taxonomy":"product_cat","embeddable":true,"href":"https:\/\/portifolioos-prontos.com\/index.php\/wp-json\/wp\/v2\/product_cat?post=13073"},{"taxonomy":"product_tag","embeddable":true,"href":"https:\/\/portifolioos-prontos.com\/index.php\/wp-json\/wp\/v2\/product_tag?post=13073"}],"curies":[{"name":"wp","href":"https:\/\/api.w.org\/{rel}","templated":true}]}}