{"id":13120,"date":"2023-01-31T13:46:57","date_gmt":"2023-01-31T16:46:57","guid":{"rendered":"https:\/\/portifolioos-prontos.com\/?post_type=product&#038;p=13120"},"modified":"2025-11-04T15:03:05","modified_gmt":"2025-11-04T18:03:05","slug":"projeto-de-extensao-ii-engenharia-mecanica","status":"publish","type":"product","link":"https:\/\/portifolioos-prontos.com\/index.php\/product\/projeto-de-extensao-ii-engenharia-mecanica\/","title":{"rendered":"Projeto de extens\u00e3o II \u2013 Engenharia Mec\u00e2nica"},"content":{"rendered":"<div class=\"elementor-toggle-item\">\n<h3>Projeto de extens\u00e3o II \u2013 Engenharia Mec\u00e2nica<\/h3>\n<table width=\"567\">\n<tbody>\n<tr>\n<td colspan=\"11\" width=\"567\">CURSO:<\/td>\n<\/tr>\n<tr>\n<td colspan=\"11\" width=\"567\"><strong>ENGENHARIA MEC\u00c2NICA &#8211; BACHARELADO<\/strong><\/td>\n<\/tr>\n<tr>\n<td colspan=\"11\" width=\"567\">COMPONENTE CURRICULAR:<\/td>\n<\/tr>\n<tr>\n<td colspan=\"11\" width=\"567\"><strong>PROJETO DE EXTENS\u00c3O II &#8211; ENGENHARIA MEC\u00c2NICA<\/strong><\/td>\n<\/tr>\n<tr>\n<td colspan=\"11\" width=\"567\">PROGRAMA DE EXTENS\u00c3O:<\/td>\n<\/tr>\n<tr>\n<td colspan=\"11\" width=\"567\"><strong>PROGRAMA DE SUSTENTABILIDADE.<\/strong><\/td>\n<\/tr>\n<tr>\n<td colspan=\"11\" width=\"567\"><strong>\u00a0<\/strong><\/td>\n<\/tr>\n<tr>\n<td colspan=\"11\" width=\"567\">FINALIDADE E MOTIVA\u00c7\u00c3O:<\/td>\n<\/tr>\n<tr>\n<td colspan=\"11\" width=\"567\">A finalidade da extens\u00e3o no Programa de Sustentabilidade \u00e9 relacionar as compet\u00eancias t\u00e9cnicas da Engenharia Mec\u00e2nica com a consci\u00eancia ambiental e gest\u00e3o dos recursos naturais, suprindo as necessidades da sociedade de uma maneira respons\u00e1vel e sustent\u00e1vel, pensando nas gera\u00e7\u00f5es futuras. O programa pode desenvolver temas na esfera econ\u00f4mica, social e ambiental. Os locais que poder\u00e3o contemplar esse projeto extensionista podem ser: parcerias com a prefeitura; associa\u00e7\u00f5es de bairros, escolas, pra\u00e7as da cidade, parcerias com empresas p\u00fablicas e privadas, casas de repouso, creches, edifica\u00e7\u00f5es p\u00fablicas bem como comunidade local<\/td>\n<\/tr>\n<tr>\n<td colspan=\"11\" width=\"567\">COMPET\u00caNCIAS:<\/td>\n<\/tr>\n<tr>\n<td colspan=\"11\" width=\"567\">I &#8211; Avaliar o impacto das atividades da Engenharia no contexto social e ambiental;<\/p>\n<p>II &#8211; Projetar e conduzir experimentos e interpretar resultados;<\/p>\n<p>III &#8211; Idealizar, elaborar, executar e analisar projetos de produtos, processos e servi\u00e7os.<\/td>\n<\/tr>\n<tr>\n<td colspan=\"11\" width=\"567\">PERFIL DO EGRESSO:<\/td>\n<\/tr>\n<tr>\n<td colspan=\"11\" width=\"567\">O perfil do egresso idealizado pela IES para o curso de Engenharia de Mec\u00e2nica possibilita a forma\u00e7\u00e3o do engenheiro mec\u00e2nico cr\u00edtico, reflexivo, criativo, vis\u00e3o hol\u00edstica, humanista e \u00e9tico, capaz de aplicar tecnologias inerentes \u00e0 sua \u00e1rea de atua\u00e7\u00e3o, sendo que pelas atividades extensionistas vinculadas ao Programa de Sustentabilidade, esse egresso poder\u00e1 desenvolver habilidades e capacidade para conduzir atividades referentes \u00e0 compreens\u00e3o da realidade social e ambiental da sua regi\u00e3o, que atue observando a sustentabilidade e a preserva\u00e7\u00e3o do meio ambiente, desenvolvendo a capacidade de planejamento e condu\u00e7\u00e3o de experimentos, de interpreta\u00e7\u00e3o e an\u00e1lise dos resultados, compreendendo fen\u00f4menos f\u00edsicos e qu\u00edmicos, se apropriando de ferramentas matem\u00e1ticas, computacionais e de simula\u00e7\u00e3o de suas atividades, analisando, interpretar e agir em situa\u00e7\u00f5es pertinentes \u00e0 engenharia mec\u00e2nica nos temas de ci\u00eancia do ambiente, seguran\u00e7a no trabalho e gest\u00e3o de projetos<\/td>\n<\/tr>\n<tr>\n<td colspan=\"11\" width=\"567\">SOFT SKILLS (COMPET\u00caNCIAS SOCIOEMOCIONAIS):<\/td>\n<\/tr>\n<tr>\n<td colspan=\"11\" width=\"567\">An\u00e1lise e resolu\u00e7\u00e3o de problemas<br \/>\nComunica\u00e7\u00e3o Interpessoal<br \/>\nPlanejamento e organiza\u00e7\u00e3o<\/td>\n<\/tr>\n<tr>\n<td colspan=\"11\" width=\"567\">OBJETIVOS DE APRENDIZAGEM:<\/td>\n<\/tr>\n<tr>\n<td colspan=\"11\" width=\"567\">Os objetivos da extens\u00e3o em Engenharia de Mec\u00e2nica vinculados ao Programa de Sustentabilidade est\u00e3o relacionados com a dissemina\u00e7\u00e3o do saber t\u00e9cnico da \u00e1rea da engenharia mec\u00e2nica para a comunidade local, prestando servi\u00e7os relacionados a quest\u00f5es ambientais, de sustentabilidade, preserva\u00e7\u00e3o ambiental e do patrim\u00f4nio, economia solid\u00e1ria e seguran\u00e7a no trabalho. Tais a\u00e7\u00f5es visam a transfer\u00eancia de conhecimento acad\u00eamico para a comunidade, preparando o egresso para uma atua\u00e7\u00e3o global, focado n\u00e3o apenas no conte\u00fado puramente t\u00e9cnico, mas na rela\u00e7\u00e3o da engenharia mec\u00e2nica com a consci\u00eancia social e ambiental, de forma a pensar nas gera\u00e7\u00f5es futuras, atendendo demandas da comunidade e relacionando os conhecimentos t\u00e9cnicos do curso com a consci\u00eancia ambiental<\/td>\n<\/tr>\n<tr>\n<td colspan=\"11\" width=\"567\">CONTE\u00daDOS:<\/td>\n<\/tr>\n<tr>\n<td colspan=\"11\" width=\"567\">I &#8211; Ci\u00eancias do ambiente;<\/p>\n<p>II &#8211; Seguran\u00e7a do trabalho;<\/p>\n<p>III &#8211; Gest\u00e3o de produ\u00e7\u00e3o e de projetos.<\/td>\n<\/tr>\n<tr>\n<td colspan=\"11\" width=\"567\">INDICA\u00c7\u00d5ES BIBLIOGR\u00c1FICAS:<\/td>\n<\/tr>\n<tr>\n<td colspan=\"11\" width=\"567\">SOLURI, Daniela; NETO, Joaquim. SMS: fundamentos em seguran\u00e7a, meio ambiente e sa\u00fade. Rio de Janeiro : LTC, 2019.<\/p>\n<p>BARBOSA, Rildo Pereira; BARSANO, Paulo Roberto. Seguran\u00e7a do Trabalho: Guia Pr\u00e1tico e Did\u00e1tico. 2.ed. S\u00e3o Paulo: Saraiva, 2018.<\/p>\n<p>BURMESTER, Haino. Manual de gest\u00e3o: organiza\u00e7\u00e3o, processos e pr\u00e1ticas de lideran\u00e7a. 2. ed. S\u00e3o Paulo: Saraiva Educa\u00e7\u00e3o, 2018.<\/td>\n<\/tr>\n<tr>\n<td colspan=\"11\" width=\"567\"><strong>RELAT\u00d3RIO FINAL<\/strong><strong>:<\/strong><\/td>\n<\/tr>\n<tr>\n<td colspan=\"11\" width=\"567\">Aluno e Aluna, ap\u00f3s realizar suas atividades de extens\u00e3o, \u00e9 necess\u00e1rio que voc\u00ea o formalize, <strong>enviando esse Relat\u00f3rio Final para ser avaliado junto ao seu Ambiente Virtual (AVA)<\/strong> e tamb\u00e9m para voc\u00ea poder comprovar sua atua\u00e7\u00e3o.<\/p>\n<p>Para o preenchimento, busque as anota\u00e7\u00f5es junto ao TEMPLATE PCDA para auxiliar na apresenta\u00e7\u00e3o das atividades desenvolvidas.<\/p>\n<p>Todos os campos s\u00e3o de preenchimento obrigat\u00f3rio!<\/td>\n<\/tr>\n<tr>\n<td colspan=\"11\" width=\"567\"><strong>DESCRI\u00c7\u00c3O DA A\u00c7\u00c3O COM RESULTADOS ALCAN\u00c7ADOS<\/strong><\/td>\n<\/tr>\n<tr>\n<td colspan=\"11\" width=\"567\">Metas dos Objetivos de Desenvolvimento Sustent\u00e1vel (ODS) aderentes a este projeto:<\/p>\n<p><strong>CAMPO OBRIGAT\u00d3RIO \u2013 busque no seu Template PDCA quais Metas voc\u00ea selecionou como aderentes ao seu projeto, conforme cada Objetivo de Desenvolvimento Sustent\u00e1vel (ODS) da Organiza\u00e7\u00e3o das Na\u00e7\u00f5es Unidas (ONU) que voc\u00ea explorou no seu planejamento. <\/strong><\/p>\n<p><strong>\u00a0<\/strong><\/p>\n<p><strong>Liste as Metas selecionadas (pelo menos uma op\u00e7\u00e3o):<\/strong><\/td>\n<\/tr>\n<tr>\n<td colspan=\"11\" width=\"567\"><\/td>\n<\/tr>\n<tr>\n<td colspan=\"11\" width=\"567\">Local de realiza\u00e7\u00e3o da atividade extensionista:<\/td>\n<\/tr>\n<tr>\n<td colspan=\"11\" width=\"567\"><\/td>\n<\/tr>\n<tr>\n<td colspan=\"11\" width=\"567\">Durante a a\u00e7\u00e3o:<\/td>\n<\/tr>\n<tr>\n<td colspan=\"11\" width=\"567\"><\/td>\n<\/tr>\n<tr>\n<td colspan=\"11\" width=\"567\">Caso necess\u00e1rio, houve mudan\u00e7a de estrat\u00e9gia para alcan\u00e7ar o resultado:<\/td>\n<\/tr>\n<tr>\n<td colspan=\"11\" width=\"567\"><\/td>\n<\/tr>\n<tr>\n<td colspan=\"11\" width=\"567\">Resultado da a\u00e7\u00e3o:<\/td>\n<\/tr>\n<tr>\n<td colspan=\"11\" width=\"567\"><\/td>\n<\/tr>\n<tr>\n<td colspan=\"11\" width=\"567\">Conclus\u00e3o:<\/td>\n<\/tr>\n<tr>\n<td colspan=\"11\" width=\"567\"><\/td>\n<\/tr>\n<tr>\n<td colspan=\"11\" width=\"567\">Depoimentos (se houver):<\/td>\n<\/tr>\n<tr>\n<td colspan=\"11\" width=\"567\"><\/td>\n<\/tr>\n<tr>\n<td colspan=\"11\" width=\"567\"><strong>RELATE SUA PERCEP\u00c7\u00c3O DAS A\u00c7\u00d5ES EXTENSIONISTAS REALIZADAS NO PROGRAMA DESENVOLVIDO<\/strong><strong>:<\/strong><\/p>\n<p><strong>CAMPO OBRIGAT\u00d3RIO \u2013 relate em no m\u00ednimo 15 (quinze) linhas sua experi\u00eancia com as a\u00e7\u00f5es extensionistas. O texto deve ser de sua autoria e in\u00e9dito, evite pl\u00e1gio. <\/strong><\/p>\n<p><strong>Quest\u00f5es norteadoras:<\/strong><\/p>\n<p><strong>(1)\u00a0\u00a0\u00a0\u00a0\u00a0\u00a0\u00a0\u00a0\u00a0\u00a0\u00a0\u00a0 <\/strong><strong>Voc\u00ea notou que suas habilidades profissionais foram aprimoradas, com a atua\u00e7\u00e3o nas a\u00e7\u00f5es extensionistas?<\/strong><\/p>\n<p><strong>(2)\u00a0\u00a0\u00a0\u00a0\u00a0\u00a0\u00a0\u00a0\u00a0\u00a0\u00a0\u00a0 <\/strong><strong>Voc\u00ea identificou melhoria\/resolu\u00e7\u00e3o do problema identificado?<\/strong><\/p>\n<p><strong>(3)\u00a0\u00a0\u00a0\u00a0\u00a0\u00a0\u00a0\u00a0\u00a0\u00a0\u00a0\u00a0 <\/strong><strong>Voc\u00ea conseguiu articular os conhecimentos adquiridos no curso com as a\u00e7\u00f5es extensionistas?<\/strong><\/p>\n<p><strong>Ao escrever seu texto evite deix\u00e1-lo em forma de respostas as quest\u00f5es norteadoras, relate sua experi\u00eancia em forma de texto dissertativo com justificativas.<\/strong><\/td>\n<\/tr>\n<tr>\n<td colspan=\"11\" width=\"567\"><strong>\u00a0<\/strong><\/td>\n<\/tr>\n<tr>\n<td colspan=\"11\" width=\"567\"><strong>DEPOIMENTO DA INSTITUI\u00c7\u00c3O PARTICIPANTE<\/strong><\/p>\n<p><strong>CAMPO OBRIGAT\u00d3RIO &#8211; insira depoimento(s) do(s) gestor(es) da institui\u00e7\u00e3o\/\u00f3rg\u00e3o\/associa\u00e7\u00e3o participante que contribuam como um feedback da a\u00e7\u00e3o realizada por voc\u00ea. <\/strong><\/p>\n<p><strong>\u00a0<\/strong><\/td>\n<\/tr>\n<tr>\n<td colspan=\"11\" width=\"567\"><strong>\u00a0<\/strong><\/td>\n<\/tr>\n<tr>\n<td colspan=\"11\" width=\"567\"><strong>REFER\u00caNCIAS BIBLIOGR\u00c1FICAS<\/strong><\/p>\n<p><strong>CAMPO OBRIGAT\u00d3RIO \u2013 Siga a normas ABNT, para isso consulte sua Biblioteca Virtual;<\/strong><\/p>\n<p><strong>Utilize como refer\u00eancias bibliogr\u00e1ficas as indica\u00e7\u00f5es do Campo: Indica\u00e7\u00f5es Bibliogr\u00e1ficas e as demais refer\u00eancias utilizadas no desenvolvimento do seu projeto.<\/strong><\/p>\n<p><strong>\u00a0<\/strong><\/td>\n<\/tr>\n<tr>\n<td colspan=\"11\" width=\"567\"><strong>\u00a0<\/strong><\/td>\n<\/tr>\n<tr>\n<td colspan=\"11\" width=\"567\"><strong>AUTOAVALIA\u00c7\u00c3O DA ATIVIDADE<\/strong><strong>:<\/strong><\/td>\n<\/tr>\n<tr>\n<td colspan=\"11\" width=\"567\">Realize a sua avalia\u00e7\u00e3o em rela\u00e7\u00e3o \u00e0 atividade desenvolvida considerando uma escala de 0 a 10 para cada pergunta, assinalando com um X:<\/td>\n<\/tr>\n<tr>\n<td colspan=\"11\" width=\"567\">1. A atividade permitiu o desenvolvimento do projeto de extens\u00e3o articulando as compet\u00eancias e conte\u00fados propostos junto ao Curso?<\/td>\n<\/tr>\n<tr>\n<td width=\"51\">0<\/td>\n<td width=\"50\">1<\/td>\n<td width=\"50\">2<\/td>\n<td width=\"50\">3<\/td>\n<td width=\"50\">4<\/td>\n<td width=\"50\">5<\/td>\n<td width=\"50\">6<\/td>\n<td width=\"50\">7<\/td>\n<td width=\"50\">8<\/td>\n<td width=\"50\">9<\/td>\n<td width=\"63\">10<\/td>\n<\/tr>\n<tr>\n<td width=\"51\">()<\/td>\n<td width=\"50\">()<\/td>\n<td width=\"50\">()<\/td>\n<td width=\"50\">()<\/td>\n<td width=\"50\">()<\/td>\n<td width=\"50\">()<\/td>\n<td width=\"50\">()<\/td>\n<td width=\"50\">()<\/td>\n<td width=\"50\">()<\/td>\n<td width=\"50\">()<\/td>\n<td width=\"63\">()<\/td>\n<\/tr>\n<tr>\n<td colspan=\"11\" width=\"567\">2.\u00a0 A atividade possui carga hor\u00e1ria suficiente para a sua realiza\u00e7\u00e3o?<\/td>\n<\/tr>\n<tr>\n<td width=\"51\">0<\/td>\n<td width=\"50\">1<\/td>\n<td width=\"50\">2<\/td>\n<td width=\"50\">3<\/td>\n<td width=\"50\">4<\/td>\n<td width=\"50\">5<\/td>\n<td width=\"50\">6<\/td>\n<td width=\"50\">7<\/td>\n<td width=\"50\">8<\/td>\n<td width=\"50\">9<\/td>\n<td width=\"63\">10<\/td>\n<\/tr>\n<tr>\n<td width=\"51\">()<\/td>\n<td width=\"50\">()<\/td>\n<td width=\"50\">()<\/td>\n<td width=\"50\">()<\/td>\n<td width=\"50\">()<\/td>\n<td width=\"50\">()<\/td>\n<td width=\"50\">()<\/td>\n<td width=\"50\">()<\/td>\n<td width=\"50\">()<\/td>\n<td width=\"50\">()<\/td>\n<td width=\"63\">()<\/td>\n<\/tr>\n<tr>\n<td colspan=\"11\" width=\"567\">3. A atividade \u00e9 relevante para a sua forma\u00e7\u00e3o e articula\u00e7\u00e3o de compet\u00eancias e conte\u00fados?<\/td>\n<\/tr>\n<tr>\n<td width=\"51\">0<\/td>\n<td width=\"50\">1<\/td>\n<td width=\"50\">2<\/td>\n<td width=\"50\">3<\/td>\n<td width=\"50\">4<\/td>\n<td width=\"50\">5<\/td>\n<td width=\"50\">6<\/td>\n<td width=\"50\">7<\/td>\n<td width=\"50\">8<\/td>\n<td width=\"50\">9<\/td>\n<td width=\"63\">10<\/td>\n<\/tr>\n<tr>\n<td width=\"51\">()<\/td>\n<td width=\"50\">()<\/td>\n<td width=\"50\">()<\/td>\n<td width=\"50\">()<\/td>\n<td width=\"50\">()<\/td>\n<td width=\"50\">()<\/td>\n<td width=\"50\">()<\/td>\n<td width=\"50\">()<\/td>\n<td width=\"50\">()<\/td>\n<td width=\"50\">()<\/td>\n<td width=\"63\">()<\/td>\n<\/tr>\n<tr>\n<td colspan=\"11\" width=\"567\">4. A atividade contribui para o cumprimento dos objetivos definidos pela Institui\u00e7\u00e3o de Ensino (IES) e Curso, observando o Plano de Desenvolvimento Institucional e Projeto Pedag\u00f3gico de Curso vigentes?<\/td>\n<\/tr>\n<tr>\n<td width=\"51\">0<\/td>\n<td width=\"50\">1<\/td>\n<td width=\"50\">2<\/td>\n<td width=\"50\">3<\/td>\n<td width=\"50\">4<\/td>\n<td width=\"50\">5<\/td>\n<td width=\"50\">6<\/td>\n<td width=\"50\">7<\/td>\n<td width=\"50\">8<\/td>\n<td width=\"50\">9<\/td>\n<td width=\"63\">10<\/td>\n<\/tr>\n<tr>\n<td width=\"51\">()<\/td>\n<td width=\"50\">()<\/td>\n<td width=\"50\">()<\/td>\n<td width=\"50\">()<\/td>\n<td width=\"50\">()<\/td>\n<td width=\"50\">()<\/td>\n<td width=\"50\">()<\/td>\n<td width=\"50\">()<\/td>\n<td width=\"50\">()<\/td>\n<td width=\"50\">()<\/td>\n<td width=\"63\">()<\/td>\n<\/tr>\n<tr>\n<td colspan=\"11\" width=\"567\">5. A atividade contribui para a melhoria da sociedade por meio dos resultados demonstrados no relat\u00f3rio ou pelos relatos apresentados pelos envolvidos?<\/td>\n<\/tr>\n<tr>\n<td width=\"51\">0<\/td>\n<td width=\"50\">1<\/td>\n<td width=\"50\">2<\/td>\n<td width=\"50\">3<\/td>\n<td width=\"50\">4<\/td>\n<td width=\"50\">5<\/td>\n<td width=\"50\">6<\/td>\n<td width=\"50\">7<\/td>\n<td width=\"50\">8<\/td>\n<td width=\"50\">9<\/td>\n<td width=\"63\">10<\/td>\n<\/tr>\n<tr>\n<td width=\"51\">()<\/td>\n<td width=\"50\">()<\/td>\n<td width=\"50\">()<\/td>\n<td width=\"50\">()<\/td>\n<td width=\"50\">()<\/td>\n<td width=\"50\">()<\/td>\n<td width=\"50\">()<\/td>\n<td width=\"50\">()<\/td>\n<td width=\"50\">()<\/td>\n<td width=\"50\">()<\/td>\n<td width=\"63\">()<\/td>\n<\/tr>\n<tr>\n<td colspan=\"11\" width=\"567\">6.\u00a0 A atividade permite o desenvolvimento de a\u00e7\u00f5es junto \u00e0 Inicia\u00e7\u00e3o Cient\u00edfica e ao Ensino?<\/td>\n<\/tr>\n<tr>\n<td width=\"51\">0<\/td>\n<td width=\"50\">1<\/td>\n<td width=\"50\">2<\/td>\n<td width=\"50\">3<\/td>\n<td width=\"50\">4<\/td>\n<td width=\"50\">5<\/td>\n<td width=\"50\">6<\/td>\n<td width=\"50\">7<\/td>\n<td width=\"50\">8<\/td>\n<td width=\"50\">9<\/td>\n<td width=\"63\">10<\/td>\n<\/tr>\n<tr>\n<td width=\"51\">()<\/td>\n<td width=\"50\">()<\/td>\n<td width=\"50\">()<\/td>\n<td width=\"50\">()<\/td>\n<td width=\"50\">()<\/td>\n<td width=\"50\">()<\/td>\n<td width=\"50\">()<\/td>\n<td width=\"50\">()<\/td>\n<td width=\"50\">()<\/td>\n<td width=\"50\">()<\/td>\n<td width=\"63\">()<\/td>\n<\/tr>\n<tr>\n<td colspan=\"11\" width=\"567\">7. Caso queira contribuir com maior detalhamento, traga seu depoimento\/ sugest\u00e3o.<\/td>\n<\/tr>\n<tr>\n<td colspan=\"11\" width=\"567\"><\/td>\n<\/tr>\n<\/tbody>\n<\/table>\n<p>&nbsp;<\/p>\n<div class=\"elementor-toggle-item\">\n<p id=\"elementor-tab-title-1941\" class=\"elementor-tab-title elementor-active\" tabindex=\"0\" role=\"tab\" data-tab=\"1\" aria-controls=\"elementor-tab-content-1941\" aria-expanded=\"true\" aria-selected=\"true\"><strong>Como funciona?<\/strong><\/p>\n<p>Elaboramos os portf\u00f3lios, j\u00e1 deixamos prontos, nas normas da ABNT e conforme os requisitos da universidade. F\u00e1cil assim! O MELHOR \u00c9 QUE VOC\u00ca COMPRA E J\u00c1 BAIXA NA HORA O SEU ARQUIVO EM WORD! Sabemos que conciliar trabalho, fam\u00edlia, vida profissional e estudos \u00e9 dif\u00edcil hoje em dia, por isso, estamos aqui para ajudar voc\u00ea. Conte com nossa qualidade, experi\u00eancia e profissionalismo adquirindo seu portf\u00f3lio conosco. GARANTIMOS SEU CONCEITO!<\/p>\n<p><strong>Como se realizam os envios?<\/strong><\/p>\n<\/div>\n<p id=\"elementor-tab-content-1942\" class=\"elementor-tab-content elementor-clearfix elementor-active\" role=\"tabpanel\" data-tab=\"2\" aria-labelledby=\"elementor-tab-title-1942\">O seu trabalho \u00e9 disponibilizado pronto, respondido e nas normas j\u00e1 na mesma hora aqui em nosso site na sua \u00e1rea de downloads e tamb\u00e9m no seu e-mail.<\/p>\n<p><strong>Em quanto tempo recebo o portf\u00f3lio?<\/strong><\/p>\n<p>Os envios s\u00e3o imediatos. Ap\u00f3s sua compra, o trabalho j\u00e1 \u00e9 disponibilizado instantaneamente aqui em nosso site e no seu e-mail.<\/p>\n<p><strong>E se o portf\u00f3lio que comprei precisar de corre\u00e7\u00e3o?<\/strong><\/p>\n<p>Caso haja alguma solicita\u00e7\u00e3o de corre\u00e7\u00e3o\/altera\u00e7\u00e3o por parte do tutor, basta entrar em contato conosco pelo\u00a0WhatsApp\u00a0que provid\u00eanciaremos sem custo algum.<\/p>\n<p><strong>Qual o formato do arquivo?<\/strong><\/p>\n<p>Os arquivos s\u00e3o enviados em formato Word e s\u00e3o edit\u00e1veis.<\/p>\n<p><strong>Caso eu tiver alguma d\u00favida, terei suporte no p\u00f3s venda?<\/strong><\/p>\n<p>Sim, com certeza. Basta clicar no \u00edcone do WhatsApp no cantinho da tela. Ser\u00e1 um prazer atend\u00ea-lo(a).<\/p>\n<div id=\"elementor-tab-content-1948\" class=\"elementor-tab-content elementor-clearfix elementor-active\" role=\"tabpanel\" data-tab=\"8\" aria-labelledby=\"elementor-tab-title-1948\">\n<p><strong>Quais os seus canais de contato?<\/strong><\/p>\n<\/div>\n<div id=\"elementor-tab-content-1949\" class=\"elementor-tab-content elementor-clearfix elementor-active\" role=\"tabpanel\" data-tab=\"9\" aria-labelledby=\"elementor-tab-title-1949\">\n<p>Whatsapp: 53 984751621 \u2013 Clicar no canto da tela ou ESCANEIE O QRCODE ABAIXO<\/p>\n<h4><img decoding=\"async\" class=\"alignnone wp-image-13699 jetpack-lazy-image jetpack-lazy-image--handled\" src=\"https:\/\/i0.wp.com\/portifolioos-prontos.com\/wp-content\/uploads\/2023\/02\/whatsapp-business-projeto-de-extensao-300x300.jpeg?resize=144%2C144\" sizes=\"(max-width: 144px) 100vw, 144px\" srcset=\"https:\/\/i0.wp.com\/portifolioos-prontos.com\/wp-content\/uploads\/2023\/02\/whatsapp-business-projeto-de-extensao.jpeg?resize=300%2C301&amp;ssl=1 300w, https:\/\/i0.wp.com\/portifolioos-prontos.com\/wp-content\/uploads\/2023\/02\/whatsapp-business-projeto-de-extensao.jpeg?resize=150%2C150&amp;ssl=1 150w, https:\/\/i0.wp.com\/portifolioos-prontos.com\/wp-content\/uploads\/2023\/02\/whatsapp-business-projeto-de-extensao.jpeg?resize=370%2C372&amp;ssl=1 370w, https:\/\/i0.wp.com\/portifolioos-prontos.com\/wp-content\/uploads\/2023\/02\/whatsapp-business-projeto-de-extensao.jpeg?resize=100%2C100&amp;ssl=1 100w, https:\/\/i0.wp.com\/portifolioos-prontos.com\/wp-content\/uploads\/2023\/02\/whatsapp-business-projeto-de-extensao.jpeg?w=470&amp;ssl=1 470w\" alt=\"projeto de extens\u00e3o unopar\" width=\"144\" height=\"144\" data-lazy-loaded=\"1\" \/><\/h4>\n<\/div>\n<div class=\"elementor-toggle-item\">\n<div id=\"elementor-tab-content-1949\" class=\"elementor-tab-content elementor-clearfix elementor-active\" role=\"tabpanel\" data-tab=\"9\" aria-labelledby=\"elementor-tab-title-1949\">\n<p>E-mail:portifoliosp@gmail.com<\/p>\n<div id=\"attachment_143\" class=\"wp-caption alignnone\">\n<div id=\"attachment_143\" class=\"wp-caption alignnone\">\n<p id=\"caption-attachment-143\" class=\"wp-caption-text\"><a href=\"http:\/\/portfolio-pronto.com\">Portf\u00f3lio<\/a> em Word, respondido, completo e j\u00e1 nas normas<\/p>\n<\/div>\n<\/div>\n<\/div>\n<\/div>\n<\/div>\n","protected":false},"excerpt":{"rendered":"<div class=\"product-short-description\">\n<div><span style=\"color: #ff0000;\"><strong>Compre e receba o Relat\u00f3rio Final de Atividades Extensionistas j\u00e1 preenchido, com um projeto totalmente desenvolvido para entrega.<\/strong><\/span><\/div>\n<div class=\"product-short-description\"><strong>Pague pelo PIX ou cart\u00e3o e fa\u00e7a o download agora mesmo.<\/strong><\/div>\n<div class=\"sticky-add-to-cart-wrapper\">\n<div class=\"sticky-add-to-cart\">\n<p class=\"quantity buttons_added form-flat\"><img decoding=\"async\" class=\"lazyloaded smush-image-5 smush-image-3 smush-image-4 smush-detected-img smush-image-bigger-3\" src=\"https:\/\/d26lpennugtm8s.cloudfront.net\/assets\/common\/img\/logos\/payment\/visa@2x.png\" width=\"46\" height=\"29\" data-src=\"https:\/\/d26lpennugtm8s.cloudfront.net\/assets\/common\/img\/logos\/payment\/visa@2x.png\" \/><img decoding=\"async\" class=\"lazyloaded smush-image-6 smush-image-4 smush-image-5 smush-detected-img smush-image-bigger-4\" src=\"https:\/\/d26lpennugtm8s.cloudfront.net\/assets\/common\/img\/logos\/payment\/boleto@2x.png\" width=\"43\" height=\"27\" data-src=\"https:\/\/d26lpennugtm8s.cloudfront.net\/assets\/common\/img\/logos\/payment\/boleto@2x.png\" \/><img loading=\"lazy\" decoding=\"async\" class=\"lazyloaded smush-image-7 smush-image-5 smush-image-6 smush-detected-img smush-image-bigger-5\" src=\"https:\/\/d26lpennugtm8s.cloudfront.net\/assets\/common\/img\/logos\/payment\/mastercard@2x.png\" width=\"43\" height=\"27\" data-src=\"https:\/\/d26lpennugtm8s.cloudfront.net\/assets\/common\/img\/logos\/payment\/mastercard@2x.png\" \/><img loading=\"lazy\" decoding=\"async\" class=\"lazyloaded smush-image-8 smush-image-6 smush-image-7 smush-detected-img smush-image-bigger-6\" src=\"https:\/\/d26lpennugtm8s.cloudfront.net\/assets\/common\/img\/logos\/payment\/amex@2x.png\" width=\"43\" height=\"27\" data-src=\"https:\/\/d26lpennugtm8s.cloudfront.net\/assets\/common\/img\/logos\/payment\/amex@2x.png\" \/><img loading=\"lazy\" decoding=\"async\" class=\"lazyloaded smush-image-9 smush-image-7 smush-image-8 smush-detected-img smush-image-bigger-7\" src=\"https:\/\/d26lpennugtm8s.cloudfront.net\/assets\/common\/img\/logos\/payment\/diners@2x.png\" width=\"46\" height=\"29\" data-src=\"https:\/\/d26lpennugtm8s.cloudfront.net\/assets\/common\/img\/logos\/payment\/diners@2x.png\" \/><img loading=\"lazy\" decoding=\"async\" class=\"lazyloaded smush-image-10 smush-image-8 smush-image-9 alignnone smush-detected-img smush-image-bigger-8\" src=\"https:\/\/d26lpennugtm8s.cloudfront.net\/assets\/common\/img\/logos\/payment\/br\/elo@2x.png\" alt=\"portf\u00f3lio unopar anhanguera\" width=\"45\" height=\"28\" data-src=\"https:\/\/d26lpennugtm8s.cloudfront.net\/assets\/common\/img\/logos\/payment\/br\/elo@2x.png\" \/><img loading=\"lazy\" decoding=\"async\" class=\"lazyloaded smush-image-11 smush-image-9 smush-image-10 alignnone smush-detected-img smush-image-bigger-9\" src=\"https:\/\/d26lpennugtm8s.cloudfront.net\/assets\/common\/img\/logos\/payment\/br\/hipercard@2x.png\" alt=\"portf\u00f3lio unopar anhanguera\" width=\"44\" height=\"28\" data-src=\"https:\/\/d26lpennugtm8s.cloudfront.net\/assets\/common\/img\/logos\/payment\/br\/hipercard@2x.png\" \/><img loading=\"lazy\" decoding=\"async\" class=\"lazyloaded smush-image-12 smush-image-10 smush-image-11 alignnone smush-detected-img smush-image-bigger-10\" src=\"https:\/\/d26lpennugtm8s.cloudfront.net\/assets\/common\/img\/logos\/payment\/mercadopago@2x.png\" alt=\"portf\u00f3lio unopar anhanguera\" width=\"45\" height=\"28\" data-src=\"https:\/\/d26lpennugtm8s.cloudfront.net\/assets\/common\/img\/logos\/payment\/mercadopago@2x.png\" \/><img loading=\"lazy\" decoding=\"async\" class=\"alignnone ls-is-cached lazyloaded smush-detected-img smush-image-bigger-11\" src=\"https:\/\/futurium.com.br\/wp-content\/uploads\/2021\/06\/logo-pix-icone-512.png\" alt=\"portfolio pronto\" width=\"30\" height=\"30\" data-src=\"https:\/\/futurium.com.br\/wp-content\/uploads\/2021\/06\/logo-pix-icone-512.png\" \/><\/p>\n<\/div>\n<\/div>\n<\/div>\n","protected":false},"featured_media":27202,"template":"","meta":{"_seopress_robots_primary_cat":"none","_seopress_titles_title":"%%post_title%% %%sitetitle%%","_seopress_titles_desc":"%%post_content%%","_seopress_robots_index":""},"product_cat":[33,287,15],"product_tag":[732],"class_list":{"0":"post-13120","1":"product","2":"type-product","3":"status-publish","4":"has-post-thumbnail","6":"product_cat-cursos-de-engenharia","7":"product_cat-engenharia-mecanica","8":"product_cat-uncategorized","9":"product_tag-projeto-de-extensao-programa-de-sustentabilidade","11":"first","12":"instock","13":"featured","14":"downloadable","15":"virtual","16":"purchasable","17":"product-type-simple","18":"col-xs-6 col-sm-4","19":"col-mf-5","20":"un-5-cols"},"jetpack_sharing_enabled":true,"_links":{"self":[{"href":"https:\/\/portifolioos-prontos.com\/index.php\/wp-json\/wp\/v2\/product\/13120","targetHints":{"allow":["GET"]}}],"collection":[{"href":"https:\/\/portifolioos-prontos.com\/index.php\/wp-json\/wp\/v2\/product"}],"about":[{"href":"https:\/\/portifolioos-prontos.com\/index.php\/wp-json\/wp\/v2\/types\/product"}],"version-history":[{"count":2,"href":"https:\/\/portifolioos-prontos.com\/index.php\/wp-json\/wp\/v2\/product\/13120\/revisions"}],"predecessor-version":[{"id":47979,"href":"https:\/\/portifolioos-prontos.com\/index.php\/wp-json\/wp\/v2\/product\/13120\/revisions\/47979"}],"wp:featuredmedia":[{"embeddable":true,"href":"https:\/\/portifolioos-prontos.com\/index.php\/wp-json\/wp\/v2\/media\/27202"}],"wp:attachment":[{"href":"https:\/\/portifolioos-prontos.com\/index.php\/wp-json\/wp\/v2\/media?parent=13120"}],"wp:term":[{"taxonomy":"product_cat","embeddable":true,"href":"https:\/\/portifolioos-prontos.com\/index.php\/wp-json\/wp\/v2\/product_cat?post=13120"},{"taxonomy":"product_tag","embeddable":true,"href":"https:\/\/portifolioos-prontos.com\/index.php\/wp-json\/wp\/v2\/product_tag?post=13120"}],"curies":[{"name":"wp","href":"https:\/\/api.w.org\/{rel}","templated":true}]}}