{"id":13126,"date":"2023-01-31T13:54:25","date_gmt":"2023-01-31T16:54:25","guid":{"rendered":"https:\/\/portifolioos-prontos.com\/?post_type=product&#038;p=13126"},"modified":"2025-08-03T13:46:59","modified_gmt":"2025-08-03T16:46:59","slug":"estagio-em-servico-social-i-caracterizacao-socio-institucional","status":"publish","type":"product","link":"https:\/\/portifolioos-prontos.com\/index.php\/product\/estagio-em-servico-social-i-caracterizacao-socio-institucional\/","title":{"rendered":"Est\u00e1gio em Servi\u00e7o Social I: Caracteriza\u00e7\u00e3o S\u00f3cio Institucional"},"content":{"rendered":"<h4>Est\u00e1gio em Servi\u00e7o Social I: Caracteriza\u00e7\u00e3o S\u00f3cio Institucional<\/h4>\n<h4>Orienta\u00e7\u00f5es para elabora\u00e7\u00e3o da produ\u00e7\u00e3o textual avaliativa do<\/h4>\n<p>Est\u00e1gio em Servi\u00e7o Social I<br \/>\nCaro aluno (a) seja bem-vindo a disciplina de Est\u00e1gio em Servi\u00e7o Social I<\/p>\n<p>Antes de iniciar suas atividades leia com aten\u00e7\u00e3o \u00e0s orienta\u00e7\u00f5es abaixo e esclare\u00e7a eventuais d\u00favidas<br \/>\ncom o Supervisor Acad\u00eamico ou com o Tutor \u00e0 Dist\u00e2ncia: O cotidiano da vida profissional se d\u00e1 em uma<br \/>\nrealidade din\u00e2mica e para isso \u00e9 preciso realizar o estudo da realidade atrav\u00e9s de sucessivas aproxima\u00e7\u00f5es.<br \/>\nEsse estudo se configura num conjunto de informa\u00e7\u00f5es, constantemente alimentadas e processadas, as quais<br \/>\nse constituem em subs\u00eddios permanentes visando assim ampliar a vis\u00e3o e a capacidade interpretativa do<br \/>\nobservador.<br \/>\n\u00c9 preciso conhecer para propor a\u00e7\u00f5es e nesse semestre o aluno-estagi\u00e1rio dever\u00e1 observar a realidade<br \/>\nsocioinstitucional e elaborar individualmente, como produ\u00e7\u00e3o textual avaliativa do 4o Semestre Flex e 5o<br \/>\nsemestre, um relat\u00f3rio contemplando a Caracteriza\u00e7\u00e3o do Espa\u00e7o Socioinstitucional do campo de est\u00e1gio no<br \/>\nqual est\u00e1 inserido.<br \/>\nPara isso, utilize como refer\u00eancia o roteiro disponibilizado abaixo. Veja bem: esse \u00e9 um modelo de<br \/>\nrelat\u00f3rio, N\u00c3O \u00e9 um question\u00e1rio de perguntas e respostas. Deve ser escrito de forma discursiva (em forma<br \/>\nde texto) estabelecendo as articula\u00e7\u00f5es te\u00f3rico-pr\u00e1ticas. Sendo uma produ\u00e7\u00e3o textual individual, esse<br \/>\nrelat\u00f3rio dever\u00e1 ser produzido de acordo com as normas da ABNT, com no m\u00ednimo de 08 laudas no TOTAL e<br \/>\npostado no Ambiente Virtual de Aprendizagem \u2013 AVA.<\/p>\n<p>Roteiro para elabora\u00e7\u00e3o do Relat\u00f3rio:<\/p>\n<p>Caracteriza\u00e7\u00e3o Socioinstitucional<\/p>\n<p>(O aluno dever\u00e1 utilizar o roteiro abaixo para a sua produ\u00e7\u00e3o.)<\/p>\n<p>1\u2013 Contextualiza\u00e7\u00e3o hist\u00f3rica da institui\u00e7\u00e3o em que est\u00e1 estagiando;<br \/>\n1.1 \u2013 Identifica\u00e7\u00e3o da Institui\u00e7\u00e3o: nesse momento voc\u00ea poder\u00e1 contextualizar a institui\u00e7\u00e3o<br \/>\nhistoricamente, ou seja, tra\u00e7ar a hist\u00f3ria e detectar as suas determina\u00e7\u00f5es. Falar da institui\u00e7\u00e3o<br \/>\nde acordo com a sua observa\u00e7\u00e3o direta ou atrav\u00e9s de outros documentos, como: arquivos<\/p>\n<p>PRODU\u00c7\u00c3O TEXTUAL<br \/>\nDO EST\u00c1GIO<\/p>\n<p>CURSO DE SERVI\u00c7O SOCIAL<\/p>\n<p>Orienta\u00e7\u00f5es para elabora\u00e7\u00e3o da produ\u00e7\u00e3o textual avaliativa do<\/p>\n<p>Est\u00e1gio em Servi\u00e7o Social I<\/p>\n<p>oficiais, pesquisas em materiais impressos, relatos de pessoas que fizeram parte da hist\u00f3ria da<br \/>\nInstitui\u00e7\u00e3o, dentre outros.<\/p>\n<p>1.2 \u2013 Estrutura Organizacional \u2013 Buscar responder em forma de texto aos questionamentos: Quem<br \/>\ns\u00e3o seus gestores atuais? Qual a finalidade da Institui\u00e7\u00e3o, sua miss\u00e3o, sua \u00e1rea de atua\u00e7\u00e3o<br \/>\n(regi\u00e3o, munic\u00edpio). Poder\u00e1 apresentar inclusive o organograma da institui\u00e7\u00e3o se houver. Poder\u00e1<br \/>\ncontemplar tamb\u00e9m estatutos, regulamento, descri\u00e7\u00e3o de cargos, pol\u00edtica geral.<br \/>\n2- Objetivo institucional:<br \/>\n2.1\u2013 Natureza dos programas e projetos: abordar quais s\u00e3o os objetivos, diretrizes e finalidades<br \/>\norganizacionais da institui\u00e7\u00e3o. Verificar a natureza desses programas\/projetos.<br \/>\n2.2\u2013 Pol\u00edtica Social: Poder\u00e1 contemplar no seu relat\u00f3rio de caracteriza\u00e7\u00e3o s\u00f3cioinstitucional com qual<br \/>\n(ou quais) pol\u00edtica social a institui\u00e7\u00e3o campo de est\u00e1gio est\u00e1 articulada, quais s\u00e3o os programas<br \/>\ndesenvolvidos, sua principal atividade.<br \/>\n2.3 -Recursos Financeiros: Descreva quais s\u00e3o as fontes dos recursos da institui\u00e7\u00e3o\/campo do est\u00e1gio,<br \/>\nseus parceiros e apoiadores.<\/p>\n<p>3- \u00c2mbito Institucional:<br \/>\n3.1\u2013 Caracteriza\u00e7\u00e3o da Popula\u00e7\u00e3o: Quem s\u00e3o as pessoas que utilizam os servi\u00e7os dessa institui\u00e7\u00e3o<br \/>\ncampo de est\u00e1gio? Caracterize-as: (faixa et\u00e1ria\/sexo\/outros) Quais s\u00e3o esses grupos sociais? Quais<br \/>\ns\u00e3o seus \u201cd\u00e9ficits\u201d, (econ\u00f4micos, sociais, culturais, demogr\u00e1fico \u2013 tamanho das fam\u00edlias, por exemplo).<br \/>\nObserve e verifique as principais caracter\u00edsticas da popula\u00e7\u00e3o atendida, n\u00famero de pessoas atendidas<br \/>\ndireta ou indiretamente pela institui\u00e7\u00e3o, ou Conselho, ou servi\u00e7o ou outros.<br \/>\n3.2\u2013 Processo decis\u00f3rio: Como acontecem as tomadas de decis\u00f5es na institui\u00e7\u00e3o, ou Conselho, ou<br \/>\nservi\u00e7o, ou outros, tendo em mente, quais os atores envolvidos e quais as rotinas nas tomadas de<br \/>\ndecis\u00f5es. Lembre-se do que \u00e9 subjetivo nessa an\u00e1lise.<br \/>\n3.3 \u2013 Rela\u00e7\u00e3o demanda\/cobertura do atendimento;<br \/>\n3.4 \u2013 Servi\u00e7o Social na Institui\u00e7\u00e3o;<\/p>\n<p>PRODU\u00c7\u00c3O TEXTUAL<br \/>\nDO EST\u00c1GIO<\/p>\n<p>CURSO DE SERVI\u00c7O SOCIAL<\/p>\n<p>Orienta\u00e7\u00f5es para elabora\u00e7\u00e3o da produ\u00e7\u00e3o textual avaliativa do<\/p>\n<p>Est\u00e1gio em Servi\u00e7o Social I<\/p>\n<p>3.5 \u2013 Cotidiano do exerc\u00edcio profissional: descreva os programas, projetos e a\u00e7\u00f5es que s\u00e3o<br \/>\ndesenvolvidos pelo Servi\u00e7o Social;<br \/>\n3.6 \u2013 Rela\u00e7\u00e3o profissional de trabalho com os demais atores institucionais: multidisciplinaridade,<br \/>\ninterdisciplinaridade na pr\u00e1tica profissional do assistente social ou se n\u00e3o existe tal rela\u00e7\u00e3o, por qu\u00ea?<br \/>\n3.7 \u2013 Dimens\u00e3o \u00e9tico pol\u00edtica: Relacione o exerc\u00edcio profissional e o projeto \u00e9tico-pol\u00edtico profissional.<\/p>\n<p>OBS: o trabalho deve vir acompanhado de capa e folha de rosto devendo constar o nome do aluno e<br \/>\nt\u00edtulo do trabalho. Exemplo: Caracteriza\u00e7\u00e3o Socioinstitucional.<\/p>\n<p>Sendo uma produ\u00e7\u00e3o textual avaliativa o aluno dever\u00e1 fazer uma an\u00e1lise interpretativa contemplando<br \/>\nos itens que est\u00e3o norteando a constru\u00e7\u00e3o do relat\u00f3rio. Esse relat\u00f3rio deve ser produzido em forma de texto<br \/>\nde acordo com as normas t\u00e9cnicas para os trabalhos cient\u00edficos da ABNT, destacando capa, folha de rosto e<br \/>\nrefer\u00eancias bibliogr\u00e1ficas, tendo o trabalho um m\u00ednimo 06 e m\u00e1ximo de 08 laudas no TOTAL.<\/p>\n<div class=\"elementor-toggle-item\">\n<div class=\"elementor-toggle-item\">\n<p id=\"elementor-tab-title-1941\" class=\"elementor-tab-title elementor-active\" tabindex=\"0\" role=\"tab\" data-tab=\"1\" aria-controls=\"elementor-tab-content-1941\" aria-expanded=\"true\" aria-selected=\"true\"><strong>Como funciona?<\/strong><\/p>\n<p>Elaboramos os portf\u00f3lios, j\u00e1 deixamos prontos, nas normas da ABNT e conforme os requisitos da universidade. F\u00e1cil assim! O MELHOR \u00c9 QUE VOC\u00ca COMPRA E J\u00c1 BAIXA NA HORA O SEU ARQUIVO EM WORD! Sabemos que conciliar trabalho, fam\u00edlia, vida profissional e estudos \u00e9 dif\u00edcil hoje em dia, por isso, estamos aqui para ajudar voc\u00ea. Conte com nossa qualidade, experi\u00eancia e profissionalismo adquirindo seu portf\u00f3lio conosco. GARANTIMOS SEU CONCEITO!<\/p>\n<p><strong>Como se realizam os envios?<\/strong><\/p>\n<\/div>\n<p id=\"elementor-tab-content-1942\" class=\"elementor-tab-content elementor-clearfix elementor-active\" role=\"tabpanel\" data-tab=\"2\" aria-labelledby=\"elementor-tab-title-1942\">O seu trabalho \u00e9 disponibilizado pronto, respondido e nas normas j\u00e1 na mesma hora aqui em nosso site na sua \u00e1rea de downloads e tamb\u00e9m no seu e-mail.<\/p>\n<p><strong>Em quanto tempo recebo o portf\u00f3lio?<\/strong><\/p>\n<p>Os envios s\u00e3o imediatos. Ap\u00f3s sua compra, o trabalho j\u00e1 \u00e9 disponibilizado instantaneamente aqui em nosso site e no seu e-mail.<\/p>\n<p><strong>E se o portf\u00f3lio que comprei precisar de corre\u00e7\u00e3o?<\/strong><\/p>\n<p>Caso haja alguma solicita\u00e7\u00e3o de corre\u00e7\u00e3o\/altera\u00e7\u00e3o por parte do tutor, basta entrar em contato conosco pelo\u00a0WhatsApp\u00a0que provid\u00eanciaremos sem custo algum.<\/p>\n<p><strong>Qual o formato do arquivo?<\/strong><\/p>\n<p>Os arquivos s\u00e3o enviados em formato Word e s\u00e3o edit\u00e1veis.<\/p>\n<p><strong>Caso eu tiver alguma d\u00favida, terei suporte no p\u00f3s venda?<\/strong><\/p>\n<p>Sim, com certeza. Basta clicar no \u00edcone do WhatsApp no cantinho da tela. Ser\u00e1 um prazer atend\u00ea-lo(a).<\/p>\n<div id=\"elementor-tab-content-1948\" class=\"elementor-tab-content elementor-clearfix elementor-active\" role=\"tabpanel\" data-tab=\"8\" aria-labelledby=\"elementor-tab-title-1948\">\n<p><strong>Quais os seus canais de contato?<\/strong><\/p>\n<\/div>\n<div id=\"elementor-tab-content-1949\" class=\"elementor-tab-content elementor-clearfix elementor-active\" role=\"tabpanel\" data-tab=\"9\" aria-labelledby=\"elementor-tab-title-1949\">\n<p>Whatsapp: 53 984751621 \u2013 Clicar no canto da tela ou ESCANEIE O QRCODE ABAIXO<\/p>\n<h4><img decoding=\"async\" class=\"alignnone wp-image-13699 jetpack-lazy-image jetpack-lazy-image--handled\" src=\"https:\/\/i0.wp.com\/portifolioos-prontos.com\/wp-content\/uploads\/2023\/02\/whatsapp-business-projeto-de-extensao-300x300.jpeg?resize=144%2C144\" sizes=\"(max-width: 144px) 100vw, 144px\" srcset=\"https:\/\/i0.wp.com\/portifolioos-prontos.com\/wp-content\/uploads\/2023\/02\/whatsapp-business-projeto-de-extensao.jpeg?resize=300%2C301&amp;ssl=1 300w, https:\/\/i0.wp.com\/portifolioos-prontos.com\/wp-content\/uploads\/2023\/02\/whatsapp-business-projeto-de-extensao.jpeg?resize=150%2C150&amp;ssl=1 150w, https:\/\/i0.wp.com\/portifolioos-prontos.com\/wp-content\/uploads\/2023\/02\/whatsapp-business-projeto-de-extensao.jpeg?resize=370%2C372&amp;ssl=1 370w, https:\/\/i0.wp.com\/portifolioos-prontos.com\/wp-content\/uploads\/2023\/02\/whatsapp-business-projeto-de-extensao.jpeg?resize=100%2C100&amp;ssl=1 100w, https:\/\/i0.wp.com\/portifolioos-prontos.com\/wp-content\/uploads\/2023\/02\/whatsapp-business-projeto-de-extensao.jpeg?w=470&amp;ssl=1 470w\" alt=\"projeto de extens\u00e3o unopar\" width=\"144\" height=\"144\" data-lazy-loaded=\"1\" \/><\/h4>\n<\/div>\n<div class=\"elementor-toggle-item\">\n<div id=\"elementor-tab-content-1949\" class=\"elementor-tab-content elementor-clearfix elementor-active\" role=\"tabpanel\" data-tab=\"9\" aria-labelledby=\"elementor-tab-title-1949\">\n<p>E-mail:portifoliosp@gmail.com<\/p>\n<div id=\"attachment_143\" class=\"wp-caption alignnone\">\n<div id=\"attachment_143\" class=\"wp-caption alignnone\">\n<p id=\"caption-attachment-143\" class=\"wp-caption-text\"><a href=\"http:\/\/portfolio-pronto.com\">Portf\u00f3lio<\/a> em Word, respondido, completo e j\u00e1 nas normas<\/p>\n<\/div>\n<\/div>\n<\/div>\n<\/div>\n<\/div>\n","protected":false},"excerpt":{"rendered":"<div class=\"product-short-description\">\n<p><strong>Pague pelo PIX ou cart\u00e3o e fa\u00e7a o download agora mesmo.<\/strong><\/p>\n<\/div>\n<div class=\"sticky-add-to-cart-wrapper\">\n<div class=\"sticky-add-to-cart\">\n<p class=\"quantity buttons_added form-flat\"><img decoding=\"async\" class=\"lazyloaded smush-image-5 smush-image-3 smush-detected-img smush-image-4\" src=\"https:\/\/d26lpennugtm8s.cloudfront.net\/assets\/common\/img\/logos\/payment\/visa@2x.png\" width=\"46\" height=\"29\" data-src=\"https:\/\/d26lpennugtm8s.cloudfront.net\/assets\/common\/img\/logos\/payment\/visa@2x.png\" \/><img decoding=\"async\" class=\"lazyloaded smush-image-6 smush-image-4 smush-detected-img smush-image-5\" src=\"https:\/\/d26lpennugtm8s.cloudfront.net\/assets\/common\/img\/logos\/payment\/boleto@2x.png\" width=\"43\" height=\"27\" data-src=\"https:\/\/d26lpennugtm8s.cloudfront.net\/assets\/common\/img\/logos\/payment\/boleto@2x.png\" \/><img loading=\"lazy\" decoding=\"async\" class=\"lazyloaded smush-image-7 smush-image-5 smush-detected-img smush-image-6\" src=\"https:\/\/d26lpennugtm8s.cloudfront.net\/assets\/common\/img\/logos\/payment\/mastercard@2x.png\" width=\"43\" height=\"27\" data-src=\"https:\/\/d26lpennugtm8s.cloudfront.net\/assets\/common\/img\/logos\/payment\/mastercard@2x.png\" \/><img loading=\"lazy\" decoding=\"async\" class=\"lazyloaded smush-image-8 smush-image-6 smush-detected-img smush-image-7\" src=\"https:\/\/d26lpennugtm8s.cloudfront.net\/assets\/common\/img\/logos\/payment\/amex@2x.png\" width=\"43\" height=\"27\" data-src=\"https:\/\/d26lpennugtm8s.cloudfront.net\/assets\/common\/img\/logos\/payment\/amex@2x.png\" \/><img loading=\"lazy\" decoding=\"async\" class=\"lazyloaded smush-image-9 smush-image-7 smush-detected-img smush-image-8\" src=\"https:\/\/d26lpennugtm8s.cloudfront.net\/assets\/common\/img\/logos\/payment\/diners@2x.png\" width=\"46\" height=\"29\" data-src=\"https:\/\/d26lpennugtm8s.cloudfront.net\/assets\/common\/img\/logos\/payment\/diners@2x.png\" \/><img loading=\"lazy\" decoding=\"async\" class=\"lazyloaded smush-image-10 smush-image-8 smush-detected-img smush-image-9 alignnone\" src=\"https:\/\/d26lpennugtm8s.cloudfront.net\/assets\/common\/img\/logos\/payment\/br\/elo@2x.png\" alt=\"portf\u00f3lio unopar anhanguera\" width=\"45\" height=\"28\" data-src=\"https:\/\/d26lpennugtm8s.cloudfront.net\/assets\/common\/img\/logos\/payment\/br\/elo@2x.png\" \/><img loading=\"lazy\" decoding=\"async\" class=\"lazyloaded smush-image-11 smush-image-9 smush-detected-img smush-image-10 alignnone\" src=\"https:\/\/d26lpennugtm8s.cloudfront.net\/assets\/common\/img\/logos\/payment\/br\/hipercard@2x.png\" alt=\"portf\u00f3lio unopar anhanguera\" width=\"44\" height=\"28\" data-src=\"https:\/\/d26lpennugtm8s.cloudfront.net\/assets\/common\/img\/logos\/payment\/br\/hipercard@2x.png\" \/><img loading=\"lazy\" decoding=\"async\" class=\"lazyloaded smush-image-12 smush-image-10 smush-detected-img smush-image-11 alignnone\" src=\"https:\/\/d26lpennugtm8s.cloudfront.net\/assets\/common\/img\/logos\/payment\/mercadopago@2x.png\" alt=\"portf\u00f3lio unopar anhanguera\" width=\"45\" height=\"28\" data-src=\"https:\/\/d26lpennugtm8s.cloudfront.net\/assets\/common\/img\/logos\/payment\/mercadopago@2x.png\" \/><img loading=\"lazy\" decoding=\"async\" class=\"alignnone lazyloaded\" src=\"https:\/\/futurium.com.br\/wp-content\/uploads\/2021\/06\/logo-pix-icone-512.png\" alt=\"portfolio pronto\" width=\"30\" height=\"30\" data-src=\"https:\/\/futurium.com.br\/wp-content\/uploads\/2021\/06\/logo-pix-icone-512.png\" \/><\/p>\n<\/div>\n<\/div>\n","protected":false},"featured_media":13236,"template":"","meta":{"_seopress_robots_primary_cat":"none","_seopress_titles_title":"%%post_title%% %%sitetitle%%","_seopress_titles_desc":"","_seopress_robots_index":""},"product_cat":[],"product_tag":[],"class_list":{"0":"post-13126","1":"product","2":"type-product","3":"status-publish","4":"has-post-thumbnail","7":"first","8":"instock","9":"downloadable","10":"virtual","11":"purchasable","12":"product-type-simple","13":"col-xs-6 col-sm-4","14":"col-mf-5","15":"un-5-cols"},"jetpack_sharing_enabled":true,"_links":{"self":[{"href":"https:\/\/portifolioos-prontos.com\/index.php\/wp-json\/wp\/v2\/product\/13126","targetHints":{"allow":["GET"]}}],"collection":[{"href":"https:\/\/portifolioos-prontos.com\/index.php\/wp-json\/wp\/v2\/product"}],"about":[{"href":"https:\/\/portifolioos-prontos.com\/index.php\/wp-json\/wp\/v2\/types\/product"}],"version-history":[{"count":0,"href":"https:\/\/portifolioos-prontos.com\/index.php\/wp-json\/wp\/v2\/product\/13126\/revisions"}],"wp:featuredmedia":[{"embeddable":true,"href":"https:\/\/portifolioos-prontos.com\/index.php\/wp-json\/wp\/v2\/media\/13236"}],"wp:attachment":[{"href":"https:\/\/portifolioos-prontos.com\/index.php\/wp-json\/wp\/v2\/media?parent=13126"}],"wp:term":[{"taxonomy":"product_cat","embeddable":true,"href":"https:\/\/portifolioos-prontos.com\/index.php\/wp-json\/wp\/v2\/product_cat?post=13126"},{"taxonomy":"product_tag","embeddable":true,"href":"https:\/\/portifolioos-prontos.com\/index.php\/wp-json\/wp\/v2\/product_tag?post=13126"}],"curies":[{"name":"wp","href":"https:\/\/api.w.org\/{rel}","templated":true}]}}