{"id":13129,"date":"2023-01-31T14:41:50","date_gmt":"2023-01-31T17:41:50","guid":{"rendered":"https:\/\/portifolioos-prontos.com\/?post_type=product&#038;p=13129"},"modified":"2025-08-11T15:30:51","modified_gmt":"2025-08-11T18:30:51","slug":"atividade-pratica-mamografia-e-densitometria-ossea","status":"publish","type":"product","link":"https:\/\/portifolioos-prontos.com\/index.php\/product\/atividade-pratica-mamografia-e-densitometria-ossea\/","title":{"rendered":"Atividade pr\u00e1tica Mamografia e densitometria \u00f3ssea"},"content":{"rendered":"<h4>Atividade pr\u00e1tica Mamografia e densitometria \u00f3ssea<\/h4>\n<hr \/>\n<p>OBJETIVOS<br \/>\nA proposta desta atividade pr\u00e1tica est\u00e1 amparada nos seguintes objetivos:<br \/>\n\uf0b7 Conhecer e ser capaz de identificar os processos t\u00e9cnicos e operacionais da<br \/>\naquisi\u00e7\u00e3o de imagens em mamografia;<br \/>\n\uf0b7 Conhecer e ser capaz de realizar o posicionamento e protocolos de aquisi\u00e7\u00e3o<br \/>\nde imagens em densitometria \u00f3ssea<a href=\"http:\/\/portfolio-pronto.com\">.<\/a><\/p>\n<p>RECURSOS<br \/>\nComputador com acesso \u00e0 internet.<\/p>\n<p>PROCEDIMENTOS PR\u00c1TICOS<br \/>\nAtividade proposta 1<br \/>\nCompreender os processos t\u00e9cnicos e operacionais da aquisi\u00e7\u00e3o de imagens em<br \/>\nmamografia.<br \/>\nProcedimentos para a realiza\u00e7\u00e3o da atividade<br \/>\nA mamografia \u00e9 um exame de rastreio por imagens, que s\u00e3o obtidas atrav\u00e9s da radiografia.<br \/>\nEste serve para identificar les\u00f5es, n\u00f3dulos, assimetria e diagnosticar precocemente o c\u00e2ncer<br \/>\nde mama. Realizar o exame de mamografia periodicamente pode ser essencial para evitar<br \/>\nqualquer complica\u00e7\u00e3o que possa acontecer futuramente.<br \/>\n\uf0b7 Dois m\u00e9todos s\u00e3o comumente utilizados para subdividir a mama em \u00e1reas menores para<br \/>\nprop\u00f3sitos de localiza\u00e7\u00e3o, sendo estes: sistema quadrante e o sistema rel\u00f3gio. Entre os<br \/>\ndois, o sistema quadrante \u00e9 o mais simples de usar para localiza\u00e7\u00e3o de les\u00f5es<br \/>\ngeneralizadas. Utilizando a imagem a seguir, ilustre como a mama \u00e9 dividida no sistema<br \/>\nquadrante:<\/p>\n<p>\uf0b7 Descreva, detalhadamente, como um paciente deve ser posicionado nas incid\u00eancias<br \/>\nb\u00e1sicas de rotina de mamografia? Qual \u00e9 a incid\u00eancia do raio central?<br \/>\n\uf0b7 Os posicionamentos cr\u00e2nio caudal (CC) e MLO (m\u00e9dio lateral obl\u00edqua) em mamografia<br \/>\ns\u00e3o incid\u00eancias a fim de avaliar quais estruturas? Em cada uma dessas incid\u00eancias, a<br \/>\nimagem deve incluir qual \u00e1rea?<\/p>\n<p>\uf0b7 Como se deve angular um aparelho em um posicionamento de mama perfil absoluto<br \/>\nlateromedial (PLM)?<\/p>\n<p>\uf0b7 A diferen\u00e7a de densidade entre os tecidos \u00e9 respons\u00e1vel pelas diverg\u00eancias de contraste<br \/>\nque s\u00e3o aparentes na imagem final. Analise a mamografia a seguir e indique quais os<br \/>\ntecidos observados em 1 e 2, e qual a incid\u00eancia utilizada.<\/p>\n<p>Leitura sugerida:<br \/>\nCAMARGO, R.; CAMPOS, A. P. D. Ultrassonografia, Mamografia e Densitometria \u00d3ssea.<br \/>\nS\u00e3o Paulo: Editora Saraiva, 2015. Dispon\u00edvel em:<br \/>\n<a href=\"https:\/\/integrada.minhabiblioteca.com.br\/#\/books\/9788536521473\/\" rel=\"nofollow\">https:\/\/integrada.minhabiblioteca.com.br\/#\/books\/9788536521473\/<\/a>.<br \/>\nAtividade proposta 2<br \/>\nCompreender os processos t\u00e9cnicos e operacionais da aquisi\u00e7\u00e3o de imagens em<br \/>\ndensitometria \u00f3ssea.<br \/>\nProcedimentos para a realiza\u00e7\u00e3o da atividade<br \/>\nNesta atividade abordamos a densitometria \u00f3ssea e os princ\u00edpios que envolvem esse m\u00e9todo<br \/>\nde diagn\u00f3stico por imagem. Ela \u00e9 usada para avaliar a densidade \u00f3ssea do paciente,<br \/>\npodendo antecipar futuras patologias, como osteopenia ou osteoporose.<\/p>\n<p>\uf0b7 Descreva o posicionamento do paciente no protocolo de coluna lombar de Densitometria<br \/>\n\u00d3ssea (DXA). Quais regi\u00f5es devem ser inclu\u00eddas?<\/p>\n<p>\uf0b7 Paciente de 78 anos, em p\u00f3s-menopausa sem terapia de reposi\u00e7\u00e3oo hormonal e com<br \/>\nhist\u00f3ria familiar positiva para fratura de quadril. Procura assist\u00eancia m\u00e9dica com queixa<br \/>\nde lombalgia cr\u00f4nica, cujos sintomas pioram ao final do dia ou ap\u00f3s exerc\u00edcios f\u00edsicos.<br \/>\nEntre outros exames complementares, foi solicitada densitometria \u00f3ssea de coluna.<\/p>\n<p>Explique o resultado obtido a partir da densitometria \u00f3ssea. Como podemos interpretar<br \/>\no T-score?<\/p>\n<p>\uf0b7 Registre atrav\u00e9s de uma foto, o posicionamento de um paciente em um protocolo de<br \/>\nf\u00eamur de Densitometria \u00d3ssea (DXA). Este posicionamento pode ser realizado em si<br \/>\nmesmo, mas voc\u00ea poder\u00e1 contar com o aux\u00edlio de um familiar ou amigo. Em seguida,<br \/>\ndescreva o posicionamento e quais regi\u00f5es devem ser inclu\u00eddas na imagem, para<br \/>\nan\u00e1lise.<\/p>\n<p>Leitura sugerida:<br \/>\nCAMARGO, R.; CAMPOS, A. P. D. Ultrassonografia, Mamografia e Densitometria \u00d3ssea.<br \/>\nS\u00e3o Paulo: Editora Saraiva, 2015. Dispon\u00edvel em:<br \/>\n<a href=\"https:\/\/integrada.minhabiblioteca.com.br\/#\/books\/9788536521473\/\" rel=\"nofollow\">https:\/\/integrada.minhabiblioteca.com.br\/#\/books\/9788536521473\/<\/a>.<\/p>\n<p>Checklist<br \/>\nAs tarefas foram conclu\u00eddas com \u00eaxito?<br \/>\nO posicionamento foi realizado e registrado por meio de foto?<\/p>\n<p>RESULTADO<br \/>\nOrienta\u00e7\u00f5es para o envio da atividade:<br \/>\n\uf0b7 O resultado de aprendizagem da aula pr\u00e1tica dever\u00e1 ser registrado em forma<br \/>\nde um relat\u00f3rio descritivo que dever\u00e1 ser postado em seu ambiente virtual.<\/p>\n<p>\uf0b7 A postagem do arquivo final deve ser em um \u00fanico arquivo, formato .DOC<br \/>\n(Word ou editor de textos);<br \/>\n\uf0b7 Responda detalhadamente as quest\u00f5es propostas em cada uma das<br \/>\natividades.<br \/>\n\uf0b7 Atente-se ao tamanho m\u00e1ximo do arquivo, suportado pelo Ambiente Virtual se<br \/>\nAprendizagem, se necess\u00e1rio, reduza o tamanho das suas fotos<br \/>\n(<a href=\"https:\/\/www.resizepixel.com\/pt\/reduce-image-in-kb\/\" rel=\"nofollow\">https:\/\/www.resizepixel.com\/pt\/reduce-image-in-kb\/<\/a>).<br \/>\n\uf0b7 O sistema ir\u00e1 arquivar e disponibilizar para corre\u00e7\u00e3o apenas o \u00faltimo trabalho<br \/>\nencaminhado, caso voc\u00ea encaminhe um novo arquivo, ele ir\u00e1 sobrepor e<br \/>\napagar o arquivo encaminhado anteriormente;<br \/>\n\uf0b7 Voc\u00ea dever\u00e1 postar o trabalho finalizado no AVA, o que dever\u00e1 ser feito na<br \/>\npasta espec\u00edfica, obedecendo ao prazo limite de postagem, conforme disposto<br \/>\nno cronograma do curso. N\u00e3o existe prorroga\u00e7\u00e3o para a postagem da<br \/>\natividade;<br \/>\n\uf0b7 O trabalho ser\u00e1 realizado individualmente.<br \/>\nN\u00e3o deixe de participar de todas as tarefas! Elas ser\u00e3o determinantes para o<br \/>\naprendizado das t\u00e9cnicas<a href=\"http:\/\/portfolio-pronto.com\">.<\/a><\/p>\n<div class=\"elementor-toggle-item\">\n<h4 id=\"elementor-tab-title-1941\" class=\"elementor-tab-title elementor-active\" tabindex=\"0\" role=\"tab\" data-tab=\"1\" aria-controls=\"elementor-tab-content-1941\" aria-expanded=\"true\" aria-selected=\"true\">Como funciona?<\/h4>\n<div id=\"elementor-tab-content-1941\" class=\"elementor-tab-content elementor-clearfix elementor-active\" role=\"tabpanel\" data-tab=\"1\" aria-labelledby=\"elementor-tab-title-1941\">\n<p>Elaboramos os portf\u00f3lios, j\u00e1 deixamos prontos, nas normas da ABNT e conforme os requisitos da universidade. F\u00e1cil assim! O MELHOR \u00c9 QUE VOC\u00ca COMPRA E J\u00c1 BAIXA NA HORA O SEU ARQUIVO EM WORD! Sabemos que conciliar trabalho, fam\u00edlia, vida profissional e estudos \u00e9 dif\u00edcil hoje em dia, por isso, estamos aqui para ajudar voc\u00ea. Conte com nossa qualidade, experi\u00eancia e profissionalismo adquirindo seu portf\u00f3lio conosco. GARANTIMOS SEU CONCEITO!<\/p>\n<p>Como se realizam os envios?<\/p>\n<\/div>\n<\/div>\n<div class=\"elementor-toggle-item\">\n<div id=\"elementor-tab-content-1942\" class=\"elementor-tab-content elementor-clearfix elementor-active\" role=\"tabpanel\" data-tab=\"2\" aria-labelledby=\"elementor-tab-title-1942\">O seu trabalho \u00e9 disponibilizado pronto, respondido e nas normas j\u00e1 na mesma hora aqui em nosso site na sua \u00e1rea de downloads e tamb\u00e9m no seu e-mail.<\/div>\n<div role=\"tabpanel\" data-tab=\"2\" aria-labelledby=\"elementor-tab-title-1942\"><\/div>\n<\/div>\n<div class=\"elementor-toggle-item\">\n<div id=\"elementor-tab-content-1943\" class=\"elementor-tab-content elementor-clearfix elementor-active\" role=\"tabpanel\" data-tab=\"3\" aria-labelledby=\"elementor-tab-title-1943\">\n<p>Em quanto tempo recebo o portf\u00f3lio?<\/p>\n<\/div>\n<\/div>\n<div class=\"elementor-toggle-item\">\n<div id=\"elementor-tab-content-1944\" class=\"elementor-tab-content elementor-clearfix elementor-active\" role=\"tabpanel\" data-tab=\"4\" aria-labelledby=\"elementor-tab-title-1944\">\n<p>Os envios s\u00e3o imediatos. Ap\u00f3s sua compra, o trabalho j\u00e1 \u00e9 disponibilizado instantaneamente aqui em nosso site e no seu e-mail.<\/p>\n<p>E se o portf\u00f3lio que comprei precisar de corre\u00e7\u00e3o?<\/p>\n<\/div>\n<\/div>\n<div class=\"elementor-toggle-item\">\n<div id=\"elementor-tab-content-1945\" class=\"elementor-tab-content elementor-clearfix elementor-active\" role=\"tabpanel\" data-tab=\"5\" aria-labelledby=\"elementor-tab-title-1945\">\n<p>Caso haja alguma solicita\u00e7\u00e3o de corre\u00e7\u00e3o\/altera\u00e7\u00e3o por parte do tutor, basta entrar em contato conosco pelo\u00a0<a href=\"https:\/\/api.whatsapp.com\/send\/?phone=5553984751621&amp;text&amp;app_absent=0\">WhatsApp<\/a>\u00a0que provid\u00eanciaremos sem custo algum.<\/p>\n<p>Qual o formato do arquivo?<\/p>\n<\/div>\n<\/div>\n<div class=\"elementor-toggle-item\">\n<div id=\"elementor-tab-content-1946\" class=\"elementor-tab-content elementor-clearfix elementor-active\" role=\"tabpanel\" data-tab=\"6\" aria-labelledby=\"elementor-tab-title-1946\">\n<p>Os arquivos s\u00e3o enviados em formato Word e s\u00e3o edit\u00e1veis.<\/p>\n<p>Caso eu tiver alguma d\u00favida, terei suporte no p\u00f3s venda?<\/p>\n<\/div>\n<\/div>\n<div class=\"elementor-toggle-item\">\n<div id=\"elementor-tab-content-1948\" class=\"elementor-tab-content elementor-clearfix elementor-active\" role=\"tabpanel\" data-tab=\"8\" aria-labelledby=\"elementor-tab-title-1948\">\n<p>Sim, com certeza. Basta clicar no \u00edcone do WhatsApp no cantinho da tela. Ser\u00e1 um prazer atend\u00ea-lo(a).<\/p>\n<div class=\"elementor-toggle-item\">\n<div id=\"elementor-tab-content-1948\" class=\"elementor-tab-content elementor-clearfix elementor-active\" role=\"tabpanel\" data-tab=\"8\" aria-labelledby=\"elementor-tab-title-1948\">\n<h4>Quais os seus canais de contato?<\/h4>\n<\/div>\n<\/div>\n<div class=\"elementor-toggle-item\">\n<div id=\"elementor-tab-content-1949\" class=\"elementor-tab-content elementor-clearfix elementor-active\" role=\"tabpanel\" data-tab=\"9\" aria-labelledby=\"elementor-tab-title-1949\">\n<p>Whatsapp: 53 984751621 \u2013 Clicar no canto da tela ou ESCANEIE O QRCODE ABAIXO<\/p>\n<h4><img decoding=\"async\" class=\"alignnone wp-image-13699\" src=\"http:\/\/portifolioos-prontos.com\/wp-content\/uploads\/2023\/02\/whatsapp-business-projeto-de-extensao-300x300.jpeg\" alt=\"projeto de extens\u00e3o unopar\" width=\"144\" height=\"144\" srcset=\"https:\/\/portifolioos-prontos.com\/wp-content\/uploads\/2023\/02\/whatsapp-business-projeto-de-extensao-300x301.jpeg 300w, https:\/\/portifolioos-prontos.com\/wp-content\/uploads\/2023\/02\/whatsapp-business-projeto-de-extensao-100x100.jpeg 100w, https:\/\/portifolioos-prontos.com\/wp-content\/uploads\/2023\/02\/whatsapp-business-projeto-de-extensao-150x150.jpeg 150w, https:\/\/portifolioos-prontos.com\/wp-content\/uploads\/2023\/02\/whatsapp-business-projeto-de-extensao-370x372.jpeg 370w, https:\/\/portifolioos-prontos.com\/wp-content\/uploads\/2023\/02\/whatsapp-business-projeto-de-extensao.jpeg 470w\" sizes=\"(max-width: 144px) 100vw, 144px\" \/><\/h4>\n<\/div>\n<\/div>\n<\/div>\n<\/div>\n<div class=\"elementor-toggle-item\">\n<div id=\"elementor-tab-content-1949\" class=\"elementor-tab-content elementor-clearfix elementor-active\" role=\"tabpanel\" data-tab=\"9\" aria-labelledby=\"elementor-tab-title-1949\">\n<p>E-mail:portifoliosp@gmail.com<\/p>\n<\/div>\n<\/div>\n","protected":false},"excerpt":{"rendered":"<p>Atividade pr\u00e1tica Mamografia e densitometria \u00f3ssea OBJETIVOS A proposta desta atividade pr\u00e1tica est\u00e1 amparada nos seguintes objetivos: \uf0b7 Conhecer e ser capaz de identificar os processos t\u00e9cnicos e operacionais da aquisi\u00e7\u00e3o de imagens em mamografia; \uf0b7 Conhecer e ser capaz de realizar o posicionamento e protocolos de aquisi\u00e7\u00e3o de imagens em densitometria \u00f3ssea. RECURSOS Computador&hellip;<\/p>\n","protected":false},"featured_media":13160,"template":"","meta":{"_seopress_robots_primary_cat":"none","_seopress_titles_title":"%%post_title%% %%sitetitle%%","_seopress_titles_desc":"","_seopress_robots_index":""},"product_cat":[67,15],"product_tag":[],"class_list":{"0":"post-13129","1":"product","2":"type-product","3":"status-publish","4":"has-post-thumbnail","6":"product_cat-radiologia","7":"product_cat-uncategorized","9":"first","10":"instock","11":"featured","12":"downloadable","13":"virtual","14":"purchasable","15":"product-type-simple","16":"col-xs-6 col-sm-4","17":"col-mf-5","18":"un-5-cols"},"jetpack_sharing_enabled":true,"_links":{"self":[{"href":"https:\/\/portifolioos-prontos.com\/index.php\/wp-json\/wp\/v2\/product\/13129","targetHints":{"allow":["GET"]}}],"collection":[{"href":"https:\/\/portifolioos-prontos.com\/index.php\/wp-json\/wp\/v2\/product"}],"about":[{"href":"https:\/\/portifolioos-prontos.com\/index.php\/wp-json\/wp\/v2\/types\/product"}],"version-history":[{"count":0,"href":"https:\/\/portifolioos-prontos.com\/index.php\/wp-json\/wp\/v2\/product\/13129\/revisions"}],"wp:featuredmedia":[{"embeddable":true,"href":"https:\/\/portifolioos-prontos.com\/index.php\/wp-json\/wp\/v2\/media\/13160"}],"wp:attachment":[{"href":"https:\/\/portifolioos-prontos.com\/index.php\/wp-json\/wp\/v2\/media?parent=13129"}],"wp:term":[{"taxonomy":"product_cat","embeddable":true,"href":"https:\/\/portifolioos-prontos.com\/index.php\/wp-json\/wp\/v2\/product_cat?post=13129"},{"taxonomy":"product_tag","embeddable":true,"href":"https:\/\/portifolioos-prontos.com\/index.php\/wp-json\/wp\/v2\/product_tag?post=13129"}],"curies":[{"name":"wp","href":"https:\/\/api.w.org\/{rel}","templated":true}]}}