{"id":13134,"date":"2023-02-01T09:19:23","date_gmt":"2023-02-01T12:19:23","guid":{"rendered":"https:\/\/portifolioos-prontos.com\/?post_type=product&#038;p=13134"},"modified":"2025-08-30T14:44:42","modified_gmt":"2025-08-30T17:44:42","slug":"portfolio-individual-projeto-de-extensao-seguranca-publica","status":"publish","type":"product","link":"https:\/\/portifolioos-prontos.com\/index.php\/product\/portfolio-individual-projeto-de-extensao-seguranca-publica\/","title":{"rendered":"Projeto de extens\u00e3o I \u2013 Seguran\u00e7a P\u00fablica"},"content":{"rendered":"<div class=\"elementor-toggle-item\">\n<h4 tabindex=\"0\" role=\"tab\" data-tab=\"1\" aria-controls=\"elementor-tab-content-1941\" aria-expanded=\"true\" aria-selected=\"true\">\u00a0<small>Portfolio Individual \u2013 Projeto de Extens\u00e3o \u2013 Seguran\u00e7a P\u00fablica Anhanguera | Unopar<\/small><\/h4>\n<p>Projeto de extens\u00e3o I \u2013 Seguran\u00e7a P\u00fablica<\/p>\n<p>CST EM SEGURAN\u00c7A P\u00daBLICA<br \/>\nCOMPONENTE CURRICULAR:<br \/>\nPROJETO DE EXTENS\u00c3O I \u2013 SEGURAN\u00c7A P\u00daBLICA<br \/>\nPROGRAMA DE EXTENS\u00c3O:<br \/>\nPROGRAMA DE A\u00c7\u00c3O E DIFUS\u00c3O CULTURAL.<br \/>\nFINALIDADE E MOTIVA\u00c7\u00c3O:<br \/>\nA finalidade do projeto de extens\u00e3o I em Seguran\u00e7a P\u00fablica no Programa de A\u00e7\u00e3o e Difus\u00e3o Cultural do curso, est\u00e1 relacionado ao fomento \u00e0 cultural corregional, fomentando a difus\u00e3o, a transpar\u00eancia e a democratiza\u00e7\u00e3o das a\u00e7\u00f5es culturais, por meio de projetos que possibilitem a transfer\u00eancia para a sociedade de conhecimentos multidisciplinares desenvolvidos no curso e a possibilidade de potencializar a gera\u00e7\u00e3o de conhecimentos aplicados, permitindo ao egresso um maior envolvimento junto \u00e0s a\u00e7\u00f5es culturais e sociais no \u00e2mbito das diversas ci\u00eancias como tamb\u00e9m da tecnologia, articulados com os anseios da comunidade. Os conte\u00fados program\u00e1ticos sugeridos para correlacionar as a\u00e7\u00f5es s\u00e3o:<br \/>\nEmpreendedorismo; Direito e Legisla\u00e7\u00e3o; Direitos Humanos.<br \/>\nOs locais que poder\u00e3o contemplar esse projeto s\u00e3o: Entidades pertencentes \u00e0 Administra\u00e7\u00e3o P\u00fablica municipal, estadual ou federal; escolas; col\u00e9gios; Organiza\u00e7\u00f5es n\u00e3o governamentais (ONG); Institui\u00e7\u00f5es privadas com a\u00e7\u00f5es sociais; funda\u00e7\u00f5es; entidades do Judici\u00e1rio como Procons e Tribunais; Entidades religiosas como igrejas, ordens, templos, congrega\u00e7\u00f5es, miss\u00f5es e casas de acolhimento ou assist\u00eancia; entidades de sa\u00fade e assist\u00eancia social; Organiza\u00e7\u00f5es da Sociedade Civil de Interesse P\u00fablico (OSCIPs); Organiza\u00e7\u00f5es de moradores e Cooperativas, entre outras.<br \/>\nCOMPET\u00caNCIAS:<br \/>\nI \u2013 Conhecer m\u00e9todos de gerenciamento de pessoas e a import\u00e2ncia da comunica\u00e7\u00e3o, trabalho em equipe, lideran\u00e7a e proatividade para ser capaz de relacionar-se com as pessoas, atuando com vis\u00e3o ampla e sist\u00eamica na gest\u00e3o da seguran\u00e7a p\u00fablica;<br \/>\nII \u2013 Conhecer os direitos e garantias fundamentais e a import\u00e2ncia da reinser\u00e7\u00e3o social dos condenados, para ser capaz de tra\u00e7ar projetos tendentes a recupera\u00e7\u00e3o dos mesmos para galgar a progressiva redu\u00e7\u00e3o da criminalidade;<br \/>\nIII \u2013 Conhecer a realidade da sociedade a qual est\u00e1 inserido e a diversidade de valores presentes para ser capaz de atuar com maior efic\u00e1cia e efici\u00eancia, atrav\u00e9s da preven\u00e7\u00e3o e mitiga\u00e7\u00e3o de danos.<br \/>\nPERFIL DE EGRESSO:<br \/>\nO perfil do egresso do curso de CST em Seguran\u00e7a P\u00fablica, idealizado pela IES, proporciona a forma\u00e7\u00e3o do profissional com senso cr\u00edtico, apto a agir eticamente; habilidade de planejar, formular, implantar, gerenciar e supervisionar a\u00e7\u00f5es preventivas no \u00e2mbito da seguran\u00e7a p\u00fablica; interesse na ordem p\u00fablica, seguran\u00e7a da comunidade e defesa de direitos humanos.<br \/>\nSOFT SKILLS (COMPET\u00caNCIAS SOCIOEMOCIONAIS):<br \/>\nAn\u00e1lise e resolu\u00e7\u00e3o de problemas<br \/>\nComunica\u00e7\u00e3o Interpessoal<br \/>\nGest\u00e3o do Tempo<br \/>\nOBJETIVOS DE APRENDIZAGEM:<br \/>\nO objetivo do programa de extens\u00e3o em Difus\u00e3o Cultural, est\u00e1 relacionado a dissemina\u00e7\u00e3o e articula\u00e7\u00e3o de conhecimentos adquiridos no curso para promover as a\u00e7\u00f5es de difus\u00e3o cultural no \u00e2mbito das ci\u00eancias, relacionados diretamente \u00e0 Seguran\u00e7a P\u00fablica e com a articula\u00e7\u00e3o da tecnologia junto \u00e0 comunidade.<br \/>\nCONTE\u00daDOS:<br \/>\nI \u2013 Empreendedorismo;<br \/>\nII \u2013 Direito e Legisla\u00e7\u00e3o;<br \/>\nIII \u2013 Direitos Humanos.<br \/>\nINDICA\u00c7\u00d5ES BIBLIOGR\u00c1FICAS:<br \/>\nBURMESTER, Haino. Manual de gest\u00e3o: organiza\u00e7\u00e3o, processos e pr\u00e1ticas de lideran\u00e7a coletiva. 2. ed. S\u00e3o Paulo: Saraiva, 2018.<br \/>\nESTEFAM, Andr\u00e9 ; GON\u00c7ALVES, Victor Eduardo Rios. Direito penal esquematizado: parte geral. 9. ed. S\u00e3o Paulo : Saraiva Educa\u00e7\u00e3o, 2020.<br \/>\nSIQUEIRA J\u00daNIOR, Paulo Hamilton. Direitos Humanos: liberdades p\u00fablicas e cidadania. 4.ed. S\u00e3o Paulo: Saraiva, 2016.<br \/>\nTEMPLATE PDCA:<br \/>\nAluno e Aluna, essa atividade \u00e9 para sua organiza\u00e7\u00e3o e uso da metodologia PDCA. Por isso \u00e9 um documento orientativo e n\u00e3o precisa ser entregue. Veja as orienta\u00e7\u00f5es apresentadas no MANUAL DE ATIVIDADES EXTENSIONISTAS.<br \/>\n1. PLANEJAMENTO (PLAN)<br \/>\nAntes de definir sua proposta, explore os Objetivos de Desenvolvimento Sustent\u00e1vel (ODS) da Organiza\u00e7\u00e3o das Na\u00e7\u00f5es Unidas (ONU) no link https:\/\/brasil.un.org\/pt-br\/sdgs. Se preferir, pode baixar o documento pelo link https:\/\/brasil.un.org\/sites\/default\/files\/2020-09\/agenda2030-pt-br.pdf.<br \/>\nCompreenda a proposta da ONU e engaje-se nessa oportunidade de contribuir com as metas de um organismo internacional t\u00e3o importante ao mesmo tempo em que participa de solu\u00e7\u00f5es de seu contexto!<br \/>\nAnalise os 17 objetivos e escolha quais metas podem ser aderentes \u00e0 sua proposta e ao seu projeto. Para isso, clique no \u00edcone de cada objetivo e observe a listagem de metas dispon\u00edvel em cada um. \u00c9 necess\u00e1rio que voc\u00ea escolha pelo menos uma meta. Pode ser que voc\u00ea encontre metas aderentes \u00e0 sua proposta em diferentes objetivos, mas n\u00e3o se restrinja. Pode escolher dessa forma e mantenha o foco da ess\u00eancia de sua proposta.<br \/>\nFeito isso, liste aqui suas escolhas. Essa informa\u00e7\u00e3o tamb\u00e9m dever\u00e1 ser declarada em seu Relat\u00f3rio Final de Atividades Extensionistas.<\/p>\n<p>LISTAR METAS DOS ODS ADERENTES AO SEU PROJETO<\/p>\n<p>DEFINA A PROPOSTA.<br \/>\nIMERS\u00c3O:<br \/>\nDEFINA OS ITENS DA IMERS\u00c3O<\/p>\n<p>Segue sugest\u00e3o de perguntas para utilizar na entrevista com o parceiro.<br \/>\nSUGEST\u00c3O DE SCRIPT DE ENTREVISTA<br \/>\nQuais os principais problemas, fragilidades ou dificuldades que a institui\u00e7\u00e3o\/parceiro convive com maior frequ\u00eancia?<br \/>\nOs problemas est\u00e3o articulados com o programa\/conte\u00fado proposto no componente curricular?<br \/>\nSe n\u00e3o estiver, ser\u00e1 necess\u00e1rio voltar \u00e0 pergunta 1.<br \/>\n\u00c9 poss\u00edvel resolver ou mitigar os problemas identificados no prazo de dura\u00e7\u00e3o de projeto de extens\u00e3o.<br \/>\nSe n\u00e3o for poss\u00edvel deve voltar \u00e0 pergunta 1.<br \/>\nA solu\u00e7\u00e3o ou mitiga\u00e7\u00e3o auxiliar\u00e1 a comunidade ou um grupo de pessoas da comunidade?<br \/>\nSe n\u00e3o auxiliar deve voltar \u00e0 pergunta 1.<br \/>\nQuais ser\u00e3o as pessoas envolvidas na a\u00e7\u00e3o para buscar resolver ou mitigar os problemas identificados?<br \/>\nOnde ser\u00e1 realizada a a\u00e7\u00e3o?<br \/>\nH\u00e1 limita\u00e7\u00e3o de pessoas ou restri\u00e7\u00e3o para acesso ao local indicado?<br \/>\nQuais ser\u00e3o as pessoas beneficiadas diretamente?<br \/>\nNecessitar\u00e1 de insumos\/recursos financeiros para a realiza\u00e7\u00e3o da a\u00e7\u00e3o?<br \/>\nSer\u00e1 necess\u00e1rio agendamento?<br \/>\nQual o per\u00edodo, dia da semana, hor\u00e1rio que ser\u00e1 realizada a a\u00e7\u00e3o?<\/p>\n<p>&nbsp;<\/p>\n<p>IDEA\u00c7\u00c3O:<br \/>\nDEFINA OS ITENS DA IDEA\u00c7\u00c3O.<\/p>\n<p>PROTOTIPA\u00c7\u00c3O:<br \/>\nDEFINA OS ITENS DA PROTOTIPA\u00c7\u00c3O.<\/p>\n<p>IDEIAS E ANOTA\u00c7\u00d5ES:<\/p>\n<p>2. REALIZA\u00c7\u00c3O (DO)<br \/>\nCRONOGRAMA:<br \/>\nATIVIDADES<br \/>\nPER. 1<br \/>\nPER. 2<br \/>\nPER. 3<br \/>\nPER.4<\/p>\n<p>3. VERIFICA\u00c7\u00c3O (CHECK)<br \/>\nPlanejamento:<br \/>\nImers\u00e3o realizada?<br \/>\n() SIM<br \/>\n() N\u00c3O<br \/>\nIdea\u00e7\u00e3o realizada?<br \/>\n() SIM<br \/>\n() N\u00c3O<br \/>\nPrototipa\u00e7\u00e3o realizada?<br \/>\n() SIM<br \/>\n() N\u00c3O<br \/>\nPlanejamento est\u00e1 ok?<br \/>\n() SIM<br \/>\n() N\u00c3O<br \/>\nRealiza\u00e7\u00e3o:<br \/>\nCronograma realizado?<br \/>\n() SIM<br \/>\n() N\u00c3O<br \/>\nCronograma atende a realiza\u00e7\u00e3o do projeto?<br \/>\n() SIM<br \/>\n() N\u00c3O<br \/>\nVerifica\u00e7\u00e3o:<br \/>\nCronograma atende a realiza\u00e7\u00e3o do projeto?<br \/>\n() SIM<br \/>\n() N\u00c3O<br \/>\nProjeto atende a proposta da institui\u00e7\u00e3o escolhida?<br \/>\n() SIM<br \/>\n() N\u00c3O<br \/>\nHouve necessidade de mudan\u00e7a de estrat\u00e9gia?<br \/>\n() SIM<br \/>\n() N\u00c3O<br \/>\nEm caso positivo, mencione as mudan\u00e7as e novas estrat\u00e9gias?<\/p>\n<p>4. A\u00c7\u00c3O (ACT)<br \/>\nA\u00c7\u00c3O PROPOSTA:<\/p>\n<p>REFER\u00caNCIAS BIBLIOGR\u00c1FICAS<br \/>\nCAMPO OBRIGAT\u00d3RIO \u2013 Siga a normas ABNT, para isso consulte sua Biblioteca Virtual.<\/p>\n<div class=\"elementor-toggle-item\">\n<p id=\"elementor-tab-title-1941\" class=\"elementor-tab-title elementor-active\" tabindex=\"0\" role=\"tab\" data-tab=\"1\" aria-controls=\"elementor-tab-content-1941\" aria-expanded=\"true\" aria-selected=\"true\"><strong>Como funciona?<\/strong><\/p>\n<p>Elaboramos os portf\u00f3lios, j\u00e1 deixamos prontos, nas normas da ABNT e conforme os requisitos da universidade. F\u00e1cil assim! O MELHOR \u00c9 QUE VOC\u00ca COMPRA E J\u00c1 BAIXA NA HORA O SEU ARQUIVO EM WORD! Sabemos que conciliar trabalho, fam\u00edlia, vida profissional e estudos \u00e9 dif\u00edcil hoje em dia, por isso, estamos aqui para ajudar voc\u00ea. Conte com nossa qualidade, experi\u00eancia e profissionalismo adquirindo seu portf\u00f3lio conosco. GARANTIMOS SEU CONCEITO!<\/p>\n<p><strong>Como se realizam os envios?<\/strong><\/p>\n<\/div>\n<p id=\"elementor-tab-content-1942\" class=\"elementor-tab-content elementor-clearfix elementor-active\" role=\"tabpanel\" data-tab=\"2\" aria-labelledby=\"elementor-tab-title-1942\">O seu trabalho \u00e9 disponibilizado pronto, respondido e nas normas j\u00e1 na mesma hora aqui em nosso site na sua \u00e1rea de downloads e tamb\u00e9m no seu e-mail.<\/p>\n<p><strong>Em quanto tempo recebo o portf\u00f3lio?<\/strong><\/p>\n<p>Os envios s\u00e3o imediatos. Ap\u00f3s sua compra, o trabalho j\u00e1 \u00e9 disponibilizado instantaneamente aqui em nosso site e no seu e-mail.<\/p>\n<p><strong>E se o portf\u00f3lio que comprei precisar de corre\u00e7\u00e3o?<\/strong><\/p>\n<p>Caso haja alguma solicita\u00e7\u00e3o de corre\u00e7\u00e3o\/altera\u00e7\u00e3o por parte do tutor, basta entrar em contato conosco pelo\u00a0WhatsApp\u00a0que provid\u00eanciaremos sem custo algum.<\/p>\n<p><strong>Qual o formato do arquivo?<\/strong><\/p>\n<p>Os arquivos s\u00e3o enviados em formato Word e s\u00e3o edit\u00e1veis.<\/p>\n<p><strong>Caso eu tiver alguma d\u00favida, terei suporte no p\u00f3s venda?<\/strong><\/p>\n<p>Sim, com certeza. Basta clicar no \u00edcone do WhatsApp no cantinho da tela. Ser\u00e1 um prazer atend\u00ea-lo(a).<\/p>\n<div id=\"elementor-tab-content-1948\" class=\"elementor-tab-content elementor-clearfix elementor-active\" role=\"tabpanel\" data-tab=\"8\" aria-labelledby=\"elementor-tab-title-1948\">\n<p><strong>Quais os seus canais de contato?<\/strong><\/p>\n<\/div>\n<div id=\"elementor-tab-content-1949\" class=\"elementor-tab-content elementor-clearfix elementor-active\" role=\"tabpanel\" data-tab=\"9\" aria-labelledby=\"elementor-tab-title-1949\">\n<p>Whatsapp: 53 984751621 \u2013 Clicar no canto da tela ou ESCANEIE O QRCODE ABAIXO<\/p>\n<h4><img decoding=\"async\" class=\"alignnone wp-image-13699 jetpack-lazy-image jetpack-lazy-image--handled\" src=\"https:\/\/i0.wp.com\/portifolioos-prontos.com\/wp-content\/uploads\/2023\/02\/whatsapp-business-projeto-de-extensao-300x300.jpeg?resize=144%2C144\" sizes=\"(max-width: 144px) 100vw, 144px\" srcset=\"https:\/\/i0.wp.com\/portifolioos-prontos.com\/wp-content\/uploads\/2023\/02\/whatsapp-business-projeto-de-extensao.jpeg?resize=300%2C301&amp;ssl=1 300w, https:\/\/i0.wp.com\/portifolioos-prontos.com\/wp-content\/uploads\/2023\/02\/whatsapp-business-projeto-de-extensao.jpeg?resize=150%2C150&amp;ssl=1 150w, https:\/\/i0.wp.com\/portifolioos-prontos.com\/wp-content\/uploads\/2023\/02\/whatsapp-business-projeto-de-extensao.jpeg?resize=370%2C372&amp;ssl=1 370w, https:\/\/i0.wp.com\/portifolioos-prontos.com\/wp-content\/uploads\/2023\/02\/whatsapp-business-projeto-de-extensao.jpeg?resize=100%2C100&amp;ssl=1 100w, https:\/\/i0.wp.com\/portifolioos-prontos.com\/wp-content\/uploads\/2023\/02\/whatsapp-business-projeto-de-extensao.jpeg?w=470&amp;ssl=1 470w\" alt=\"projeto de extens\u00e3o unopar\" width=\"144\" height=\"144\" data-lazy-loaded=\"1\" \/><\/h4>\n<\/div>\n<div class=\"elementor-toggle-item\">\n<div id=\"elementor-tab-content-1949\" class=\"elementor-tab-content elementor-clearfix elementor-active\" role=\"tabpanel\" data-tab=\"9\" aria-labelledby=\"elementor-tab-title-1949\">\n<p>E-mail:portifoliosp@gmail.com<\/p>\n<div id=\"attachment_143\" class=\"wp-caption alignnone\">\n<div id=\"attachment_143\" class=\"wp-caption alignnone\">\n<p id=\"caption-attachment-143\" class=\"wp-caption-text\"><a href=\"http:\/\/portfolio-pronto.com\">Portf\u00f3lio<\/a> em Word, respondido, completo e j\u00e1 nas normas<\/p>\n<\/div>\n<\/div>\n<\/div>\n<\/div>\n<\/div>\n","protected":false},"excerpt":{"rendered":"<div class=\"product-short-description\">\n<div><span style=\"color: #ff0000\"><strong>Compre e receba o Relat\u00f3rio Final de Atividades Extensionistas j\u00e1 preenchido, com um projeto totalmente desenvolvido para entrega.<\/strong><\/span><\/div>\n<div class=\"product-short-description\"><strong>Pague pelo PIX ou cart\u00e3o e fa\u00e7a o download agora mesmo.<\/strong><\/div>\n<div class=\"sticky-add-to-cart-wrapper\">\n<div class=\"sticky-add-to-cart\">\n<p class=\"quantity buttons_added form-flat\"><img decoding=\"async\" class=\"lazyloaded smush-image-5 smush-image-3 smush-image-4 smush-detected-img smush-image-bigger-3\" src=\"https:\/\/d26lpennugtm8s.cloudfront.net\/assets\/common\/img\/logos\/payment\/visa@2x.png\" width=\"46\" height=\"29\" data-src=\"https:\/\/d26lpennugtm8s.cloudfront.net\/assets\/common\/img\/logos\/payment\/visa@2x.png\" \/><img decoding=\"async\" class=\"lazyloaded smush-image-6 smush-image-4 smush-image-5 smush-detected-img smush-image-bigger-4\" src=\"https:\/\/d26lpennugtm8s.cloudfront.net\/assets\/common\/img\/logos\/payment\/boleto@2x.png\" width=\"43\" height=\"27\" data-src=\"https:\/\/d26lpennugtm8s.cloudfront.net\/assets\/common\/img\/logos\/payment\/boleto@2x.png\" \/><img loading=\"lazy\" decoding=\"async\" class=\"lazyloaded smush-image-7 smush-image-5 smush-image-6 smush-detected-img smush-image-bigger-5\" src=\"https:\/\/d26lpennugtm8s.cloudfront.net\/assets\/common\/img\/logos\/payment\/mastercard@2x.png\" width=\"43\" height=\"27\" data-src=\"https:\/\/d26lpennugtm8s.cloudfront.net\/assets\/common\/img\/logos\/payment\/mastercard@2x.png\" \/><img loading=\"lazy\" decoding=\"async\" class=\"lazyloaded smush-image-8 smush-image-6 smush-image-7 smush-detected-img smush-image-bigger-6\" src=\"https:\/\/d26lpennugtm8s.cloudfront.net\/assets\/common\/img\/logos\/payment\/amex@2x.png\" width=\"43\" height=\"27\" data-src=\"https:\/\/d26lpennugtm8s.cloudfront.net\/assets\/common\/img\/logos\/payment\/amex@2x.png\" \/><img loading=\"lazy\" decoding=\"async\" class=\"lazyloaded smush-image-9 smush-image-7 smush-image-8 smush-detected-img smush-image-bigger-7\" src=\"https:\/\/d26lpennugtm8s.cloudfront.net\/assets\/common\/img\/logos\/payment\/diners@2x.png\" width=\"46\" height=\"29\" data-src=\"https:\/\/d26lpennugtm8s.cloudfront.net\/assets\/common\/img\/logos\/payment\/diners@2x.png\" \/><img loading=\"lazy\" decoding=\"async\" class=\"lazyloaded smush-image-10 smush-image-8 smush-image-9 alignnone smush-detected-img smush-image-bigger-8\" src=\"https:\/\/d26lpennugtm8s.cloudfront.net\/assets\/common\/img\/logos\/payment\/br\/elo@2x.png\" alt=\"portf\u00f3lio unopar anhanguera\" width=\"45\" height=\"28\" data-src=\"https:\/\/d26lpennugtm8s.cloudfront.net\/assets\/common\/img\/logos\/payment\/br\/elo@2x.png\" \/><img loading=\"lazy\" decoding=\"async\" class=\"lazyloaded smush-image-11 smush-image-9 smush-image-10 alignnone smush-detected-img smush-image-bigger-9\" src=\"https:\/\/d26lpennugtm8s.cloudfront.net\/assets\/common\/img\/logos\/payment\/br\/hipercard@2x.png\" alt=\"portf\u00f3lio unopar anhanguera\" width=\"44\" height=\"28\" data-src=\"https:\/\/d26lpennugtm8s.cloudfront.net\/assets\/common\/img\/logos\/payment\/br\/hipercard@2x.png\" \/><img loading=\"lazy\" decoding=\"async\" class=\"lazyloaded smush-image-12 smush-image-10 smush-image-11 alignnone smush-detected-img smush-image-bigger-10\" src=\"https:\/\/d26lpennugtm8s.cloudfront.net\/assets\/common\/img\/logos\/payment\/mercadopago@2x.png\" alt=\"portf\u00f3lio unopar anhanguera\" width=\"45\" height=\"28\" data-src=\"https:\/\/d26lpennugtm8s.cloudfront.net\/assets\/common\/img\/logos\/payment\/mercadopago@2x.png\" \/><img loading=\"lazy\" decoding=\"async\" class=\"alignnone ls-is-cached lazyloaded smush-detected-img smush-image-bigger-11\" src=\"https:\/\/futurium.com.br\/wp-content\/uploads\/2021\/06\/logo-pix-icone-512.png\" alt=\"portfolio pronto\" width=\"30\" height=\"30\" data-src=\"https:\/\/futurium.com.br\/wp-content\/uploads\/2021\/06\/logo-pix-icone-512.png\" \/><\/p>\n<\/div>\n<\/div>\n<\/div>\n","protected":false},"featured_media":13991,"template":"","meta":{"_seopress_robots_primary_cat":"none","_seopress_titles_title":"%%post_title%% %%sitetitle%%","_seopress_titles_desc":"%%post_content%%","_seopress_robots_index":""},"product_cat":[44],"product_tag":[731],"class_list":{"0":"post-13134","1":"product","2":"type-product","3":"status-publish","4":"has-post-thumbnail","6":"product_cat-gestao-em-seguranca-publica","7":"product_tag-projeto-de-extensao-acao-e-difusao-cultural","9":"first","10":"instock","11":"featured","12":"downloadable","13":"virtual","14":"purchasable","15":"product-type-simple","16":"col-xs-6 col-sm-4","17":"col-mf-5","18":"un-5-cols"},"jetpack_sharing_enabled":true,"_links":{"self":[{"href":"https:\/\/portifolioos-prontos.com\/index.php\/wp-json\/wp\/v2\/product\/13134","targetHints":{"allow":["GET"]}}],"collection":[{"href":"https:\/\/portifolioos-prontos.com\/index.php\/wp-json\/wp\/v2\/product"}],"about":[{"href":"https:\/\/portifolioos-prontos.com\/index.php\/wp-json\/wp\/v2\/types\/product"}],"version-history":[{"count":1,"href":"https:\/\/portifolioos-prontos.com\/index.php\/wp-json\/wp\/v2\/product\/13134\/revisions"}],"predecessor-version":[{"id":44295,"href":"https:\/\/portifolioos-prontos.com\/index.php\/wp-json\/wp\/v2\/product\/13134\/revisions\/44295"}],"wp:featuredmedia":[{"embeddable":true,"href":"https:\/\/portifolioos-prontos.com\/index.php\/wp-json\/wp\/v2\/media\/13991"}],"wp:attachment":[{"href":"https:\/\/portifolioos-prontos.com\/index.php\/wp-json\/wp\/v2\/media?parent=13134"}],"wp:term":[{"taxonomy":"product_cat","embeddable":true,"href":"https:\/\/portifolioos-prontos.com\/index.php\/wp-json\/wp\/v2\/product_cat?post=13134"},{"taxonomy":"product_tag","embeddable":true,"href":"https:\/\/portifolioos-prontos.com\/index.php\/wp-json\/wp\/v2\/product_tag?post=13134"}],"curies":[{"name":"wp","href":"https:\/\/api.w.org\/{rel}","templated":true}]}}