{"id":13355,"date":"2023-02-06T21:10:01","date_gmt":"2023-02-07T00:10:01","guid":{"rendered":"https:\/\/portifolioos-prontos.com\/?post_type=product&#038;p=13355"},"modified":"2025-08-03T13:48:31","modified_gmt":"2025-08-03T16:48:31","slug":"aula-pratica-computacao-em-nuvem","status":"publish","type":"product","link":"https:\/\/portifolioos-prontos.com\/index.php\/product\/aula-pratica-computacao-em-nuvem\/","title":{"rendered":"Aula pr\u00e1tica &#8211; Computa\u00e7\u00e3o em Nuvem"},"content":{"rendered":"<div class=\"elementor-toggle-item\">\n<h4 tabindex=\"0\" role=\"tab\" data-tab=\"1\" aria-controls=\"elementor-tab-content-1941\" aria-expanded=\"true\" aria-selected=\"true\">AULA PR\u00c1TICA<br \/>\nNOME DA DISCIPLINA: Computa\u00e7\u00e3o em Nuvem<\/h4>\n<p tabindex=\"0\" role=\"tab\" data-tab=\"1\" aria-controls=\"elementor-tab-content-1941\" aria-expanded=\"true\" aria-selected=\"true\"><strong>OBJETIVOS<\/strong><br \/>\nDefini\u00e7\u00e3o dos objetivos da aula pr\u00e1tica:<br \/>\n&#8211; Criar um projeto no Netbeans e executar com CloudSim.<br \/>\nINFRAESTRUTURA<br \/>\nInstala\u00e7\u00f5es:<br \/>\n1. Instalar o NetBeans;<br \/>\n2. Baixar o arquivo JAVA;<br \/>\n3. Baixar o arquivo CloudSim;<br \/>\n4. Configurar o CloudSim e o JAVA no Netbeans.<br \/>\nMateriais de consumo:<br \/>\nDescri\u00e7\u00e3o<br \/>\nQuantidade de materiais<br \/>\npor<br \/>\nprocedimento\/atividade<br \/>\nComputador 1 por aluno<br \/>\nSoftware:<br \/>\nSim (X) N\u00e3o ( )<br \/>\nEm caso afirmativo, qual? Netbeans para desenvolvimento com o CloudSim.<br \/>\nPago ( ) N\u00e3o Pago (X)<br \/>\nTipo de Licen\u00e7a: Freeware.<br \/>\nDescri\u00e7\u00e3o do software:<br \/>\nO NetBeans IDE \u00e9 um ambiente de desenvolvimento integrado gratuito e de c\u00f3digo<br \/>\naberto para desenvolvedores de software nas linguagens Java, JavaScript, HTML5, PHP,<br \/>\nC\/C++, Groovy, Ruby, entre outras.<br \/>\nCloudSim \u00e9 um framework para modelagem e simula\u00e7\u00e3o de infraestruturas e servi\u00e7os<br \/>\nde computa\u00e7\u00e3o em nuvem.<br \/>\nEquipamento de Prote\u00e7\u00e3o Individual (EPI):<br \/>\n&#8211; NSA<br \/>\nPROCEDIMENTOS PR\u00c1TICOS<br \/>\nExecutar um projeto no NetBeans, utilizando o CloudSim.<br \/>\n3<br \/>\nAtividade proposta:<br \/>\nSer\u00e1 necess\u00e1rio instalar o Netbeans, cria\u00e7\u00e3o de um novo projeto no NetBeans e colocar o primeiro exemplo<br \/>\ndo CloudSim (CloudSimExample1.java) no NetBeans.<br \/>\nProcedimentos para a realiza\u00e7\u00e3o da atividade:<br \/>\nFinalmente chegamos no ponto de criarmos nosso primeiro teste com o CloudSim.<br \/>\nCloudSim \u00e9 uma estrutura de c\u00f3digo aberto, usada para simular infraestrutura e servi\u00e7os de computa\u00e7\u00e3o<br \/>\nem nuvem. Ele \u00e9 desenvolvido pela organiza\u00e7\u00e3o CLOUDS Lab e \u00e9 inteiramente escrito em Java. \u00c9 utilizado<br \/>\npara modelar e simular um ambiente de computa\u00e7\u00e3o em nuvem como meio de avalia\u00e7\u00e3o de uma hip\u00f3tese<br \/>\nanterior ao desenvolvimento do software, a fim de reproduzir testes e resultados.<br \/>\nConceito iniciado em 1999, por Fredrik Malmer (WebOS):<br \/>\n\uf0b7 Acesso em rede ub\u00edquo;<br \/>\n\uf0b7 Sob demanda;<br \/>\n\uf0b7 Aprovisionamento din\u00e2mico;<br \/>\n\uf0b7 Elasticidade R\u00e1pida;<br \/>\n\uf0b7 Servi\u00e7o Mensur\u00e1vel.<br \/>\nBenef\u00edcios do CloudSim:<br \/>\n\uf0b7 Nenhum investimento de capital envolvido . Com uma ferramenta de simula\u00e7\u00e3o como o CloudSim<br \/>\nn\u00e3o h\u00e1 custo de instala\u00e7\u00e3o ou manuten\u00e7\u00e3o.<br \/>\n\uf0b7 F\u00e1cil de usar e escal\u00e1vel . Voc\u00ea pode alterar os requisitos, como adicionar ou excluir recursos,<br \/>\nalterando apenas algumas linhas de c\u00f3digo.<br \/>\n\uf0b7 Os riscos podem ser avaliados em um est\u00e1gio anterior. Na computa\u00e7\u00e3o em nuvem, a utiliza\u00e7\u00e3o de<br \/>\ntestbeds reais limita os experimentos \u00e0 escala do testbed e torna a reprodu\u00e7\u00e3o dos resultados uma<br \/>\ntarefa extremamente dif\u00edcil. Com a simula\u00e7\u00e3o, voc\u00ea pode testar seu produto em casos de teste e<br \/>\nresolver problemas antes da implanta\u00e7\u00e3o real, sem quaisquer limita\u00e7\u00f5es.<br \/>\n\uf0b7 N\u00e3o h\u00e1 necessidade de abordagens de tentativa e erro. Em vez de depender de avalia\u00e7\u00f5es te\u00f3ricas<br \/>\ne imprecisas que podem levar a um desempenho de servi\u00e7o ineficiente e gera\u00e7\u00e3o de receita, voc\u00ea<br \/>\npode testar seus servi\u00e7os em um ambiente repet\u00edvel e controlado sem custos com o CloudSim.<br \/>\nPor que usar o CloudSim:<br \/>\n\uf0b7 C\u00f3digo aberto e gratuito , portanto, favorece os pesquisadores \/ desenvolvedores que trabalham<br \/>\nna \u00e1rea.<br \/>\n\uf0b7 F\u00e1cil de baixar e configurar.<br \/>\n4<br \/>\n\uf0b7 \u00c9 mais generalizado e extens\u00edvel para dar suporte \u00e0 modelagem e experimenta\u00e7\u00e3o.<br \/>\n\uf0b7 N\u00e3o requer nenhum computador de alta especifica\u00e7\u00e3o para funcionar.<br \/>\n\uf0b7 Fornece pol\u00edticas de aloca\u00e7\u00e3o predefinidas e modelos de utiliza\u00e7\u00e3o para gerenciamento de recursos<br \/>\ne permite a implementa\u00e7\u00e3o de algoritmos definidos pelo usu\u00e1rio.<br \/>\n\uf0b7 A documenta\u00e7\u00e3o fornece exemplos pr\u00e9-codificados para que novos desenvolvedores se<br \/>\nfamiliarizem com as classes e fun\u00e7\u00f5es b\u00e1sicas.<br \/>\n\uf0b7 Resolva os gargalos antes da implanta\u00e7\u00e3o para reduzir riscos, diminuir custos, aumentar o<br \/>\ndesempenho e aumentar a receita.<br \/>\nVamos dar in\u00edcio a nossa atividade:<br \/>\n\uf0b7 Ser\u00e1 necess\u00e1rio instalar o NetBeans, conforme link abaixo:<br \/>\nhttps:\/\/dlcdn.apache.org\/netbeans\/netbeans\/15\/netbeans-15-bin.zip.<br \/>\n\uf0b7 Baixar o JAVA: https:\/\/jdk.java.net\/archive\/<br \/>\nConforme imagem acima, baixar o JAVA de acordo com a especifica\u00e7\u00e3o de sua m\u00e1quina.<br \/>\n\uf0b7 Baixar o CloudSim: http:\/\/www.cloudbus.org\/cloudsim\/<br \/>\nDepois de todos os arquivos baixados e instalado o NetBeans, criar um novo Projeto no Netbeans chamado<br \/>\n\u201cRedes\u201d e adicionar o primeiro exemplo do CloudSim que est\u00e1 na pasta do CloudSim em \u201cexamples\u201d.<br \/>\nSer\u00e1 necess\u00e1rio incluir o JAR na biblioteca deste projeto.<br \/>\nChecklist:<br \/>\n1. Instalar o NetBeans;<br \/>\n2. Baixar o arquivo JAVA;<br \/>\n3. Baixar o arquivo CloudSim;<br \/>\n4. Cria\u00e7\u00e3o do projeto no NetBeans com o nome \u201cRedes\u201d;<br \/>\n5. Adicionar primeiro exemplo do CloudSim;<br \/>\n6. Configurar o JAR.<br \/>\nRESULTADOS<br \/>\n5<br \/>\nResultados da aula pr\u00e1tica:<br \/>\nElaborar um relat\u00f3rio que dever\u00e1 conter introdu\u00e7\u00e3o, m\u00e9todos, resultados e conclus\u00e3o sobre o assunto<br \/>\ndesenvolvido em aula pr\u00e1tica, para compreender o funcionamento do uso do CloudSim.<\/p>\n<div class=\"elementor-toggle-item\">\n<p id=\"elementor-tab-title-1941\" class=\"elementor-tab-title elementor-active\" tabindex=\"0\" role=\"tab\" data-tab=\"1\" aria-controls=\"elementor-tab-content-1941\" aria-expanded=\"true\" aria-selected=\"true\"><strong>Como funciona?<\/strong><\/p>\n<p>Elaboramos os portf\u00f3lios, j\u00e1 deixamos prontos, nas normas da ABNT e conforme os requisitos da universidade. F\u00e1cil assim! O MELHOR \u00c9 QUE VOC\u00ca COMPRA E J\u00c1 BAIXA NA HORA O SEU ARQUIVO EM WORD! Sabemos que conciliar trabalho, fam\u00edlia, vida profissional e estudos \u00e9 dif\u00edcil hoje em dia, por isso, estamos aqui para ajudar voc\u00ea. Conte com nossa qualidade, experi\u00eancia e profissionalismo adquirindo seu portf\u00f3lio conosco. GARANTIMOS SEU CONCEITO!<\/p>\n<p><strong>Como se realizam os envios?<\/strong><\/p>\n<\/div>\n<p id=\"elementor-tab-content-1942\" class=\"elementor-tab-content elementor-clearfix elementor-active\" role=\"tabpanel\" data-tab=\"2\" aria-labelledby=\"elementor-tab-title-1942\">O seu trabalho \u00e9 disponibilizado pronto, respondido e nas normas j\u00e1 na mesma hora aqui em nosso site na sua \u00e1rea de downloads e tamb\u00e9m no seu e-mail.<\/p>\n<p><strong>Em quanto tempo recebo o portf\u00f3lio?<\/strong><\/p>\n<p>Os envios s\u00e3o imediatos. Ap\u00f3s sua compra, o trabalho j\u00e1 \u00e9 disponibilizado instantaneamente aqui em nosso site e no seu e-mail.<\/p>\n<p><strong>E se o portf\u00f3lio que comprei precisar de corre\u00e7\u00e3o?<\/strong><\/p>\n<p>Caso haja alguma solicita\u00e7\u00e3o de corre\u00e7\u00e3o\/altera\u00e7\u00e3o por parte do tutor, basta entrar em contato conosco pelo\u00a0WhatsApp\u00a0que provid\u00eanciaremos sem custo algum.<\/p>\n<p><strong>Qual o formato do arquivo?<\/strong><\/p>\n<p>Os arquivos s\u00e3o enviados em formato Word e s\u00e3o edit\u00e1veis.<\/p>\n<p><strong>Caso eu tiver alguma d\u00favida, terei suporte no p\u00f3s venda?<\/strong><\/p>\n<p>Sim, com certeza. Basta clicar no \u00edcone do WhatsApp no cantinho da tela. Ser\u00e1 um prazer atend\u00ea-lo(a).<\/p>\n<div id=\"elementor-tab-content-1948\" class=\"elementor-tab-content elementor-clearfix elementor-active\" role=\"tabpanel\" data-tab=\"8\" aria-labelledby=\"elementor-tab-title-1948\">\n<p><strong>Quais os seus canais de contato?<\/strong><\/p>\n<\/div>\n<div id=\"elementor-tab-content-1949\" class=\"elementor-tab-content elementor-clearfix elementor-active\" role=\"tabpanel\" data-tab=\"9\" aria-labelledby=\"elementor-tab-title-1949\">\n<p>Whatsapp: 53 984751621 \u2013 Clicar no canto da tela ou ESCANEIE O QRCODE ABAIXO<\/p>\n<h4><img decoding=\"async\" class=\"alignnone wp-image-13699 jetpack-lazy-image jetpack-lazy-image--handled\" src=\"https:\/\/i0.wp.com\/portifolioos-prontos.com\/wp-content\/uploads\/2023\/02\/whatsapp-business-projeto-de-extensao-300x300.jpeg?resize=144%2C144\" sizes=\"(max-width: 144px) 100vw, 144px\" srcset=\"https:\/\/i0.wp.com\/portifolioos-prontos.com\/wp-content\/uploads\/2023\/02\/whatsapp-business-projeto-de-extensao.jpeg?resize=300%2C301&amp;ssl=1 300w, https:\/\/i0.wp.com\/portifolioos-prontos.com\/wp-content\/uploads\/2023\/02\/whatsapp-business-projeto-de-extensao.jpeg?resize=150%2C150&amp;ssl=1 150w, https:\/\/i0.wp.com\/portifolioos-prontos.com\/wp-content\/uploads\/2023\/02\/whatsapp-business-projeto-de-extensao.jpeg?resize=370%2C372&amp;ssl=1 370w, https:\/\/i0.wp.com\/portifolioos-prontos.com\/wp-content\/uploads\/2023\/02\/whatsapp-business-projeto-de-extensao.jpeg?resize=100%2C100&amp;ssl=1 100w, https:\/\/i0.wp.com\/portifolioos-prontos.com\/wp-content\/uploads\/2023\/02\/whatsapp-business-projeto-de-extensao.jpeg?w=470&amp;ssl=1 470w\" alt=\"projeto de extens\u00e3o unopar\" width=\"144\" height=\"144\" data-lazy-loaded=\"1\" \/><\/h4>\n<\/div>\n<div class=\"elementor-toggle-item\">\n<div id=\"elementor-tab-content-1949\" class=\"elementor-tab-content elementor-clearfix elementor-active\" role=\"tabpanel\" data-tab=\"9\" aria-labelledby=\"elementor-tab-title-1949\">\n<p>E-mail:portifoliosp@gmail.com<\/p>\n<div id=\"attachment_143\" class=\"wp-caption alignnone\">\n<div id=\"attachment_143\" class=\"wp-caption alignnone\">\n<p id=\"caption-attachment-143\" class=\"wp-caption-text\"><a href=\"http:\/\/portfolio-pronto.com\">Portf\u00f3lio<\/a> em Word, respondido, completo e j\u00e1 nas normas<\/p>\n<\/div>\n<\/div>\n<\/div>\n<\/div>\n<\/div>\n","protected":false},"excerpt":{"rendered":"<div class=\"product-short-description\">\n<p><strong>Pague pelo PIX ou cart\u00e3o e fa\u00e7a o download agora mesmo.<\/strong><\/p>\n<\/div>\n<div class=\"sticky-add-to-cart-wrapper\">\n<div class=\"sticky-add-to-cart\">\n<p class=\"quantity buttons_added form-flat\"><img decoding=\"async\" class=\"lazyloaded smush-image-5 smush-image-3 smush-detected-img smush-image-4\" src=\"https:\/\/d26lpennugtm8s.cloudfront.net\/assets\/common\/img\/logos\/payment\/visa@2x.png\" width=\"46\" height=\"29\" data-src=\"https:\/\/d26lpennugtm8s.cloudfront.net\/assets\/common\/img\/logos\/payment\/visa@2x.png\" \/><img decoding=\"async\" class=\"lazyloaded smush-image-6 smush-image-4 smush-detected-img smush-image-5\" src=\"https:\/\/d26lpennugtm8s.cloudfront.net\/assets\/common\/img\/logos\/payment\/boleto@2x.png\" width=\"43\" height=\"27\" data-src=\"https:\/\/d26lpennugtm8s.cloudfront.net\/assets\/common\/img\/logos\/payment\/boleto@2x.png\" \/><img loading=\"lazy\" decoding=\"async\" class=\"lazyloaded smush-image-7 smush-image-5 smush-detected-img smush-image-6\" src=\"https:\/\/d26lpennugtm8s.cloudfront.net\/assets\/common\/img\/logos\/payment\/mastercard@2x.png\" width=\"43\" height=\"27\" data-src=\"https:\/\/d26lpennugtm8s.cloudfront.net\/assets\/common\/img\/logos\/payment\/mastercard@2x.png\" \/><img loading=\"lazy\" decoding=\"async\" class=\"lazyloaded smush-image-8 smush-image-6 smush-detected-img smush-image-7\" src=\"https:\/\/d26lpennugtm8s.cloudfront.net\/assets\/common\/img\/logos\/payment\/amex@2x.png\" width=\"43\" height=\"27\" data-src=\"https:\/\/d26lpennugtm8s.cloudfront.net\/assets\/common\/img\/logos\/payment\/amex@2x.png\" \/><img loading=\"lazy\" decoding=\"async\" class=\"lazyloaded smush-image-9 smush-image-7 smush-detected-img smush-image-8\" src=\"https:\/\/d26lpennugtm8s.cloudfront.net\/assets\/common\/img\/logos\/payment\/diners@2x.png\" width=\"46\" height=\"29\" data-src=\"https:\/\/d26lpennugtm8s.cloudfront.net\/assets\/common\/img\/logos\/payment\/diners@2x.png\" \/><img loading=\"lazy\" decoding=\"async\" class=\"lazyloaded smush-image-10 smush-image-8 smush-detected-img smush-image-9 alignnone\" src=\"https:\/\/d26lpennugtm8s.cloudfront.net\/assets\/common\/img\/logos\/payment\/br\/elo@2x.png\" alt=\"portf\u00f3lio unopar anhanguera\" width=\"45\" height=\"28\" data-src=\"https:\/\/d26lpennugtm8s.cloudfront.net\/assets\/common\/img\/logos\/payment\/br\/elo@2x.png\" \/><img loading=\"lazy\" decoding=\"async\" class=\"lazyloaded smush-image-11 smush-image-9 smush-detected-img smush-image-10 alignnone\" src=\"https:\/\/d26lpennugtm8s.cloudfront.net\/assets\/common\/img\/logos\/payment\/br\/hipercard@2x.png\" alt=\"portf\u00f3lio unopar anhanguera\" width=\"44\" height=\"28\" data-src=\"https:\/\/d26lpennugtm8s.cloudfront.net\/assets\/common\/img\/logos\/payment\/br\/hipercard@2x.png\" \/><img loading=\"lazy\" decoding=\"async\" class=\"lazyloaded smush-image-12 smush-image-10 smush-detected-img smush-image-11 alignnone\" src=\"https:\/\/d26lpennugtm8s.cloudfront.net\/assets\/common\/img\/logos\/payment\/mercadopago@2x.png\" alt=\"portf\u00f3lio unopar anhanguera\" width=\"45\" height=\"28\" data-src=\"https:\/\/d26lpennugtm8s.cloudfront.net\/assets\/common\/img\/logos\/payment\/mercadopago@2x.png\" \/><img loading=\"lazy\" decoding=\"async\" class=\"alignnone lazyloaded\" src=\"https:\/\/futurium.com.br\/wp-content\/uploads\/2021\/06\/logo-pix-icone-512.png\" alt=\"portfolio pronto\" width=\"30\" height=\"30\" data-src=\"https:\/\/futurium.com.br\/wp-content\/uploads\/2021\/06\/logo-pix-icone-512.png\" \/><\/p>\n<\/div>\n<\/div>\n","protected":false},"featured_media":13357,"template":"","meta":{"_seopress_robots_primary_cat":"none","_seopress_titles_title":"%%post_title%% %%sitetitle%%","_seopress_titles_desc":"","_seopress_robots_index":""},"product_cat":[109,58,15],"product_tag":[],"class_list":{"0":"post-13355","1":"product","2":"type-product","3":"status-publish","4":"has-post-thumbnail","6":"product_cat-analise-e-desenvolvimento-de-sistemas","7":"product_cat-cursos-de-t-i","8":"product_cat-uncategorized","10":"first","11":"instock","12":"featured","13":"downloadable","14":"virtual","15":"purchasable","16":"product-type-simple","17":"col-xs-6 col-sm-4","18":"col-mf-5","19":"un-5-cols"},"jetpack_sharing_enabled":true,"_links":{"self":[{"href":"https:\/\/portifolioos-prontos.com\/index.php\/wp-json\/wp\/v2\/product\/13355","targetHints":{"allow":["GET"]}}],"collection":[{"href":"https:\/\/portifolioos-prontos.com\/index.php\/wp-json\/wp\/v2\/product"}],"about":[{"href":"https:\/\/portifolioos-prontos.com\/index.php\/wp-json\/wp\/v2\/types\/product"}],"version-history":[{"count":0,"href":"https:\/\/portifolioos-prontos.com\/index.php\/wp-json\/wp\/v2\/product\/13355\/revisions"}],"wp:featuredmedia":[{"embeddable":true,"href":"https:\/\/portifolioos-prontos.com\/index.php\/wp-json\/wp\/v2\/media\/13357"}],"wp:attachment":[{"href":"https:\/\/portifolioos-prontos.com\/index.php\/wp-json\/wp\/v2\/media?parent=13355"}],"wp:term":[{"taxonomy":"product_cat","embeddable":true,"href":"https:\/\/portifolioos-prontos.com\/index.php\/wp-json\/wp\/v2\/product_cat?post=13355"},{"taxonomy":"product_tag","embeddable":true,"href":"https:\/\/portifolioos-prontos.com\/index.php\/wp-json\/wp\/v2\/product_tag?post=13355"}],"curies":[{"name":"wp","href":"https:\/\/api.w.org\/{rel}","templated":true}]}}