{"id":13360,"date":"2023-02-06T21:54:12","date_gmt":"2023-02-07T00:54:12","guid":{"rendered":"https:\/\/portifolioos-prontos.com\/?post_type=product&#038;p=13360"},"modified":"2025-07-28T14:01:20","modified_gmt":"2025-07-28T17:01:20","slug":"estagio-curricular-obrigatorio-estagio-em-alimentacao-coletiva-215-horas","status":"publish","type":"product","link":"https:\/\/portifolioos-prontos.com\/index.php\/product\/estagio-curricular-obrigatorio-estagio-em-alimentacao-coletiva-215-horas\/","title":{"rendered":"Est\u00e1gio Curricular Obrigat\u00f3rio Est\u00e1gio em Alimenta\u00e7\u00e3o Coletiva (215 horas)"},"content":{"rendered":"<h4>Est\u00e1gio Curricular Obrigat\u00f3rio Est\u00e1gio em Alimenta\u00e7\u00e3o Coletiva (215 horas)<\/h4>\n<hr \/>\n<p>ANEXO III ROTEIRO PARA ELABORA\u00c7\u00c3O DE RELAT\u00d3RIO DE EST\u00c1GIO<\/p>\n<p>1.CAPA<br \/>\nInstitui\u00e7\u00e3o a que pertence o aluno<br \/>\nT\u00edtulo do relat\u00f3rio<br \/>\nNome completo do aluno<br \/>\nCidade, ano<br \/>\n2.FOLHA DE ROSTO<br \/>\nInstitui\u00e7\u00e3o de onde provem o relat\u00f3rio<br \/>\nNome completo do aluno<br \/>\nNome da coordena\u00e7\u00e3o do curso<br \/>\nNome do supervisor<br \/>\n3.SUM\u00c1RIO<br \/>\nAssuntos com respectivas pagina\u00e7\u00f5es<br \/>\n4.APRESENTA\u00c7\u00c3O<br \/>\nInforma\u00e7\u00f5es gerais do campo de est\u00e1gio<br \/>\nObjetivo do est\u00e1gio e per\u00edodo de realiza\u00e7\u00e3o do est\u00e1gio<br \/>\n5. INTRODU\u00c7\u00c3O<br \/>\nDescrever o servi\u00e7o realizado dentro do Local de Est\u00e1gio, assim como a estrutura<br \/>\norganizacional. No m\u00e1ximo 1 folha e meia.<br \/>\n6. ATIVIDADE DO\u00a0ESTAGI\u00c1RIO<br \/>\nDescrever de forma detalhada as atividades realizadas no local de est\u00e1gio.<br \/>\n7. UNIDADE DE ALIMENTA\u00c7\u00c3O E NUTRI\u00c7\u00c3O \u2013 campo de est\u00e1gio.<br \/>\n7.1 Caracteriza\u00e7\u00e3o do Servi\u00e7o (dados gerais da institui\u00e7\u00e3o \u2013 endere\u00e7o, respons\u00e1vel,<br \/>\norganograma) e caracter\u00edsticas do atendimento (n\u00famero de refei\u00e7\u00f5es, n\u00famero de refeit\u00f3rio,<br \/>\nturnos das refei\u00e7\u00f5es, sistema de distribui\u00e7\u00e3o, tipo de servi\u00e7o).<br \/>\n7.2 Caracter\u00edsticas F\u00edsicas (localiza\u00e7\u00e3o da edifica\u00e7\u00e3o da UAN; forma geom\u00e9trica da UAN;<br \/>\n\u00e1rea total e descri\u00e7\u00e3o dos setores); Caracter\u00edsticas da constru\u00e7\u00e3o (piso, parede, teto, janelas,<br \/>\nventila\u00e7\u00e3o); elabora\u00e7\u00e3o do lay-out da UAN e avalia\u00e7\u00e3o do fluxograma da UAN.<br \/>\n7.3 Pessoal (quadro de pessoal; n\u00famero de funcion\u00e1rios; taxa de absente\u00edsmo; cargos e<br \/>\nfun\u00e7\u00f5es por setores; jornada e hor\u00e1rio de trabalho; recrutamento; exames m\u00e9dicos iniciais e<\/p>\n<p>Est\u00e1gio em Alimenta\u00e7\u00e3o Coletiva<\/p>\n<p>peri\u00f3dicos; escala de f\u00e9rias e folgas; treinamento; avalia\u00e7\u00e3o dos funcion\u00e1rios; uniforme e<br \/>\nhigiene pessoal).<br \/>\n7.4 Controle de Qualidade (Sistemas de controle de qualidade; metodologia para controle de<br \/>\nqualidade de produtos e servi\u00e7os); Controle microbiol\u00f3gicos das refei\u00e7\u00f5es.<br \/>\n7.5 Card\u00e1pio (componentes do card\u00e1pio; proposta mensal de card\u00e1pio com balanceamento<br \/>\ndos card\u00e1pios de uma semana); Atendimentos especiais; Qualidade nutricional; Caracter\u00edstica<br \/>\nsensorial.<br \/>\n7.6 Higieniza\u00e7\u00e3o (utens\u00edlios; equipamentos; ambiente); Programa integrado de controle de<br \/>\npragas e roedores; Controle de \u00e1gua para consumo e uso geral; Acondicionamento e retirada<br \/>\ndo lixo.<br \/>\n7.7 Funcionamento Geral: Pol\u00edtica de compras; Controle de estoque; Controle do n\u00famero de<br \/>\nrefei\u00e7\u00f5es; Escalas de servi\u00e7os; Calculo de custos; Impressos utilizados; Controle de resto;<br \/>\nControle de utens\u00edlios.<br \/>\n7.8 Instrumentos administrativos (Manuais, an\u00e1lise e\/ou elabora\u00e7\u00e3o de uma rotina e um<br \/>\nroteiro).<br \/>\n7.9 Seguran\u00e7a do trabalho (acidentes de trabalho; CIPA).<br \/>\n8. ATIVIDADES DE ESTUDOS DE CASO<br \/>\n8.1 Atividade 1<br \/>\nA atua\u00e7\u00e3o no segmento alimenta\u00e7\u00e3o coletiva \u00e9 muito abrangente, incluindo desde a<br \/>\noferta de refei\u00e7\u00f5es a coletividades sadias, nos \u00e2mbitos institucional e comercial, assim como a<br \/>\nindiv\u00edduos enfermos ou pertencentes a grupos vulner\u00e1veis, representado pelas unidades de<br \/>\nrestaurantes industriais, hospitais, produ\u00e7\u00e3o de congelados, refei\u00e7\u00f5es transportadas e catering,<br \/>\nal\u00e9m da merenda escolar e da alimenta\u00e7\u00e3o do trabalhador. A alimenta\u00e7\u00e3o coletiva engloba<br \/>\ntodas as categorias da alimenta\u00e7\u00e3o fora do lar e se refere \u00e0s atividades de alimenta\u00e7\u00e3o e<br \/>\nnutri\u00e7\u00e3o realizadas nas unidades de alimenta\u00e7\u00e3o e nutri\u00e7\u00e3o (UAN).<br \/>\nOs estabelecimentos de alimenta\u00e7\u00e3o coletiva est\u00e3o sujeitos a diversas legisla\u00e7\u00f5es,<br \/>\ncomo: as que tratam sobre responsabilidade t\u00e9cnica; as sanit\u00e1rias, que variam conforme a<br \/>\ncidade e o estado em que o estabelecimento se encontra; e as espec\u00edficas, quando h\u00e1 v\u00ednculo<br \/>\naos programas p\u00fablicos. Dois dos maiores programas de alimenta\u00e7\u00e3o do Brasil s\u00e3o<br \/>\nrelacionados com a alimenta\u00e7\u00e3o coletiva: o Programa Nacional de Alimenta\u00e7\u00e3o Escolar<br \/>\n(PNAE) e o Programa de Alimenta\u00e7\u00e3o do Trabalhador (PAT).<br \/>\nOs benef\u00edcios relacionados com a alimenta\u00e7\u00e3o, n\u00e3o apresenta vantagem somente para<br \/>\no trabalhador, pois pode gerar concess\u00e3o de incentivos fiscais \u00e0s empresas, por meio do<br \/>\nPrograma de Alimenta\u00e7\u00e3o do Trabalhador (PAT). Para implantar o PAT as empresas devem<br \/>\nencarar o desafio de identificar a melhor forma de oferecer o benef\u00edcio alimenta\u00e7\u00e3o.<br \/>\nSabendo disso, leia atentamente a situa\u00e7\u00e3o descrita abaixo e na sequ\u00eancia desenvolva<br \/>\nas atividades.<\/p>\n<p>A LimpiHigi LTDA. \u00e9 uma empresa que produz materiais e equipamentos de limpeza<br \/>\ne higieniza\u00e7\u00e3o. Durante a pandemia de COVID-19, a empresa teve a possibilidade de<br \/>\nexpandir seus neg\u00f3cios e vem conquistando grandes resultados. Com isso, o quadro de<br \/>\nfuncion\u00e1rios crescendo e a previs\u00e3o \u00e9 que alcance os 350 funcion\u00e1rios no pr\u00f3ximo ano.<br \/>\nDiante dessa realidade, os gestores da empresa est\u00e3o organizando o or\u00e7amento para<br \/>\nimplantar o Programa de Alimenta\u00e7\u00e3o do Trabalhador (PAT) no pr\u00f3ximo semestre. Foi<br \/>\nassim, que a LimpiHigi buscou uma equipe de profissionais para auxiliar em todos os<br \/>\nprocessos dessa implanta\u00e7\u00e3o, e voc\u00ea, como nutricionista, foi contratada para contribuir nessa<br \/>\ndemanda.<br \/>\nVoc\u00ea, coletou as seguintes informa\u00e7\u00f5es para conseguir iniciar esse processo:<br \/>\n\u2013 Total de funcion\u00e1rios: 350 trabalhadores;<br \/>\n\u2013 Funcionamento da empresa: segunda a sexta \u2013 7h \u00e0s 18h;<br \/>\n\u2013 Categoria do card\u00e1pio ser\u00e1 b\u00e1sico (simples).<br \/>\na) Pensando nas possibilidades de fornecimento de refei\u00e7\u00f5es para esse local, descreva quais<br \/>\nas op\u00e7\u00f5es para implanta\u00e7\u00e3o do servi\u00e7o, aborde as vantagens e desvantagens de cada op\u00e7\u00e3o.<br \/>\nb) Dentre as op\u00e7\u00f5es que voc\u00ea descreveu no item acima, escolha um tipo de servi\u00e7o e elabore<br \/>\numa representa\u00e7\u00e3o da planta baixa dessa UAN. Identifique todas as \u00e1reas e setores<br \/>\nnecess\u00e1rias para a unidade, e com base na legisla\u00e7\u00e3o, descreva as caracter\u00edsticas que precisam<br \/>\nser consideradas para um planejamento f\u00edsico-estrutural adequado.<br \/>\nc) Para enriquecer o seu projeto, elabore uma proposta para implementar a gest\u00e3o ambiental<br \/>\nna UAN valorizando a sustentabilidade.<br \/>\n9. TERMO DE VALIDA\u00c7\u00c3O DO RELAT\u00d3RIO<br \/>\n10. CONSIDERA\u00c7\u00d5ES FINAIS<br \/>\n11. REFER\u00caNCIAS<\/p>\n<div class=\"elementor-toggle-item\">\n<h4 id=\"elementor-tab-title-1941\" class=\"elementor-tab-title elementor-active\" tabindex=\"0\" role=\"tab\" data-tab=\"1\" aria-controls=\"elementor-tab-content-1941\" aria-expanded=\"true\" aria-selected=\"true\">Como funciona?<\/h4>\n<div id=\"elementor-tab-content-1941\" class=\"elementor-tab-content elementor-clearfix elementor-active\" role=\"tabpanel\" data-tab=\"1\" aria-labelledby=\"elementor-tab-title-1941\">\n<p>Elaboramos os portf\u00f3lios, j\u00e1 deixamos prontos, nas normas da ABNT e conforme os requisitos da universidade. F\u00e1cil assim! O MELHOR \u00c9 QUE VOC\u00ca COMPRA E J\u00c1 BAIXA NA HORA O SEU ARQUIVO EM WORD! Sabemos que conciliar trabalho, fam\u00edlia, vida profissional e estudos \u00e9 dif\u00edcil hoje em dia, por isso, estamos aqui para ajudar voc\u00ea. Conte com nossa qualidade, experi\u00eancia e profissionalismo adquirindo seu portf\u00f3lio conosco. GARANTIMOS SEU CONCEITO!<\/p>\n<h4>Como se realizam os envios?<\/h4>\n<\/div>\n<\/div>\n<div class=\"elementor-toggle-item\">\n<div id=\"elementor-tab-content-1942\" class=\"elementor-tab-content elementor-clearfix elementor-active\" role=\"tabpanel\" data-tab=\"2\" aria-labelledby=\"elementor-tab-title-1942\">O seu trabalho \u00e9 disponibilizado pronto, respondido e nas normas j\u00e1 na mesma hora aqui em nosso site na sua \u00e1rea de downloads e tamb\u00e9m no seu e-mail.<\/div>\n<\/div>\n<div class=\"elementor-toggle-item\">\n<div id=\"elementor-tab-content-1943\" class=\"elementor-tab-content elementor-clearfix elementor-active\" role=\"tabpanel\" data-tab=\"3\" aria-labelledby=\"elementor-tab-title-1943\">\n<h4>Em quanto tempo recebo o portf\u00f3lio?<\/h4>\n<\/div>\n<\/div>\n<div class=\"elementor-toggle-item\">\n<div id=\"elementor-tab-content-1944\" class=\"elementor-tab-content elementor-clearfix elementor-active\" role=\"tabpanel\" data-tab=\"4\" aria-labelledby=\"elementor-tab-title-1944\">\n<p>Os envios s\u00e3o imediatos. Ap\u00f3s sua compra, o trabalho j\u00e1 \u00e9 disponibilizado instantaneamente aqui em nosso site e no seu e-mail.<\/p>\n<h4>E se o portf\u00f3lio que comprei precisar de corre\u00e7\u00e3o?<\/h4>\n<\/div>\n<\/div>\n<div class=\"elementor-toggle-item\">\n<div id=\"elementor-tab-content-1945\" class=\"elementor-tab-content elementor-clearfix elementor-active\" role=\"tabpanel\" data-tab=\"5\" aria-labelledby=\"elementor-tab-title-1945\">\n<p>Caso haja alguma solicita\u00e7\u00e3o de corre\u00e7\u00e3o\/altera\u00e7\u00e3o por parte do tutor, basta entrar em contato conosco pelo\u00a0<a href=\"https:\/\/api.whatsapp.com\/send\/?phone=5553984751621&amp;text&amp;app_absent=0\">WhatsApp<\/a>\u00a0que provid\u00eanciaremos sem custo algum.<\/p>\n<h4>Qual o formato do arquivo?<\/h4>\n<\/div>\n<\/div>\n<div class=\"elementor-toggle-item\">\n<div id=\"elementor-tab-content-1946\" class=\"elementor-tab-content elementor-clearfix elementor-active\" role=\"tabpanel\" data-tab=\"6\" aria-labelledby=\"elementor-tab-title-1946\">\n<p>Os arquivos s\u00e3o enviados em formato Word e s\u00e3o edit\u00e1veis.<\/p>\n<h4>Caso eu tiver alguma d\u00favida, terei suporte no p\u00f3s venda?<\/h4>\n<\/div>\n<\/div>\n<div class=\"elementor-toggle-item\">\n<div id=\"elementor-tab-content-1948\" class=\"elementor-tab-content elementor-clearfix elementor-active\" role=\"tabpanel\" data-tab=\"8\" aria-labelledby=\"elementor-tab-title-1948\">\n<p>Sim, com certeza. Basta clicar no \u00edcone do WhatsApp no cantinho da tela. Ser\u00e1 um prazer atend\u00ea-lo(a).<\/p>\n<div class=\"elementor-toggle-item\">\n<div id=\"elementor-tab-content-1948\" class=\"elementor-tab-content elementor-clearfix elementor-active\" role=\"tabpanel\" data-tab=\"8\" aria-labelledby=\"elementor-tab-title-1948\">\n<h4>Quais os seus canais de contato?<\/h4>\n<\/div>\n<\/div>\n<div class=\"elementor-toggle-item\">\n<div id=\"elementor-tab-content-1949\" class=\"elementor-tab-content elementor-clearfix elementor-active\" role=\"tabpanel\" data-tab=\"9\" aria-labelledby=\"elementor-tab-title-1949\">\n<p>Whatsapp: 53 984751621 \u2013 Clicar no canto da tela ou ESCANEIE O QRCODE ABAIXO<\/p>\n<h4><img decoding=\"async\" class=\"alignnone wp-image-13699\" src=\"http:\/\/portifolioos-prontos.com\/wp-content\/uploads\/2023\/02\/whatsapp-business-projeto-de-extensao-300x300.jpeg\" alt=\"projeto de extens\u00e3o unopar\" width=\"144\" height=\"144\" srcset=\"https:\/\/portifolioos-prontos.com\/wp-content\/uploads\/2023\/02\/whatsapp-business-projeto-de-extensao-300x301.jpeg 300w, https:\/\/portifolioos-prontos.com\/wp-content\/uploads\/2023\/02\/whatsapp-business-projeto-de-extensao-100x100.jpeg 100w, https:\/\/portifolioos-prontos.com\/wp-content\/uploads\/2023\/02\/whatsapp-business-projeto-de-extensao-150x150.jpeg 150w, https:\/\/portifolioos-prontos.com\/wp-content\/uploads\/2023\/02\/whatsapp-business-projeto-de-extensao-370x372.jpeg 370w, https:\/\/portifolioos-prontos.com\/wp-content\/uploads\/2023\/02\/whatsapp-business-projeto-de-extensao.jpeg 470w\" sizes=\"(max-width: 144px) 100vw, 144px\" \/><\/h4>\n<\/div>\n<\/div>\n<\/div>\n<\/div>\n<div class=\"elementor-toggle-item\">\n<div id=\"elementor-tab-content-1949\" class=\"elementor-tab-content elementor-clearfix elementor-active\" role=\"tabpanel\" data-tab=\"9\" aria-labelledby=\"elementor-tab-title-1949\">\n<p>E-mail:portifoliosp@gmail.com<\/p>\n<div id=\"attachment_143\" class=\"wp-caption alignnone\">\n<div id=\"attachment_143\" class=\"wp-caption alignnone\" style=\"width: 144px;\">\n<p><a href=\"http:\/\/portifolioos-prontos.com\/\"><img decoding=\"async\" class=\"wp-image-143 jetpack-lazy-image jetpack-lazy-image--handled\" title=\"portfolio pronto unopar\" src=\"https:\/\/i0.wp.com\/portifolioos-prontos.com\/wp-content\/uploads\/2022\/04\/conceitomaximo.png?resize=161%2C46\" alt=\"PORTFOLIO PRONTO UNOPAR ANHANGUERA\" width=\"144\" height=\"41\" aria-describedby=\"caption-attachment-143\" data-recalc-dims=\"1\" data-lazy-loaded=\"1\" \/><\/a><\/p>\n<p id=\"caption-attachment-143\" class=\"wp-caption-text\">Portf\u00f3lio em Word, respondido, completo e j\u00e1 nas normas.<\/p>\n<\/div>\n<\/div>\n<\/div>\n<\/div>\n","protected":false},"excerpt":{"rendered":"<p>Est\u00e1gio Curricular Obrigat\u00f3rio Est\u00e1gio em Alimenta\u00e7\u00e3o Coletiva (215 horas) ANEXO III ROTEIRO PARA ELABORA\u00c7\u00c3O DE RELAT\u00d3RIO DE EST\u00c1GIO 1.CAPA Institui\u00e7\u00e3o a que pertence o aluno T\u00edtulo do relat\u00f3rio Nome completo do aluno Cidade, ano 2.FOLHA DE ROSTO Institui\u00e7\u00e3o de onde provem o relat\u00f3rio Nome completo do aluno Nome da coordena\u00e7\u00e3o do curso Nome do supervisor&hellip;<\/p>\n","protected":false},"featured_media":13362,"template":"","meta":{"_seopress_robots_primary_cat":"none","_seopress_titles_title":"","_seopress_titles_desc":"","_seopress_robots_index":""},"product_cat":[51,15],"product_tag":[747,746],"class_list":{"0":"post-13360","1":"product","2":"type-product","3":"status-publish","4":"has-post-thumbnail","6":"product_cat-nutricao","7":"product_cat-uncategorized","8":"product_tag-portfolio-de-estagio-anhanguera","9":"product_tag-portfolio-de-estagio-unopar","11":"first","12":"instock","13":"featured","14":"shipping-taxable","15":"purchasable","16":"product-type-simple","17":"col-xs-6 col-sm-4","18":"col-mf-5","19":"un-5-cols"},"jetpack_sharing_enabled":true,"_links":{"self":[{"href":"https:\/\/portifolioos-prontos.com\/index.php\/wp-json\/wp\/v2\/product\/13360","targetHints":{"allow":["GET"]}}],"collection":[{"href":"https:\/\/portifolioos-prontos.com\/index.php\/wp-json\/wp\/v2\/product"}],"about":[{"href":"https:\/\/portifolioos-prontos.com\/index.php\/wp-json\/wp\/v2\/types\/product"}],"version-history":[{"count":0,"href":"https:\/\/portifolioos-prontos.com\/index.php\/wp-json\/wp\/v2\/product\/13360\/revisions"}],"wp:featuredmedia":[{"embeddable":true,"href":"https:\/\/portifolioos-prontos.com\/index.php\/wp-json\/wp\/v2\/media\/13362"}],"wp:attachment":[{"href":"https:\/\/portifolioos-prontos.com\/index.php\/wp-json\/wp\/v2\/media?parent=13360"}],"wp:term":[{"taxonomy":"product_cat","embeddable":true,"href":"https:\/\/portifolioos-prontos.com\/index.php\/wp-json\/wp\/v2\/product_cat?post=13360"},{"taxonomy":"product_tag","embeddable":true,"href":"https:\/\/portifolioos-prontos.com\/index.php\/wp-json\/wp\/v2\/product_tag?post=13360"}],"curies":[{"name":"wp","href":"https:\/\/api.w.org\/{rel}","templated":true}]}}