{"id":13394,"date":"2023-02-07T19:41:48","date_gmt":"2023-02-07T22:41:48","guid":{"rendered":"https:\/\/portifolioos-prontos.com\/?post_type=product&#038;p=13394"},"modified":"2025-08-30T14:43:30","modified_gmt":"2025-08-30T17:43:30","slug":"projeto-de-extensao-i-ciberseguranca","status":"publish","type":"product","link":"https:\/\/portifolioos-prontos.com\/index.php\/product\/projeto-de-extensao-i-ciberseguranca\/","title":{"rendered":"Projeto de Extens\u00e3o I Ciberseguran\u00e7a"},"content":{"rendered":"<h4>Projeto de Extens\u00e3o I Ciberseguran\u00e7a<\/h4>\n<p>CST EM CIBERSEGURAN\u00c7A<br \/>\nCOMPONENTE CURRICULAR:<br \/>\nPROJETO DE EXTENS\u00c3O I \u2013 CIBERSEGURAN\u00c7A<br \/>\nPROGRAMA DE EXTENS\u00c3O:<br \/>\nPROGRAMA DE CONTEXTO \u00c0 COMUNIDADE.<br \/>\nFINALIDADE E MOTIVA\u00c7\u00c3O:<br \/>\nNo Curso Superior de Tecnologia em Ciberseguran\u00e7a quanto as atividades de extens\u00e3o quanto ao programa de contexto \u00e0 comunidade, tem por finalidade proporcionar formas de auxilio da sociedade por meio da articula\u00e7\u00e3o dos conhecimentos t\u00e9cnicos da \u00e1rea. Dessa forma, as a\u00e7\u00f5es extensionistas dessa atividade visam auxiliar as empresas, ind\u00fastria e com\u00e9rcio no alinhamento das pol\u00edticas de seguran\u00e7a da informa\u00e7\u00e3o. As atividades poder\u00e3o serem desenvolvidas em: empresas, com\u00e9rcio, cooperativas, associa\u00e7\u00f5es comerciais, entre outros locais.<br \/>\nCOMPET\u00caNCIAS:<br \/>\nI \u2013 Analisa, projeta, desenvolve, gerencia, testa, implanta, integra, prop\u00f5e e avalia solu\u00e7\u00f5es para a garantia da confidencialidade, integridade e disponibilidade dos recursos de Tecnologia da Informa\u00e7\u00e3o;<br \/>\nII \u2013 Gerencia, aplica, administra e configura ambientes corporativos com requisitos de seguran\u00e7a;<br \/>\nIII \u2013 Realiza an\u00e1lises de riscos, gerencia sistemas de informa\u00e7\u00f5es.<br \/>\nPERFIL DE EGRESSO:<br \/>\nO perfil do egresso do Curso Superior de Tecnologia em Ciberseguran\u00e7a foi idealizado pela IEs a fim de formar um profissional atualizado, criativo e atento as novas tend\u00eancias e tecnologias. A atua\u00e7\u00e3o na extens\u00e3o acad\u00eamica frente ao programa de contexto \u00e0 comunidade, demonstra habilidades e compet\u00eancias em detrimento as necessidades da sociedade, atuando com resili\u00eancia e toler\u00e2ncia, intelig\u00eancia emocional e na gest\u00e3o do tempo. Al\u00e9m de proativo para busca na resolu\u00e7\u00e3o de problemas encontrados em diversos contextos sociais, deve capacitado para o exerc\u00edcio de suas atribui\u00e7\u00f5es, provendo a transforma\u00e7\u00e3o da sociedade, pautado nos princ\u00edpios \u00e9ticos e moral.<br \/>\nSOFT SKILLS (COMPET\u00caNCIAS SOCIOEMOCIONAIS):<br \/>\nResili\u00eancia e Toler\u00e2ncia<br \/>\nIntelig\u00eancia Emocional<br \/>\nGest\u00e3o do Tempo<br \/>\nProjeto de Extens\u00e3o I Ciberseguran\u00e7a<br \/>\nO objetivo da extens\u00e3o universit\u00e1ria do programa de atendimento \u00e0 comunidade do Curso Superior de Tecnologia em Ciberseguran\u00e7a \u00e9 proporcionar a aplica\u00e7\u00e3o das t\u00e9cnicas, metodologias e ferramentas relacionadas a seguran\u00e7a da informa\u00e7\u00e3o voltado a pol\u00edticas de seguran\u00e7a da informa\u00e7\u00e3o. Com isso, al\u00e9m de auxiliar empresas e com\u00e9rcio na utiliza\u00e7\u00e3o segura de dispositivos e sistemas, visa trazer uma cultura para os usu\u00e1rios da utiliza\u00e7\u00e3o consciente dos recursos computacionais.<br \/>\nCONTE\u00daDOS:<br \/>\nI \u2013 Algoritmos e Estruturas de Dados;<br \/>\nII \u2013 Intera\u00e7\u00e3o Homem-Computador;<br \/>\nIII \u2013 L\u00f3gica e Matem\u00e1tica Discreta;<br \/>\nIV \u2013 Fundamentos e T\u00e9cnicas de Programa\u00e7\u00e3o;<br \/>\nV \u2013 Paradigmas de Linguagens de Programa\u00e7\u00e3o;<br \/>\nVI \u2013 Intelig\u00eancia Artificial;<br \/>\nVII \u2013 Bancos de Dados;<br \/>\nVIII \u2013<br \/>\nINDICA\u00c7\u00d5ES BIBLIOGR\u00c1FICAS:<br \/>\nSaraiva Educa\u00e7\u00e3o. Lei Geral de Prote\u00e7\u00e3o de Dados (LGPD) e Marco Civil da Internet. S\u00e3o Paulo: Expressa, 2022.<br \/>\nSLEIMAN, Cristina. Seguran\u00e7a digital: prote\u00e7\u00e3o de dados nas empresas. S\u00e3o Paulo: Atlas, 2021.<br \/>\nOLIVEIRA, Roberto Carlos Queiroz. T\u00f3picos de seguran\u00e7a da informa\u00e7\u00e3o. S\u00e3o Paulo: SENAC, 2017.<br \/>\nTEMPLATE PDCA:<br \/>\nAluno e Aluna, essa atividade \u00e9 para sua organiza\u00e7\u00e3o e uso da metodologia PDCA. Por isso \u00e9 um documento orientativo e n\u00e3o precisa ser entregue. Veja as orienta\u00e7\u00f5es apresentadas no MANUAL DE ATIVIDADES EXTENSIONISTAS.<br \/>\n1. PLANEJAMENTO (PLAN)<br \/>\nAntes de definir sua proposta, explore os Objetivos de Desenvolvimento Sustent\u00e1vel (ODS) da Organiza\u00e7\u00e3o das Na\u00e7\u00f5es Unidas (ONU) no link https:\/\/brasil.un.org\/pt-br\/sdgs. Se preferir, pode baixar o documento pelo link https:\/\/brasil.un.org\/sites\/default\/files\/2020-09\/agenda2030-pt-br.pdf.<br \/>\nCompreenda a proposta da ONU e engaje-se nessa oportunidade de contribuir com as metas de um organismo internacional t\u00e3o importante ao mesmo tempo em que participa de solu\u00e7\u00f5es de seu contexto!<br \/>\nAnalise os 17 objetivos e escolha quais metas podem ser aderentes \u00e0 sua proposta e ao seu projeto. Para isso, clique no \u00edcone de cada objetivo e observe a listagem de metas dispon\u00edvel em cada um. \u00c9 necess\u00e1rio que voc\u00ea escolha pelo menos uma meta. Pode ser que voc\u00ea encontre metas aderentes \u00e0 sua proposta em diferentes objetivos, mas n\u00e3o se restrinja. Pode escolher dessa forma e mantenha o foco da ess\u00eancia de sua proposta.<br \/>\nFeito isso, liste aqui suas escolhas. Essa informa\u00e7\u00e3o tamb\u00e9m dever\u00e1 ser declarada em seu Relat\u00f3rio Final de Atividades Extensionistas.<\/p>\n<p>LISTAR METAS DOS ODS ADERENTES AO SEU PROJETO<\/p>\n<p>Projeto de Extens\u00e3o I Ciberseguran\u00e7a<\/p>\n<p>DEFINA A PROPOSTA.<br \/>\nIMERS\u00c3O:<br \/>\nDEFINA OS ITENS DA IMERS\u00c3O<\/p>\n<p>Segue sugest\u00e3o de perguntas para utilizar na entrevista com o parceiro.<br \/>\nSUGEST\u00c3O DE SCRIPT DE ENTREVISTA<br \/>\n1. Quais os principais problemas, fragilidades ou dificuldades que a institui\u00e7\u00e3o\/parceiro convive com maior frequ\u00eancia?<br \/>\n1.1. Os problemas est\u00e3o articulados com o programa\/conte\u00fado proposto no componente curricular?<br \/>\nSe n\u00e3o estiver, ser\u00e1 necess\u00e1rio voltar \u00e0 pergunta 1.<br \/>\n1.2. \u00c9 poss\u00edvel resolver ou mitigar os problemas identificados no prazo de dura\u00e7\u00e3o de projeto de extens\u00e3o.<br \/>\nSe n\u00e3o for poss\u00edvel deve voltar \u00e0 pergunta 1.<br \/>\n1.3. A solu\u00e7\u00e3o ou mitiga\u00e7\u00e3o auxiliar\u00e1 a comunidade ou um grupo de pessoas da comunidade?<br \/>\nSe n\u00e3o auxiliar deve voltar \u00e0 pergunta 1.<br \/>\n2. Quais ser\u00e3o as pessoas envolvidas na a\u00e7\u00e3o para buscar resolver ou mitigar os problemas identificados?<br \/>\n3. Onde ser\u00e1 realizada a a\u00e7\u00e3o?<br \/>\n4. H\u00e1 limita\u00e7\u00e3o de pessoas ou restri\u00e7\u00e3o para acesso ao local indicado?<br \/>\n5. Quais ser\u00e3o as pessoas beneficiadas diretamente?<br \/>\n6. Necessitar\u00e1 de insumos\/recursos financeiros para a realiza\u00e7\u00e3o da a\u00e7\u00e3o?<br \/>\n7. Ser\u00e1 necess\u00e1rio agendamento?<br \/>\n8. Qual o per\u00edodo, dia da semana, hor\u00e1rio que ser\u00e1 realizada a a\u00e7\u00e3o?<\/p>\n<p>IDEA\u00c7\u00c3O:<br \/>\nDEFINA OS ITENS DA IDEA\u00c7\u00c3O.<\/p>\n<p>PROTOTIPA\u00c7\u00c3O:<br \/>\nDEFINA OS ITENS DA PROTOTIPA\u00c7\u00c3O.<\/p>\n<p>IDEIAS E ANOTA\u00c7\u00d5ES:<\/p>\n<p>2. REALIZA\u00c7\u00c3O (DO)<br \/>\nCRONOGRAMA:<br \/>\nATIVIDADES PER. 1 PER. 2 PER. 3 PER.4<\/p>\n<p>Projeto de Extens\u00e3o I Ciberseguran\u00e7a<\/p>\n<p>3. VERIFICA\u00c7\u00c3O (CHECK)<br \/>\nPlanejamento:<br \/>\nImers\u00e3o realizada?<br \/>\n() SIM<br \/>\n() N\u00c3O<br \/>\nIdea\u00e7\u00e3o realizada?<br \/>\n() SIM<br \/>\n() N\u00c3O<br \/>\nPrototipa\u00e7\u00e3o realizada?<br \/>\n() SIM<br \/>\n() N\u00c3O<br \/>\nPlanejamento est\u00e1 ok?<br \/>\n() SIM<br \/>\n() N\u00c3O<br \/>\nRealiza\u00e7\u00e3o:<br \/>\nCronograma realizado?<br \/>\n() SIM<br \/>\n() N\u00c3O<br \/>\nCronograma atende a realiza\u00e7\u00e3o do projeto?<br \/>\n() SIM<br \/>\n() N\u00c3O<br \/>\nVerifica\u00e7\u00e3o:<br \/>\nCronograma atende a realiza\u00e7\u00e3o do projeto?<br \/>\n() SIM<br \/>\n() N\u00c3O<br \/>\nProjeto atende a proposta da institui\u00e7\u00e3o escolhida?<br \/>\n() SIM<br \/>\n() N\u00c3O<br \/>\nHouve necessidade de mudan\u00e7a de estrat\u00e9gia?<br \/>\n() SIM<br \/>\n() N\u00c3O<br \/>\nEm caso positivo, mencione as mudan\u00e7as e novas estrat\u00e9gias?<\/p>\n<p>4. A\u00c7\u00c3O (ACT)<br \/>\nA\u00c7\u00c3O PROPOSTA:<\/p>\n<p>REFER\u00caNCIAS BIBLIOGR\u00c1FICAS<br \/>\nCAMPO OBRIGAT\u00d3RIO \u2013 Siga a normas ABNT, para isso consulte sua Biblioteca Virtual.<\/p>\n<div class=\"elementor-toggle-item\">\n<div class=\"elementor-toggle-item\">\n<p id=\"elementor-tab-title-1941\" class=\"elementor-tab-title elementor-active\" tabindex=\"0\" role=\"tab\" data-tab=\"1\" aria-controls=\"elementor-tab-content-1941\" aria-expanded=\"true\" aria-selected=\"true\"><strong>Como funciona?<\/strong><\/p>\n<p>Elaboramos os portf\u00f3lios, j\u00e1 deixamos prontos, nas normas da ABNT e conforme os requisitos da universidade. F\u00e1cil assim! O MELHOR \u00c9 QUE VOC\u00ca COMPRA E J\u00c1 BAIXA NA HORA O SEU ARQUIVO EM WORD! Sabemos que conciliar trabalho, fam\u00edlia, vida profissional e estudos \u00e9 dif\u00edcil hoje em dia, por isso, estamos aqui para ajudar voc\u00ea. Conte com nossa qualidade, experi\u00eancia e profissionalismo adquirindo seu portf\u00f3lio conosco. GARANTIMOS SEU CONCEITO!<\/p>\n<p><strong>Como se realizam os envios?<\/strong><\/p>\n<\/div>\n<p id=\"elementor-tab-content-1942\" class=\"elementor-tab-content elementor-clearfix elementor-active\" role=\"tabpanel\" data-tab=\"2\" aria-labelledby=\"elementor-tab-title-1942\">O seu trabalho \u00e9 disponibilizado pronto, respondido e nas normas j\u00e1 na mesma hora aqui em nosso site na sua \u00e1rea de downloads e tamb\u00e9m no seu e-mail.<\/p>\n<p><strong>Em quanto tempo recebo o portf\u00f3lio?<\/strong><\/p>\n<p>Os envios s\u00e3o imediatos. Ap\u00f3s sua compra, o trabalho j\u00e1 \u00e9 disponibilizado instantaneamente aqui em nosso site e no seu e-mail.<\/p>\n<p><strong>E se o portf\u00f3lio que comprei precisar de corre\u00e7\u00e3o?<\/strong><\/p>\n<p>Caso haja alguma solicita\u00e7\u00e3o de corre\u00e7\u00e3o\/altera\u00e7\u00e3o por parte do tutor, basta entrar em contato conosco pelo\u00a0WhatsApp\u00a0que provid\u00eanciaremos sem custo algum.<\/p>\n<p><strong>Qual o formato do arquivo?<\/strong><\/p>\n<p>Os arquivos s\u00e3o enviados em formato Word e s\u00e3o edit\u00e1veis.<\/p>\n<p><strong>Caso eu tiver alguma d\u00favida, terei suporte no p\u00f3s venda?<\/strong><\/p>\n<p>Sim, com certeza. Basta clicar no \u00edcone do WhatsApp no cantinho da tela. Ser\u00e1 um prazer atend\u00ea-lo(a).<\/p>\n<div id=\"elementor-tab-content-1948\" class=\"elementor-tab-content elementor-clearfix elementor-active\" role=\"tabpanel\" data-tab=\"8\" aria-labelledby=\"elementor-tab-title-1948\">\n<p><strong>Quais os seus canais de contato?<\/strong><\/p>\n<\/div>\n<div id=\"elementor-tab-content-1949\" class=\"elementor-tab-content elementor-clearfix elementor-active\" role=\"tabpanel\" data-tab=\"9\" aria-labelledby=\"elementor-tab-title-1949\">\n<p>Whatsapp: 53 984751621 \u2013 Clicar no canto da tela ou ESCANEIE O QRCODE ABAIXO<\/p>\n<h4><img decoding=\"async\" class=\"alignnone wp-image-13699 jetpack-lazy-image jetpack-lazy-image--handled\" src=\"https:\/\/i0.wp.com\/portifolioos-prontos.com\/wp-content\/uploads\/2023\/02\/whatsapp-business-projeto-de-extensao-300x300.jpeg?resize=144%2C144\" sizes=\"(max-width: 144px) 100vw, 144px\" srcset=\"https:\/\/i0.wp.com\/portifolioos-prontos.com\/wp-content\/uploads\/2023\/02\/whatsapp-business-projeto-de-extensao.jpeg?resize=300%2C301&amp;ssl=1 300w, https:\/\/i0.wp.com\/portifolioos-prontos.com\/wp-content\/uploads\/2023\/02\/whatsapp-business-projeto-de-extensao.jpeg?resize=150%2C150&amp;ssl=1 150w, https:\/\/i0.wp.com\/portifolioos-prontos.com\/wp-content\/uploads\/2023\/02\/whatsapp-business-projeto-de-extensao.jpeg?resize=370%2C372&amp;ssl=1 370w, https:\/\/i0.wp.com\/portifolioos-prontos.com\/wp-content\/uploads\/2023\/02\/whatsapp-business-projeto-de-extensao.jpeg?resize=100%2C100&amp;ssl=1 100w, https:\/\/i0.wp.com\/portifolioos-prontos.com\/wp-content\/uploads\/2023\/02\/whatsapp-business-projeto-de-extensao.jpeg?w=470&amp;ssl=1 470w\" alt=\"projeto de extens\u00e3o unopar\" width=\"144\" height=\"144\" data-lazy-loaded=\"1\" \/><\/h4>\n<\/div>\n<div class=\"elementor-toggle-item\">\n<div id=\"elementor-tab-content-1949\" class=\"elementor-tab-content elementor-clearfix elementor-active\" role=\"tabpanel\" data-tab=\"9\" aria-labelledby=\"elementor-tab-title-1949\">\n<p>E-mail:portifoliosp@gmail.com<\/p>\n<div id=\"attachment_143\" class=\"wp-caption alignnone\">\n<div id=\"attachment_143\" class=\"wp-caption alignnone\">\n<p id=\"caption-attachment-143\" class=\"wp-caption-text\"><a href=\"http:\/\/portfolio-pronto.com\/\">Portf\u00f3lio<\/a>\u00a0em Word, respondido, completo e j\u00e1 nas normas<\/p>\n<\/div>\n<\/div>\n<\/div>\n<\/div>\n<\/div>\n","protected":false},"excerpt":{"rendered":"<div class=\"product-short-description\">\n<div><span style=\"color: #ff0000\"><strong>Compre e receba o Relat\u00f3rio Final de Atividades Extensionistas j\u00e1 preenchido, com um projeto totalmente desenvolvido para entrega.<\/strong><\/span><\/div>\n<div class=\"product-short-description\"><strong>Pague pelo PIX ou cart\u00e3o e fa\u00e7a o download agora mesmo.<\/strong><\/div>\n<div class=\"sticky-add-to-cart-wrapper\">\n<div class=\"sticky-add-to-cart\">\n<p class=\"quantity buttons_added form-flat\"><img decoding=\"async\" class=\"lazyloaded smush-image-5 smush-image-3 smush-image-4 smush-detected-img smush-image-bigger-3\" src=\"https:\/\/d26lpennugtm8s.cloudfront.net\/assets\/common\/img\/logos\/payment\/visa@2x.png\" width=\"46\" height=\"29\" data-src=\"https:\/\/d26lpennugtm8s.cloudfront.net\/assets\/common\/img\/logos\/payment\/visa@2x.png\" \/><img decoding=\"async\" class=\"lazyloaded smush-image-6 smush-image-4 smush-image-5 smush-detected-img smush-image-bigger-4\" src=\"https:\/\/d26lpennugtm8s.cloudfront.net\/assets\/common\/img\/logos\/payment\/boleto@2x.png\" width=\"43\" height=\"27\" data-src=\"https:\/\/d26lpennugtm8s.cloudfront.net\/assets\/common\/img\/logos\/payment\/boleto@2x.png\" \/><img loading=\"lazy\" decoding=\"async\" class=\"lazyloaded smush-image-7 smush-image-5 smush-image-6 smush-detected-img smush-image-bigger-5\" src=\"https:\/\/d26lpennugtm8s.cloudfront.net\/assets\/common\/img\/logos\/payment\/mastercard@2x.png\" width=\"43\" height=\"27\" data-src=\"https:\/\/d26lpennugtm8s.cloudfront.net\/assets\/common\/img\/logos\/payment\/mastercard@2x.png\" \/><img loading=\"lazy\" decoding=\"async\" class=\"lazyloaded smush-image-8 smush-image-6 smush-image-7 smush-detected-img smush-image-bigger-6\" src=\"https:\/\/d26lpennugtm8s.cloudfront.net\/assets\/common\/img\/logos\/payment\/amex@2x.png\" width=\"43\" height=\"27\" data-src=\"https:\/\/d26lpennugtm8s.cloudfront.net\/assets\/common\/img\/logos\/payment\/amex@2x.png\" \/><img loading=\"lazy\" decoding=\"async\" class=\"lazyloaded smush-image-9 smush-image-7 smush-image-8 smush-detected-img smush-image-bigger-7\" src=\"https:\/\/d26lpennugtm8s.cloudfront.net\/assets\/common\/img\/logos\/payment\/diners@2x.png\" width=\"46\" height=\"29\" data-src=\"https:\/\/d26lpennugtm8s.cloudfront.net\/assets\/common\/img\/logos\/payment\/diners@2x.png\" \/><img loading=\"lazy\" decoding=\"async\" class=\"lazyloaded smush-image-10 smush-image-8 smush-image-9 alignnone smush-detected-img smush-image-bigger-8\" src=\"https:\/\/d26lpennugtm8s.cloudfront.net\/assets\/common\/img\/logos\/payment\/br\/elo@2x.png\" alt=\"portf\u00f3lio unopar anhanguera\" width=\"45\" height=\"28\" data-src=\"https:\/\/d26lpennugtm8s.cloudfront.net\/assets\/common\/img\/logos\/payment\/br\/elo@2x.png\" \/><img loading=\"lazy\" decoding=\"async\" class=\"lazyloaded smush-image-11 smush-image-9 smush-image-10 alignnone smush-detected-img smush-image-bigger-9\" src=\"https:\/\/d26lpennugtm8s.cloudfront.net\/assets\/common\/img\/logos\/payment\/br\/hipercard@2x.png\" alt=\"portf\u00f3lio unopar anhanguera\" width=\"44\" height=\"28\" data-src=\"https:\/\/d26lpennugtm8s.cloudfront.net\/assets\/common\/img\/logos\/payment\/br\/hipercard@2x.png\" \/><img loading=\"lazy\" decoding=\"async\" class=\"lazyloaded smush-image-12 smush-image-10 smush-image-11 alignnone smush-detected-img smush-image-bigger-10\" src=\"https:\/\/d26lpennugtm8s.cloudfront.net\/assets\/common\/img\/logos\/payment\/mercadopago@2x.png\" alt=\"portf\u00f3lio unopar anhanguera\" width=\"45\" height=\"28\" data-src=\"https:\/\/d26lpennugtm8s.cloudfront.net\/assets\/common\/img\/logos\/payment\/mercadopago@2x.png\" \/><img loading=\"lazy\" decoding=\"async\" class=\"alignnone ls-is-cached lazyloaded smush-detected-img smush-image-bigger-11\" src=\"https:\/\/futurium.com.br\/wp-content\/uploads\/2021\/06\/logo-pix-icone-512.png\" alt=\"portfolio pronto\" width=\"30\" height=\"30\" data-src=\"https:\/\/futurium.com.br\/wp-content\/uploads\/2021\/06\/logo-pix-icone-512.png\" \/><\/p>\n<\/div>\n<\/div>\n<\/div>\n","protected":false},"featured_media":14052,"template":"","meta":{"_seopress_robots_primary_cat":"none","_seopress_titles_title":"%%post_title%% %%sitetitle%%","_seopress_titles_desc":"%%post_content%%","_seopress_robots_index":""},"product_cat":[283,15],"product_tag":[736],"class_list":{"0":"post-13394","1":"product","2":"type-product","3":"status-publish","4":"has-post-thumbnail","6":"product_cat-ciberseguranca","7":"product_cat-uncategorized","8":"product_tag-projeto-de-extensao-programa-de-contexto-a-comunidade","10":"first","11":"instock","12":"featured","13":"downloadable","14":"virtual","15":"purchasable","16":"product-type-simple","17":"col-xs-6 col-sm-4","18":"col-mf-5","19":"un-5-cols"},"jetpack_sharing_enabled":true,"_links":{"self":[{"href":"https:\/\/portifolioos-prontos.com\/index.php\/wp-json\/wp\/v2\/product\/13394","targetHints":{"allow":["GET"]}}],"collection":[{"href":"https:\/\/portifolioos-prontos.com\/index.php\/wp-json\/wp\/v2\/product"}],"about":[{"href":"https:\/\/portifolioos-prontos.com\/index.php\/wp-json\/wp\/v2\/types\/product"}],"version-history":[{"count":1,"href":"https:\/\/portifolioos-prontos.com\/index.php\/wp-json\/wp\/v2\/product\/13394\/revisions"}],"predecessor-version":[{"id":44282,"href":"https:\/\/portifolioos-prontos.com\/index.php\/wp-json\/wp\/v2\/product\/13394\/revisions\/44282"}],"wp:featuredmedia":[{"embeddable":true,"href":"https:\/\/portifolioos-prontos.com\/index.php\/wp-json\/wp\/v2\/media\/14052"}],"wp:attachment":[{"href":"https:\/\/portifolioos-prontos.com\/index.php\/wp-json\/wp\/v2\/media?parent=13394"}],"wp:term":[{"taxonomy":"product_cat","embeddable":true,"href":"https:\/\/portifolioos-prontos.com\/index.php\/wp-json\/wp\/v2\/product_cat?post=13394"},{"taxonomy":"product_tag","embeddable":true,"href":"https:\/\/portifolioos-prontos.com\/index.php\/wp-json\/wp\/v2\/product_tag?post=13394"}],"curies":[{"name":"wp","href":"https:\/\/api.w.org\/{rel}","templated":true}]}}