{"id":13525,"date":"2023-02-13T21:59:50","date_gmt":"2023-02-14T00:59:50","guid":{"rendered":"https:\/\/portifolioos-prontos.com\/?post_type=product&#038;p=13525"},"modified":"2025-08-30T14:42:41","modified_gmt":"2025-08-30T17:42:41","slug":"projeto-de-extensao-i-enfermagem","status":"publish","type":"product","link":"https:\/\/portifolioos-prontos.com\/index.php\/product\/projeto-de-extensao-i-enfermagem\/","title":{"rendered":"Projeto de extens\u00e3o I Enfermagem"},"content":{"rendered":"<div class=\"elementor-toggle-item\">\n<h4 tabindex=\"0\" role=\"tab\" data-tab=\"1\" aria-controls=\"elementor-tab-content-1941\" aria-expanded=\"true\" aria-selected=\"true\">Projeto de extens\u00e3o I Enfermagem<\/h4>\n<p tabindex=\"0\" role=\"tab\" data-tab=\"1\" aria-controls=\"elementor-tab-content-1941\" aria-expanded=\"true\" aria-selected=\"true\">CURSO:<br \/>\nENFERMAGEM &#8211; BACHARELADO<br \/>\nCOMPONENTE CURRICULAR:<br \/>\nPROJETO DE EXTENS\u00c3O I &#8211; ENFERMAGEM<br \/>\nPROGRAMA DE EXTENS\u00c3O:<br \/>\nPROGRAMA DE A\u00c7\u00c3O E DIFUS\u00c3O CULTURAL.<br \/>\nFINALIDADE E MOTIVA\u00c7\u00c3O:<br \/>\nA finalidade do projeto de extens\u00e3o no Programa de A\u00e7\u00e3o e Difus\u00e3o Cultural do curso<br \/>\nde Enfermagem, est\u00e1 relacionado ao fomento \u00e0 cultura locorregional, promovendo a<br \/>\ndifus\u00e3o, a transpar\u00eancia e a democratiza\u00e7\u00e3o das a\u00e7\u00f5es culturais, por meio de projetos<br \/>\nque possibilitem a transfer\u00eancia para a sociedade de conhecimentos<br \/>\nmultidisciplinares desenvolvidos no curso e a possibilidade de potencializar a gera\u00e7\u00e3o<br \/>\nde conhecimentos aplicados, permitindo ao egresso um maior envolvimento com \u00e0s<br \/>\na\u00e7\u00f5es culturais no \u00e2mbito da ci\u00eancia, arte, tecnologia e humanidades, articulados com<br \/>\nos anseios da comunidade. Os conte\u00fados program\u00e1ticos sugeridos para correlacionar<br \/>\nas a\u00e7\u00f5es s\u00e3o: Enfermagem e profiss\u00e3o, processo de cuidar em enfermagem,<br \/>\nenfermagem e ci\u00eancia<br \/>\nOs locais que poder\u00e3o contemplar esse projeto s\u00e3o: Parcerias com a Prefeitura;<br \/>\nAssocia\u00e7\u00f5es de Bairros; UBS; Hospitais; Cl\u00ednicas de Sa\u00fade P\u00fablicas e Privadas; Centros<br \/>\nde Sa\u00fade; Casas de Repouso; Institui\u00e7\u00f5es de Longa Perman\u00eancia para Idosos; Creches;<br \/>\nTemplos Religiosos; Escolas; ONGs.<br \/>\nCOMPET\u00caNCIAS:<br \/>\nI &#8211; Transferir os conhecimentos adquiridos no curso por meio de a\u00e7\u00f5es de difus\u00e3o<br \/>\ncultural no \u00e2mbito da ci\u00eancia, arte, tecnologia e humanidades, articuladas com os<br \/>\nanseios da comunidade;<br \/>\nII &#8211; Promover a\u00e7\u00f5es de Difus\u00e3o cultural para comunidade articulados com a gera\u00e7\u00e3o<br \/>\nde novos saberes, relevantes a forma\u00e7\u00e3o do egresso;<br \/>\nIII &#8211; Ampliar o impacto das a\u00e7\u00f5es culturais com a finalidade de promover um maior<br \/>\nenriquecimento cultural locorregional.<br \/>\nPERFIL DE EGRESSO:<br \/>\nO perfil do egresso do curso de Enfermagem idealizado pela IES, tem com o<br \/>\ncompromisso de formar um profissional que se destaque em sua atua\u00e7\u00e3o profissional,<br \/>\nmantendo a criticidade e o engajamento social, esse programa de extens\u00e3o, alinhado<br \/>\ncom o perfil do egresso busca um profissional capaz de conhecer e intervir sobre os<br \/>\nproblemas e situa\u00e7\u00f5es de sa\u00fade-doen\u00e7a mais prevalentes no perfil epidemiol\u00f3gico,<br \/>\nnacional, com \u00eanfase na sua regi\u00e3o de atua\u00e7\u00e3o, identificando as dimens\u00f5es<br \/>\nbiopsicossociais dos seus determinantes, capacitado a atuar, com senso de<br \/>\nresponsabilidade social e compromisso com a cidadania, como promotor da sa\u00fade<br \/>\nintegral do ser humano.<br \/>\nSOFT SKILLS (COMPET\u00caNCIAS SOCIOEMOCIONAIS):<br \/>\nCriatividade e inova\u00e7\u00e3o<br \/>\nFlexibilidade e adapta\u00e7\u00e3o<br \/>\nIntelig\u00eancia Emocional<br \/>\nOBJETIVOS DE APRENDIZAGEM:<br \/>\nO objetivo do programa de extens\u00e3o em Difus\u00e3o Cultural do curso de Enfermagem,<br \/>\nest\u00e1 relacionado a dissemina\u00e7\u00e3o e articula\u00e7\u00e3o de conhecimentos adquiridos no curso<br \/>\npara promover as a\u00e7\u00f5es de difus\u00e3o cultural no \u00e2mbito da ci\u00eancia, arte, tecnologia e<br \/>\nhumanidades.<br \/>\nCONTE\u00daDOS:<br \/>\nI &#8211; Conhecimentos em Ci\u00eancias Biol\u00f3gicas;<br \/>\nII &#8211; Conhecimentos em Ci\u00eancias Humanas;<br \/>\nIII &#8211; Conhecimentos espec\u00edficos do curso estudados at\u00e9 o momento da elabora\u00e7\u00e3o do<br \/>\nprojeto de extens\u00e3o.<br \/>\nINDICA\u00c7\u00d5ES BIBLIOGR\u00c1FICAS:<br \/>\nOLIVEIRA, Mailme; CURADO, Ana Carolina Castro. Enfermagem, ci\u00eancia e trabalho.<br \/>\nLondrina: Editora e Distribuidora Educacional S.A., 2019.<br \/>\nSANTOS, \u00c1lvaro S.; PASCHOAL, V\u00e2nia Del\u2019Arco. Educa\u00e7\u00e3o em sa\u00fade e enfermagem.<br \/>\nS\u00e3o Paulo: Manole, 2017.<br \/>\nNASCIMENTO, Alexandra Bulgarelli do. Conhecimento e m\u00e9todos do cuidar em<br \/>\nenfermagem. Porto Alegre: SAGAH, 2019.<br \/>\nTEMPLATE PDCA:<br \/>\nAluno e Aluna, essa atividade \u00e9 para sua organiza\u00e7\u00e3o e uso da metodologia PDCA. Por isso \u00e9<br \/>\num documento orientativo e n\u00e3o precisa ser entregue. Veja as orienta\u00e7\u00f5es apresentadas no<br \/>\nMANUAL DE ATIVIDADES EXTENSIONISTAS.<br \/>\n1. PLANEJAMENTO (PLAN)<br \/>\nAntes de definir sua proposta, explore os Objetivos de Desenvolvimento Sustent\u00e1vel (ODS) da<br \/>\nOrganiza\u00e7\u00e3o das Na\u00e7\u00f5es Unidas (ONU) no link https:\/\/brasil.un.org\/pt-br\/sdgs. Se preferir, pode<br \/>\nbaixar o documento pelo link https:\/\/brasil.un.org\/sites\/default\/files\/2020-09\/agenda2030-ptbr.pdf.<br \/>\nCompreenda a proposta da ONU e engaje-se nessa oportunidade de contribuir com as<br \/>\nmetas de um organismo internacional t\u00e3o importante ao mesmo tempo em que participa de<br \/>\nsolu\u00e7\u00f5es de seu contexto!<br \/>\nAnalise os 17 objetivos e escolha quais metas podem ser aderentes \u00e0 sua proposta e ao seu<br \/>\nprojeto. Para isso, clique no \u00edcone de cada objetivo e observe a listagem de metas dispon\u00edvel<br \/>\nem cada um. \u00c9 necess\u00e1rio que voc\u00ea escolha pelo menos uma meta. Pode ser que voc\u00ea<br \/>\nencontre metas aderentes \u00e0 sua proposta em diferentes objetivos, mas n\u00e3o se restrinja.<br \/>\nPode escolher dessa forma e mantenha o foco da ess\u00eancia de sua proposta.<br \/>\nFeito isso, liste aqui suas escolhas. Essa informa\u00e7\u00e3o tamb\u00e9m dever\u00e1 ser declarada em seu<br \/>\nRelat\u00f3rio Final de Atividades Extensionistas.<br \/>\nLISTAR METAS DOS ODS ADERENTES AO SEU PROJETO<br \/>\nDEFINA A PROPOSTA.<br \/>\nIMERS\u00c3O:<br \/>\nDEFINA OS ITENS DA IMERS\u00c3O<br \/>\nSegue sugest\u00e3o de perguntas para utilizar na entrevista com o parceiro.<br \/>\nSUGEST\u00c3O DE SCRIPT DE ENTREVISTA<br \/>\n1. Quais os principais problemas, fragilidades ou dificuldades que a institui\u00e7\u00e3o\/parceiro convive com<br \/>\nmaior frequ\u00eancia?<br \/>\n1.1. Os problemas est\u00e3o articulados com o programa\/conte\u00fado proposto no componente<br \/>\ncurricular?<br \/>\nSe n\u00e3o estiver, ser\u00e1 necess\u00e1rio voltar \u00e0 pergunta 1.<br \/>\n1.2. \u00c9 poss\u00edvel resolver ou mitigar os problemas identificados no prazo de dura\u00e7\u00e3o de projeto de<br \/>\nextens\u00e3o.<br \/>\nSe n\u00e3o for poss\u00edvel deve voltar \u00e0 pergunta 1.<br \/>\n1.3. A solu\u00e7\u00e3o ou mitiga\u00e7\u00e3o auxiliar\u00e1 a comunidade ou um grupo de pessoas da comunidade?<br \/>\nSe n\u00e3o auxiliar deve voltar \u00e0 pergunta 1.<br \/>\n2. Quais ser\u00e3o as pessoas envolvidas na a\u00e7\u00e3o para buscar resolver ou mitigar os problemas<br \/>\nidentificados?<br \/>\n3. Onde ser\u00e1 realizada a a\u00e7\u00e3o?<br \/>\n4. H\u00e1 limita\u00e7\u00e3o de pessoas ou restri\u00e7\u00e3o para acesso ao local indicado?<br \/>\n5. Quais ser\u00e3o as pessoas beneficiadas diretamente?<br \/>\n6. Necessitar\u00e1 de insumos\/recursos financeiros para a realiza\u00e7\u00e3o da a\u00e7\u00e3o?<br \/>\n7. Ser\u00e1 necess\u00e1rio agendamento?<br \/>\n8. Qual o per\u00edodo, dia da semana, hor\u00e1rio que ser\u00e1 realizada a a\u00e7\u00e3o?<br \/>\nIDEA\u00c7\u00c3O:<br \/>\nDEFINA OS ITENS DA IDEA\u00c7\u00c3O.<br \/>\nPROTOTIPA\u00c7\u00c3O:<br \/>\nDEFINA OS ITENS DA PROTOTIPA\u00c7\u00c3O.<br \/>\nIDEIAS E ANOTA\u00c7\u00d5ES:<br \/>\n2. REALIZA\u00c7\u00c3O (DO)<br \/>\nCRONOGRAMA:<br \/>\nATIVIDADES PER. 1 PER. 2 PER. 3 PER.4<br \/>\n3. VERIFICA\u00c7\u00c3O (CHECK)<br \/>\nPlanejamento:<br \/>\nImers\u00e3o realizada?<br \/>\n() SIM<br \/>\n() N\u00c3O<br \/>\nIdea\u00e7\u00e3o realizada?<br \/>\n() SIM<br \/>\n() N\u00c3O<br \/>\nPrototipa\u00e7\u00e3o realizada?<br \/>\n() SIM<br \/>\n() N\u00c3O<br \/>\nPlanejamento est\u00e1 ok?<br \/>\n() SIM<br \/>\n() N\u00c3O<br \/>\nRealiza\u00e7\u00e3o:<br \/>\nCronograma realizado?<br \/>\n() SIM<br \/>\n() N\u00c3O<br \/>\nCronograma atende a realiza\u00e7\u00e3o do projeto?<br \/>\n() SIM<br \/>\n() N\u00c3O<br \/>\nVerifica\u00e7\u00e3o:<br \/>\nCronograma atende a realiza\u00e7\u00e3o do projeto?<br \/>\n() SIM<br \/>\n() N\u00c3O<br \/>\nProjeto atende a proposta da institui\u00e7\u00e3o escolhida?<br \/>\n() SIM<br \/>\n() N\u00c3O<br \/>\nHouve necessidade de mudan\u00e7a de estrat\u00e9gia?<br \/>\n() SIM<br \/>\n() N\u00c3O<br \/>\nEm caso positivo, mencione as mudan\u00e7as e novas estrat\u00e9gias?<br \/>\n4. A\u00c7\u00c3O (ACT)<br \/>\nA\u00c7\u00c3O PROPOSTA:<br \/>\nREFER\u00caNCIAS BIBLIOGR\u00c1FICAS<br \/>\nCAMPO OBRIGAT\u00d3RIO \u2013 Siga a normas ABNT, para isso consulte sua Biblioteca Virtual.<\/p>\n<div class=\"elementor-toggle-item\">\n<p id=\"elementor-tab-title-1941\" class=\"elementor-tab-title elementor-active\" tabindex=\"0\" role=\"tab\" data-tab=\"1\" aria-controls=\"elementor-tab-content-1941\" aria-expanded=\"true\" aria-selected=\"true\"><strong>Como funciona?<\/strong><\/p>\n<p>Elaboramos os portf\u00f3lios, j\u00e1 deixamos prontos, nas normas da ABNT e conforme os requisitos da universidade. F\u00e1cil assim! O MELHOR \u00c9 QUE VOC\u00ca COMPRA E J\u00c1 BAIXA NA HORA O SEU ARQUIVO EM WORD! Sabemos que conciliar trabalho, fam\u00edlia, vida profissional e estudos \u00e9 dif\u00edcil hoje em dia, por isso, estamos aqui para ajudar voc\u00ea. Conte com nossa qualidade, experi\u00eancia e profissionalismo adquirindo seu portf\u00f3lio conosco. GARANTIMOS SEU CONCEITO!<\/p>\n<p><strong>Como se realizam os envios?<\/strong><\/p>\n<\/div>\n<p id=\"elementor-tab-content-1942\" class=\"elementor-tab-content elementor-clearfix elementor-active\" role=\"tabpanel\" data-tab=\"2\" aria-labelledby=\"elementor-tab-title-1942\">O seu trabalho \u00e9 disponibilizado pronto, respondido e nas normas j\u00e1 na mesma hora aqui em nosso site na sua \u00e1rea de downloads e tamb\u00e9m no seu e-mail.<\/p>\n<p><strong>Em quanto tempo recebo o portf\u00f3lio?<\/strong><\/p>\n<p>Os envios s\u00e3o imediatos. Ap\u00f3s sua compra, o trabalho j\u00e1 \u00e9 disponibilizado instantaneamente aqui em nosso site e no seu e-mail.<\/p>\n<p><strong>E se o portf\u00f3lio que comprei precisar de corre\u00e7\u00e3o?<\/strong><\/p>\n<p>Caso haja alguma solicita\u00e7\u00e3o de corre\u00e7\u00e3o\/altera\u00e7\u00e3o por parte do tutor, basta entrar em contato conosco pelo\u00a0WhatsApp\u00a0que provid\u00eanciaremos sem custo algum.<\/p>\n<p><strong>Qual o formato do arquivo?<\/strong><\/p>\n<p>Os arquivos s\u00e3o enviados em formato Word e s\u00e3o edit\u00e1veis.<\/p>\n<p><strong>Caso eu tiver alguma d\u00favida, terei suporte no p\u00f3s venda?<\/strong><\/p>\n<p>Sim, com certeza. Basta clicar no \u00edcone do WhatsApp no cantinho da tela. Ser\u00e1 um prazer atend\u00ea-lo(a).<\/p>\n<div id=\"elementor-tab-content-1948\" class=\"elementor-tab-content elementor-clearfix elementor-active\" role=\"tabpanel\" data-tab=\"8\" aria-labelledby=\"elementor-tab-title-1948\">\n<p><strong>Quais os seus canais de contato?<\/strong><\/p>\n<\/div>\n<div id=\"elementor-tab-content-1949\" class=\"elementor-tab-content elementor-clearfix elementor-active\" role=\"tabpanel\" data-tab=\"9\" aria-labelledby=\"elementor-tab-title-1949\">\n<p>Whatsapp: 53 984751621 \u2013 Clicar no canto da tela ou ESCANEIE O QRCODE ABAIXO<\/p>\n<h4><img decoding=\"async\" class=\"alignnone wp-image-13699 jetpack-lazy-image jetpack-lazy-image--handled\" src=\"https:\/\/i0.wp.com\/portifolioos-prontos.com\/wp-content\/uploads\/2023\/02\/whatsapp-business-projeto-de-extensao-300x300.jpeg?resize=144%2C144\" sizes=\"(max-width: 144px) 100vw, 144px\" srcset=\"https:\/\/i0.wp.com\/portifolioos-prontos.com\/wp-content\/uploads\/2023\/02\/whatsapp-business-projeto-de-extensao.jpeg?resize=300%2C301&amp;ssl=1 300w, https:\/\/i0.wp.com\/portifolioos-prontos.com\/wp-content\/uploads\/2023\/02\/whatsapp-business-projeto-de-extensao.jpeg?resize=150%2C150&amp;ssl=1 150w, https:\/\/i0.wp.com\/portifolioos-prontos.com\/wp-content\/uploads\/2023\/02\/whatsapp-business-projeto-de-extensao.jpeg?resize=370%2C372&amp;ssl=1 370w, https:\/\/i0.wp.com\/portifolioos-prontos.com\/wp-content\/uploads\/2023\/02\/whatsapp-business-projeto-de-extensao.jpeg?resize=100%2C100&amp;ssl=1 100w, https:\/\/i0.wp.com\/portifolioos-prontos.com\/wp-content\/uploads\/2023\/02\/whatsapp-business-projeto-de-extensao.jpeg?w=470&amp;ssl=1 470w\" alt=\"projeto de extens\u00e3o unopar\" width=\"144\" height=\"144\" data-lazy-loaded=\"1\" \/><\/h4>\n<\/div>\n<div class=\"elementor-toggle-item\">\n<div id=\"elementor-tab-content-1949\" class=\"elementor-tab-content elementor-clearfix elementor-active\" role=\"tabpanel\" data-tab=\"9\" aria-labelledby=\"elementor-tab-title-1949\">\n<p>E-mail:portifoliosp@gmail.com<\/p>\n<div id=\"attachment_143\" class=\"wp-caption alignnone\">\n<div id=\"attachment_143\" class=\"wp-caption alignnone\">\n<p id=\"caption-attachment-143\" class=\"wp-caption-text\"><a href=\"http:\/\/portfolio-pronto.com\/\">Portf\u00f3lio<\/a>\u00a0em Word, respondido, completo e j\u00e1 nas normas<\/p>\n<\/div>\n<\/div>\n<\/div>\n<\/div>\n<\/div>\n","protected":false},"excerpt":{"rendered":"<div class=\"product-short-description\">\n<div><span style=\"color: #ff0000\"><strong>Compre e receba o Relat\u00f3rio Final de Atividades Extensionistas j\u00e1 preenchido, com um projeto totalmente desenvolvido para entrega.<\/strong><\/span><\/div>\n<div class=\"product-short-description\"><strong>Pague pelo PIX ou cart\u00e3o e fa\u00e7a o download agora mesmo.<\/strong><\/div>\n<div class=\"sticky-add-to-cart-wrapper\">\n<div class=\"sticky-add-to-cart\">\n<p class=\"quantity buttons_added form-flat\"><img decoding=\"async\" class=\"lazyloaded smush-image-5 smush-image-3 smush-image-4 smush-detected-img smush-image-bigger-3\" src=\"https:\/\/d26lpennugtm8s.cloudfront.net\/assets\/common\/img\/logos\/payment\/visa@2x.png\" width=\"46\" height=\"29\" data-src=\"https:\/\/d26lpennugtm8s.cloudfront.net\/assets\/common\/img\/logos\/payment\/visa@2x.png\" \/><img decoding=\"async\" class=\"lazyloaded smush-image-6 smush-image-4 smush-image-5 smush-detected-img smush-image-bigger-4\" src=\"https:\/\/d26lpennugtm8s.cloudfront.net\/assets\/common\/img\/logos\/payment\/boleto@2x.png\" width=\"43\" height=\"27\" data-src=\"https:\/\/d26lpennugtm8s.cloudfront.net\/assets\/common\/img\/logos\/payment\/boleto@2x.png\" \/><img loading=\"lazy\" decoding=\"async\" class=\"lazyloaded smush-image-7 smush-image-5 smush-image-6 smush-detected-img smush-image-bigger-5\" src=\"https:\/\/d26lpennugtm8s.cloudfront.net\/assets\/common\/img\/logos\/payment\/mastercard@2x.png\" width=\"43\" height=\"27\" data-src=\"https:\/\/d26lpennugtm8s.cloudfront.net\/assets\/common\/img\/logos\/payment\/mastercard@2x.png\" \/><img loading=\"lazy\" decoding=\"async\" class=\"lazyloaded smush-image-8 smush-image-6 smush-image-7 smush-detected-img smush-image-bigger-6\" src=\"https:\/\/d26lpennugtm8s.cloudfront.net\/assets\/common\/img\/logos\/payment\/amex@2x.png\" width=\"43\" height=\"27\" data-src=\"https:\/\/d26lpennugtm8s.cloudfront.net\/assets\/common\/img\/logos\/payment\/amex@2x.png\" \/><img loading=\"lazy\" decoding=\"async\" class=\"lazyloaded smush-image-9 smush-image-7 smush-image-8 smush-detected-img smush-image-bigger-7\" src=\"https:\/\/d26lpennugtm8s.cloudfront.net\/assets\/common\/img\/logos\/payment\/diners@2x.png\" width=\"46\" height=\"29\" data-src=\"https:\/\/d26lpennugtm8s.cloudfront.net\/assets\/common\/img\/logos\/payment\/diners@2x.png\" \/><img loading=\"lazy\" decoding=\"async\" class=\"lazyloaded smush-image-10 smush-image-8 smush-image-9 alignnone smush-detected-img smush-image-bigger-8\" src=\"https:\/\/d26lpennugtm8s.cloudfront.net\/assets\/common\/img\/logos\/payment\/br\/elo@2x.png\" alt=\"portf\u00f3lio unopar anhanguera\" width=\"45\" height=\"28\" data-src=\"https:\/\/d26lpennugtm8s.cloudfront.net\/assets\/common\/img\/logos\/payment\/br\/elo@2x.png\" \/><img loading=\"lazy\" decoding=\"async\" class=\"lazyloaded smush-image-11 smush-image-9 smush-image-10 alignnone smush-detected-img smush-image-bigger-9\" src=\"https:\/\/d26lpennugtm8s.cloudfront.net\/assets\/common\/img\/logos\/payment\/br\/hipercard@2x.png\" alt=\"portf\u00f3lio unopar anhanguera\" width=\"44\" height=\"28\" data-src=\"https:\/\/d26lpennugtm8s.cloudfront.net\/assets\/common\/img\/logos\/payment\/br\/hipercard@2x.png\" \/><img loading=\"lazy\" decoding=\"async\" class=\"lazyloaded smush-image-12 smush-image-10 smush-image-11 alignnone smush-detected-img smush-image-bigger-10\" src=\"https:\/\/d26lpennugtm8s.cloudfront.net\/assets\/common\/img\/logos\/payment\/mercadopago@2x.png\" alt=\"portf\u00f3lio unopar anhanguera\" width=\"45\" height=\"28\" data-src=\"https:\/\/d26lpennugtm8s.cloudfront.net\/assets\/common\/img\/logos\/payment\/mercadopago@2x.png\" \/><img loading=\"lazy\" decoding=\"async\" class=\"alignnone ls-is-cached lazyloaded smush-detected-img smush-image-bigger-11\" src=\"https:\/\/futurium.com.br\/wp-content\/uploads\/2021\/06\/logo-pix-icone-512.png\" alt=\"portfolio pronto\" width=\"30\" height=\"30\" data-src=\"https:\/\/futurium.com.br\/wp-content\/uploads\/2021\/06\/logo-pix-icone-512.png\" \/><\/p>\n<\/div>\n<\/div>\n<\/div>\n","protected":false},"featured_media":14022,"template":"","meta":{"_seopress_robots_primary_cat":"none","_seopress_titles_title":"%%post_title%% %%sitetitle%%","_seopress_titles_desc":"%%post_content%%","_seopress_robots_index":""},"product_cat":[37,15],"product_tag":[731],"class_list":{"0":"post-13525","1":"product","2":"type-product","3":"status-publish","4":"has-post-thumbnail","6":"product_cat-enfermagem","7":"product_cat-uncategorized","8":"product_tag-projeto-de-extensao-acao-e-difusao-cultural","10":"first","11":"instock","12":"downloadable","13":"virtual","14":"purchasable","15":"product-type-simple","16":"col-xs-6 col-sm-4","17":"col-mf-5","18":"un-5-cols"},"jetpack_sharing_enabled":true,"_links":{"self":[{"href":"https:\/\/portifolioos-prontos.com\/index.php\/wp-json\/wp\/v2\/product\/13525","targetHints":{"allow":["GET"]}}],"collection":[{"href":"https:\/\/portifolioos-prontos.com\/index.php\/wp-json\/wp\/v2\/product"}],"about":[{"href":"https:\/\/portifolioos-prontos.com\/index.php\/wp-json\/wp\/v2\/types\/product"}],"version-history":[{"count":1,"href":"https:\/\/portifolioos-prontos.com\/index.php\/wp-json\/wp\/v2\/product\/13525\/revisions"}],"predecessor-version":[{"id":44274,"href":"https:\/\/portifolioos-prontos.com\/index.php\/wp-json\/wp\/v2\/product\/13525\/revisions\/44274"}],"wp:featuredmedia":[{"embeddable":true,"href":"https:\/\/portifolioos-prontos.com\/index.php\/wp-json\/wp\/v2\/media\/14022"}],"wp:attachment":[{"href":"https:\/\/portifolioos-prontos.com\/index.php\/wp-json\/wp\/v2\/media?parent=13525"}],"wp:term":[{"taxonomy":"product_cat","embeddable":true,"href":"https:\/\/portifolioos-prontos.com\/index.php\/wp-json\/wp\/v2\/product_cat?post=13525"},{"taxonomy":"product_tag","embeddable":true,"href":"https:\/\/portifolioos-prontos.com\/index.php\/wp-json\/wp\/v2\/product_tag?post=13525"}],"curies":[{"name":"wp","href":"https:\/\/api.w.org\/{rel}","templated":true}]}}