{"id":13592,"date":"2023-02-14T18:01:22","date_gmt":"2023-02-14T21:01:22","guid":{"rendered":"https:\/\/portifolioos-prontos.com\/?post_type=product&#038;p=13592"},"modified":"2023-04-29T21:18:47","modified_gmt":"2023-04-30T00:18:47","slug":"atividade-pratica-terapias-integrativas-corporais","status":"publish","type":"product","link":"https:\/\/portifolioos-prontos.com\/index.php\/product\/atividade-pratica-terapias-integrativas-corporais\/","title":{"rendered":"ATIVIDADE PR\u00c1TICA TERAPIAS INTEGRATIVAS CORPORAIS"},"content":{"rendered":"<h4>ATIVIDADE PR\u00c1TICA TERAPIAS INTEGRATIVAS CORPORAIS<\/h4>\n<p>OBJETIVOS<br \/>\nA proposta desta atividade pr\u00e1tica est\u00e1 amparada nos seguintes objetivos:<br \/>\n&#8211; Conhecer e praticar t\u00e9cnicas relacionadas \u00e0s pr\u00e1ticas integrativas corporais.<br \/>\n&#8211; Associar a teoria com a aplica\u00e7\u00e3o pr\u00e1tica das pr\u00e1ticas integrativas corporais,<br \/>\ndesenvolvendo racioc\u00ednio cl\u00ednico para aplica\u00e7\u00e3o das t\u00e9cnicas de forma eficaz.<br \/>\n&#8211; Conhecer a aplica\u00e7\u00e3o cl\u00ednica das t\u00e9cnicas propostas para diferentes p\u00fablicos<br \/>\n(adulto e infantil), com diferentes necessidades.<br \/>\nRECURSOS<br \/>\nComputador com acesso \u00e0 internet e ao ambiente virtual.<br \/>\nC\u00e2mera para fotografias e v\u00eddeos.<br \/>\nPapel sulfite e canetas\/l\u00e1pis coloridos.<br \/>\nBoneca de brinquedo.<br \/>\nPROCEDIMENTOS PR\u00c1TICOS<br \/>\nAtividade proposta 01<br \/>\nAprofundamento do estudo sobre spaterapia<br \/>\nProcedimentos para a realiza\u00e7\u00e3o da atividade<br \/>\nSabemos que as t\u00e9cnicas de spa proporcionam momentos de leveza e<br \/>\nrelaxamento, culminando no al\u00edvio das tens\u00f5es di\u00e1rias e do estresse.<br \/>\nCada vez mais as pessoas vem procurando por pr\u00e1ticas antes consideradas<br \/>\n\u201cluxo\u201d ou desnecess\u00e1rias e reconhecendo o grande valor de tais t\u00e9cnicas para<br \/>\nmelhora da qualidade de vida e bem-estar.<br \/>\nPor\u00e9m, para que estas pr\u00e1ticas sejam eficazes, alguns cuidados com a rela\u00e7\u00e3o<br \/>\nterapeuta-pacientes e com o ambiente devem ser tomados.<br \/>\nEtapa 1)<br \/>\nRelate quais cuidados devem ser observados para a realiza\u00e7\u00e3o das t\u00e9cnicas de<br \/>\nspa..<br \/>\nAgora j\u00e1 sabemos todos os cuidados que devemos seguir para a efic\u00e1cia da<br \/>\nspaterapia. Por\u00e9m com a crescente procura por estas t\u00e9cnicas, o p\u00fablico tem se<br \/>\ntornado cada vez mais exigente e busca por servi\u00e7os de grande qualidade.<br \/>\nBuscando agregar valor ao produto oferecido, uma pr\u00e1tica simples, mas muito<br \/>\nenriquecedora das t\u00e9cnicas de spa \u00e9 o escalda p\u00e9s! O escalda-p\u00e9s \u00e9 uma t\u00e9cnica<br \/>\nutilizada h\u00e1 v\u00e1rios anos sendo considerda uma t\u00e9cnica milenar, presente em<br \/>\ndiversas civiliza\u00e7\u00f5es no decorrer dos s\u00e9culos. A t\u00e9cnica consite em colocar os p\u00e9s<br \/>\nem um recipiente com \u00e1gua quente podendo ser associado com sais,ervas,<br \/>\np\u00e9talas de flores, \u00f3leos essenciais.<br \/>\nPode ser apresentado ao cliente antes da pr\u00e1tica de spaterapia escolhida por ele,<br \/>\ncomo uma forma de introduz\u00ed-lo ao relaxamento, se dedicando, por um momento<br \/>\npara seu cuidado pessoal.<br \/>\nSendo assim, n\u00f3s vamos para o segundo momento desta atividade.<br \/>\nEtapa 2) Realiza\u00e7\u00e3o do escalda p\u00e9s<br \/>\na) Descrever o passo a passo do escalda p\u00e9s, quais foram os produtos utlizados<br \/>\ne o proque da escolha destes.<br \/>\nb) Realizar o escalda-p\u00e9s e fotografar, inserir a fotografia no arquivo.<br \/>\nc) Descrever qual a sensa\u00e7\u00e3o obtida e de que forma est\u00e1 sensa\u00e7\u00e3o se<br \/>\nrelacionada com o equil\u00edbrio corpo-mente-esp\u00edrito.<br \/>\nAtividade proposta 02<br \/>\nAplica\u00e7\u00e3o da reflexologia podal<br \/>\nProcedimentos para a realiza\u00e7\u00e3o da atividade<br \/>\nA reflexologia trabalha com disfun\u00e7\u00f5es de diferentes regi\u00f5es corporais com o<br \/>\nobjetivo de restabecer o equil\u00edbrio, trabalhando corpo, mente e esp\u00edrito, atrav\u00e9s<br \/>\nde pontos reflexos que correspondem aos \u00f3rg\u00e3os corporaias. A t\u00e9cnica<br \/>\nproporciona um momento que, al\u00e9m de trabalhar com o al\u00edvio das tens\u00f5es,<br \/>\ncomplementa diferentes tratamentos das pr\u00e1ticas integrativas e complementares<br \/>\ne outros tratamentos de s\u00e1ude, sendo um recurso a mais para proporcionar<br \/>\nmomentos de bem-estar e relaxamento.<br \/>\nPara esta atividade voc\u00ea dever\u00e1:<br \/>\n1) Realizar desenho dos p\u00e9s indicando as 4 partes da zonoterapia.<br \/>\n2) Desenhar os p\u00e9s e mostrar quais \u00e1reas ir\u00e1 trabalhar para o caso cl\u00ednico a<br \/>\nseguir:<br \/>\nMulhee com idade 30 anos, trabalha em empresa de advocacia. \u00c9 estudante<br \/>\nuniversit\u00e1ria e realiza a pr\u00e1tica de atividades f\u00edsicas constante. Relata que<br \/>\nest\u00e1 estressa e cansada. Realizando tratamento para gastrite com medica\u00e7\u00e3o.<br \/>\nApesar de ser ativa, como fica muito tempo sentada no trabalho e estudos,<br \/>\nsente dores constantes nas costas e pesco\u00e7o. Desta forma, diante o caso<br \/>\napreentado, quais s\u00e3o os pontos reflexos que devem ser trabalhados?<br \/>\nLembre-se de mostrar em seu desenho cada \u00e1rea trabalhada (1), a que regi\u00e3o<br \/>\ncorporal esta \u00e1rea se refere (2) e por que ir\u00e1 trabalhar em cada uma delas \u2013<br \/>\njustificativa (3).<br \/>\nAtividade proposta 03<br \/>\nAplica\u00e7\u00e3o da Shantala<br \/>\nProcedimentos para a realiza\u00e7\u00e3o da atividade<br \/>\nA massagem indiana Shantala \u00e9 muito conhecida por proporcionar momentos de<br \/>\nv\u00ednculo afetivo entre a m\u00e3e e o beb\u00ea. Por\u00e9m, esta t\u00e9cnica apresenta benef\u00edcios<br \/>\nque v\u00e3o mais al\u00e9m: gera est\u00edmulos sensoriais, alivia c\u00f3licas, melhora a qualidade<br \/>\ndo sono, acalma.<br \/>\nDevido a tantas vantagens a apredizagem da t\u00e9cnica tem sido cada vez mais<br \/>\nbuscada pelas mam\u00e3es. Nos cursos para a apredizagem da shantala,<br \/>\ngeralmente, o terapeuta realiza a massagem em uma boneca para demonstra\u00e7\u00e3o<br \/>\ne as m\u00e3es em seus beb\u00eas, com o aux\u00edlio do terapeuta sempre que necess\u00e1rio.<br \/>\nAssim, a proporta desta atividade \u00e9 a seguinte:<br \/>\nImagine que voc\u00ea \u00e9 o terapeuta que ir\u00e1 ensinar a um pequeno grupo de m\u00e3es a<br \/>\naplica\u00e7\u00e3o da shantala.<br \/>\nPara isso, voc\u00ea dever\u00e1 se sentar confortavelmente, com as pernas esticadas,<br \/>\neapoiar a boneca sobre suas pernas como recomendado. Voc\u00ea ir\u00e1 realizar uma<br \/>\nsequ\u00eancia da shantala, fotografando e explicando o passo a passo.<br \/>\nApresente a sequ\u00eancia com aux\u00edlio de 4 a 5 fotografias e descreva o que deve ser<br \/>\nrealizado em cada etapa.<br \/>\nImportante!<br \/>\nAo final da realiza\u00e7\u00e3o das atividades, voc\u00ea dever\u00e1 realizar um relat\u00f3rio, com todas<br \/>\nas atividades realizadas e contendo todas as imagens para o envio. Lembre-se de<br \/>\ntodas as etapas a serem realizadas!<br \/>\nChecklist<br \/>\nPrincipais etapas para a completude da atividade pr\u00e1tica:<br \/>\n&#8211; Leitura de todo o material dispon\u00edvel em cada atividade proposta<br \/>\n&#8211; Realiza\u00e7\u00e3o das atividades propostas<br \/>\n&#8211; Envio do relat\u00f3rio completo (com atividades e imagens quando solicitadas)<br \/>\nRESULTADO<br \/>\nEntrega do relat\u00f3rio contemplando todas as etapas da atividade pr\u00e1tica realizada,<br \/>\nassociando os conhecimentos te\u00f3ricos \u00e0 aplica\u00e7\u00e3o pr\u00e1tica.<\/p>\n<div class=\"elementor-toggle-item\">\n<h4 id=\"elementor-tab-title-1941\" class=\"elementor-tab-title elementor-active\" tabindex=\"0\" role=\"tab\" data-tab=\"1\" aria-controls=\"elementor-tab-content-1941\" aria-expanded=\"true\" aria-selected=\"true\">Como funciona?<\/h4>\n<div id=\"elementor-tab-content-1941\" class=\"elementor-tab-content elementor-clearfix elementor-active\" role=\"tabpanel\" data-tab=\"1\" aria-labelledby=\"elementor-tab-title-1941\">\n<p>Elaboramos os portf\u00f3lios, j\u00e1 deixamos prontos, nas normas da ABNT e conforme os requisitos da universidade. F\u00e1cil assim! O MELHOR \u00c9 QUE VOC\u00ca COMPRA E J\u00c1 BAIXA NA HORA O SEU ARQUIVO EM WORD! Sabemos que conciliar trabalho, fam\u00edlia, vida profissional e estudos \u00e9 dif\u00edcil hoje em dia, por isso, estamos aqui para ajudar voc\u00ea. Conte com nossa qualidade, experi\u00eancia e profissionalismo adquirindo seu portf\u00f3lio conosco. GARANTIMOS SEU CONCEITO!<\/p>\n<h4>Como se realizam os envios?<\/h4>\n<\/div>\n<\/div>\n<div class=\"elementor-toggle-item\">\n<div id=\"elementor-tab-content-1942\" class=\"elementor-tab-content elementor-clearfix elementor-active\" role=\"tabpanel\" data-tab=\"2\" aria-labelledby=\"elementor-tab-title-1942\">O seu trabalho \u00e9 disponibilizado pronto, respondido e nas normas j\u00e1 na mesma hora aqui em nosso site na sua \u00e1rea de downloads e tamb\u00e9m no seu e-mail.<\/div>\n<\/div>\n<div class=\"elementor-toggle-item\">\n<div id=\"elementor-tab-content-1943\" class=\"elementor-tab-content elementor-clearfix elementor-active\" role=\"tabpanel\" data-tab=\"3\" aria-labelledby=\"elementor-tab-title-1943\">\n<h4>Em quanto tempo recebo o portf\u00f3lio?<\/h4>\n<\/div>\n<\/div>\n<div class=\"elementor-toggle-item\">\n<div id=\"elementor-tab-content-1944\" class=\"elementor-tab-content elementor-clearfix elementor-active\" role=\"tabpanel\" data-tab=\"4\" aria-labelledby=\"elementor-tab-title-1944\">\n<p>Os envios s\u00e3o imediatos. Ap\u00f3s sua compra, o trabalho j\u00e1 \u00e9 disponibilizado instantaneamente aqui em nosso site e no seu e-mail.<\/p>\n<h4>E se o portf\u00f3lio que comprei precisar de corre\u00e7\u00e3o?<\/h4>\n<\/div>\n<\/div>\n<div class=\"elementor-toggle-item\">\n<div id=\"elementor-tab-content-1945\" class=\"elementor-tab-content elementor-clearfix elementor-active\" role=\"tabpanel\" data-tab=\"5\" aria-labelledby=\"elementor-tab-title-1945\">\n<p>Caso haja alguma solicita\u00e7\u00e3o de corre\u00e7\u00e3o\/altera\u00e7\u00e3o por parte do tutor, basta entrar em contato conosco pelo\u00a0WhatsApp\u00a0que provid\u00eanciaremos sem custo algum.<\/p>\n<h4>Qual o formato do arquivo?<\/h4>\n<\/div>\n<\/div>\n<div class=\"elementor-toggle-item\">\n<div id=\"elementor-tab-content-1946\" class=\"elementor-tab-content elementor-clearfix elementor-active\" role=\"tabpanel\" data-tab=\"6\" aria-labelledby=\"elementor-tab-title-1946\">\n<p>Os arquivos s\u00e3o enviados em formato Word e s\u00e3o edit\u00e1veis.<\/p>\n<h4>Caso eu tiver alguma d\u00favida, terei suporte no p\u00f3s venda?<\/h4>\n<\/div>\n<\/div>\n<div class=\"elementor-toggle-item\">\n<div id=\"elementor-tab-content-1948\" class=\"elementor-tab-content elementor-clearfix elementor-active\" role=\"tabpanel\" data-tab=\"8\" aria-labelledby=\"elementor-tab-title-1948\">\n<p>Sim, com certeza. Basta clicar no \u00edcone do WhatsApp no cantinho da tela. Ser\u00e1 um prazer atend\u00ea-lo(a).<\/p>\n<div class=\"elementor-toggle-item\">\n<div id=\"elementor-tab-content-1948\" class=\"elementor-tab-content elementor-clearfix elementor-active\" role=\"tabpanel\" data-tab=\"8\" aria-labelledby=\"elementor-tab-title-1948\">\n<h4>Quais os seus canais de contato?<\/h4>\n<\/div>\n<\/div>\n<div class=\"elementor-toggle-item\">\n<div id=\"elementor-tab-content-1949\" class=\"elementor-tab-content elementor-clearfix elementor-active\" role=\"tabpanel\" data-tab=\"9\" aria-labelledby=\"elementor-tab-title-1949\">\n<p>Whatsapp: 53 984751621 \u2013 Clicar no canto da tela ou ESCANEIE O QRCODE ABAIXO<\/p>\n<h4><img decoding=\"async\" class=\"alignnone wp-image-13699\" src=\"http:\/\/portifolioos-prontos.com\/wp-content\/uploads\/2023\/02\/whatsapp-business-projeto-de-extensao-300x300.jpeg\" alt=\"projeto de extens\u00e3o unopar\" width=\"153\" height=\"153\" srcset=\"https:\/\/portifolioos-prontos.com\/wp-content\/uploads\/2023\/02\/whatsapp-business-projeto-de-extensao-300x301.jpeg 300w, https:\/\/portifolioos-prontos.com\/wp-content\/uploads\/2023\/02\/whatsapp-business-projeto-de-extensao-100x100.jpeg 100w, https:\/\/portifolioos-prontos.com\/wp-content\/uploads\/2023\/02\/whatsapp-business-projeto-de-extensao-150x150.jpeg 150w, https:\/\/portifolioos-prontos.com\/wp-content\/uploads\/2023\/02\/whatsapp-business-projeto-de-extensao-370x372.jpeg 370w, https:\/\/portifolioos-prontos.com\/wp-content\/uploads\/2023\/02\/whatsapp-business-projeto-de-extensao.jpeg 470w\" sizes=\"(max-width: 153px) 100vw, 153px\" \/><\/h4>\n<\/div>\n<\/div>\n<\/div>\n<\/div>\n<div class=\"elementor-toggle-item\">\n<div id=\"elementor-tab-content-1949\" class=\"elementor-tab-content elementor-clearfix elementor-active\" role=\"tabpanel\" data-tab=\"9\" aria-labelledby=\"elementor-tab-title-1949\">\n<p>E-mail:portifoliosp@gmail.com<\/p>\n<div id=\"attachment_143\" class=\"wp-caption alignnone\" style=\"width: 96px;\">\n<p><a href=\"http:\/\/portifolioos-prontos.com\/\"><img decoding=\"async\" class=\"wp-image-143 jetpack-lazy-image jetpack-lazy-image--handled\" title=\"portfolio pronto unopar\" src=\"https:\/\/i0.wp.com\/portifolioos-prontos.com\/wp-content\/uploads\/2022\/04\/conceitomaximo.png?resize=133%2C38\" alt=\"portfolio pronto unopar\" width=\"96\" height=\"28\" aria-describedby=\"caption-attachment-143\" data-lazy-loaded=\"1\" \/><\/a><\/p>\n<p id=\"caption-attachment-143\" class=\"wp-caption-text\">portfolio pronto unopar<\/p>\n<\/div>\n<\/div>\n<\/div>\n","protected":false},"excerpt":{"rendered":"<p>ATIVIDADE PR\u00c1TICA TERAPIAS INTEGRATIVAS CORPORAIS OBJETIVOS A proposta desta atividade pr\u00e1tica est\u00e1 amparada nos seguintes objetivos: &#8211; Conhecer e praticar t\u00e9cnicas relacionadas \u00e0s pr\u00e1ticas integrativas corporais. &#8211; Associar a teoria com a aplica\u00e7\u00e3o pr\u00e1tica das pr\u00e1ticas integrativas corporais, desenvolvendo racioc\u00ednio cl\u00ednico para aplica\u00e7\u00e3o das t\u00e9cnicas de forma eficaz. &#8211; Conhecer a aplica\u00e7\u00e3o cl\u00ednica das t\u00e9cnicas&hellip;<\/p>\n","protected":false},"featured_media":13594,"template":"","meta":{"_seopress_robots_primary_cat":"none","_seopress_titles_title":"","_seopress_titles_desc":"","_seopress_robots_index":""},"product_cat":[121,15],"product_tag":[],"class_list":{"0":"post-13592","1":"product","2":"type-product","3":"status-publish","4":"has-post-thumbnail","6":"product_cat-terapias-integrativas-e-complementares","7":"product_cat-uncategorized","9":"first","10":"instock","11":"downloadable","12":"virtual","13":"purchasable","14":"product-type-simple","15":"col-xs-6 col-sm-4","16":"col-mf-5","17":"un-5-cols"},"jetpack_sharing_enabled":true,"_links":{"self":[{"href":"https:\/\/portifolioos-prontos.com\/index.php\/wp-json\/wp\/v2\/product\/13592","targetHints":{"allow":["GET"]}}],"collection":[{"href":"https:\/\/portifolioos-prontos.com\/index.php\/wp-json\/wp\/v2\/product"}],"about":[{"href":"https:\/\/portifolioos-prontos.com\/index.php\/wp-json\/wp\/v2\/types\/product"}],"version-history":[{"count":0,"href":"https:\/\/portifolioos-prontos.com\/index.php\/wp-json\/wp\/v2\/product\/13592\/revisions"}],"wp:featuredmedia":[{"embeddable":true,"href":"https:\/\/portifolioos-prontos.com\/index.php\/wp-json\/wp\/v2\/media\/13594"}],"wp:attachment":[{"href":"https:\/\/portifolioos-prontos.com\/index.php\/wp-json\/wp\/v2\/media?parent=13592"}],"wp:term":[{"taxonomy":"product_cat","embeddable":true,"href":"https:\/\/portifolioos-prontos.com\/index.php\/wp-json\/wp\/v2\/product_cat?post=13592"},{"taxonomy":"product_tag","embeddable":true,"href":"https:\/\/portifolioos-prontos.com\/index.php\/wp-json\/wp\/v2\/product_tag?post=13592"}],"curies":[{"name":"wp","href":"https:\/\/api.w.org\/{rel}","templated":true}]}}