{"id":13617,"date":"2023-02-14T21:06:04","date_gmt":"2023-02-15T00:06:04","guid":{"rendered":"https:\/\/portifolioos-prontos.com\/?post_type=product&#038;p=13617"},"modified":"2025-08-30T14:42:21","modified_gmt":"2025-08-30T17:42:21","slug":"projeto-de-extensao-i-agronegocio","status":"publish","type":"product","link":"https:\/\/portifolioos-prontos.com\/index.php\/product\/projeto-de-extensao-i-agronegocio\/","title":{"rendered":"PROJETO DE EXTENS\u00c3O I &#8211; AGRONEG\u00d3CIO"},"content":{"rendered":"<h4>PROJETO DE EXTENS\u00c3O I &#8211; AGRONEG\u00d3CIO<\/h4>\n<table>\n<tbody>\n<tr>\n<td colspan=\"5\">\n<h4>CURSO: <strong>CST EM AGRONEG\u00d3CIO<\/strong><\/h4>\n<\/td>\n<\/tr>\n<tr>\n<td colspan=\"5\"><\/td>\n<\/tr>\n<tr>\n<td colspan=\"5\">COMPONENTE CURRICULAR:<\/td>\n<\/tr>\n<tr>\n<td colspan=\"5\"><strong>PROJETO DE EXTENS\u00c3O I &#8211; AGRONEG\u00d3CIO<\/strong><\/td>\n<\/tr>\n<tr>\n<td colspan=\"5\">PROGRAMA DE EXTENS\u00c3O:<\/td>\n<\/tr>\n<tr>\n<td colspan=\"5\"><strong>PROGRAMA DE CONTEXTO \u00c0 COMUNIDADE.<\/strong><\/td>\n<\/tr>\n<tr>\n<td colspan=\"5\">FINALIDADE E MOTIVA\u00c7\u00c3O:<\/td>\n<\/tr>\n<tr>\n<td colspan=\"5\">A finalidade da extens\u00e3o no Programa de Contexto \u00e0 Comunidade \u00e9 dedicar-se a \u00e1rea educacional e o transferir do saber, desenvolvendo e capacitando a comunidade local e agregando conhecimentos por meio de projetos e atividades pedag\u00f3gicas extensionistas. Nesse programa \u00e9 poss\u00edvel a ministra\u00e7\u00e3o de palestras, aulas de monitoria e cursos, fomentando a aplica\u00e7\u00e3o desses temas no meio rural e comunidade local. Os temas sugeridos s\u00e3o de: gest\u00e3o de pessoas, seguran\u00e7a no trabalho rural, educa\u00e7\u00e3o financeira rural, l\u00edngua estrangeira, desenvolvimento sustent\u00e1vel no agroneg\u00f3cio, seguran\u00e7a alimentar e gest\u00e3o do agroneg\u00f3cio. Esses temas podem ser desenvolvidos por meio de debates da comunidade local rural, participa\u00e7\u00e3o em projetos sociais, projetos coletivos multidisciplinar e trabalhos volunt\u00e1rios. Os locais que poder\u00e3o contemplar esse projeto extensionista podem ser: parcerias com a prefeitura; locais de agricultura familiar, \u00e1reas rurais do entorno, associa\u00e7\u00f5es de bairros, escolas, empresas p\u00fablicas e privadas do setor de agroneg\u00f3cio, institui\u00e7\u00f5es religiosas, ONGs e por meio de redes de internet<\/td>\n<\/tr>\n<tr>\n<td colspan=\"5\">COMPET\u00caNCIAS:<\/td>\n<\/tr>\n<tr>\n<td colspan=\"5\">I &#8211; Gerenciar padr\u00f5es de qualidade nos processos produtivos do setor agropecu\u00e1rio;<\/p>\n<p>II &#8211; Planejar e acompanhar a gest\u00e3o de pessoas e os aspectos relacionados \u00e0 seguran\u00e7a do trabalho;<\/p>\n<p>III &#8211; Gerir as diferentes etapas e a din\u00e2mica agropecu\u00e1ria no \u00e2mbito da agricultura familiar ou patronal;<\/p>\n<p>IV &#8211; Avaliar, gerir e monitorar os aspectos ambientais em todos os segmentos do agroneg\u00f3cio.<\/td>\n<\/tr>\n<tr>\n<td colspan=\"5\">PERFIL DE EGRESSO:<\/td>\n<\/tr>\n<tr>\n<td colspan=\"5\">O perfil do egresso idealizado pela IES para o curso de Agroneg\u00f3cio possibilita a forma\u00e7\u00e3o do tecn\u00f3logo em agroneg\u00f3cio cr\u00edtico, reflexivo, criativo, humanista e \u00e9tico, capaz de aplicar tecnologias inerentes \u00e0 sua \u00e1rea de atua\u00e7\u00e3o, sendo que pelas atividades extensionistas vinculadas ao Programa de Extens\u00e3o Contexto \u00e0 Comunidade, esse egresso poder\u00e1 desenvolver habilidades e capacidade para planejar e executar a implanta\u00e7\u00e3o de arranjos produtivos locais, gerenciar empresas\/propriedades rurais, ser capaz de reconhecer as necessidades dos usu\u00e1rios, adotar perspectivas multidisciplinares e transdisciplinares em sua pr\u00e1tica, exercendo atividades de doc\u00eancia no ensino t\u00e9cnico profissional e superior, de modo a permitir o enfrentamento e a adapta\u00e7\u00e3o \u00e0s novas situa\u00e7\u00f5es emergentes e transformadoras da sociedade local, considerando aspectos pol\u00edticos, econ\u00f4micos, sociais do meio em que est\u00e1 inserido, direcionando suas a\u00e7\u00f5es para a transforma\u00e7\u00e3o da realidade local e rural.<\/td>\n<\/tr>\n<tr>\n<td colspan=\"5\">SOFT SKILLS (COMPET\u00caNCIAS SOCIOEMOCIONAIS):<\/td>\n<\/tr>\n<tr>\n<td colspan=\"5\">Criatividade e inova\u00e7\u00e3o<\/p>\n<p>Comunica\u00e7\u00e3o Interpessoal<br \/>\nPlanejamento e organiza\u00e7\u00e3o<\/td>\n<\/tr>\n<tr>\n<td colspan=\"5\">OBJETIVOS DE APRENDIZAGEM:<\/td>\n<\/tr>\n<tr>\n<td colspan=\"5\">Os objetivos da extens\u00e3o em Agroneg\u00f3cio vinculados ao Programa de Contexto \u00e0 Comunidade est\u00e3o relacionados com a dissemina\u00e7\u00e3o do saber da \u00e1rea de ci\u00eancias aplicadas ao contexto rural, prestando servi\u00e7os a quest\u00f5es pedag\u00f3gicas, aulas de monitoria, educa\u00e7\u00e3o b\u00e1sica, educa\u00e7\u00e3o financeira, gest\u00e3o de pessoas, seguran\u00e7a do trabalho, recursos naturais, desenvolvimento sustent\u00e1vel rural, sempre relacionando esses temos com assuntos b\u00e1sicos do agroneg\u00f3cio. Tais a\u00e7\u00f5es visam a transfer\u00eancia de conhecimento acad\u00eamico para a comunidade, preparando o egresso para uma atua\u00e7\u00e3o global, focado n\u00e3o apenas no conhecimento t\u00e9cnico, mas com a preocupa\u00e7\u00e3o pelo pr\u00f3ximo e por uma sociedade mais justa, buscando transfer\u00eancia de conhecimento para quem n\u00e3o tem oportunidade de acesso<\/td>\n<\/tr>\n<tr>\n<td colspan=\"5\">CONTE\u00daDOS:<\/td>\n<\/tr>\n<tr>\n<td colspan=\"5\">I &#8211; Economia e pol\u00edticas p\u00fablicas no agroneg\u00f3cio;<\/p>\n<p>II &#8211; Desenvolvimento sustent\u00e1vel no agroneg\u00f3cio;<\/p>\n<p>III &#8211; Gest\u00e3o da qualidade de processos e produtos do agroneg\u00f3cio.<\/td>\n<\/tr>\n<tr>\n<td colspan=\"5\">INDICA\u00c7\u00d5ES BIBLIOGR\u00c1FICAS:<\/td>\n<\/tr>\n<tr>\n<td colspan=\"5\">MEDEIROS, Fl\u00e1vio Benilton da Silva. Economia do agroneg\u00f3cio. Londrina: Editora e Distribuidora Educacional S.A., 2018.<\/p>\n<p>ZUIN, Lu\u00eds Fernando Soares. Agroneg\u00f3cios: gest\u00e3o, inova\u00e7\u00e3o e sustentabilidade. 2.ed. S\u00e3o Paulo: Saraiva, 2019.<\/p>\n<p>SILVA, Eliana Belo. Gest\u00e3o da qualidade. Londrina: Editora e Distribuidora Educacional S.A., 2017.<\/td>\n<\/tr>\n<tr>\n<td colspan=\"5\"><strong>TEMPLATE PDCA<\/strong><strong>:<\/strong><\/td>\n<\/tr>\n<tr>\n<td colspan=\"5\">Aluno e Aluna, essa atividade \u00e9 para sua organiza\u00e7\u00e3o e uso da metodologia PDCA. Por isso \u00e9 um documento orientativo e <strong>n\u00e3o precisa ser entregue<\/strong>. Veja as orienta\u00e7\u00f5es apresentadas no MANUAL DE ATIVIDADES EXTENSIONISTAS.<\/td>\n<\/tr>\n<tr>\n<td colspan=\"5\"><strong>1. \u00a0PLANEJAMENTO (PLAN)<\/strong><\/td>\n<\/tr>\n<tr>\n<td colspan=\"5\">Antes de definir sua proposta, explore os Objetivos de Desenvolvimento Sustent\u00e1vel (ODS) da Organiza\u00e7\u00e3o das Na\u00e7\u00f5es Unidas (ONU) no <strong>link <\/strong><a href=\"https:\/\/brasil.un.org\/pt-br\/sdgs\"><strong>https:\/\/brasil.un.org\/pt-br\/sdgs<\/strong><\/a>. Se preferir, pode baixar o documento pelo <strong>link https:\/\/brasil.un.org\/sites\/default\/files\/2020-09\/agenda2030-pt-br.pdf<\/strong>.<\/p>\n<p>Compreenda a proposta da ONU e engaje-se nessa oportunidade de contribuir com as metas de um organismo internacional t\u00e3o importante ao mesmo tempo em que participa de solu\u00e7\u00f5es de seu contexto!<\/p>\n<p>Analise os 17 objetivos e escolha quais metas podem ser aderentes \u00e0 sua proposta e ao seu projeto. Para isso, clique no \u00edcone de cada objetivo e observe a listagem de metas dispon\u00edvel em cada um. \u00c9 necess\u00e1rio que voc\u00ea <strong>escolha pelo menos uma meta<\/strong>. Pode ser que voc\u00ea encontre metas aderentes \u00e0 sua proposta em diferentes objetivos, mas n\u00e3o se restrinja. Pode escolher dessa forma e mantenha o foco da ess\u00eancia de sua proposta.<\/p>\n<p>Feito isso, liste aqui suas escolhas. Essa informa\u00e7\u00e3o tamb\u00e9m dever\u00e1 ser declarada em seu Relat\u00f3rio Final de Atividades Extensionistas.<\/p>\n<p>&nbsp;<\/p>\n<p>LISTAR METAS DOS ODS ADERENTES AO SEU PROJETO<\/p>\n<p><strong>\u00a0<\/strong><\/td>\n<\/tr>\n<tr>\n<td colspan=\"5\"><\/td>\n<\/tr>\n<tr>\n<td colspan=\"5\">&nbsp;<\/p>\n<p><strong>DEFINA A PROPOSTA.<\/strong><\/p>\n<p>IMERS\u00c3O:<\/p>\n<p>DEFINA OS ITENS DA IMERS\u00c3O<\/p>\n<p><em>\u00a0<\/em><\/p>\n<p><em>Segue sugest\u00e3o de perguntas para utilizar na entrevista com o parceiro. <\/em><\/p>\n<p><strong><em>SUGEST\u00c3O DE SCRIPT DE ENTREVISTA<\/em><\/strong><\/p>\n<p><em>1.\u00a0\u00a0\u00a0\u00a0\u00a0 <\/em><em>Quais os principais problemas, fragilidades ou dificuldades que a institui\u00e7\u00e3o\/parceiro convive com maior frequ\u00eancia?<\/em><\/p>\n<p><em>1.1.\u00a0\u00a0\u00a0 <\/em><em>Os problemas est\u00e3o articulados com o programa\/conte\u00fado proposto no componente curricular? <\/em><\/p>\n<p><em>Se n\u00e3o estiver, ser\u00e1 necess\u00e1rio voltar \u00e0 pergunta 1.<\/em><\/p>\n<p><em>1.2.\u00a0\u00a0\u00a0 <\/em><em>\u00c9 poss\u00edvel resolver ou mitigar os problemas identificados no prazo de dura\u00e7\u00e3o de projeto de extens\u00e3o. <\/em><\/p>\n<p><em>Se n\u00e3o for poss\u00edvel deve voltar \u00e0 pergunta 1.<\/em><\/p>\n<p><em>1.3.\u00a0\u00a0\u00a0 <\/em><em>A solu\u00e7\u00e3o ou mitiga\u00e7\u00e3o auxiliar\u00e1 a comunidade ou um grupo de pessoas da comunidade? <\/em><\/p>\n<p><em>Se n\u00e3o auxiliar deve voltar \u00e0 pergunta 1. <\/em><\/p>\n<p><em>2.\u00a0\u00a0\u00a0\u00a0\u00a0 <\/em><em>Quais ser\u00e3o as pessoas envolvidas na a\u00e7\u00e3o para buscar resolver ou mitigar os problemas identificados? <\/em><\/p>\n<p><em>3.\u00a0\u00a0\u00a0\u00a0\u00a0 <\/em><em>Onde ser\u00e1 realizada a a\u00e7\u00e3o?<\/em><\/p>\n<p><em>4.\u00a0\u00a0\u00a0\u00a0\u00a0 <\/em><em>H\u00e1 limita\u00e7\u00e3o de pessoas ou restri\u00e7\u00e3o para acesso ao local indicado?<\/em><\/p>\n<p><em>5.\u00a0\u00a0\u00a0\u00a0\u00a0 <\/em><em>Quais ser\u00e3o as pessoas beneficiadas diretamente?<\/em><\/p>\n<p><em>6.\u00a0\u00a0\u00a0\u00a0\u00a0 <\/em><em>Necessitar\u00e1 de insumos\/recursos financeiros para a realiza\u00e7\u00e3o da a\u00e7\u00e3o?<\/em><\/p>\n<p><em>7.\u00a0\u00a0\u00a0\u00a0\u00a0 <\/em><em>Ser\u00e1 necess\u00e1rio agendamento? <\/em><\/p>\n<p><em>8.\u00a0\u00a0\u00a0\u00a0\u00a0 <\/em><em>Qual o per\u00edodo, dia da semana, hor\u00e1rio que ser\u00e1 realizada a a\u00e7\u00e3o?<\/em><\/p>\n<p>&nbsp;<\/td>\n<\/tr>\n<tr>\n<td colspan=\"5\"><\/td>\n<\/tr>\n<tr>\n<td colspan=\"5\">IDEA\u00c7\u00c3O:<\/p>\n<p>DEFINA OS ITENS DA IDEA\u00c7\u00c3O.<\/td>\n<\/tr>\n<tr>\n<td colspan=\"5\"><\/td>\n<\/tr>\n<tr>\n<td colspan=\"5\">PROTOTIPA\u00c7\u00c3O:<\/p>\n<p>DEFINA OS ITENS DA PROTOTIPA\u00c7\u00c3O.<\/td>\n<\/tr>\n<tr>\n<td colspan=\"5\"><\/td>\n<\/tr>\n<tr>\n<td colspan=\"5\">IDEIAS E ANOTA\u00c7\u00d5ES:<\/td>\n<\/tr>\n<tr>\n<td colspan=\"5\"><\/td>\n<\/tr>\n<tr>\n<td colspan=\"5\"><strong>2. REALIZA\u00c7\u00c3O (DO) <\/strong><\/td>\n<\/tr>\n<tr>\n<td colspan=\"5\">CRONOGRAMA:<\/td>\n<\/tr>\n<tr>\n<td><strong>ATIVIDADES<\/strong><\/td>\n<td><strong>PER. 1<\/strong><\/td>\n<td><strong>PER. 2<\/strong><\/td>\n<td><strong>PER. 3<\/strong><\/td>\n<td><strong>PER.4<\/strong><\/td>\n<\/tr>\n<tr>\n<td><strong>\u00a0<\/strong><\/td>\n<td><strong>\u00a0<\/strong><\/td>\n<td><strong>\u00a0<\/strong><\/td>\n<td><strong>\u00a0<\/strong><\/td>\n<td><strong>\u00a0<\/strong><\/td>\n<\/tr>\n<tr>\n<td><strong>\u00a0<\/strong><\/td>\n<td><strong>\u00a0<\/strong><\/td>\n<td><strong>\u00a0<\/strong><\/td>\n<td><strong>\u00a0<\/strong><\/td>\n<td><strong>\u00a0<\/strong><\/td>\n<\/tr>\n<tr>\n<td><strong>\u00a0<\/strong><\/td>\n<td><strong>\u00a0<\/strong><\/td>\n<td><strong>\u00a0<\/strong><\/td>\n<td><strong>\u00a0<\/strong><\/td>\n<td><strong>\u00a0<\/strong><\/td>\n<\/tr>\n<tr>\n<td><strong>\u00a0<\/strong><\/td>\n<td><strong>\u00a0<\/strong><\/td>\n<td><strong>\u00a0<\/strong><\/td>\n<td><strong>\u00a0<\/strong><\/td>\n<td><strong>\u00a0<\/strong><\/td>\n<\/tr>\n<tr>\n<td><strong>\u00a0<\/strong><\/td>\n<td><strong>\u00a0<\/strong><\/td>\n<td><strong>\u00a0<\/strong><\/td>\n<td><strong>\u00a0<\/strong><\/td>\n<td><strong>\u00a0<\/strong><\/td>\n<\/tr>\n<tr>\n<td colspan=\"5\"><strong>3. VERIFICA\u00c7\u00c3O (CHECK) <\/strong><\/td>\n<\/tr>\n<tr>\n<td colspan=\"5\"><strong>Planejamento:<\/strong><\/td>\n<\/tr>\n<tr>\n<td colspan=\"5\">Imers\u00e3o realizada?<\/td>\n<\/tr>\n<tr>\n<td colspan=\"5\">() SIM<\/td>\n<\/tr>\n<tr>\n<td colspan=\"5\">() N\u00c3O<\/td>\n<\/tr>\n<tr>\n<td colspan=\"5\">Idea\u00e7\u00e3o realizada?<\/td>\n<\/tr>\n<tr>\n<td colspan=\"5\">() SIM<\/td>\n<\/tr>\n<tr>\n<td colspan=\"5\">() N\u00c3O<\/td>\n<\/tr>\n<tr>\n<td colspan=\"5\">Prototipa\u00e7\u00e3o realizada?<\/td>\n<\/tr>\n<tr>\n<td colspan=\"5\">() SIM<\/td>\n<\/tr>\n<tr>\n<td colspan=\"5\">() N\u00c3O<\/td>\n<\/tr>\n<tr>\n<td colspan=\"5\">Planejamento est\u00e1 ok?<\/td>\n<\/tr>\n<tr>\n<td colspan=\"5\">() SIM<\/td>\n<\/tr>\n<tr>\n<td colspan=\"5\">() N\u00c3O<\/td>\n<\/tr>\n<tr>\n<td colspan=\"5\"><strong>Realiza\u00e7\u00e3o:<\/strong><\/td>\n<\/tr>\n<tr>\n<td colspan=\"5\">Cronograma realizado?<\/td>\n<\/tr>\n<tr>\n<td colspan=\"5\">() SIM<\/td>\n<\/tr>\n<tr>\n<td colspan=\"5\">() N\u00c3O<\/td>\n<\/tr>\n<tr>\n<td colspan=\"5\">Cronograma atende a realiza\u00e7\u00e3o do projeto?<\/td>\n<\/tr>\n<tr>\n<td colspan=\"5\">() SIM<\/td>\n<\/tr>\n<tr>\n<td colspan=\"5\">() N\u00c3O<\/td>\n<\/tr>\n<tr>\n<td colspan=\"5\"><strong>Verifica\u00e7\u00e3o:<\/strong><\/td>\n<\/tr>\n<tr>\n<td colspan=\"5\">Cronograma atende a realiza\u00e7\u00e3o do projeto?<\/td>\n<\/tr>\n<tr>\n<td colspan=\"5\">() SIM<\/td>\n<\/tr>\n<tr>\n<td colspan=\"5\">() N\u00c3O<\/td>\n<\/tr>\n<tr>\n<td colspan=\"5\">Projeto atende a proposta da institui\u00e7\u00e3o escolhida?<\/td>\n<\/tr>\n<tr>\n<td colspan=\"5\">() SIM<\/td>\n<\/tr>\n<tr>\n<td colspan=\"5\">() N\u00c3O<\/td>\n<\/tr>\n<tr>\n<td colspan=\"5\">Houve necessidade de mudan\u00e7a de estrat\u00e9gia?<\/td>\n<\/tr>\n<tr>\n<td colspan=\"5\">() SIM<\/td>\n<\/tr>\n<tr>\n<td colspan=\"5\">() N\u00c3O<\/td>\n<\/tr>\n<tr>\n<td colspan=\"5\">Em caso positivo, mencione as mudan\u00e7as e novas estrat\u00e9gias?<\/td>\n<\/tr>\n<tr>\n<td colspan=\"5\"><\/td>\n<\/tr>\n<tr>\n<td colspan=\"5\"><strong>4. A\u00c7\u00c3O (ACT) <\/strong><\/td>\n<\/tr>\n<tr>\n<td colspan=\"5\">A\u00c7\u00c3O PROPOSTA:<\/td>\n<\/tr>\n<tr>\n<td colspan=\"5\"><\/td>\n<\/tr>\n<tr>\n<td colspan=\"5\"><strong>REFER\u00caNCIAS BIBLIOGR\u00c1FICAS<\/strong><\/p>\n<p><strong>CAMPO OBRIGAT\u00d3RIO \u2013 Siga a normas ABNT, para isso consulte sua Biblioteca Virtual.<\/strong><\/td>\n<\/tr>\n<tr>\n<td colspan=\"5\"><\/td>\n<\/tr>\n<\/tbody>\n<\/table>\n<p>&nbsp;<\/p>\n<div class=\"elementor-toggle-item\">\n<div class=\"elementor-toggle-item\">\n<p id=\"elementor-tab-title-1941\" class=\"elementor-tab-title elementor-active\" tabindex=\"0\" role=\"tab\" data-tab=\"1\" aria-controls=\"elementor-tab-content-1941\" aria-expanded=\"true\" aria-selected=\"true\"><strong>Como funciona?<\/strong><\/p>\n<p>Elaboramos os portf\u00f3lios, j\u00e1 deixamos prontos, nas normas da ABNT e conforme os requisitos da universidade. F\u00e1cil assim! O MELHOR \u00c9 QUE VOC\u00ca COMPRA E J\u00c1 BAIXA NA HORA O SEU ARQUIVO EM WORD! Sabemos que conciliar trabalho, fam\u00edlia, vida profissional e estudos \u00e9 dif\u00edcil hoje em dia, por isso, estamos aqui para ajudar voc\u00ea. Conte com nossa qualidade, experi\u00eancia e profissionalismo adquirindo seu portf\u00f3lio conosco. GARANTIMOS SEU CONCEITO!<\/p>\n<p><strong>Como se realizam os envios?<\/strong><\/p>\n<\/div>\n<p id=\"elementor-tab-content-1942\" class=\"elementor-tab-content elementor-clearfix elementor-active\" role=\"tabpanel\" data-tab=\"2\" aria-labelledby=\"elementor-tab-title-1942\">O seu trabalho \u00e9 disponibilizado pronto, respondido e nas normas j\u00e1 na mesma hora aqui em nosso site na sua \u00e1rea de downloads e tamb\u00e9m no seu e-mail.<\/p>\n<p><strong>Em quanto tempo recebo o portf\u00f3lio?<\/strong><\/p>\n<p>Os envios s\u00e3o imediatos. Ap\u00f3s sua compra, o trabalho j\u00e1 \u00e9 disponibilizado instantaneamente aqui em nosso site e no seu e-mail.<\/p>\n<p><strong>E se o portf\u00f3lio que comprei precisar de corre\u00e7\u00e3o?<\/strong><\/p>\n<p>Caso haja alguma solicita\u00e7\u00e3o de corre\u00e7\u00e3o\/altera\u00e7\u00e3o por parte do tutor, basta entrar em contato conosco pelo\u00a0WhatsApp\u00a0que provid\u00eanciaremos sem custo algum.<\/p>\n<p><strong>Qual o formato do arquivo?<\/strong><\/p>\n<p>Os arquivos s\u00e3o enviados em formato Word e s\u00e3o edit\u00e1veis.<\/p>\n<p><strong>Caso eu tiver alguma d\u00favida, terei suporte no p\u00f3s venda?<\/strong><\/p>\n<p>Sim, com certeza. Basta clicar no \u00edcone do WhatsApp no cantinho da tela. Ser\u00e1 um prazer atend\u00ea-lo(a).<\/p>\n<div id=\"elementor-tab-content-1948\" class=\"elementor-tab-content elementor-clearfix elementor-active\" role=\"tabpanel\" data-tab=\"8\" aria-labelledby=\"elementor-tab-title-1948\">\n<p><strong>Quais os seus canais de contato?<\/strong><\/p>\n<\/div>\n<div id=\"elementor-tab-content-1949\" class=\"elementor-tab-content elementor-clearfix elementor-active\" role=\"tabpanel\" data-tab=\"9\" aria-labelledby=\"elementor-tab-title-1949\">\n<p>Whatsapp: 53 984751621 \u2013 Clicar no canto da tela ou ESCANEIE O QRCODE ABAIXO<\/p>\n<h4><img decoding=\"async\" class=\"alignnone wp-image-13699 jetpack-lazy-image jetpack-lazy-image--handled\" src=\"https:\/\/i0.wp.com\/portifolioos-prontos.com\/wp-content\/uploads\/2023\/02\/whatsapp-business-projeto-de-extensao-300x300.jpeg?resize=144%2C144\" sizes=\"(max-width: 144px) 100vw, 144px\" srcset=\"https:\/\/i0.wp.com\/portifolioos-prontos.com\/wp-content\/uploads\/2023\/02\/whatsapp-business-projeto-de-extensao.jpeg?resize=300%2C301&amp;ssl=1 300w, https:\/\/i0.wp.com\/portifolioos-prontos.com\/wp-content\/uploads\/2023\/02\/whatsapp-business-projeto-de-extensao.jpeg?resize=150%2C150&amp;ssl=1 150w, https:\/\/i0.wp.com\/portifolioos-prontos.com\/wp-content\/uploads\/2023\/02\/whatsapp-business-projeto-de-extensao.jpeg?resize=370%2C372&amp;ssl=1 370w, https:\/\/i0.wp.com\/portifolioos-prontos.com\/wp-content\/uploads\/2023\/02\/whatsapp-business-projeto-de-extensao.jpeg?resize=100%2C100&amp;ssl=1 100w, https:\/\/i0.wp.com\/portifolioos-prontos.com\/wp-content\/uploads\/2023\/02\/whatsapp-business-projeto-de-extensao.jpeg?w=470&amp;ssl=1 470w\" alt=\"projeto de extens\u00e3o unopar\" width=\"144\" height=\"144\" data-lazy-loaded=\"1\" \/><\/h4>\n<\/div>\n<div class=\"elementor-toggle-item\">\n<div id=\"elementor-tab-content-1949\" class=\"elementor-tab-content elementor-clearfix elementor-active\" role=\"tabpanel\" data-tab=\"9\" aria-labelledby=\"elementor-tab-title-1949\">\n<p>E-mail:portifoliosp@gmail.com<\/p>\n<div id=\"attachment_143\" class=\"wp-caption alignnone\">\n<div id=\"attachment_143\" class=\"wp-caption alignnone\">\n<p id=\"caption-attachment-143\" class=\"wp-caption-text\"><a href=\"http:\/\/portfolio-pronto.com\/\">Portf\u00f3lio<\/a>\u00a0em Word, respondido, completo e j\u00e1 nas normas<\/p>\n<\/div>\n<\/div>\n<\/div>\n<\/div>\n<\/div>\n","protected":false},"excerpt":{"rendered":"<div class=\"product-short-description\">\n<div><span style=\"color: #ff0000\"><strong>Compre e receba o Relat\u00f3rio Final de Atividades Extensionistas j\u00e1 preenchido, com um projeto totalmente desenvolvido para entrega.<\/strong><\/span><\/div>\n<div class=\"product-short-description\"><strong>Pague pelo PIX ou cart\u00e3o e fa\u00e7a o download agora mesmo.<\/strong><\/div>\n<div class=\"sticky-add-to-cart-wrapper\">\n<div class=\"sticky-add-to-cart\">\n<p class=\"quantity buttons_added form-flat\"><img decoding=\"async\" class=\"lazyloaded smush-image-5 smush-image-3 smush-image-4 smush-detected-img smush-image-bigger-3\" src=\"https:\/\/d26lpennugtm8s.cloudfront.net\/assets\/common\/img\/logos\/payment\/visa@2x.png\" width=\"46\" height=\"29\" data-src=\"https:\/\/d26lpennugtm8s.cloudfront.net\/assets\/common\/img\/logos\/payment\/visa@2x.png\" \/><img decoding=\"async\" class=\"lazyloaded smush-image-6 smush-image-4 smush-image-5 smush-detected-img smush-image-bigger-4\" src=\"https:\/\/d26lpennugtm8s.cloudfront.net\/assets\/common\/img\/logos\/payment\/boleto@2x.png\" width=\"43\" height=\"27\" data-src=\"https:\/\/d26lpennugtm8s.cloudfront.net\/assets\/common\/img\/logos\/payment\/boleto@2x.png\" \/><img loading=\"lazy\" decoding=\"async\" class=\"lazyloaded smush-image-7 smush-image-5 smush-image-6 smush-detected-img smush-image-bigger-5\" src=\"https:\/\/d26lpennugtm8s.cloudfront.net\/assets\/common\/img\/logos\/payment\/mastercard@2x.png\" width=\"43\" height=\"27\" data-src=\"https:\/\/d26lpennugtm8s.cloudfront.net\/assets\/common\/img\/logos\/payment\/mastercard@2x.png\" \/><img loading=\"lazy\" decoding=\"async\" class=\"lazyloaded smush-image-8 smush-image-6 smush-image-7 smush-detected-img smush-image-bigger-6\" src=\"https:\/\/d26lpennugtm8s.cloudfront.net\/assets\/common\/img\/logos\/payment\/amex@2x.png\" width=\"43\" height=\"27\" data-src=\"https:\/\/d26lpennugtm8s.cloudfront.net\/assets\/common\/img\/logos\/payment\/amex@2x.png\" \/><img loading=\"lazy\" decoding=\"async\" class=\"lazyloaded smush-image-9 smush-image-7 smush-image-8 smush-detected-img smush-image-bigger-7\" src=\"https:\/\/d26lpennugtm8s.cloudfront.net\/assets\/common\/img\/logos\/payment\/diners@2x.png\" width=\"46\" height=\"29\" data-src=\"https:\/\/d26lpennugtm8s.cloudfront.net\/assets\/common\/img\/logos\/payment\/diners@2x.png\" \/><img loading=\"lazy\" decoding=\"async\" class=\"lazyloaded smush-image-10 smush-image-8 smush-image-9 alignnone smush-detected-img smush-image-bigger-8\" src=\"https:\/\/d26lpennugtm8s.cloudfront.net\/assets\/common\/img\/logos\/payment\/br\/elo@2x.png\" alt=\"portf\u00f3lio unopar anhanguera\" width=\"45\" height=\"28\" data-src=\"https:\/\/d26lpennugtm8s.cloudfront.net\/assets\/common\/img\/logos\/payment\/br\/elo@2x.png\" \/><img loading=\"lazy\" decoding=\"async\" class=\"lazyloaded smush-image-11 smush-image-9 smush-image-10 alignnone smush-detected-img smush-image-bigger-9\" src=\"https:\/\/d26lpennugtm8s.cloudfront.net\/assets\/common\/img\/logos\/payment\/br\/hipercard@2x.png\" alt=\"portf\u00f3lio unopar anhanguera\" width=\"44\" height=\"28\" data-src=\"https:\/\/d26lpennugtm8s.cloudfront.net\/assets\/common\/img\/logos\/payment\/br\/hipercard@2x.png\" \/><img loading=\"lazy\" decoding=\"async\" class=\"lazyloaded smush-image-12 smush-image-10 smush-image-11 alignnone smush-detected-img smush-image-bigger-10\" src=\"https:\/\/d26lpennugtm8s.cloudfront.net\/assets\/common\/img\/logos\/payment\/mercadopago@2x.png\" alt=\"portf\u00f3lio unopar anhanguera\" width=\"45\" height=\"28\" data-src=\"https:\/\/d26lpennugtm8s.cloudfront.net\/assets\/common\/img\/logos\/payment\/mercadopago@2x.png\" \/><img loading=\"lazy\" decoding=\"async\" class=\"alignnone ls-is-cached lazyloaded smush-detected-img smush-image-bigger-11\" src=\"https:\/\/futurium.com.br\/wp-content\/uploads\/2021\/06\/logo-pix-icone-512.png\" alt=\"portfolio pronto\" width=\"30\" height=\"30\" data-src=\"https:\/\/futurium.com.br\/wp-content\/uploads\/2021\/06\/logo-pix-icone-512.png\" \/><\/p>\n<\/div>\n<\/div>\n<\/div>\n","protected":false},"featured_media":13620,"template":"","meta":{"_seopress_robots_primary_cat":"none","_seopress_titles_title":"%%post_title%% %%sitetitle%%","_seopress_titles_desc":"%%post_content%%","_seopress_robots_index":""},"product_cat":[63,15],"product_tag":[736],"class_list":{"0":"post-13617","1":"product","2":"type-product","3":"status-publish","4":"has-post-thumbnail","6":"product_cat-agronegocio","7":"product_cat-uncategorized","8":"product_tag-projeto-de-extensao-programa-de-contexto-a-comunidade","10":"first","11":"instock","12":"downloadable","13":"virtual","14":"purchasable","15":"product-type-simple","16":"col-xs-6 col-sm-4","17":"col-mf-5","18":"un-5-cols"},"jetpack_sharing_enabled":true,"_links":{"self":[{"href":"https:\/\/portifolioos-prontos.com\/index.php\/wp-json\/wp\/v2\/product\/13617","targetHints":{"allow":["GET"]}}],"collection":[{"href":"https:\/\/portifolioos-prontos.com\/index.php\/wp-json\/wp\/v2\/product"}],"about":[{"href":"https:\/\/portifolioos-prontos.com\/index.php\/wp-json\/wp\/v2\/types\/product"}],"version-history":[{"count":1,"href":"https:\/\/portifolioos-prontos.com\/index.php\/wp-json\/wp\/v2\/product\/13617\/revisions"}],"predecessor-version":[{"id":44270,"href":"https:\/\/portifolioos-prontos.com\/index.php\/wp-json\/wp\/v2\/product\/13617\/revisions\/44270"}],"wp:featuredmedia":[{"embeddable":true,"href":"https:\/\/portifolioos-prontos.com\/index.php\/wp-json\/wp\/v2\/media\/13620"}],"wp:attachment":[{"href":"https:\/\/portifolioos-prontos.com\/index.php\/wp-json\/wp\/v2\/media?parent=13617"}],"wp:term":[{"taxonomy":"product_cat","embeddable":true,"href":"https:\/\/portifolioos-prontos.com\/index.php\/wp-json\/wp\/v2\/product_cat?post=13617"},{"taxonomy":"product_tag","embeddable":true,"href":"https:\/\/portifolioos-prontos.com\/index.php\/wp-json\/wp\/v2\/product_tag?post=13617"}],"curies":[{"name":"wp","href":"https:\/\/api.w.org\/{rel}","templated":true}]}}