{"id":13866,"date":"2023-02-21T20:12:07","date_gmt":"2023-02-21T23:12:07","guid":{"rendered":"https:\/\/portifolioos-prontos.com\/?post_type=product&#038;p=13866"},"modified":"2023-10-22T14:43:27","modified_gmt":"2023-10-22T17:43:27","slug":"roteiro-aula-pratica-modelagem-de-dados","status":"publish","type":"product","link":"https:\/\/portifolioos-prontos.com\/index.php\/product\/roteiro-aula-pratica-modelagem-de-dados\/","title":{"rendered":"Roteiro Aula Pr\u00e1tica Modelagem de Dados"},"content":{"rendered":"<h4>ROTEIRO DE AULA PR\u00c1TICA \u2013\u00a0Modelagem de Dados<\/h4>\n<p>OBJETIVOS<br \/>\nDefini\u00e7\u00e3o dos objetivos da aula pr\u00e1tica:<br \/>\n\u2013 Utilizar as funcionalidades b\u00e1sicas de uma ferramenta de modelagem de banco de dados<br \/>\n(Workbench MySQL)<br \/>\n\u2013 Elaborar um DER (Diagrama Entidade Relacionamento) de uma situa\u00e7\u00e3o proposta.<\/p>\n<p>INFRAESTRUTURA<br \/>\nInstala\u00e7\u00f5es:<br \/>\nComputador com Workbench MySQL<br \/>\nMateriais de consumo:<br \/>\nDescri\u00e7\u00e3o<\/p>\n<p>Quantidade de materiais<br \/>\npor<br \/>\nprocedimento\/atividade<br \/>\nComputador 1 por aluno<\/p>\n<p>Software:<br \/>\nSim ( X ) N\u00e3o ( )<br \/>\nEm caso afirmativo, qual? Workbench MySQL<br \/>\nPago ( ) N\u00e3o Pago ( X )<br \/>\nTipo de Licen\u00e7a: Gratu\u00edta<br \/>\nDescri\u00e7\u00e3o do software:<br \/>\nO Workbench MySQL \u00e9 um software que utiliza interface gr\u00e1fica para modelagem de banco<br \/>\nde dados, sendo o tipo mais indicado o relacional. A empresa propriet\u00e1ria \u00e9 a Oracle, que<br \/>\ndisponibiliza gratuitamente para fins de estudos, pesquisas e uso particular. Para cada<br \/>\nsistema operacional existe um instalador, e em alguns casos existe op\u00e7\u00f5es para diferentes<br \/>\nvers\u00f5es dos sistemas operacionais. Para fazer o download, o software Workbench MySQL<br \/>\nest\u00e1 dispon\u00edvel em:&amp;lt;https:\/\/dev.mysql.com\/downloads\/workbench\/&amp;gt;.<br \/>\nEquipamento de Prote\u00e7\u00e3o Individual (EPI) :<br \/>\n\u2013 NSA<\/p>\n<div id=\"ez-toc-container\" class=\"ez-toc-v2_0_45_1 counter-hierarchy ez-toc-counter ez-toc-grey ez-toc-container-direction\">\n<div class=\"ez-toc-title-container\">\n<p class=\"ez-toc-title\">Portf\u00f3lio<\/p>\n<\/div>\n<nav>\n<ul class=\"ez-toc-list ez-toc-list-level-1 \">\n<li class=\"ez-toc-page-1 ez-toc-heading-level-4\">Roteiro Aula Pr\u00e1tica Modelagem de Dados Desenvolver um Diagrama Entidade-Relacionamento (DER).<\/li>\n<li class=\"ez-toc-page-1 ez-toc-heading-level-4\">Roteiro Aula Pr\u00e1tica Modelagem de Dados<\/li>\n<li class=\"ez-toc-page-1 ez-toc-heading-level-4\">Roteiro Aula Pr\u00e1tica Modelagem de Dados<\/li>\n<li class=\"ez-toc-page-1 ez-toc-heading-level-4\">Roteiro Aula Pr\u00e1tica Modelagem de Dados Resultados:<\/li>\n<\/ul>\n<\/nav>\n<\/div>\n<h4><span id=\"Roteiro_Aula_Pratica_Modelagem_de_Dados_Desenvolver_um_Diagrama_Entidade-Relacionamento_DER\" class=\"ez-toc-section\"><\/span>Roteiro Aula Pr\u00e1tica Modelagem de Dados<br \/>\nDesenvolver um Diagrama Entidade-Relacionamento (DER).<\/h4>\n<p>Atividade proposta:<br \/>\nAp\u00f3s leitura da situa\u00e7\u00e3o proposta, desenvolver um Diagrama Entidade-Relacionamento (DER), que represente uma<br \/>\nbase de dados poss\u00edvel de ser implementado em um sistema de gerenciamento de banco de dados utilizando osoftware Workbench MySQL.<br \/>\nUma biblioteca de uma universidade realiza empr\u00e9stimo de suas obras para os alunos da institui\u00e7\u00e3o. Neste<br \/>\ncontexto temos:<br \/>\n\u2013 Aluno: pessoas que possuem registro na faculdade e s\u00e3o autorizadas a fazer empr\u00e9stimo de livros na biblioteca;<br \/>\n\u2013 Livro: publica\u00e7\u00f5es f\u00edsicas com registros passiveis de serem emprestados;<br \/>\n\u2013 Colaborador: funcion\u00e1rio da institui\u00e7\u00e3o autorizado a fazer empr\u00e9stimos de livros aos alunos;<br \/>\n\u2013 Empr\u00e9stimo: a\u00e7\u00e3o que o colaborador registra no sistema, e permite que livro fique relacionado ao aluno, por<br \/>\ndeterminado per\u00edodo estabelecido pela biblioteca.<br \/>\nCada entidade acima possuem os seguintes atributos:<br \/>\nAluno (ra, nome, email, telefone)<br \/>\nLivro (isbn, nome, autor, paginas)<br \/>\nColaborador (cpf, nome, email, cargo)<br \/>\nEmpr\u00e9stimo (id, dataEmprestimo, dataDevolucao, livroIsbn, colaboradorCpf)<br \/>\nDefina as chaves prim\u00e1rias e secund\u00e1rias, defina tamb\u00e9m os tipos de dados dos atributos e elabore o DER<br \/>\nutilizando o Workbench MySQL.<br \/>\nProcedimentos para a realiza\u00e7\u00e3o da atividade:<\/p>\n<h4><span id=\"Roteiro_Aula_Pratica_Modelagem_de_Dados\" class=\"ez-toc-section\"><\/span>Roteiro Aula Pr\u00e1tica Modelagem de Dados<\/h4>\n<p>Nessa pr\u00e1tica, voc\u00ea dever\u00e1 utilizar a ferramenta Workbench MySQL para elaborar o DER da situa\u00e7\u00e3o proposta.<br \/>\n\uf0b7 Ap\u00f3s download do programa Inicie o Workbench MySQL, em seguida clique no \u00edcone representado na Figura<br \/>\n01:<br \/>\nFigura 01 \u2013 \u00cdcone para iniciar um projeto no Workbench MySQL.<\/p>\n<p>Fonte: Elaborado pelo autor.<br \/>\n\uf0b7 No menu superior clique em File &amp;gt;&amp;gt; New Model, ou Ctrl + n. Agora em \u201cModel Overview\u201d, d\u00ea um duplo<br \/>\nclique em \u201cAdd Diagram\u201d, isso vai fazer que seja aberto a \u00e1rea de edi\u00e7\u00e3o para desenvolvimento de diagrama<br \/>\nentidade-relacionamento (no Workbench MySQL \u00e9 chamado de EER Diagram).<br \/>\n\uf0b7 Agora basta adicionar as entidades, os seus respectivos atributos, e utilizar o relacionamento por meio daschaves, conforme descrito na proposta da atividade.<br \/>\nChecklist:<\/p>\n<h4><span id=\"Roteiro_Aula_Pratica_Modelagem_de_Dados-2\" class=\"ez-toc-section\"><\/span>Roteiro Aula Pr\u00e1tica Modelagem de Dados<\/h4>\n<p>\uf0b7 Verificar as entidades que fazem parte do sistema para a biblioteca descrita na proposta da atividade;<br \/>\n\uf0b7 Definir os atributos, bem como as chaves prim\u00e1rias e estrangeiras que permite o relacionamento entre as<br \/>\nentidades;<br \/>\n\uf0b7 Determinar os tipos de dados de cada um dos atributos;<br \/>\n\uf0b7 Modelar no Workbench MySQL o diagrama entidade-relacionamento para a biblioteca.<br \/>\n\uf0b7 Voc\u00ea dever\u00e1 entregar o DER elaborado.<br \/>\nRESULTADOS<\/p>\n<h4><span id=\"Roteiro_Aula_Pratica_Modelagem_de_Dados_Resultados\" class=\"ez-toc-section\"><\/span>Roteiro Aula Pr\u00e1tica Modelagem de Dados Resultados:<\/h4>\n<p>Compreender o funcionamento b\u00e1sico do Workbench MySQL para desenvolver um diagrama entidade-<br \/>\nrelacionamento DER, permitindo assim, que se possa representar um banco de dados da proposta da atividade.<br \/>\nEspera-se ainda, que ao final da atividade, seja entregue o DER em arquivo texto .doc com a modelagem do sistema<br \/>\nproposto na atividade.<\/p>\n<div class=\"elementor-toggle-item\">\n<h4 id=\"elementor-tab-title-1941\" class=\"elementor-tab-title elementor-active\" tabindex=\"0\" role=\"tab\" data-tab=\"1\" aria-controls=\"elementor-tab-content-1941\" aria-expanded=\"true\" aria-selected=\"true\">Como funciona?<\/h4>\n<div id=\"elementor-tab-content-1941\" class=\"elementor-tab-content elementor-clearfix elementor-active\" role=\"tabpanel\" data-tab=\"1\" aria-labelledby=\"elementor-tab-title-1941\">\n<p>Elaboramos os portf\u00f3lios, j\u00e1 deixamos prontos, nas normas da ABNT e conforme os requisitos da universidade. F\u00e1cil assim! O MELHOR \u00c9 QUE VOC\u00ca COMPRA E J\u00c1 BAIXA NA HORA O SEU ARQUIVO EM WORD! Sabemos que conciliar trabalho, fam\u00edlia, vida profissional e estudos \u00e9 dif\u00edcil hoje em dia, por isso, estamos aqui para ajudar voc\u00ea. Conte com nossa qualidade, experi\u00eancia e profissionalismo adquirindo seu portf\u00f3lio conosco. GARANTIMOS SEU CONCEITO!<\/p>\n<h4>Como se realizam os envios?<\/h4>\n<\/div>\n<\/div>\n<div class=\"elementor-toggle-item\">\n<div id=\"elementor-tab-content-1942\" class=\"elementor-tab-content elementor-clearfix elementor-active\" role=\"tabpanel\" data-tab=\"2\" aria-labelledby=\"elementor-tab-title-1942\">O seu trabalho \u00e9 disponibilizado pronto, respondido e nas normas j\u00e1 na mesma hora aqui em nosso site na sua \u00e1rea de downloads e tamb\u00e9m no seu e-mail.<\/div>\n<\/div>\n<div class=\"elementor-toggle-item\">\n<div id=\"elementor-tab-content-1943\" class=\"elementor-tab-content elementor-clearfix elementor-active\" role=\"tabpanel\" data-tab=\"3\" aria-labelledby=\"elementor-tab-title-1943\">\n<h4>Em quanto tempo recebo o portf\u00f3lio?<\/h4>\n<\/div>\n<\/div>\n<div class=\"elementor-toggle-item\">\n<div id=\"elementor-tab-content-1944\" class=\"elementor-tab-content elementor-clearfix elementor-active\" role=\"tabpanel\" data-tab=\"4\" aria-labelledby=\"elementor-tab-title-1944\">\n<p>Os envios s\u00e3o imediatos. Ap\u00f3s sua compra, o trabalho j\u00e1 \u00e9 disponibilizado instantaneamente aqui em nosso site e no seu e-mail.<\/p>\n<h4>E se o portf\u00f3lio que comprei precisar de corre\u00e7\u00e3o?<\/h4>\n<\/div>\n<\/div>\n<div class=\"elementor-toggle-item\">\n<div id=\"elementor-tab-content-1945\" class=\"elementor-tab-content elementor-clearfix elementor-active\" role=\"tabpanel\" data-tab=\"5\" aria-labelledby=\"elementor-tab-title-1945\">\n<p>Caso haja alguma solicita\u00e7\u00e3o de corre\u00e7\u00e3o\/altera\u00e7\u00e3o por parte do tutor, basta entrar em contato conosco pelo\u00a0<a href=\"https:\/\/api.whatsapp.com\/send\/?phone=5553984751621&amp;text&amp;app_absent=0\">WhatsApp<\/a>\u00a0que provid\u00eanciaremos sem custo algum.<\/p>\n<h4>Qual o formato do arquivo?<\/h4>\n<\/div>\n<\/div>\n<div class=\"elementor-toggle-item\">\n<div id=\"elementor-tab-content-1946\" class=\"elementor-tab-content elementor-clearfix elementor-active\" role=\"tabpanel\" data-tab=\"6\" aria-labelledby=\"elementor-tab-title-1946\">\n<p>Os arquivos s\u00e3o enviados em formato Word e s\u00e3o edit\u00e1veis.<\/p>\n<h4>Caso eu tiver alguma d\u00favida, terei suporte no p\u00f3s venda?<\/h4>\n<\/div>\n<\/div>\n<div class=\"elementor-toggle-item\">\n<div id=\"elementor-tab-content-1948\" class=\"elementor-tab-content elementor-clearfix elementor-active\" role=\"tabpanel\" data-tab=\"8\" aria-labelledby=\"elementor-tab-title-1948\">\n<p>Sim, com certeza. Basta clicar no \u00edcone do WhatsApp no cantinho da tela. Ser\u00e1 um prazer atend\u00ea-lo(a).<\/p>\n<div class=\"elementor-toggle-item\">\n<div id=\"elementor-tab-content-1948\" class=\"elementor-tab-content elementor-clearfix elementor-active\" role=\"tabpanel\" data-tab=\"8\" aria-labelledby=\"elementor-tab-title-1948\">\n<h4>Quais os seus canais de contato?<\/h4>\n<\/div>\n<\/div>\n<div class=\"elementor-toggle-item\">\n<div id=\"elementor-tab-content-1949\" class=\"elementor-tab-content elementor-clearfix elementor-active\" role=\"tabpanel\" data-tab=\"9\" aria-labelledby=\"elementor-tab-title-1949\">\n<p>Whatsapp: 53 984751621 \u2013 Clicar no canto da tela ou ESCANEIE O QRCODE ABAIXO<\/p>\n<h4><img decoding=\"async\" class=\"alignnone wp-image-13699 jetpack-lazy-image jetpack-lazy-image--handled\" src=\"https:\/\/i0.wp.com\/portifolioos-prontos.com\/wp-content\/uploads\/2023\/02\/whatsapp-business-projeto-de-extensao-300x300.jpeg?resize=153%2C153\" sizes=\"(max-width: 153px) 100vw, 153px\" srcset=\"https:\/\/i0.wp.com\/portifolioos-prontos.com\/wp-content\/uploads\/2023\/02\/whatsapp-business-projeto-de-extensao.jpeg?resize=300%2C301&amp;ssl=1 300w, https:\/\/i0.wp.com\/portifolioos-prontos.com\/wp-content\/uploads\/2023\/02\/whatsapp-business-projeto-de-extensao.jpeg?resize=150%2C150&amp;ssl=1 150w, https:\/\/i0.wp.com\/portifolioos-prontos.com\/wp-content\/uploads\/2023\/02\/whatsapp-business-projeto-de-extensao.jpeg?resize=370%2C372&amp;ssl=1 370w, https:\/\/i0.wp.com\/portifolioos-prontos.com\/wp-content\/uploads\/2023\/02\/whatsapp-business-projeto-de-extensao.jpeg?resize=100%2C100&amp;ssl=1 100w, https:\/\/i0.wp.com\/portifolioos-prontos.com\/wp-content\/uploads\/2023\/02\/whatsapp-business-projeto-de-extensao.jpeg?w=470&amp;ssl=1 470w\" alt=\"projeto de extens\u00e3o unopar\" width=\"153\" height=\"153\" data-recalc-dims=\"1\" data-lazy-loaded=\"1\" \/><\/h4>\n<\/div>\n<\/div>\n<\/div>\n<\/div>\n<div class=\"elementor-toggle-item\">\n<div id=\"elementor-tab-content-1949\" class=\"elementor-tab-content elementor-clearfix elementor-active\" role=\"tabpanel\" data-tab=\"9\" aria-labelledby=\"elementor-tab-title-1949\">\n<p>E-mail:portifoliosp@gmail.com<\/p>\n<div id=\"attachment_143\" class=\"wp-caption alignnone\">\n<div id=\"attachment_143\" class=\"wp-caption alignnone\" style=\"width: 84px;\">\n<p><a href=\"http:\/\/portifolioos-prontos.com\/\"><img decoding=\"async\" class=\"wp-image-143 jetpack-lazy-image jetpack-lazy-image--handled\" title=\"portfolio pronto unopar\" src=\"https:\/\/i0.wp.com\/portifolioos-prontos.com\/wp-content\/uploads\/2022\/04\/conceitomaximo.png?resize=158%2C45\" alt=\"PORTFOLIO PRONTO UNOPAR ANHANGUERA\" width=\"84\" height=\"24\" aria-describedby=\"caption-attachment-143\" data-lazy-loaded=\"1\" \/><\/a><\/p>\n<p id=\"caption-attachment-143\" class=\"wp-caption-text\">Portf\u00f3lio em Word, respondido, completo e j\u00e1 nas normas.<\/p>\n<\/div>\n<\/div>\n<\/div>\n<\/div>\n","protected":false},"excerpt":{"rendered":"<p>ROTEIRO DE AULA PR\u00c1TICA \u2013\u00a0Modelagem de Dados OBJETIVOS Defini\u00e7\u00e3o dos objetivos da aula pr\u00e1tica: \u2013 Utilizar as funcionalidades b\u00e1sicas de uma ferramenta de modelagem de banco de dados (Workbench MySQL) \u2013 Elaborar um DER (Diagrama Entidade Relacionamento) de uma situa\u00e7\u00e3o proposta. INFRAESTRUTURA Instala\u00e7\u00f5es: Computador com Workbench MySQL Materiais de consumo: Descri\u00e7\u00e3o Quantidade de materiais por&hellip;<\/p>\n","protected":false},"featured_media":13868,"template":"","meta":{"_seopress_robots_primary_cat":"none","_seopress_titles_title":"","_seopress_titles_desc":"","_seopress_robots_index":""},"product_cat":[109,58,15],"product_tag":[],"class_list":{"0":"post-13866","1":"product","2":"type-product","3":"status-publish","4":"has-post-thumbnail","6":"product_cat-analise-e-desenvolvimento-de-sistemas","7":"product_cat-cursos-de-t-i","8":"product_cat-uncategorized","10":"first","11":"instock","12":"downloadable","13":"virtual","14":"purchasable","15":"product-type-simple","16":"col-xs-6 col-sm-4","17":"col-mf-5","18":"un-5-cols"},"jetpack_sharing_enabled":true,"_links":{"self":[{"href":"https:\/\/portifolioos-prontos.com\/index.php\/wp-json\/wp\/v2\/product\/13866","targetHints":{"allow":["GET"]}}],"collection":[{"href":"https:\/\/portifolioos-prontos.com\/index.php\/wp-json\/wp\/v2\/product"}],"about":[{"href":"https:\/\/portifolioos-prontos.com\/index.php\/wp-json\/wp\/v2\/types\/product"}],"version-history":[{"count":0,"href":"https:\/\/portifolioos-prontos.com\/index.php\/wp-json\/wp\/v2\/product\/13866\/revisions"}],"wp:featuredmedia":[{"embeddable":true,"href":"https:\/\/portifolioos-prontos.com\/index.php\/wp-json\/wp\/v2\/media\/13868"}],"wp:attachment":[{"href":"https:\/\/portifolioos-prontos.com\/index.php\/wp-json\/wp\/v2\/media?parent=13866"}],"wp:term":[{"taxonomy":"product_cat","embeddable":true,"href":"https:\/\/portifolioos-prontos.com\/index.php\/wp-json\/wp\/v2\/product_cat?post=13866"},{"taxonomy":"product_tag","embeddable":true,"href":"https:\/\/portifolioos-prontos.com\/index.php\/wp-json\/wp\/v2\/product_tag?post=13866"}],"curies":[{"name":"wp","href":"https:\/\/api.w.org\/{rel}","templated":true}]}}