{"id":13896,"date":"2023-02-21T20:58:57","date_gmt":"2023-02-21T23:58:57","guid":{"rendered":"https:\/\/portifolioos-prontos.com\/?post_type=product&#038;p=13896"},"modified":"2024-05-20T18:17:08","modified_gmt":"2024-05-20T21:17:08","slug":"atividade-pratica-fruticultura","status":"publish","type":"product","link":"https:\/\/portifolioos-prontos.com\/index.php\/product\/atividade-pratica-fruticultura\/","title":{"rendered":"ATIVIDADE PR\u00c1TICA FRUTICULTURA"},"content":{"rendered":"<h4>ATIVIDADE PR\u00c1TICA FRUTICULTURA<\/h4>\n<p>OBJETIVOS<br \/>\nA proposta desta atividade pr\u00e1tica est\u00e1 amparada nos seguintes objetivos:<br \/>\n&#8211; Compreender como diversos fatores podem influenciar o desenvolvimento e a<br \/>\nprodutividade de esp\u00e9cies frut\u00edferas;<br \/>\n&#8211; Compreender como o g\u00e1s etileno atua no amadurecimento dos frutos..<br \/>\nRECURSOS<br \/>\nFruto climat\u00e9rico (abacate, banana, tomate)<br \/>\nRecipiente fechado, jornal ou pl\u00e1stico (para armazenar o fruto que ter\u00e1 avaliada a a\u00e7\u00e3o do<br \/>\ng\u00e1s etileno)<br \/>\nRecipiente aberto (para armazenar o fruto testemunha).<br \/>\nPROCEDIMENTOS PR\u00c1TICOS<br \/>\nAtividade proposta<br \/>\nAn\u00e1lise da a\u00e7\u00e3o do fitorm\u00f4nio etileno em frutos climat\u00e9ricos.<br \/>\nProcedimentos para a realiza\u00e7\u00e3o da atividade<br \/>\nPara que voc\u00ea aluno consiga observar como um dos fitorm\u00f4nios atua, prop\u00f5e-se a<br \/>\nrealiza\u00e7\u00e3o de um experimento em que voc\u00ea observe como o g\u00e1s etileno atua no<br \/>\namadurecimento dos frutos.<br \/>\n&#8211; Primeiramente, \u00e9 importante refor\u00e7ar alguns dos conte\u00fados dessa disciplina.<br \/>\n\u00c9 interessante entender quais os principais fatores que influenciam no desenvolvimento das<br \/>\nplantas frut\u00edferas como o solo, \u00e1gua, temperatura, umidade, nutri\u00e7\u00e3o da planta e a a\u00e7\u00e3o dos<br \/>\nfitorm\u00f4nios, dentre outros fatores importantes no manejo de frut\u00edferas.<br \/>\n&#8211; Ap\u00f3s essa pesquisa inicial, estude sobre cada um dos fitorm\u00f4nios, principalmente as<br \/>\ncaracter\u00edsticas do etileno. O etileno \u00e9 conhecido como \u201chorm\u00f4nio do amadurecimento\u201d e o<br \/>\n\u00fanico regulador vegetal gasoso, que apresenta atividade biol\u00f3gica em concentra\u00e7\u00f5es<br \/>\nbastante reduzidas, al\u00e9m de ser produzido em todas as partes do vegetal, em quantidades<br \/>\nvari\u00e1veis com o tecido e o est\u00e1dio de desenvolvimento. Com o uso do etileno em baixas<br \/>\nconcentra\u00e7\u00f5es \u00e9 poss\u00edvel antecipar a matura\u00e7\u00e3o de frutas, que pode ser realizada em<br \/>\nc\u00e2maras semi-herm\u00e9ticas; por tratamentos que induzam a produ\u00e7\u00e3o pela pr\u00f3pria fruta ou<br \/>\nusando-se produtos que liberam etileno.<br \/>\n&#8211; Escolha as frutas que ir\u00e1 utilizar nessa atividade e que n\u00e3o estejam maduras. Algumas<br \/>\nservir\u00e3o como testemunha do experimento e outras ser\u00e3o embaladas em um jornal,<br \/>\nrecipiente ou sacola para que o g\u00e1s etileno n\u00e3o escape e proporcione o r\u00e1pido<br \/>\namadurecimento das frutas.<br \/>\n&#8211; Voc\u00ea dever\u00e1 fazer observa\u00e7\u00f5es a cada 24 ou 48 horas, contabilizando o total de 6 dias, e<br \/>\nanotar suas observa\u00e7\u00f5es em rela\u00e7\u00e3o \u00e0 fruta testemunha e \u00e0 fruta submetida ao teste de<br \/>\netileno.<br \/>\nO resultado dessa sua pesquisa dever\u00e1 ser apresentado na forma de um texto que dever\u00e1<br \/>\nconter os seguintes elementos:<br \/>\nT\u00edtulo: Dever\u00e1 conter o nome da fruta escolhida e o experimento realizado.<br \/>\nIntrodu\u00e7\u00e3o: Caracterizar a cultura escolhida apresentando aspectos hist\u00f3ricos,<br \/>\necon\u00f4micos, sociais e culturais da atividade e sua rela\u00e7\u00e3o com a popula\u00e7\u00e3o local.<br \/>\nJustificativa: Apresentar de forma objetiva a raz\u00e3o qual a relev\u00e2ncia dessa atividade.<br \/>\nDesenvolvimento:<br \/>\nNesta parte do texto voc\u00ea dever\u00e1 apresentar e caracterizar a cultura da esp\u00e9cie escolhida.<br \/>\nAqui tamb\u00e9m voc\u00ea dever\u00e1 caracterizar o horm\u00f4nio etileno e suas aplica\u00e7\u00f5es. Depois relate<br \/>\nos resultados do seu experimento, incluindo as observa\u00e7\u00f5es realizadas (pode documentar<br \/>\ncom fotos)<br \/>\nConclus\u00e3o: Para concluir seu trabalho voc\u00ea dever\u00e1, resumidamente, apresentar os<br \/>\naspectos mais importantes de sua pesquisa, encerrando com a emiss\u00e3o de sua opini\u00e3o<br \/>\npessoal, baseada no conte\u00fado pesquisado, sobre relev\u00e2ncia da cultura escolhida, para a<br \/>\nsua regi\u00e3o. Lembre-se de relacionar sua impress\u00e3o com a justificativa que foi dada<br \/>\nanteriormente.<br \/>\nBibliografia: Apresentar a rela\u00e7\u00e3o de todas as bibliografias consultadas, seguindo o padr\u00e3o<br \/>\nda ABNT utilizado pela institui\u00e7\u00e3o.<br \/>\nOBSERVA\u00c7\u00c2O: Esta pr\u00e1tica \u00e9 um trabalho original e, portanto, n\u00e3o poder\u00e1 haver trabalhos<br \/>\nid\u00eanticos aos de outros alunos ou com reprodu\u00e7\u00e3o de materiais extra\u00eddos da internet. Os<br \/>\ntrabalhos plagiados ser\u00e3o invalidados. Lembre-se de que a pr\u00e1tica do pl\u00e1gio constitui crime,<br \/>\ncom pena prevista em lei (Lei n.\u00ba 9.610), e deve ser evitada no \u00e2mbito acad\u00eamico.<br \/>\nChecklist<br \/>\nPara o bom desenvolvimento oriente-se pelos itens descritos a seguir:<br \/>\n&#8211; Escolher adequadamente as frutas para o experimento;<br \/>\n&#8211; Escolher uma fruta como testemunha e uma fruta para ser submetida ao teste de<br \/>\nfitorm\u00f4nio;<br \/>\n&#8211; Armazenar as frutas corretamente;<br \/>\n&#8211; Realizar e anotar as observa\u00e7\u00f5es, de acordo com os per\u00edodos definidos (24 ou 48<br \/>\nhoras);<br \/>\n&#8211; Fazer uma exposi\u00e7\u00e3o, explicando adequadamente a atua\u00e7\u00e3o dos fitorm\u00f4nios e<br \/>\ndemonstrando os resultados obtidos com o experimento pr\u00e1tico<br \/>\n&#8211; Revis\u00e3o bibliogr\u00e1fica;<br \/>\n&#8211; Reda\u00e7\u00e3o do texto;<br \/>\n&#8211; Relat\u00f3rio.<br \/>\nRESULTADO<br \/>\nEspera-se que voc\u00ea consiga associar o conhecimento te\u00f3rico pesquisado com a<br \/>\nexperi\u00eancia pr\u00e1tica que o experimento proporciou, contribuindo para a fixa\u00e7\u00e3o dos<br \/>\nconte\u00fados relacionados \u00e0 compreens\u00e3o dos principais fatores que influenciam na na a\u00e7\u00e3o<br \/>\ndo fitorm\u00f4nio etileno no processo de amadurecimento dos frutos. Dever\u00e1 ser produzido um<br \/>\nrelat\u00f3rio sobre os procedimentos pr\u00e1ticos realizados, associando suas observa\u00e7\u00f5es com<br \/>\nos conte\u00fados da disciplina.<\/p>\n<div class=\"elementor-toggle-item\">\n<h4 id=\"elementor-tab-title-1941\" class=\"elementor-tab-title elementor-active\" tabindex=\"0\" role=\"tab\" data-tab=\"1\" aria-controls=\"elementor-tab-content-1941\" aria-expanded=\"true\" aria-selected=\"true\">Como funciona?<\/h4>\n<div id=\"elementor-tab-content-1941\" class=\"elementor-tab-content elementor-clearfix elementor-active\" role=\"tabpanel\" data-tab=\"1\" aria-labelledby=\"elementor-tab-title-1941\">\n<p>Elaboramos os portf\u00f3lios, j\u00e1 deixamos prontos, nas normas da ABNT e conforme os requisitos da universidade. F\u00e1cil assim! O MELHOR \u00c9 QUE VOC\u00ca COMPRA E J\u00c1 BAIXA NA HORA O SEU ARQUIVO EM WORD! Sabemos que conciliar trabalho, fam\u00edlia, vida profissional e estudos \u00e9 dif\u00edcil hoje em dia, por isso, estamos aqui para ajudar voc\u00ea. Conte com nossa qualidade, experi\u00eancia e profissionalismo adquirindo seu portf\u00f3lio conosco. GARANTIMOS SEU CONCEITO!<\/p>\n<h4>Como se realizam os envios?<\/h4>\n<\/div>\n<\/div>\n<div class=\"elementor-toggle-item\">\n<div id=\"elementor-tab-content-1942\" class=\"elementor-tab-content elementor-clearfix elementor-active\" role=\"tabpanel\" data-tab=\"2\" aria-labelledby=\"elementor-tab-title-1942\">O seu trabalho \u00e9 disponibilizado pronto, respondido e nas normas j\u00e1 na mesma hora aqui em nosso site na sua \u00e1rea de downloads e tamb\u00e9m no seu e-mail.<\/div>\n<\/div>\n<div class=\"elementor-toggle-item\">\n<div id=\"elementor-tab-content-1943\" class=\"elementor-tab-content elementor-clearfix elementor-active\" role=\"tabpanel\" data-tab=\"3\" aria-labelledby=\"elementor-tab-title-1943\">\n<h4>Em quanto tempo recebo o portf\u00f3lio?<\/h4>\n<\/div>\n<\/div>\n<div class=\"elementor-toggle-item\">\n<div id=\"elementor-tab-content-1944\" class=\"elementor-tab-content elementor-clearfix elementor-active\" role=\"tabpanel\" data-tab=\"4\" aria-labelledby=\"elementor-tab-title-1944\">\n<p>Os envios s\u00e3o imediatos. Ap\u00f3s sua compra, o trabalho j\u00e1 \u00e9 disponibilizado instantaneamente aqui em nosso site e no seu e-mail.<\/p>\n<h4>E se o portf\u00f3lio que comprei precisar de corre\u00e7\u00e3o?<\/h4>\n<\/div>\n<\/div>\n<div class=\"elementor-toggle-item\">\n<div id=\"elementor-tab-content-1945\" class=\"elementor-tab-content elementor-clearfix elementor-active\" role=\"tabpanel\" data-tab=\"5\" aria-labelledby=\"elementor-tab-title-1945\">\n<p>Caso haja alguma solicita\u00e7\u00e3o de corre\u00e7\u00e3o\/altera\u00e7\u00e3o por parte do tutor, basta entrar em contato conosco pelo\u00a0<a href=\"https:\/\/api.whatsapp.com\/send\/?phone=5553984751621&amp;text&amp;app_absent=0\">WhatsApp<\/a>\u00a0que provid\u00eanciaremos sem custo algum.<\/p>\n<h4>Qual o formato do arquivo?<\/h4>\n<\/div>\n<\/div>\n<div class=\"elementor-toggle-item\">\n<div id=\"elementor-tab-content-1946\" class=\"elementor-tab-content elementor-clearfix elementor-active\" role=\"tabpanel\" data-tab=\"6\" aria-labelledby=\"elementor-tab-title-1946\">\n<p>Os arquivos s\u00e3o enviados em formato Word e s\u00e3o edit\u00e1veis.<\/p>\n<h4>Caso eu tiver alguma d\u00favida, terei suporte no p\u00f3s venda?<\/h4>\n<\/div>\n<\/div>\n<div class=\"elementor-toggle-item\">\n<div id=\"elementor-tab-content-1948\" class=\"elementor-tab-content elementor-clearfix elementor-active\" role=\"tabpanel\" data-tab=\"8\" aria-labelledby=\"elementor-tab-title-1948\">\n<p>Sim, com certeza. Basta clicar no \u00edcone do WhatsApp no cantinho da tela. Ser\u00e1 um prazer atend\u00ea-lo(a).<\/p>\n<div class=\"elementor-toggle-item\">\n<div id=\"elementor-tab-content-1948\" class=\"elementor-tab-content elementor-clearfix elementor-active\" role=\"tabpanel\" data-tab=\"8\" aria-labelledby=\"elementor-tab-title-1948\">\n<h4>Quais os seus canais de contato?<\/h4>\n<\/div>\n<\/div>\n<div class=\"elementor-toggle-item\">\n<div id=\"elementor-tab-content-1949\" class=\"elementor-tab-content elementor-clearfix elementor-active\" role=\"tabpanel\" data-tab=\"9\" aria-labelledby=\"elementor-tab-title-1949\">\n<p>Whatsapp: 53 984751621 \u2013 Clicar no canto da tela ou ESCANEIE O QRCODE ABAIXO<\/p>\n<h4><img decoding=\"async\" class=\"alignnone wp-image-13699 jetpack-lazy-image jetpack-lazy-image--handled\" src=\"https:\/\/i0.wp.com\/portifolioos-prontos.com\/wp-content\/uploads\/2023\/02\/whatsapp-business-projeto-de-extensao-300x300.jpeg?resize=153%2C153\" sizes=\"(max-width: 153px) 100vw, 153px\" srcset=\"https:\/\/i0.wp.com\/portifolioos-prontos.com\/wp-content\/uploads\/2023\/02\/whatsapp-business-projeto-de-extensao.jpeg?resize=300%2C301&amp;ssl=1 300w, https:\/\/i0.wp.com\/portifolioos-prontos.com\/wp-content\/uploads\/2023\/02\/whatsapp-business-projeto-de-extensao.jpeg?resize=150%2C150&amp;ssl=1 150w, https:\/\/i0.wp.com\/portifolioos-prontos.com\/wp-content\/uploads\/2023\/02\/whatsapp-business-projeto-de-extensao.jpeg?resize=370%2C372&amp;ssl=1 370w, https:\/\/i0.wp.com\/portifolioos-prontos.com\/wp-content\/uploads\/2023\/02\/whatsapp-business-projeto-de-extensao.jpeg?resize=100%2C100&amp;ssl=1 100w, https:\/\/i0.wp.com\/portifolioos-prontos.com\/wp-content\/uploads\/2023\/02\/whatsapp-business-projeto-de-extensao.jpeg?w=470&amp;ssl=1 470w\" alt=\"projeto de extens\u00e3o unopar\" width=\"153\" height=\"153\" data-lazy-loaded=\"1\" \/><\/h4>\n<\/div>\n<\/div>\n<\/div>\n<\/div>\n<div class=\"elementor-toggle-item\">\n<div id=\"elementor-tab-content-1949\" class=\"elementor-tab-content elementor-clearfix elementor-active\" role=\"tabpanel\" data-tab=\"9\" aria-labelledby=\"elementor-tab-title-1949\">\n<p>E-mail:portifoliosp@gmail.com<\/p>\n<div id=\"attachment_143\" class=\"wp-caption alignnone\">\n<div id=\"attachment_143\" class=\"wp-caption alignnone\" style=\"width: 77px;\">\n<p><a href=\"http:\/\/portifolioos-prontos.com\/\"><img decoding=\"async\" class=\"wp-image-143 jetpack-lazy-image jetpack-lazy-image--handled\" title=\"portfolio pronto unopar\" src=\"https:\/\/i0.wp.com\/portifolioos-prontos.com\/wp-content\/uploads\/2022\/04\/conceitomaximo.png?resize=158%2C45\" alt=\"PORTFOLIO PRONTO UNOPAR ANHANGUERA\" width=\"77\" height=\"22\" aria-describedby=\"caption-attachment-143\" data-lazy-loaded=\"1\" \/><\/a><\/p>\n<p id=\"caption-attachment-143\" class=\"wp-caption-text\">Portf\u00f3lio em Word, respondido, completo e j\u00e1 nas normas.<\/p>\n<\/div>\n<\/div>\n<\/div>\n<\/div>\n","protected":false},"excerpt":{"rendered":"<p>ATIVIDADE PR\u00c1TICA FRUTICULTURA OBJETIVOS A proposta desta atividade pr\u00e1tica est\u00e1 amparada nos seguintes objetivos: &#8211; Compreender como diversos fatores podem influenciar o desenvolvimento e a produtividade de esp\u00e9cies frut\u00edferas; &#8211; Compreender como o g\u00e1s etileno atua no amadurecimento dos frutos.. RECURSOS Fruto climat\u00e9rico (abacate, banana, tomate) Recipiente fechado, jornal ou pl\u00e1stico (para armazenar o fruto&hellip;<\/p>\n","protected":false},"featured_media":13898,"template":"","meta":{"_seopress_robots_primary_cat":"none","_seopress_titles_title":"","_seopress_titles_desc":"","_seopress_robots_index":""},"product_cat":[15],"product_tag":[],"class_list":{"0":"post-13896","1":"product","2":"type-product","3":"status-publish","4":"has-post-thumbnail","6":"product_cat-uncategorized","8":"first","9":"instock","10":"downloadable","11":"virtual","12":"purchasable","13":"product-type-simple","14":"col-xs-6 col-sm-4","15":"col-mf-5","16":"un-5-cols"},"jetpack_sharing_enabled":true,"_links":{"self":[{"href":"https:\/\/portifolioos-prontos.com\/index.php\/wp-json\/wp\/v2\/product\/13896","targetHints":{"allow":["GET"]}}],"collection":[{"href":"https:\/\/portifolioos-prontos.com\/index.php\/wp-json\/wp\/v2\/product"}],"about":[{"href":"https:\/\/portifolioos-prontos.com\/index.php\/wp-json\/wp\/v2\/types\/product"}],"version-history":[{"count":0,"href":"https:\/\/portifolioos-prontos.com\/index.php\/wp-json\/wp\/v2\/product\/13896\/revisions"}],"wp:featuredmedia":[{"embeddable":true,"href":"https:\/\/portifolioos-prontos.com\/index.php\/wp-json\/wp\/v2\/media\/13898"}],"wp:attachment":[{"href":"https:\/\/portifolioos-prontos.com\/index.php\/wp-json\/wp\/v2\/media?parent=13896"}],"wp:term":[{"taxonomy":"product_cat","embeddable":true,"href":"https:\/\/portifolioos-prontos.com\/index.php\/wp-json\/wp\/v2\/product_cat?post=13896"},{"taxonomy":"product_tag","embeddable":true,"href":"https:\/\/portifolioos-prontos.com\/index.php\/wp-json\/wp\/v2\/product_tag?post=13896"}],"curies":[{"name":"wp","href":"https:\/\/api.w.org\/{rel}","templated":true}]}}