{"id":13926,"date":"2023-02-22T20:13:09","date_gmt":"2023-02-22T23:13:09","guid":{"rendered":"https:\/\/portifolioos-prontos.com\/?post_type=product&#038;p=13926"},"modified":"2023-04-29T21:05:36","modified_gmt":"2023-04-30T00:05:36","slug":"atividade-pratica-design-residencial","status":"publish","type":"product","link":"https:\/\/portifolioos-prontos.com\/index.php\/product\/atividade-pratica-design-residencial\/","title":{"rendered":"Atividade pr\u00e1tica Design residencial"},"content":{"rendered":"<h4>ATIVIDADE PR\u00c1TICA DESIGN RESIDENCIAL<\/h4>\n<hr \/>\n<p>OBJETIVOS<br \/>\nA\u00a0proposta desta atividade pr\u00e1tica possui os seguintes objetivos:<br \/>\n\u2013 Conhecer o briefing com as caracter\u00edsticas do cliente;<br \/>\n\u2013 Desenvolver material gr\u00e1fico e textual para o painel conceitual;<br \/>\n\u2013 Desenvolver material de desenho para projeto e perspectiva 3D;<br \/>\n\u2013 Desenvolver tabela de materiais.<br \/>\nRECURSOS<br \/>\nComputador com acesso \u00e0 internet e ao ambiente virtual.<br \/>\nPROCEDIMENTOS PR\u00c1TICOS<br \/>\nAtividade proposta<br \/>\nPROJETO PARA O LIVING (sala de estar, sala de jantar, sala de TV e cozinha gourmet).<br \/>\nDesenvolver o painel conceitual da proposta de projeto, em seguida o layout, a tabela de<br \/>\nmateriais e a perspectiva do projeto a ser proposto.<br \/>\nProcedimentos para a realiza\u00e7\u00e3o da atividade<br \/>\n1) Esta atividade ser\u00e1 dividida em algumas tarefas, para ter como produto o projeto do<br \/>\nLIVING (este espa\u00e7o engloba sala de estar, sala de jantar, sala de TV e cozinha<br \/>\ngourmet) para este novo espa\u00e7o como resultado final. Vamos conhecer os clientes<br \/>\npara desenvolver este projeto residencial.<br \/>\n2) Briefing: voc\u00ea trabalha em um escrit\u00f3rio de design de interiores e recebeu a visita<br \/>\nde um casal que acaba de se mudar de Londres para o Brasil e adquiriu um<br \/>\napartamento com dois dormit\u00f3rios. O casal \u2014 ele, brasileiro, e ela, portuguesa \u2014<br \/>\ncompartilhavam um espa\u00e7o mais unificado com m\u00f3veis e objetos de design<br \/>\nassinados e garimpados em lojas e antiqu\u00e1rios de v\u00e1rios pa\u00edses, os quais<br \/>\npretendem aproveitar em seu novo espa\u00e7o. Eles n\u00e3o possuem filhos, apenas um<br \/>\npequeno cachorro que faz parte da fam\u00edlia. Gostam de receber visitas nos finais de<br \/>\nsemana, pois ele ama cozinhar!<br \/>\n3) Tarefa 1: procure uma planta baixa de um apto, pode ser na sua cidade ou em<br \/>\nqualquer localiza\u00e7\u00e3o, por\u00e9m o living deve ser integrado e o apto deve ter 2 su\u00edtes,<br \/>\nlembrando que o apto pode medir entre 90 e 120m2 de \u00e1rea total \u00fatill. Ser\u00e1<br \/>\nimportante escolher uma planta baixa que possua medidas, para que voc\u00ea possa<br \/>\ndesenhar\/ redesenhar este ambiente e assim desenvolver a proposta de projeto<br \/>\npara LIVING.<br \/>\n4) Tarefa 2: pesquisar como poder\u00e1 ser a composi\u00e7\u00e3o do novo espa\u00e7o a partir do<br \/>\nbriefing, e construir um painel conceitual, voc\u00ea pode construir um painel f\u00edsico ou<br \/>\ndigital, mas dever\u00e1 ser em tamanho A3, e poder\u00e1 ter 1 folha\/ prancha\/ slide.<br \/>\n5) Tarefa 3: desenvolver o projeto de layout (planta baixa) para a proposta do projeto<br \/>\ndo ambiente LIVING, e a perspectiva em 3D para que o cliente entenda a sua ideia,<br \/>\nquanto mais pr\u00f3ximo do real, melhor! Voc\u00ea pode utilizar o programa que mais tem<br \/>\nafinidade e conhecimento para a constru\u00e7\u00e3o desta tarefa. Esta tarefa dever\u00e1 ser em<br \/>\ntamanho A3, e poder\u00e1 ter at\u00e9 4 folhas\/pranchas\/ slides.<br \/>\n6) Tarefa 4: elaborar uma tabela com todos os materiais e serem propostos no projeto<br \/>\na partir das escolhas feitas no painel conceitual. Esta tarefa dever\u00e1 ser em tamanho<br \/>\nA3, e poder\u00e1 ter at\u00e9 2 folhas\/pranchas\/ slides.<br \/>\n7) Utilize os programas que tem habilidade para o desenvolvimento das tarefas.<br \/>\n8) Ap\u00f3s a constru\u00e7\u00e3o do projeto, voc\u00ea dever\u00e1 postar o material, contendo:<br \/>\n\u2022 Material textual, gr\u00e1fico e desenho conforme descritos nas tarefas 1 a 4,<br \/>\ncontendo at\u00e9 7 folhas\/ pranchas\/ slides no tamanho A3 em PDF em um \u00fanico<br \/>\narquivo.<br \/>\nChecklist<br \/>\nPrincipais etapas para a completude da atividade pr\u00e1tica:<br \/>\n\u2013 Reflex\u00e3o sobre o cliente (briefing) para aplica\u00e7\u00e3o na proposta de projeto;<br \/>\n\u2013 Constru\u00e7\u00e3o de painel conceitual;<br \/>\n\u2013 Constru\u00e7\u00e3o de planta baixa e perspectiva 3D;<br \/>\n\u2013 Constru\u00e7\u00e3o da tabela de materiais.<br \/>\nRESULTADO \u00a7 Constru\u00e7\u00e3o de um painel conceitual para a proposta do cliente.<br \/>\n\u00a7 Constru\u00e7\u00e3o de proposta de projeto (layout de mobili\u00e1rio e decora\u00e7\u00e3o de<br \/>\ninteriores)<br \/>\n\u00a7 Constru\u00e7\u00e3o da perspectiva 3D para apresentar para o cliente a proposta de<br \/>\nprojeto, facilitando assim seu entendimento.<br \/>\n\u00a7 Constru\u00e7\u00e3o de uma tabela de especifica\u00e7\u00e3o de materiais e acabamentos<br \/>\n(dimensional e est\u00e9tica) conforme na proposta de projeto (planta baixa de<br \/>\nlayout), adotando as medidas dos m\u00f3veis escolhidos para que a tabela de<br \/>\nespecifica\u00e7\u00e3o de produtos e materiais esteja coerente com o projeto de layout.<br \/>\n\u00a7 Entrega de um arquivo em PDF, arquivo \u00fanico, com a identifica\u00e7\u00e3o do aluno,<br \/>\nque contemple todas as etapas da atividade pr\u00e1tica, conforme apresentado<br \/>\nnos procedimentos para a realiza\u00e7\u00e3o da atividade e no checklist.<\/p>\n<div class=\"elementor-toggle-item\">\n<h4 id=\"elementor-tab-title-1941\" class=\"elementor-tab-title elementor-active\" tabindex=\"0\" role=\"tab\" data-tab=\"1\" aria-controls=\"elementor-tab-content-1941\" aria-expanded=\"true\" aria-selected=\"true\">Como funciona?<\/h4>\n<div id=\"elementor-tab-content-1941\" class=\"elementor-tab-content elementor-clearfix elementor-active\" role=\"tabpanel\" data-tab=\"1\" aria-labelledby=\"elementor-tab-title-1941\">\n<p>Elaboramos os portf\u00f3lios, j\u00e1 deixamos prontos, nas normas da ABNT e conforme os requisitos da universidade. F\u00e1cil assim! O MELHOR \u00c9 QUE VOC\u00ca COMPRA E J\u00c1 BAIXA NA HORA O SEU ARQUIVO EM WORD! Sabemos que conciliar trabalho, fam\u00edlia, vida profissional e estudos \u00e9 dif\u00edcil hoje em dia, por isso, estamos aqui para ajudar voc\u00ea. Conte com nossa qualidade, experi\u00eancia e profissionalismo adquirindo seu portf\u00f3lio conosco. GARANTIMOS SEU CONCEITO!<\/p>\n<h4>Como se realizam os envios?<\/h4>\n<\/div>\n<\/div>\n<div class=\"elementor-toggle-item\">\n<div id=\"elementor-tab-content-1942\" class=\"elementor-tab-content elementor-clearfix elementor-active\" role=\"tabpanel\" data-tab=\"2\" aria-labelledby=\"elementor-tab-title-1942\">O seu trabalho \u00e9 disponibilizado pronto, respondido e nas normas j\u00e1 na mesma hora aqui em nosso site na sua \u00e1rea de downloads e tamb\u00e9m no seu e-mail.<\/div>\n<\/div>\n<div class=\"elementor-toggle-item\">\n<div id=\"elementor-tab-content-1943\" class=\"elementor-tab-content elementor-clearfix elementor-active\" role=\"tabpanel\" data-tab=\"3\" aria-labelledby=\"elementor-tab-title-1943\">\n<h4>Em quanto tempo recebo o portf\u00f3lio?<\/h4>\n<\/div>\n<\/div>\n<div class=\"elementor-toggle-item\">\n<div id=\"elementor-tab-content-1944\" class=\"elementor-tab-content elementor-clearfix elementor-active\" role=\"tabpanel\" data-tab=\"4\" aria-labelledby=\"elementor-tab-title-1944\">\n<p>Os envios s\u00e3o imediatos. Ap\u00f3s sua compra, o trabalho j\u00e1 \u00e9 disponibilizado instantaneamente aqui em nosso site e no seu e-mail.<\/p>\n<h4>E se o portf\u00f3lio que comprei precisar de corre\u00e7\u00e3o?<\/h4>\n<\/div>\n<\/div>\n<div class=\"elementor-toggle-item\">\n<div id=\"elementor-tab-content-1945\" class=\"elementor-tab-content elementor-clearfix elementor-active\" role=\"tabpanel\" data-tab=\"5\" aria-labelledby=\"elementor-tab-title-1945\">\n<p>Caso haja alguma solicita\u00e7\u00e3o de corre\u00e7\u00e3o\/altera\u00e7\u00e3o por parte do tutor, basta entrar em contato conosco pelo\u00a0<a href=\"https:\/\/api.whatsapp.com\/send\/?phone=5553984751621&amp;text&amp;app_absent=0\">WhatsApp<\/a>\u00a0que provid\u00eanciaremos sem custo algum.<\/p>\n<h4>Qual o formato do arquivo?<\/h4>\n<\/div>\n<\/div>\n<div class=\"elementor-toggle-item\">\n<div id=\"elementor-tab-content-1946\" class=\"elementor-tab-content elementor-clearfix elementor-active\" role=\"tabpanel\" data-tab=\"6\" aria-labelledby=\"elementor-tab-title-1946\">\n<p>Os arquivos s\u00e3o enviados em formato Word e s\u00e3o edit\u00e1veis.<\/p>\n<h4>Caso eu tiver alguma d\u00favida, terei suporte no p\u00f3s venda?<\/h4>\n<\/div>\n<\/div>\n<div class=\"elementor-toggle-item\">\n<div id=\"elementor-tab-content-1948\" class=\"elementor-tab-content elementor-clearfix elementor-active\" role=\"tabpanel\" data-tab=\"8\" aria-labelledby=\"elementor-tab-title-1948\">\n<p>Sim, com certeza. Basta clicar no \u00edcone do WhatsApp no cantinho da tela. Ser\u00e1 um prazer atend\u00ea-lo(a).<\/p>\n<div class=\"elementor-toggle-item\">\n<div id=\"elementor-tab-content-1948\" class=\"elementor-tab-content elementor-clearfix elementor-active\" role=\"tabpanel\" data-tab=\"8\" aria-labelledby=\"elementor-tab-title-1948\">\n<h4>Quais os seus canais de contato?<\/h4>\n<\/div>\n<\/div>\n<div class=\"elementor-toggle-item\">\n<div id=\"elementor-tab-content-1949\" class=\"elementor-tab-content elementor-clearfix elementor-active\" role=\"tabpanel\" data-tab=\"9\" aria-labelledby=\"elementor-tab-title-1949\">\n<p>Whatsapp: 53 984751621 \u2013 Clicar no canto da tela ou ESCANEIE O QRCODE ABAIXO<\/p>\n<h4><img decoding=\"async\" class=\"alignnone wp-image-13699 jetpack-lazy-image jetpack-lazy-image--handled\" src=\"https:\/\/i0.wp.com\/portifolioos-prontos.com\/wp-content\/uploads\/2023\/02\/whatsapp-business-projeto-de-extensao-300x300.jpeg?resize=144%2C144\" sizes=\"(max-width: 144px) 100vw, 144px\" srcset=\"https:\/\/i0.wp.com\/portifolioos-prontos.com\/wp-content\/uploads\/2023\/02\/whatsapp-business-projeto-de-extensao.jpeg?resize=300%2C301&amp;ssl=1 300w, https:\/\/i0.wp.com\/portifolioos-prontos.com\/wp-content\/uploads\/2023\/02\/whatsapp-business-projeto-de-extensao.jpeg?resize=150%2C150&amp;ssl=1 150w, https:\/\/i0.wp.com\/portifolioos-prontos.com\/wp-content\/uploads\/2023\/02\/whatsapp-business-projeto-de-extensao.jpeg?resize=370%2C372&amp;ssl=1 370w, https:\/\/i0.wp.com\/portifolioos-prontos.com\/wp-content\/uploads\/2023\/02\/whatsapp-business-projeto-de-extensao.jpeg?resize=100%2C100&amp;ssl=1 100w, https:\/\/i0.wp.com\/portifolioos-prontos.com\/wp-content\/uploads\/2023\/02\/whatsapp-business-projeto-de-extensao.jpeg?w=470&amp;ssl=1 470w\" alt=\"projeto de extens\u00e3o unopar\" width=\"144\" height=\"144\" data-recalc-dims=\"1\" data-lazy-loaded=\"1\" \/><\/h4>\n<\/div>\n<\/div>\n<\/div>\n<\/div>\n<div class=\"elementor-toggle-item\">\n<div id=\"elementor-tab-content-1949\" class=\"elementor-tab-content elementor-clearfix elementor-active\" role=\"tabpanel\" data-tab=\"9\" aria-labelledby=\"elementor-tab-title-1949\">\n<p>E-mail:portifoliosp@gmail.com<\/p>\n<div id=\"attachment_143\" class=\"wp-caption alignnone\">\n<div id=\"attachment_143\" class=\"wp-caption alignnone\" style=\"width: 137px;\">\n<p><a href=\"http:\/\/portifolioos-prontos.com\/\"><img decoding=\"async\" class=\"wp-image-143 jetpack-lazy-image jetpack-lazy-image--handled\" title=\"portfolio pronto unopar\" src=\"https:\/\/i0.wp.com\/portifolioos-prontos.com\/wp-content\/uploads\/2022\/04\/conceitomaximo.png?resize=161%2C46\" alt=\"PORTFOLIO PRONTO UNOPAR ANHANGUERA\" width=\"137\" height=\"39\" aria-describedby=\"caption-attachment-143\" data-lazy-loaded=\"1\" \/><\/a><\/p>\n<p id=\"caption-attachment-143\" class=\"wp-caption-text\">Portf\u00f3lio em Word, respondido, completo e j\u00e1 nas normas.<\/p>\n<\/div>\n<\/div>\n<\/div>\n<\/div>\n","protected":false},"excerpt":{"rendered":"<p>ATIVIDADE PR\u00c1TICA DESIGN RESIDENCIAL OBJETIVOS A\u00a0proposta desta atividade pr\u00e1tica possui os seguintes objetivos: \u2013 Conhecer o briefing com as caracter\u00edsticas do cliente; \u2013 Desenvolver material gr\u00e1fico e textual para o painel conceitual; \u2013 Desenvolver material de desenho para projeto e perspectiva 3D; \u2013 Desenvolver tabela de materiais. RECURSOS Computador com acesso \u00e0 internet e ao&hellip;<\/p>\n","protected":false},"featured_media":13928,"template":"","meta":{"_seopress_robots_primary_cat":"none","_seopress_titles_title":"","_seopress_titles_desc":"","_seopress_robots_index":""},"product_cat":[128,15],"product_tag":[],"class_list":{"0":"post-13926","1":"product","2":"type-product","3":"status-publish","4":"has-post-thumbnail","6":"product_cat-design-grafico","7":"product_cat-uncategorized","9":"first","10":"instock","11":"downloadable","12":"virtual","13":"purchasable","14":"product-type-simple","15":"col-xs-6 col-sm-4","16":"col-mf-5","17":"un-5-cols"},"jetpack_sharing_enabled":true,"_links":{"self":[{"href":"https:\/\/portifolioos-prontos.com\/index.php\/wp-json\/wp\/v2\/product\/13926","targetHints":{"allow":["GET"]}}],"collection":[{"href":"https:\/\/portifolioos-prontos.com\/index.php\/wp-json\/wp\/v2\/product"}],"about":[{"href":"https:\/\/portifolioos-prontos.com\/index.php\/wp-json\/wp\/v2\/types\/product"}],"version-history":[{"count":0,"href":"https:\/\/portifolioos-prontos.com\/index.php\/wp-json\/wp\/v2\/product\/13926\/revisions"}],"wp:featuredmedia":[{"embeddable":true,"href":"https:\/\/portifolioos-prontos.com\/index.php\/wp-json\/wp\/v2\/media\/13928"}],"wp:attachment":[{"href":"https:\/\/portifolioos-prontos.com\/index.php\/wp-json\/wp\/v2\/media?parent=13926"}],"wp:term":[{"taxonomy":"product_cat","embeddable":true,"href":"https:\/\/portifolioos-prontos.com\/index.php\/wp-json\/wp\/v2\/product_cat?post=13926"},{"taxonomy":"product_tag","embeddable":true,"href":"https:\/\/portifolioos-prontos.com\/index.php\/wp-json\/wp\/v2\/product_tag?post=13926"}],"curies":[{"name":"wp","href":"https:\/\/api.w.org\/{rel}","templated":true}]}}