{"id":14091,"date":"2023-02-28T21:31:29","date_gmt":"2023-03-01T00:31:29","guid":{"rendered":"https:\/\/portifolioos-prontos.com\/?post_type=product&#038;p=14091"},"modified":"2023-03-22T00:12:58","modified_gmt":"2023-03-22T03:12:58","slug":"projeto-integrador-pratica-na-negociacao","status":"publish","type":"product","link":"https:\/\/portifolioos-prontos.com\/index.php\/product\/projeto-integrador-pratica-na-negociacao\/","title":{"rendered":"Projeto Integrador Pr\u00e1tica na negocia\u00e7\u00e3o"},"content":{"rendered":"<h4>\u00a0Projeto Integrador Pr\u00e1tica na negocia\u00e7\u00e3o<\/h4>\n<h4>Curso: Media\u00e7\u00e3o<\/h4>\n<hr \/>\n<p>A proposta do Projeto Integrador Interdisciplinar\u202fter\u00e1 como tema norteador: Pr\u00e1tica na negocia\u00e7\u00e3o.<br \/>\nCONTEXTUALIZA\u00c7\u00c3O<br \/>\nExistem v\u00e1rias maneiras de abordar os conflitos e, certamente, a negocia\u00e7\u00e3o \u00e9 uma ferramenta<br \/>\nmuito \u00fatil. A negocia\u00e7\u00e3o pode ser conceituada como \u201co conjunto de atos que visam a solu\u00e7\u00e3o de conflitos das<br \/>\nmais variadas esp\u00e9cies, como os conflitos pessoais, profissionais, pol\u00edticos, diplom\u00e1ticos, familiares, jur\u00eddicos,<br \/>\ntrabalhistas, empresariais, comerciais etc\u201d, ela possui como objetivo primordial a obten\u00e7\u00e3o da m\u00fatua<br \/>\nsatisfa\u00e7\u00e3o das partes envolvidas. (SCAVONE JR., Luiz Antonio. Arbitragem \u2013 Media\u00e7\u00e3o, Concilia\u00e7\u00e3o e<br \/>\nNegocia\u00e7\u00e3o.]: Grupo GEN, 2020. 9788530990152. E-book. Dispon\u00edvel em:<br \/>\n<a href=\"https:\/\/integrada.minhabiblioteca.com.br\/#\/books\/9788530990152\/\" rel=\"nofollow\">https:\/\/integrada.minhabiblioteca.com.br\/#\/books\/9788530990152\/<\/a>. Acesso em: 05 ago. 2022).<br \/>\nNesse sentido, a atua\u00e7\u00e3o do negociador deve buscar a satisfa\u00e7\u00e3o m\u00fatua e a resolu\u00e7\u00e3o de conflitos pelo<br \/>\ncaminho ou t\u00e9cnica que escolher.<br \/>\nAgora \u00e9 com voc\u00ea!!<br \/>\nVoc\u00ea \u00e9 um negociador procurado por Tib\u00farcio que possui uma d\u00edvida de aluguel a ser negociada. Tib\u00farcio j\u00e1<br \/>\ndeixou o im\u00f3vel por\u00e9m n\u00e3o realizou os reparos, h\u00e1 d\u00e9bitos de condom\u00ednio, de \u00e1gua e luz e tr\u00eas presta\u00e7\u00f5es<br \/>\nPROJETO INTEGRADOR<br \/>\nINDIVIDUAL \u2013 PTI<br \/>\nmensais de aluguel atrasada. H\u00e1 no contrato previs\u00e3o de multa para o caso do locat\u00e1rio n\u00e3o cumprir com<br \/>\nsuas obriga\u00e7\u00f5es \u2013 reparar o im\u00f3vel \u00e9 uma delas. Tib\u00farcio tem interesse em pagar, por\u00e9m foi demitido e n\u00e3o<br \/>\nconsegue arcar com todos os d\u00e9bitos de imediato.<br \/>\nElabora uma estrat\u00e9gia de negocia\u00e7\u00e3o que permita que Tib\u00farcio pague seu d\u00e9bito em condi\u00e7\u00f5es<br \/>\nvantajosas e, claro, que possam ser aceitas pelo seu locador. Pense em como abordaria o assunto, qual o<br \/>\ntipo de comunica\u00e7\u00e3o, a linguagem, o m\u00e9todo etc. Descreva detalhadamente sua estrat\u00e9gia.<br \/>\nEtapas da Negocia\u00e7\u00e3o<br \/>\nDentro da negocia\u00e7\u00e3o tamb\u00e9m h\u00e1 v\u00e1rias t\u00e9cnicas de tentar chegar a uma solu\u00e7\u00e3o que gere ganhos<br \/>\nm\u00fatuos, uma delas \u00e9 o PON:<br \/>\nEsse modelo foi bastante estudado no Programa de Negocia\u00e7\u00e3o de Harvard (PON),<br \/>\nno qual Roger Fisher e Willian Ury foram os precursores em sugerir uma via<br \/>\nalternativa \u00e0 polariza\u00e7\u00e3o entre a hard e a soft positional bargaining. Trata-se da<br \/>\nnegocia\u00e7\u00e3o baseada em princ\u00edpios, que gerou em 1981 o livro Como chegar ao sim:<br \/>\na negocia\u00e7\u00e3o de acordos sem concess\u00f5es, a partir de m\u00e9todo que possui quarto<br \/>\nprinc\u00edpios gerais, a seguir descritos por Fisher, Ury e Patton: [\u2026]<br \/>\nI. Separar as pessoas do problema;<br \/>\nII. Focalizar nos interesses em jogo, n\u00e3o nas posi\u00e7\u00f5es das partes;<br \/>\nIII. Inventar op\u00e7\u00f5es de ganho m\u00fatuo;<br \/>\nIV. Insistir em crit\u00e9rios objetivos<br \/>\nDA SALLES, Carlos Alberto D.; LORENCINI, Marco Ant\u00f4nio Garcia L.; SILVA, Paulo<br \/>\nEduardo Alves. Negocia\u00e7\u00e3o, Media\u00e7\u00e3o, Concilia\u00e7\u00e3o e Arbitragem. Grupo GEN, 2021.<br \/>\n9786559640089. E-book. Dispon\u00edvel em:<br \/>\n<a href=\"https:\/\/integrada.minhabiblioteca.com.br\/#\/books\/9786559640089\/\" rel=\"nofollow\">https:\/\/integrada.minhabiblioteca.com.br\/#\/books\/9786559640089\/<\/a>. Acesso em:<br \/>\n05 ago. 2022.<br \/>\nNa\u0303o esquec\u0327a de ser detalhista e coerente com o caso exposto.<br \/>\nPROJETO INTEGRADOR<br \/>\nINDIVIDUAL \u2013 PTI<br \/>\nINFORMA\u00c7\u00d5ES IMPORTANTES!<br \/>\n\u2013 A entrega do trabalho dever\u00e1 ser em formato PDF em um \u00fanico arquivo.<br \/>\n\u2013 O trabalho deve ser original, voc\u00ea dever\u00e1 simular uma t\u00e9cnica de media\u00e7\u00e3o com coer\u00eancia ao caso<br \/>\nexposto que voc\u00ea tamb\u00e9m ir\u00e1 descrever detalhadamente, falando a respeito da situa\u00e7\u00e3o das partes, das<br \/>\nquest\u00f5es apresentadas, escolhendo ao final qual foi a resolu\u00e7\u00e3o que as partes chegaram ao conflito exposto.<\/p>\n<div class=\"elementor-toggle-item\">\n<h4 id=\"elementor-tab-title-1941\" class=\"elementor-tab-title elementor-active\" tabindex=\"0\" role=\"tab\" data-tab=\"1\" aria-controls=\"elementor-tab-content-1941\" aria-expanded=\"true\" aria-selected=\"true\">Como funciona?<\/h4>\n<div id=\"elementor-tab-content-1941\" class=\"elementor-tab-content elementor-clearfix elementor-active\" role=\"tabpanel\" data-tab=\"1\" aria-labelledby=\"elementor-tab-title-1941\">\n<p>Elaboramos os portf\u00f3lios, j\u00e1 deixamos prontos, nas normas da ABNT e conforme os requisitos da universidade. F\u00e1cil assim! O MELHOR \u00c9 QUE VOC\u00ca COMPRA E J\u00c1 BAIXA NA HORA O SEU ARQUIVO EM WORD! Sabemos que conciliar trabalho, fam\u00edlia, vida profissional e estudos \u00e9 dif\u00edcil hoje em dia, por isso, estamos aqui para ajudar voc\u00ea. Conte com nossa qualidade, experi\u00eancia e profissionalismo adquirindo seu portf\u00f3lio conosco. GARANTIMOS SEU CONCEITO!<\/p>\n<h4>Como se realizam os envios?<\/h4>\n<\/div>\n<\/div>\n<div class=\"elementor-toggle-item\">\n<div id=\"elementor-tab-content-1942\" class=\"elementor-tab-content elementor-clearfix elementor-active\" role=\"tabpanel\" data-tab=\"2\" aria-labelledby=\"elementor-tab-title-1942\">O seu trabalho \u00e9 disponibilizado pronto, respondido e nas normas j\u00e1 na mesma hora aqui em nosso site na sua \u00e1rea de downloads e tamb\u00e9m no seu e-mail.<\/div>\n<\/div>\n<div class=\"elementor-toggle-item\">\n<div id=\"elementor-tab-content-1943\" class=\"elementor-tab-content elementor-clearfix elementor-active\" role=\"tabpanel\" data-tab=\"3\" aria-labelledby=\"elementor-tab-title-1943\">\n<h4>Em quanto tempo recebo o portf\u00f3lio?<\/h4>\n<\/div>\n<\/div>\n<div class=\"elementor-toggle-item\">\n<div id=\"elementor-tab-content-1944\" class=\"elementor-tab-content elementor-clearfix elementor-active\" role=\"tabpanel\" data-tab=\"4\" aria-labelledby=\"elementor-tab-title-1944\">\n<p>Os envios s\u00e3o imediatos. Ap\u00f3s sua compra, o trabalho j\u00e1 \u00e9 disponibilizado instantaneamente aqui em nosso site e no seu e-mail.<\/p>\n<h4>E se o portf\u00f3lio que comprei precisar de corre\u00e7\u00e3o?<\/h4>\n<\/div>\n<\/div>\n<div class=\"elementor-toggle-item\">\n<div id=\"elementor-tab-content-1945\" class=\"elementor-tab-content elementor-clearfix elementor-active\" role=\"tabpanel\" data-tab=\"5\" aria-labelledby=\"elementor-tab-title-1945\">\n<p>Caso haja alguma solicita\u00e7\u00e3o de corre\u00e7\u00e3o\/altera\u00e7\u00e3o por parte do tutor, basta entrar em contato conosco pelo\u00a0WhatsApp\u00a0que provid\u00eanciaremos sem custo algum.<\/p>\n<h4>Qual o formato do arquivo?<\/h4>\n<\/div>\n<\/div>\n<div class=\"elementor-toggle-item\">\n<div id=\"elementor-tab-content-1946\" class=\"elementor-tab-content elementor-clearfix elementor-active\" role=\"tabpanel\" data-tab=\"6\" aria-labelledby=\"elementor-tab-title-1946\">\n<p>Os arquivos s\u00e3o enviados em formato Word e s\u00e3o edit\u00e1veis.<\/p>\n<h4>Caso eu tiver alguma d\u00favida, terei suporte no p\u00f3s venda?<\/h4>\n<\/div>\n<\/div>\n<div class=\"elementor-toggle-item\">\n<div id=\"elementor-tab-content-1948\" class=\"elementor-tab-content elementor-clearfix elementor-active\" role=\"tabpanel\" data-tab=\"8\" aria-labelledby=\"elementor-tab-title-1948\">\n<p>Sim, com certeza. Basta clicar no \u00edcone do WhatsApp no cantinho da tela. Ser\u00e1 um prazer atend\u00ea-lo(a).<\/p>\n<div class=\"elementor-toggle-item\">\n<div id=\"elementor-tab-content-1948\" class=\"elementor-tab-content elementor-clearfix elementor-active\" role=\"tabpanel\" data-tab=\"8\" aria-labelledby=\"elementor-tab-title-1948\">\n<h4>Quais os seus canais de contato?<\/h4>\n<\/div>\n<\/div>\n<div class=\"elementor-toggle-item\">\n<div id=\"elementor-tab-content-1949\" class=\"elementor-tab-content elementor-clearfix elementor-active\" role=\"tabpanel\" data-tab=\"9\" aria-labelledby=\"elementor-tab-title-1949\">\n<p>Whatsapp: 53 984751621 \u2013 Clicar no canto da tela ou ESCANEIE O QRCODE ABAIXO<\/p>\n<h4><img decoding=\"async\" class=\"alignnone wp-image-13699 jetpack-lazy-image jetpack-lazy-image--handled\" src=\"https:\/\/i0.wp.com\/portifolioos-prontos.com\/wp-content\/uploads\/2023\/02\/whatsapp-business-projeto-de-extensao-300x300.jpeg?resize=144%2C144\" sizes=\"(max-width: 144px) 100vw, 144px\" srcset=\"https:\/\/i0.wp.com\/portifolioos-prontos.com\/wp-content\/uploads\/2023\/02\/whatsapp-business-projeto-de-extensao.jpeg?resize=300%2C301&amp;ssl=1 300w, https:\/\/i0.wp.com\/portifolioos-prontos.com\/wp-content\/uploads\/2023\/02\/whatsapp-business-projeto-de-extensao.jpeg?resize=150%2C150&amp;ssl=1 150w, https:\/\/i0.wp.com\/portifolioos-prontos.com\/wp-content\/uploads\/2023\/02\/whatsapp-business-projeto-de-extensao.jpeg?resize=370%2C372&amp;ssl=1 370w, https:\/\/i0.wp.com\/portifolioos-prontos.com\/wp-content\/uploads\/2023\/02\/whatsapp-business-projeto-de-extensao.jpeg?resize=100%2C100&amp;ssl=1 100w, https:\/\/i0.wp.com\/portifolioos-prontos.com\/wp-content\/uploads\/2023\/02\/whatsapp-business-projeto-de-extensao.jpeg?w=470&amp;ssl=1 470w\" alt=\"projeto de extens\u00e3o unopar\" width=\"144\" height=\"144\" data-recalc-dims=\"1\" data-lazy-loaded=\"1\" \/><\/h4>\n<\/div>\n<\/div>\n<\/div>\n<\/div>\n<div class=\"elementor-toggle-item\">\n<div id=\"elementor-tab-content-1949\" class=\"elementor-tab-content elementor-clearfix elementor-active\" role=\"tabpanel\" data-tab=\"9\" aria-labelledby=\"elementor-tab-title-1949\">\n<p>E-mail:portifoliosp@gmail.com<\/p>\n<div id=\"attachment_143\" class=\"wp-caption alignnone\">\n<div id=\"attachment_143\" class=\"wp-caption alignnone\" style=\"width: 137px;\">\n<p><a href=\"http:\/\/portifolioos-prontos.com\/\"><img decoding=\"async\" class=\"wp-image-143 jetpack-lazy-image jetpack-lazy-image--handled\" title=\"portfolio pronto unopar\" src=\"https:\/\/i0.wp.com\/portifolioos-prontos.com\/wp-content\/uploads\/2022\/04\/conceitomaximo.png?resize=164%2C47\" alt=\"PORTFOLIO PRONTO UNOPAR ANHANGUERA\" width=\"137\" height=\"39\" aria-describedby=\"caption-attachment-143\" data-lazy-loaded=\"1\" \/><\/a><\/p>\n<p id=\"caption-attachment-143\" class=\"wp-caption-text\">Portf\u00f3lio em Word, respondido, completo e j\u00e1 nas normas.<\/p>\n<\/div>\n<\/div>\n<\/div>\n<\/div>\n","protected":false},"excerpt":{"rendered":"<p>\u00a0Projeto Integrador Pr\u00e1tica na negocia\u00e7\u00e3o Curso: Media\u00e7\u00e3o A proposta do Projeto Integrador Interdisciplinar\u202fter\u00e1 como tema norteador: Pr\u00e1tica na negocia\u00e7\u00e3o. CONTEXTUALIZA\u00c7\u00c3O Existem v\u00e1rias maneiras de abordar os conflitos e, certamente, a negocia\u00e7\u00e3o \u00e9 uma ferramenta muito \u00fatil. A negocia\u00e7\u00e3o pode ser conceituada como \u201co conjunto de atos que visam a solu\u00e7\u00e3o de conflitos das mais variadas&hellip;<\/p>\n","protected":false},"featured_media":14094,"template":"","meta":{"_seopress_robots_primary_cat":"none","_seopress_titles_title":"","_seopress_titles_desc":"","_seopress_robots_index":""},"product_cat":[129,15],"product_tag":[],"class_list":{"0":"post-14091","1":"product","2":"type-product","3":"status-publish","4":"has-post-thumbnail","6":"product_cat-mediacao","7":"product_cat-uncategorized","9":"first","10":"instock","11":"shipping-taxable","12":"purchasable","13":"product-type-simple","14":"col-xs-6 col-sm-4","15":"col-mf-5","16":"un-5-cols"},"jetpack_sharing_enabled":true,"_links":{"self":[{"href":"https:\/\/portifolioos-prontos.com\/index.php\/wp-json\/wp\/v2\/product\/14091","targetHints":{"allow":["GET"]}}],"collection":[{"href":"https:\/\/portifolioos-prontos.com\/index.php\/wp-json\/wp\/v2\/product"}],"about":[{"href":"https:\/\/portifolioos-prontos.com\/index.php\/wp-json\/wp\/v2\/types\/product"}],"version-history":[{"count":0,"href":"https:\/\/portifolioos-prontos.com\/index.php\/wp-json\/wp\/v2\/product\/14091\/revisions"}],"wp:featuredmedia":[{"embeddable":true,"href":"https:\/\/portifolioos-prontos.com\/index.php\/wp-json\/wp\/v2\/media\/14094"}],"wp:attachment":[{"href":"https:\/\/portifolioos-prontos.com\/index.php\/wp-json\/wp\/v2\/media?parent=14091"}],"wp:term":[{"taxonomy":"product_cat","embeddable":true,"href":"https:\/\/portifolioos-prontos.com\/index.php\/wp-json\/wp\/v2\/product_cat?post=14091"},{"taxonomy":"product_tag","embeddable":true,"href":"https:\/\/portifolioos-prontos.com\/index.php\/wp-json\/wp\/v2\/product_tag?post=14091"}],"curies":[{"name":"wp","href":"https:\/\/api.w.org\/{rel}","templated":true}]}}