{"id":14102,"date":"2023-03-01T14:04:22","date_gmt":"2023-03-01T17:04:22","guid":{"rendered":"https:\/\/portifolioos-prontos.com\/?post_type=product&#038;p=14102"},"modified":"2026-03-04T15:46:55","modified_gmt":"2026-03-04T18:46:55","slug":"plano-de-trabalho-de-estagio-cursos-de-licenciatura-estagio-i-ensino-fundamental-anos-finais-lingua-portuguesa-letras-portugues-e-ingles","status":"publish","type":"product","link":"https:\/\/portifolioos-prontos.com\/index.php\/product\/plano-de-trabalho-de-estagio-cursos-de-licenciatura-estagio-i-ensino-fundamental-anos-finais-lingua-portuguesa-letras-portugues-e-ingles\/","title":{"rendered":"Est\u00e1gio Curricular Obrigat\u00f3rio I Letras &#8211; Portugu\u00eas e Ingl\u00eas"},"content":{"rendered":"<h4>Est\u00e1gio Curricular Obrigat\u00f3rio I Letras &#8211; Portugu\u00eas e Ingl\u00eas ensino fundamental anos finais<\/h4>\n<p><strong>175h<\/strong><\/p>\n<hr \/>\n<p data-start=\"0\" data-end=\"73\"><strong data-start=\"0\" data-end=\"71\">PLANO DE TRABALHO: ANOS FINAIS DO ENSINO FUNDAMENTAL (6\u00ba AO 9\u00ba ANO)<\/strong><\/p>\n<p data-start=\"75\" data-end=\"216\">No quadro a seguir, h\u00e1 a descri\u00e7\u00e3o do Plano de Trabalho a ser realizado pelo estudante, conforme carga hor\u00e1ria total do respectivo est\u00e1gio.<\/p>\n<p data-start=\"218\" data-end=\"509\">As atividades envolvem:<br data-start=\"241\" data-end=\"244\" \/>\u2022 Todas as atividades elencadas acima devem ser registradas na ficha de acompanhamento, seguindo a respectiva carga hor\u00e1ria e o limite estabelecido por lei de 6 horas di\u00e1rias permitidas em escola, para isso tais atividades poder\u00e3o ser divididas em dias distintos.<\/p>\n<hr data-start=\"511\" data-end=\"514\" \/>\n<p data-start=\"516\" data-end=\"538\"><strong>ATIVIDADES \u2013 175 h<\/strong><\/p>\n<p data-start=\"540\" data-end=\"602\"><strong data-start=\"540\" data-end=\"556\">Atividade 1:<\/strong> Intera\u00e7\u00e3o com o orientador de est\u00e1gio.<br data-start=\"595\" data-end=\"598\" \/>2h<\/p>\n<p data-start=\"604\" data-end=\"672\"><strong data-start=\"604\" data-end=\"620\">Atividade 2:<\/strong> Visita \u00e0 escola com a carta de apresenta\u00e7\u00e3o.<br data-start=\"665\" data-end=\"668\" \/>2h<\/p>\n<p data-start=\"674\" data-end=\"738\"><strong data-start=\"674\" data-end=\"690\">Atividade 3:<\/strong> Leitura obrigat\u00f3ria e produ\u00e7\u00e3o de texto.<br data-start=\"731\" data-end=\"734\" \/>6h<\/p>\n<p data-start=\"740\" data-end=\"860\"><strong data-start=\"740\" data-end=\"756\">Atividade 4:<\/strong> An\u00e1lise do Projeto Pol\u00edtico Pedag\u00f3gico (PPP) da escola e produ\u00e7\u00e3o de relato baseado na an\u00e1lise.<br data-start=\"852\" data-end=\"855\" \/>10h<\/p>\n<p data-start=\"862\" data-end=\"949\"><strong data-start=\"862\" data-end=\"878\">Atividade 5:<\/strong> An\u00e1lise de materiais did\u00e1ticos da escola e produ\u00e7\u00e3o de relato.<br data-start=\"941\" data-end=\"944\" \/>10h<\/p>\n<p data-start=\"951\" data-end=\"1082\"><strong data-start=\"951\" data-end=\"967\">Atividade 6:<\/strong> Entrevista com o professor regente e produ\u00e7\u00e3o de relato baseado na entrevista, conforme respectivo est\u00e1gio.<br data-start=\"1075\" data-end=\"1078\" \/>4h<\/p>\n<p data-start=\"1084\" data-end=\"1338\"><strong data-start=\"1084\" data-end=\"1100\">Atividade 7:<\/strong> Levantamento de materiais de apoio espec\u00edficos para a abordagem dos temas contempor\u00e2neos transversais da BNCC (meio ambiente, economia, sa\u00fade, cidadania e civismo, multiculturalismo e ci\u00eancia e tecnologia) e elabora\u00e7\u00e3o de relato.<br data-start=\"1330\" data-end=\"1333\" \/>10h<\/p>\n<p data-start=\"1340\" data-end=\"1460\"><strong data-start=\"1340\" data-end=\"1356\">Atividade 8:<\/strong> An\u00e1lise do processo de implementa\u00e7\u00e3o da BNCC, conforme campo de est\u00e1gio e elabora\u00e7\u00e3o do relato.<br data-start=\"1452\" data-end=\"1455\" \/>10h<\/p>\n<p data-start=\"1462\" data-end=\"1635\"><strong data-start=\"1462\" data-end=\"1478\">Atividade 9:<\/strong> An\u00e1lise dos instrumentos avaliativos utilizados pelo professor da disciplina conforme respectivo est\u00e1gio, e elabora\u00e7\u00e3o de texto referente \u00e0 an\u00e1lise.<br data-start=\"1627\" data-end=\"1630\" \/>10h<\/p>\n<p data-start=\"1637\" data-end=\"1826\"><strong data-start=\"1637\" data-end=\"1654\">Atividade 10:<\/strong> An\u00e1lise da atua\u00e7\u00e3o da equipe pedag\u00f3gica no acompanhamento do desenvolvimento da disciplina, conforme respectivo est\u00e1gio, e elabora\u00e7\u00e3o de texto referente \u00e0 an\u00e1lise.<br data-start=\"1818\" data-end=\"1821\" \/>14h<\/p>\n<p data-start=\"1828\" data-end=\"1952\"><strong data-start=\"1828\" data-end=\"1845\">Atividade 11:<\/strong> Observa\u00e7\u00e3o e participa\u00e7\u00e3o em aulas, conforme respectivo est\u00e1gio.<br data-start=\"1910\" data-end=\"1913\" \/>Est\u00e1gio de 175 horas: 16 horas;<br data-start=\"1944\" data-end=\"1947\" \/>16h<\/p>\n<p data-start=\"1954\" data-end=\"2015\"><strong data-start=\"1954\" data-end=\"1971\">Atividade 12:<\/strong> Elabora\u00e7\u00e3o do relato da observa\u00e7\u00e3o.<br data-start=\"2007\" data-end=\"2010\" \/>16h<\/p>\n<p data-start=\"2017\" data-end=\"2178\"><strong data-start=\"2017\" data-end=\"2034\">Atividade 13:<\/strong> Elabora\u00e7\u00e3o de um plano para cada aula para uma mesma s\u00e9rie\/turma, conforme campo de est\u00e1gio<br data-start=\"2126\" data-end=\"2129\" \/>Est\u00e1gio de 175 horas: 4 aulas &#8211; 4 planos;<br data-start=\"2170\" data-end=\"2173\" \/>20h<\/p>\n<p data-start=\"2180\" data-end=\"2285\"><strong data-start=\"2180\" data-end=\"2197\">Atividade 14:<\/strong> Apresenta\u00e7\u00e3o dos planos de aula para o professor regente e elabora\u00e7\u00e3o do relato.<br data-start=\"2278\" data-end=\"2281\" \/>8h<\/p>\n<p data-start=\"2287\" data-end=\"2417\"><strong data-start=\"2287\" data-end=\"2304\">Atividade 15:<\/strong> Reg\u00eancia (em uma das turmas em que realizou as observa\u00e7\u00f5es e participa\u00e7\u00f5es), conforme respectivo est\u00e1gio.<br data-start=\"2410\" data-end=\"2413\" \/>4h<\/p>\n<p data-start=\"2419\" data-end=\"2487\"><strong data-start=\"2419\" data-end=\"2436\">Atividade 16:<\/strong> Relatos das reg\u00eancias (um para cada aula).<br data-start=\"2479\" data-end=\"2482\" \/>16h<\/p>\n<p data-start=\"2489\" data-end=\"2548\"><strong data-start=\"2489\" data-end=\"2506\">Atividade 17:<\/strong> Produ\u00e7\u00e3o do Relat\u00f3rio de Est\u00e1gio.<br data-start=\"2540\" data-end=\"2543\" \/>15h<\/p>\n<p data-start=\"2550\" data-end=\"2604\"><strong data-start=\"2550\" data-end=\"2567\">Atividade 18:<\/strong> Valida\u00e7\u00e3o do Relat\u00f3rio do Est\u00e1gio.<\/p>\n<div class=\"elementor-toggle-item\">\n<h4 id=\"elementor-tab-title-1941\" class=\"elementor-tab-title elementor-active\" tabindex=\"0\" role=\"tab\" data-tab=\"1\" aria-controls=\"elementor-tab-content-1941\" aria-expanded=\"true\" aria-selected=\"true\">Como funciona?<\/h4>\n<div id=\"elementor-tab-content-1941\" class=\"elementor-tab-content elementor-clearfix elementor-active\" role=\"tabpanel\" data-tab=\"1\" aria-labelledby=\"elementor-tab-title-1941\">\n<p>Elaboramos os portf\u00f3lios, j\u00e1 deixamos prontos, nas normas da ABNT e conforme os requisitos da universidade. F\u00e1cil assim! O MELHOR \u00c9 QUE VOC\u00ca COMPRA E J\u00c1 BAIXA NA HORA O SEU ARQUIVO EM WORD! Sabemos que conciliar trabalho, fam\u00edlia, vida profissional e estudos \u00e9 dif\u00edcil hoje em dia, por isso, estamos aqui para ajudar voc\u00ea. Conte com nossa qualidade, experi\u00eancia e profissionalismo adquirindo seu portf\u00f3lio conosco. GARANTIMOS SEU CONCEITO!<\/p>\n<h4>Como se realizam os envios?<\/h4>\n<\/div>\n<\/div>\n<div class=\"elementor-toggle-item\">\n<div id=\"elementor-tab-content-1942\" class=\"elementor-tab-content elementor-clearfix elementor-active\" role=\"tabpanel\" data-tab=\"2\" aria-labelledby=\"elementor-tab-title-1942\">O seu trabalho \u00e9 disponibilizado pronto, respondido e nas normas j\u00e1 na mesma hora aqui em nosso site na sua \u00e1rea de downloads e tamb\u00e9m no seu e-mail.<\/div>\n<\/div>\n<div class=\"elementor-toggle-item\">\n<div id=\"elementor-tab-content-1943\" class=\"elementor-tab-content elementor-clearfix elementor-active\" role=\"tabpanel\" data-tab=\"3\" aria-labelledby=\"elementor-tab-title-1943\">\n<h4>Em quanto tempo recebo o portf\u00f3lio?<\/h4>\n<\/div>\n<\/div>\n<div class=\"elementor-toggle-item\">\n<div id=\"elementor-tab-content-1944\" class=\"elementor-tab-content elementor-clearfix elementor-active\" role=\"tabpanel\" data-tab=\"4\" aria-labelledby=\"elementor-tab-title-1944\">\n<p>Os envios s\u00e3o imediatos. Ap\u00f3s sua compra, o trabalho j\u00e1 \u00e9 disponibilizado instantaneamente aqui em nosso site e no seu e-mail.<\/p>\n<h4>E se o portf\u00f3lio que comprei precisar de corre\u00e7\u00e3o?<\/h4>\n<\/div>\n<\/div>\n<div class=\"elementor-toggle-item\">\n<div id=\"elementor-tab-content-1945\" class=\"elementor-tab-content elementor-clearfix elementor-active\" role=\"tabpanel\" data-tab=\"5\" aria-labelledby=\"elementor-tab-title-1945\">\n<p>Caso haja alguma solicita\u00e7\u00e3o de corre\u00e7\u00e3o\/altera\u00e7\u00e3o por parte do tutor, basta entrar em contato conosco pelo\u00a0WhatsApp\u00a0que provid\u00eanciaremos sem custo algum.<\/p>\n<h4>Qual o formato do arquivo?<\/h4>\n<\/div>\n<\/div>\n<div class=\"elementor-toggle-item\">\n<div id=\"elementor-tab-content-1946\" class=\"elementor-tab-content elementor-clearfix elementor-active\" role=\"tabpanel\" data-tab=\"6\" aria-labelledby=\"elementor-tab-title-1946\">\n<p>Os arquivos s\u00e3o enviados em formato Word e s\u00e3o edit\u00e1veis.<\/p>\n<h4>Caso eu tiver alguma d\u00favida, terei suporte no p\u00f3s venda?<\/h4>\n<\/div>\n<\/div>\n<div class=\"elementor-toggle-item\">\n<div id=\"elementor-tab-content-1948\" class=\"elementor-tab-content elementor-clearfix elementor-active\" role=\"tabpanel\" data-tab=\"8\" aria-labelledby=\"elementor-tab-title-1948\">\n<p>Sim, com certeza. Basta clicar no \u00edcone do WhatsApp no cantinho da tela. Ser\u00e1 um prazer atend\u00ea-lo(a).<\/p>\n<div class=\"elementor-toggle-item\">\n<div id=\"elementor-tab-content-1948\" class=\"elementor-tab-content elementor-clearfix elementor-active\" role=\"tabpanel\" data-tab=\"8\" aria-labelledby=\"elementor-tab-title-1948\">\n<h4>Quais os seus canais de contato?<\/h4>\n<\/div>\n<\/div>\n<div class=\"elementor-toggle-item\">\n<div id=\"elementor-tab-content-1949\" class=\"elementor-tab-content elementor-clearfix elementor-active\" role=\"tabpanel\" data-tab=\"9\" aria-labelledby=\"elementor-tab-title-1949\">\n<p>Whatsapp: 53 984751621 \u2013 Clicar no canto da tela ou ESCANEIE O QRCODE ABAIXO<\/p>\n<h4><img decoding=\"async\" class=\"alignnone wp-image-13699 jetpack-lazy-image jetpack-lazy-image--handled\" src=\"https:\/\/i0.wp.com\/portifolioos-prontos.com\/wp-content\/uploads\/2023\/02\/whatsapp-business-projeto-de-extensao-300x300.jpeg?resize=144%2C144\" sizes=\"(max-width: 144px) 100vw, 144px\" srcset=\"https:\/\/i0.wp.com\/portifolioos-prontos.com\/wp-content\/uploads\/2023\/02\/whatsapp-business-projeto-de-extensao.jpeg?resize=300%2C301&amp;ssl=1 300w, https:\/\/i0.wp.com\/portifolioos-prontos.com\/wp-content\/uploads\/2023\/02\/whatsapp-business-projeto-de-extensao.jpeg?resize=150%2C150&amp;ssl=1 150w, https:\/\/i0.wp.com\/portifolioos-prontos.com\/wp-content\/uploads\/2023\/02\/whatsapp-business-projeto-de-extensao.jpeg?resize=370%2C372&amp;ssl=1 370w, https:\/\/i0.wp.com\/portifolioos-prontos.com\/wp-content\/uploads\/2023\/02\/whatsapp-business-projeto-de-extensao.jpeg?resize=100%2C100&amp;ssl=1 100w, https:\/\/i0.wp.com\/portifolioos-prontos.com\/wp-content\/uploads\/2023\/02\/whatsapp-business-projeto-de-extensao.jpeg?w=470&amp;ssl=1 470w\" alt=\"projeto de extens\u00e3o unopar\" width=\"144\" height=\"144\" data-lazy-loaded=\"1\" \/><\/h4>\n<\/div>\n<\/div>\n<\/div>\n<\/div>\n<div class=\"elementor-toggle-item\">\n<div id=\"elementor-tab-content-1949\" class=\"elementor-tab-content elementor-clearfix elementor-active\" role=\"tabpanel\" data-tab=\"9\" aria-labelledby=\"elementor-tab-title-1949\">\n<p>E-mail:portifoliosp@gmail.com<\/p>\n<div id=\"attachment_143\" class=\"wp-caption alignnone\">\n<div id=\"attachment_143\" class=\"wp-caption alignnone\" style=\"width: 119px;\">\n<p><a href=\"http:\/\/portifolioos-prontos.com\/\"><img decoding=\"async\" class=\"wp-image-143 jetpack-lazy-image jetpack-lazy-image--handled\" title=\"portfolio pronto unopar\" src=\"https:\/\/i0.wp.com\/portifolioos-prontos.com\/wp-content\/uploads\/2022\/04\/conceitomaximo.png?resize=164%2C47\" alt=\"PORTFOLIO PRONTO UNOPAR ANHANGUERA\" width=\"119\" height=\"34\" aria-describedby=\"caption-attachment-143\" data-lazy-loaded=\"1\" \/><\/a><\/p>\n<p id=\"caption-attachment-143\" class=\"wp-caption-text\">Portf\u00f3lio em Word, respondido, completo e j\u00e1 nas normas.<\/p>\n<\/div>\n<\/div>\n<\/div>\n<\/div>\n","protected":false},"excerpt":{"rendered":"<p>Est\u00e1gio Curricular Obrigat\u00f3rio I Letras &#8211; Portugu\u00eas e Ingl\u00eas ensino fundamental anos finais 175h PLANO DE TRABALHO: ANOS FINAIS DO ENSINO FUNDAMENTAL (6\u00ba AO 9\u00ba ANO) No quadro a seguir, h\u00e1 a descri\u00e7\u00e3o do Plano de Trabalho a ser realizado pelo estudante, conforme carga hor\u00e1ria total do respectivo est\u00e1gio. As atividades envolvem:\u2022 Todas as atividades&hellip;<\/p>\n","protected":false},"featured_media":50040,"template":"","meta":{"_seopress_robots_primary_cat":"none","_seopress_titles_title":"","_seopress_titles_desc":"","_seopress_robots_index":""},"product_cat":[114,47,15],"product_tag":[747,746],"class_list":{"0":"post-14102","1":"product","2":"type-product","3":"status-publish","4":"has-post-thumbnail","6":"product_cat-letras","7":"product_cat-licenciaturas","8":"product_cat-uncategorized","9":"product_tag-portfolio-de-estagio-anhanguera","10":"product_tag-portfolio-de-estagio-unopar","12":"first","13":"instock","14":"downloadable","15":"virtual","16":"purchasable","17":"product-type-simple","18":"col-xs-6 col-sm-4","19":"col-mf-5","20":"un-5-cols"},"jetpack_sharing_enabled":true,"_links":{"self":[{"href":"https:\/\/portifolioos-prontos.com\/index.php\/wp-json\/wp\/v2\/product\/14102","targetHints":{"allow":["GET"]}}],"collection":[{"href":"https:\/\/portifolioos-prontos.com\/index.php\/wp-json\/wp\/v2\/product"}],"about":[{"href":"https:\/\/portifolioos-prontos.com\/index.php\/wp-json\/wp\/v2\/types\/product"}],"version-history":[{"count":2,"href":"https:\/\/portifolioos-prontos.com\/index.php\/wp-json\/wp\/v2\/product\/14102\/revisions"}],"predecessor-version":[{"id":50039,"href":"https:\/\/portifolioos-prontos.com\/index.php\/wp-json\/wp\/v2\/product\/14102\/revisions\/50039"}],"wp:featuredmedia":[{"embeddable":true,"href":"https:\/\/portifolioos-prontos.com\/index.php\/wp-json\/wp\/v2\/media\/50040"}],"wp:attachment":[{"href":"https:\/\/portifolioos-prontos.com\/index.php\/wp-json\/wp\/v2\/media?parent=14102"}],"wp:term":[{"taxonomy":"product_cat","embeddable":true,"href":"https:\/\/portifolioos-prontos.com\/index.php\/wp-json\/wp\/v2\/product_cat?post=14102"},{"taxonomy":"product_tag","embeddable":true,"href":"https:\/\/portifolioos-prontos.com\/index.php\/wp-json\/wp\/v2\/product_tag?post=14102"}],"curies":[{"name":"wp","href":"https:\/\/api.w.org\/{rel}","templated":true}]}}