{"id":14227,"date":"2023-03-05T22:34:18","date_gmt":"2023-03-06T01:34:18","guid":{"rendered":"https:\/\/portifolioos-prontos.com\/?post_type=product&#038;p=14227"},"modified":"2025-08-30T14:38:07","modified_gmt":"2025-08-30T17:38:07","slug":"projeto-de-extensao-i-gestao-da-tecnologia-da-informacao","status":"publish","type":"product","link":"https:\/\/portifolioos-prontos.com\/index.php\/product\/projeto-de-extensao-i-gestao-da-tecnologia-da-informacao\/","title":{"rendered":"PROJETO DE EXTENS\u00c3O I &#8211; GEST\u00c3O DA TECNOLOGIA DA INFORMA\u00c7\u00c3O"},"content":{"rendered":"<h4>PROJETO DE EXTENS\u00c3O I &#8211; GEST\u00c3O DA TECNOLOGIA DA INFORMA\u00c7\u00c3O<\/h4>\n<p>CURSO:<br \/>\nCST EM GEST\u00c3O DA TECNOLOGIA DA INFORMA\u00c7\u00c3O<br \/>\nCOMPONENTE CURRICULAR:<br \/>\nPROJETO DE EXTENS\u00c3O I &#8211; GEST\u00c3O DA TECNOLOGIA DA INFORMA\u00c7\u00c3O<br \/>\nPROGRAMA DE EXTENS\u00c3O:<br \/>\nPROGRAMA DE CONTEXTO \u00c0 COMUNIDADE.<br \/>\nFINALIDADE E MOTIVA\u00c7\u00c3O:<br \/>\nA finalidade da extens\u00e3o no Programa de Contexto \u00e0 Comunidade do Curso Superior<br \/>\nde Tecnologia em Gest\u00e3o de Tecnologia da Informa\u00e7\u00e3o \u00e9 dedicar-se a \u00e1rea<br \/>\neducacional e o transferir do saber, desenvolvendo e capacitando a comunidade local<br \/>\ne agregando conhecimentos por meio de projetos e atividades pedag\u00f3gicas<br \/>\nextensionistas. Nesse programa \u00e9 poss\u00edvel a ministra\u00e7\u00e3o de palestras, aulas de<br \/>\nmonitoria, cursos, aulas de educa\u00e7\u00e3o b\u00e1sica, educa\u00e7\u00e3o financeira, l\u00edngua estrangeira,<br \/>\ndebates da comunidade local, participa\u00e7\u00e3o em projetos sociais, projetos coletivos<br \/>\nmultidisciplinar e trabalhos volunt\u00e1rios. Os locais que poder\u00e3o contemplar esse<br \/>\nprojeto extensionistas podem ser: parcerias com a prefeitura; associa\u00e7\u00f5es de bairros,<br \/>\nescolas, empresas p\u00fablicas e privadas, igrejas, ONGs e por meio de redes de internet.<br \/>\nCOMPET\u00caNCIAS:<br \/>\nI &#8211; Identificar oportunidades de melhorias nos processos de neg\u00f3cio e implantar<br \/>\nsolu\u00e7\u00f5es apoiadas pela Tecnologia da Informa\u00e7\u00e3o;<br \/>\nII &#8211; Configurar, entregar e manter recursos e servi\u00e7os de comunica\u00e7\u00e3o e<br \/>\narmazenamento de dados;<br \/>\nIII &#8211; Promover o alinhamento estrat\u00e9gico da Tecnologia da Informa\u00e7\u00e3o nas<br \/>\norganiza\u00e7\u00f5es.<br \/>\nPERFIL DE EGRESSO:<br \/>\nO perfil do egresso idealizado pela IES para o Curso Superior de Tecnologia em Gest\u00e3o<br \/>\nde Tecnologia da Informa\u00e7\u00e3o possibilita a forma\u00e7\u00e3o de um profissional cr\u00edtico,<br \/>\nreflexivo, criativo, vis\u00e3o hol\u00edstica, humanista e \u00e9tico, capaz de aplicar tecnologias<br \/>\ninerentes \u00e0 sua \u00e1rea de atua\u00e7\u00e3o, sendo que pelas atividades extensionistas vinculadas<br \/>\nao Programa de Extens\u00e3o Contexto \u00e0 Comunidade, esse egresso poder\u00e1 desenvolver<br \/>\nhabilidades e capacidade para conduzir atividades pedag\u00f3gicas e de ensino referentes<br \/>\n\u00e0 compreens\u00e3o da realidade social, ser capaz de reconhecer as necessidades dos<br \/>\nusu\u00e1rios, adotar perspectivas multidisciplinares e transdisciplinares em sua pr\u00e1tica,<br \/>\nconsiderar aspectos pol\u00edticos, econ\u00f4micos, sociais do meio em que est\u00e1 inserido,<br \/>\ndirecionando suas a\u00e7\u00f5es para a transforma\u00e7\u00e3o da realidade e para o desenvolvimento<br \/>\nsocial.<br \/>\nSOFT SKILLS (COMPET\u00caNCIAS SOCIOEMOCIONAIS):<br \/>\n2<br \/>\nP\u00fablico<br \/>\nCriatividade e inova\u00e7\u00e3o<br \/>\nComunica\u00e7\u00e3o Interpessoal<br \/>\nPlanejamento e organiza\u00e7\u00e3o<br \/>\nOBJETIVOS DE APRENDIZAGEM:<br \/>\nOs objetivos da extens\u00e3o no Curso Superior de Tecnologia em An\u00e1lise e<br \/>\nDesenvolvimento vinculados ao Programa de Contexto \u00e0 Comunidade est\u00e3o<br \/>\nrelacionados com a dissemina\u00e7\u00e3o do saber da \u00e1rea de ci\u00eancias para a comunidade<br \/>\nlocal, prestando servi\u00e7os a quest\u00f5es pedag\u00f3gicas, aulas de monitoria, educa\u00e7\u00e3o<br \/>\nb\u00e1sica, educa\u00e7\u00e3o financeira, l\u00edngua estrangeira, recursos naturais, \u00e9tica e<br \/>\nresponsabilidade social. Tais a\u00e7\u00f5es visam a transfer\u00eancia de conhecimento acad\u00eamico<br \/>\npara a comunidade, preparando o egresso para uma atua\u00e7\u00e3o global, focado n\u00e3o<br \/>\napenas no conhecimento t\u00e9cnico, mas com a preocupa\u00e7\u00e3o pelo pr\u00f3ximo e por um<br \/>\nsociedade igualit\u00e1ria, buscando oportunizar conhecimento para quem n\u00e3o tem<br \/>\noportunidade de acesso.<br \/>\nCONTE\u00daDOS:<br \/>\nI &#8211; Banco de dados;<br \/>\nII &#8211; Tecnologias para Intelig\u00eancia de Neg\u00f3cio;<br \/>\nIII &#8211; Ger\u00eancia de projetos;<br \/>\nIV &#8211; Gest\u00e3o de pessoas;<br \/>\nV &#8211; Gest\u00e3o dos servi\u00e7os de TI;<br \/>\nVI &#8211; Governan\u00e7a de tecnologia da informa\u00e7\u00e3o;<br \/>\nVII &#8211; Processos organizacionais;<br \/>\nVIII &#8211; Redes de computadore<br \/>\nINDICA\u00c7\u00d5ES BIBLIOGR\u00c1FICAS:<br \/>\nMANZANO, Jos\u00e9 Augusto N. G. Algoritmos: l\u00f3gica para desenvolvimento de<br \/>\nprograma\u00e7\u00e3o de computadores. 29.ed. S\u00e3o Paulo: \u00c9rica, 2019.<br \/>\nBARBOSA, Marcos Ant\u00f4nio. Introdu\u00e7\u00e3o \u00e0 L\u00f3gica Matem\u00e1tica para Acad\u00eamicos.<br \/>\nCuritiba: Intersaberes, 2017.<br \/>\nGERSTING, Judith L. Fundamentos matem\u00e1ticos para a ci\u00eancia da computa\u00e7\u00e3o:<br \/>\nmatem\u00e1tica discreta e suas aplica\u00e7\u00f5es. 7.ed. Rio de Janeiro: LTC, 2017.<br \/>\nTEMPLATE PDCA:<br \/>\nAluno e Aluna, essa atividade \u00e9 para sua organiza\u00e7\u00e3o e uso da metodologia PDCA. Por isso \u00e9<br \/>\num documento orientativo e n\u00e3o precisa ser entregue. Veja as orienta\u00e7\u00f5es apresentadas no<br \/>\nMANUAL DE ATIVIDADES EXTENSIONISTAS.<br \/>\n1. PLANEJAMENTO (PLAN)<br \/>\nAntes de definir sua proposta, explore os Objetivos de Desenvolvimento Sustent\u00e1vel (ODS) da<br \/>\nOrganiza\u00e7\u00e3o das Na\u00e7\u00f5es Unidas (ONU) no link https:\/\/brasil.un.org\/pt-br\/sdgs. Se preferir, pode<br \/>\nbaixar o documento pelo link https:\/\/brasil.un.org\/sites\/default\/files\/2020-09\/agenda2030-ptbr.pdf.<br \/>\n3<br \/>\nP\u00fablico<br \/>\nCompreenda a proposta da ONU e engaje-se nessa oportunidade de contribuir com as<br \/>\nmetas de um organismo internacional t\u00e3o importante ao mesmo tempo em que participa de<br \/>\nsolu\u00e7\u00f5es de seu contexto!<br \/>\nAnalise os 17 objetivos e escolha quais metas podem ser aderentes \u00e0 sua proposta e ao seu<br \/>\nprojeto. Para isso, clique no \u00edcone de cada objetivo e observe a listagem de metas dispon\u00edvel<br \/>\nem cada um. \u00c9 necess\u00e1rio que voc\u00ea escolha pelo menos uma meta. Pode ser que voc\u00ea<br \/>\nencontre metas aderentes \u00e0 sua proposta em diferentes objetivos, mas n\u00e3o se restrinja.<br \/>\nPode escolher dessa forma e mantenha o foco da ess\u00eancia de sua proposta.<br \/>\nFeito isso, liste aqui suas escolhas. Essa informa\u00e7\u00e3o tamb\u00e9m dever\u00e1 ser declarada em seu<br \/>\nRelat\u00f3rio Final de Atividades Extensionistas.<br \/>\nLISTAR METAS DOS ODS ADERENTES AO SEU PROJETO<br \/>\nDEFINA A PROPOSTA.<br \/>\nIMERS\u00c3O:<br \/>\nDEFINA OS ITENS DA IMERS\u00c3O<br \/>\nSegue sugest\u00e3o de perguntas para utilizar na entrevista com o parceiro.<br \/>\nSUGEST\u00c3O DE SCRIPT DE ENTREVISTA<br \/>\n1. Quais os principais problemas, fragilidades ou dificuldades que a institui\u00e7\u00e3o\/parceiro convive com<br \/>\nmaior frequ\u00eancia?<br \/>\n1.1. Os problemas est\u00e3o articulados com o programa\/conte\u00fado proposto no componente<br \/>\ncurricular?<br \/>\nSe n\u00e3o estiver, ser\u00e1 necess\u00e1rio voltar \u00e0 pergunta 1.<br \/>\n1.2. \u00c9 poss\u00edvel resolver ou mitigar os problemas identificados no prazo de dura\u00e7\u00e3o de projeto de<br \/>\nextens\u00e3o.<br \/>\nSe n\u00e3o for poss\u00edvel deve voltar \u00e0 pergunta 1.<br \/>\n1.3. A solu\u00e7\u00e3o ou mitiga\u00e7\u00e3o auxiliar\u00e1 a comunidade ou um grupo de pessoas da comunidade?<br \/>\nSe n\u00e3o auxiliar deve voltar \u00e0 pergunta 1.<br \/>\n2. Quais ser\u00e3o as pessoas envolvidas na a\u00e7\u00e3o para buscar resolver ou mitigar os problemas<br \/>\nidentificados?<br \/>\n3. Onde ser\u00e1 realizada a a\u00e7\u00e3o?<br \/>\n4. H\u00e1 limita\u00e7\u00e3o de pessoas ou restri\u00e7\u00e3o para acesso ao local indicado?<br \/>\n5. Quais ser\u00e3o as pessoas beneficiadas diretamente?<br \/>\n6. Necessitar\u00e1 de insumos\/recursos financeiros para a realiza\u00e7\u00e3o da a\u00e7\u00e3o?<br \/>\n7. Ser\u00e1 necess\u00e1rio agendamento?<br \/>\n8. Qual o per\u00edodo, dia da semana, hor\u00e1rio que ser\u00e1 realizada a a\u00e7\u00e3o?<br \/>\n4<br \/>\nP\u00fablico<br \/>\nIDEA\u00c7\u00c3O:<br \/>\nDEFINA OS ITENS DA IDEA\u00c7\u00c3O.<br \/>\nPROTOTIPA\u00c7\u00c3O:<br \/>\nDEFINA OS ITENS DA PROTOTIPA\u00c7\u00c3O.<br \/>\nIDEIAS E ANOTA\u00c7\u00d5ES:<br \/>\n2. REALIZA\u00c7\u00c3O (DO)<br \/>\nCRONOGRAMA:<br \/>\nATIVIDADES PER. 1 PER. 2 PER. 3 PER.4<br \/>\n3. VERIFICA\u00c7\u00c3O (CHECK)<br \/>\nPlanejamento:<br \/>\nImers\u00e3o realizada?<br \/>\n() SIM<br \/>\n() N\u00c3O<br \/>\nIdea\u00e7\u00e3o realizada?<br \/>\n() SIM<br \/>\n() N\u00c3O<br \/>\nPrototipa\u00e7\u00e3o realizada?<br \/>\n() SIM<br \/>\n() N\u00c3O<br \/>\nPlanejamento est\u00e1 ok?<br \/>\n() SIM<br \/>\n() N\u00c3O<br \/>\nRealiza\u00e7\u00e3o:<br \/>\nCronograma realizado?<br \/>\n() SIM<br \/>\n() N\u00c3O<br \/>\nCronograma atende a realiza\u00e7\u00e3o do projeto?<br \/>\n5<br \/>\nP\u00fablico<br \/>\n() SIM<br \/>\n() N\u00c3O<br \/>\nVerifica\u00e7\u00e3o:<br \/>\nCronograma atende a realiza\u00e7\u00e3o do projeto?<br \/>\n() SIM<br \/>\n() N\u00c3O<br \/>\nProjeto atende a proposta da institui\u00e7\u00e3o escolhida?<br \/>\n() SIM<br \/>\n() N\u00c3O<br \/>\nHouve necessidade de mudan\u00e7a de estrat\u00e9gia?<br \/>\n() SIM<br \/>\n() N\u00c3O<br \/>\nEm caso positivo, mencione as mudan\u00e7as e novas estrat\u00e9gias?<br \/>\n4. A\u00c7\u00c3O (ACT)<br \/>\nA\u00c7\u00c3O PROPOSTA:<br \/>\nREFER\u00caNCIAS BIBLIOGR\u00c1FICAS<br \/>\nCAMPO OBRIGAT\u00d3RIO \u2013 Siga a normas ABNT, para isso consulte sua Biblioteca Virtual.<\/p>\n<div class=\"elementor-toggle-item\">\n<div class=\"elementor-toggle-item\">\n<p id=\"elementor-tab-title-1941\" class=\"elementor-tab-title elementor-active\" tabindex=\"0\" role=\"tab\" data-tab=\"1\" aria-controls=\"elementor-tab-content-1941\" aria-expanded=\"true\" aria-selected=\"true\"><strong>Como funciona?<\/strong><\/p>\n<p>Elaboramos os portf\u00f3lios, j\u00e1 deixamos prontos, nas normas da ABNT e conforme os requisitos da universidade. F\u00e1cil assim! O MELHOR \u00c9 QUE VOC\u00ca COMPRA E J\u00c1 BAIXA NA HORA O SEU ARQUIVO EM WORD! Sabemos que conciliar trabalho, fam\u00edlia, vida profissional e estudos \u00e9 dif\u00edcil hoje em dia, por isso, estamos aqui para ajudar voc\u00ea. Conte com nossa qualidade, experi\u00eancia e profissionalismo adquirindo seu portf\u00f3lio conosco. GARANTIMOS SEU CONCEITO!<\/p>\n<p><strong>Como se realizam os envios?<\/strong><\/p>\n<\/div>\n<p id=\"elementor-tab-content-1942\" class=\"elementor-tab-content elementor-clearfix elementor-active\" role=\"tabpanel\" data-tab=\"2\" aria-labelledby=\"elementor-tab-title-1942\">O seu trabalho \u00e9 disponibilizado pronto, respondido e nas normas j\u00e1 na mesma hora aqui em nosso site na sua \u00e1rea de downloads e tamb\u00e9m no seu e-mail.<\/p>\n<p><strong>Em quanto tempo recebo o portf\u00f3lio?<\/strong><\/p>\n<p>Os envios s\u00e3o imediatos. Ap\u00f3s sua compra, o trabalho j\u00e1 \u00e9 disponibilizado instantaneamente aqui em nosso site e no seu e-mail.<\/p>\n<p><strong>E se o portf\u00f3lio que comprei precisar de corre\u00e7\u00e3o?<\/strong><\/p>\n<p>Caso haja alguma solicita\u00e7\u00e3o de corre\u00e7\u00e3o\/altera\u00e7\u00e3o por parte do tutor, basta entrar em contato conosco pelo\u00a0WhatsApp\u00a0que provid\u00eanciaremos sem custo algum.<\/p>\n<p><strong>Qual o formato do arquivo?<\/strong><\/p>\n<p>Os arquivos s\u00e3o enviados em formato Word e s\u00e3o edit\u00e1veis.<\/p>\n<p><strong>Caso eu tiver alguma d\u00favida, terei suporte no p\u00f3s venda?<\/strong><\/p>\n<p>Sim, com certeza. Basta clicar no \u00edcone do WhatsApp no cantinho da tela. Ser\u00e1 um prazer atend\u00ea-lo(a).<\/p>\n<div id=\"elementor-tab-content-1948\" class=\"elementor-tab-content elementor-clearfix elementor-active\" role=\"tabpanel\" data-tab=\"8\" aria-labelledby=\"elementor-tab-title-1948\">\n<p><strong>Quais os seus canais de contato?<\/strong><\/p>\n<\/div>\n<div id=\"elementor-tab-content-1949\" class=\"elementor-tab-content elementor-clearfix elementor-active\" role=\"tabpanel\" data-tab=\"9\" aria-labelledby=\"elementor-tab-title-1949\">\n<p>Whatsapp: 53 984751621 \u2013 Clicar no canto da tela ou ESCANEIE O QRCODE ABAIXO<\/p>\n<h4><img decoding=\"async\" class=\"alignnone wp-image-13699 jetpack-lazy-image jetpack-lazy-image--handled\" src=\"https:\/\/i0.wp.com\/portifolioos-prontos.com\/wp-content\/uploads\/2023\/02\/whatsapp-business-projeto-de-extensao-300x300.jpeg?resize=144%2C144\" sizes=\"(max-width: 144px) 100vw, 144px\" srcset=\"https:\/\/i0.wp.com\/portifolioos-prontos.com\/wp-content\/uploads\/2023\/02\/whatsapp-business-projeto-de-extensao.jpeg?resize=300%2C301&amp;ssl=1 300w, https:\/\/i0.wp.com\/portifolioos-prontos.com\/wp-content\/uploads\/2023\/02\/whatsapp-business-projeto-de-extensao.jpeg?resize=150%2C150&amp;ssl=1 150w, https:\/\/i0.wp.com\/portifolioos-prontos.com\/wp-content\/uploads\/2023\/02\/whatsapp-business-projeto-de-extensao.jpeg?resize=370%2C372&amp;ssl=1 370w, https:\/\/i0.wp.com\/portifolioos-prontos.com\/wp-content\/uploads\/2023\/02\/whatsapp-business-projeto-de-extensao.jpeg?resize=100%2C100&amp;ssl=1 100w, https:\/\/i0.wp.com\/portifolioos-prontos.com\/wp-content\/uploads\/2023\/02\/whatsapp-business-projeto-de-extensao.jpeg?w=470&amp;ssl=1 470w\" alt=\"projeto de extens\u00e3o unopar\" width=\"144\" height=\"144\" data-lazy-loaded=\"1\" \/><\/h4>\n<\/div>\n<div class=\"elementor-toggle-item\">\n<div id=\"elementor-tab-content-1949\" class=\"elementor-tab-content elementor-clearfix elementor-active\" role=\"tabpanel\" data-tab=\"9\" aria-labelledby=\"elementor-tab-title-1949\">\n<p>E-mail:portifoliosp@gmail.com<\/p>\n<div id=\"attachment_143\" class=\"wp-caption alignnone\">\n<div id=\"attachment_143\" class=\"wp-caption alignnone\">\n<p id=\"caption-attachment-143\" class=\"wp-caption-text\"><a href=\"http:\/\/portfolio-pronto.com\/\">Portf\u00f3lio<\/a>\u00a0em Word, respondido, completo e j\u00e1 nas normas<\/p>\n<\/div>\n<\/div>\n<\/div>\n<\/div>\n<\/div>\n","protected":false},"excerpt":{"rendered":"<div class=\"product-short-description\">\n<div><span style=\"color: #ff0000\"><strong>Compre e receba o Relat\u00f3rio Final de Atividades Extensionistas j\u00e1 preenchido, com um projeto totalmente desenvolvido para entrega.<\/strong><\/span><\/div>\n<div class=\"product-short-description\"><strong>Pague pelo PIX ou cart\u00e3o e fa\u00e7a o download agora mesmo.<\/strong><\/div>\n<div class=\"sticky-add-to-cart-wrapper\">\n<div class=\"sticky-add-to-cart\">\n<p class=\"quantity buttons_added form-flat\"><img decoding=\"async\" class=\"lazyloaded smush-image-5 smush-image-3 smush-image-4 smush-detected-img smush-image-bigger-3\" src=\"https:\/\/d26lpennugtm8s.cloudfront.net\/assets\/common\/img\/logos\/payment\/visa@2x.png\" width=\"46\" height=\"29\" data-src=\"https:\/\/d26lpennugtm8s.cloudfront.net\/assets\/common\/img\/logos\/payment\/visa@2x.png\" \/><img decoding=\"async\" class=\"lazyloaded smush-image-6 smush-image-4 smush-image-5 smush-detected-img smush-image-bigger-4\" src=\"https:\/\/d26lpennugtm8s.cloudfront.net\/assets\/common\/img\/logos\/payment\/boleto@2x.png\" width=\"43\" height=\"27\" data-src=\"https:\/\/d26lpennugtm8s.cloudfront.net\/assets\/common\/img\/logos\/payment\/boleto@2x.png\" \/><img loading=\"lazy\" decoding=\"async\" class=\"lazyloaded smush-image-7 smush-image-5 smush-image-6 smush-detected-img smush-image-bigger-5\" src=\"https:\/\/d26lpennugtm8s.cloudfront.net\/assets\/common\/img\/logos\/payment\/mastercard@2x.png\" width=\"43\" height=\"27\" data-src=\"https:\/\/d26lpennugtm8s.cloudfront.net\/assets\/common\/img\/logos\/payment\/mastercard@2x.png\" \/><img loading=\"lazy\" decoding=\"async\" class=\"lazyloaded smush-image-8 smush-image-6 smush-image-7 smush-detected-img smush-image-bigger-6\" src=\"https:\/\/d26lpennugtm8s.cloudfront.net\/assets\/common\/img\/logos\/payment\/amex@2x.png\" width=\"43\" height=\"27\" data-src=\"https:\/\/d26lpennugtm8s.cloudfront.net\/assets\/common\/img\/logos\/payment\/amex@2x.png\" \/><img loading=\"lazy\" decoding=\"async\" class=\"lazyloaded smush-image-9 smush-image-7 smush-image-8 smush-detected-img smush-image-bigger-7\" src=\"https:\/\/d26lpennugtm8s.cloudfront.net\/assets\/common\/img\/logos\/payment\/diners@2x.png\" width=\"46\" height=\"29\" data-src=\"https:\/\/d26lpennugtm8s.cloudfront.net\/assets\/common\/img\/logos\/payment\/diners@2x.png\" \/><img loading=\"lazy\" decoding=\"async\" class=\"lazyloaded smush-image-10 smush-image-8 smush-image-9 alignnone smush-detected-img smush-image-bigger-8\" src=\"https:\/\/d26lpennugtm8s.cloudfront.net\/assets\/common\/img\/logos\/payment\/br\/elo@2x.png\" alt=\"portf\u00f3lio unopar anhanguera\" width=\"45\" height=\"28\" data-src=\"https:\/\/d26lpennugtm8s.cloudfront.net\/assets\/common\/img\/logos\/payment\/br\/elo@2x.png\" \/><img loading=\"lazy\" decoding=\"async\" class=\"lazyloaded smush-image-11 smush-image-9 smush-image-10 alignnone smush-detected-img smush-image-bigger-9\" src=\"https:\/\/d26lpennugtm8s.cloudfront.net\/assets\/common\/img\/logos\/payment\/br\/hipercard@2x.png\" alt=\"portf\u00f3lio unopar anhanguera\" width=\"44\" height=\"28\" data-src=\"https:\/\/d26lpennugtm8s.cloudfront.net\/assets\/common\/img\/logos\/payment\/br\/hipercard@2x.png\" \/><img loading=\"lazy\" decoding=\"async\" class=\"lazyloaded smush-image-12 smush-image-10 smush-image-11 alignnone smush-detected-img smush-image-bigger-10\" src=\"https:\/\/d26lpennugtm8s.cloudfront.net\/assets\/common\/img\/logos\/payment\/mercadopago@2x.png\" alt=\"portf\u00f3lio unopar anhanguera\" width=\"45\" height=\"28\" data-src=\"https:\/\/d26lpennugtm8s.cloudfront.net\/assets\/common\/img\/logos\/payment\/mercadopago@2x.png\" \/><img loading=\"lazy\" decoding=\"async\" class=\"alignnone ls-is-cached lazyloaded smush-detected-img smush-image-bigger-11\" src=\"https:\/\/futurium.com.br\/wp-content\/uploads\/2021\/06\/logo-pix-icone-512.png\" alt=\"portfolio pronto\" width=\"30\" height=\"30\" data-src=\"https:\/\/futurium.com.br\/wp-content\/uploads\/2021\/06\/logo-pix-icone-512.png\" \/><\/p>\n<\/div>\n<\/div>\n<\/div>\n","protected":false},"featured_media":14229,"template":"","meta":{"_seopress_robots_primary_cat":"none","_seopress_titles_title":"%%post_title%% %%sitetitle%%","_seopress_titles_desc":"%%post_content%%","_seopress_robots_index":""},"product_cat":[109,58,15],"product_tag":[736],"class_list":{"0":"post-14227","1":"product","2":"type-product","3":"status-publish","4":"has-post-thumbnail","6":"product_cat-analise-e-desenvolvimento-de-sistemas","7":"product_cat-cursos-de-t-i","8":"product_cat-uncategorized","9":"product_tag-projeto-de-extensao-programa-de-contexto-a-comunidade","11":"first","12":"instock","13":"downloadable","14":"virtual","15":"purchasable","16":"product-type-simple","17":"col-xs-6 col-sm-4","18":"col-mf-5","19":"un-5-cols"},"jetpack_sharing_enabled":true,"_links":{"self":[{"href":"https:\/\/portifolioos-prontos.com\/index.php\/wp-json\/wp\/v2\/product\/14227","targetHints":{"allow":["GET"]}}],"collection":[{"href":"https:\/\/portifolioos-prontos.com\/index.php\/wp-json\/wp\/v2\/product"}],"about":[{"href":"https:\/\/portifolioos-prontos.com\/index.php\/wp-json\/wp\/v2\/types\/product"}],"version-history":[{"count":1,"href":"https:\/\/portifolioos-prontos.com\/index.php\/wp-json\/wp\/v2\/product\/14227\/revisions"}],"predecessor-version":[{"id":44246,"href":"https:\/\/portifolioos-prontos.com\/index.php\/wp-json\/wp\/v2\/product\/14227\/revisions\/44246"}],"wp:featuredmedia":[{"embeddable":true,"href":"https:\/\/portifolioos-prontos.com\/index.php\/wp-json\/wp\/v2\/media\/14229"}],"wp:attachment":[{"href":"https:\/\/portifolioos-prontos.com\/index.php\/wp-json\/wp\/v2\/media?parent=14227"}],"wp:term":[{"taxonomy":"product_cat","embeddable":true,"href":"https:\/\/portifolioos-prontos.com\/index.php\/wp-json\/wp\/v2\/product_cat?post=14227"},{"taxonomy":"product_tag","embeddable":true,"href":"https:\/\/portifolioos-prontos.com\/index.php\/wp-json\/wp\/v2\/product_tag?post=14227"}],"curies":[{"name":"wp","href":"https:\/\/api.w.org\/{rel}","templated":true}]}}