{"id":14243,"date":"2023-03-05T23:08:03","date_gmt":"2023-03-06T02:08:03","guid":{"rendered":"https:\/\/portifolioos-prontos.com\/?post_type=product&#038;p=14243"},"modified":"2025-08-30T14:37:58","modified_gmt":"2025-08-30T17:37:58","slug":"projeto-de-extensao-i-medicina-veterinaria","status":"publish","type":"product","link":"https:\/\/portifolioos-prontos.com\/index.php\/product\/projeto-de-extensao-i-medicina-veterinaria\/","title":{"rendered":"PROJETO DE EXTENS\u00c3O I &#8211; MEDICINA VETERIN\u00c1RIA"},"content":{"rendered":"<div class=\"elementor-toggle-item\">\n<h5 class=\"MsoNormal\">PROJETO DE EXTENS\u00c3O I &#8211; MEDICINA VETERIN\u00c1RIA<\/h5>\n<p class=\"MsoNormal\">CURSO:<\/p>\n<p class=\"MsoNormal\">MEDICINA VETERIN\u00c1RIA &#8211; BACHARELADO<\/p>\n<p class=\"MsoNormal\">COMPONENTE CURRICULAR:<\/p>\n<p class=\"MsoNormal\">PROJETO DE EXTENS\u00c3O I &#8211; MEDICINA VETERIN\u00c1RIA<\/p>\n<p class=\"MsoNormal\">PROGRAMA DE EXTENS\u00c3O:<\/p>\n<p class=\"MsoNormal\">PROGRAMA DE A\u00c7\u00c3O E DIFUS\u00c3O CULTURAL.<\/p>\n<p class=\"MsoNormal\">FINALIDADE E MOTIVA\u00c7\u00c3O:<\/p>\n<p class=\"MsoNormal\">A finalidade do projeto de extens\u00e3o no Programa de A\u00e7\u00e3o e Difus\u00e3o Cultural do curso de Medicina Veterin\u00e1ria, est\u00e1 relacionado ao fomento \u00e0 cultura locorregional, promovendo a difus\u00e3o, a transpar\u00eancia e a democratiza\u00e7\u00e3o das a\u00e7\u00f5es culturais, por meio de projetos que possibilitem a transfer\u00eancia para a sociedade de conhecimentos multidisciplinares desenvolvidos no curso e a possibilidade de potencializar a gera\u00e7\u00e3o de conhecimentos aplicados, permitindo ao egresso um maior envolvimento com \u00e0s a\u00e7\u00f5es culturais no \u00e2mbito da ci\u00eancia, arte, tecnologia e humanidades, articulados com os anseios da comunidade. Os conte\u00fados program\u00e1ticos sugeridos para correlacionar as a\u00e7\u00f5es s\u00e3o: Morfofisiologia; Gen\u00e9tica; Bioqu\u00edmica; Microbiologia; Parasitologia.<\/p>\n<p class=\"MsoNormal\">Os locais que poder\u00e3o contemplar esse projeto s\u00e3o: Parcerias com a Prefeitura; Associa\u00e7\u00f5es de Bairros; UBS; Hospitais; Hospitais Veterin\u00e1rios; Centros de Zoonoses; Cl\u00ednicas Veterin\u00e1ria; Cl\u00ednicas de Sa\u00fade P\u00fablicas e Privadas; Centros de Sa\u00fade; Casas de Repouso; Institui\u00e7\u00f5es de Longa Perman\u00eancia para Idosos; Creches; Templos Religiosos; Escolas; ONGs.<\/p>\n<p class=\"MsoNormal\">COMPET\u00caNCIAS:<\/p>\n<p class=\"MsoNormal\">I &#8211; Planejar, executar, gerenciar e avaliar programas, projetos, processos e a\u00e7\u00f5es nas diferentes \u00e1reas da Medicina Veterin\u00e1ria;<\/p>\n<p class=\"MsoNormal\">II &#8211; Executar avalia\u00e7\u00e3o cl\u00ednica, interpretar sinais cl\u00ednicos, exames complementares e altera\u00e7\u00f5es morfofuncionais;<\/p>\n<p class=\"MsoNormal\">III &#8211; Desenvolver, no \u00e2mbito da Sa\u00fade \u00danica, a\u00e7\u00f5es de preven\u00e7\u00e3o, promo\u00e7\u00e3o, prote\u00e7\u00e3o e recupera\u00e7\u00e3o.<\/p>\n<p class=\"MsoNormal\">PERFIL DE EGRESSO:<\/p>\n<p class=\"MsoNormal\">O perfil do egresso do curso de Medicina Veterin\u00e1ria idealizado pela IES proporciona a forma\u00e7\u00e3o de um profissional, humanista, cr\u00edtico, reflexivo, \u00e9tico e generalista. A atua\u00e7\u00e3o no Programa de A\u00e7\u00e3o e Difus\u00e3o Cultural, demonstra as habilidades para atuar na realiza\u00e7\u00e3o de per\u00edcias, assist\u00eancia t\u00e9cnica e auditorias, bem como elaborar e interpretar laudos periciais e t\u00e9cnicos em todos os campos de conhecimento da Medicina Veterin\u00e1ria; conhecer m\u00e9todos de busca da informa\u00e7\u00e3o, t\u00e9cnicas de investiga\u00e7\u00e3o e elabora\u00e7\u00e3o de trabalhos t\u00e9cnicos, acad\u00eamicos, cient\u00edficos e de divulga\u00e7\u00e3o de resultados; assimilar e aplicar as mudan\u00e7as conceituais, legais e tecnol\u00f3gicas ocorridas nos contextos nacional e internacional, considerando aspectos da inova\u00e7\u00e3o; avaliar e responder com senso cr\u00edtico as informa\u00e7\u00f5es que s\u00e3o oferecidas durante seu processo de forma\u00e7\u00e3o e no exerc\u00edcio profissional; respeitar os princ\u00edpios \u00e9ticos inerentes ao exerc\u00edcio profissional.<\/p>\n<p class=\"MsoNormal\">SOFT SKILLS (COMPET\u00caNCIAS SOCIOEMOCIONAIS):<\/p>\n<p class=\"MsoNormal\">Criatividade e inova\u00e7\u00e3o<\/p>\n<p class=\"MsoNormal\">Flexibilidade e adapta\u00e7\u00e3o<\/p>\n<p class=\"MsoNormal\">Intelig\u00eancia Emocional<\/p>\n<p class=\"MsoNormal\">OBJETIVOS DE APRENDIZAGEM:<\/p>\n<p class=\"MsoNormal\">O objetivo de aprendizagem do programa de extens\u00e3o em Difus\u00e3o Cultural, est\u00e1 relacionado a dissemina\u00e7\u00e3o e articula\u00e7\u00e3o de conhecimentos adquiridos no curso para promover as a\u00e7\u00f5es de difus\u00e3o cultural no \u00e2mbito da ci\u00eancia, arte, tecnologia e humanidades.<\/p>\n<p class=\"MsoNormal\">CONTE\u00daDOS:<\/p>\n<p class=\"MsoNormal\">I &#8211; Morfofisiologia;<\/p>\n<p class=\"MsoNormal\">II &#8211; Gen\u00e9tica, Bioqu\u00edmica;<\/p>\n<p class=\"MsoNormal\">III &#8211; Microbiologia, Parasitologia.<\/p>\n<p class=\"MsoNormal\">INDICA\u00c7\u00d5ES BIBLIOGR\u00c1FICAS:<\/p>\n<p class=\"MsoNormal\">HONORATO, Angelina.Anatomia veterin\u00e1ria I. Porto Alegre: Grupo A, 2019.<\/p>\n<p class=\"MsoNormal\">MOYSES, Christopher D. Princ\u00edpios de Fisiologia animal. Poto Algre: Grupo A, 2010.<\/p>\n<p class=\"MsoNormal\">VOET, Donald; VOET, Judith G. Bioqu\u00edmica. 4. Ed. Porto Alegre: Grupo A, 2013.<\/p>\n<p class=\"MsoNormal\">GUIMAR\u00c3ES, Otto Priscila . Gen\u00e9tica b\u00e1sica para veterin\u00e1ria. 5.ed. S\u00e3o Paulo: Roca, 2018.<\/p>\n<p class=\"MsoNormal\">MONTEIRO, Silvia Gonzalez. Parasitologia na medicina veterin\u00e1ria. 2.ed, Rio de Janeiro:Roca, 2017.<\/p>\n<p class=\"MsoNormal\">MC VEY, Scott; KENNEDY, Melissa; CHENGAPPA, M.M. Microbiologia veterin\u00e1ria. 3.ed. Rio de Janeiro:Guanabara Koogan, 2017.<\/p>\n<p class=\"MsoNormal\">TEMPLATE PDCA:<\/p>\n<p class=\"MsoNormal\">Aluno e Aluna, essa atividade \u00e9 para sua organiza\u00e7\u00e3o e uso da metodologia PDCA. Por isso \u00e9 um documento orientativo e n\u00e3o precisa ser entregue. Veja as orienta\u00e7\u00f5es apresentadas no MANUAL DE ATIVIDADES EXTENSIONISTAS.<\/p>\n<p class=\"MsoNormal\">1.\u00a0 PLANEJAMENTO (PLAN)<\/p>\n<p class=\"MsoNormal\">Antes de definir sua proposta, explore os Objetivos de Desenvolvimento Sustent\u00e1vel (ODS) da Organiza\u00e7\u00e3o das Na\u00e7\u00f5es Unidas (ONU) no link https:\/\/brasil.un.org\/pt-br\/sdgs. Se preferir, pode baixar o documento pelo link https:\/\/brasil.un.org\/sites\/default\/files\/2020-09\/agenda2030-pt-br.pdf.<\/p>\n<p class=\"MsoNormal\">Compreenda a proposta da ONU e engaje-se nessa oportunidade de contribuir com as metas de um organismo internacional t\u00e3o importante ao mesmo tempo em que participa de solu\u00e7\u00f5es de seu contexto!<\/p>\n<p class=\"MsoNormal\">Analise os 17 objetivos e escolha quais metas podem ser aderentes \u00e0 sua proposta e ao seu projeto. Para isso, clique no \u00edcone de cada objetivo e observe a listagem de metas dispon\u00edvel em cada um. \u00c9 necess\u00e1rio que voc\u00ea escolha pelo menos uma meta. Pode ser que voc\u00ea encontre metas aderentes \u00e0 sua proposta em diferentes objetivos, mas n\u00e3o se restrinja. Pode escolher dessa forma e mantenha o foco da ess\u00eancia de sua proposta.<\/p>\n<p class=\"MsoNormal\">Feito isso, liste aqui suas escolhas. Essa informa\u00e7\u00e3o tamb\u00e9m dever\u00e1 ser declarada em seu Relat\u00f3rio Final de Atividades Extensionistas.<\/p>\n<p class=\"MsoNormal\">LISTAR METAS DOS ODS ADERENTES AO SEU PROJETO<\/p>\n<p class=\"MsoNormal\">DEFINA A PROPOSTA.<\/p>\n<p class=\"MsoNormal\">IMERS\u00c3O:<\/p>\n<p class=\"MsoNormal\">DEFINA OS ITENS DA IMERS\u00c3O<\/p>\n<p class=\"MsoNormal\">Segue sugest\u00e3o de perguntas para utilizar na entrevista com o parceiro.<\/p>\n<p class=\"MsoNormal\">SUGEST\u00c3O DE SCRIPT DE ENTREVISTA<\/p>\n<p class=\"MsoNormal\">1.\u00a0\u00a0\u00a0\u00a0\u00a0 Quais os principais problemas, fragilidades ou dificuldades que a institui\u00e7\u00e3o\/parceiro convive com maior frequ\u00eancia?<\/p>\n<p class=\"MsoNormal\">1.1.\u00a0\u00a0\u00a0 Os problemas est\u00e3o articulados com o programa\/conte\u00fado proposto no componente curricular?<\/p>\n<p class=\"MsoNormal\">Se n\u00e3o estiver, ser\u00e1 necess\u00e1rio voltar \u00e0 pergunta 1.<\/p>\n<p class=\"MsoNormal\">1.2.\u00a0\u00a0\u00a0 \u00c9 poss\u00edvel resolver ou mitigar os problemas identificados no prazo de dura\u00e7\u00e3o de projeto de extens\u00e3o.<\/p>\n<p class=\"MsoNormal\">Se n\u00e3o for poss\u00edvel deve voltar \u00e0 pergunta 1.<\/p>\n<p class=\"MsoNormal\">1.3.\u00a0\u00a0\u00a0 A solu\u00e7\u00e3o ou mitiga\u00e7\u00e3o auxiliar\u00e1 a comunidade ou um grupo de pessoas da comunidade?<\/p>\n<p class=\"MsoNormal\">Se n\u00e3o auxiliar deve voltar \u00e0 pergunta 1.<\/p>\n<p class=\"MsoNormal\">2.\u00a0\u00a0\u00a0\u00a0\u00a0 Quais ser\u00e3o as pessoas envolvidas na a\u00e7\u00e3o para buscar resolver ou mitigar os problemas identificados?<\/p>\n<p class=\"MsoNormal\">3.\u00a0\u00a0\u00a0\u00a0\u00a0 Onde ser\u00e1 realizada a a\u00e7\u00e3o?<\/p>\n<p class=\"MsoNormal\">4.\u00a0\u00a0\u00a0\u00a0\u00a0 H\u00e1 limita\u00e7\u00e3o de pessoas ou restri\u00e7\u00e3o para acesso ao local indicado?<\/p>\n<p class=\"MsoNormal\">5.\u00a0\u00a0\u00a0\u00a0\u00a0 Quais ser\u00e3o as pessoas beneficiadas diretamente?<\/p>\n<p class=\"MsoNormal\">6.\u00a0\u00a0\u00a0\u00a0\u00a0 Necessitar\u00e1 de insumos\/recursos financeiros para a realiza\u00e7\u00e3o da a\u00e7\u00e3o?<\/p>\n<p class=\"MsoNormal\">7.\u00a0\u00a0\u00a0\u00a0\u00a0 Ser\u00e1 necess\u00e1rio agendamento?<\/p>\n<p class=\"MsoNormal\">8.\u00a0\u00a0\u00a0\u00a0\u00a0 Qual o per\u00edodo, dia da semana, hor\u00e1rio que ser\u00e1 realizada a a\u00e7\u00e3o?<\/p>\n<p class=\"MsoNormal\">IDEA\u00c7\u00c3O:<\/p>\n<p class=\"MsoNormal\">DEFINA OS ITENS DA IDEA\u00c7\u00c3O.<\/p>\n<p class=\"MsoNormal\">PROTOTIPA\u00c7\u00c3O:<\/p>\n<p class=\"MsoNormal\">DEFINA OS ITENS DA PROTOTIPA\u00c7\u00c3O.<\/p>\n<p class=\"MsoNormal\">IDEIAS E ANOTA\u00c7\u00d5ES:<\/p>\n<p class=\"MsoNormal\">2. REALIZA\u00c7\u00c3O (DO)<\/p>\n<p class=\"MsoNormal\">CRONOGRAMA:<\/p>\n<p class=\"MsoNormal\">ATIVIDADES\u00a0\u00a0\u00a0\u00a0\u00a0\u00a0\u00a0 PER. 1\u00a0\u00a0 PER. 2\u00a0\u00a0 PER. 3\u00a0\u00a0 PER.4<\/p>\n<p class=\"MsoNormal\">3. VERIFICA\u00c7\u00c3O (CHECK)<\/p>\n<p class=\"MsoNormal\">Planejamento:<\/p>\n<p class=\"MsoNormal\">Imers\u00e3o realizada?<\/p>\n<p class=\"MsoNormal\">() SIM<\/p>\n<p class=\"MsoNormal\">() N\u00c3O<\/p>\n<p class=\"MsoNormal\">Idea\u00e7\u00e3o realizada?<\/p>\n<p class=\"MsoNormal\">() SIM<\/p>\n<p class=\"MsoNormal\">() N\u00c3O<\/p>\n<p class=\"MsoNormal\">Prototipa\u00e7\u00e3o realizada?<\/p>\n<p class=\"MsoNormal\">() SIM<\/p>\n<p class=\"MsoNormal\">() N\u00c3O<\/p>\n<p class=\"MsoNormal\">Planejamento est\u00e1 ok?<\/p>\n<p class=\"MsoNormal\">() SIM<\/p>\n<p class=\"MsoNormal\">() N\u00c3O<\/p>\n<p class=\"MsoNormal\">Realiza\u00e7\u00e3o:<\/p>\n<p class=\"MsoNormal\">Cronograma realizado?<\/p>\n<p class=\"MsoNormal\">() SIM<\/p>\n<p class=\"MsoNormal\">() N\u00c3O<\/p>\n<p class=\"MsoNormal\">Cronograma atende a realiza\u00e7\u00e3o do projeto?<\/p>\n<p class=\"MsoNormal\">() SIM<\/p>\n<p class=\"MsoNormal\">() N\u00c3O<\/p>\n<p class=\"MsoNormal\">Verifica\u00e7\u00e3o:<\/p>\n<p class=\"MsoNormal\">Cronograma atende a realiza\u00e7\u00e3o do projeto?<\/p>\n<p class=\"MsoNormal\">() SIM<\/p>\n<p class=\"MsoNormal\">() N\u00c3O<\/p>\n<p class=\"MsoNormal\">Projeto atende a proposta da institui\u00e7\u00e3o escolhida?<\/p>\n<p class=\"MsoNormal\">() SIM<\/p>\n<p class=\"MsoNormal\">() N\u00c3O<\/p>\n<p class=\"MsoNormal\">Houve necessidade de mudan\u00e7a de estrat\u00e9gia?<\/p>\n<p class=\"MsoNormal\">() SIM<\/p>\n<p class=\"MsoNormal\">() N\u00c3O<\/p>\n<p class=\"MsoNormal\">Em caso positivo, mencione as mudan\u00e7as e novas estrat\u00e9gias?<\/p>\n<p class=\"MsoNormal\">4. A\u00c7\u00c3O (ACT)<\/p>\n<p class=\"MsoNormal\">A\u00c7\u00c3O PROPOSTA:<\/p>\n<p class=\"MsoNormal\">REFER\u00caNCIAS BIBLIOGR\u00c1FICAS<\/p>\n<p class=\"MsoNormal\">CAMPO OBRIGAT\u00d3RIO \u2013 Siga a normas ABNT, para isso consulte sua Biblioteca Virtual.<\/p>\n<div class=\"elementor-toggle-item\">\n<p id=\"elementor-tab-title-1941\" class=\"elementor-tab-title elementor-active\" tabindex=\"0\" role=\"tab\" data-tab=\"1\" aria-controls=\"elementor-tab-content-1941\" aria-expanded=\"true\" aria-selected=\"true\"><strong>Como funciona?<\/strong><\/p>\n<p>Elaboramos os portf\u00f3lios, j\u00e1 deixamos prontos, nas normas da ABNT e conforme os requisitos da universidade. F\u00e1cil assim! O MELHOR \u00c9 QUE VOC\u00ca COMPRA E J\u00c1 BAIXA NA HORA O SEU ARQUIVO EM WORD! Sabemos que conciliar trabalho, fam\u00edlia, vida profissional e estudos \u00e9 dif\u00edcil hoje em dia, por isso, estamos aqui para ajudar voc\u00ea. Conte com nossa qualidade, experi\u00eancia e profissionalismo adquirindo seu portf\u00f3lio conosco. GARANTIMOS SEU CONCEITO!<\/p>\n<p><strong>Como se realizam os envios?<\/strong><\/p>\n<\/div>\n<p id=\"elementor-tab-content-1942\" class=\"elementor-tab-content elementor-clearfix elementor-active\" role=\"tabpanel\" data-tab=\"2\" aria-labelledby=\"elementor-tab-title-1942\">O seu trabalho \u00e9 disponibilizado pronto, respondido e nas normas j\u00e1 na mesma hora aqui em nosso site na sua \u00e1rea de downloads e tamb\u00e9m no seu e-mail.<\/p>\n<p><strong>Em quanto tempo recebo o portf\u00f3lio?<\/strong><\/p>\n<p>Os envios s\u00e3o imediatos. Ap\u00f3s sua compra, o trabalho j\u00e1 \u00e9 disponibilizado instantaneamente aqui em nosso site e no seu e-mail.<\/p>\n<p><strong>E se o portf\u00f3lio que comprei precisar de corre\u00e7\u00e3o?<\/strong><\/p>\n<p>Caso haja alguma solicita\u00e7\u00e3o de corre\u00e7\u00e3o\/altera\u00e7\u00e3o por parte do tutor, basta entrar em contato conosco pelo\u00a0WhatsApp\u00a0que provid\u00eanciaremos sem custo algum.<\/p>\n<p><strong>Qual o formato do arquivo?<\/strong><\/p>\n<p>Os arquivos s\u00e3o enviados em formato Word e s\u00e3o edit\u00e1veis.<\/p>\n<p><strong>Caso eu tiver alguma d\u00favida, terei suporte no p\u00f3s venda?<\/strong><\/p>\n<p>Sim, com certeza. Basta clicar no \u00edcone do WhatsApp no cantinho da tela. Ser\u00e1 um prazer atend\u00ea-lo(a).<\/p>\n<div id=\"elementor-tab-content-1948\" class=\"elementor-tab-content elementor-clearfix elementor-active\" role=\"tabpanel\" data-tab=\"8\" aria-labelledby=\"elementor-tab-title-1948\">\n<p><strong>Quais os seus canais de contato?<\/strong><\/p>\n<\/div>\n<div id=\"elementor-tab-content-1949\" class=\"elementor-tab-content elementor-clearfix elementor-active\" role=\"tabpanel\" data-tab=\"9\" aria-labelledby=\"elementor-tab-title-1949\">\n<p>Whatsapp: 53 984751621 \u2013 Clicar no canto da tela ou ESCANEIE O QRCODE ABAIXO<\/p>\n<h4><img decoding=\"async\" class=\"alignnone wp-image-13699 jetpack-lazy-image jetpack-lazy-image--handled\" src=\"https:\/\/i0.wp.com\/portifolioos-prontos.com\/wp-content\/uploads\/2023\/02\/whatsapp-business-projeto-de-extensao-300x300.jpeg?resize=144%2C144\" sizes=\"(max-width: 144px) 100vw, 144px\" srcset=\"https:\/\/i0.wp.com\/portifolioos-prontos.com\/wp-content\/uploads\/2023\/02\/whatsapp-business-projeto-de-extensao.jpeg?resize=300%2C301&amp;ssl=1 300w, https:\/\/i0.wp.com\/portifolioos-prontos.com\/wp-content\/uploads\/2023\/02\/whatsapp-business-projeto-de-extensao.jpeg?resize=150%2C150&amp;ssl=1 150w, https:\/\/i0.wp.com\/portifolioos-prontos.com\/wp-content\/uploads\/2023\/02\/whatsapp-business-projeto-de-extensao.jpeg?resize=370%2C372&amp;ssl=1 370w, https:\/\/i0.wp.com\/portifolioos-prontos.com\/wp-content\/uploads\/2023\/02\/whatsapp-business-projeto-de-extensao.jpeg?resize=100%2C100&amp;ssl=1 100w, https:\/\/i0.wp.com\/portifolioos-prontos.com\/wp-content\/uploads\/2023\/02\/whatsapp-business-projeto-de-extensao.jpeg?w=470&amp;ssl=1 470w\" alt=\"projeto de extens\u00e3o unopar\" width=\"144\" height=\"144\" data-lazy-loaded=\"1\" \/><\/h4>\n<\/div>\n<div class=\"elementor-toggle-item\">\n<div id=\"elementor-tab-content-1949\" class=\"elementor-tab-content elementor-clearfix elementor-active\" role=\"tabpanel\" data-tab=\"9\" aria-labelledby=\"elementor-tab-title-1949\">\n<p>E-mail:portifoliosp@gmail.com<\/p>\n<div id=\"attachment_143\" class=\"wp-caption alignnone\">\n<div id=\"attachment_143\" class=\"wp-caption alignnone\">\n<p id=\"caption-attachment-143\" class=\"wp-caption-text\"><a href=\"http:\/\/portfolio-pronto.com\/\">Portf\u00f3lio<\/a>\u00a0em Word, respondido, completo e j\u00e1 nas normas<\/p>\n<\/div>\n<\/div>\n<\/div>\n<\/div>\n<\/div>\n","protected":false},"excerpt":{"rendered":"<div class=\"product-short-description\">\n<div><span style=\"color: #ff0000\"><strong>Compre e receba o Relat\u00f3rio Final de Atividades Extensionistas j\u00e1 preenchido, com um projeto totalmente desenvolvido para entrega.<\/strong><\/span><\/div>\n<div class=\"product-short-description\"><strong>Pague pelo PIX ou cart\u00e3o e fa\u00e7a o download agora mesmo.<\/strong><\/div>\n<div class=\"sticky-add-to-cart-wrapper\">\n<div class=\"sticky-add-to-cart\">\n<p class=\"quantity buttons_added form-flat\"><img decoding=\"async\" class=\"lazyloaded smush-image-5 smush-image-3 smush-image-4 smush-detected-img smush-image-bigger-3\" src=\"https:\/\/d26lpennugtm8s.cloudfront.net\/assets\/common\/img\/logos\/payment\/visa@2x.png\" width=\"46\" height=\"29\" data-src=\"https:\/\/d26lpennugtm8s.cloudfront.net\/assets\/common\/img\/logos\/payment\/visa@2x.png\" \/><img decoding=\"async\" class=\"lazyloaded smush-image-6 smush-image-4 smush-image-5 smush-detected-img smush-image-bigger-4\" src=\"https:\/\/d26lpennugtm8s.cloudfront.net\/assets\/common\/img\/logos\/payment\/boleto@2x.png\" width=\"43\" height=\"27\" data-src=\"https:\/\/d26lpennugtm8s.cloudfront.net\/assets\/common\/img\/logos\/payment\/boleto@2x.png\" \/><img loading=\"lazy\" decoding=\"async\" class=\"lazyloaded smush-image-7 smush-image-5 smush-image-6 smush-detected-img smush-image-bigger-5\" src=\"https:\/\/d26lpennugtm8s.cloudfront.net\/assets\/common\/img\/logos\/payment\/mastercard@2x.png\" width=\"43\" height=\"27\" data-src=\"https:\/\/d26lpennugtm8s.cloudfront.net\/assets\/common\/img\/logos\/payment\/mastercard@2x.png\" \/><img loading=\"lazy\" decoding=\"async\" class=\"lazyloaded smush-image-8 smush-image-6 smush-image-7 smush-detected-img smush-image-bigger-6\" src=\"https:\/\/d26lpennugtm8s.cloudfront.net\/assets\/common\/img\/logos\/payment\/amex@2x.png\" width=\"43\" height=\"27\" data-src=\"https:\/\/d26lpennugtm8s.cloudfront.net\/assets\/common\/img\/logos\/payment\/amex@2x.png\" \/><img loading=\"lazy\" decoding=\"async\" class=\"lazyloaded smush-image-9 smush-image-7 smush-image-8 smush-detected-img smush-image-bigger-7\" src=\"https:\/\/d26lpennugtm8s.cloudfront.net\/assets\/common\/img\/logos\/payment\/diners@2x.png\" width=\"46\" height=\"29\" data-src=\"https:\/\/d26lpennugtm8s.cloudfront.net\/assets\/common\/img\/logos\/payment\/diners@2x.png\" \/><img loading=\"lazy\" decoding=\"async\" class=\"lazyloaded smush-image-10 smush-image-8 smush-image-9 alignnone smush-detected-img smush-image-bigger-8\" src=\"https:\/\/d26lpennugtm8s.cloudfront.net\/assets\/common\/img\/logos\/payment\/br\/elo@2x.png\" alt=\"portf\u00f3lio unopar anhanguera\" width=\"45\" height=\"28\" data-src=\"https:\/\/d26lpennugtm8s.cloudfront.net\/assets\/common\/img\/logos\/payment\/br\/elo@2x.png\" \/><img loading=\"lazy\" decoding=\"async\" class=\"lazyloaded smush-image-11 smush-image-9 smush-image-10 alignnone smush-detected-img smush-image-bigger-9\" src=\"https:\/\/d26lpennugtm8s.cloudfront.net\/assets\/common\/img\/logos\/payment\/br\/hipercard@2x.png\" alt=\"portf\u00f3lio unopar anhanguera\" width=\"44\" height=\"28\" data-src=\"https:\/\/d26lpennugtm8s.cloudfront.net\/assets\/common\/img\/logos\/payment\/br\/hipercard@2x.png\" \/><img loading=\"lazy\" decoding=\"async\" class=\"lazyloaded smush-image-12 smush-image-10 smush-image-11 alignnone smush-detected-img smush-image-bigger-10\" src=\"https:\/\/d26lpennugtm8s.cloudfront.net\/assets\/common\/img\/logos\/payment\/mercadopago@2x.png\" alt=\"portf\u00f3lio unopar anhanguera\" width=\"45\" height=\"28\" data-src=\"https:\/\/d26lpennugtm8s.cloudfront.net\/assets\/common\/img\/logos\/payment\/mercadopago@2x.png\" \/><img loading=\"lazy\" decoding=\"async\" class=\"alignnone ls-is-cached lazyloaded smush-detected-img smush-image-bigger-11\" src=\"https:\/\/futurium.com.br\/wp-content\/uploads\/2021\/06\/logo-pix-icone-512.png\" alt=\"portfolio pronto\" width=\"30\" height=\"30\" data-src=\"https:\/\/futurium.com.br\/wp-content\/uploads\/2021\/06\/logo-pix-icone-512.png\" \/><\/p>\n<\/div>\n<\/div>\n<\/div>\n","protected":false},"featured_media":14245,"template":"","meta":{"_seopress_robots_primary_cat":"none","_seopress_titles_title":"%%post_title%% %%sitetitle%%","_seopress_titles_desc":"%%post_content%%","_seopress_robots_index":""},"product_cat":[132,15],"product_tag":[731],"class_list":{"0":"post-14243","1":"product","2":"type-product","3":"status-publish","4":"has-post-thumbnail","6":"product_cat-medicina-veterinaria","7":"product_cat-uncategorized","8":"product_tag-projeto-de-extensao-acao-e-difusao-cultural","10":"first","11":"instock","12":"downloadable","13":"virtual","14":"purchasable","15":"product-type-simple","16":"col-xs-6 col-sm-4","17":"col-mf-5","18":"un-5-cols"},"jetpack_sharing_enabled":true,"_links":{"self":[{"href":"https:\/\/portifolioos-prontos.com\/index.php\/wp-json\/wp\/v2\/product\/14243","targetHints":{"allow":["GET"]}}],"collection":[{"href":"https:\/\/portifolioos-prontos.com\/index.php\/wp-json\/wp\/v2\/product"}],"about":[{"href":"https:\/\/portifolioos-prontos.com\/index.php\/wp-json\/wp\/v2\/types\/product"}],"version-history":[{"count":1,"href":"https:\/\/portifolioos-prontos.com\/index.php\/wp-json\/wp\/v2\/product\/14243\/revisions"}],"predecessor-version":[{"id":44245,"href":"https:\/\/portifolioos-prontos.com\/index.php\/wp-json\/wp\/v2\/product\/14243\/revisions\/44245"}],"wp:featuredmedia":[{"embeddable":true,"href":"https:\/\/portifolioos-prontos.com\/index.php\/wp-json\/wp\/v2\/media\/14245"}],"wp:attachment":[{"href":"https:\/\/portifolioos-prontos.com\/index.php\/wp-json\/wp\/v2\/media?parent=14243"}],"wp:term":[{"taxonomy":"product_cat","embeddable":true,"href":"https:\/\/portifolioos-prontos.com\/index.php\/wp-json\/wp\/v2\/product_cat?post=14243"},{"taxonomy":"product_tag","embeddable":true,"href":"https:\/\/portifolioos-prontos.com\/index.php\/wp-json\/wp\/v2\/product_tag?post=14243"}],"curies":[{"name":"wp","href":"https:\/\/api.w.org\/{rel}","templated":true}]}}