{"id":14452,"date":"2023-03-13T19:42:49","date_gmt":"2023-03-13T22:42:49","guid":{"rendered":"https:\/\/portifolioos-prontos.com\/?post_type=product&#038;p=14452"},"modified":"2024-08-12T13:31:21","modified_gmt":"2024-08-12T16:31:21","slug":"atividade-pratica-metodos-de-prevencao-e-combate-a-sinistro","status":"publish","type":"product","link":"https:\/\/portifolioos-prontos.com\/index.php\/product\/atividade-pratica-metodos-de-prevencao-e-combate-a-sinistro\/","title":{"rendered":"ATIVIDADE PR\u00c1TICA M\u00c9TODOS DE PREVEN\u00c7\u00c3O E COMBATE A SINISTRO"},"content":{"rendered":"<h4>ATIVIDADE PR\u00c1TICA M\u00c9TODOS DE PREVEN\u00c7\u00c3O E COMBATE A SINISTRO<\/h4>\n<p>OBJETIVOS<br \/>\nA proposta desta atividade pr\u00e1tica est\u00e1 amparada nos seguintes objetivos:<br \/>\n&#8211; Promover a reflex\u00e3o sobre o tipo de risco de inc\u00eandio de acordo com cada situa\u00e7\u00e3o.<br \/>\n&#8211; Refletir sobre o projeto de emerg\u00eancia de instala\u00e7\u00f5es.<br \/>\n&#8211; Aprofundar os conhecimentos sobre como conduzir um plano de evacua\u00e7\u00e3o.<br \/>\nRECURSOS<br \/>\nComputador com acesso \u00e0 internet e ao ambiente virtual.<br \/>\nPROCEDIMENTOS PR\u00c1TICOS<br \/>\nAtividade proposta<br \/>\nIdentifica\u00e7\u00e3o de risco de inc\u00eandio e principais medidas.<br \/>\nProcedimentos para a realiza\u00e7\u00e3o da atividade<br \/>\n1) O termo risco de inc\u00eandio \u00e9 usado tanto por profissionais de inc\u00eandio quanto pelo<br \/>\np\u00fablico leigo. O que isso significa? Quaisquer a\u00e7\u00f5es, materiais ou condi\u00e7\u00f5es que<br \/>\npossam aumentar o tamanho ou a gravidade de um inc\u00eandio ou que possam<br \/>\ncausar o in\u00edcio de um inc\u00eandio s\u00e3o chamados de riscos de inc\u00eandio. O perigo<br \/>\npode ser um combust\u00edvel f\u00e1cil de inflamar ou uma fonte de calor como um<br \/>\neletrodom\u00e9stico com defeito. O perigo pode ser uma a\u00e7\u00e3o como descongelar um<br \/>\ncano com uma tocha ou uma omiss\u00e3o como deixar de limpar a chamin\u00e9 de um<br \/>\nfog\u00e3o a lenha.<br \/>\nRiscos comuns de inc\u00eandio s\u00e3o encontrados na maioria das ocupa\u00e7\u00f5es e n\u00e3o<br \/>\nest\u00e3o associados a nenhuma ocupa\u00e7\u00e3o especial. Fumar, lixo, aparelhos<br \/>\nel\u00e9tricos, armazenamento e aquecimento s\u00e3o comuns \u00e0 maioria dos tipos de<br \/>\nocupa\u00e7\u00e3o. No entanto, locais de trabalho sem fumo est\u00e3o tornando o tabagismo<br \/>\num problema menos comum. Riscos especiais de inc\u00eandio est\u00e3o ligados a algum<br \/>\nprocesso ou atividade espec\u00edfica em determinadas ocupa\u00e7\u00f5es. Produtos<br \/>\nqu\u00edmicos, pintura em spray, soldagem, p\u00f3s combust\u00edveis e l\u00edquidos inflam\u00e1veis<br \/>\ns\u00e3o exemplos de riscos especiais de inc\u00eandio.<br \/>\nProblemas el\u00e9tricos s\u00e3o uma das principais causas de inc\u00eandios. O servi\u00e7o<br \/>\nel\u00e9trico est\u00e1 presente em quase todas as estruturas. Ao observar uma torradeira<br \/>\ncomum, voc\u00ea pode ver facilmente que h\u00e1 bastante energia dispon\u00edvel para<br \/>\ncausar um inc\u00eandio. No entanto, se projetados, instalados e mantidos<br \/>\nadequadamente, os sistemas el\u00e9tricos s\u00e3o convenientes e seguros; caso<br \/>\ncontr\u00e1rio, eles podem ser respons\u00e1veis por inc\u00eandio e ferimentos. Quando um<br \/>\ncircuito el\u00e9trico que transporta corrente \u00e9 interrompido intencionalmente ou n\u00e3o,<br \/>\n\u00e9 produzido arco el\u00e9trico ou aquecimento. Os padr\u00f5es de prote\u00e7\u00e3o contra<br \/>\ninc\u00eandio tentam evitar arco el\u00e9trico e aquecimento, e contato acidental que pode<br \/>\ncausar choque el\u00e9trico.<br \/>\nPensando nisso, responda?<br \/>\na) Cite outras potenciais causas de inc\u00eandios (m\u00ednimo 5) e a import\u00e2ncia dos<br \/>\nEquipamentos de Prote\u00e7\u00e3o Coletiva (EPC) contra inc\u00eandios.<br \/>\nb) Apresente, de forma desenhada, um projeto de combate a inc\u00eandios. Veja o<br \/>\nexemplo acessando o link:<br \/>\nhttps:\/\/www.desterroeletricidade.com.br\/blog\/eletrica\/o-que-e-um-projeto-decombate-a-incendio\/<br \/>\n2) Um plano de evacua\u00e7\u00e3o de emerg\u00eancia de inc\u00eandio (PEEI) \u00e9 um documento<br \/>\nescrito que inclui a a\u00e7\u00e3o a ser tomada por todo o pessoal em caso de inc\u00eandio e<br \/>\nas provid\u00eancias para chamar a brigada de inc\u00eandio. Na maioria dos casos, a<br \/>\nempresa deve nomear pessoas para implementar o plano de a\u00e7\u00e3o contra<br \/>\ninc\u00eandio e dar-lhes treinamento adequado em procedimentos de combate a<br \/>\ninc\u00eandio e evacua\u00e7\u00e3o. Imagine que voc\u00ea foi convidado para compor essa equipe<br \/>\ne agora precisa elaborar um PEEI, para isso \u00e9 importante que voc\u00ea conhe\u00e7a<br \/>\nalgumas estrat\u00e9gia de evacua\u00e7\u00e3o de inc\u00eandio, descreva-as:<br \/>\na) Evacua\u00e7\u00e3o Simult\u00e2nea.<br \/>\nb) Evacua\u00e7\u00e3o em fases verticais.<br \/>\nc) Evacua\u00e7\u00e3o de Alarme da Equipe (Alarme Silencioso).<br \/>\nChecklist<br \/>\nPrincipais etapas para a completude da atividade pr\u00e1tica:<br \/>\n&#8211; Realiza\u00e7\u00e3o das atividades propostas<br \/>\n&#8211; Envio do relat\u00f3rio completo (com atividades e imagens quando solicitadas)<br \/>\nRESULTADO<br \/>\nEntrega do relat\u00f3rio contemplando todas as etapas da atividade pr\u00e1tica realizada,<br \/>\nassociando os conhecimentos te\u00f3ricos \u00e0 aplica\u00e7\u00e3o pr\u00e1tica.<\/p>\n<div class=\"elementor-toggle-item\">\n<h4 id=\"elementor-tab-title-1941\" class=\"elementor-tab-title elementor-active\" tabindex=\"0\" role=\"tab\" data-tab=\"1\" aria-controls=\"elementor-tab-content-1941\" aria-expanded=\"true\" aria-selected=\"true\">Como funciona?<\/h4>\n<div id=\"elementor-tab-content-1941\" class=\"elementor-tab-content elementor-clearfix elementor-active\" role=\"tabpanel\" data-tab=\"1\" aria-labelledby=\"elementor-tab-title-1941\">\n<p>Elaboramos os portf\u00f3lios, j\u00e1 deixamos prontos, nas normas da ABNT e conforme os requisitos da universidade. F\u00e1cil assim! O MELHOR \u00c9 QUE VOC\u00ca COMPRA E J\u00c1 BAIXA NA HORA O SEU ARQUIVO EM WORD! Sabemos que conciliar trabalho, fam\u00edlia, vida profissional e estudos \u00e9 dif\u00edcil hoje em dia, por isso, estamos aqui para ajudar voc\u00ea. Conte com nossa qualidade, experi\u00eancia e profissionalismo adquirindo seu portf\u00f3lio conosco. GARANTIMOS SEU CONCEITO!<\/p>\n<h4>Como se realizam os envios?<\/h4>\n<\/div>\n<\/div>\n<div class=\"elementor-toggle-item\">\n<div id=\"elementor-tab-content-1942\" class=\"elementor-tab-content elementor-clearfix elementor-active\" role=\"tabpanel\" data-tab=\"2\" aria-labelledby=\"elementor-tab-title-1942\">O seu trabalho \u00e9 disponibilizado pronto, respondido e nas normas j\u00e1 na mesma hora aqui em nosso site na sua \u00e1rea de downloads e tamb\u00e9m no seu e-mail.<\/div>\n<\/div>\n<div class=\"elementor-toggle-item\">\n<div id=\"elementor-tab-content-1943\" class=\"elementor-tab-content elementor-clearfix elementor-active\" role=\"tabpanel\" data-tab=\"3\" aria-labelledby=\"elementor-tab-title-1943\">\n<h4>Em quanto tempo recebo o portf\u00f3lio?<\/h4>\n<\/div>\n<\/div>\n<div class=\"elementor-toggle-item\">\n<div id=\"elementor-tab-content-1944\" class=\"elementor-tab-content elementor-clearfix elementor-active\" role=\"tabpanel\" data-tab=\"4\" aria-labelledby=\"elementor-tab-title-1944\">\n<p>Os envios s\u00e3o imediatos. Ap\u00f3s sua compra, o trabalho j\u00e1 \u00e9 disponibilizado instantaneamente aqui em nosso site e no seu e-mail.<\/p>\n<h4>E se o portf\u00f3lio que comprei precisar de corre\u00e7\u00e3o?<\/h4>\n<\/div>\n<\/div>\n<div class=\"elementor-toggle-item\">\n<div id=\"elementor-tab-content-1945\" class=\"elementor-tab-content elementor-clearfix elementor-active\" role=\"tabpanel\" data-tab=\"5\" aria-labelledby=\"elementor-tab-title-1945\">\n<p>Caso haja alguma solicita\u00e7\u00e3o de corre\u00e7\u00e3o\/altera\u00e7\u00e3o por parte do tutor, basta entrar em contato conosco pelo\u00a0WhatsApp\u00a0que provid\u00eanciaremos sem custo algum.<\/p>\n<h4>Qual o formato do arquivo?<\/h4>\n<\/div>\n<\/div>\n<div class=\"elementor-toggle-item\">\n<div id=\"elementor-tab-content-1946\" class=\"elementor-tab-content elementor-clearfix elementor-active\" role=\"tabpanel\" data-tab=\"6\" aria-labelledby=\"elementor-tab-title-1946\">\n<p>Os arquivos s\u00e3o enviados em formato Word e s\u00e3o edit\u00e1veis.<\/p>\n<h4>Caso eu tiver alguma d\u00favida, terei suporte no p\u00f3s venda?<\/h4>\n<\/div>\n<\/div>\n<div class=\"elementor-toggle-item\">\n<div id=\"elementor-tab-content-1948\" class=\"elementor-tab-content elementor-clearfix elementor-active\" role=\"tabpanel\" data-tab=\"8\" aria-labelledby=\"elementor-tab-title-1948\">\n<p>Sim, com certeza. Basta clicar no \u00edcone do WhatsApp no cantinho da tela. Ser\u00e1 um prazer atend\u00ea-lo(a).<\/p>\n<div class=\"elementor-toggle-item\">\n<div id=\"elementor-tab-content-1948\" class=\"elementor-tab-content elementor-clearfix elementor-active\" role=\"tabpanel\" data-tab=\"8\" aria-labelledby=\"elementor-tab-title-1948\">\n<h4>Quais os seus canais de contato?<\/h4>\n<\/div>\n<\/div>\n<div class=\"elementor-toggle-item\">\n<div id=\"elementor-tab-content-1949\" class=\"elementor-tab-content elementor-clearfix elementor-active\" role=\"tabpanel\" data-tab=\"9\" aria-labelledby=\"elementor-tab-title-1949\">\n<p>Whatsapp: 53 984751621 \u2013 Clicar no canto da tela ou ESCANEIE O QRCODE ABAIXO<\/p>\n<h4><img decoding=\"async\" class=\"alignnone wp-image-13699 jetpack-lazy-image jetpack-lazy-image--handled\" src=\"https:\/\/i0.wp.com\/portifolioos-prontos.com\/wp-content\/uploads\/2023\/02\/whatsapp-business-projeto-de-extensao-300x300.jpeg?resize=144%2C144\" sizes=\"(max-width: 144px) 100vw, 144px\" srcset=\"https:\/\/i0.wp.com\/portifolioos-prontos.com\/wp-content\/uploads\/2023\/02\/whatsapp-business-projeto-de-extensao.jpeg?resize=300%2C301&amp;ssl=1 300w, https:\/\/i0.wp.com\/portifolioos-prontos.com\/wp-content\/uploads\/2023\/02\/whatsapp-business-projeto-de-extensao.jpeg?resize=150%2C150&amp;ssl=1 150w, https:\/\/i0.wp.com\/portifolioos-prontos.com\/wp-content\/uploads\/2023\/02\/whatsapp-business-projeto-de-extensao.jpeg?resize=370%2C372&amp;ssl=1 370w, https:\/\/i0.wp.com\/portifolioos-prontos.com\/wp-content\/uploads\/2023\/02\/whatsapp-business-projeto-de-extensao.jpeg?resize=100%2C100&amp;ssl=1 100w, https:\/\/i0.wp.com\/portifolioos-prontos.com\/wp-content\/uploads\/2023\/02\/whatsapp-business-projeto-de-extensao.jpeg?w=470&amp;ssl=1 470w\" alt=\"projeto de extens\u00e3o unopar\" width=\"144\" height=\"144\" data-lazy-loaded=\"1\" \/><\/h4>\n<\/div>\n<\/div>\n<\/div>\n<\/div>\n<div class=\"elementor-toggle-item\">\n<div id=\"elementor-tab-content-1949\" class=\"elementor-tab-content elementor-clearfix elementor-active\" role=\"tabpanel\" data-tab=\"9\" aria-labelledby=\"elementor-tab-title-1949\">\n<p>E-mail:portifoliosp@gmail.com<\/p>\n<div id=\"attachment_143\" class=\"wp-caption alignnone\">\n<div id=\"attachment_143\" class=\"wp-caption alignnone\" style=\"width: 105px;\">\n<p><a href=\"http:\/\/portifolioos-prontos.com\/\"><img decoding=\"async\" class=\"wp-image-143 jetpack-lazy-image jetpack-lazy-image--handled\" title=\"portfolio pronto unopar\" src=\"https:\/\/i0.wp.com\/portifolioos-prontos.com\/wp-content\/uploads\/2022\/04\/conceitomaximo.png?resize=164%2C47\" alt=\"PORTFOLIO PRONTO UNOPAR ANHANGUERA\" width=\"105\" height=\"30\" aria-describedby=\"caption-attachment-143\" data-lazy-loaded=\"1\" \/><\/a><\/p>\n<p id=\"caption-attachment-143\" class=\"wp-caption-text\">Portf\u00f3lio em Word, respondido, completo e j\u00e1 nas normas.<\/p>\n<\/div>\n<\/div>\n<\/div>\n<\/div>\n","protected":false},"excerpt":{"rendered":"<p>ATIVIDADE PR\u00c1TICA M\u00c9TODOS DE PREVEN\u00c7\u00c3O E COMBATE A SINISTRO OBJETIVOS A proposta desta atividade pr\u00e1tica est\u00e1 amparada nos seguintes objetivos: &#8211; Promover a reflex\u00e3o sobre o tipo de risco de inc\u00eandio de acordo com cada situa\u00e7\u00e3o. &#8211; Refletir sobre o projeto de emerg\u00eancia de instala\u00e7\u00f5es. &#8211; Aprofundar os conhecimentos sobre como conduzir um plano de&hellip;<\/p>\n","protected":false},"featured_media":14454,"template":"","meta":{"_seopress_robots_primary_cat":"none","_seopress_titles_title":"%%post_title%% %%sitetitle%%","_seopress_titles_desc":"%%post_content%%","_seopress_robots_index":""},"product_cat":[133,15],"product_tag":[],"class_list":{"0":"post-14452","1":"product","2":"type-product","3":"status-publish","4":"has-post-thumbnail","6":"product_cat-gestao-de-seguranca-privada","7":"product_cat-uncategorized","9":"first","10":"instock","11":"downloadable","12":"virtual","13":"purchasable","14":"product-type-simple","15":"col-xs-6 col-sm-4","16":"col-mf-5","17":"un-5-cols"},"jetpack_sharing_enabled":true,"_links":{"self":[{"href":"https:\/\/portifolioos-prontos.com\/index.php\/wp-json\/wp\/v2\/product\/14452","targetHints":{"allow":["GET"]}}],"collection":[{"href":"https:\/\/portifolioos-prontos.com\/index.php\/wp-json\/wp\/v2\/product"}],"about":[{"href":"https:\/\/portifolioos-prontos.com\/index.php\/wp-json\/wp\/v2\/types\/product"}],"version-history":[{"count":0,"href":"https:\/\/portifolioos-prontos.com\/index.php\/wp-json\/wp\/v2\/product\/14452\/revisions"}],"wp:featuredmedia":[{"embeddable":true,"href":"https:\/\/portifolioos-prontos.com\/index.php\/wp-json\/wp\/v2\/media\/14454"}],"wp:attachment":[{"href":"https:\/\/portifolioos-prontos.com\/index.php\/wp-json\/wp\/v2\/media?parent=14452"}],"wp:term":[{"taxonomy":"product_cat","embeddable":true,"href":"https:\/\/portifolioos-prontos.com\/index.php\/wp-json\/wp\/v2\/product_cat?post=14452"},{"taxonomy":"product_tag","embeddable":true,"href":"https:\/\/portifolioos-prontos.com\/index.php\/wp-json\/wp\/v2\/product_tag?post=14452"}],"curies":[{"name":"wp","href":"https:\/\/api.w.org\/{rel}","templated":true}]}}