{"id":14499,"date":"2023-03-14T23:11:38","date_gmt":"2023-03-15T02:11:38","guid":{"rendered":"https:\/\/portifolioos-prontos.com\/?post_type=product&#038;p=14499"},"modified":"2024-05-03T20:22:08","modified_gmt":"2024-05-03T23:22:08","slug":"atividade-pratica-maquete-de-interiores","status":"publish","type":"product","link":"https:\/\/portifolioos-prontos.com\/index.php\/product\/atividade-pratica-maquete-de-interiores\/","title":{"rendered":"Atividade pr\u00e1tica Maquete de interiores"},"content":{"rendered":"<h4>Atividade pr\u00e1tica Maquete de interiores<\/h4>\n<hr \/>\n<p>OBJETIVOS<\/p>\n<p>A proposta desta atividade pr\u00e1tica est\u00e1 amparada nos seguintes objetivos:<br \/>\n\u2013 Conhecer os fundamentos da constru\u00e7\u00e3o de maquetes de interiores.<br \/>\n\u2013 Desenvolver a constru\u00e7\u00e3o de uma maquete de interiores.<\/p>\n<p>RECURSOS<br \/>\nComputador com acesso \u00e0 internet e ao ambiente virtual.<br \/>\nBase em MDF ou isopor (30cm x 30 cm),<br \/>\nPlanta baixa impressa na escala (1:25).<br \/>\nDiversos tipos de mobili\u00e1rio (impresso em escala).<br \/>\nMateriais: papel paran\u00e1, papel sulfite, papel carbono, l\u00e1pis\/lapiseira, borracha,<br \/>\nescal\u00edmetro, r\u00e9gua, jogo de esquadros, estilete, tesoura, fita adesiva, cola branca, cola<br \/>\nbast\u00e3o ,isopor, entre outros.<\/p>\n<p>PROCEDIMENTOS PR\u00c1TICOS<br \/>\nAtividade proposta<br \/>\nMaquetes s\u00e3o modelos tridimensionais, ou seja,<br \/>\nrepresenta\u00e7\u00f5es f\u00edsicas em tr\u00eas dimens\u00f5es<br \/>\nde um objeto ou espa\u00e7o determinado.<br \/>\nA maquete por ser uma representa\u00e7\u00e3o proporcional da realidade, n\u00e3o apenas enriquece a<br \/>\napresenta\u00e7\u00e3o final das ideias de projeto ao cliente como tamb\u00e9m facilita o desenvolvimento do<br \/>\nprojeto, ultrapassando o plano das ideias de modo concreto.<br \/>\nA proposta desta atividade \u00e9 a de desenvolver uma maquete de interiores de um atelier de<br \/>\nartesanato de pintura.<br \/>\nProcedimentos para a realiza\u00e7\u00e3o da atividade<br \/>\nNesta atividade voce ter\u00e1 que estudar as possibilidades de layout para um atelier de<br \/>\npintura em tela. Este atelier deve possuir no m\u00ednimo uma mesa ou bancada de trabalho,<br \/>\numa bancada para \u00e0gua e caf\u00e9 , local destinado a pintura para colocar o suporte de<br \/>\ntela e um mobili\u00e1rio para armazenamento dos materiais.<br \/>\nVoce dever\u00e1 construir a base da maquete que deve ter as dimensoes de 30 x 30 cm<br \/>\nque poder\u00e1 ser em mdf ou isopor.<br \/>\nDever\u00e1 ter impresso (em escala) a planta baixa do projeto do atelier que poder\u00e1 ser<br \/>\ncolada ou desenhada no centro da base da\u00a0<a href=\"http:\/\/portfoliopronto.com\/\">maquete<\/a>\u00a0, voce pode tamb\u00e9m com o uso<br \/>\ndo carbono transferir o desenho.<\/p>\n<p>Na sequencia voce vai confecionar o mobili\u00e1rio que poder\u00e1 ser desenhado a m\u00e3o livre<br \/>\nou feitos no computador, esses desenhos ser\u00e3o colados sobre a planta baixa. Voce<br \/>\npoder\u00e1 tamb\u00e9m, se quiser, confeccionar o mobili\u00e1rio em 3D e fix\u00e1-los.<br \/>\nA partir da planta baixa voce deve realizar as elevacoes das fachadas, que devem ser<br \/>\nfeitas na escala da maquete (1:25) , utilize o escal\u00edmetro para desenhar as portas e<br \/>\njanelas que devem ter as dimensoes conforme o quadro de esquadrias abaixo. As<br \/>\nportas e janelas devem ser recortadas e retiradas das paredes. Se quiser poder\u00e1 utilizar<br \/>\nmateriais diferentes para representar as portas e janelas.<br \/>\nA planta baixa para elabora\u00e7\u00e3o da maquete de interiores est\u00e1 representada na figura a<br \/>\nseguir:<\/p>\n<p>Checklist<br \/>\nPrincipais etapas para a realiza\u00e7\u00e3o da atividade pr\u00e1tica:<br \/>\n\u2013 Fotografar os materiais utilizados.<br \/>\n-Desenvolver a base da maquete.<br \/>\n-Fotografar a base da maquete ( m\u00ednimo 2 fotos)<br \/>\n\u2013 Desenhar a planta baixa na escala (1:25) e decidir o layout interno.<br \/>\n-Colar imagens do mobili\u00e1rio ou executa-lo em 3D.( o mobili\u00e1rio deve estar porporcional<br \/>\n\u00e0 escala da planta-baixa)<br \/>\n-Fotografar o mobili\u00e1rio j\u00e1 posicionado na base da maquete ( m\u00ednimo 2 fotos)<\/p>\n<p>\u2013 Cortar e colar as paredes da edifica\u00e7\u00e3o.<br \/>\n-Fotografar a execu\u00e7\u00e3o das paredes da edifica\u00e7\u00e3o ( m\u00ednimo 2 fotos)<br \/>\n\u2013 Montar a maquete.<br \/>\n-Fotografar a maquete finalizada de cima , de todas as vistas e em perspectiiva. (m\u00ednimo<br \/>\n6 fotos)<\/p>\n<p>RESULTADO<br \/>\nEntrega de um arquivo em PDF, arquivo \u00fanico, com a identifica\u00e7\u00e3o do aluno, contendo<br \/>\nas imagens de todo o processo de constru\u00e7\u00e3o da maquete desde a base at\u00e9 a<br \/>\nexecu\u00e7\u00e3o das paredes.<\/p>\n<div class=\"elementor-toggle-item\">\n<h4 id=\"elementor-tab-title-1941\" class=\"elementor-tab-title elementor-active\" tabindex=\"0\" role=\"tab\" data-tab=\"1\" aria-controls=\"elementor-tab-content-1941\" aria-expanded=\"true\" aria-selected=\"true\">Como funciona?<\/h4>\n<div id=\"elementor-tab-content-1941\" class=\"elementor-tab-content elementor-clearfix elementor-active\" role=\"tabpanel\" data-tab=\"1\" aria-labelledby=\"elementor-tab-title-1941\">\n<p>Elaboramos os portf\u00f3lios, j\u00e1 deixamos prontos, nas normas da ABNT e conforme os requisitos da universidade. F\u00e1cil assim! O MELHOR \u00c9 QUE VOC\u00ca COMPRA E J\u00c1 BAIXA NA HORA O SEU ARQUIVO EM WORD! Sabemos que conciliar trabalho, fam\u00edlia, vida profissional e estudos \u00e9 dif\u00edcil hoje em dia, por isso, estamos aqui para ajudar voc\u00ea. Conte com nossa qualidade, experi\u00eancia e profissionalismo adquirindo seu portf\u00f3lio conosco. GARANTIMOS SEU CONCEITO!<\/p>\n<h4>Como se realizam os envios?<\/h4>\n<\/div>\n<\/div>\n<div class=\"elementor-toggle-item\">\n<div id=\"elementor-tab-content-1942\" class=\"elementor-tab-content elementor-clearfix elementor-active\" role=\"tabpanel\" data-tab=\"2\" aria-labelledby=\"elementor-tab-title-1942\">O seu trabalho \u00e9 disponibilizado pronto, respondido e nas normas j\u00e1 na mesma hora aqui em nosso site na sua \u00e1rea de downloads e tamb\u00e9m no seu e-mail.<\/div>\n<\/div>\n<div class=\"elementor-toggle-item\">\n<div id=\"elementor-tab-content-1943\" class=\"elementor-tab-content elementor-clearfix elementor-active\" role=\"tabpanel\" data-tab=\"3\" aria-labelledby=\"elementor-tab-title-1943\">\n<h4>Em quanto tempo recebo o portf\u00f3lio?<\/h4>\n<\/div>\n<\/div>\n<div class=\"elementor-toggle-item\">\n<div id=\"elementor-tab-content-1944\" class=\"elementor-tab-content elementor-clearfix elementor-active\" role=\"tabpanel\" data-tab=\"4\" aria-labelledby=\"elementor-tab-title-1944\">\n<p>Os envios s\u00e3o imediatos. Ap\u00f3s sua compra, o trabalho j\u00e1 \u00e9 disponibilizado instantaneamente aqui em nosso site e no seu e-mail.<\/p>\n<h4>E se o portf\u00f3lio que comprei precisar de corre\u00e7\u00e3o?<\/h4>\n<\/div>\n<\/div>\n<div class=\"elementor-toggle-item\">\n<div id=\"elementor-tab-content-1945\" class=\"elementor-tab-content elementor-clearfix elementor-active\" role=\"tabpanel\" data-tab=\"5\" aria-labelledby=\"elementor-tab-title-1945\">\n<p>Caso haja alguma solicita\u00e7\u00e3o de corre\u00e7\u00e3o\/altera\u00e7\u00e3o por parte do tutor, basta entrar em contato conosco pelo\u00a0WhatsApp\u00a0que provid\u00eanciaremos sem custo algum.<\/p>\n<h4>Qual o formato do arquivo?<\/h4>\n<\/div>\n<\/div>\n<div class=\"elementor-toggle-item\">\n<div id=\"elementor-tab-content-1946\" class=\"elementor-tab-content elementor-clearfix elementor-active\" role=\"tabpanel\" data-tab=\"6\" aria-labelledby=\"elementor-tab-title-1946\">\n<p>Os arquivos s\u00e3o enviados em formato Word e s\u00e3o edit\u00e1veis.<\/p>\n<h4>Caso eu tiver alguma d\u00favida, terei suporte no p\u00f3s venda?<\/h4>\n<\/div>\n<\/div>\n<div class=\"elementor-toggle-item\">\n<div id=\"elementor-tab-content-1948\" class=\"elementor-tab-content elementor-clearfix elementor-active\" role=\"tabpanel\" data-tab=\"8\" aria-labelledby=\"elementor-tab-title-1948\">\n<p>Sim, com certeza. Basta clicar no \u00edcone do WhatsApp no cantinho da tela. Ser\u00e1 um prazer atend\u00ea-lo(a).<\/p>\n<div class=\"elementor-toggle-item\">\n<div id=\"elementor-tab-content-1948\" class=\"elementor-tab-content elementor-clearfix elementor-active\" role=\"tabpanel\" data-tab=\"8\" aria-labelledby=\"elementor-tab-title-1948\">\n<h4>Quais os seus canais de contato?<\/h4>\n<\/div>\n<\/div>\n<div class=\"elementor-toggle-item\">\n<div id=\"elementor-tab-content-1949\" class=\"elementor-tab-content elementor-clearfix elementor-active\" role=\"tabpanel\" data-tab=\"9\" aria-labelledby=\"elementor-tab-title-1949\">\n<p>Whatsapp: 53 984751621 \u2013 Clicar no canto da tela ou ESCANEIE O QRCODE ABAIXO<\/p>\n<h4><img decoding=\"async\" class=\"alignnone wp-image-13699 jetpack-lazy-image jetpack-lazy-image--handled\" src=\"https:\/\/i0.wp.com\/portifolioos-prontos.com\/wp-content\/uploads\/2023\/02\/whatsapp-business-projeto-de-extensao-300x300.jpeg?resize=144%2C144\" sizes=\"(max-width: 144px) 100vw, 144px\" srcset=\"https:\/\/i0.wp.com\/portifolioos-prontos.com\/wp-content\/uploads\/2023\/02\/whatsapp-business-projeto-de-extensao.jpeg?resize=300%2C301&amp;ssl=1 300w, https:\/\/i0.wp.com\/portifolioos-prontos.com\/wp-content\/uploads\/2023\/02\/whatsapp-business-projeto-de-extensao.jpeg?resize=150%2C150&amp;ssl=1 150w, https:\/\/i0.wp.com\/portifolioos-prontos.com\/wp-content\/uploads\/2023\/02\/whatsapp-business-projeto-de-extensao.jpeg?resize=370%2C372&amp;ssl=1 370w, https:\/\/i0.wp.com\/portifolioos-prontos.com\/wp-content\/uploads\/2023\/02\/whatsapp-business-projeto-de-extensao.jpeg?resize=100%2C100&amp;ssl=1 100w, https:\/\/i0.wp.com\/portifolioos-prontos.com\/wp-content\/uploads\/2023\/02\/whatsapp-business-projeto-de-extensao.jpeg?w=470&amp;ssl=1 470w\" alt=\"projeto de extens\u00e3o unopar\" width=\"144\" height=\"144\" data-lazy-loaded=\"1\" \/><\/h4>\n<\/div>\n<\/div>\n<\/div>\n<\/div>\n<div class=\"elementor-toggle-item\">\n<div id=\"elementor-tab-content-1949\" class=\"elementor-tab-content elementor-clearfix elementor-active\" role=\"tabpanel\" data-tab=\"9\" aria-labelledby=\"elementor-tab-title-1949\">\n<p>E-mail:portifoliosp@gmail.com<\/p>\n<div id=\"attachment_143\" class=\"wp-caption alignnone\">\n<div id=\"attachment_143\" class=\"wp-caption alignnone\" style=\"width: 91px;\">\n<p><a href=\"http:\/\/portifolioos-prontos.com\/\"><img decoding=\"async\" class=\"wp-image-143 jetpack-lazy-image jetpack-lazy-image--handled\" title=\"portfolio pronto unopar\" src=\"https:\/\/i0.wp.com\/portifolioos-prontos.com\/wp-content\/uploads\/2022\/04\/conceitomaximo.png?resize=164%2C47\" alt=\"PORTFOLIO PRONTO UNOPAR ANHANGUERA\" width=\"91\" height=\"26\" aria-describedby=\"caption-attachment-143\" data-lazy-loaded=\"1\" \/><\/a><\/p>\n<p id=\"caption-attachment-143\" class=\"wp-caption-text\">Portf\u00f3lio em Word, respondido, completo e j\u00e1 nas normas.<\/p>\n<\/div>\n<\/div>\n<\/div>\n<\/div>\n","protected":false},"excerpt":{"rendered":"<p>Atividade pr\u00e1tica Maquete de interiores OBJETIVOS A proposta desta atividade pr\u00e1tica est\u00e1 amparada nos seguintes objetivos: \u2013 Conhecer os fundamentos da constru\u00e7\u00e3o de maquetes de interiores. \u2013 Desenvolver a constru\u00e7\u00e3o de uma maquete de interiores. RECURSOS Computador com acesso \u00e0 internet e ao ambiente virtual. Base em MDF ou isopor (30cm x 30 cm), Planta&hellip;<\/p>\n","protected":false},"featured_media":14501,"template":"","meta":{"_seopress_robots_primary_cat":"none","_seopress_titles_title":"","_seopress_titles_desc":"","_seopress_robots_index":""},"product_cat":[15],"product_tag":[],"class_list":{"0":"post-14499","1":"product","2":"type-product","3":"status-publish","4":"has-post-thumbnail","6":"product_cat-uncategorized","8":"first","9":"instock","10":"downloadable","11":"virtual","12":"purchasable","13":"product-type-simple","14":"col-xs-6 col-sm-4","15":"col-mf-5","16":"un-5-cols"},"jetpack_sharing_enabled":true,"_links":{"self":[{"href":"https:\/\/portifolioos-prontos.com\/index.php\/wp-json\/wp\/v2\/product\/14499","targetHints":{"allow":["GET"]}}],"collection":[{"href":"https:\/\/portifolioos-prontos.com\/index.php\/wp-json\/wp\/v2\/product"}],"about":[{"href":"https:\/\/portifolioos-prontos.com\/index.php\/wp-json\/wp\/v2\/types\/product"}],"version-history":[{"count":0,"href":"https:\/\/portifolioos-prontos.com\/index.php\/wp-json\/wp\/v2\/product\/14499\/revisions"}],"wp:featuredmedia":[{"embeddable":true,"href":"https:\/\/portifolioos-prontos.com\/index.php\/wp-json\/wp\/v2\/media\/14501"}],"wp:attachment":[{"href":"https:\/\/portifolioos-prontos.com\/index.php\/wp-json\/wp\/v2\/media?parent=14499"}],"wp:term":[{"taxonomy":"product_cat","embeddable":true,"href":"https:\/\/portifolioos-prontos.com\/index.php\/wp-json\/wp\/v2\/product_cat?post=14499"},{"taxonomy":"product_tag","embeddable":true,"href":"https:\/\/portifolioos-prontos.com\/index.php\/wp-json\/wp\/v2\/product_tag?post=14499"}],"curies":[{"name":"wp","href":"https:\/\/api.w.org\/{rel}","templated":true}]}}