{"id":14756,"date":"2023-03-23T21:56:12","date_gmt":"2023-03-24T00:56:12","guid":{"rendered":"https:\/\/portifolioos-prontos.com\/?post_type=product&#038;p=14756"},"modified":"2024-05-14T11:20:16","modified_gmt":"2024-05-14T14:20:16","slug":"atividade-pratica-gestao-de-recursos-hidricos-e-bacias-hidrograficas","status":"publish","type":"product","link":"https:\/\/portifolioos-prontos.com\/index.php\/product\/atividade-pratica-gestao-de-recursos-hidricos-e-bacias-hidrograficas\/","title":{"rendered":"ATIVIDADE PR\u00c1TICA GEST\u00c3O DE RECURSOS H\u00cdDRICOS E BACIAS HIDROGR\u00c1FICAS"},"content":{"rendered":"<p>ATIVIDADE PR\u00c1TICA GEST\u00c3O DE RECURSOS H\u00cdDRICOS E BACIAS HIDROGR\u00c1FICAS<\/p>\n<p>ATIVIDADE PR\u00c1TICA<br \/>\nGEST\u00c3O DE RECURSOS H\u00cdDRICOS E BACIAS<br \/>\nHIDROGR\u00c1FICAS<br \/>\nOBJETIVOS<br \/>\nA proposta desta atividade pr\u00e1tica est\u00e1 amparada nos seguintes objetivos:<br \/>\n&#8211; Compreender a import\u00e2ncia do geoprocessamento para o planejamento e gest\u00e3o de bacias<br \/>\nhidrogr\u00e1ficas; e<br \/>\n&#8211; Utilizar software de Sistema de Informa\u00e7\u00f5es Geogr\u00e1ficas base de dados vetorial para<br \/>\ndetermina\u00e7\u00e3o do Coeficiente de Compacidade e verificar e tend\u00eancia de haver picos de<br \/>\nenchente.<br \/>\nRECURSOS<br \/>\nComputador com acesso \u00e0 internet, Software de Sistema de Informa\u00e7\u00f5es Geogr\u00e1ficas, dados<br \/>\nvetoriais.<br \/>\nPROCEDIMENTOS PR\u00c1TICOS<br \/>\nAtividade proposta<br \/>\nUtilizar software de Sistema de Informa\u00e7\u00e3o Geogr\u00e1fica, aberto e gratuito, e base de dados vetoriais<br \/>\npara determinar o Coeficiente de Compacidade.<br \/>\nProcedimentos para a realiza\u00e7\u00e3o da atividade<br \/>\nPrimeiramente vamos entender o que \u00e9 e para que serve o coeficiente de compacidade (Kc) de<br \/>\numa bacia hidrogr\u00e1fica. Este \u00e9 um \u00edndice que informa a respeito da susceptibilidade da ocorr\u00eancia<br \/>\nde inunda\u00e7\u00f5es nas partes baixas da bacia e \u00e9 definido pela rela\u00e7\u00e3o entre o per\u00edmetro da bacia e o<br \/>\nper\u00edmetro do c\u00edrculo de igual \u00e1rea. \u00c9 expresso pela f\u00f3rmula:<br \/>\nBacias que apresentam este coeficiente pr\u00f3ximo de 1 s\u00e3o mais compactas, tendem a concentrar<br \/>\no escoamento e s\u00e3o mais suscept\u00edveis a inunda\u00e7\u00f5es.<br \/>\n1) Aquisi\u00e7\u00e3o do Software<br \/>\nPrimeiramente \u00e9 necess\u00e1rio realizar o download do software QGIS, que \u00e9 um software livre e<br \/>\ngratuito que permite trabalhos com imagens raster e vetorial.<br \/>\nPara baixar o software voc\u00ea deve acessar ao site: https:\/\/www.qgis.org\/pt_BR\/site\/. \u00c9 importante<br \/>\ninformar que esse \u00e9 um software que est\u00e1 em constante atualiza\u00e7\u00e3o, portanto pode ser que a<br \/>\np\u00e1gina esteja com outro layout quando voc\u00ea acessar. Na p\u00e1gina do QGIS \u00e9 poss\u00edvel baixar<br \/>\ndiferentes vers\u00f5es e, para tanto, na p\u00e1gina principal clique no bot\u00e3o \u201cBaixe Agora\u201d. Voc\u00ea ser\u00e1<br \/>\ndirecionado para outra p\u00e1gina e rolando um pouco a p\u00e1gina ter\u00e1 as op\u00e7\u00f5es:<br \/>\nFigura 1.1: Escolha da Vers\u00e3o do QGis<br \/>\nA vers\u00e3o 3.20 \u00e9 mais recente e foi a que escolhemos para este manual. Clique em QGIS<br \/>\nStandalone Installer Version 3.22 para fazer o download (isso pode demorar um pouco, pois o<br \/>\nprograma tem cerca de 2Gb). A justificativa \u00e9 que a vers\u00e3o 3.22 \u00e9 mais est\u00e1vel que a vers\u00e3o mais<br \/>\nrecente (3.26).<br \/>\n2) Instala\u00e7\u00e3o do Software<br \/>\nPosterior ao download \u00e9 s\u00f3 clicar no arquivo de instala\u00e7\u00e3o e seguir as instru\u00e7\u00f5es. Deixe<br \/>\nhabilitada a op\u00e7\u00e3o de criar Atalho, pois \u00e9 muito mais f\u00e1cil iniciar o software pelo atalho do que pela<br \/>\npasta do programa. Ap\u00f3s a instala\u00e7\u00e3o dever\u00e1 ser criada uma pasta na \u00e1rea de trabalho com os<br \/>\nseguintes atalhos:<br \/>\nFigura 2.1: Pasta com atalhos do Qgis<br \/>\nPara acessar o QGIS clique em QGIS Desktop 3.22.3 (ou outra vers\u00e3o, dependendo da<br \/>\nvers\u00e3o que voc\u00ea optou para baixar) \u2013 o programa pode demorar um pouco para abrir.<br \/>\n3) Aquisi\u00e7\u00e3o dos dados Vetoriais<br \/>\nVamos utilizar dados do Sistema de Informa\u00e7\u00f5es de Recursos H\u00eddricos, dispon\u00edvel na<br \/>\ninternet para efetuar este trabalho. Vamos utilizar o arquivo \u201cSub-bacias Hidrogr\u00e1ficas DNAEE\u201d<br \/>\ndispon\u00edvel em<br \/>\nhttps:\/\/metadados.snirh.gov.br\/geonetwork\/srv\/por\/catalog.search#\/metadata\/8b4d4fbd-8622-<br \/>\n4116-8991-0a0530c02690.<br \/>\nAo acessar o link voc\u00ea ter\u00e1 acesso a esta p\u00e1gina:<br \/>\nFigura: 3.1 P\u00e1gina de acesso para download dos dados<br \/>\nClique no link destacado em extens\u00e3o shapefile (shp), conforme indicado. Os dados vir\u00e3o<br \/>\ncompactados, portanto, voc\u00ea dever\u00e1 utilizar um descompactador de arquivos.<\/p>\n<p>4) Abrindo os dados no Software<br \/>\nPois bem, vamos abrir os dados no QGis. Ao abrir o software (pode demorar um pouco)<br \/>\nclique em \u201cProjeto \u2192 Novo\u201d ou no \u00edcone da folha em branco (\u201cnovo projeto\u201d) para iniciar um projeto:<br \/>\nFigura 4.1: Iniciar projeto<br \/>\n\u00c9 necess\u00e1rio, inicialmente, definir o sistema de coordenadas. Para tanto, clique em<br \/>\n\u201cProjeto\u201d \u2192 Propriedades (ou ctrl + shit + P). Se voc\u00ea quiser saber mais informa\u00e7\u00f5es sobre o motivo<br \/>\ndessa etapa ser necess\u00e1ria acesse este link: https:\/\/www.2eceesistanbul.org\/sistemasgeodesicos-de-referencia-sgrbrasileiro\/#:~:text=Existem%20v%C3%A1rios%20sistemas%20de%20refer%C3%AAncia,na%20<br \/>\nsuperf%C3%ADcie%20f%C3%ADsica%20da%20terra.<br \/>\nComo o Datum adotado no Brasil \u00e9 o SIRGAS2000, vamos utilizar este.<br \/>\nFigura 4.2 \u2013 Sele\u00e7\u00e3o do Sistema de Refer\u00eancia<br \/>\nEm filtro, procure por SIRGAS 2000 \/ UTM Brazil Polyconic, em seguida clique em Apply<br \/>\n(aplicar).<br \/>\nPara inserir os dados no QGsis clique em \u201cCamada \u2192 Adicionar Camada \u2192 Adicionar<br \/>\nCamada Vetorial\u201d:<br \/>\nFigura 4.3 \u2013 Adicionar camada Vetorial<br \/>\nClique em \u201cbuscar\u201d (os \u201c&#8230;\u201d que aparece ao lado da caixa de texto).<br \/>\nFigura 4.4: Procurar dados<br \/>\nV\u00e1 at\u00e9 a pasta em que voc\u00ea salvou os dados \u201cSub-bacias Hidrogr\u00e1ficas DNAEE\u201d e clique<br \/>\nna que tem extens\u00e3o SHP (importante! Na pasta voc\u00ea ver\u00e1 7 arquivos, todos importantes, mas<br \/>\napenas o SHP \u00e9 poss\u00edvel abrir):<br \/>\nFigura 4.5: Selecionar SHP<br \/>\nDepois desses passos, voc\u00ea ter\u00e1 um mapa do Brasil na tela, assim (a cor pode variar):<br \/>\nFigura 4.6: Tela QGis com os dados vetorias<br \/>\nAgora \u00e9 necess\u00e1rio reprojetar os dados para ficar no mesmo sistema de coordenadas do<br \/>\nprojeto. Para tanto clique em Vetor \u2192 Gerenciar Dados \u2192 Reprojetar camada.<br \/>\nFigura 4.7: Reprojetar camada<br \/>\nAo clicar em Reprojetar Camada abrir\u00e1 uma janela. Em SRC de destino clique no \u00edcone<br \/>\ndo planeta e abrir\u00e1 outra janela. Nesta janela, procure pelo SRC Sirgas 2000 \/ Brazil Polyconic.<br \/>\nPosteriormente, clique em Ok e a janela se fechar\u00e1. Na outra janela role para baixo at\u00e9 encontrar<br \/>\na caixa de texto \u201creprojetado\u201d e nas \u201c&#8230;\u201d escolha um local e um nome (escolha salvar no arquivo)<br \/>\npara gravar os dados reprojetados. Em seguida clique em Executar.<br \/>\nFigura 4.8: Reprojetando<br \/>\nFigura 4.9: Salvar reprojetado<br \/>\nAgora que j\u00e1 temos os dados prontos para serem trabalhados, vamos determinar os<br \/>\ncoeficientes de compacidade de cada uma das bacias.<br \/>\n5) Determinando os coeficientes de compacidade<br \/>\nPara a determina\u00e7\u00e3o do coeficiente de compacidade precisamos dos valores da \u00e1rea e<br \/>\ndo per\u00edmetro da bacia. N\u00f3s vamos inserir esses dados na tabela de atributos. Para acessar a<br \/>\ntabela de atributos, clique com o bot\u00e3o direito sobre o nome da camada (em camadas) e, em<br \/>\nseguida, clique em Abrir Tabela de Atributos \u2013 ou apenas clique em F6.<br \/>\nA janela de atributos aparecer\u00e1. Clique no l\u00e1pis \u00e0 direita (Alternar Modo de Edi\u00e7\u00e3o) ou<br \/>\ndigite Ctrl + E e, em seguida, abrir calculadora de campo.<br \/>\nFigura 5.1 \u2013 Tabela de Atributos<br \/>\nAo abrir a calculadora de campo abrir\u00e1 a seguinte janela, clique em Geometria.<br \/>\nFigura 5.2 \u2013 Calculadora de Campo<br \/>\nPosteriormente, escolha um nome para campo de sa\u00edda (Per\u00edmetro, por exemplo) e<br \/>\nencontre na lista de Geometria $perimeter. Mude o tipo de campo de sa\u00edda para N\u00famero Decimal<br \/>\n(Real):<br \/>\nAtivar<br \/>\nedi\u00e7\u00e3o<br \/>\nCalculadora<br \/>\nFigura 5.3: Criando as novas colunas<br \/>\nClique duas vezes sobre $perimeter e uma coluna com os valores do per\u00edmetro ser\u00e1<br \/>\ncriada na tabela de atributos. Repita a mesma opera\u00e7\u00e3o para cria\u00e7\u00e3o de uma coluna de \u00e1rea. Sua<br \/>\nTabela de Atributos ficar\u00e1 assim:<br \/>\nFigura 5.4: Tabela de atributos com as colunas de Per\u00edmetro e \u00c1rea<br \/>\nAgora, vamos utilizar a calculadora de campo para determinar o Coeficiente de<br \/>\nCompacidade (Kc), lembrando que a f\u00f3rmula \u00e9:<br \/>\nOnde:<br \/>\nP = Per\u00edmetro<br \/>\nA = \u00c1rea<br \/>\nVamos criar mais uma coluna na Tabela de Atributos, portanto, com a tabela aberta e com<br \/>\no modo de edi\u00e7\u00e3o ativado, clique sobre a calculadora de campo. N\u00f3s vamos agora utilizar a f\u00f3rmula<br \/>\ndo Kc. N\u00e3o use v\u00edrgula, utilize ponto!<br \/>\nPortanto, sua f\u00f3rmula ficar\u00e1 assim na calculadora de campo: 0.28* &#8220;perimetro&#8221; \/ &#8220;area&#8221;<br \/>\n^ 0.5<br \/>\nFigura 5.5: Calculadora de campo e express\u00e3o do Kc<br \/>\n1) Local para descrever a express\u00e3o. Elevar a \u00e1rea a 0,5 tem o mesmo resultado<br \/>\nque a raiz quadrada, mas \u00e9 mais simples de se utilizar nesta calculadora;<br \/>\n2) Clicar em campos e valores para acessar as colunas da tabela de atributos;<br \/>\n3) Selecionar Per\u00edmetro e \u00c1rea para a equa\u00e7\u00e3o (clique duas vezes sobre o nome<br \/>\nda coluna para ele ser inserido na equa\u00e7\u00e3o);<br \/>\n4) Alterar para n\u00famero decimal (real).<br \/>\nAssim, ser\u00e1 criada outra coluna na sua tabela de atributos com os valores do Kc.<br \/>\n1<br \/>\n2<br \/>\n3<br \/>\n4<br \/>\nFigura 5.6: Coluna Kc<br \/>\nAgora, vamos organizar os dados a partir da coluna Kc. Para tanto, \u00e9 s\u00f3 clicar sobre o<br \/>\nnome da coluna e os dados ser\u00e3o organizados em ordem crescente e, clicando novamente, em<br \/>\nordem decrescente.<br \/>\nDesta forma, podemos observar que o maior Kc \u00e9 da bacia Litor\u00e2neas de S\u00e3o Paulo, com<br \/>\n3,025 e, o menor Kc \u00e9 da bacia Piranhas, A\u00e7u e outros com 1,291.<br \/>\nO Kc \u00e9 sempre um valor &gt; 1 e, se o valor fosse 1 a bacia seria um c\u00edrculo perfeito, assim,<br \/>\nquanto menor o Kc mais circular \u00e9 a bacia. Bacias que apresentam este coeficiente pr\u00f3ximo de 1<br \/>\ns\u00e3o mais compactas, tendem a concentrar o escoamento e s\u00e3o mais suscept\u00edveis a inunda\u00e7\u00f5es.<br \/>\nA tabela, portanto, tem a capacidade de indicar quais s\u00e3o as bacias que s\u00e3o mais<br \/>\nsuscept\u00edvies a inunda\u00e7\u00f5es, de acordo com o Kc.<br \/>\nCaso voc\u00ea queria ver as bacias no mapa \u00e9 muito simples. Selecione a linha na Janela de<br \/>\nAtributos, clicando sobre o n\u00famero da linha (mais a esquerda). A\u00ed s\u00f3 voltar para a tela principal do<br \/>\nQgis, o pol\u00edgono da bacia estar\u00e1 em destaque. Segurando a tecla Shift e seleocionado as linhas,<br \/>\ntodos os pol\u00edgonos ficar\u00e3o em destaque no mapa.<br \/>\nFigura 5.7: Sele\u00e7\u00e3o das 10 bacias com menor KC<br \/>\nFigura 5.8: Bacias destacadas na tela do Qgis<br \/>\nAgora voc\u00ea pode procurar outros dados e aplicar a mesma t\u00e9cnica! Inclusive pode estudar<br \/>\noutros par\u00e2metros morfom\u00e9tricos de bacia hidrogr\u00e1fica que s\u00e3o muito importantes para o<br \/>\nplanejamento e gest\u00e3o das bacias hidrogr\u00e1ficas.<br \/>\nChecklist<br \/>\nPrincipais etapas para a completude da atividade pr\u00e1tica:<br \/>\nVoc\u00ea dever\u00e1 entregar um documento em \u201cWord\u201d, na forma de um artigo, contemplando:<br \/>\n&#8211; T\u00edtulo, Autoria;<br \/>\n&#8211; Resumo (com at\u00e9 2000 palavras)<br \/>\n&#8211; Palavras Chave (entre 3 e 5);<br \/>\n&#8211; Introdu\u00e7\u00e3o (explicar brevemente o que ser\u00e1 apresentado, sem discutir os resultados)<br \/>\n&#8211; Materiais e m\u00e9todos:<br \/>\n&#8211; Explicar o que \u00e9 coeficiente de compacidade e sua import\u00e2ncia;<br \/>\n&#8211; As ferramentas que ser\u00e3o utilizadas (software, mapa das bacias) e como ser\u00e1 o<br \/>\nprocesso de elabora\u00e7\u00e3o da planilha com o Kc. Voc\u00ea dever\u00e1 seguir os passos das<br \/>\ninstru\u00e7\u00f5es tirando \u201cprint screen\u201d de pelo menos as telas:<br \/>\n&#8211; Insta\u00e7\u00e3o do Qgis;<br \/>\n&#8211; Tela do Qgis com a imagem do mapa;<br \/>\n&#8211; Janela de Atributos (planilha) com os dados de \u00c1rea, Per\u00edmetro e Kc;<br \/>\n&#8211; Tela do Qgis demonstrando sele\u00e7\u00e3o de bacias a partir da sele\u00e7\u00e3o das<br \/>\nlinhas na Janela de Atributos.<br \/>\n&#8211; Resultados<br \/>\n&#8211; An\u00e1lise do Coeficiente de Compacidade: explicar o que \u00e9 e quais s\u00e3o as tr\u00eas<br \/>\nbacias com maior e e as tr\u00eas bacias com menor Kc e o que isso significa.<br \/>\n&#8211; Considera\u00e7\u00f5es Finais<br \/>\n&#8211; Explicar como os par\u00e2metros morfom\u00e9tricos de bacias hidrogr\u00e1ficas podem<br \/>\nauxiliar no planjemento e gest\u00e3o de bacias hidrogr\u00e1ficas;<br \/>\n&#8211; Conclua seu trabalho explicando a import\u00e2ncia deste trabalho para sua forma\u00e7\u00e3o<br \/>\nprofissional.<br \/>\n&#8211; Refer\u00eancias Bibliogr\u00e1ficas<br \/>\n&#8211; Utilizar ao menos tr\u00eas refer\u00eancias, descritas nas normas da ABNT.<br \/>\nRESULTADO<br \/>\nEntrega de um arquivo word que contemple todas as etapas da atividade pr\u00e1tica, conforme<br \/>\napresentado no checklist.<\/p>\n<div class=\"elementor-toggle-item\">\n<h4 id=\"elementor-tab-title-1941\" class=\"elementor-tab-title elementor-active\" tabindex=\"0\" role=\"tab\" data-tab=\"1\" aria-controls=\"elementor-tab-content-1941\" aria-expanded=\"true\" aria-selected=\"true\">Como funciona?<\/h4>\n<div id=\"elementor-tab-content-1941\" class=\"elementor-tab-content elementor-clearfix elementor-active\" role=\"tabpanel\" data-tab=\"1\" aria-labelledby=\"elementor-tab-title-1941\">\n<p>Elaboramos os portf\u00f3lios, j\u00e1 deixamos prontos, nas normas da ABNT e conforme os requisitos da universidade. F\u00e1cil assim! O MELHOR \u00c9 QUE VOC\u00ca COMPRA E J\u00c1 BAIXA NA HORA O SEU ARQUIVO EM WORD! Sabemos que conciliar trabalho, fam\u00edlia, vida profissional e estudos \u00e9 dif\u00edcil hoje em dia, por isso, estamos aqui para ajudar voc\u00ea. Conte com nossa qualidade, experi\u00eancia e profissionalismo adquirindo seu portf\u00f3lio conosco. GARANTIMOS SEU CONCEITO!<\/p>\n<h4>Como se realizam os envios?<\/h4>\n<\/div>\n<\/div>\n<div class=\"elementor-toggle-item\">\n<div id=\"elementor-tab-content-1942\" class=\"elementor-tab-content elementor-clearfix elementor-active\" role=\"tabpanel\" data-tab=\"2\" aria-labelledby=\"elementor-tab-title-1942\">O seu trabalho \u00e9 disponibilizado pronto, respondido e nas normas j\u00e1 na mesma hora aqui em nosso site na sua \u00e1rea de downloads e tamb\u00e9m no seu e-mail.<\/div>\n<\/div>\n<div class=\"elementor-toggle-item\">\n<div id=\"elementor-tab-content-1943\" class=\"elementor-tab-content elementor-clearfix elementor-active\" role=\"tabpanel\" data-tab=\"3\" aria-labelledby=\"elementor-tab-title-1943\">\n<h4>Em quanto tempo recebo o portf\u00f3lio?<\/h4>\n<\/div>\n<\/div>\n<div class=\"elementor-toggle-item\">\n<div id=\"elementor-tab-content-1944\" class=\"elementor-tab-content elementor-clearfix elementor-active\" role=\"tabpanel\" data-tab=\"4\" aria-labelledby=\"elementor-tab-title-1944\">\n<p>Os envios s\u00e3o imediatos. Ap\u00f3s sua compra, o trabalho j\u00e1 \u00e9 disponibilizado instantaneamente aqui em nosso site e no seu e-mail.<\/p>\n<h4>E se o portf\u00f3lio que comprei precisar de corre\u00e7\u00e3o?<\/h4>\n<\/div>\n<\/div>\n<div class=\"elementor-toggle-item\">\n<div id=\"elementor-tab-content-1945\" class=\"elementor-tab-content elementor-clearfix elementor-active\" role=\"tabpanel\" data-tab=\"5\" aria-labelledby=\"elementor-tab-title-1945\">\n<p>Caso haja alguma solicita\u00e7\u00e3o de corre\u00e7\u00e3o\/altera\u00e7\u00e3o por parte do tutor, basta entrar em contato conosco pelo\u00a0WhatsApp\u00a0que provid\u00eanciaremos sem custo algum.<\/p>\n<h4>Qual o formato do arquivo?<\/h4>\n<\/div>\n<\/div>\n<div class=\"elementor-toggle-item\">\n<div id=\"elementor-tab-content-1946\" class=\"elementor-tab-content elementor-clearfix elementor-active\" role=\"tabpanel\" data-tab=\"6\" aria-labelledby=\"elementor-tab-title-1946\">\n<p>Os arquivos s\u00e3o enviados em formato Word e s\u00e3o edit\u00e1veis.<\/p>\n<h4>Caso eu tiver alguma d\u00favida, terei suporte no p\u00f3s venda?<\/h4>\n<\/div>\n<\/div>\n<div class=\"elementor-toggle-item\">\n<div id=\"elementor-tab-content-1948\" class=\"elementor-tab-content elementor-clearfix elementor-active\" role=\"tabpanel\" data-tab=\"8\" aria-labelledby=\"elementor-tab-title-1948\">\n<p>Sim, com certeza. Basta clicar no \u00edcone do WhatsApp no cantinho da tela. Ser\u00e1 um prazer atend\u00ea-lo(a).<\/p>\n<div class=\"elementor-toggle-item\">\n<div id=\"elementor-tab-content-1948\" class=\"elementor-tab-content elementor-clearfix elementor-active\" role=\"tabpanel\" data-tab=\"8\" aria-labelledby=\"elementor-tab-title-1948\">\n<h4>Quais os seus canais de contato?<\/h4>\n<\/div>\n<\/div>\n<div class=\"elementor-toggle-item\">\n<div id=\"elementor-tab-content-1949\" class=\"elementor-tab-content elementor-clearfix elementor-active\" role=\"tabpanel\" data-tab=\"9\" aria-labelledby=\"elementor-tab-title-1949\">\n<p>Whatsapp: 53 984751621 \u2013 Clicar no canto da tela ou ESCANEIE O QRCODE ABAIXO<\/p>\n<h4><img decoding=\"async\" class=\"alignnone wp-image-13699 jetpack-lazy-image jetpack-lazy-image--handled\" src=\"https:\/\/i0.wp.com\/portifolioos-prontos.com\/wp-content\/uploads\/2023\/02\/whatsapp-business-projeto-de-extensao-300x300.jpeg?resize=144%2C144\" sizes=\"(max-width: 144px) 100vw, 144px\" srcset=\"https:\/\/i0.wp.com\/portifolioos-prontos.com\/wp-content\/uploads\/2023\/02\/whatsapp-business-projeto-de-extensao.jpeg?resize=300%2C301&amp;ssl=1 300w, https:\/\/i0.wp.com\/portifolioos-prontos.com\/wp-content\/uploads\/2023\/02\/whatsapp-business-projeto-de-extensao.jpeg?resize=150%2C150&amp;ssl=1 150w, https:\/\/i0.wp.com\/portifolioos-prontos.com\/wp-content\/uploads\/2023\/02\/whatsapp-business-projeto-de-extensao.jpeg?resize=370%2C372&amp;ssl=1 370w, https:\/\/i0.wp.com\/portifolioos-prontos.com\/wp-content\/uploads\/2023\/02\/whatsapp-business-projeto-de-extensao.jpeg?resize=100%2C100&amp;ssl=1 100w, https:\/\/i0.wp.com\/portifolioos-prontos.com\/wp-content\/uploads\/2023\/02\/whatsapp-business-projeto-de-extensao.jpeg?w=470&amp;ssl=1 470w\" alt=\"projeto de extens\u00e3o unopar\" width=\"144\" height=\"144\" data-lazy-loaded=\"1\" \/><\/h4>\n<\/div>\n<\/div>\n<\/div>\n<\/div>\n<div class=\"elementor-toggle-item\">\n<div id=\"elementor-tab-content-1949\" class=\"elementor-tab-content elementor-clearfix elementor-active\" role=\"tabpanel\" data-tab=\"9\" aria-labelledby=\"elementor-tab-title-1949\">\n<p>E-mail:portifoliosp@gmail.com<\/p>\n<div id=\"attachment_143\" class=\"wp-caption alignnone\">\n<div id=\"attachment_143\" class=\"wp-caption alignnone\" style=\"width: 77px;\">\n<p><a href=\"http:\/\/portifolioos-prontos.com\/\"><img decoding=\"async\" class=\"wp-image-143 jetpack-lazy-image jetpack-lazy-image--handled\" title=\"portfolio pronto unopar\" src=\"https:\/\/i0.wp.com\/portifolioos-prontos.com\/wp-content\/uploads\/2022\/04\/conceitomaximo.png?resize=164%2C47\" alt=\"PORTFOLIO PRONTO UNOPAR ANHANGUERA\" width=\"77\" height=\"22\" aria-describedby=\"caption-attachment-143\" data-lazy-loaded=\"1\" \/><\/a><\/p>\n<p id=\"caption-attachment-143\" class=\"wp-caption-text\">Portf\u00f3lio em Word, respondido, completo e j\u00e1 nas normas.<\/p>\n<\/div>\n<\/div>\n<\/div>\n<\/div>\n","protected":false},"excerpt":{"rendered":"<p>ATIVIDADE PR\u00c1TICA GEST\u00c3O DE RECURSOS H\u00cdDRICOS E BACIAS HIDROGR\u00c1FICAS ATIVIDADE PR\u00c1TICA GEST\u00c3O DE RECURSOS H\u00cdDRICOS E BACIAS HIDROGR\u00c1FICAS OBJETIVOS A proposta desta atividade pr\u00e1tica est\u00e1 amparada nos seguintes objetivos: &#8211; Compreender a import\u00e2ncia do geoprocessamento para o planejamento e gest\u00e3o de bacias hidrogr\u00e1ficas; e &#8211; Utilizar software de Sistema de Informa\u00e7\u00f5es Geogr\u00e1ficas base de dados&hellip;<\/p>\n","protected":false},"featured_media":14758,"template":"","meta":{"_seopress_robots_primary_cat":"none","_seopress_titles_title":"","_seopress_titles_desc":"","_seopress_robots_index":""},"product_cat":[15],"product_tag":[],"class_list":{"0":"post-14756","1":"product","2":"type-product","3":"status-publish","4":"has-post-thumbnail","6":"product_cat-uncategorized","8":"first","9":"instock","10":"downloadable","11":"virtual","12":"purchasable","13":"product-type-simple","14":"col-xs-6 col-sm-4","15":"col-mf-5","16":"un-5-cols"},"jetpack_sharing_enabled":true,"_links":{"self":[{"href":"https:\/\/portifolioos-prontos.com\/index.php\/wp-json\/wp\/v2\/product\/14756","targetHints":{"allow":["GET"]}}],"collection":[{"href":"https:\/\/portifolioos-prontos.com\/index.php\/wp-json\/wp\/v2\/product"}],"about":[{"href":"https:\/\/portifolioos-prontos.com\/index.php\/wp-json\/wp\/v2\/types\/product"}],"version-history":[{"count":0,"href":"https:\/\/portifolioos-prontos.com\/index.php\/wp-json\/wp\/v2\/product\/14756\/revisions"}],"wp:featuredmedia":[{"embeddable":true,"href":"https:\/\/portifolioos-prontos.com\/index.php\/wp-json\/wp\/v2\/media\/14758"}],"wp:attachment":[{"href":"https:\/\/portifolioos-prontos.com\/index.php\/wp-json\/wp\/v2\/media?parent=14756"}],"wp:term":[{"taxonomy":"product_cat","embeddable":true,"href":"https:\/\/portifolioos-prontos.com\/index.php\/wp-json\/wp\/v2\/product_cat?post=14756"},{"taxonomy":"product_tag","embeddable":true,"href":"https:\/\/portifolioos-prontos.com\/index.php\/wp-json\/wp\/v2\/product_tag?post=14756"}],"curies":[{"name":"wp","href":"https:\/\/api.w.org\/{rel}","templated":true}]}}