{"id":15124,"date":"2023-04-06T18:32:44","date_gmt":"2023-04-06T21:32:44","guid":{"rendered":"https:\/\/portifolioos-prontos.com\/?post_type=product&#038;p=15124"},"modified":"2023-04-29T12:47:45","modified_gmt":"2023-04-29T15:47:45","slug":"atividade-pratica-servico-em-alimentos-e-bebidas","status":"publish","type":"product","link":"https:\/\/portifolioos-prontos.com\/index.php\/product\/atividade-pratica-servico-em-alimentos-e-bebidas\/","title":{"rendered":"ATIVIDADE PR\u00c1TICA SERVI\u00c7O EM ALIMENTOS E BEBIDAS"},"content":{"rendered":"<p>ATIVIDADE PR\u00c1TICA SERVI\u00c7O EM ALIMENTOS E BEBIDAS<\/p>\n<p>OBJETIVOS<\/p>\n<p>Enter o procedimento operacional de uma cozinha e quais s\u00e3o as atribui\u00e7\u00f5es de um Chef Profissional.<\/p>\n<p>Procedimentos para a realiza\u00e7\u00e3o da atividade<br \/>\nSabemos que a maioria dos Gastr\u00f4nomos \u00e9 ter seu pr\u00f3prio restaurante e trabalhar com o<br \/>\nque se gosta, no entanto, muitos processos organizacionais precisam ser realizados. As<br \/>\npreocupa\u00e7\u00f5es v\u00e3o muito al\u00e9m da qualidade da mat\u00e9ria prima e do card\u00e1pio que iremos<br \/>\noferecer aos comensais.<br \/>\nAgora voc\u00ea est\u00e1 prestes a se tornar um Chef Profissional, precisa entender todos os<br \/>\nconceitos b\u00e1sicos que envolvem a organiza\u00e7\u00e3o de uma cozinha, planejamento de card\u00e1pio,<br \/>\ncuidado com o pessoal contratado, tanto em sua brigada de cozinha como em seu sal\u00e3o.<br \/>\nTodas estas vari\u00e1veis precisam ser levadas em considera\u00e7\u00e3o para abrir um restaurante.<br \/>\nToda a organiza\u00e7\u00e3o da cozinha depende do planejamento destas atividades antes de<br \/>\ncome\u00e7ar a atender os clientes. Um bom funcionamento depende de uma equipe de cozinha<br \/>\nsincronizada e atenta.<br \/>\nA atividade proposta \u00e9 que voc\u00ea planeje o seu pr\u00f3prio restaurante, para isso determine o tipo<br \/>\nde sevi\u00e7o que seu restaurante ir\u00e1 oferecer.<br \/>\nA partir da determina\u00e7\u00e3o do servi\u00e7o, determine quantos profissionais ir\u00e3o compor sua<br \/>\nbrigada de cozinha. Fa\u00e7a a determina\u00e7\u00e3o da contrata\u00e7\u00e3o do sal\u00e3o, afinal a cozinha n\u00e3o<br \/>\nfunciona bem sem uma boa equipe de apoio (ex: Cumin, um Maitre, Gar\u00e7ons).<br \/>\nE elabore um material de apoio para um treinamento com seus funcion\u00e1rios sobre as regras<br \/>\nde etiqueta e comportamento em uma brigada de cozinha e atendimento no sal\u00e3o.<br \/>\nLEITURAS DE APOIO:<br \/>\nKUCHER, Debora; REIS, Juliana. Um guia para ma\u00eetres e supervisores de bares e<br \/>\nrestaurantes. Editora Senac: S\u00e3o Paulo. S\u00e3o Paulo, 2020. Dispon\u00edvel<br \/>\nem&lt;https:\/\/www.bibliotecadigitalsenac.com.br\/?from=busca%3FcontentInfo%3D2476%26te<br \/>\nrm%3Dservi%2525C3%2525A7o%252520de%252520alimentos%252520e%252520bebida<br \/>\ns#\/legacy\/epub\/2476&gt; Acesso em: 15 Jun. 2022.<br \/>\nELEUTERIO, Helio. Servi\u00e7os de Alimenta\u00e7\u00e3o e Bebidas. S\u00e3o Paulo. Editora Saraiva, 2014.<br \/>\n9788536513300. Dispon\u00edvel em:<br \/>\n&lt;https:\/\/integrada.minhabiblioteca.com.br\/#\/books\/9788536513300\/&gt; Acesso em: 15 jun.<br \/>\n2022.<br \/>\nChecklist<br \/>\nApresente um documento de sua autoria com:<br \/>\n-Tipo de servi\u00e7o que seu restaurante ir\u00e1 oferecer;<br \/>\n-A partir da determina\u00e7\u00e3o do servi\u00e7o, determine quantos profissionais ir\u00e3o compor sua<br \/>\nbrigada de cozinha;<br \/>\n-Determine a contrata\u00e7\u00e3o do sal\u00e3o, afinal a cozinha n\u00e3o funciona bem sem uma boa equipe<br \/>\nde apoio (Voc\u00ea precisar\u00e1 de um Cumin, um Maitre, quantos gar\u00e7ons);<br \/>\n-E elabore um material de apoio para um treinamento com seus funcion\u00e1rios sobre as regras<br \/>\nde etiqueta e comportamento em uma brigada de cozinha e atendimento no sal\u00e3o.<br \/>\nRESULTADO<br \/>\nEntrega de um arquivo word que contemple todas as etapas da atividade pr\u00e1tica, conforme<br \/>\napresentado no checklist.<\/p>\n<div class=\"elementor-toggle-item\">\n<h4 id=\"elementor-tab-title-1941\" class=\"elementor-tab-title elementor-active\" tabindex=\"0\" role=\"tab\" data-tab=\"1\" aria-controls=\"elementor-tab-content-1941\" aria-expanded=\"true\" aria-selected=\"true\">Como funciona?<\/h4>\n<div id=\"elementor-tab-content-1941\" class=\"elementor-tab-content elementor-clearfix elementor-active\" role=\"tabpanel\" data-tab=\"1\" aria-labelledby=\"elementor-tab-title-1941\">\n<p>Elaboramos os portf\u00f3lios, j\u00e1 deixamos prontos, nas normas da ABNT e conforme os requisitos da universidade. F\u00e1cil assim! O MELHOR \u00c9 QUE VOC\u00ca COMPRA E J\u00c1 BAIXA NA HORA O SEU ARQUIVO EM WORD! Sabemos que conciliar trabalho, fam\u00edlia, vida profissional e estudos \u00e9 dif\u00edcil hoje em dia, por isso, estamos aqui para ajudar voc\u00ea. Conte com nossa qualidade, experi\u00eancia e profissionalismo adquirindo seu portf\u00f3lio conosco. GARANTIMOS SEU CONCEITO!<\/p>\n<h4>Como se realizam os envios?<\/h4>\n<\/div>\n<\/div>\n<div class=\"elementor-toggle-item\">\n<div id=\"elementor-tab-content-1942\" class=\"elementor-tab-content elementor-clearfix elementor-active\" role=\"tabpanel\" data-tab=\"2\" aria-labelledby=\"elementor-tab-title-1942\">O seu trabalho \u00e9 disponibilizado pronto, respondido e nas normas j\u00e1 na mesma hora aqui em nosso site na sua \u00e1rea de downloads e tamb\u00e9m no seu e-mail.<\/div>\n<\/div>\n<div class=\"elementor-toggle-item\">\n<div id=\"elementor-tab-content-1943\" class=\"elementor-tab-content elementor-clearfix elementor-active\" role=\"tabpanel\" data-tab=\"3\" aria-labelledby=\"elementor-tab-title-1943\">\n<h4>Em quanto tempo recebo o portf\u00f3lio?<\/h4>\n<\/div>\n<\/div>\n<div class=\"elementor-toggle-item\">\n<div id=\"elementor-tab-content-1944\" class=\"elementor-tab-content elementor-clearfix elementor-active\" role=\"tabpanel\" data-tab=\"4\" aria-labelledby=\"elementor-tab-title-1944\">\n<p>Os envios s\u00e3o imediatos. Ap\u00f3s sua compra, o trabalho j\u00e1 \u00e9 disponibilizado instantaneamente aqui em nosso site e no seu e-mail.<\/p>\n<h4>E se o portf\u00f3lio que comprei precisar de corre\u00e7\u00e3o?<\/h4>\n<\/div>\n<\/div>\n<div class=\"elementor-toggle-item\">\n<div id=\"elementor-tab-content-1945\" class=\"elementor-tab-content elementor-clearfix elementor-active\" role=\"tabpanel\" data-tab=\"5\" aria-labelledby=\"elementor-tab-title-1945\">\n<p>Caso haja alguma solicita\u00e7\u00e3o de corre\u00e7\u00e3o\/altera\u00e7\u00e3o por parte do tutor, basta entrar em contato conosco pelo\u00a0WhatsApp\u00a0que provid\u00eanciaremos sem custo algum.<\/p>\n<h4>Qual o formato do arquivo?<\/h4>\n<\/div>\n<\/div>\n<div class=\"elementor-toggle-item\">\n<div id=\"elementor-tab-content-1946\" class=\"elementor-tab-content elementor-clearfix elementor-active\" role=\"tabpanel\" data-tab=\"6\" aria-labelledby=\"elementor-tab-title-1946\">\n<p>Os arquivos s\u00e3o enviados em formato Word e s\u00e3o edit\u00e1veis.<\/p>\n<h4>Caso eu tiver alguma d\u00favida, terei suporte no p\u00f3s venda?<\/h4>\n<\/div>\n<\/div>\n<div class=\"elementor-toggle-item\">\n<div id=\"elementor-tab-content-1948\" class=\"elementor-tab-content elementor-clearfix elementor-active\" role=\"tabpanel\" data-tab=\"8\" aria-labelledby=\"elementor-tab-title-1948\">\n<p>Sim, com certeza. Basta clicar no \u00edcone do WhatsApp no cantinho da tela. Ser\u00e1 um prazer atend\u00ea-lo(a).<\/p>\n<div class=\"elementor-toggle-item\">\n<div id=\"elementor-tab-content-1948\" class=\"elementor-tab-content elementor-clearfix elementor-active\" role=\"tabpanel\" data-tab=\"8\" aria-labelledby=\"elementor-tab-title-1948\">\n<h4>Quais os seus canais de contato?<\/h4>\n<\/div>\n<\/div>\n<div class=\"elementor-toggle-item\">\n<div id=\"elementor-tab-content-1949\" class=\"elementor-tab-content elementor-clearfix elementor-active\" role=\"tabpanel\" data-tab=\"9\" aria-labelledby=\"elementor-tab-title-1949\">\n<p>Whatsapp: 53 984751621 \u2013 Clicar no canto da tela ou ESCANEIE O QRCODE ABAIXO<\/p>\n<h4><img decoding=\"async\" class=\"alignnone wp-image-13699 jetpack-lazy-image jetpack-lazy-image--handled\" src=\"https:\/\/i0.wp.com\/portifolioos-prontos.com\/wp-content\/uploads\/2023\/02\/whatsapp-business-projeto-de-extensao-300x300.jpeg?resize=144%2C144\" sizes=\"(max-width: 144px) 100vw, 144px\" srcset=\"https:\/\/i0.wp.com\/portifolioos-prontos.com\/wp-content\/uploads\/2023\/02\/whatsapp-business-projeto-de-extensao.jpeg?resize=300%2C301&amp;ssl=1 300w, https:\/\/i0.wp.com\/portifolioos-prontos.com\/wp-content\/uploads\/2023\/02\/whatsapp-business-projeto-de-extensao.jpeg?resize=150%2C150&amp;ssl=1 150w, https:\/\/i0.wp.com\/portifolioos-prontos.com\/wp-content\/uploads\/2023\/02\/whatsapp-business-projeto-de-extensao.jpeg?resize=370%2C372&amp;ssl=1 370w, https:\/\/i0.wp.com\/portifolioos-prontos.com\/wp-content\/uploads\/2023\/02\/whatsapp-business-projeto-de-extensao.jpeg?resize=100%2C100&amp;ssl=1 100w, https:\/\/i0.wp.com\/portifolioos-prontos.com\/wp-content\/uploads\/2023\/02\/whatsapp-business-projeto-de-extensao.jpeg?w=470&amp;ssl=1 470w\" alt=\"projeto de extens\u00e3o unopar\" width=\"144\" height=\"144\" data-lazy-loaded=\"1\" \/><\/h4>\n<\/div>\n<\/div>\n<\/div>\n<\/div>\n<div class=\"elementor-toggle-item\">\n<div id=\"elementor-tab-content-1949\" class=\"elementor-tab-content elementor-clearfix elementor-active\" role=\"tabpanel\" data-tab=\"9\" aria-labelledby=\"elementor-tab-title-1949\">\n<p>E-mail:portifoliosp@gmail.com<\/p>\n<div id=\"attachment_143\" class=\"wp-caption alignnone\">\n<div id=\"attachment_143\" class=\"wp-caption alignnone\" style=\"width: 70px;\">\n<p><a href=\"http:\/\/portifolioos-prontos.com\/\"><img decoding=\"async\" class=\"wp-image-143 jetpack-lazy-image jetpack-lazy-image--handled\" title=\"portfolio pronto unopar\" src=\"https:\/\/i0.wp.com\/portifolioos-prontos.com\/wp-content\/uploads\/2022\/04\/conceitomaximo.png?resize=164%2C47\" alt=\"PORTFOLIO PRONTO UNOPAR ANHANGUERA\" width=\"70\" height=\"20\" aria-describedby=\"caption-attachment-143\" data-lazy-loaded=\"1\" \/><\/a><\/p>\n<p id=\"caption-attachment-143\" class=\"wp-caption-text\">Portf\u00f3lio em Word, respondido, completo e j\u00e1 nas normas.<\/p>\n<\/div>\n<\/div>\n<\/div>\n<\/div>\n<p>&nbsp;<\/p>\n","protected":false},"excerpt":{"rendered":"<p>ATIVIDADE PR\u00c1TICA SERVI\u00c7O EM ALIMENTOS E BEBIDAS OBJETIVOS Enter o procedimento operacional de uma cozinha e quais s\u00e3o as atribui\u00e7\u00f5es de um Chef Profissional. Procedimentos para a realiza\u00e7\u00e3o da atividade Sabemos que a maioria dos Gastr\u00f4nomos \u00e9 ter seu pr\u00f3prio restaurante e trabalhar com o que se gosta, no entanto, muitos processos organizacionais precisam ser&hellip;<\/p>\n","protected":false},"featured_media":15126,"template":"","meta":{"_seopress_robots_primary_cat":"none","_seopress_titles_title":"","_seopress_titles_desc":"","_seopress_robots_index":""},"product_cat":[15],"product_tag":[],"class_list":{"0":"post-15124","1":"product","2":"type-product","3":"status-publish","4":"has-post-thumbnail","6":"product_cat-uncategorized","8":"first","9":"instock","10":"downloadable","11":"virtual","12":"purchasable","13":"product-type-simple","14":"col-xs-6 col-sm-4","15":"col-mf-5","16":"un-5-cols"},"jetpack_sharing_enabled":true,"_links":{"self":[{"href":"https:\/\/portifolioos-prontos.com\/index.php\/wp-json\/wp\/v2\/product\/15124","targetHints":{"allow":["GET"]}}],"collection":[{"href":"https:\/\/portifolioos-prontos.com\/index.php\/wp-json\/wp\/v2\/product"}],"about":[{"href":"https:\/\/portifolioos-prontos.com\/index.php\/wp-json\/wp\/v2\/types\/product"}],"version-history":[{"count":0,"href":"https:\/\/portifolioos-prontos.com\/index.php\/wp-json\/wp\/v2\/product\/15124\/revisions"}],"wp:featuredmedia":[{"embeddable":true,"href":"https:\/\/portifolioos-prontos.com\/index.php\/wp-json\/wp\/v2\/media\/15126"}],"wp:attachment":[{"href":"https:\/\/portifolioos-prontos.com\/index.php\/wp-json\/wp\/v2\/media?parent=15124"}],"wp:term":[{"taxonomy":"product_cat","embeddable":true,"href":"https:\/\/portifolioos-prontos.com\/index.php\/wp-json\/wp\/v2\/product_cat?post=15124"},{"taxonomy":"product_tag","embeddable":true,"href":"https:\/\/portifolioos-prontos.com\/index.php\/wp-json\/wp\/v2\/product_tag?post=15124"}],"curies":[{"name":"wp","href":"https:\/\/api.w.org\/{rel}","templated":true}]}}