{"id":16599,"date":"2023-05-01T18:21:11","date_gmt":"2023-05-01T21:21:11","guid":{"rendered":"https:\/\/portifolioos-prontos.com\/?post_type=product&#038;p=16599"},"modified":"2025-08-30T14:34:35","modified_gmt":"2025-08-30T17:34:35","slug":"projeto-de-extensao-i-embelezamento-e-imagem-pessoal","status":"publish","type":"product","link":"https:\/\/portifolioos-prontos.com\/index.php\/product\/projeto-de-extensao-i-embelezamento-e-imagem-pessoal\/","title":{"rendered":"PROJETO DE EXTENS\u00c3O I &#8211; EMBELEZAMENTO E IMAGEM PESSOAL"},"content":{"rendered":"<h4>PROJETO DE EXTENS\u00c3O I &#8211; EMBELEZAMENTO E IMAGEM PESSOAL<\/h4>\n<p>CURSO:<br \/>\nCST EM EMBELEZAMENTO E IMAGEM PESSOAL<br \/>\nCOMPONENTE CURRICULAR:<br \/>\nPROJETO DE EXTENS\u00c3O I &#8211; EMBELEZAMENTO E IMAGEM PESSOAL<br \/>\nPROGRAMA DE EXTENS\u00c3O:<br \/>\nPROGRAMA DE INOVA\u00c7\u00c3O E EMPREENDEDORISMO.<br \/>\nFINALIDADE E MOTIVA\u00c7\u00c3O:<br \/>\nPelo programa de extens\u00e3o Inova\u00e7\u00e3o e Empreendedorismo o curso de<br \/>\nEmbelezamento e Imagem Pessoal, tem a miss\u00e3o de transferir \u00e0 sociedade os<br \/>\nconhecimentos gerados e potencializar a gera\u00e7\u00e3o de novos conhecimentos<br \/>\naplicados, permitindo o desenvolvimento de a\u00e7\u00f5es no \u00e2mbito da tecnologia e<br \/>\ninova\u00e7\u00e3o, que apresentam solu\u00e7\u00f5es e produtos para resolu\u00e7\u00e3o de problemas<br \/>\ndiversificados presentes no contexto social, trazendo impacto positivo a comunidade<br \/>\ncontemplada. Ao identificar as problem\u00e1ticas da comunidade os alunos ter\u00e3o a<br \/>\nmotiva\u00e7\u00e3o para efetuar as a\u00e7\u00f5es de apoio relacionadas ao curso, pelas quais<br \/>\npoder\u00e3o ser desenvolvidas compet\u00eancias t\u00e9cnicas e soft skills espec\u00edficas.<br \/>\nOs conte\u00fados program\u00e1ticos sugeridos para correlacionar as a\u00e7\u00f5es s\u00e3o:<br \/>\nBiosseguran\u00e7a em centros de beleza; Conceitos e pr\u00e1ticas em imagem pessoal;<br \/>\nVisagismo e maquiagem.<br \/>\nOs locais que poder\u00e3o contemplar esse projeto s\u00e3o: Parcerias com a Prefeitura;<br \/>\nAssocia\u00e7\u00f5es de Bairros; UBS; Hospitais; Cl\u00ednicas de Sa\u00fade P\u00fablicas e Privadas;<br \/>\nCentros de Sa\u00fade; Casas de Repouso; Institui\u00e7\u00f5es de Longa Perman\u00eancia para<br \/>\nIdosos; Spas; Centros de Beleza; Cl\u00ednicas de Est\u00e9tica; Creches; Templos Religiosos e<br \/>\nEscolas.<br \/>\nCOMPET\u00caNCIAS:<br \/>\nI &#8211; Liderar e coordenar programas de treinamento e equipes de trabalho na<br \/>\nimplanta\u00e7\u00e3o e execu\u00e7\u00e3o de procedimentos est\u00e9ticos e cosm\u00e9ticos, bem como atuar<br \/>\nna<br \/>\ngest\u00e3o de recursos materiais e financeiros em estabelecimentos de est\u00e9tica e beleza;<br \/>\nII &#8211; Trabalhar em equipe multidisciplinar, promovendo, de maneira \u00e9tica e<br \/>\ncolaborativa, a troca de conhecimento e a participa\u00e7\u00e3o coletiva;<br \/>\n2<br \/>\nIII &#8211; Liderar e coordenar programas de treinamento e equipes de trabalho na<br \/>\nimplanta\u00e7\u00e3o e execu\u00e7\u00e3o de procedimentos est\u00e9ticos e cosm\u00e9ticos, bem como atuar<br \/>\nna<br \/>\ngest\u00e3o de recursos materiais e financeiros em estabelecimentos de est\u00e9tica e beleza.<br \/>\nPERFIL DO EGRESSO:<br \/>\nO perfil do egresso do curso de Embelezamento e Imagem Pessoal idealizado pela IES<br \/>\nproporciona a forma\u00e7\u00e3o de um profissional, humanista, cr\u00edtico, reflexivo, \u00e9tico e<br \/>\ngeneralista. A atua\u00e7\u00e3o no Programa de Inova\u00e7\u00e3o e Empreendedorismo, demonstra as<br \/>\nhabilidades para atuar no desenvolvimento de atividades de avalia\u00e7\u00e3o e identifica\u00e7\u00e3o<br \/>\ndas altera\u00e7\u00f5es est\u00e9ticas corporais, faciais e capilares, bem como atuar nas tend\u00eancias<br \/>\nda moda com as caracter\u00edsticas e necessidades individuais de cada cliente.<br \/>\nSOFT SKILLS (COMPET\u00caNCIAS SOCIOEMOCIONAIS):<br \/>\nPlanejamento e organiza\u00e7\u00e3o<br \/>\nCriatividade e inova\u00e7\u00e3o<br \/>\nTomada de Decis\u00e3o<br \/>\nOBJETIVOS DE APRENDIZAGEM:<br \/>\nO objetivo de aprendizagem do programa de extens\u00e3o em Inova\u00e7\u00e3o e<br \/>\nEmpreendedorismo do curso de Embelezamento e Imagem Pessoal est\u00e1 relacionado<br \/>\nao fato de disseminar os conhecimentos multidisciplinares desenvolvidos no curso,<br \/>\ncom a finalidade de apoiar a comunidade no \u00e2mbito tecnol\u00f3gico e empreendedor<br \/>\nexplorando a \u00e1rea de sa\u00fade, assim potencializando a gera\u00e7\u00e3o de conhecimentos<br \/>\ndesenvolvidos nas a\u00e7\u00f5es e aprimorando as habilidades dos egressos.<br \/>\nCONTE\u00daDOS:<br \/>\nI &#8211; Biosseguran\u00e7a em centros de beleza;<br \/>\nII &#8211; Conceitos e pr\u00e1ticas em imagem pessoal;<br \/>\nIII &#8211; Visagismo e maquiagem.<br \/>\nINDICA\u00c7\u00d5ES BIBLIOGR\u00c1FICAS:<br \/>\nCARDOSO, Telma Abdalla de Oliveira. Biosseguranc\u0327a e qualidade dos servi\u00e7os de<br \/>\nsa\u00fade. Curitiba: Intersaberes, 2016.<br \/>\nBARBOSA, Luciane da Silva. Imagem pessoal e visagismo. Londrina: Editora e<br \/>\nDistribuidora Educacional S.A., 2017.<br \/>\nKAMIZATO, Karina Kiyoko. Imagem Pessoal e Visagismo. S\u00e3o Paulo: Saraiva, 2014.<br \/>\nRELAT\u00d3RIO FINAL:<br \/>\nAluno e Aluna, ap\u00f3s realizar suas atividades de extens\u00e3o, \u00e9 necess\u00e1rio que voc\u00ea o formalize,<br \/>\nenviando esse Relat\u00f3rio Final para ser avaliado junto ao seu Ambiente Virtual (AVA) e<br \/>\ntamb\u00e9m para voc\u00ea poder comprovar sua atua\u00e7\u00e3o.<br \/>\nPara o preenchimento, busque as anota\u00e7\u00f5es junto ao TEMPLATE PCDA para auxiliar na<br \/>\napresenta\u00e7\u00e3o das atividades desenvolvidas.<br \/>\n3<br \/>\nTodos os campos s\u00e3o de preenchimento obrigat\u00f3rio!<br \/>\nDESCRI\u00c7\u00c3O DA A\u00c7\u00c3O COM RESULTADOS ALCAN\u00c7ADOS<br \/>\nMetas dos Objetivos de Desenvolvimento Sustent\u00e1vel (ODS) aderentes a este projeto:<br \/>\nCAMPO OBRIGAT\u00d3RIO \u2013 busque no seu Template PDCA quais Metas voc\u00ea selecionou como<br \/>\naderentes ao seu projeto, conforme cada Objetivo de Desenvolvimento Sustent\u00e1vel (ODS)<br \/>\nda Organiza\u00e7\u00e3o das Na\u00e7\u00f5es Unidas (ONU) que voc\u00ea explorou no seu planejamento.<br \/>\nListe as Metas selecionadas (pelo menos uma op\u00e7\u00e3o):<br \/>\nLocal de realiza\u00e7\u00e3o da atividade extensionista:<br \/>\nDurante a a\u00e7\u00e3o:<br \/>\nCaso necess\u00e1rio, houve mudan\u00e7a de estrat\u00e9gia para alcan\u00e7ar o resultado:<br \/>\nResultado da a\u00e7\u00e3o:<br \/>\nConclus\u00e3o:<br \/>\nDepoimentos (se houver):<br \/>\nRELATE SUA PERCEP\u00c7\u00c3O DAS A\u00c7\u00d5ES EXTENSIONISTAS REALIZADAS NO<br \/>\nPROGRAMA DESENVOLVIDO:<br \/>\nCAMPO OBRIGAT\u00d3RIO \u2013 relate em no m\u00ednimo 15 (quinze) linhas sua experi\u00eancia com as<br \/>\na\u00e7\u00f5es extensionistas. O texto deve ser de sua autoria e in\u00e9dito, evite pl\u00e1gio.<br \/>\nQuest\u00f5es norteadoras:<br \/>\n(1) Voc\u00ea notou que suas habilidades profissionais foram aprimoradas, com a<br \/>\natua\u00e7\u00e3o nas a\u00e7\u00f5es extensionistas?<br \/>\n(2) Voc\u00ea identificou melhoria\/resolu\u00e7\u00e3o do problema identificado?<br \/>\n(3) Voc\u00ea conseguiu articular os conhecimentos adquiridos no curso com as a\u00e7\u00f5es<br \/>\nextensionistas?<br \/>\nAo escrever seu texto evite deix\u00e1-lo em forma de respostas as quest\u00f5es norteadoras,<br \/>\nrelate sua experi\u00eancia em forma de texto dissertativo com justificativas.<br \/>\nDEPOIMENTO DA INSTITUI\u00c7\u00c3O PARTICIPANTE<br \/>\n4<br \/>\nCAMPO OBRIGAT\u00d3RIO &#8211; insira depoimento(s) do(s) gestor(es) da<br \/>\ninstitui\u00e7\u00e3o\/\u00f3rg\u00e3o\/associa\u00e7\u00e3o participante que contribuam como um feedback da a\u00e7\u00e3o<br \/>\nrealizada por voc\u00ea.<br \/>\nREFER\u00caNCIAS BIBLIOGR\u00c1FICAS<br \/>\nCAMPO OBRIGAT\u00d3RIO \u2013 Siga a normas ABNT, para isso consulte sua Biblioteca Virtual;<br \/>\nUtilize como refer\u00eancias bibliogr\u00e1ficas as indica\u00e7\u00f5es do Campo: Indica\u00e7\u00f5es Bibliogr\u00e1ficas e<br \/>\nas demais refer\u00eancias utilizadas no desenvolvimento do seu projeto.<br \/>\nAUTOAVALIA\u00c7\u00c3O DA ATIVIDADE:<br \/>\nRealize a sua avalia\u00e7\u00e3o em rela\u00e7\u00e3o \u00e0 atividade desenvolvida considerando uma escala de 0 a<br \/>\n10 para cada pergunta, assinalando com um X:<br \/>\n1. A atividade permitiu o desenvolvimento do projeto de extens\u00e3o articulando as<br \/>\ncompet\u00eancias e conte\u00fados propostos junto ao Curso?<br \/>\n0 1 2 3 4 5 6 7 8 9 10<br \/>\n() () () () () () () () () () ()<br \/>\n2. A atividade possui carga hor\u00e1ria suficiente para a sua realiza\u00e7\u00e3o?<br \/>\n0 1 2 3 4 5 6 7 8 9 10<br \/>\n() () () () () () () () () () ()<br \/>\n3. A atividade \u00e9 relevante para a sua forma\u00e7\u00e3o e articula\u00e7\u00e3o de compet\u00eancias e conte\u00fados?<br \/>\n0 1 2 3 4 5 6 7 8 9 10<br \/>\n() () () () () () () () () () ()<br \/>\n4. A atividade contribui para o cumprimento dos objetivos definidos pela Institui\u00e7\u00e3o de<br \/>\nEnsino (IES) e Curso, observando o Plano de Desenvolvimento Institucional e Projeto<br \/>\nPedag\u00f3gico de Curso vigentes?<br \/>\n0 1 2 3 4 5 6 7 8 9 10<br \/>\n() () () () () () () () () () ()<br \/>\n5. A atividade contribui para a melhoria da sociedade por meio dos resultados<br \/>\ndemonstrados no relat\u00f3rio ou pelos relatos apresentados pelos envolvidos?<br \/>\n0 1 2 3 4 5 6 7 8 9 10<br \/>\n() () () () () () () () () () ()<br \/>\n6. A atividade permite o desenvolvimento de a\u00e7\u00f5es junto \u00e0 Inicia\u00e7\u00e3o Cient\u00edfica e ao Ensino?<br \/>\n0 1 2 3 4 5 6 7 8 9 10<br \/>\n5<br \/>\n() () () () () () () () () () ()<br \/>\n7. Caso queira contribuir com maior detalhamento, traga seu depoimento\/ sugest\u00e3o.<\/p>\n<div class=\"elementor-toggle-item\">\n<div class=\"elementor-toggle-item\">\n<p id=\"elementor-tab-title-1941\" class=\"elementor-tab-title elementor-active\" tabindex=\"0\" role=\"tab\" data-tab=\"1\" aria-controls=\"elementor-tab-content-1941\" aria-expanded=\"true\" aria-selected=\"true\"><strong>Como funciona?<\/strong><\/p>\n<p>Elaboramos os portf\u00f3lios, j\u00e1 deixamos prontos, nas normas da ABNT e conforme os requisitos da universidade. F\u00e1cil assim! O MELHOR \u00c9 QUE VOC\u00ca COMPRA E J\u00c1 BAIXA NA HORA O SEU ARQUIVO EM WORD! Sabemos que conciliar trabalho, fam\u00edlia, vida profissional e estudos \u00e9 dif\u00edcil hoje em dia, por isso, estamos aqui para ajudar voc\u00ea. Conte com nossa qualidade, experi\u00eancia e profissionalismo adquirindo seu portf\u00f3lio conosco. GARANTIMOS SEU CONCEITO!<\/p>\n<p><strong>Como se realizam os envios?<\/strong><\/p>\n<\/div>\n<p id=\"elementor-tab-content-1942\" class=\"elementor-tab-content elementor-clearfix elementor-active\" role=\"tabpanel\" data-tab=\"2\" aria-labelledby=\"elementor-tab-title-1942\">O seu trabalho \u00e9 disponibilizado pronto, respondido e nas normas j\u00e1 na mesma hora aqui em nosso site na sua \u00e1rea de downloads e tamb\u00e9m no seu e-mail.<\/p>\n<p><strong>Em quanto tempo recebo o portf\u00f3lio?<\/strong><\/p>\n<p>Os envios s\u00e3o imediatos. Ap\u00f3s sua compra, o trabalho j\u00e1 \u00e9 disponibilizado instantaneamente aqui em nosso site e no seu e-mail.<\/p>\n<p><strong>E se o portf\u00f3lio que comprei precisar de corre\u00e7\u00e3o?<\/strong><\/p>\n<p>Caso haja alguma solicita\u00e7\u00e3o de corre\u00e7\u00e3o\/altera\u00e7\u00e3o por parte do tutor, basta entrar em contato conosco pelo\u00a0WhatsApp\u00a0que provid\u00eanciaremos sem custo algum.<\/p>\n<p><strong>Qual o formato do arquivo?<\/strong><\/p>\n<p>Os arquivos s\u00e3o enviados em formato Word e s\u00e3o edit\u00e1veis.<\/p>\n<p><strong>Caso eu tiver alguma d\u00favida, terei suporte no p\u00f3s venda?<\/strong><\/p>\n<p>Sim, com certeza. Basta clicar no \u00edcone do WhatsApp no cantinho da tela. Ser\u00e1 um prazer atend\u00ea-lo(a).<\/p>\n<div id=\"elementor-tab-content-1948\" class=\"elementor-tab-content elementor-clearfix elementor-active\" role=\"tabpanel\" data-tab=\"8\" aria-labelledby=\"elementor-tab-title-1948\">\n<p><strong>Quais os seus canais de contato?<\/strong><\/p>\n<\/div>\n<div id=\"elementor-tab-content-1949\" class=\"elementor-tab-content elementor-clearfix elementor-active\" role=\"tabpanel\" data-tab=\"9\" aria-labelledby=\"elementor-tab-title-1949\">\n<p>Whatsapp: 53 984751621 \u2013 Clicar no canto da tela ou ESCANEIE O QRCODE ABAIXO<\/p>\n<h4><img decoding=\"async\" class=\"alignnone wp-image-13699 jetpack-lazy-image jetpack-lazy-image--handled\" src=\"https:\/\/i0.wp.com\/portifolioos-prontos.com\/wp-content\/uploads\/2023\/02\/whatsapp-business-projeto-de-extensao-300x300.jpeg?resize=144%2C144\" sizes=\"(max-width: 144px) 100vw, 144px\" srcset=\"https:\/\/i0.wp.com\/portifolioos-prontos.com\/wp-content\/uploads\/2023\/02\/whatsapp-business-projeto-de-extensao.jpeg?resize=300%2C301&amp;ssl=1 300w, https:\/\/i0.wp.com\/portifolioos-prontos.com\/wp-content\/uploads\/2023\/02\/whatsapp-business-projeto-de-extensao.jpeg?resize=150%2C150&amp;ssl=1 150w, https:\/\/i0.wp.com\/portifolioos-prontos.com\/wp-content\/uploads\/2023\/02\/whatsapp-business-projeto-de-extensao.jpeg?resize=370%2C372&amp;ssl=1 370w, https:\/\/i0.wp.com\/portifolioos-prontos.com\/wp-content\/uploads\/2023\/02\/whatsapp-business-projeto-de-extensao.jpeg?resize=100%2C100&amp;ssl=1 100w, https:\/\/i0.wp.com\/portifolioos-prontos.com\/wp-content\/uploads\/2023\/02\/whatsapp-business-projeto-de-extensao.jpeg?w=470&amp;ssl=1 470w\" alt=\"projeto de extens\u00e3o unopar\" width=\"144\" height=\"144\" data-lazy-loaded=\"1\" \/><\/h4>\n<\/div>\n<div class=\"elementor-toggle-item\">\n<div id=\"elementor-tab-content-1949\" class=\"elementor-tab-content elementor-clearfix elementor-active\" role=\"tabpanel\" data-tab=\"9\" aria-labelledby=\"elementor-tab-title-1949\">\n<p>E-mail:portifoliosp@gmail.com<\/p>\n<div id=\"attachment_143\" class=\"wp-caption alignnone\">\n<div id=\"attachment_143\" class=\"wp-caption alignnone\">\n<p id=\"caption-attachment-143\" class=\"wp-caption-text\"><a href=\"http:\/\/portfolio-pronto.com\/\">Portf\u00f3lio<\/a>\u00a0em Word, respondido, completo e j\u00e1 nas normas<\/p>\n<\/div>\n<\/div>\n<\/div>\n<\/div>\n<\/div>\n","protected":false},"excerpt":{"rendered":"<div class=\"product-short-description\">\n<div><span style=\"color: #ff0000\"><strong>Compre e receba o Relat\u00f3rio Final de Atividades Extensionistas j\u00e1 preenchido, com um projeto totalmente desenvolvido para entrega.<\/strong><\/span><\/div>\n<div class=\"product-short-description\"><strong>Pague pelo PIX ou cart\u00e3o e fa\u00e7a o download agora mesmo.<\/strong><\/div>\n<div class=\"sticky-add-to-cart-wrapper\">\n<div class=\"sticky-add-to-cart\">\n<p class=\"quantity buttons_added form-flat\"><img decoding=\"async\" class=\"lazyloaded smush-image-5 smush-image-3 smush-image-4 smush-detected-img smush-image-bigger-3\" src=\"https:\/\/d26lpennugtm8s.cloudfront.net\/assets\/common\/img\/logos\/payment\/visa@2x.png\" width=\"46\" height=\"29\" data-src=\"https:\/\/d26lpennugtm8s.cloudfront.net\/assets\/common\/img\/logos\/payment\/visa@2x.png\" \/><img decoding=\"async\" class=\"lazyloaded smush-image-6 smush-image-4 smush-image-5 smush-detected-img smush-image-bigger-4\" src=\"https:\/\/d26lpennugtm8s.cloudfront.net\/assets\/common\/img\/logos\/payment\/boleto@2x.png\" width=\"43\" height=\"27\" data-src=\"https:\/\/d26lpennugtm8s.cloudfront.net\/assets\/common\/img\/logos\/payment\/boleto@2x.png\" \/><img loading=\"lazy\" decoding=\"async\" class=\"lazyloaded smush-image-7 smush-image-5 smush-image-6 smush-detected-img smush-image-bigger-5\" src=\"https:\/\/d26lpennugtm8s.cloudfront.net\/assets\/common\/img\/logos\/payment\/mastercard@2x.png\" width=\"43\" height=\"27\" data-src=\"https:\/\/d26lpennugtm8s.cloudfront.net\/assets\/common\/img\/logos\/payment\/mastercard@2x.png\" \/><img loading=\"lazy\" decoding=\"async\" class=\"lazyloaded smush-image-8 smush-image-6 smush-image-7 smush-detected-img smush-image-bigger-6\" src=\"https:\/\/d26lpennugtm8s.cloudfront.net\/assets\/common\/img\/logos\/payment\/amex@2x.png\" width=\"43\" height=\"27\" data-src=\"https:\/\/d26lpennugtm8s.cloudfront.net\/assets\/common\/img\/logos\/payment\/amex@2x.png\" \/><img loading=\"lazy\" decoding=\"async\" class=\"lazyloaded smush-image-9 smush-image-7 smush-image-8 smush-detected-img smush-image-bigger-7\" src=\"https:\/\/d26lpennugtm8s.cloudfront.net\/assets\/common\/img\/logos\/payment\/diners@2x.png\" width=\"46\" height=\"29\" data-src=\"https:\/\/d26lpennugtm8s.cloudfront.net\/assets\/common\/img\/logos\/payment\/diners@2x.png\" \/><img loading=\"lazy\" decoding=\"async\" class=\"lazyloaded smush-image-10 smush-image-8 smush-image-9 alignnone smush-detected-img smush-image-bigger-8\" src=\"https:\/\/d26lpennugtm8s.cloudfront.net\/assets\/common\/img\/logos\/payment\/br\/elo@2x.png\" alt=\"portf\u00f3lio unopar anhanguera\" width=\"45\" height=\"28\" data-src=\"https:\/\/d26lpennugtm8s.cloudfront.net\/assets\/common\/img\/logos\/payment\/br\/elo@2x.png\" \/><img loading=\"lazy\" decoding=\"async\" class=\"lazyloaded smush-image-11 smush-image-9 smush-image-10 alignnone smush-detected-img smush-image-bigger-9\" src=\"https:\/\/d26lpennugtm8s.cloudfront.net\/assets\/common\/img\/logos\/payment\/br\/hipercard@2x.png\" alt=\"portf\u00f3lio unopar anhanguera\" width=\"44\" height=\"28\" data-src=\"https:\/\/d26lpennugtm8s.cloudfront.net\/assets\/common\/img\/logos\/payment\/br\/hipercard@2x.png\" \/><img loading=\"lazy\" decoding=\"async\" class=\"lazyloaded smush-image-12 smush-image-10 smush-image-11 alignnone smush-detected-img smush-image-bigger-10\" src=\"https:\/\/d26lpennugtm8s.cloudfront.net\/assets\/common\/img\/logos\/payment\/mercadopago@2x.png\" alt=\"portf\u00f3lio unopar anhanguera\" width=\"45\" height=\"28\" data-src=\"https:\/\/d26lpennugtm8s.cloudfront.net\/assets\/common\/img\/logos\/payment\/mercadopago@2x.png\" \/><img loading=\"lazy\" decoding=\"async\" class=\"alignnone ls-is-cached lazyloaded smush-detected-img smush-image-bigger-11\" src=\"https:\/\/futurium.com.br\/wp-content\/uploads\/2021\/06\/logo-pix-icone-512.png\" alt=\"portfolio pronto\" width=\"30\" height=\"30\" data-src=\"https:\/\/futurium.com.br\/wp-content\/uploads\/2021\/06\/logo-pix-icone-512.png\" \/><\/p>\n<\/div>\n<\/div>\n<\/div>\n","protected":false},"featured_media":16601,"template":"","meta":{"_seopress_robots_primary_cat":"none","_seopress_titles_title":"%%post_title%% %%sitetitle%%","_seopress_titles_desc":"%%post_content%%","_seopress_robots_index":""},"product_cat":[139,15],"product_tag":[735],"class_list":{"0":"post-16599","1":"product","2":"type-product","3":"status-publish","4":"has-post-thumbnail","6":"product_cat-embelezamento-e-imagem-pessoal","7":"product_cat-uncategorized","8":"product_tag-projeto-de-extensao-programa-de-inovacao-e-empreendedorismo","10":"first","11":"instock","12":"downloadable","13":"virtual","14":"purchasable","15":"product-type-simple","16":"col-xs-6 col-sm-4","17":"col-mf-5","18":"un-5-cols"},"jetpack_sharing_enabled":true,"_links":{"self":[{"href":"https:\/\/portifolioos-prontos.com\/index.php\/wp-json\/wp\/v2\/product\/16599","targetHints":{"allow":["GET"]}}],"collection":[{"href":"https:\/\/portifolioos-prontos.com\/index.php\/wp-json\/wp\/v2\/product"}],"about":[{"href":"https:\/\/portifolioos-prontos.com\/index.php\/wp-json\/wp\/v2\/types\/product"}],"version-history":[{"count":1,"href":"https:\/\/portifolioos-prontos.com\/index.php\/wp-json\/wp\/v2\/product\/16599\/revisions"}],"predecessor-version":[{"id":44222,"href":"https:\/\/portifolioos-prontos.com\/index.php\/wp-json\/wp\/v2\/product\/16599\/revisions\/44222"}],"wp:featuredmedia":[{"embeddable":true,"href":"https:\/\/portifolioos-prontos.com\/index.php\/wp-json\/wp\/v2\/media\/16601"}],"wp:attachment":[{"href":"https:\/\/portifolioos-prontos.com\/index.php\/wp-json\/wp\/v2\/media?parent=16599"}],"wp:term":[{"taxonomy":"product_cat","embeddable":true,"href":"https:\/\/portifolioos-prontos.com\/index.php\/wp-json\/wp\/v2\/product_cat?post=16599"},{"taxonomy":"product_tag","embeddable":true,"href":"https:\/\/portifolioos-prontos.com\/index.php\/wp-json\/wp\/v2\/product_tag?post=16599"}],"curies":[{"name":"wp","href":"https:\/\/api.w.org\/{rel}","templated":true}]}}