{"id":17977,"date":"2023-05-16T22:08:47","date_gmt":"2023-05-17T01:08:47","guid":{"rendered":"https:\/\/portifolioos-prontos.com\/?post_type=product&#038;p=17977"},"modified":"2025-08-03T16:02:00","modified_gmt":"2025-08-03T19:02:00","slug":"aula-pratica-algoritmos-e-programacao-estruturada","status":"publish","type":"product","link":"https:\/\/portifolioos-prontos.com\/index.php\/product\/aula-pratica-algoritmos-e-programacao-estruturada\/","title":{"rendered":"Aula Pr\u00e1tica Algoritmos e Programa\u00e7\u00e3o estruturada"},"content":{"rendered":"<h4>Aula Pr\u00e1tica Algoritmos e Programa\u00e7\u00e3o estruturada<\/h4>\n<hr \/>\n<p>ROTEIRO DE AULA PR\u00c1TICA<br \/>\nNOME DA DISCIPLINA: Algoritmos e Programa\u00e7\u00e3o Estruturada<br \/>\nOBJETIVOS<br \/>\nDefini\u00e7\u00e3o dos objetivos da aula pr\u00e1tica:<br \/>\n\u2013 Entender a ferramenta VisualG.<br \/>\n\u2013 Elaborar algoritmos e testar utilizando a ferramenta VisualG.<br \/>\nINFRAESTRUTURA<br \/>\nInstala\u00e7\u00f5es:<br \/>\nComputador com VisualG<br \/>\nMateriais de consumo:<br \/>\nDescri\u00e7\u00e3o<br \/>\nQuantidade de materiais<br \/>\npor<br \/>\nprocedimento\/atividade<br \/>\nComputador 1 por aluno<br \/>\nSoftware:<br \/>\nSim ( X ) N\u00e3o ( )<br \/>\nEm caso afirmativo, qual? VisualG<br \/>\nPago ( ) N\u00e3o Pago ( X )<br \/>\nTipo de Licen\u00e7a: Gratu\u00edta<br \/>\nDescri\u00e7\u00e3o do software:<br \/>\nO VisualG \u00e9 um software que permite criar, editar, interpretar e que tamb\u00e9m executa os<br \/>\nalgoritmos em portugol (estruturado portugu\u00eas) como se fosse um \u201cprograma\u201d normal de<br \/>\ncomputador. A ferramenta \u00e9 de uso gratuito e de dom\u00ednio p\u00fablico.<br \/>\nEquipamento de Prote\u00e7\u00e3o Individual (EPI):<br \/>\n\u2013 NSA<br \/>\nPROCEDIMENTOS PR\u00c1TICOS<br \/>\nElaborar dois algoritmos utilizando a ferramenta VisualG<br \/>\nAtividade proposta:<br \/>\nElaborar dois algoritmos e testar utilizando a ferramenta VisualG.<br \/>\n1. Para o primeiro algoritmo, o usu\u00e1rio dever\u00e1 informar a sua idade e em seguida dever\u00e1 ser informada uma<br \/>\nmensagem se ele for menor ou maior de idade.<br \/>\n2. O segundo algoritmo, voc\u00ea dever\u00e1 criar uma estrutura de repeti\u00e7\u00e3o com teste no in\u00edcio para calcular a potencia\u00e7\u00e3o.<br \/>\nVoc\u00ea dever\u00e1 escrever um algoritmo que resolva a express\u00e3o<br \/>\nb<br \/>\nr a =<br \/>\n, sendo a e b n\u00fameros inteiros e positivos.<br \/>\n3<br \/>\nProcedimentos para a realiza\u00e7\u00e3o da atividade:<br \/>\nNessa pr\u00e1tica, voc\u00ea dever\u00e1 utilizar a ferramenta VisualG para criar e testar os seus pseudoc\u00f3digos que foram<br \/>\npropostos.<br \/>\n\u2022 Primeiramente, voc\u00ea dever\u00e1 fazer download da ferramenta VisualG, acessando o seguinte link:<br \/>\n<a href=\"https:\/\/visualg3.com.br\/\" rel=\"nofollow\">https:\/\/visualg3.com.br\/<\/a><br \/>\n\u2022 Descompacte a pasta do VisualG.<br \/>\n\u2022 Dentro da pasta descompactada, acesse o \u00edcone do aplicativo, o \u00edcone \u00e9 chamado visualg30, conforme a<br \/>\nFigura 1 a seguir.<br \/>\nFigura 1. Pasta descompactada VisualG.<br \/>\nFonte: Captura de tela Pasta VisualG.<br \/>\n\u2022 Abrir o visual G e criar a estrutura do pseudoc\u00f3digo.<br \/>\nFigura 2: Tela VisualG<br \/>\n4<br \/>\nFonte: Captura de tela VisualG.<br \/>\n\u2022 Lembre-se que a estrutura no VisualG deve obedecer a seguinte sequ\u00eancia:<br \/>\nAlgoritmo \u201cNome do algoritmo\u201d<br \/>\nVar<br \/>\n\/\/ Crie as suas vari\u00e1veis<br \/>\nInicio<br \/>\n\/\/ Se\u00e7\u00e3o de Comandos, procedimento, fun\u00e7\u00f5es, operadores, etc\u2026<br \/>\nFimalgoritmo<br \/>\n1\u00b0\u00a0Algoritmo: para o primeiro algoritmo, voc\u00ea dever\u00e1 elaborar o algoritmo que o usu\u00e1rio informe a sua idade e caso<br \/>\na idade seja maior ou igual a 18 incluir a mensagem \u201cMaior de idade\u201d e caso contr\u00e1rio \u201cMenor de idade\u201d.<br \/>\n2\u00b0\u00a0Algoritmo: para o segundo algoritmo voc\u00ea dever\u00e1 apresentar o resultado da potencia\u00e7\u00e3o, lembrando que a<br \/>\nestrutura da potencia\u00e7\u00e3o \u00e9 a seguinte:<br \/>\n2<br \/>\n3<br \/>\n4<br \/>\n2 2 2<br \/>\n2 2 2 2<br \/>\n2 2 2 2 2<br \/>\nb<br \/>\na<br \/>\n\uf0de \uf0d7<br \/>\n\uf0de \uf0d7 \uf0d7<br \/>\n\uf0de \uf0d7 \uf0d7 \uf0d7<br \/>\nVoc\u00ea dever\u00e1 atentar-se para a l\u00f3gica entre o n\u00famero de repeti\u00e7\u00f5es e a vari\u00e1vel b (Dica: observe que a vari\u00e1vel b \u00e9<br \/>\nquem ir\u00e1 controlar a quantidade de repeti\u00e7\u00f5es)<br \/>\nEscreva o algoritmo:<br \/>\n1. In\u00edcio e declara\u00e7\u00e3o de vari\u00e1veis<br \/>\n2. Obten\u00e7\u00e3o dos valores das vari\u00e1veis pelo usu\u00e1rio<br \/>\n5<br \/>\n3. C\u00e1lculo do exponencial<br \/>\n4. Impress\u00e3o do resultado<br \/>\nChecklist:<br \/>\n\u2013 Abrir a interface da ferramenta VisualG<br \/>\n\u2013 Criar o pseudoc\u00f3digo para o primeiro algoritmo que informa o maior ou menor idade.<br \/>\n\u2013 Deixar o algoritmo indentado.<br \/>\n\u2013 Testar o algoritmo.<br \/>\n\u2013 Voc\u00ea dever\u00e1 entregar o algoritmo e o print do resultado do algoritmo.<br \/>\n\u2013 Criar o pseudoc\u00f3digo do algoritmo para o c\u00e1lculo da pot\u00eancia.<br \/>\n\u2013 Indentar o algoritmo.<br \/>\n\u2013 Executar o algoritmo.<br \/>\n\u2013 Voc\u00ea dever\u00e1 entregar o algoritmo e o print do resultado do algoritmo.<br \/>\nRESULTADOS<br \/>\nResultados da aula pr\u00e1tica:<br \/>\nConseguir propor a resolu\u00e7\u00e3o de problemas via algoritmos utilizando a ferramenta VisualG. Voc\u00ea dever\u00e1 entregar<br \/>\ndois algoritmos referentes aos problemas propostos bem como, os prints dos resultados na tela. Al\u00e9m do<br \/>\nconhecimento das t\u00e9cnicas de programa\u00e7\u00e3o, voc\u00ea tamb\u00e9m deve ter conhecimento matem\u00e1tico para resolver diversas<br \/>\nsitua\u00e7\u00f5es do cotidiano.<\/p>\n<div class=\"elementor-toggle-item\">\n<div class=\"elementor-toggle-item\">\n<p id=\"elementor-tab-title-1941\" class=\"elementor-tab-title elementor-active\" tabindex=\"0\" role=\"tab\" data-tab=\"1\" aria-controls=\"elementor-tab-content-1941\" aria-expanded=\"true\" aria-selected=\"true\"><strong>Como funciona?<\/strong><\/p>\n<p>Elaboramos os portf\u00f3lios, j\u00e1 deixamos prontos, nas normas da ABNT e conforme os requisitos da universidade. F\u00e1cil assim! O MELHOR \u00c9 QUE VOC\u00ca COMPRA E J\u00c1 BAIXA NA HORA O SEU ARQUIVO EM WORD! Sabemos que conciliar trabalho, fam\u00edlia, vida profissional e estudos \u00e9 dif\u00edcil hoje em dia, por isso, estamos aqui para ajudar voc\u00ea. Conte com nossa qualidade, experi\u00eancia e profissionalismo adquirindo seu portf\u00f3lio conosco. GARANTIMOS SEU CONCEITO!<\/p>\n<p><strong>Como se realizam os envios?<\/strong><\/p>\n<\/div>\n<p id=\"elementor-tab-content-1942\" class=\"elementor-tab-content elementor-clearfix elementor-active\" role=\"tabpanel\" data-tab=\"2\" aria-labelledby=\"elementor-tab-title-1942\">O seu trabalho \u00e9 disponibilizado pronto, respondido e nas normas j\u00e1 na mesma hora aqui em nosso site na sua \u00e1rea de downloads e tamb\u00e9m no seu e-mail.<\/p>\n<p><strong>Em quanto tempo recebo o portf\u00f3lio?<\/strong><\/p>\n<p>Os envios s\u00e3o imediatos. Ap\u00f3s sua compra, o trabalho j\u00e1 \u00e9 disponibilizado instantaneamente aqui em nosso site e no seu e-mail.<\/p>\n<p><strong>E se o portf\u00f3lio que comprei precisar de corre\u00e7\u00e3o?<\/strong><\/p>\n<p>Caso haja alguma solicita\u00e7\u00e3o de corre\u00e7\u00e3o\/altera\u00e7\u00e3o por parte do tutor, basta entrar em contato conosco pelo\u00a0WhatsApp\u00a0que provid\u00eanciaremos sem custo algum.<\/p>\n<p><strong>Qual o formato do arquivo?<\/strong><\/p>\n<p>Os arquivos s\u00e3o enviados em formato Word e s\u00e3o edit\u00e1veis.<\/p>\n<p><strong>Caso eu tiver alguma d\u00favida, terei suporte no p\u00f3s venda?<\/strong><\/p>\n<p>Sim, com certeza. Basta clicar no \u00edcone do WhatsApp no cantinho da tela. Ser\u00e1 um prazer atend\u00ea-lo(a).<\/p>\n<div id=\"elementor-tab-content-1948\" class=\"elementor-tab-content elementor-clearfix elementor-active\" role=\"tabpanel\" data-tab=\"8\" aria-labelledby=\"elementor-tab-title-1948\">\n<p><strong>Quais os seus canais de contato?<\/strong><\/p>\n<\/div>\n<div id=\"elementor-tab-content-1949\" class=\"elementor-tab-content elementor-clearfix elementor-active\" role=\"tabpanel\" data-tab=\"9\" aria-labelledby=\"elementor-tab-title-1949\">\n<p>Whatsapp: 53 984751621 \u2013 Clicar no canto da tela ou ESCANEIE O QRCODE ABAIXO<\/p>\n<h4><img decoding=\"async\" class=\"alignnone wp-image-13699 jetpack-lazy-image jetpack-lazy-image--handled\" src=\"https:\/\/i0.wp.com\/portifolioos-prontos.com\/wp-content\/uploads\/2023\/02\/whatsapp-business-projeto-de-extensao-300x300.jpeg?resize=144%2C144\" sizes=\"(max-width: 144px) 100vw, 144px\" srcset=\"https:\/\/i0.wp.com\/portifolioos-prontos.com\/wp-content\/uploads\/2023\/02\/whatsapp-business-projeto-de-extensao.jpeg?resize=300%2C301&amp;ssl=1 300w, https:\/\/i0.wp.com\/portifolioos-prontos.com\/wp-content\/uploads\/2023\/02\/whatsapp-business-projeto-de-extensao.jpeg?resize=150%2C150&amp;ssl=1 150w, https:\/\/i0.wp.com\/portifolioos-prontos.com\/wp-content\/uploads\/2023\/02\/whatsapp-business-projeto-de-extensao.jpeg?resize=370%2C372&amp;ssl=1 370w, https:\/\/i0.wp.com\/portifolioos-prontos.com\/wp-content\/uploads\/2023\/02\/whatsapp-business-projeto-de-extensao.jpeg?resize=100%2C100&amp;ssl=1 100w, https:\/\/i0.wp.com\/portifolioos-prontos.com\/wp-content\/uploads\/2023\/02\/whatsapp-business-projeto-de-extensao.jpeg?w=470&amp;ssl=1 470w\" alt=\"projeto de extens\u00e3o unopar\" width=\"144\" height=\"144\" data-lazy-loaded=\"1\" \/><\/h4>\n<\/div>\n<div class=\"elementor-toggle-item\">\n<div id=\"elementor-tab-content-1949\" class=\"elementor-tab-content elementor-clearfix elementor-active\" role=\"tabpanel\" data-tab=\"9\" aria-labelledby=\"elementor-tab-title-1949\">\n<p>E-mail:portifoliosp@gmail.com<\/p>\n<div id=\"attachment_143\" class=\"wp-caption alignnone\">\n<div id=\"attachment_143\" class=\"wp-caption alignnone\">\n<p id=\"caption-attachment-143\" class=\"wp-caption-text\"><a href=\"http:\/\/portfolio-pronto.com\/\">Portf\u00f3lio<\/a>\u00a0em Word, respondido, completo e j\u00e1 nas normas<\/p>\n<\/div>\n<\/div>\n<\/div>\n<\/div>\n<\/div>\n","protected":false},"excerpt":{"rendered":"<div class=\"product-short-description\">\n<p><strong>Pague pelo PIX ou cart\u00e3o e fa\u00e7a o download agora mesmo.<\/strong><\/p>\n<\/div>\n<div class=\"sticky-add-to-cart-wrapper\">\n<div class=\"sticky-add-to-cart\">\n<p class=\"quantity buttons_added form-flat\"><img decoding=\"async\" class=\"lazyloaded smush-image-5 smush-image-3 smush-image-4 smush-detected-img smush-image-bigger-3\" src=\"https:\/\/d26lpennugtm8s.cloudfront.net\/assets\/common\/img\/logos\/payment\/visa@2x.png\" width=\"46\" height=\"29\" data-src=\"https:\/\/d26lpennugtm8s.cloudfront.net\/assets\/common\/img\/logos\/payment\/visa@2x.png\" \/><img decoding=\"async\" class=\"lazyloaded smush-image-6 smush-image-4 smush-image-5 smush-detected-img smush-image-bigger-4\" src=\"https:\/\/d26lpennugtm8s.cloudfront.net\/assets\/common\/img\/logos\/payment\/boleto@2x.png\" width=\"43\" height=\"27\" data-src=\"https:\/\/d26lpennugtm8s.cloudfront.net\/assets\/common\/img\/logos\/payment\/boleto@2x.png\" \/><img loading=\"lazy\" decoding=\"async\" class=\"lazyloaded smush-image-7 smush-image-5 smush-image-6 smush-detected-img smush-image-bigger-5\" src=\"https:\/\/d26lpennugtm8s.cloudfront.net\/assets\/common\/img\/logos\/payment\/mastercard@2x.png\" width=\"43\" height=\"27\" data-src=\"https:\/\/d26lpennugtm8s.cloudfront.net\/assets\/common\/img\/logos\/payment\/mastercard@2x.png\" \/><img loading=\"lazy\" decoding=\"async\" class=\"lazyloaded smush-image-8 smush-image-6 smush-image-7 smush-detected-img smush-image-bigger-6\" src=\"https:\/\/d26lpennugtm8s.cloudfront.net\/assets\/common\/img\/logos\/payment\/amex@2x.png\" width=\"43\" height=\"27\" data-src=\"https:\/\/d26lpennugtm8s.cloudfront.net\/assets\/common\/img\/logos\/payment\/amex@2x.png\" \/><img loading=\"lazy\" decoding=\"async\" class=\"lazyloaded smush-image-9 smush-image-7 smush-image-8 smush-detected-img smush-image-bigger-7\" src=\"https:\/\/d26lpennugtm8s.cloudfront.net\/assets\/common\/img\/logos\/payment\/diners@2x.png\" width=\"46\" height=\"29\" data-src=\"https:\/\/d26lpennugtm8s.cloudfront.net\/assets\/common\/img\/logos\/payment\/diners@2x.png\" \/><img loading=\"lazy\" decoding=\"async\" class=\"lazyloaded smush-image-10 smush-image-8 smush-image-9 alignnone smush-detected-img smush-image-bigger-8\" src=\"https:\/\/d26lpennugtm8s.cloudfront.net\/assets\/common\/img\/logos\/payment\/br\/elo@2x.png\" alt=\"portf\u00f3lio unopar anhanguera\" width=\"45\" height=\"28\" data-src=\"https:\/\/d26lpennugtm8s.cloudfront.net\/assets\/common\/img\/logos\/payment\/br\/elo@2x.png\" \/><img loading=\"lazy\" decoding=\"async\" class=\"lazyloaded smush-image-11 smush-image-9 smush-image-10 alignnone smush-detected-img smush-image-bigger-9\" src=\"https:\/\/d26lpennugtm8s.cloudfront.net\/assets\/common\/img\/logos\/payment\/br\/hipercard@2x.png\" alt=\"portf\u00f3lio unopar anhanguera\" width=\"44\" height=\"28\" data-src=\"https:\/\/d26lpennugtm8s.cloudfront.net\/assets\/common\/img\/logos\/payment\/br\/hipercard@2x.png\" \/><img loading=\"lazy\" decoding=\"async\" class=\"lazyloaded smush-image-12 smush-image-10 smush-image-11 alignnone smush-detected-img smush-image-bigger-10\" src=\"https:\/\/d26lpennugtm8s.cloudfront.net\/assets\/common\/img\/logos\/payment\/mercadopago@2x.png\" alt=\"portf\u00f3lio unopar anhanguera\" width=\"45\" height=\"28\" data-src=\"https:\/\/d26lpennugtm8s.cloudfront.net\/assets\/common\/img\/logos\/payment\/mercadopago@2x.png\" \/><img loading=\"lazy\" decoding=\"async\" class=\"alignnone ls-is-cached lazyloaded smush-detected-img smush-image-bigger-11\" src=\"https:\/\/futurium.com.br\/wp-content\/uploads\/2021\/06\/logo-pix-icone-512.png\" alt=\"portfolio pronto\" width=\"30\" height=\"30\" data-src=\"https:\/\/futurium.com.br\/wp-content\/uploads\/2021\/06\/logo-pix-icone-512.png\" \/><\/p>\n<\/div>\n<\/div>\n","protected":false},"featured_media":17979,"template":"","meta":{"_seopress_robots_primary_cat":"none","_seopress_titles_title":"","_seopress_titles_desc":"","_seopress_robots_index":""},"product_cat":[15],"product_tag":[],"class_list":{"0":"post-17977","1":"product","2":"type-product","3":"status-publish","4":"has-post-thumbnail","6":"product_cat-uncategorized","8":"first","9":"instock","10":"downloadable","11":"virtual","12":"purchasable","13":"product-type-simple","14":"col-xs-6 col-sm-4","15":"col-mf-5","16":"un-5-cols"},"jetpack_sharing_enabled":true,"_links":{"self":[{"href":"https:\/\/portifolioos-prontos.com\/index.php\/wp-json\/wp\/v2\/product\/17977","targetHints":{"allow":["GET"]}}],"collection":[{"href":"https:\/\/portifolioos-prontos.com\/index.php\/wp-json\/wp\/v2\/product"}],"about":[{"href":"https:\/\/portifolioos-prontos.com\/index.php\/wp-json\/wp\/v2\/types\/product"}],"version-history":[{"count":0,"href":"https:\/\/portifolioos-prontos.com\/index.php\/wp-json\/wp\/v2\/product\/17977\/revisions"}],"wp:featuredmedia":[{"embeddable":true,"href":"https:\/\/portifolioos-prontos.com\/index.php\/wp-json\/wp\/v2\/media\/17979"}],"wp:attachment":[{"href":"https:\/\/portifolioos-prontos.com\/index.php\/wp-json\/wp\/v2\/media?parent=17977"}],"wp:term":[{"taxonomy":"product_cat","embeddable":true,"href":"https:\/\/portifolioos-prontos.com\/index.php\/wp-json\/wp\/v2\/product_cat?post=17977"},{"taxonomy":"product_tag","embeddable":true,"href":"https:\/\/portifolioos-prontos.com\/index.php\/wp-json\/wp\/v2\/product_tag?post=17977"}],"curies":[{"name":"wp","href":"https:\/\/api.w.org\/{rel}","templated":true}]}}