{"id":18198,"date":"2023-05-24T22:52:13","date_gmt":"2023-05-25T01:52:13","guid":{"rendered":"https:\/\/portifolioos-prontos.com\/?post_type=product&#038;p=18198"},"modified":"2023-08-01T22:39:53","modified_gmt":"2023-08-02T01:39:53","slug":"projeto-integrado-para-a-estrategia-ser-eficaz-ela-precisa-estar-alinhada-com-o-design-do-negocio","status":"publish","type":"product","link":"https:\/\/portifolioos-prontos.com\/index.php\/product\/projeto-integrado-para-a-estrategia-ser-eficaz-ela-precisa-estar-alinhada-com-o-design-do-negocio\/","title":{"rendered":"Projeto integrado &#8211; Para a estrat\u00e9gia ser eficaz ela precisa estar alinhada com o design do neg\u00f3cio"},"content":{"rendered":"<h4>Projeto integrado &#8211; Para a estrat\u00e9gia ser eficaz ela precisa estar alinhada com o design do neg\u00f3cio<\/h4>\n<p>Para a estrat\u00e9gia ser eficaz ela precisa estar alinhada com o design do neg\u00f3cio<br \/>\nIntrodu\u00e7\u00e3o<br \/>\nCostumo comparar uma empresa a um organismo vivo. Assim como o corpo humano \u00e9 um sistema<br \/>\ncomplexo, uma empresa tamb\u00e9m o \u00e9. Se um dos \u00f3rg\u00e3os n\u00e3o vai bem o organismo sofre, fica doente<br \/>\ne, se n\u00e3o for bem tratado, at\u00e9 mesmo morre. Por isso precisamos ter uma vis\u00e3o sist\u00eamica da empresa<br \/>\ne do neg\u00f3cio, al\u00e9m de conhecer bem todos os seus \u00f3rg\u00e3os (suas partes) e a rela\u00e7\u00e3o entre eles. A<br \/>\nimport\u00e2ncia desta vis\u00e3o hol\u00edstica pelos gestores, tanto quanto as rela\u00e7\u00f5es da estrat\u00e9gia e do design<br \/>\nde seu neg\u00f3cio que comentarei a seguir, n\u00e3o s\u00f3 se aplica \u00e0s empresas, mas tamb\u00e9m \u00e0s institui\u00e7\u00f5es<br \/>\ndo governo e \u00e0s organiza\u00e7\u00f5es n\u00e3o governamentais.<br \/>\nNeste artigo n\u00e3o pretendo me aprofundar em conceitos, mas antes de explicar porque que &#8220;para a<br \/>\nestrat\u00e9gia ser eficaz ela precisa estar alinhada com o design do neg\u00f3cio&#8221;, explicarei em poucas<br \/>\npalavras os conceitos de Estrat\u00e9gia e Modelo de Neg\u00f3cios.<br \/>\nA Estrat\u00e9gia<br \/>\nPROJETO INTEGRADO<br \/>\nEstrat\u00e9gia nunca foi t\u00e3o importante quanto nos dias de hoje.<br \/>\n&#8220;Em um sentido geral, estrat\u00e9gia \u00e9 a defini\u00e7\u00e3o dos grandes objetivos e linhas de a\u00e7\u00e3o estabelecidas<br \/>\nnos planos empresariais ou governamentais. T\u00e1tica, em complemento, definiria de forma mais<br \/>\ndetalhada como atingir esses objetivos.&#8221;<br \/>\nConsiderando o cen\u00e1rio atual de competi\u00e7\u00e3o globalizada, a expectativa de vida e prosperidade das<br \/>\norganiza\u00e7\u00f5es \u00e9 determinada pela sua capacidade de se adaptar ao ambiente em evolu\u00e7\u00e3o cont\u00ednua.<br \/>\nA necessidade de sobreviver e prosperar neste cen\u00e1rio de constantes mudan\u00e7as requer que as<br \/>\nvantagens competitivas tamb\u00e9m sejam revistas e melhoradas e isto t\u00eam exigido \u00e0s empresas a<br \/>\ncria\u00e7\u00e3o estruturada da Estrat\u00e9gia e a organiza\u00e7\u00e3o disciplinada dos esfor\u00e7os de sua implementa\u00e7\u00e3o.<br \/>\nOs elementos fundamentais que comp\u00f5e os alicerces da estrat\u00e9gia de uma organiza\u00e7\u00e3o s\u00e3o: a Miss\u00e3o,<br \/>\nos Valores e a Vis\u00e3o de futuro.<br \/>\nFigura 1 \u2013 Miss\u00e3o, Vis\u00e3o, Valores e a Estrat\u00e9gia<br \/>\nAl\u00e9m desta ideologia b\u00e1sica, a estrat\u00e9gia deve considerar o Modelo de Neg\u00f3cios da empresa e o<br \/>\nambiente onde ele est\u00e1 inserido. Ele \u00e9 o elemento central da estrat\u00e9gia, e deve ser singular, ou seja,<br \/>\ndiferenciado da concorr\u00eancia, pois busca uma vantagem competitiva sustent\u00e1vel. Desenhar este<br \/>\nmodelo e analis\u00e1-lo ajuda muito a enxergar a empresa e o neg\u00f3cio de forma sist\u00eamica al\u00e9m de<br \/>\nequalizar linguagem e a comunica\u00e7\u00e3o entre todos os interessados e facilitar a tomada de decis\u00f5es<br \/>\nem poss\u00edveis mudan\u00e7as inovadoras.<br \/>\n&#8220;Um modelo de neg\u00f3cios descreve a l\u00f3gica de cria\u00e7\u00e3o, entrega e captura de valor por parte de uma<br \/>\norganiza\u00e7\u00e3o.&#8221; \u2013 Alexander Osterwalder<br \/>\nModelo de Neg\u00f3cios busca responder quest\u00f5es como estas: Qual \u00e9 o nosso neg\u00f3cio? Quem s\u00e3o os<br \/>\nclientes que queremos focar? Quais os produtos\/servi\u00e7os vamos oferecer? Como vamos entregar de<br \/>\nmaneira eficiente e diferenciada?<br \/>\nDurante o planejamento estrat\u00e9gico, \u00e9 importante que o modelo de neg\u00f3cios seja revisto,<br \/>\nconsiderando todos os elementos envolvidos em seu design.<br \/>\nPROJETO INTEGRADO<br \/>\nFigura 2 \u2013 Os elementos de um modelo de neg\u00f3cios &#8211; www.businessmodelgeneration.com<br \/>\nNo quadro (canvas BMGen) apropriado para modelagem, pode-se escrever o modelo de neg\u00f3cios de<br \/>\nv\u00e1rias formas. Recomenda-se iniciar pelo Segmento de Clientes ou pela Proposi\u00e7\u00e3o de Valor e ir<br \/>\nacrescentando os demais blocos. Esta forma de escrita, centrada no cliente, tamb\u00e9m pode ser usada<br \/>\nna leitura da l\u00f3gica do modelo, conforme vemos pelo seguinte texto: &#8220;A Proposi\u00e7\u00e3o de valor \u00e9<br \/>\noferecida aos Segmentos de Clientes, atrav\u00e9s de Canais de comunica\u00e7\u00e3o, venda e distribui\u00e7\u00e3o e do<br \/>\nRelacionamento com eles, gerando as Receitas que a empresa necessita. Este valor para o cliente \u00e9<br \/>\ngerado atrav\u00e9s de Atividades chave, que empregam Recursos chave que est\u00e3o a cargo da empresa e<br \/>\nde suas Parcerias chave, que geram os Custos do neg\u00f3cio&#8221;.<br \/>\nO ambiente onde a empresa e seu modelo de neg\u00f3cios est\u00e3o inseridos tamb\u00e9m \u00e9 fundamental para<br \/>\nan\u00e1lise do cen\u00e1rio durante o planejamento estrat\u00e9gico. A ferramenta SWOT, cuja sigla \u00e9 uma<br \/>\nabrevia\u00e7\u00e3o das palavras (Strengths, Weaknesses, Opportunities, Threats) facilita a an\u00e1lise de<br \/>\nambiente interno (pontos Fortes, pontos Fracos) e externo (Oportunidades e Amea\u00e7as) para<br \/>\navalia\u00e7\u00e3o do posicionamento da organiza\u00e7\u00e3o e de sua capacidade de competi\u00e7\u00e3o. Geralmente esta<br \/>\nan\u00e1lise considera a compara\u00e7\u00e3o da empresa com a concorr\u00eancia e\/ou com outras empresas do setor.<br \/>\nEste processo \u00e9 conhecido como Benchmarking que busca identificar as melhores pr\u00e1ticas na<br \/>\nind\u00fastria para obter um desempenho superior. Nele a empresa examina como outra empresa realiza<br \/>\numa fun\u00e7\u00e3o espec\u00edfica a fim de melhorar como realizar a mesma ou uma fun\u00e7\u00e3o semelhante. Mas<br \/>\nn\u00e3o podemos esquecer que melhor do que usar uma pr\u00e1tica existente \u00e9 super\u00e1-la e para isso \u00e9<br \/>\npreciso inovar.<br \/>\nPROJETO INTEGRADO<br \/>\nAl\u00e9m da An\u00e1lise SWOT existem outras ferramentas muito \u00fateis para o planejamento estrat\u00e9gico, uma<br \/>\nmuito usada \u00e9 a das 5 for\u00e7as competitivas de Porter, que faz uma an\u00e1lise setorial considerando: a<br \/>\nRivalidade entre os concorrentes; o Poder de Negocia\u00e7\u00e3o dos clientes; o Poder de Negocia\u00e7\u00e3o dos<br \/>\nfornecedores; a Amea\u00e7a de Entrada de novos concorrentes; e a Amea\u00e7a de produtos substitutos.<br \/>\nA ess\u00eancia da gest\u00e3o estrat\u00e9gica \u00e9 elaborar, por meio de uma abordagem inovadora e criativa, uma<br \/>\nestrat\u00e9gia competitiva, composta dos grandes objetivos e linhas de a\u00e7\u00e3o, que assegure o \u00eaxito da<br \/>\norganiza\u00e7\u00e3o nos neg\u00f3cios atuais, ao mesmo tempo em que constr\u00f3i as compet\u00eancias essenciais<br \/>\nnecess\u00e1rias para o sucesso do neg\u00f3cio de amanh\u00e3.<br \/>\nPara trabalhar a gest\u00e3o estrat\u00e9gica, existe uma ferramenta de neg\u00f3cios bastante conhecida chamada<br \/>\nBSC &#8211; Balanced Scorecard. No BSC, a miss\u00e3o e vis\u00e3o da empresa s\u00e3o traduzidas em objetivos e<br \/>\nmedidas que refletem os interesses e as expectativas de seus principais interessados (clientes,<br \/>\nacionistas, colaboradores e outros) e que possam ser agrupadas em quatro perspectivas diferentes:<br \/>\nFinanceira, Cliente, Processos Internos e Aprendizagem e Conhecimento.<br \/>\nA partir dos objetivos de cada perspectiva s\u00e3o estabelecidas medidas de desempenho ou indicadores<br \/>\n(KPIs) bem como as metas e as iniciativas, de forma que sejam de f\u00e1cil entendimento pelos<br \/>\nparticipantes da organiza\u00e7\u00e3o. A partir das iniciativas s\u00e3o preparados os Planos de A\u00e7\u00e3o com diversas<br \/>\nmanobras t\u00e1ticas que ser\u00e3o desdobradas em a\u00e7\u00f5es operacionais. Cada plano de a\u00e7\u00e3o dever\u00e1 ter um<br \/>\nrespons\u00e1vel, um cronograma e um or\u00e7amento.<br \/>\nOs objetivos s\u00e3o distribu\u00eddos entre as perspectivas de forma equilibrada (balanced) com<br \/>\ndesdobramentos de causa e efeito e podem ser visualizados posteriormente atrav\u00e9s de pain\u00e9is e<br \/>\nquadros de controle (scorecards). Para facilitar a gest\u00e3o do BSC costuma-se utilizar ferramentas de<br \/>\ntecnologia voltadas a intelig\u00eancia de neg\u00f3cios, BI (Business Intelligence). Pequenas empresas podem<br \/>\niniciar via planilhas eletr\u00f4nicas ou ferramentas online.<br \/>\nO Alinhamento da Estrat\u00e9gia com o Design do Neg\u00f3cio<br \/>\nImagine que voc\u00ea tem um carro de corrida e disputa na F\u00f3rmula Indy, provavelmente seu carro tem<br \/>\num design pr\u00f3prio, ou seja, diferenciado dos demais. Quando menciono design aqui, estou n\u00e3o s\u00f3<br \/>\nfalando do visual, ou seja, da lataria, mas sim do conjunto que envolve o todo do carro, lataria, motor,<br \/>\nchassi e demais componentes e acess\u00f3rios. Para vencer a corrida voc\u00ea vai ter uma estrat\u00e9gia, ou seja,<br \/>\numa forma de a\u00e7\u00e3o distinta dos demais competidores. Agora imagine que voc\u00ea foi chamado para<br \/>\ncorrer na F\u00f3rmula I. \u00c9 bem prov\u00e1vel que voc\u00ea mude sua estrat\u00e9gia, mas isto n\u00e3o basta, \u00e9 necess\u00e1rio<br \/>\nque voc\u00ea tamb\u00e9m mude o design do carro para que fique compat\u00edvel com o novo contexto. E olha<br \/>\nque nem mudamos para o Rally Paris Dakar. O mesmo muitas vezes acontece no mundo de neg\u00f3cios,<br \/>\nonde os gestores com o apoio de consultorias muitas vezes trabalham a estrat\u00e9gia, mas esquecem<br \/>\nde que, com as mudan\u00e7as de contexto muitas vezes \u00e9 necess\u00e1rio mudar o design do neg\u00f3cio.<br \/>\nSe voc\u00ea conhece algo sobre desenho de processos, voc\u00ea sabe que os processos s\u00e3o invis\u00edveis at\u00e9 que<br \/>\ncada atividade e\/ou componente seja documentada. Documentar os processos \u00e9 realmente fazer o<br \/>\nPROJETO INTEGRADO<br \/>\ndesign de cada processo. E somente quando todo o processo \u00e9 vis\u00edvel que voc\u00ea pode determinar se<br \/>\numa mudan\u00e7a se justifica e que impacto essa mudan\u00e7a ter\u00e1. Documentar o processo antes de fazer<br \/>\naltera\u00e7\u00f5es minimiza riscos de resultados indesejados.<br \/>\nAo documentar o processo, voc\u00ea pode determinar se o mesmo precisa ser mudado para atingir certas<br \/>\nmetas de desempenho ou se \u00e9 uma quest\u00e3o de execu\u00e7\u00e3o. Baixo desempenho de processo \u00e9 resultado<br \/>\nde um projeto\/design deficiente, ou uma m\u00e1 execu\u00e7\u00e3o do mesmo. At\u00e9 documentar o processo, voc\u00ea<br \/>\nn\u00e3o tem como saber onde o problema de desempenho est\u00e1. Ao document\u00e1-los ver\u00e1 que na maioria<br \/>\ndos casos o problema est\u00e1 relacionado ao design atual do processo e n\u00e3o \u00e0 sua execu\u00e7\u00e3o.<br \/>\nOs mesmo princ\u00edpios se aplicam com rela\u00e7\u00e3o ao neg\u00f3cio, basta voc\u00ea reler o \u00faltimo par\u00e1grafo e<br \/>\nsubstituir a palavra &#8220;processo&#8221; pela palavra &#8220;neg\u00f3cio&#8221;. A maioria dos executivos n\u00e3o entende que as<br \/>\nempresas t\u00eam um design, ou melhor, um modelo de neg\u00f3cio que pode ser desenhado.<br \/>\nMuitos gestores sabem que os produtos t\u00eam designs e alguns entendem que processos t\u00eam design,<br \/>\nmas poucos compreendem que o neg\u00f3cio tem um design real. E, por n\u00e3o saberem que existem<br \/>\ndesigns para os neg\u00f3cios das empresas, n\u00e3o os consideram quando est\u00e3o tendo problemas de<br \/>\ndesempenho. Al\u00e9m disso, por n\u00e3o enxergaram claramente o design, eles olham para os seus<br \/>\nempregados, acreditando que o problema de desempenho est\u00e1 na execu\u00e7\u00e3o. \u00c9 por isso que tantos<br \/>\nprojetos resultam em um baixo ROI (retorno sobre o investimento) para as empresas, e os gestores<br \/>\nficam frustrados com seus investimentos. Eles n\u00e3o resolvem a causa raiz.<br \/>\nOutro ponto a considerar \u00e9 o contexto hist\u00f3rico, que fornece a base adequada para qualquer \u00e1rea de<br \/>\nestudo. N\u00e3o se pode apenas julgar a\u00e7\u00f5es tomadas anos atr\u00e1s usando os costumes de hoje como pano<br \/>\nde fundo. Sem saber o que estava acontecendo no passado os julgamentos n\u00e3o tem o contexto certo<br \/>\npara compreender as a\u00e7\u00f5es que foram tomadas. Sem entender o neg\u00f3cio inteiro seus colaboradores<br \/>\nn\u00e3o podem compreender totalmente as opera\u00e7\u00f5es. Estou comentando sobre design de neg\u00f3cios e<br \/>\nde processos para incentivar voc\u00ea e mostrar-lhe como as coisas est\u00e3o ligadas, n\u00e3o separadas. A<br \/>\nquest\u00e3o realmente n\u00e3o \u00e9 de neg\u00f3cios e opera\u00e7\u00f5es nem de neg\u00f3cio e TI. Tudo isso \u00e9 o neg\u00f3cio, porque<br \/>\nna empresa tudo est\u00e1 ligado a tudo.<br \/>\nQuando os blocos do modelo exibido da figura 2 acima s\u00e3o preenchidos com as informa\u00e7\u00f5es do seu<br \/>\nneg\u00f3cio, usando-se o quadro (canvas BMGen), eles nos ajudam a trabalhar os elementos e as rela\u00e7\u00f5es<br \/>\nentre eles e buscar ajustar o design do neg\u00f3cio ao novo contexto. Pois, muitas vezes, para poder<br \/>\ninovar, al\u00e9m de visualizar o design do neg\u00f3cio \u00e9 preciso pensar em remodela-lo. Neste processo,<br \/>\npodem ser muito \u00fateis metodologias como as do Pensamento de Design (design thinking).<br \/>\nOutro ponto importante \u00e9 que o Marketing e os Processos n\u00e3o fazem parte do desenho do modelo<br \/>\nde neg\u00f3cios, mas sim da fase de implementa\u00e7\u00e3o do mesmo. Cultura e estrutura hierarquia tamb\u00e9m<br \/>\ns\u00f3 ser\u00e3o envolvidos na implementa\u00e7\u00e3o. Este design n\u00e3o cont\u00e9m elementos como a concorr\u00eancia,<br \/>\npois tais itens fazem parte do ambiente externo ao modelo onde o neg\u00f3cio est\u00e1 inserido, e que<br \/>\ndevem ser utilizados ao se pensar na estrat\u00e9gia. Neste ponto quero observar que o uso do BSC &#8211;<br \/>\nPROJETO INTEGRADO<br \/>\nBalanced Scorecard, que busca equilibrar e alinhar os objetivos estrat\u00e9gicos em perspectivas \u00e9<br \/>\nbastante \u00fatil, principalmente quando repensado a partir do Modelo de Neg\u00f3cios.<br \/>\nCom rela\u00e7\u00e3o ao ambiente externo devem ser considerados n\u00e3o s\u00f3 as For\u00e7as da Industria (5 for\u00e7as de<br \/>\nPorter) que inclui a concorr\u00eancia, mas tamb\u00e9m sobre as For\u00e7as do Mercado, Principais Tend\u00eancias<br \/>\n(tecnol\u00f3gicas, regulat\u00f3rias, sociais e culturais e socioecon\u00f4micas) e For\u00e7as Macroecon\u00f4micas que<br \/>\nincluem a infraestrutura da economia.<br \/>\nConcluindo<br \/>\nQuando o contexto da empresa e o ambiente competitivo mudam, muitas vezes n\u00e3o basta trabalhar<br \/>\napenas a estrat\u00e9gia. \u00c9 importante tamb\u00e9m visualizar o design do neg\u00f3cio, com seus elementos e<br \/>\nrela\u00e7\u00f5es e muitas vezes redesenh\u00e1-los. E com certeza considerar os processos e as pessoas na<br \/>\nimplementa\u00e7\u00e3o e na execu\u00e7\u00e3o.<br \/>\nGRANDO, Nei. Para a estrat\u00e9gia ser eficaz ela precisa estar alinhada com o design do neg\u00f3cio.<br \/>\nDispon\u00edvel em: &lt;http:\/\/www.administradores.com.br\/artigos\/marketing\/para-a-estrategia-sereficaz-ela-precisa-estar-alinhada-com-o-design-do-negocio\/61753\/&gt; Acesso em: 24\/07\/13<br \/>\nA atividade relacionada dever\u00e1 ser resolvida de acordo com as informa\u00e7\u00f5es abaixo<br \/>\ndescritas em cada desafio relacionado \u00e0s disciplinas trabalhadas nesse semestre.<br \/>\nCada professor apresentar\u00e1 a proposta de sua \u00e1rea tem\u00e1tica, sendo que o texto<br \/>\nbase serve apenas para nortear os questionamentos ou desafios apresentados.<br \/>\nPRIMEIRO DESAFIO: ADMINISTRA\u00c7\u00c3O ESTRAT\u00c9GICA<br \/>\nTodas as empresas enfrentam dificuldades e precisam analisar um mercado, suas<br \/>\nvari\u00e1veis e potencialidades para a tomada de decis\u00f5es. No cen\u00e1rio pr\u00e1tico n\u00e3o existem muitas<br \/>\noportunidades para tentativa e erro, sendo que a simula\u00e7\u00e3o empresarial na pr\u00e1tica \u00e9 bem diferente<br \/>\nquando o dinheiro est\u00e1 em jogo e a vida da empresa.<br \/>\nPROJETO INTEGRADO<br \/>\nNesse sentido, analisando o texto e o contexto de nosso mercado, apresentamos<br \/>\nos questionamentos abaixo, lembrando que a resolu\u00e7\u00e3o deve embasar-se nos conte\u00fados dispon\u00edveis<br \/>\nnas refer\u00eancias digitais e nos demais conte\u00fados a disposi\u00e7\u00e3o na Biblioteca Digital.<br \/>\n<strong>1 \u2013 Sabendo dos desafios do mercado e da necessidade de moldar o neg\u00f3cio e a estrat\u00e9gia em<\/strong><br \/>\n<strong>conson\u00e2ncia aos desafios que ser\u00e3o enfrentados, pesquisem, apontem e expliquem as vari\u00e1veis<\/strong><br \/>\n<strong>relacionadas ao comportamento do consumidor, desenvolvimento de produtos e servi\u00e7os, e uso das<\/strong><br \/>\n<strong>informa\u00e7\u00f5es para o planejamento estrat\u00e9gico e alinhamento entre o design de neg\u00f3cio e a inova\u00e7\u00e3o.<\/strong><br \/>\n<strong>2 \u2013 Pesquisem e expliquem o que seria uma Matriz SWOT dentro deste design de neg\u00f3cios.<\/strong><br \/>\n<strong>Construam a Matriz e especifiquem os motivos pelos quais os indicadores comp\u00f5e cada quadrante<\/strong><\/p>\n<div class=\"elementor-toggle-item\">\n<h4 id=\"elementor-tab-title-1941\" class=\"elementor-tab-title elementor-active\" tabindex=\"0\" role=\"tab\" data-tab=\"1\" aria-controls=\"elementor-tab-content-1941\" aria-expanded=\"true\" aria-selected=\"true\">Como funciona?<\/h4>\n<div id=\"elementor-tab-content-1941\" class=\"elementor-tab-content elementor-clearfix elementor-active\" role=\"tabpanel\" data-tab=\"1\" aria-labelledby=\"elementor-tab-title-1941\">\n<p>Elaboramos os portf\u00f3lios, j\u00e1 deixamos prontos, nas normas da ABNT e conforme os requisitos da universidade. F\u00e1cil assim! O MELHOR \u00c9 QUE VOC\u00ca COMPRA E J\u00c1 BAIXA NA HORA O SEU ARQUIVO EM WORD! Sabemos que conciliar trabalho, fam\u00edlia, vida profissional e estudos \u00e9 dif\u00edcil hoje em dia, por isso, estamos aqui para ajudar voc\u00ea. Conte com nossa qualidade, experi\u00eancia e profissionalismo adquirindo seu portf\u00f3lio conosco. GARANTIMOS SEU CONCEITO!<\/p>\n<h4>Como se realizam os envios?<\/h4>\n<\/div>\n<\/div>\n<div class=\"elementor-toggle-item\">\n<div id=\"elementor-tab-content-1942\" class=\"elementor-tab-content elementor-clearfix elementor-active\" role=\"tabpanel\" data-tab=\"2\" aria-labelledby=\"elementor-tab-title-1942\">O seu trabalho \u00e9 disponibilizado pronto, respondido e nas normas j\u00e1 na mesma hora aqui em nosso site na sua \u00e1rea de downloads e tamb\u00e9m no seu e-mail.<\/div>\n<\/div>\n<div class=\"elementor-toggle-item\">\n<div id=\"elementor-tab-content-1943\" class=\"elementor-tab-content elementor-clearfix elementor-active\" role=\"tabpanel\" data-tab=\"3\" aria-labelledby=\"elementor-tab-title-1943\">\n<h4>Em quanto tempo recebo o portf\u00f3lio?<\/h4>\n<\/div>\n<\/div>\n<div class=\"elementor-toggle-item\">\n<div id=\"elementor-tab-content-1944\" class=\"elementor-tab-content elementor-clearfix elementor-active\" role=\"tabpanel\" data-tab=\"4\" aria-labelledby=\"elementor-tab-title-1944\">\n<p>Os envios s\u00e3o imediatos. Ap\u00f3s sua compra, o trabalho j\u00e1 \u00e9 disponibilizado instantaneamente aqui em nosso site e no seu e-mail.<\/p>\n<h4>E se o portf\u00f3lio que comprei precisar de corre\u00e7\u00e3o?<\/h4>\n<\/div>\n<\/div>\n<div class=\"elementor-toggle-item\">\n<div id=\"elementor-tab-content-1945\" class=\"elementor-tab-content elementor-clearfix elementor-active\" role=\"tabpanel\" data-tab=\"5\" aria-labelledby=\"elementor-tab-title-1945\">\n<p>Caso haja alguma solicita\u00e7\u00e3o de corre\u00e7\u00e3o\/altera\u00e7\u00e3o por parte do tutor, basta entrar em contato conosco pelo\u00a0WhatsApp\u00a0que provid\u00eanciaremos sem custo algum.<\/p>\n<h4>Qual o formato do arquivo?<\/h4>\n<\/div>\n<\/div>\n<div class=\"elementor-toggle-item\">\n<div id=\"elementor-tab-content-1946\" class=\"elementor-tab-content elementor-clearfix elementor-active\" role=\"tabpanel\" data-tab=\"6\" aria-labelledby=\"elementor-tab-title-1946\">\n<p>Os arquivos s\u00e3o enviados em formato Word e s\u00e3o edit\u00e1veis.<\/p>\n<h4>Caso eu tiver alguma d\u00favida, terei suporte no p\u00f3s venda?<\/h4>\n<\/div>\n<\/div>\n<div class=\"elementor-toggle-item\">\n<div id=\"elementor-tab-content-1948\" class=\"elementor-tab-content elementor-clearfix elementor-active\" role=\"tabpanel\" data-tab=\"8\" aria-labelledby=\"elementor-tab-title-1948\">\n<p>Sim, com certeza. Basta clicar no \u00edcone do WhatsApp no cantinho da tela. Ser\u00e1 um prazer atend\u00ea-lo(a).<\/p>\n<div class=\"elementor-toggle-item\">\n<div id=\"elementor-tab-content-1948\" class=\"elementor-tab-content elementor-clearfix elementor-active\" role=\"tabpanel\" data-tab=\"8\" aria-labelledby=\"elementor-tab-title-1948\">\n<h4>Quais os seus canais de contato?<\/h4>\n<\/div>\n<\/div>\n<div class=\"elementor-toggle-item\">\n<div id=\"elementor-tab-content-1949\" class=\"elementor-tab-content elementor-clearfix elementor-active\" role=\"tabpanel\" data-tab=\"9\" aria-labelledby=\"elementor-tab-title-1949\">\n<p>Whatsapp: 53 984751621 \u2013 Clicar no canto da tela ou ESCANEIE O QRCODE ABAIXO<\/p>\n<h4><img decoding=\"async\" class=\"alignnone wp-image-13699 jetpack-lazy-image jetpack-lazy-image--handled\" src=\"https:\/\/i0.wp.com\/portifolioos-prontos.com\/wp-content\/uploads\/2023\/02\/whatsapp-business-projeto-de-extensao-300x300.jpeg?resize=144%2C144\" sizes=\"(max-width: 144px) 100vw, 144px\" srcset=\"https:\/\/i0.wp.com\/portifolioos-prontos.com\/wp-content\/uploads\/2023\/02\/whatsapp-business-projeto-de-extensao.jpeg?resize=300%2C301&amp;ssl=1 300w, https:\/\/i0.wp.com\/portifolioos-prontos.com\/wp-content\/uploads\/2023\/02\/whatsapp-business-projeto-de-extensao.jpeg?resize=150%2C150&amp;ssl=1 150w, https:\/\/i0.wp.com\/portifolioos-prontos.com\/wp-content\/uploads\/2023\/02\/whatsapp-business-projeto-de-extensao.jpeg?resize=370%2C372&amp;ssl=1 370w, https:\/\/i0.wp.com\/portifolioos-prontos.com\/wp-content\/uploads\/2023\/02\/whatsapp-business-projeto-de-extensao.jpeg?resize=100%2C100&amp;ssl=1 100w, https:\/\/i0.wp.com\/portifolioos-prontos.com\/wp-content\/uploads\/2023\/02\/whatsapp-business-projeto-de-extensao.jpeg?w=470&amp;ssl=1 470w\" alt=\"projeto de extens\u00e3o unopar\" width=\"144\" height=\"144\" data-lazy-loaded=\"1\" \/><\/h4>\n<\/div>\n<\/div>\n<\/div>\n<\/div>\n<div class=\"elementor-toggle-item\">\n<div id=\"elementor-tab-content-1949\" class=\"elementor-tab-content elementor-clearfix elementor-active\" role=\"tabpanel\" data-tab=\"9\" aria-labelledby=\"elementor-tab-title-1949\">\n<p>E-mail:portifoliosp@gmail.com<\/p>\n<div id=\"attachment_143\" class=\"wp-caption alignnone\">\n<div id=\"attachment_143\" class=\"wp-caption alignnone\" style=\"width: 84px;\">\n<p><a href=\"http:\/\/portifolioos-prontos.com\/\"><img decoding=\"async\" class=\"wp-image-143 jetpack-lazy-image jetpack-lazy-image--handled\" title=\"portfolio pronto unopar\" src=\"https:\/\/i0.wp.com\/portifolioos-prontos.com\/wp-content\/uploads\/2022\/04\/conceitomaximo.png?resize=164%2C47\" alt=\"PORTFOLIO PRONTO UNOPAR ANHANGUERA\" width=\"84\" height=\"24\" aria-describedby=\"caption-attachment-143\" data-lazy-loaded=\"1\" \/><\/a><\/p>\n<p id=\"caption-attachment-143\" class=\"wp-caption-text\">Portf\u00f3lio em Word, respondido, completo e j\u00e1 nas normas.<\/p>\n<\/div>\n<\/div>\n<\/div>\n<\/div>\n","protected":false},"excerpt":{"rendered":"<p>Projeto integrado &#8211; Para a estrat\u00e9gia ser eficaz ela precisa estar alinhada com o design do neg\u00f3cio Para a estrat\u00e9gia ser eficaz ela precisa estar alinhada com o design do neg\u00f3cio Introdu\u00e7\u00e3o Costumo comparar uma empresa a um organismo vivo. Assim como o corpo humano \u00e9 um sistema complexo, uma empresa tamb\u00e9m o \u00e9. Se&hellip;<\/p>\n","protected":false},"featured_media":18202,"template":"","meta":{"_seopress_robots_primary_cat":"none","_seopress_titles_title":"%%post_title%% %%sitetitle%%","_seopress_titles_desc":"%%post_content%%","_seopress_robots_index":""},"product_cat":[129,15],"product_tag":[],"class_list":{"0":"post-18198","1":"product","2":"type-product","3":"status-publish","4":"has-post-thumbnail","6":"product_cat-mediacao","7":"product_cat-uncategorized","9":"first","10":"instock","11":"downloadable","12":"virtual","13":"purchasable","14":"product-type-simple","15":"col-xs-6 col-sm-4","16":"col-mf-5","17":"un-5-cols"},"jetpack_sharing_enabled":true,"_links":{"self":[{"href":"https:\/\/portifolioos-prontos.com\/index.php\/wp-json\/wp\/v2\/product\/18198","targetHints":{"allow":["GET"]}}],"collection":[{"href":"https:\/\/portifolioos-prontos.com\/index.php\/wp-json\/wp\/v2\/product"}],"about":[{"href":"https:\/\/portifolioos-prontos.com\/index.php\/wp-json\/wp\/v2\/types\/product"}],"version-history":[{"count":0,"href":"https:\/\/portifolioos-prontos.com\/index.php\/wp-json\/wp\/v2\/product\/18198\/revisions"}],"wp:featuredmedia":[{"embeddable":true,"href":"https:\/\/portifolioos-prontos.com\/index.php\/wp-json\/wp\/v2\/media\/18202"}],"wp:attachment":[{"href":"https:\/\/portifolioos-prontos.com\/index.php\/wp-json\/wp\/v2\/media?parent=18198"}],"wp:term":[{"taxonomy":"product_cat","embeddable":true,"href":"https:\/\/portifolioos-prontos.com\/index.php\/wp-json\/wp\/v2\/product_cat?post=18198"},{"taxonomy":"product_tag","embeddable":true,"href":"https:\/\/portifolioos-prontos.com\/index.php\/wp-json\/wp\/v2\/product_tag?post=18198"}],"curies":[{"name":"wp","href":"https:\/\/api.w.org\/{rel}","templated":true}]}}