{"id":18687,"date":"2023-07-26T19:59:26","date_gmt":"2023-07-26T22:59:26","guid":{"rendered":"https:\/\/portifolioos-prontos.com\/?post_type=product&#038;p=18687"},"modified":"2024-08-15T00:36:33","modified_gmt":"2024-08-15T03:36:33","slug":"atividade-pratica-avaliacao-psicopedagogica","status":"publish","type":"product","link":"https:\/\/portifolioos-prontos.com\/index.php\/product\/atividade-pratica-avaliacao-psicopedagogica\/","title":{"rendered":"ATIVIDADE PR\u00c1TICA AVALIA\u00c7\u00c3O PSICOPEDAG\u00d3GICA"},"content":{"rendered":"<h4>ATIVIDADE PR\u00c1TICA AVALIA\u00c7\u00c3O PSICOPEDAG\u00d3GICA<\/h4>\n<p>OBJETIVOS<br \/>\nA proposta desta atividade pr\u00e1tica est\u00e1 amparada nos seguintes objetivos:<br \/>\n&#8211; Conhecer, compreender e registrar os procedimentos b\u00e1sicos para a avalia\u00e7\u00e3o psicopedag\u00f3gica.<br \/>\n&#8211; Registrar o passo a passo de um instrumento avaliativo utilizado na psicopedagogia.<br \/>\nRECURSOS<br \/>\n&#8211; Computador com acesso \u00e0 internet e ao ambiente virtual.<br \/>\n&#8211; Livro da disciplina \u2013 Avalia\u00e7\u00e3o Psicopedag\u00f3gica (para consultar\/relembrar conceitos).<br \/>\nAtividade proposta<br \/>\nA avalia\u00e7\u00e3o psicopedag\u00f3gica \u00e9 um processo de diagn\u00f3stico que visa compreender e analisar<br \/>\no funcionamento cognitivo, emocional e pedag\u00f3gico de um indiv\u00edduo, geralmente crian\u00e7as,<br \/>\nadolescentes ou adultos em idade escolar. De acordo com Campos e Neto (2022) o objetivo principal<br \/>\n\u00e9 identificar poss\u00edveis dificuldades de aprendizagem, desafios emocionais ou transtornos que podem<br \/>\nestar afetando a aprendizagem.<br \/>\nO processo de avallia\u00e7\u00e3o geralmente envolve v\u00e1rias etapas como entrevistas, observa\u00e7\u00e3o de<br \/>\ncomportamento de diferentes contextos, aplica\u00e7\u00e3o de testes psicom\u00e9tricos, entre outros instrumentos.<br \/>\nA avalia\u00e7\u00e3o fornece um diagn\u00f3stico que auxilia na elabora\u00e7\u00e3o de um plano personalizado, visando<br \/>\nsuperar as dificuldades de aprendizagem e promover o desenvolvimento adequado do ind\u00edviduo.<br \/>\n\u00c9 importante ressaltar que a avalia\u00e7\u00e3o psicopedag\u00f3gica n\u00e3o busca apenas identificar<br \/>\nproblemas, mas tamb\u00e9m destacar os pontos fortes do indiv\u00edduo, a fim de potencializar suas<br \/>\nhabilidades e compet\u00eancias. Segundo Dumard (2015), busca-se promover um processo de<br \/>\naprendizagem mais eficiente e adequado \u00e0s necessidades espec\u00edficas de cada indiv\u00edduo.<br \/>\nA partir do contexto apresentado, observa-se a necessidade de um conhecimento amplo sobre<br \/>\na avalia\u00e7\u00e3o psicopedag\u00f3gica, entendendo os procedimentos b\u00e1sicos para a sua execu\u00e7\u00e3o.<br \/>\nProcedimentos para a realiza\u00e7\u00e3o da atividade<br \/>\nAtividade 01:<br \/>\na- Considere alguns procedimentos b\u00e1sicos da avalia\u00e7\u00e3o psicopedag\u00f3gica no quadro abaixo. Em<br \/>\nseguida, discrimine suas caracter\u00edsticas completando a lacuna:<\/p>\n<p>Alguns procedimentos b\u00e1sicos da<br \/>\navalia\u00e7\u00e3o psicopedag\u00f3gica<br \/>\nCaracter\u00edsticas<br \/>\nAnamnese<br \/>\nProvas Piagetianas<br \/>\nTestes Projetivos<br \/>\nAtividade 02:<br \/>\nAo longo da disciplina, estudamos v\u00e1rios instrumentos avaliativos. A seguir, selecionamos alguns<br \/>\ndeles:<br \/>\n\uf0b7 EOCA<br \/>\n\uf0b7 TDE<br \/>\n\uf0b7 WISC<br \/>\n\uf0b7 Teste psicomotores<br \/>\n\uf0b7 IAR<br \/>\na) Escolha um dos instrumentos avaliativos citados e descreva os procedimentos b\u00e1sicos do<br \/>\nseu uso.<br \/>\nb) A descri\u00e7\u00e3o dos procedimentos b\u00e1sicos do instrumento escolhido, dever\u00e1 ser produzido<br \/>\ncomo um texto instrucional na atividade em anexo. Nas instru\u00e7\u00f5es, voc\u00ea apresentar\u00e1<br \/>\ninforma\u00e7\u00f5es de sua aplicabilidade conforme as orienta\u00e7\u00f5es a seguir:<br \/>\n\uf0b7 Apresente o nome do instrumento escolhido;<br \/>\n\uf0b7 Descreva como voc\u00ea dar\u00e1 in\u00edcio ao teste;<br \/>\n\uf0b7 Cite os recursos que ser\u00e3o utilizados nas etapas descritas;<br \/>\n\uf0b7 Mencione o tempo da aplica\u00e7\u00e3o do instrumento avaliativo;<br \/>\n\uf0b7 Explique a finalidade da utiliza\u00e7\u00e3o do instrumento.<br \/>\nLembre-se de que um texto instrucional \u00e9 um texto que apresenta procedimentos que devem<br \/>\nser seguidos em uma determinada circunst\u00e2ncia como uma receita, um manual para montar um m\u00f3vel,<br \/>\num manual com informa\u00e7\u00f5es sobre como utilizar um eletrodom\u00e9stico e assim, por diante.<br \/>\nChecklist<br \/>\n&#8211; Procurar um ambiente tranquilo para realizar as atividades solicitadas sem interfer\u00eancias.<br \/>\n&#8211; Considerar alguns dos procedimentos b\u00e1sicos descritos nas atividade 01 e suas<br \/>\ncaracter\u00edsticas.<br \/>\nREFER\u00caNCIAS<br \/>\nDUMARD, Katia. Aprendizagem e sua Dimens\u00e3o Cognitiva, Afetiva e Social. [recurso eletr\u00f4nico]:<br \/>\nCengage Learning Brasil, 2015. [Biblioteca Virtual Universit\u00e1ria 3.0 Pearson]<br \/>\nRevista Multidisciplinar em Educa\u00e7\u00e3o e Sa\u00fade: Alto Santo \u2013 Cear\u00e1: Faculdade Regional Jaguaribana,<br \/>\n2019, n\u00ba 6. INSS 2525-4014. Dispon\u00edvel em<br \/>\nhttps:\/\/frjaltosanto.edu.br\/website\/wp-content\/uploads\/2022\/12\/6-A-PSICOPEDAGOGIA-E-ASDIFICULDADES-DE-APRENDIZAGEM_OS-METODOS-DE-DIAGNOSTICO-COMO-SUPORTE-NAATUACAO-DO-PSICOPEDAGOGO.pdf Acesso em: 03 jul. 2023.<\/p>\n<div class=\"elementor-toggle-item\">\n<h4 id=\"elementor-tab-title-1941\" class=\"elementor-tab-title elementor-active\" tabindex=\"0\" role=\"tab\" data-tab=\"1\" aria-controls=\"elementor-tab-content-1941\" aria-expanded=\"true\" aria-selected=\"true\">Como funciona?<\/h4>\n<div id=\"elementor-tab-content-1941\" class=\"elementor-tab-content elementor-clearfix elementor-active\" role=\"tabpanel\" data-tab=\"1\" aria-labelledby=\"elementor-tab-title-1941\">\n<p>Elaboramos os portf\u00f3lios, j\u00e1 deixamos prontos, nas normas da ABNT e conforme os requisitos da universidade. F\u00e1cil assim! O MELHOR \u00c9 QUE VOC\u00ca COMPRA E J\u00c1 BAIXA NA HORA O SEU ARQUIVO EM WORD! Sabemos que conciliar trabalho, fam\u00edlia, vida profissional e estudos \u00e9 dif\u00edcil hoje em dia, por isso, estamos aqui para ajudar voc\u00ea. Conte com nossa qualidade, experi\u00eancia e profissionalismo adquirindo seu portf\u00f3lio conosco. GARANTIMOS SEU CONCEITO!<\/p>\n<h4>Como se realizam os envios?<\/h4>\n<\/div>\n<\/div>\n<div class=\"elementor-toggle-item\">\n<div id=\"elementor-tab-content-1942\" class=\"elementor-tab-content elementor-clearfix elementor-active\" role=\"tabpanel\" data-tab=\"2\" aria-labelledby=\"elementor-tab-title-1942\">O seu trabalho \u00e9 disponibilizado pronto, respondido e nas normas j\u00e1 na mesma hora aqui em nosso site na sua \u00e1rea de downloads e tamb\u00e9m no seu e-mail.<\/div>\n<\/div>\n<div class=\"elementor-toggle-item\">\n<div id=\"elementor-tab-content-1943\" class=\"elementor-tab-content elementor-clearfix elementor-active\" role=\"tabpanel\" data-tab=\"3\" aria-labelledby=\"elementor-tab-title-1943\">\n<h4>Em quanto tempo recebo o portf\u00f3lio?<\/h4>\n<\/div>\n<\/div>\n<div class=\"elementor-toggle-item\">\n<div id=\"elementor-tab-content-1944\" class=\"elementor-tab-content elementor-clearfix elementor-active\" role=\"tabpanel\" data-tab=\"4\" aria-labelledby=\"elementor-tab-title-1944\">\n<p>Os envios s\u00e3o imediatos. Ap\u00f3s sua compra, o trabalho j\u00e1 \u00e9 disponibilizado instantaneamente aqui em nosso site e no seu e-mail.<\/p>\n<h4>E se o portf\u00f3lio que comprei precisar de corre\u00e7\u00e3o?<\/h4>\n<\/div>\n<\/div>\n<div class=\"elementor-toggle-item\">\n<div id=\"elementor-tab-content-1945\" class=\"elementor-tab-content elementor-clearfix elementor-active\" role=\"tabpanel\" data-tab=\"5\" aria-labelledby=\"elementor-tab-title-1945\">\n<p>Caso haja alguma solicita\u00e7\u00e3o de corre\u00e7\u00e3o\/altera\u00e7\u00e3o por parte do tutor, basta entrar em contato conosco pelo\u00a0WhatsApp\u00a0que provid\u00eanciaremos sem custo algum.<\/p>\n<h4>Qual o formato do arquivo?<\/h4>\n<\/div>\n<\/div>\n<div class=\"elementor-toggle-item\">\n<div id=\"elementor-tab-content-1946\" class=\"elementor-tab-content elementor-clearfix elementor-active\" role=\"tabpanel\" data-tab=\"6\" aria-labelledby=\"elementor-tab-title-1946\">\n<p>Os arquivos s\u00e3o enviados em formato Word e s\u00e3o edit\u00e1veis.<\/p>\n<h4>Caso eu tiver alguma d\u00favida, terei suporte no p\u00f3s venda?<\/h4>\n<\/div>\n<\/div>\n<div class=\"elementor-toggle-item\">\n<div id=\"elementor-tab-content-1948\" class=\"elementor-tab-content elementor-clearfix elementor-active\" role=\"tabpanel\" data-tab=\"8\" aria-labelledby=\"elementor-tab-title-1948\">\n<p>Sim, com certeza. Basta clicar no \u00edcone do WhatsApp no cantinho da tela. Ser\u00e1 um prazer atend\u00ea-lo(a).<\/p>\n<div class=\"elementor-toggle-item\">\n<div id=\"elementor-tab-content-1948\" class=\"elementor-tab-content elementor-clearfix elementor-active\" role=\"tabpanel\" data-tab=\"8\" aria-labelledby=\"elementor-tab-title-1948\">\n<h4>Quais os seus canais de contato?<\/h4>\n<\/div>\n<\/div>\n<div class=\"elementor-toggle-item\">\n<div id=\"elementor-tab-content-1949\" class=\"elementor-tab-content elementor-clearfix elementor-active\" role=\"tabpanel\" data-tab=\"9\" aria-labelledby=\"elementor-tab-title-1949\">\n<p>Whatsapp: 53 984751621 \u2013 Clicar no canto da tela ou ESCANEIE O QRCODE ABAIXO<\/p>\n<h4><img decoding=\"async\" class=\"alignnone wp-image-13699 jetpack-lazy-image jetpack-lazy-image--handled\" src=\"https:\/\/i0.wp.com\/portifolioos-prontos.com\/wp-content\/uploads\/2023\/02\/whatsapp-business-projeto-de-extensao-300x300.jpeg?resize=144%2C144\" sizes=\"(max-width: 144px) 100vw, 144px\" srcset=\"https:\/\/i0.wp.com\/portifolioos-prontos.com\/wp-content\/uploads\/2023\/02\/whatsapp-business-projeto-de-extensao.jpeg?resize=300%2C301&amp;ssl=1 300w, https:\/\/i0.wp.com\/portifolioos-prontos.com\/wp-content\/uploads\/2023\/02\/whatsapp-business-projeto-de-extensao.jpeg?resize=150%2C150&amp;ssl=1 150w, https:\/\/i0.wp.com\/portifolioos-prontos.com\/wp-content\/uploads\/2023\/02\/whatsapp-business-projeto-de-extensao.jpeg?resize=370%2C372&amp;ssl=1 370w, https:\/\/i0.wp.com\/portifolioos-prontos.com\/wp-content\/uploads\/2023\/02\/whatsapp-business-projeto-de-extensao.jpeg?resize=100%2C100&amp;ssl=1 100w, https:\/\/i0.wp.com\/portifolioos-prontos.com\/wp-content\/uploads\/2023\/02\/whatsapp-business-projeto-de-extensao.jpeg?w=470&amp;ssl=1 470w\" alt=\"projeto de extens\u00e3o unopar\" width=\"144\" height=\"144\" data-lazy-loaded=\"1\" \/><\/h4>\n<\/div>\n<\/div>\n<\/div>\n<\/div>\n<div class=\"elementor-toggle-item\">\n<div id=\"elementor-tab-content-1949\" class=\"elementor-tab-content elementor-clearfix elementor-active\" role=\"tabpanel\" data-tab=\"9\" aria-labelledby=\"elementor-tab-title-1949\">\n<p>E-mail:portifoliosp@gmail.com<\/p>\n<div id=\"attachment_143\" class=\"wp-caption alignnone\">\n<div id=\"attachment_143\" class=\"wp-caption alignnone\" style=\"width: 77px;\">\n<p><a href=\"http:\/\/portifolioos-prontos.com\/\"><img decoding=\"async\" class=\"wp-image-143 jetpack-lazy-image jetpack-lazy-image--handled\" title=\"portfolio pronto unopar\" src=\"https:\/\/i0.wp.com\/portifolioos-prontos.com\/wp-content\/uploads\/2022\/04\/conceitomaximo.png?resize=164%2C47\" alt=\"PORTFOLIO PRONTO UNOPAR ANHANGUERA\" width=\"77\" height=\"22\" aria-describedby=\"caption-attachment-143\" data-lazy-loaded=\"1\" \/><\/a><\/p>\n<p id=\"caption-attachment-143\" class=\"wp-caption-text\">Portf\u00f3lio em Word, respondido, completo e j\u00e1 nas normas.<\/p>\n<\/div>\n<\/div>\n<\/div>\n<\/div>\n<p>&nbsp;<\/p>\n","protected":false},"excerpt":{"rendered":"<div class=\"product-short-description\">\n<h5><strong>Pague pelo PIX ou cart\u00e3o e fa\u00e7a o download agora mesmo.<\/strong><\/h5>\n<\/div>\n<div class=\"sticky-add-to-cart-wrapper\">\n<div class=\"sticky-add-to-cart\">\n<div class=\"quantity buttons_added form-flat\"><img decoding=\"async\" class=\"alignnone wp-image-761\" src=\"http:\/\/portifolioos-prontos.com\/wp-content\/uploads\/2022\/04\/PIX-300x107.webp\" alt=\"\" width=\"78\" height=\"28\" \/>\u00a0\u00a0<img loading=\"lazy\" decoding=\"async\" class=\"\" src=\"https:\/\/d26lpennugtm8s.cloudfront.net\/assets\/common\/img\/logos\/payment\/visa@2x.png\" width=\"46\" height=\"29\" \/><img loading=\"lazy\" decoding=\"async\" class=\"\" src=\"https:\/\/d26lpennugtm8s.cloudfront.net\/assets\/common\/img\/logos\/payment\/boleto@2x.png\" width=\"43\" height=\"27\" \/><img loading=\"lazy\" decoding=\"async\" class=\"\" src=\"https:\/\/d26lpennugtm8s.cloudfront.net\/assets\/common\/img\/logos\/payment\/mastercard@2x.png\" width=\"43\" height=\"27\" \/><img loading=\"lazy\" decoding=\"async\" class=\"\" src=\"https:\/\/d26lpennugtm8s.cloudfront.net\/assets\/common\/img\/logos\/payment\/amex@2x.png\" width=\"43\" height=\"27\" \/><img loading=\"lazy\" decoding=\"async\" class=\"\" src=\"https:\/\/d26lpennugtm8s.cloudfront.net\/assets\/common\/img\/logos\/payment\/diners@2x.png\" width=\"46\" height=\"29\" \/><img loading=\"lazy\" decoding=\"async\" class=\"\" src=\"https:\/\/d26lpennugtm8s.cloudfront.net\/assets\/common\/img\/logos\/payment\/br\/elo@2x.png\" width=\"45\" height=\"28\" \/><img loading=\"lazy\" decoding=\"async\" class=\"\" src=\"https:\/\/d26lpennugtm8s.cloudfront.net\/assets\/common\/img\/logos\/payment\/br\/hipercard@2x.png\" width=\"44\" height=\"28\" \/><img loading=\"lazy\" decoding=\"async\" class=\"\" src=\"https:\/\/d26lpennugtm8s.cloudfront.net\/assets\/common\/img\/logos\/payment\/mercadopago@2x.png\" width=\"45\" height=\"28\" \/><\/div>\n<\/div>\n<\/div>\n","protected":false},"featured_media":18689,"template":"","meta":{"_seopress_robots_primary_cat":"none","_seopress_titles_title":"","_seopress_titles_desc":"","_seopress_robots_index":""},"product_cat":[15],"product_tag":[],"class_list":{"0":"post-18687","1":"product","2":"type-product","3":"status-publish","4":"has-post-thumbnail","6":"product_cat-uncategorized","8":"first","9":"instock","10":"downloadable","11":"virtual","12":"purchasable","13":"product-type-simple","14":"col-xs-6 col-sm-4","15":"col-mf-5","16":"un-5-cols"},"jetpack_sharing_enabled":true,"_links":{"self":[{"href":"https:\/\/portifolioos-prontos.com\/index.php\/wp-json\/wp\/v2\/product\/18687","targetHints":{"allow":["GET"]}}],"collection":[{"href":"https:\/\/portifolioos-prontos.com\/index.php\/wp-json\/wp\/v2\/product"}],"about":[{"href":"https:\/\/portifolioos-prontos.com\/index.php\/wp-json\/wp\/v2\/types\/product"}],"version-history":[{"count":0,"href":"https:\/\/portifolioos-prontos.com\/index.php\/wp-json\/wp\/v2\/product\/18687\/revisions"}],"wp:featuredmedia":[{"embeddable":true,"href":"https:\/\/portifolioos-prontos.com\/index.php\/wp-json\/wp\/v2\/media\/18689"}],"wp:attachment":[{"href":"https:\/\/portifolioos-prontos.com\/index.php\/wp-json\/wp\/v2\/media?parent=18687"}],"wp:term":[{"taxonomy":"product_cat","embeddable":true,"href":"https:\/\/portifolioos-prontos.com\/index.php\/wp-json\/wp\/v2\/product_cat?post=18687"},{"taxonomy":"product_tag","embeddable":true,"href":"https:\/\/portifolioos-prontos.com\/index.php\/wp-json\/wp\/v2\/product_tag?post=18687"}],"curies":[{"name":"wp","href":"https:\/\/api.w.org\/{rel}","templated":true}]}}