{"id":18691,"date":"2023-07-26T20:02:26","date_gmt":"2023-07-26T23:02:26","guid":{"rendered":"https:\/\/portifolioos-prontos.com\/?post_type=product&#038;p=18691"},"modified":"2024-11-02T11:46:46","modified_gmt":"2024-11-02T14:46:46","slug":"atividade-pratica-teorias-e-tecnicas-de-diagnosticos-em-psicopedagogia","status":"publish","type":"product","link":"https:\/\/portifolioos-prontos.com\/index.php\/product\/atividade-pratica-teorias-e-tecnicas-de-diagnosticos-em-psicopedagogia\/","title":{"rendered":"ATIVIDADE PR\u00c1TICA TEORIAS E T\u00c9CNICAS DE DIAGN\u00d3STICOS EM PSICOPEDAGOGIA"},"content":{"rendered":"<h4>ATIVIDADE PR\u00c1TICA TEORIAS E T\u00c9CNICAS DE DIAGN\u00d3STICOS EM PSICOPEDAGOGIA<\/h4>\n<p>OBJETIVOS<br \/>\nA proposta desta atividade pr\u00e1tica est\u00e1 amparada nos seguintes objetivos:<br \/>\n&#8211; Conhecer, investigar e avaliar a efic\u00e1cia, validade e confiabilidade dos testes na identifica\u00e7\u00e3o e<br \/>\ncompreens\u00e3o das dificuldades e necessidades educacionais de indiv\u00edduos.<br \/>\n&#8211; Elaborar um texto contendo informa\u00e7\u00f5es sobre uma interven\u00e7\u00e3o psicopedag\u00f3gica utilizando o<br \/>\ninstrumento avaliativo: jogo.<br \/>\n&#8211; Compreender a import\u00e2ncia do jogo para a socializa\u00e7\u00e3o e a aprendizagem no processo de<br \/>\ndesenvolvimento infantil.<br \/>\nRECURSOS<br \/>\n&#8211; Computador com acesso \u00e0 internet e ao ambiente virtual.<br \/>\n&#8211; Livro da disciplina \u2013 Teorias e t\u00e9cnicas de diagn\u00f3stico em psicopedag\u00f3gia (para consultar\/relembrar<br \/>\nconceitos).<br \/>\nAtividade proposta<br \/>\nA pr\u00e1tica psicopedag\u00f3gica est\u00e1 voltada para as dificuldades ou transtornos de aprendizagem.<br \/>\nTal pr\u00e1tica utiliza diferentes instrumentos de avalia\u00e7\u00e3o para acompanhar o processo de cada<br \/>\naprendente.<br \/>\nConhecer os instrumentos que subsidiam a pr\u00e1tica psicopedag\u00f3gica favorece uma interven\u00e7\u00e3o<br \/>\nque seja assertiva e que obtenha resultados satisfat\u00f3rios. Por meio deles \u00e9 poss\u00edvel escolher um<br \/>\ninstrumento favor\u00e1vel para determinada suspeita de diagn\u00f3stico, identificando assim quais testes s\u00e3o<br \/>\nmais eficazes na avalia\u00e7\u00e3o em quest\u00e3o.<br \/>\nPor meio da aplica\u00e7\u00e3o das provas operat\u00f3rias, por exemplo, \u00e9 poss\u00edvel conhecer o<br \/>\nfuncionamento e o desenvolvimento das fun\u00e7\u00f5es l\u00f3gicas do aprendente. Essa aplica\u00e7\u00e3o nos permite<br \/>\ninvestigar o n\u00edvel cognitivo que a crian\u00e7a est\u00e1 e se existe defasagem em rela\u00e7\u00e3o \u00e0 sua idade<br \/>\ncronol\u00f3gica.<br \/>\nA partir do contexto apresentado, observa-se a necessidade de um conhecimento amplo sobre<br \/>\nos instrumentos avaliativos e os seus crit\u00e9rios e objetivos para cada aplica\u00e7\u00e3o.<br \/>\nProcedimentos para a realiza\u00e7\u00e3o da atividade<br \/>\nAtividade 01:<br \/>\na- Pesquise informa\u00e7\u00f5es sobre os seguinte instrumentos avaliativos:<br \/>\n\u2022 TDE: Teste de desempenho escolar<br \/>\n\u2022 Provas Operat\u00f3rias<br \/>\n\u2022 T\u00e9cnicas projetivas<br \/>\n\u2022 HTP<br \/>\n\u2022 Desenhos<br \/>\nb- Avalie cuidadosamente os crit\u00e9rios dos testes psicopedag\u00f3gicos indicados na letra \u201ca\u201d e<br \/>\nresponda as quest\u00f5es do anexo 1.<br \/>\nAtividade 02:<br \/>\na- Analise o contexto a seguir. Considere o seguinte excerto:<br \/>\nSegundo Ramos, Ribeiro e Santos (2011), \u201cBrincar ajuda as crian\u00e7as no seu desenvolvimento f\u00edsico,<br \/>\nafetivo, intelectual e social, pois, atrav\u00e9s das atividades l\u00fadicas, as crian\u00e7as formam conceitos,<br \/>\nrelacionam ideias, estabelecem rela\u00e7\u00f5es l\u00f3gicas, desenvolvem a express\u00e3o oral e corporal, refor\u00e7am<br \/>\nhabilidades sociais, reduzem a agressividade, integram-se na sociedade e constroem seu pr\u00f3prio<br \/>\nconhecimento.<br \/>\nA partir do contexto apresentado analise a situa\u00e7\u00e3o-problema a seguir:<br \/>\nLuisa tem nove anos, expressa-se bem, mas apresenta dificuldades para relacionar-se com os<br \/>\ncolegas da sala, por esse motivo, recusa-se \u00e0 realizar atividades em grupo, inclusive brincar em grupo.<br \/>\nPreocupada com os poss\u00edveis preju\u00edzos da sua aprendizagem, na socializa\u00e7\u00e3o e na constru\u00e7\u00e3o de<br \/>\nconceitos por meio das rela\u00e7\u00f5es, a professora indicou para os respons\u00e1veis uma avalia\u00e7\u00e3o<br \/>\npsicopedag\u00f3gica.<br \/>\nb- Se voc\u00ea fosse o psicopedagogo que iria atender Luisa, como utilizaria o instrumento \u201cjogo\u201d para<br \/>\nsua interven\u00e7\u00e3o? Descreva quais procedimentos seriam utilizados em sua interven\u00e7\u00e3o a partir<br \/>\nda reflex\u00e3o dos direcionamentos abaixo:<br \/>\n\u2022 Considere a idade da crian\u00e7a.<br \/>\n\u2022 Qual tipo de jogo \u00e9 indicado para ser aplicado no contexto apresentado?<br \/>\n\u2022 Considere os aspectos l\u00fadicos da atividade como o prazer de brincar e a espontaneidade.<br \/>\n\u2022 Descreva quais a\u00e7\u00f5es voc\u00ea ir\u00e1 realizar e quais voc\u00ea espera que a crian\u00e7a realize.<br \/>\n\u2022 Explique a import\u00e2ncia do jogo para a socializa\u00e7\u00e3o e aprendizagem no processo de<br \/>\ndesenvolvimento infantil<br \/>\nChecklist<br \/>\n&#8211; Procurar um ambiente tranquilo para realizar as atividades solicitadas sem interfer\u00eancias.<br \/>\n&#8211; Identificar os tipos de instrumentos descritos nas atividade 1 e suas caracter\u00edsticas.<br \/>\n&#8211; Analisar a siatua\u00e7\u00e3o-problema apresentada e elaborar uma proposta de interven\u00e7\u00e3o.<br \/>\n&#8211; Descrever a import\u00e2ncia do jogo na socializa\u00e7\u00e3o e na apredizagem.<br \/>\nRESULTADO<br \/>\nO trabalho dever\u00e1 ser entregue em arquivo Word atendendo as etapas de produ\u00e7\u00e3o e<br \/>\nutilizando os recursos solicitados no roteiro.<br \/>\nO arquivo dever\u00e1 conter:<br \/>\n\u2022 Capa;<br \/>\n\u2022 Folha de rosto com os dados da disciplina e do aluno;<br \/>\n\u2022 Os resultados das atividades pr\u00e1ticas exigidas pelo roteiro;<br \/>\n\u2022 Refer\u00eancias bibliogr\u00e1ficas (quando houver).<br \/>\nREFER\u00caNCIAS<br \/>\nRAMOS, Danielle Cristina; RIBEIRO, Sheila Maria; SANTOS, Zuleica A. G. Os jogos no<br \/>\ndesenvolvimento da crian\u00e7a. In: ROSA, Adriana (Org.). L\u00fadico &amp; Alfabetiza\u00e7\u00e3o. Curitiba: Juru\u00e1,<br \/>\n2011, p.38 -43. Dispon\u00edvel em:<br \/>\nhttps:\/\/repositorio.unb.br\/bitstream\/10482\/14200\/1\/2013_LidiaSilvaRodrigues.pdf . Acesso em: 19<br \/>\njun. 2023.<br \/>\nPEREIRA, M. A.; GONZALES, M. d. C. B. O brincar, um aliado na interven\u00e7\u00e3o<br \/>\npsicopedag\u00f3gica. Cadernos de Educa\u00e7\u00e3o, v.18, n. 36, jan.-jun. 2019. Dispon\u00edvel em:<br \/>\nfile:\/\/\/C:\/Users\/Usuario\/Downloads\/9738-34610-2-PB.pdf. Acesso em: 19 jun. 20<\/p>\n<div class=\"elementor-toggle-item\">\n<h4 id=\"elementor-tab-title-1941\" class=\"elementor-tab-title elementor-active\" tabindex=\"0\" role=\"tab\" data-tab=\"1\" aria-controls=\"elementor-tab-content-1941\" aria-expanded=\"true\" aria-selected=\"true\">Como funciona?<\/h4>\n<div id=\"elementor-tab-content-1941\" class=\"elementor-tab-content elementor-clearfix elementor-active\" role=\"tabpanel\" data-tab=\"1\" aria-labelledby=\"elementor-tab-title-1941\">\n<p>Elaboramos os portf\u00f3lios, j\u00e1 deixamos prontos, nas normas da ABNT e conforme os requisitos da universidade. F\u00e1cil assim! O MELHOR \u00c9 QUE VOC\u00ca COMPRA E J\u00c1 BAIXA NA HORA O SEU ARQUIVO EM WORD! Sabemos que conciliar trabalho, fam\u00edlia, vida profissional e estudos \u00e9 dif\u00edcil hoje em dia, por isso, estamos aqui para ajudar voc\u00ea. Conte com nossa qualidade, experi\u00eancia e profissionalismo adquirindo seu portf\u00f3lio conosco. GARANTIMOS SEU CONCEITO!<\/p>\n<h4>Como se realizam os envios?<\/h4>\n<\/div>\n<\/div>\n<div class=\"elementor-toggle-item\">\n<div id=\"elementor-tab-content-1942\" class=\"elementor-tab-content elementor-clearfix elementor-active\" role=\"tabpanel\" data-tab=\"2\" aria-labelledby=\"elementor-tab-title-1942\">O seu trabalho \u00e9 disponibilizado pronto, respondido e nas normas j\u00e1 na mesma hora aqui em nosso site na sua \u00e1rea de downloads e tamb\u00e9m no seu e-mail.<\/div>\n<\/div>\n<div class=\"elementor-toggle-item\">\n<div id=\"elementor-tab-content-1943\" class=\"elementor-tab-content elementor-clearfix elementor-active\" role=\"tabpanel\" data-tab=\"3\" aria-labelledby=\"elementor-tab-title-1943\">\n<h4>Em quanto tempo recebo o portf\u00f3lio?<\/h4>\n<\/div>\n<\/div>\n<div class=\"elementor-toggle-item\">\n<div id=\"elementor-tab-content-1944\" class=\"elementor-tab-content elementor-clearfix elementor-active\" role=\"tabpanel\" data-tab=\"4\" aria-labelledby=\"elementor-tab-title-1944\">\n<p>Os envios s\u00e3o imediatos. Ap\u00f3s sua compra, o trabalho j\u00e1 \u00e9 disponibilizado instantaneamente aqui em nosso site e no seu e-mail.<\/p>\n<h4>E se o portf\u00f3lio que comprei precisar de corre\u00e7\u00e3o?<\/h4>\n<\/div>\n<\/div>\n<div class=\"elementor-toggle-item\">\n<div id=\"elementor-tab-content-1945\" class=\"elementor-tab-content elementor-clearfix elementor-active\" role=\"tabpanel\" data-tab=\"5\" aria-labelledby=\"elementor-tab-title-1945\">\n<p>Caso haja alguma solicita\u00e7\u00e3o de corre\u00e7\u00e3o\/altera\u00e7\u00e3o por parte do tutor, basta entrar em contato conosco pelo\u00a0WhatsApp\u00a0que provid\u00eanciaremos sem custo algum.<\/p>\n<h4>Qual o formato do arquivo?<\/h4>\n<\/div>\n<\/div>\n<div class=\"elementor-toggle-item\">\n<div id=\"elementor-tab-content-1946\" class=\"elementor-tab-content elementor-clearfix elementor-active\" role=\"tabpanel\" data-tab=\"6\" aria-labelledby=\"elementor-tab-title-1946\">\n<p>Os arquivos s\u00e3o enviados em formato Word e s\u00e3o edit\u00e1veis.<\/p>\n<h4>Caso eu tiver alguma d\u00favida, terei suporte no p\u00f3s venda?<\/h4>\n<\/div>\n<\/div>\n<div class=\"elementor-toggle-item\">\n<div id=\"elementor-tab-content-1948\" class=\"elementor-tab-content elementor-clearfix elementor-active\" role=\"tabpanel\" data-tab=\"8\" aria-labelledby=\"elementor-tab-title-1948\">\n<p>Sim, com certeza. Basta clicar no \u00edcone do WhatsApp no cantinho da tela. Ser\u00e1 um prazer atend\u00ea-lo(a).<\/p>\n<div class=\"elementor-toggle-item\">\n<div id=\"elementor-tab-content-1948\" class=\"elementor-tab-content elementor-clearfix elementor-active\" role=\"tabpanel\" data-tab=\"8\" aria-labelledby=\"elementor-tab-title-1948\">\n<h4>Quais os seus canais de contato?<\/h4>\n<\/div>\n<\/div>\n<div class=\"elementor-toggle-item\">\n<div id=\"elementor-tab-content-1949\" class=\"elementor-tab-content elementor-clearfix elementor-active\" role=\"tabpanel\" data-tab=\"9\" aria-labelledby=\"elementor-tab-title-1949\">\n<p>Whatsapp: 53 984751621 \u2013 Clicar no canto da tela ou ESCANEIE O QRCODE ABAIXO<\/p>\n<h4><img decoding=\"async\" class=\"alignnone wp-image-13699 jetpack-lazy-image jetpack-lazy-image--handled\" src=\"https:\/\/i0.wp.com\/portifolioos-prontos.com\/wp-content\/uploads\/2023\/02\/whatsapp-business-projeto-de-extensao-300x300.jpeg?resize=144%2C144\" sizes=\"(max-width: 144px) 100vw, 144px\" srcset=\"https:\/\/i0.wp.com\/portifolioos-prontos.com\/wp-content\/uploads\/2023\/02\/whatsapp-business-projeto-de-extensao.jpeg?resize=300%2C301&amp;ssl=1 300w, https:\/\/i0.wp.com\/portifolioos-prontos.com\/wp-content\/uploads\/2023\/02\/whatsapp-business-projeto-de-extensao.jpeg?resize=150%2C150&amp;ssl=1 150w, https:\/\/i0.wp.com\/portifolioos-prontos.com\/wp-content\/uploads\/2023\/02\/whatsapp-business-projeto-de-extensao.jpeg?resize=370%2C372&amp;ssl=1 370w, https:\/\/i0.wp.com\/portifolioos-prontos.com\/wp-content\/uploads\/2023\/02\/whatsapp-business-projeto-de-extensao.jpeg?resize=100%2C100&amp;ssl=1 100w, https:\/\/i0.wp.com\/portifolioos-prontos.com\/wp-content\/uploads\/2023\/02\/whatsapp-business-projeto-de-extensao.jpeg?w=470&amp;ssl=1 470w\" alt=\"projeto de extens\u00e3o unopar\" width=\"144\" height=\"144\" data-lazy-loaded=\"1\" \/><\/h4>\n<\/div>\n<\/div>\n<\/div>\n<\/div>\n<div class=\"elementor-toggle-item\">\n<div id=\"elementor-tab-content-1949\" class=\"elementor-tab-content elementor-clearfix elementor-active\" role=\"tabpanel\" data-tab=\"9\" aria-labelledby=\"elementor-tab-title-1949\">\n<p>E-mail:portifoliosp@gmail.com<\/p>\n<div id=\"attachment_143\" class=\"wp-caption alignnone\">\n<div id=\"attachment_143\" class=\"wp-caption alignnone\" style=\"width: 109px;\">\n<p><a href=\"http:\/\/portifolioos-prontos.com\/\"><img decoding=\"async\" class=\"wp-image-143 jetpack-lazy-image jetpack-lazy-image--handled\" title=\"portfolio pronto unopar\" src=\"https:\/\/i0.wp.com\/portifolioos-prontos.com\/wp-content\/uploads\/2022\/04\/conceitomaximo.png?resize=164%2C47\" alt=\"PORTFOLIO PRONTO UNOPAR ANHANGUERA\" width=\"109\" height=\"31\" aria-describedby=\"caption-attachment-143\" data-lazy-loaded=\"1\" \/><\/a><\/p>\n<p id=\"caption-attachment-143\" class=\"wp-caption-text\">Portf\u00f3lio em Word, respondido, completo e j\u00e1 nas normas.<\/p>\n<\/div>\n<\/div>\n<\/div>\n<\/div>\n","protected":false},"excerpt":{"rendered":"<div class=\"product-short-description\">\n<h5><strong>Pague pelo PIX ou cart\u00e3o e fa\u00e7a o download agora mesmo.<\/strong><\/h5>\n<\/div>\n<div class=\"sticky-add-to-cart-wrapper\">\n<div class=\"sticky-add-to-cart\">\n<div class=\"quantity buttons_added form-flat\"><img decoding=\"async\" class=\"alignnone wp-image-761\" src=\"http:\/\/portifolioos-prontos.com\/wp-content\/uploads\/2022\/04\/PIX-300x107.webp\" alt=\"\" width=\"78\" height=\"28\" \/>\u00a0\u00a0<img loading=\"lazy\" decoding=\"async\" class=\"\" src=\"https:\/\/d26lpennugtm8s.cloudfront.net\/assets\/common\/img\/logos\/payment\/visa@2x.png\" width=\"46\" height=\"29\" \/><img loading=\"lazy\" decoding=\"async\" class=\"\" src=\"https:\/\/d26lpennugtm8s.cloudfront.net\/assets\/common\/img\/logos\/payment\/boleto@2x.png\" width=\"43\" height=\"27\" \/><img loading=\"lazy\" decoding=\"async\" class=\"\" src=\"https:\/\/d26lpennugtm8s.cloudfront.net\/assets\/common\/img\/logos\/payment\/mastercard@2x.png\" width=\"43\" height=\"27\" \/><img loading=\"lazy\" decoding=\"async\" class=\"\" src=\"https:\/\/d26lpennugtm8s.cloudfront.net\/assets\/common\/img\/logos\/payment\/amex@2x.png\" width=\"43\" height=\"27\" \/><img loading=\"lazy\" decoding=\"async\" class=\"\" src=\"https:\/\/d26lpennugtm8s.cloudfront.net\/assets\/common\/img\/logos\/payment\/diners@2x.png\" width=\"46\" height=\"29\" \/><img loading=\"lazy\" decoding=\"async\" class=\"\" src=\"https:\/\/d26lpennugtm8s.cloudfront.net\/assets\/common\/img\/logos\/payment\/br\/elo@2x.png\" width=\"45\" height=\"28\" \/><img loading=\"lazy\" decoding=\"async\" class=\"\" src=\"https:\/\/d26lpennugtm8s.cloudfront.net\/assets\/common\/img\/logos\/payment\/br\/hipercard@2x.png\" width=\"44\" height=\"28\" \/><img loading=\"lazy\" decoding=\"async\" class=\"\" src=\"https:\/\/d26lpennugtm8s.cloudfront.net\/assets\/common\/img\/logos\/payment\/mercadopago@2x.png\" width=\"45\" height=\"28\" \/><\/div>\n<\/div>\n<\/div>\n","protected":false},"featured_media":18693,"template":"","meta":{"_seopress_robots_primary_cat":"none","_seopress_titles_title":"","_seopress_titles_desc":"","_seopress_robots_index":""},"product_cat":[142,15],"product_tag":[],"class_list":{"0":"post-18691","1":"product","2":"type-product","3":"status-publish","4":"has-post-thumbnail","6":"product_cat-psicopedagogia","7":"product_cat-uncategorized","9":"first","10":"instock","11":"downloadable","12":"virtual","13":"purchasable","14":"product-type-simple","15":"col-xs-6 col-sm-4","16":"col-mf-5","17":"un-5-cols"},"jetpack_sharing_enabled":true,"_links":{"self":[{"href":"https:\/\/portifolioos-prontos.com\/index.php\/wp-json\/wp\/v2\/product\/18691","targetHints":{"allow":["GET"]}}],"collection":[{"href":"https:\/\/portifolioos-prontos.com\/index.php\/wp-json\/wp\/v2\/product"}],"about":[{"href":"https:\/\/portifolioos-prontos.com\/index.php\/wp-json\/wp\/v2\/types\/product"}],"version-history":[{"count":0,"href":"https:\/\/portifolioos-prontos.com\/index.php\/wp-json\/wp\/v2\/product\/18691\/revisions"}],"wp:featuredmedia":[{"embeddable":true,"href":"https:\/\/portifolioos-prontos.com\/index.php\/wp-json\/wp\/v2\/media\/18693"}],"wp:attachment":[{"href":"https:\/\/portifolioos-prontos.com\/index.php\/wp-json\/wp\/v2\/media?parent=18691"}],"wp:term":[{"taxonomy":"product_cat","embeddable":true,"href":"https:\/\/portifolioos-prontos.com\/index.php\/wp-json\/wp\/v2\/product_cat?post=18691"},{"taxonomy":"product_tag","embeddable":true,"href":"https:\/\/portifolioos-prontos.com\/index.php\/wp-json\/wp\/v2\/product_tag?post=18691"}],"curies":[{"name":"wp","href":"https:\/\/api.w.org\/{rel}","templated":true}]}}