{"id":18695,"date":"2023-07-26T20:04:01","date_gmt":"2023-07-26T23:04:01","guid":{"rendered":"https:\/\/portifolioos-prontos.com\/?post_type=product&#038;p=18695"},"modified":"2023-10-22T13:06:58","modified_gmt":"2023-10-22T16:06:58","slug":"atividade-pratica-o-brincar-e-a-psicopedagogia","status":"publish","type":"product","link":"https:\/\/portifolioos-prontos.com\/index.php\/product\/atividade-pratica-o-brincar-e-a-psicopedagogia\/","title":{"rendered":"ATIVIDADE PR\u00c1TICA O BRINCAR E A PSICOPEDAGOGIA"},"content":{"rendered":"<h4>ATIVIDADE PR\u00c1TICA O BRINCAR E A PSICOPEDAGOGIA<\/h4>\n<p>OBJETIVOS<br \/>\nA proposta desta atividade pr\u00e1tica est\u00e1 amparada nos seguintes objetivos:<br \/>\n&#8211; Promover a\u00e7\u00f5es que contemplam a ludicidade no atendimento psicopedag\u00f3gico, ampliando as<br \/>\npossibilidades das pr\u00e1ticas de interven\u00e7\u00e3o.<br \/>\n&#8211; Elaborar propostas que valorizem a utiliza\u00e7\u00e3o do brinquedo para impulsionar o desenvolvimento<br \/>\ncognitivo, afetivo e social nas interven\u00e7\u00f5es psicopedag\u00f3gicas.<br \/>\nRECURSOS<br \/>\n&#8211; Computador com acesso \u00e0 internet e ao ambiente virtual.<br \/>\n&#8211; Livro da disciplina \u201cO brincar e a psicopedagogia\u201d (para consultar\/relembrar conceitos).<br \/>\nAtividade proposta<br \/>\nA avalia\u00e7\u00e3o dos processos de desenvolvimento e aprendizagem de um aprendente deve<br \/>\nconsiderar as especificidades e perspectivas voltadas \u00e0 faixa et\u00e1ria em quest\u00e3o e utilizar estrat\u00e9gias<br \/>\nvariadas. As pr\u00e1ticas brincantes demonstram ser importantes ferramentas nas propostas de<br \/>\ninterven\u00e7\u00e3o psicopedag\u00f3gica. Nesse contexto, est\u00e3o inseridas propostas que exploram in\u00fameros<br \/>\nenfoques, entre eles, os aspectos psicomotores.<br \/>\nO psicopedagogo deve propor exerc\u00edcios psicomotores e jogos de coopera\u00e7\u00e3o por meio de<br \/>\nbrinquedos e brincadeiras, pois, estes, s\u00e3o capazes de promover avan\u00e7os em diversas \u00e1reas,<br \/>\nestimulando as estruturas ps\u00edquicas pela execu\u00e7\u00e3o e controle dos movimentos, desenvolvimento<br \/>\nafetivo e tomada de decis\u00e3o.<br \/>\nProcedimentos para a realiza\u00e7\u00e3o da atividade<br \/>\nAtividade 01: Proposta de atividade l\u00fadica estimulando o desenvolvimento psicomotor:<br \/>\nPara fazer esta proposta \u00e9 preciso assistir ao v\u00eddeo e seguir as orienta\u00e7\u00f5es exemplificadas:<br \/>\n\u2022 Assista ao v\u00eddeo dispon\u00edvel em: https:\/\/mdstrm.com\/embed\/641308d3636fa708a09eb481<br \/>\n\u2022 Responda:<br \/>\n&#8211; Qual \u00e9 a faixa et\u00e1ria aproximada das crian\u00e7as?<br \/>\n&#8211; Quais habilidades motoras foram estimuladas?<br \/>\n&#8211; As habilidades contempladas no v\u00eddeo s\u00e3o importantes para a aprendizagem? Porqu\u00ea?<br \/>\n&#8211; A atividade do v\u00eddeo \u00e9 uma proposta l\u00fadica? Porqu\u00ea?<br \/>\n\u2022 Elabore uma atividade l\u00fadica envolvendo a psicomotricidade. Considere o seguinte contexto:<br \/>\nSegundo Malheiro et al. (2007), \u201ch\u00e1 uma rela\u00e7\u00e3o no desenvolvimento psicomotor encontrado em<br \/>\ndefasagem e dislexia\u201d. A organiza\u00e7\u00e3o espacial encontra-se relacionada com as dificuldades de<br \/>\naprendizagem. Partindo desse dado, imagine uma crian\u00e7a de 8 anos com diagn\u00f3stico de dislexia,<br \/>\napresentando atraso no desenvolvimento psicomotor. Considerando o atendimento psicopedag\u00f3gico,<br \/>\nconstrua uma proposta de atividade l\u00fadica que explore as habilidades psicomotoras.<br \/>\nPara redigir a proposta de atividade, \u00e9 necess\u00e1rio seguir os seguintes passos:<br \/>\n\u2022 Observe com aten\u00e7\u00e3o o contexto apresentado.<br \/>\n\u2022 Considere a idade da crian\u00e7a.<br \/>\n\u2022 Pense em atividades que promovam desenvolvimento psicomotor.<br \/>\n\u2022 Considere os aspectos l\u00fadicos da atividade como o prazer de brincar e a espontaneidade.<br \/>\n\u2022 Descreva quais a\u00e7\u00f5es a crian\u00e7a ir\u00e1 realizar.<br \/>\n\u2022 Explique como o psicopedagogo ir\u00e1 propor a atividade e poss\u00edveis interven\u00e7\u00f5es.<br \/>\nAtividade 02: Observa\u00e7\u00e3o de imagens, reflex\u00e3o sobre o papel do brinquedo nas<br \/>\ninterven\u00e7\u00f5es psicopedag\u00f3gicas e proposi\u00e7\u00e3o de uma atividade.<br \/>\n\u2022 Para elaborar a atividade proposta \u00e9 preciso observar as imagens apresentadas e seguir as<br \/>\norienta\u00e7\u00f5es indicadas:<br \/>\nImagem 1:<br \/>\nDispon\u00edvel em: https:\/\/shutr.bz\/3mXdros. Acesso em: 14 mar. 2023.<br \/>\nImagem 2:<br \/>\nDispon\u00edvel em: https:\/\/shutr.bz\/3Jh3wBP. Acesso em: 14 mar. 2023.<br \/>\nImagem 3:<br \/>\nDispon\u00edvel em: https:\/\/shutr.bz\/3mVJZPV. Acesso em: 14 mar. 2023.<br \/>\nImagem 4:<br \/>\nDispon\u00edvel em: https:\/\/shutr.bz\/3ldIU5v. Acesso em: 14 mar. 2023.<br \/>\nAp\u00f3s a observa\u00e7\u00e3o das imagens, reflita:<br \/>\n&#8211; Em sua trajet\u00f3ria at\u00e9 aqui voc\u00ea teve a oportunidade de brincar utilizando brinquedos? Se a<br \/>\nresposta for positiva, voc\u00ea acredita que eles contribu\u00edram com as experi\u00eancias vivenciadas?<br \/>\n&#8211; Qual a import\u00e2ncia da utiliza\u00e7\u00e3o de brinquedos em contextos l\u00fadicos?<br \/>\n&#8211; Voc\u00ea indica a utiliza\u00e7\u00e3o de brinquedos em contextos de aprendizagem?<br \/>\n&#8211; Voc\u00ea acredita na viabilidade da utiliza\u00e7\u00e3o de brinquedos nos processos psicomotores?<br \/>\n\u2022 A partir da observa\u00e7\u00e3o das imagens e das reflex\u00f5es realizadas elabore uma atividade de<br \/>\ninterven\u00e7\u00e3o considerando a import\u00e2ncia do brinquedo e da brincadeira no contexto a seguir:<br \/>\nDe acordo com Pereira e Gonzalez (2019), o brincar deve ser entendido como um processo que<br \/>\nenvolve o pensamento, a criatividade, o desenvolvimento de racioc\u00ednio l\u00f3gico, dentre outros fatores,<br \/>\npois facilita o estabelecimento de v\u00ednculos, que, por sua vez abre espa\u00e7o para a interven\u00e7\u00e3o<br \/>\npsicopedag\u00f3gica e permite ent\u00e3o que o aprendente se aproprie do processo de ensino-aprendizagem<br \/>\ne assim possa adquirir conhecimentos de maneira espont\u00e2nea e prazerosa. Considerando a<br \/>\nrelev\u00e2ncia do brinquedo nas pr\u00e1ticas brincantes, imagine um adulto que sente desconforto ao<br \/>\nrelacionar-se com outras pessoas e possui dificuldade de leitura e elabore uma atividade l\u00fadica<br \/>\nutilizando um ou mais brinquedos como parte do atendimento psicopedag\u00f3gico a ser realizado.<br \/>\nPara redigir a proposta de atividade l\u00fadica, \u00e9 necess\u00e1rio seguir os seguintes passos:<br \/>\n\u2022 Considere a faixa et\u00e1ria e dificuldades apresentadas.<br \/>\n\u2022 Identifique quais brinquedos poderiam ser utilizados em atividades variadas visando o<br \/>\ndesenvolvimento cognitivo, afetivo e social do indiv\u00edduo atendido.<br \/>\n\u2022 Escolha a atividade a ser proposta e descreva como ela poderia ser aplicada no contexto em<br \/>\nquest\u00e3o.<br \/>\nChecklist<br \/>\n&#8211; Procurar um ambiente tranquilo para realizar as atividades solicitadas sem interfer\u00eancias.<br \/>\n&#8211; Identificar os sujeitos e contextos descritos nas atividades 1 e 2.<br \/>\n&#8211; Realizar as reflex\u00f5es propostas e a elabora\u00e7\u00e3o das atividades.<br \/>\nRESULTADO<br \/>\nO trabalho dever\u00e1 ser entregue em arquivo Word atendendo as etapas de produ\u00e7\u00e3o e<br \/>\nutilizando os recursos solicitados no roteiro.<br \/>\nO arquivo dever\u00e1 conter:<br \/>\n\u2022 Capa;<br \/>\n\u2022 Folha de rosto com os dados da disciplina e do aluno;<br \/>\n\u2022 Os resultados das atividades pr\u00e1ticas exigidas pelo roteiro;<br \/>\n\u2022 Refer\u00eancias bibliogr\u00e1ficas (quando houver).<br \/>\nREFER\u00caNCIAS<br \/>\nMALHEIRO, C. A. L. et al. A correla\u00e7\u00e3o entre a dislexia e o perfil psicomotor: um estudo de<br \/>\nCaso. In: I Congresso Brasileiro de Educa\u00e7\u00e3o: Pol\u00edticas e Pr\u00e1ticas Educativas para a Inf\u00e2ncia. S\u00e3o<br \/>\nPaulo: UNESP, 2007. Dispon\u00edvel em:<br \/>\nhttp:\/\/www2.fc.unesp.br\/cbe\/i_cbe\/pdf\/poster_institucional\/015.pdf . Acesso em: 14 mar. 2023.<br \/>\nPEREIRA, M. A.; GONZALES, M. d. C. B. O brincar, um aliado na interven\u00e7\u00e3o<br \/>\npsicopedag\u00f3gica. Cadernos de Educa\u00e7\u00e3o, v.18, n. 36, jan.-jun. 2019. Dispon\u00edvel em:<br \/>\nfile:\/\/\/C:\/Users\/Usuario\/Downloads\/9738-34610-2-PB.pdf. Acesso em: 14 mar. 2023.<\/p>\n<div class=\"elementor-toggle-item\">\n<h4 id=\"elementor-tab-title-1941\" class=\"elementor-tab-title elementor-active\" tabindex=\"0\" role=\"tab\" data-tab=\"1\" aria-controls=\"elementor-tab-content-1941\" aria-expanded=\"true\" aria-selected=\"true\">Como funciona?<\/h4>\n<div id=\"elementor-tab-content-1941\" class=\"elementor-tab-content elementor-clearfix elementor-active\" role=\"tabpanel\" data-tab=\"1\" aria-labelledby=\"elementor-tab-title-1941\">\n<p>Elaboramos os portf\u00f3lios, j\u00e1 deixamos prontos, nas normas da ABNT e conforme os requisitos da universidade. F\u00e1cil assim! O MELHOR \u00c9 QUE VOC\u00ca COMPRA E J\u00c1 BAIXA NA HORA O SEU ARQUIVO EM WORD! Sabemos que conciliar trabalho, fam\u00edlia, vida profissional e estudos \u00e9 dif\u00edcil hoje em dia, por isso, estamos aqui para ajudar voc\u00ea. Conte com nossa qualidade, experi\u00eancia e profissionalismo adquirindo seu portf\u00f3lio conosco. GARANTIMOS SEU CONCEITO!<\/p>\n<h4>Como se realizam os envios?<\/h4>\n<\/div>\n<\/div>\n<div class=\"elementor-toggle-item\">\n<div id=\"elementor-tab-content-1942\" class=\"elementor-tab-content elementor-clearfix elementor-active\" role=\"tabpanel\" data-tab=\"2\" aria-labelledby=\"elementor-tab-title-1942\">O seu trabalho \u00e9 disponibilizado pronto, respondido e nas normas j\u00e1 na mesma hora aqui em nosso site na sua \u00e1rea de downloads e tamb\u00e9m no seu e-mail.<\/div>\n<\/div>\n<div class=\"elementor-toggle-item\">\n<div id=\"elementor-tab-content-1943\" class=\"elementor-tab-content elementor-clearfix elementor-active\" role=\"tabpanel\" data-tab=\"3\" aria-labelledby=\"elementor-tab-title-1943\">\n<h4>Em quanto tempo recebo o portf\u00f3lio?<\/h4>\n<\/div>\n<\/div>\n<div class=\"elementor-toggle-item\">\n<div id=\"elementor-tab-content-1944\" class=\"elementor-tab-content elementor-clearfix elementor-active\" role=\"tabpanel\" data-tab=\"4\" aria-labelledby=\"elementor-tab-title-1944\">\n<p>Os envios s\u00e3o imediatos. Ap\u00f3s sua compra, o trabalho j\u00e1 \u00e9 disponibilizado instantaneamente aqui em nosso site e no seu e-mail.<\/p>\n<h4>E se o portf\u00f3lio que comprei precisar de corre\u00e7\u00e3o?<\/h4>\n<\/div>\n<\/div>\n<div class=\"elementor-toggle-item\">\n<div id=\"elementor-tab-content-1945\" class=\"elementor-tab-content elementor-clearfix elementor-active\" role=\"tabpanel\" data-tab=\"5\" aria-labelledby=\"elementor-tab-title-1945\">\n<p>Caso haja alguma solicita\u00e7\u00e3o de corre\u00e7\u00e3o\/altera\u00e7\u00e3o por parte do tutor, basta entrar em contato conosco pelo\u00a0WhatsApp\u00a0que provid\u00eanciaremos sem custo algum.<\/p>\n<h4>Qual o formato do arquivo?<\/h4>\n<\/div>\n<\/div>\n<div class=\"elementor-toggle-item\">\n<div id=\"elementor-tab-content-1946\" class=\"elementor-tab-content elementor-clearfix elementor-active\" role=\"tabpanel\" data-tab=\"6\" aria-labelledby=\"elementor-tab-title-1946\">\n<p>Os arquivos s\u00e3o enviados em formato Word e s\u00e3o edit\u00e1veis.<\/p>\n<h4>Caso eu tiver alguma d\u00favida, terei suporte no p\u00f3s venda?<\/h4>\n<\/div>\n<\/div>\n<div class=\"elementor-toggle-item\">\n<div id=\"elementor-tab-content-1948\" class=\"elementor-tab-content elementor-clearfix elementor-active\" role=\"tabpanel\" data-tab=\"8\" aria-labelledby=\"elementor-tab-title-1948\">\n<p>Sim, com certeza. Basta clicar no \u00edcone do WhatsApp no cantinho da tela. Ser\u00e1 um prazer atend\u00ea-lo(a).<\/p>\n<div class=\"elementor-toggle-item\">\n<div id=\"elementor-tab-content-1948\" class=\"elementor-tab-content elementor-clearfix elementor-active\" role=\"tabpanel\" data-tab=\"8\" aria-labelledby=\"elementor-tab-title-1948\">\n<h4>Quais os seus canais de contato?<\/h4>\n<\/div>\n<\/div>\n<div class=\"elementor-toggle-item\">\n<div id=\"elementor-tab-content-1949\" class=\"elementor-tab-content elementor-clearfix elementor-active\" role=\"tabpanel\" data-tab=\"9\" aria-labelledby=\"elementor-tab-title-1949\">\n<p>Whatsapp: 53 984751621 \u2013 Clicar no canto da tela ou ESCANEIE O QRCODE ABAIXO<\/p>\n<h4><img decoding=\"async\" class=\"alignnone wp-image-13699 jetpack-lazy-image jetpack-lazy-image--handled\" src=\"https:\/\/i0.wp.com\/portifolioos-prontos.com\/wp-content\/uploads\/2023\/02\/whatsapp-business-projeto-de-extensao-300x300.jpeg?resize=144%2C144\" sizes=\"(max-width: 144px) 100vw, 144px\" srcset=\"https:\/\/i0.wp.com\/portifolioos-prontos.com\/wp-content\/uploads\/2023\/02\/whatsapp-business-projeto-de-extensao.jpeg?resize=300%2C301&amp;ssl=1 300w, https:\/\/i0.wp.com\/portifolioos-prontos.com\/wp-content\/uploads\/2023\/02\/whatsapp-business-projeto-de-extensao.jpeg?resize=150%2C150&amp;ssl=1 150w, https:\/\/i0.wp.com\/portifolioos-prontos.com\/wp-content\/uploads\/2023\/02\/whatsapp-business-projeto-de-extensao.jpeg?resize=370%2C372&amp;ssl=1 370w, https:\/\/i0.wp.com\/portifolioos-prontos.com\/wp-content\/uploads\/2023\/02\/whatsapp-business-projeto-de-extensao.jpeg?resize=100%2C100&amp;ssl=1 100w, https:\/\/i0.wp.com\/portifolioos-prontos.com\/wp-content\/uploads\/2023\/02\/whatsapp-business-projeto-de-extensao.jpeg?w=470&amp;ssl=1 470w\" alt=\"projeto de extens\u00e3o unopar\" width=\"144\" height=\"144\" data-lazy-loaded=\"1\" \/><\/h4>\n<\/div>\n<\/div>\n<\/div>\n<\/div>\n<div class=\"elementor-toggle-item\">\n<div id=\"elementor-tab-content-1949\" class=\"elementor-tab-content elementor-clearfix elementor-active\" role=\"tabpanel\" data-tab=\"9\" aria-labelledby=\"elementor-tab-title-1949\">\n<p>E-mail:portifoliosp@gmail.com<\/p>\n<div id=\"attachment_143\" class=\"wp-caption alignnone\">\n<div id=\"attachment_143\" class=\"wp-caption alignnone\" style=\"width: 102px;\">\n<p><a href=\"http:\/\/portifolioos-prontos.com\/\"><img decoding=\"async\" class=\"wp-image-143 jetpack-lazy-image jetpack-lazy-image--handled\" title=\"portfolio pronto unopar\" src=\"https:\/\/i0.wp.com\/portifolioos-prontos.com\/wp-content\/uploads\/2022\/04\/conceitomaximo.png?resize=164%2C47\" alt=\"PORTFOLIO PRONTO UNOPAR ANHANGUERA\" width=\"102\" height=\"29\" aria-describedby=\"caption-attachment-143\" data-lazy-loaded=\"1\" \/><\/a><\/p>\n<p id=\"caption-attachment-143\" class=\"wp-caption-text\">Portf\u00f3lio em Word, respondido, completo e j\u00e1 nas normas.<\/p>\n<\/div>\n<\/div>\n<\/div>\n<\/div>\n","protected":false},"excerpt":{"rendered":"<div class=\"product-short-description\">\n<h5><strong>Pague pelo PIX ou cart\u00e3o e fa\u00e7a o download agora mesmo.<\/strong><\/h5>\n<\/div>\n<div class=\"sticky-add-to-cart-wrapper\">\n<div class=\"sticky-add-to-cart\">\n<div class=\"quantity buttons_added form-flat\"><img decoding=\"async\" class=\"alignnone wp-image-761\" src=\"http:\/\/portifolioos-prontos.com\/wp-content\/uploads\/2022\/04\/PIX-300x107.webp\" alt=\"\" width=\"78\" height=\"28\" \/>\u00a0\u00a0<img loading=\"lazy\" decoding=\"async\" class=\"\" src=\"https:\/\/d26lpennugtm8s.cloudfront.net\/assets\/common\/img\/logos\/payment\/visa@2x.png\" width=\"46\" height=\"29\" \/><img loading=\"lazy\" decoding=\"async\" class=\"\" src=\"https:\/\/d26lpennugtm8s.cloudfront.net\/assets\/common\/img\/logos\/payment\/boleto@2x.png\" width=\"43\" height=\"27\" \/><img loading=\"lazy\" decoding=\"async\" class=\"\" src=\"https:\/\/d26lpennugtm8s.cloudfront.net\/assets\/common\/img\/logos\/payment\/mastercard@2x.png\" width=\"43\" height=\"27\" \/><img loading=\"lazy\" decoding=\"async\" class=\"\" src=\"https:\/\/d26lpennugtm8s.cloudfront.net\/assets\/common\/img\/logos\/payment\/amex@2x.png\" width=\"43\" height=\"27\" \/><img loading=\"lazy\" decoding=\"async\" class=\"\" src=\"https:\/\/d26lpennugtm8s.cloudfront.net\/assets\/common\/img\/logos\/payment\/diners@2x.png\" width=\"46\" height=\"29\" \/><img loading=\"lazy\" decoding=\"async\" class=\"\" src=\"https:\/\/d26lpennugtm8s.cloudfront.net\/assets\/common\/img\/logos\/payment\/br\/elo@2x.png\" width=\"45\" height=\"28\" \/><img loading=\"lazy\" decoding=\"async\" class=\"\" src=\"https:\/\/d26lpennugtm8s.cloudfront.net\/assets\/common\/img\/logos\/payment\/br\/hipercard@2x.png\" width=\"44\" height=\"28\" \/><img loading=\"lazy\" decoding=\"async\" class=\"\" src=\"https:\/\/d26lpennugtm8s.cloudfront.net\/assets\/common\/img\/logos\/payment\/mercadopago@2x.png\" width=\"45\" height=\"28\" \/><\/div>\n<\/div>\n<\/div>\n","protected":false},"featured_media":18697,"template":"","meta":{"_seopress_robots_primary_cat":"none","_seopress_titles_title":"","_seopress_titles_desc":"","_seopress_robots_index":""},"product_cat":[142,15],"product_tag":[],"class_list":{"0":"post-18695","1":"product","2":"type-product","3":"status-publish","4":"has-post-thumbnail","6":"product_cat-psicopedagogia","7":"product_cat-uncategorized","9":"first","10":"instock","11":"downloadable","12":"virtual","13":"purchasable","14":"product-type-simple","15":"col-xs-6 col-sm-4","16":"col-mf-5","17":"un-5-cols"},"jetpack_sharing_enabled":true,"_links":{"self":[{"href":"https:\/\/portifolioos-prontos.com\/index.php\/wp-json\/wp\/v2\/product\/18695","targetHints":{"allow":["GET"]}}],"collection":[{"href":"https:\/\/portifolioos-prontos.com\/index.php\/wp-json\/wp\/v2\/product"}],"about":[{"href":"https:\/\/portifolioos-prontos.com\/index.php\/wp-json\/wp\/v2\/types\/product"}],"version-history":[{"count":0,"href":"https:\/\/portifolioos-prontos.com\/index.php\/wp-json\/wp\/v2\/product\/18695\/revisions"}],"wp:featuredmedia":[{"embeddable":true,"href":"https:\/\/portifolioos-prontos.com\/index.php\/wp-json\/wp\/v2\/media\/18697"}],"wp:attachment":[{"href":"https:\/\/portifolioos-prontos.com\/index.php\/wp-json\/wp\/v2\/media?parent=18695"}],"wp:term":[{"taxonomy":"product_cat","embeddable":true,"href":"https:\/\/portifolioos-prontos.com\/index.php\/wp-json\/wp\/v2\/product_cat?post=18695"},{"taxonomy":"product_tag","embeddable":true,"href":"https:\/\/portifolioos-prontos.com\/index.php\/wp-json\/wp\/v2\/product_tag?post=18695"}],"curies":[{"name":"wp","href":"https:\/\/api.w.org\/{rel}","templated":true}]}}