{"id":18735,"date":"2023-07-31T17:23:37","date_gmt":"2023-07-31T20:23:37","guid":{"rendered":"https:\/\/portifolioos-prontos.com\/?post_type=product&#038;p=18735"},"modified":"2025-08-11T22:00:23","modified_gmt":"2025-08-12T01:00:23","slug":"relatorio-de-estagio-supervisionado-ciencias-contabeis","status":"publish","type":"product","link":"https:\/\/portifolioos-prontos.com\/index.php\/product\/relatorio-de-estagio-supervisionado-ciencias-contabeis\/","title":{"rendered":"Relat\u00f3rio de Est\u00e1gio Supervisionado Ci\u00eancias Cont\u00e1beis"},"content":{"rendered":"<h4>Relat\u00f3rio de Est\u00e1gio Supervisionado Ci\u00eancias Cont\u00e1beis<\/h4>\n<h4>Relat\u00f3rio COMPLETO<\/h4>\n<table class=\"NormalTable\">\n<tbody>\n<tr>\n<td width=\"550\"><span class=\"fontstyle0\">IDENTIFICA\u00c7\u00c3O DO ESTAGI\u00c1RIO<\/span><\/td>\n<\/tr>\n<tr>\n<td width=\"462\"><span class=\"fontstyle2\">Nome:<\/span><\/td>\n<td width=\"160\"><span class=\"fontstyle2\">RA:<\/span><\/td>\n<\/tr>\n<tr>\n<td width=\"550\"><span class=\"fontstyle2\">Polo:<\/span><\/td>\n<\/tr>\n<tr>\n<td width=\"462\"><span class=\"fontstyle2\">Per\u00edodo do Est\u00e1gio: ____\/____\/___ a ____\/____\/___<\/span><\/td>\n<td width=\"160\"><span class=\"fontstyle2\">Ano Letivo:<\/span><\/td>\n<\/tr>\n<\/tbody>\n<\/table>\n<p>Relat\u00f3rio de Est\u00e1gio Supervisionado Ci\u00eancias Cont\u00e1beis<\/p>\n<table class=\"NormalTable\">\n<tbody>\n<tr>\n<td width=\"550\"><span class=\"fontstyle0\">IDENTIFICA\u00c7\u00c3O DA EMPRESA<\/span><\/td>\n<\/tr>\n<tr>\n<td width=\"550\"><span class=\"fontstyle2\">Empresa concedente:<\/span><\/td>\n<\/tr>\n<tr>\n<td width=\"550\"><span class=\"fontstyle2\">Setor de realiza\u00e7\u00e3o do Est\u00e1gio Supervisionado obrigat\u00f3rio:<\/span><\/td>\n<\/tr>\n<\/tbody>\n<\/table>\n<h4><\/h4>\n<table class=\"NormalTable\">\n<tbody>\n<tr>\n<td width=\"550\"><span class=\"fontstyle0\">INFORMA\u00c7\u00d5ES SOBRE A EMPRESA:<\/span><\/td>\n<\/tr>\n<tr>\n<td width=\"550\"><span class=\"fontstyle2\">\u2013 O estudante ir\u00e1 ao campo buscar as informa\u00e7\u00f5es e os dados necess\u00e1rios para a<br \/>\nrealiza\u00e7\u00e3o do est\u00e1gio, onde identificar\u00e1 a situa\u00e7\u00e3o atual da empresa e definir\u00e1 sua \u00e1rea<br \/>\nde atua\u00e7\u00e3o inerente \u00e0 \u00e1rea cont\u00e1bil, ou de atua\u00e7\u00e3o do profissional de Ci\u00eancias<br \/>\nCont\u00e1beis;<br \/>\n\u2013 Apresenta\u00e7\u00e3o de um breve hist\u00f3rico da empresa e suas principais \u00e1reas de atua\u00e7\u00e3o no<br \/>\nmercado;<br \/>\n\u2013 Elencar todos os dados disponibilizados pela empresa e necess\u00e1rios \u00e0 complementa\u00e7\u00e3o<br \/>\ndo trabalho;<br \/>\n\u2013 Apresentar o setor onde ser\u00e1 desenvolvido o est\u00e1gio, enfatizando-o de forma mais<br \/>\ndetalhada (organograma\/fluxograma do setor).<\/span><\/td>\n<\/tr>\n<\/tbody>\n<\/table>\n<p>&nbsp;<\/p>\n<table class=\"NormalTable\">\n<tbody>\n<tr>\n<td width=\"550\"><span class=\"fontstyle0\">PLANO DE A\u00c7\u00c3O:<\/span><\/td>\n<\/tr>\n<tr>\n<td width=\"550\"><span class=\"fontstyle2\">\u2013 O aluno descrever\u00e1 sua atua\u00e7\u00e3o em rela\u00e7\u00e3o \u00e0s pr\u00e1ticas vivenciadas no campo de<br \/>\nest\u00e1gio, apresentando sua atua\u00e7\u00e3o e como realizou as atividades no dia a dia do setor<br \/>\ncont\u00e1bil, ou \u00e1rea em que atuou durante o est\u00e1gio exercendo as rotinas inerentes \u00e0<br \/>\nprofiss\u00e3o de Ci\u00eancias Cont\u00e1beis.<\/span><\/td>\n<\/tr>\n<\/tbody>\n<\/table>\n<h3><\/h3>\n<table class=\"NormalTable\">\n<tbody>\n<tr>\n<td width=\"550\"><span class=\"fontstyle0\">CRONOGRAMA DAS ATIVIDADES DESENVOLVIDAS:<\/span><\/td>\n<\/tr>\n<tr>\n<td width=\"550\"><span class=\"fontstyle2\">\u2013 Apresentar um cronograma listando as principais etapas para a realiza\u00e7\u00e3o do est\u00e1gio,<br \/>\ndistribuindo-as ao longo do per\u00edodo que as atividades ser\u00e3o desenvolvidas na empresa.<br \/>\n\u00c9 de extrema import\u00e2ncia dimensionar corretamente as fases para ter certeza de sua<br \/>\nconclus\u00e3o.<br \/>\n<\/span><span class=\"fontstyle2\">EX:<br \/>\n1\u00aa. Etapa \u2013 Reuni\u00e3o com dirigentes da empresa<br \/>\n2\u00aa. Etapa \u2013 Visita para coleta de informa\u00e7\u00f5es na empresa<br \/>\n3\u00aa. Etapa \u2013<br \/>\n4\u00aa. Etapa \u2013<br \/>\nOutras Etapas \u2013<\/span><\/td>\n<\/tr>\n<\/tbody>\n<\/table>\n<p>&nbsp;<\/p>\n<table class=\"NormalTable\">\n<tbody>\n<tr>\n<td width=\"550\"><span class=\"fontstyle0\">CONSIDERA\u00c7\u00d5ES:<\/span><\/td>\n<\/tr>\n<tr>\n<td width=\"550\"><span class=\"fontstyle2\">\u2013 Relatar o aprendizado e viv\u00eancia obtido durante o est\u00e1gio.<\/span><\/td>\n<\/tr>\n<\/tbody>\n<\/table>\n<p><span class=\"fontstyle2\">Nome Aluno:________________________<br \/>\nRA:_______________________________<br \/>\nData: ___\/___\/20__.<\/span><\/p>\n<div class=\"elementor-toggle-item\">\n<div class=\"elementor-toggle-item\">\n<p id=\"elementor-tab-title-1941\" class=\"elementor-tab-title elementor-active\" tabindex=\"0\" role=\"tab\" data-tab=\"1\" aria-controls=\"elementor-tab-content-1941\" aria-expanded=\"true\" aria-selected=\"true\"><strong>Como funciona?<\/strong><\/p>\n<p>Elaboramos os portf\u00f3lios, j\u00e1 deixamos prontos, nas normas da ABNT e conforme os requisitos da universidade. F\u00e1cil assim! O MELHOR \u00c9 QUE VOC\u00ca COMPRA E J\u00c1 BAIXA NA HORA O SEU ARQUIVO EM WORD! Sabemos que conciliar trabalho, fam\u00edlia, vida profissional e estudos \u00e9 dif\u00edcil hoje em dia, por isso, estamos aqui para ajudar voc\u00ea. Conte com nossa qualidade, experi\u00eancia e profissionalismo adquirindo seu portf\u00f3lio conosco. GARANTIMOS SEU CONCEITO!<\/p>\n<p><strong>Como se realizam os envios?<\/strong><\/p>\n<\/div>\n<p id=\"elementor-tab-content-1942\" class=\"elementor-tab-content elementor-clearfix elementor-active\" role=\"tabpanel\" data-tab=\"2\" aria-labelledby=\"elementor-tab-title-1942\">O seu trabalho \u00e9 disponibilizado pronto, respondido e nas normas j\u00e1 na mesma hora aqui em nosso site na sua \u00e1rea de downloads e tamb\u00e9m no seu e-mail.<\/p>\n<p><strong>Em quanto tempo recebo o portf\u00f3lio?<\/strong><\/p>\n<p>Os envios s\u00e3o imediatos. Ap\u00f3s sua compra, o trabalho j\u00e1 \u00e9 disponibilizado instantaneamente aqui em nosso site e no seu e-mail.<\/p>\n<p><strong>E se o portf\u00f3lio que comprei precisar de corre\u00e7\u00e3o?<\/strong><\/p>\n<p>Caso haja alguma solicita\u00e7\u00e3o de corre\u00e7\u00e3o\/altera\u00e7\u00e3o por parte do tutor, basta entrar em contato conosco pelo\u00a0WhatsApp\u00a0que provid\u00eanciaremos sem custo algum.<\/p>\n<p><strong>Qual o formato do arquivo?<\/strong><\/p>\n<p>Os arquivos s\u00e3o enviados em formato Word e s\u00e3o edit\u00e1veis.<\/p>\n<p><strong>Caso eu tiver alguma d\u00favida, terei suporte no p\u00f3s venda?<\/strong><\/p>\n<p>Sim, com certeza. Basta clicar no \u00edcone do WhatsApp no cantinho da tela. Ser\u00e1 um prazer atend\u00ea-lo(a).<\/p>\n<div id=\"elementor-tab-content-1948\" class=\"elementor-tab-content elementor-clearfix elementor-active\" role=\"tabpanel\" data-tab=\"8\" aria-labelledby=\"elementor-tab-title-1948\">\n<p><strong>Quais os seus canais de contato?<\/strong><\/p>\n<\/div>\n<div id=\"elementor-tab-content-1949\" class=\"elementor-tab-content elementor-clearfix elementor-active\" role=\"tabpanel\" data-tab=\"9\" aria-labelledby=\"elementor-tab-title-1949\">\n<p>Whatsapp: 53 984751621 \u2013 Clicar no canto da tela ou ESCANEIE O QRCODE ABAIXO<\/p>\n<h4><img decoding=\"async\" class=\"alignnone wp-image-13699 jetpack-lazy-image jetpack-lazy-image--handled\" src=\"https:\/\/i0.wp.com\/portifolioos-prontos.com\/wp-content\/uploads\/2023\/02\/whatsapp-business-projeto-de-extensao-300x300.jpeg?resize=144%2C144\" sizes=\"(max-width: 144px) 100vw, 144px\" srcset=\"https:\/\/i0.wp.com\/portifolioos-prontos.com\/wp-content\/uploads\/2023\/02\/whatsapp-business-projeto-de-extensao.jpeg?resize=300%2C301&amp;ssl=1 300w, https:\/\/i0.wp.com\/portifolioos-prontos.com\/wp-content\/uploads\/2023\/02\/whatsapp-business-projeto-de-extensao.jpeg?resize=150%2C150&amp;ssl=1 150w, https:\/\/i0.wp.com\/portifolioos-prontos.com\/wp-content\/uploads\/2023\/02\/whatsapp-business-projeto-de-extensao.jpeg?resize=370%2C372&amp;ssl=1 370w, https:\/\/i0.wp.com\/portifolioos-prontos.com\/wp-content\/uploads\/2023\/02\/whatsapp-business-projeto-de-extensao.jpeg?resize=100%2C100&amp;ssl=1 100w, https:\/\/i0.wp.com\/portifolioos-prontos.com\/wp-content\/uploads\/2023\/02\/whatsapp-business-projeto-de-extensao.jpeg?w=470&amp;ssl=1 470w\" alt=\"projeto de extens\u00e3o unopar\" width=\"144\" height=\"144\" data-lazy-loaded=\"1\" \/><\/h4>\n<\/div>\n<div class=\"elementor-toggle-item\">\n<div id=\"elementor-tab-content-1949\" class=\"elementor-tab-content elementor-clearfix elementor-active\" role=\"tabpanel\" data-tab=\"9\" aria-labelledby=\"elementor-tab-title-1949\">\n<p>E-mail:portifoliosp@gmail.com<\/p>\n<div id=\"attachment_143\" class=\"wp-caption alignnone\">\n<div id=\"attachment_143\" class=\"wp-caption alignnone\">\n<p id=\"caption-attachment-143\" class=\"wp-caption-text\"><a href=\"http:\/\/portfolio-pronto.com\/\">Portf\u00f3lio<\/a>\u00a0em Word, respondido, completo e j\u00e1 nas normas<\/p>\n<\/div>\n<\/div>\n<\/div>\n<\/div>\n<\/div>\n","protected":false},"excerpt":{"rendered":"<div class=\"product-short-description\">\n<div class=\"product-short-description\">\n<p><strong>Pague pelo PIX ou cart\u00e3o e fa\u00e7a o download agora mesmo.<\/strong><\/p>\n<\/div>\n<div class=\"sticky-add-to-cart-wrapper\">\n<div class=\"sticky-add-to-cart\">\n<p class=\"quantity buttons_added form-flat\"><img decoding=\"async\" class=\"lazyloaded smush-image-5 smush-image-3 smush-image-4 smush-detected-img smush-image-bigger-3\" src=\"https:\/\/d26lpennugtm8s.cloudfront.net\/assets\/common\/img\/logos\/payment\/visa@2x.png\" width=\"46\" height=\"29\" data-src=\"https:\/\/d26lpennugtm8s.cloudfront.net\/assets\/common\/img\/logos\/payment\/visa@2x.png\" \/><img decoding=\"async\" class=\"lazyloaded smush-image-6 smush-image-4 smush-image-5 smush-detected-img smush-image-bigger-4\" src=\"https:\/\/d26lpennugtm8s.cloudfront.net\/assets\/common\/img\/logos\/payment\/boleto@2x.png\" width=\"43\" height=\"27\" data-src=\"https:\/\/d26lpennugtm8s.cloudfront.net\/assets\/common\/img\/logos\/payment\/boleto@2x.png\" \/><img loading=\"lazy\" decoding=\"async\" class=\"lazyloaded smush-image-7 smush-image-5 smush-image-6 smush-detected-img smush-image-bigger-5\" src=\"https:\/\/d26lpennugtm8s.cloudfront.net\/assets\/common\/img\/logos\/payment\/mastercard@2x.png\" width=\"43\" height=\"27\" data-src=\"https:\/\/d26lpennugtm8s.cloudfront.net\/assets\/common\/img\/logos\/payment\/mastercard@2x.png\" \/><img loading=\"lazy\" decoding=\"async\" class=\"lazyloaded smush-image-8 smush-image-6 smush-image-7 smush-detected-img smush-image-bigger-6\" src=\"https:\/\/d26lpennugtm8s.cloudfront.net\/assets\/common\/img\/logos\/payment\/amex@2x.png\" width=\"43\" height=\"27\" data-src=\"https:\/\/d26lpennugtm8s.cloudfront.net\/assets\/common\/img\/logos\/payment\/amex@2x.png\" \/><img loading=\"lazy\" decoding=\"async\" class=\"lazyloaded smush-image-9 smush-image-7 smush-image-8 smush-detected-img smush-image-bigger-7\" src=\"https:\/\/d26lpennugtm8s.cloudfront.net\/assets\/common\/img\/logos\/payment\/diners@2x.png\" width=\"46\" height=\"29\" data-src=\"https:\/\/d26lpennugtm8s.cloudfront.net\/assets\/common\/img\/logos\/payment\/diners@2x.png\" \/><img loading=\"lazy\" decoding=\"async\" class=\"lazyloaded smush-image-10 smush-image-8 smush-image-9 alignnone smush-detected-img smush-image-bigger-8\" src=\"https:\/\/d26lpennugtm8s.cloudfront.net\/assets\/common\/img\/logos\/payment\/br\/elo@2x.png\" alt=\"portf\u00f3lio unopar anhanguera\" width=\"45\" height=\"28\" data-src=\"https:\/\/d26lpennugtm8s.cloudfront.net\/assets\/common\/img\/logos\/payment\/br\/elo@2x.png\" \/><img loading=\"lazy\" decoding=\"async\" class=\"lazyloaded smush-image-11 smush-image-9 smush-image-10 alignnone smush-detected-img smush-image-bigger-9\" src=\"https:\/\/d26lpennugtm8s.cloudfront.net\/assets\/common\/img\/logos\/payment\/br\/hipercard@2x.png\" alt=\"portf\u00f3lio unopar anhanguera\" width=\"44\" height=\"28\" data-src=\"https:\/\/d26lpennugtm8s.cloudfront.net\/assets\/common\/img\/logos\/payment\/br\/hipercard@2x.png\" \/><img loading=\"lazy\" decoding=\"async\" class=\"lazyloaded smush-image-12 smush-image-10 smush-image-11 alignnone smush-detected-img smush-image-bigger-10\" src=\"https:\/\/d26lpennugtm8s.cloudfront.net\/assets\/common\/img\/logos\/payment\/mercadopago@2x.png\" alt=\"portf\u00f3lio unopar anhanguera\" width=\"45\" height=\"28\" data-src=\"https:\/\/d26lpennugtm8s.cloudfront.net\/assets\/common\/img\/logos\/payment\/mercadopago@2x.png\" \/><img loading=\"lazy\" decoding=\"async\" class=\"alignnone ls-is-cached lazyloaded smush-detected-img smush-image-bigger-11\" src=\"https:\/\/futurium.com.br\/wp-content\/uploads\/2021\/06\/logo-pix-icone-512.png\" alt=\"portfolio pronto\" width=\"30\" height=\"30\" data-src=\"https:\/\/futurium.com.br\/wp-content\/uploads\/2021\/06\/logo-pix-icone-512.png\" \/><\/p>\n<\/div>\n<\/div>\n<\/div>\n","protected":false},"featured_media":18737,"template":"","meta":{"_seopress_robots_primary_cat":"none","_seopress_titles_title":"%%post_title%% %%sitetitle%%","_seopress_titles_desc":"%%post_content%%","_seopress_robots_index":""},"product_cat":[32,15],"product_tag":[747,746],"class_list":{"0":"post-18735","1":"product","2":"type-product","3":"status-publish","4":"has-post-thumbnail","6":"product_cat-ciencias-contabeis","7":"product_cat-uncategorized","8":"product_tag-portfolio-de-estagio-anhanguera","9":"product_tag-portfolio-de-estagio-unopar","11":"first","12":"instock","13":"downloadable","14":"virtual","15":"purchasable","16":"product-type-simple","17":"col-xs-6 col-sm-4","18":"col-mf-5","19":"un-5-cols"},"jetpack_sharing_enabled":true,"_links":{"self":[{"href":"https:\/\/portifolioos-prontos.com\/index.php\/wp-json\/wp\/v2\/product\/18735","targetHints":{"allow":["GET"]}}],"collection":[{"href":"https:\/\/portifolioos-prontos.com\/index.php\/wp-json\/wp\/v2\/product"}],"about":[{"href":"https:\/\/portifolioos-prontos.com\/index.php\/wp-json\/wp\/v2\/types\/product"}],"version-history":[{"count":0,"href":"https:\/\/portifolioos-prontos.com\/index.php\/wp-json\/wp\/v2\/product\/18735\/revisions"}],"wp:featuredmedia":[{"embeddable":true,"href":"https:\/\/portifolioos-prontos.com\/index.php\/wp-json\/wp\/v2\/media\/18737"}],"wp:attachment":[{"href":"https:\/\/portifolioos-prontos.com\/index.php\/wp-json\/wp\/v2\/media?parent=18735"}],"wp:term":[{"taxonomy":"product_cat","embeddable":true,"href":"https:\/\/portifolioos-prontos.com\/index.php\/wp-json\/wp\/v2\/product_cat?post=18735"},{"taxonomy":"product_tag","embeddable":true,"href":"https:\/\/portifolioos-prontos.com\/index.php\/wp-json\/wp\/v2\/product_tag?post=18735"}],"curies":[{"name":"wp","href":"https:\/\/api.w.org\/{rel}","templated":true}]}}