{"id":18760,"date":"2023-07-31T22:23:04","date_gmt":"2023-08-01T01:23:04","guid":{"rendered":"https:\/\/portifolioos-prontos.com\/?post_type=product&#038;p=18760"},"modified":"2024-08-14T11:26:26","modified_gmt":"2024-08-14T14:26:26","slug":"aula-pratica-fenomenos-de-transporte","status":"publish","type":"product","link":"https:\/\/portifolioos-prontos.com\/index.php\/product\/aula-pratica-fenomenos-de-transporte\/","title":{"rendered":"Aula pr\u00e1tica Fen\u00f4menos de Transporte"},"content":{"rendered":"<h4>FEN\u00d4MENOS DE TRANSPORTE<\/h4>\n<p>Disciplina: FEN\u00d4MENOS DE TRANSPORTE<br \/>\nROTEIRO DE AULA PR\u00c1TICA 1<br \/>\nUnidade 3: Introdu\u00e7\u00e3o \u00e0 transfer\u00eancia de calor.<br \/>\nAula 12: Trocadores de calor<br \/>\nPr\u00e1tica: Trocadores de calor<\/p>\n<p>Software<br \/>\nAcesso on-line<br \/>\nPago<br \/>\nInfraestrutura<br \/>\nO acesso ao laborat\u00f3rio virtual da Algetec deve ser via computador, este simulador n\u00e3o deve ser<br \/>\nacessado por tablet ou por celular. O computador deve ter uma mem\u00f3ria m\u00ednima de 4 GB.<br \/>\nDescri\u00e7\u00e3o do software<br \/>\nO simulador ALGETEC \u00e9 uma ferramenta utilizada para a realiza\u00e7\u00e3o de experimentos virtuais,<br \/>\nideal para cursos na modalidade EaD, podendo ser empregado tamb\u00e9m nos cursos presenciais,<br \/>\npara posteriormente os resultados serem validados em bancada de forma presencial.<br \/>\nAcesse atrav\u00e9s do link: https:\/\/grupoa-u.blackboard.com\/<br \/>\nEm caso de d\u00favidas, veja em: \u201cPerguntas Frequentes\u201d, dispon\u00edvel em:<br \/>\nhttps:\/\/algetec.movidesk.com\/kb\/pt-br\/<br \/>\nAtividade Pr\u00e1tica<br \/>\nINTRODU\u00c7\u00c3O<br \/>\nTrocador de calor \u00e9 um equipamento utilizado para ser efetuada a troca de calor entre fluidos a<br \/>\ndiferentes temperaturas. No in\u00edcio do processo o fluido que entra a uma maior temperatura \u00e9 o<br \/>\nfluido quente e o fluido que entra a uma menor temperatura \u00e9 considerado fluido frio.<br \/>\nQuanto ao modo de troca de calor: Contato direto e contato indireto;<br \/>\n\u2022 Contato direto: neste tipo de trocador de calor os fluidos (quente e frio) se misturam.<br \/>\nExemplo: torre de resfriamento.<br \/>\n\u2022 Contato indireto: neste tipo de trocador de calor os fluidos (quente e frio) n\u00e3o se<br \/>\nmisturam, est\u00e3o separados por superf\u00edcies. Pode ser:<br \/>\n&#8211; Trocador de calor de recupera\u00e7\u00e3o (recuperador): O fluido quente e o fluido frio entram e<br \/>\nsaem continuamente.<br \/>\n. exemplo: trocador de calor duplo tubo (tubos conc\u00eantricos), trocador de calor casco e tubos.<br \/>\n-Trocador de calor de regenera\u00e7\u00e3o (regenerador): tamb\u00e9m denominado de trocador de<br \/>\narmazenamento, neste trocador, no caso do processo de aquecimento de um fluido, o fluido<br \/>\nquente entrar\u00e1 inicialmente escoando por estruturas denominadas matriz de armazenamento,<br \/>\nesta matriz ir\u00e1 armazenar a energia t\u00e9rmica deixada pelo fluido quente, posteriormente quando o<br \/>\nfluido frio entrar, o mesmo ir\u00e1 percorrer os mesmos espa\u00e7os que o fluido quente percorreu, ent\u00e3o,<br \/>\na matriz de armazenamento ir\u00e1 liberar a energia t\u00e9rmica para este fluido frio que ser\u00e1 desta forma<br \/>\naquecido. Exemplo: Trocador de calor a placas.<\/p>\n<p>ATIVIDADE PROPOSTA<br \/>\nEste experimento utilizar\u00e1 componentes da bancada did\u00e1tica para estudos em trocadores de calor<br \/>\npara realizarmos testes em tr\u00eas tipos de trocadores de calor: trocador de placas, trocador de<br \/>\ntubos conc\u00eantricos e o trocador de casco-tubos. Em cada trocador de calor o estudante ir\u00e1 realizar<br \/>\no experimento com os fluxos de \u00e1gua em contracorrente e em correntes paralelas, medindo as<br \/>\ntemperaturas nos fluxos de \u00e1gua quente e \u00e1gua fria, na entrada e sa\u00edda do trocador de calor,<br \/>\nal\u00e9m de medir as vaz\u00f5es dos fluxos.<br \/>\nOBJETIVOS<br \/>\n\u2022 Verificar qual tipo de trocador de calor possui melhor efici\u00eancia t\u00e9rmica;<br \/>\n\u2022 Avaliar a influ\u00eancia do tipo de escoamento na transfer\u00eancia de calor;<br \/>\n\u2022 Analisar a influ\u00eancia da vaz\u00e3o na transfer\u00eancia de calor;<br \/>\n\u2022 Avaliar a influ\u00eancia do tipo de escoamento na transfer\u00eancia de calor.<br \/>\nPROCEDIMENTOS PARA A REALIZA\u00c7\u00c3O DA ATIVIDADE<br \/>\nCaro estudante, para voc\u00ea colocar em pr\u00e1tica os conceitos aprendidos sobre transfer\u00eancia de<br \/>\ncalor utilizando trocadores de calor, voc\u00ea dever\u00e1 utilizar os materiais necess\u00e1rios deste<br \/>\nexperimento e executar cada uma das etapas que ser\u00e3o a seguir descritas.<br \/>\nEnt\u00e3o, vamos l\u00e1!<br \/>\n1. MATERIAIS NECESS\u00c1RIOS<br \/>\n&#8211; Trocador de calor do tipo Tubos Conc\u00eantricos;<br \/>\n&#8211; Trocador de calor do tipo Casca-Tubo;<br \/>\n-Trocador de calor do tipo Placas;<br \/>\n&#8211; V\u00e1lvulas;<br \/>\n&#8211; Bomba centrifuga;<br \/>\n&#8211; Sensor de vaz\u00e3o;<br \/>\n&#8211; Sensor de temperatura;<br \/>\n&#8211; Painel de mostradores.<br \/>\n2. ENCAIXANDO O TROCADOR DE CALOR DO TIPO TUBOS CONC\u00caNTRICOS<br \/>\nVisualize os trocadores de calor clicando com o bot\u00e3o esquerdo do mouse na c\u00e2mera com o<br \/>\nnome \u201cTrocadores\u201d localizada dentro do painel de visualiza\u00e7\u00e3o no canto superior esquerdo da<br \/>\ntela, conforme Figura 1. Se preferir, tamb\u00e9m pode ser utilizado o atalho do teclado \u201cAlt+2\u201d.<br \/>\nFigura 1<br \/>\nFonte: manual Algetec (2023)<br \/>\nLeve o trocador de calor do tipo tubos conc\u00eantricos para a bancada e o encaixe clicando com<br \/>\nbot\u00e3o direito do mouse sobre ele e selecionando a op\u00e7\u00e3o \u201cEncaixar trocador\u201d (Figura 2).<br \/>\nFigura 2<br \/>\nFonte: manual Algetec (2023)<br \/>\nVisualize a bancada com trocador conectado aos canos clicando como bot\u00e3o esquerdo do mouse<br \/>\nna c\u00e2mera com o nome \u201cBancada\u201d ou atrav\u00e9s do atalho do teclado \u201cAlt+3\u201d (Figura 3).<br \/>\nFigura 3<br \/>\nFonte: manual Algetec (2023)<br \/>\n3. LIGANDO AS BOMBAS<br \/>\nVisualize o painel clicando com o bot\u00e3o esquerdo do mouse na c\u00e2mera com o nome \u201cPainel\u201d ou<br \/>\natrav\u00e9s do atalho do teclado \u201cAlt+4\u201d (Figura 4).<br \/>\nFigura 4<br \/>\nFonte: manual Algetec (2023)<br \/>\nEnergize o painel clicando com bot\u00e3o esquerdo do mouse no bot\u00e3o de emerg\u00eancia (Figura 5).<br \/>\nFigura 5<br \/>\nFonte: manual Algetec (2023)<br \/>\nLigue o aquecedor clicando com bot\u00e3o esquerdo do mouse na parte verde do bot\u00e3o \u201cHabilitar<br \/>\nAquecedor\u201d (Figura 6).<br \/>\nFigura 6<br \/>\nFonte: manual Algetec (2023)<br \/>\nVisualize os indicadores clicando com o bot\u00e3o esquerdo do mouse na c\u00e2mera com o nome<br \/>\n\u201cIndicadores\u201d ou atrav\u00e9s do atalho do teclado \u201cAlt+5\u201d (Figura 7).<br \/>\nFigura 7<br \/>\nFonte: manual Algetec (2023)<br \/>\nAguarde a temperatura T5 chegar a 60 \u2070C. A velocidade desse processo pode ser aumentada em<br \/>\nat\u00e9 5 vezes clicando e arrastando com bot\u00e3o esquerdo do mouse a barra de rolagem da escala<br \/>\nde tempo. Quando a temperatura alcan\u00e7ar 60 \u2070C, o aquecedor ir\u00e1 se desligar automaticamente<br \/>\n(Figura 8).<br \/>\nFigura 8<br \/>\nFonte: manual Algetec (2023)<br \/>\nVoc\u00ea poder\u00e1 cronometrar o tempo gasto em cada processo clicando com o bot\u00e3o esquerdo do<br \/>\nmouse na seta do cron\u00f4metro para iniciar a contagem e no \u201cX\u201d para zerar (Figura 9).<br \/>\nFigura 9<br \/>\nFonte: manual Algetec (2023)<br \/>\nA qualquer momento durante a contagem, tamb\u00e9m ser\u00e1 poss\u00edvel dar pausa clicando com bot\u00e3o<br \/>\nesquerdo do mouse no bot\u00e3o de pausa do cron\u00f4metro (Figura 10).<br \/>\nFigura 10<br \/>\nFonte: manual Algetec (2023)<br \/>\nVisualize a bancada clicando com o bot\u00e3o esquerdo do mouse na c\u00e2mera com o nome \u201cBancada\u201d<br \/>\nou atrav\u00e9s do atalho do teclado \u201cAlt+3\u201d (Figura 11).<br \/>\nFigura 11<br \/>\nFonte: manual Algetec (2023)<br \/>\nAbra as v\u00e1lvulas clicando sobre elas com o bot\u00e3o esquerdo do mouse (Figura 12).<br \/>\nFigura 12<br \/>\nFonte: manual Algetec (2023)<br \/>\nVisualize o painel clicando com o bot\u00e3o esquerdo do mouse na c\u00e2mera com o nome \u201cPainel\u201d ou<br \/>\natrav\u00e9s do atalho do teclado \u201cAlt+4\u201d (Figura 13).<br \/>\nFigura 13<br \/>\nFonte: manual Algetec (2023)<br \/>\nLigue as bombas 1 e 2 clicando com bot\u00e3o esquerdo do mouse na parte verde de seus<br \/>\nrespectivos bot\u00f5es (Figura 14).<br \/>\nFigura 14<br \/>\nFonte: manual Algetec (2023)<br \/>\nV\u00e1 at\u00e9 os indicadores clicando com o bot\u00e3o esquerdo do mouse na c\u00e2mera com o nome<br \/>\n\u201cIndicadores\u201d ou atrav\u00e9s do atalho do teclado \u201cAlt+5\u201d e observe os valores mostrados e que a<br \/>\nvaz\u00e3o 2 est\u00e1 nula (Figura 15).<br \/>\nFigura 15<br \/>\nFonte: manual Algetec (2023)<br \/>\n4. VARIANDO A VAZ\u00c3O<br \/>\nVolte ao painel e altere a vaz\u00e3o clicando com bot\u00e3o esquerdo do mouse e girando o bot\u00e3o de<br \/>\ncontrole do lado direito (Figura 16).<br \/>\nFigura 16<br \/>\nFonte: manual Algetec (2023)<br \/>\nRetorne aos indicadores e observe os valores e a velocidade em que est\u00e3o mudando. Varie a<br \/>\nvaz\u00e3o algumas vezes e busque relacionar a vaz\u00e3o coma varia\u00e7\u00e3o das temperaturas. Visualize o<br \/>\npainel clicando com o bot\u00e3o esquerdo do mouse na c\u00e2mera com o nome\u201cPainel\u201d ou atrav\u00e9s do<br \/>\natalho do teclado \u201cAlt+4\u201d. (Figura 17).<br \/>\nFigura 17<br \/>\nFonte: manual Algetec (2023)<br \/>\nDesligue as bombas 1 e 2 clicando com bot\u00e3o esquerdo do mouse na parte vermelha de seus<br \/>\nrespectivos bot\u00f5es (Figura 18).<br \/>\nFigura 18<br \/>\nFonte: manual Algetec (2023)<br \/>\nVisualize a bancada clicando com o bot\u00e3o esquerdo do mouse na c\u00e2mera com o nome \u201cBancada\u201d<br \/>\nou atrav\u00e9s do atalho do teclado \u201cAlt+3\u201d (Figura 19).<br \/>\nFigura 19<br \/>\nFonte: manual Algetec (2023)<br \/>\nFeche as v\u00e1lvulas clicando sobre elas com bot\u00e3o esquerdo do mouse (Figura 20).<br \/>\nFigura 20<br \/>\nFonte: manual Algetec (2023)<br \/>\nAp\u00f3s fechar todas as v\u00e1lvulas, remova o trocador clicando com bot\u00e3o esquerdo do mouse no<br \/>\ntrocador de calor e selecionando a op\u00e7\u00e3o \u201cRemover trocador\u201d (Figura 21).<br \/>\nFigura 21<br \/>\nFonte: manual Algetec (2023)<br \/>\n5. ENCAIXANDO O TROCADOR DE CALOR DOTIPO CASCA-TUBO<br \/>\nVisualize os trocadores de calor clicando com o bot\u00e3o esquerdo do mouse na c\u00e2mera com o<br \/>\nnome \u201cTrocadores\u201d localizada dentro do painel de visualiza\u00e7\u00e3o no canto superior esquerdo da<br \/>\ntela. Se preferir, tamb\u00e9m pode ser utilizado o atalho do teclado \u201cAlt+2\u201d (Figura 22).<br \/>\nFigura 22<br \/>\nFonte: manual Algetec (2023)<br \/>\nLeve o trocador de calor do tipo casca-tubo para a bancada e o encaixe clicando com bot\u00e3o direito<br \/>\ndo mouse sobre ele e selecionando a op\u00e7\u00e3o \u201cEncaixar trocador \u201c(Figura 23).<br \/>\nFigura 23<br \/>\nFonte: manual Algetec (2023)<br \/>\nVisualize a bancada com trocador conectado aos canos clicando como bot\u00e3o esquerdo do mouse<br \/>\nna c\u00e2mera com o nome \u201cBancada\u201d ou atrav\u00e9s do atalho do teclado \u201cAlt+3\u201d (Figura 24).<br \/>\nFigura 24<br \/>\nFonte: manual Algetec (2023)<br \/>\n7. LIGANDO AS BOMBAS<br \/>\nRepita o procedimento da se\u00e7\u00e3o 3.<br \/>\n8. VARIANDO NOVAMENTE A VAZ\u00c3O<br \/>\nRepita o procedimento da se\u00e7\u00e3o 4.<br \/>\n9. ENCAIXANDO O TROCADOR DE CALORDOTIPOPLACAS<br \/>\nVisualize os trocadores de calor clicando com o bot\u00e3o esquerdo do mouse na c\u00e2mera com o<br \/>\nnome \u201cTrocadores\u201d localizada dentro do painel de visualiza\u00e7\u00e3o no canto superior esquerdo da<br \/>\ntela. Se preferir, tamb\u00e9m pode ser utilizado o atalho do teclado \u201cAlt+2\u201d (Figura 25).<br \/>\nFigura 25<br \/>\nFonte: manual Algetec (2023)<br \/>\nLeve o trocador de calor do tipo placas para a bancada e o encaixe clicando com bot\u00e3o direito do<br \/>\nmouse sobre ele e selecionando a op\u00e7\u00e3o \u201cEncaixar trocador\u201d (Figura 26).<br \/>\nFigura 26<br \/>\nFonte: manual Algetec (2023)<br \/>\nVisualize a bancada com trocador conectado aos canos clicando como bot\u00e3o esquerdo do mouse<br \/>\nna c\u00e2mera com o nome \u201cBancada\u201d ou atrav\u00e9s do atalho do teclado \u201cAlt+3\u201d (Figura 27).<br \/>\nFigura 27<br \/>\nFonte: manual Algetec (2023)<br \/>\n10. LIGANDO AS BOMBAS<br \/>\nRepita o procedimento da se\u00e7\u00e3o 3.<br \/>\n11. VARIANDO NOVAMENTE A VAZ\u00c3O<br \/>\nRepita o procedimento da se\u00e7\u00e3o 4.<br \/>\nAVALIANDO OS RESULTADOS<br \/>\nCaro estudante, ap\u00f3s a execu\u00e7\u00e3o de todas as etapas descritas, voc\u00ea dever\u00e1 responder os<br \/>\nseguintes questionamentos.<br \/>\n1. Quais crit\u00e9rios devem ser levados em considera\u00e7\u00e3o ao escolher um tipo de trocador de<br \/>\ncalor?<br \/>\n2. Comparando o desempenho do trocador de calor de placas com o trocador de calor do<br \/>\ntipo casco e tubos, foi analisado que o trocador de placas \u00e9 mais eficiente. A que se deve<br \/>\nessa observa\u00e7\u00e3o?<br \/>\n3. Qual a influ\u00eancia da vaz\u00e3o na transfer\u00eancia de calor?<\/p>\n<p>Checklist<br \/>\n1. MATERIAIS NECESS\u00c1RIOS<br \/>\n2. ENCAIXANDO O TROCADOR DE CALOR DO TIPO TUBOS CONC\u00caNTRICOS<br \/>\nColoque o trocador tipo tubos conc\u00eantricos sobre a bancada e o conecte aos canos;<br \/>\n3. LIGANDO AS BOMBAS<br \/>\nEnergize o painel, ligue o aquecedor e espere a temperatura chegar a 60\u2070C. Acompanhe a<br \/>\ntemperatura pelos indicadores, quando ela chegar a 60\u2070C, o aquecedor ir\u00e1 se desligar<br \/>\nautomaticamente, ap\u00f3s isso, abra as v\u00e1lvulas e ligue as bombas.<br \/>\n4. VARIANDO A VAZ\u00c3O<br \/>\nAumente a vaz\u00e3o da bomba dois atrav\u00e9s do potenci\u00f4metro que se encontra no painel e observe<br \/>\na varia\u00e7\u00e3o de temperatura nos indicadores. Para uma melhor compreens\u00e3o, observe a varia\u00e7\u00e3o<br \/>\nde temperatura para diferentes vaz\u00f5es.<br \/>\n5. ENCAIXANDO O TROCADOR DE CALOR DO TIPO CASCA-TUBO<br \/>\nColoque o trocador de calor tipo casca-tubo sobre a bancada e o conecte aos canos.<br \/>\n6. LIGANDO AS BOMBAS<br \/>\nEnergize o painel, ligue o aquecedor e espere a temperatura chegar a 60\u2070C.<br \/>\nAcompanhe a temperatura pelos indicadores, quando ela chegar a 60\u2070C, o aquecedor ir\u00e1 se<br \/>\ndesligar automaticamente, ap\u00f3s isso, abra as v\u00e1lvulas e ligue as bombas.<br \/>\n7. VARIANDO NOVAMENTE A VAZ\u00c3O<br \/>\nAumente a vaz\u00e3o da bomba dois atrav\u00e9s do potenci\u00f4metro que se encontra no painel e observe<br \/>\na varia\u00e7\u00e3o de temperatura nos indicadores. Para uma melhor compreens\u00e3o, observe a varia\u00e7\u00e3o<br \/>\nde temperatura para diferentes vaz\u00f5es.<br \/>\n8. ENCAIXANDO O TROCADOR DE CALOR DO TIPO PLACAS<br \/>\nColoque o trocador do tipo placas sobre a bancada e o conecte aos canos.<br \/>\n9. LIGANDO AS BOMBAS<br \/>\nEnergize o painel, ligue o aquecedor e espere a temperatura chegar a 60\u2070C.<br \/>\nAcompanhe a temperatura pelos indicadores, quando ela chegar a 60\u2070C, o aquecedor ir\u00e1 se<br \/>\ndesligar automaticamente, ap\u00f3s isso, abra as v\u00e1lvulas e ligue as bombas.<br \/>\n10. VARIANDO A VAZ\u00c3O<br \/>\nAumente a vaz\u00e3o da bomba dois atrav\u00e9s do potenci\u00f4metro que se encontra no painel e observe<br \/>\na varia\u00e7\u00e3o de temperatura nos indicadores. Para uma melhor compreens\u00e3o, observe a varia\u00e7\u00e3o<br \/>\nde temperatura para diferentes vaz\u00f5es.<br \/>\n11. AVALIANDO OS RESULTADOS<br \/>\nSiga para a se\u00e7\u00e3o \u201cAvalia\u00e7\u00e3o dos Resultados\u201d, e responda de acordo com o que foi observado<br \/>\nnos experimentos, associando tamb\u00e9m com os conhecimentos aprendidos sobre o tema.<\/p>\n<p>&nbsp;<\/p>\n<p>&nbsp;<\/p>\n<p>&nbsp;<\/p>\n<p>Estudante, voc\u00ea dever\u00e1 entregar:<br \/>\nUm relat\u00f3rio em PDF respondendo as quest\u00f5es a seguir.<br \/>\n1. Quais crit\u00e9rios devem ser levados em considera\u00e7\u00e3o ao escolher um tipo de trocador de<br \/>\ncalor?<br \/>\n2. Comparando o desempenho do trocador de calor de placas com o trocador de calor do<br \/>\ntipo casco e tubos, foi analisado que o trocador de placas \u00e9 mais eficiente. A que se deve<br \/>\nessa observa\u00e7\u00e3o?<br \/>\n3. Qual a influ\u00eancia da vaz\u00e3o na transfer\u00eancia de calor?<\/p>\n<p>Refer\u00eancias<br \/>\nALGETEC, Solu\u00e7\u00f5es Tecnol\u00f3gicas Em Educa\u00e7\u00e3o. Laborat\u00f3rio De F\u00edsica. Ondas Mec\u00e2nicas.<br \/>\nDispon\u00edvel em &lt; https:\/\/www.virtuaslab.net\/ualabs\/ualab\/33\/642de2b627935.html &gt; acessado em<br \/>\n01\/04\/2023.<\/p>\n<div class=\"elementor-toggle-item\">\n<h4 id=\"elementor-tab-title-1941\" class=\"elementor-tab-title elementor-active\" tabindex=\"0\" role=\"tab\" data-tab=\"1\" aria-controls=\"elementor-tab-content-1941\" aria-expanded=\"true\" aria-selected=\"true\">Como funciona?<\/h4>\n<div id=\"elementor-tab-content-1941\" class=\"elementor-tab-content elementor-clearfix elementor-active\" role=\"tabpanel\" data-tab=\"1\" aria-labelledby=\"elementor-tab-title-1941\">\n<p>Elaboramos os portf\u00f3lios, j\u00e1 deixamos prontos, nas normas da ABNT e conforme os requisitos da universidade. F\u00e1cil assim! O MELHOR \u00c9 QUE VOC\u00ca COMPRA E J\u00c1 BAIXA NA HORA O SEU ARQUIVO EM WORD! Sabemos que conciliar trabalho, fam\u00edlia, vida profissional e estudos \u00e9 dif\u00edcil hoje em dia, por isso, estamos aqui para ajudar voc\u00ea. Conte com nossa qualidade, experi\u00eancia e profissionalismo adquirindo seu portf\u00f3lio conosco. GARANTIMOS SEU CONCEITO!<\/p>\n<h4>Como se realizam os envios?<\/h4>\n<\/div>\n<\/div>\n<div class=\"elementor-toggle-item\">\n<div id=\"elementor-tab-content-1942\" class=\"elementor-tab-content elementor-clearfix elementor-active\" role=\"tabpanel\" data-tab=\"2\" aria-labelledby=\"elementor-tab-title-1942\">O seu trabalho \u00e9 disponibilizado pronto, respondido e nas normas j\u00e1 na mesma hora aqui em nosso site na sua \u00e1rea de downloads e tamb\u00e9m no seu e-mail.<\/div>\n<\/div>\n<div class=\"elementor-toggle-item\">\n<div id=\"elementor-tab-content-1943\" class=\"elementor-tab-content elementor-clearfix elementor-active\" role=\"tabpanel\" data-tab=\"3\" aria-labelledby=\"elementor-tab-title-1943\">\n<h4>Em quanto tempo recebo o portf\u00f3lio?<\/h4>\n<\/div>\n<\/div>\n<div class=\"elementor-toggle-item\">\n<div id=\"elementor-tab-content-1944\" class=\"elementor-tab-content elementor-clearfix elementor-active\" role=\"tabpanel\" data-tab=\"4\" aria-labelledby=\"elementor-tab-title-1944\">\n<p>Os envios s\u00e3o imediatos. Ap\u00f3s sua compra, o trabalho j\u00e1 \u00e9 disponibilizado instantaneamente aqui em nosso site e no seu e-mail.<\/p>\n<h4>E se o portf\u00f3lio que comprei precisar de corre\u00e7\u00e3o?<\/h4>\n<\/div>\n<\/div>\n<div class=\"elementor-toggle-item\">\n<div id=\"elementor-tab-content-1945\" class=\"elementor-tab-content elementor-clearfix elementor-active\" role=\"tabpanel\" data-tab=\"5\" aria-labelledby=\"elementor-tab-title-1945\">\n<p>Caso haja alguma solicita\u00e7\u00e3o de corre\u00e7\u00e3o\/altera\u00e7\u00e3o por parte do tutor, basta entrar em contato conosco pelo\u00a0WhatsApp\u00a0que provid\u00eanciaremos sem custo algum.<\/p>\n<h4>Qual o formato do arquivo?<\/h4>\n<\/div>\n<\/div>\n<div class=\"elementor-toggle-item\">\n<div id=\"elementor-tab-content-1946\" class=\"elementor-tab-content elementor-clearfix elementor-active\" role=\"tabpanel\" data-tab=\"6\" aria-labelledby=\"elementor-tab-title-1946\">\n<p>Os arquivos s\u00e3o enviados em formato Word e s\u00e3o edit\u00e1veis.<\/p>\n<h4>Caso eu tiver alguma d\u00favida, terei suporte no p\u00f3s venda?<\/h4>\n<\/div>\n<\/div>\n<div class=\"elementor-toggle-item\">\n<div id=\"elementor-tab-content-1948\" class=\"elementor-tab-content elementor-clearfix elementor-active\" role=\"tabpanel\" data-tab=\"8\" aria-labelledby=\"elementor-tab-title-1948\">\n<p>Sim, com certeza. Basta clicar no \u00edcone do WhatsApp no cantinho da tela. Ser\u00e1 um prazer atend\u00ea-lo(a).<\/p>\n<div class=\"elementor-toggle-item\">\n<div id=\"elementor-tab-content-1948\" class=\"elementor-tab-content elementor-clearfix elementor-active\" role=\"tabpanel\" data-tab=\"8\" aria-labelledby=\"elementor-tab-title-1948\">\n<h4>Quais os seus canais de contato?<\/h4>\n<\/div>\n<\/div>\n<div class=\"elementor-toggle-item\">\n<div id=\"elementor-tab-content-1949\" class=\"elementor-tab-content elementor-clearfix elementor-active\" role=\"tabpanel\" data-tab=\"9\" aria-labelledby=\"elementor-tab-title-1949\">\n<p>Whatsapp: 53 984751621 \u2013 Clicar no canto da tela ou ESCANEIE O QRCODE ABAIXO<\/p>\n<h4><img decoding=\"async\" class=\"alignnone wp-image-13699 jetpack-lazy-image jetpack-lazy-image--handled\" src=\"https:\/\/i0.wp.com\/portifolioos-prontos.com\/wp-content\/uploads\/2023\/02\/whatsapp-business-projeto-de-extensao-300x300.jpeg?resize=144%2C144\" sizes=\"(max-width: 144px) 100vw, 144px\" srcset=\"https:\/\/i0.wp.com\/portifolioos-prontos.com\/wp-content\/uploads\/2023\/02\/whatsapp-business-projeto-de-extensao.jpeg?resize=300%2C301&amp;ssl=1 300w, https:\/\/i0.wp.com\/portifolioos-prontos.com\/wp-content\/uploads\/2023\/02\/whatsapp-business-projeto-de-extensao.jpeg?resize=150%2C150&amp;ssl=1 150w, https:\/\/i0.wp.com\/portifolioos-prontos.com\/wp-content\/uploads\/2023\/02\/whatsapp-business-projeto-de-extensao.jpeg?resize=370%2C372&amp;ssl=1 370w, https:\/\/i0.wp.com\/portifolioos-prontos.com\/wp-content\/uploads\/2023\/02\/whatsapp-business-projeto-de-extensao.jpeg?resize=100%2C100&amp;ssl=1 100w, https:\/\/i0.wp.com\/portifolioos-prontos.com\/wp-content\/uploads\/2023\/02\/whatsapp-business-projeto-de-extensao.jpeg?w=470&amp;ssl=1 470w\" alt=\"projeto de extens\u00e3o unopar\" width=\"144\" height=\"144\" data-lazy-loaded=\"1\" \/><\/h4>\n<\/div>\n<\/div>\n<\/div>\n<\/div>\n<div class=\"elementor-toggle-item\">\n<div id=\"elementor-tab-content-1949\" class=\"elementor-tab-content elementor-clearfix elementor-active\" role=\"tabpanel\" data-tab=\"9\" aria-labelledby=\"elementor-tab-title-1949\">\n<p>E-mail:portifoliosp@gmail.com<\/p>\n<div id=\"attachment_143\" class=\"wp-caption alignnone\">\n<div id=\"attachment_143\" class=\"wp-caption alignnone\" style=\"width: 134px;\">\n<p><a href=\"http:\/\/portifolioos-prontos.com\/\"><img decoding=\"async\" class=\"wp-image-143 jetpack-lazy-image jetpack-lazy-image--handled\" title=\"portfolio pronto unopar\" src=\"https:\/\/i0.wp.com\/portifolioos-prontos.com\/wp-content\/uploads\/2022\/04\/conceitomaximo.png?resize=164%2C47\" alt=\"PORTFOLIO PRONTO UNOPAR ANHANGUERA\" width=\"134\" height=\"38\" aria-describedby=\"caption-attachment-143\" data-lazy-loaded=\"1\" \/><\/a><\/p>\n<p id=\"caption-attachment-143\" class=\"wp-caption-text\">Portf\u00f3lio em Word, respondido, completo e j\u00e1 nas normas.<\/p>\n<\/div>\n<\/div>\n<\/div>\n<\/div>\n","protected":false},"excerpt":{"rendered":"<div class=\"product-short-description\">\n<h5><span style=\"color: #ff0000;\">ESTE TRABALHO SERVE APENAS COMO MODELO\/GUIA \u2013 O ARQUIVO N\u00c3O DEVE SER SUBMETIDO COMO O PR\u00d3PRIO TRABALHO<\/span><\/h5>\n<h5><strong>Pague pelo PIX ou cart\u00e3o e fa\u00e7a o download agora mesmo.<\/strong><\/h5>\n<\/div>\n<div class=\"sticky-add-to-cart-wrapper\">\n<div class=\"sticky-add-to-cart\">\n<div class=\"quantity buttons_added form-flat\"><img decoding=\"async\" class=\"alignnone wp-image-761\" src=\"http:\/\/portifolioos-prontos.com\/wp-content\/uploads\/2022\/04\/PIX-300x107.webp\" alt=\"\" width=\"78\" height=\"28\" \/>\u00a0\u00a0<img loading=\"lazy\" decoding=\"async\" class=\"\" src=\"https:\/\/d26lpennugtm8s.cloudfront.net\/assets\/common\/img\/logos\/payment\/visa@2x.png\" width=\"46\" height=\"29\" \/><img loading=\"lazy\" decoding=\"async\" class=\"\" src=\"https:\/\/d26lpennugtm8s.cloudfront.net\/assets\/common\/img\/logos\/payment\/boleto@2x.png\" width=\"43\" height=\"27\" \/><img loading=\"lazy\" decoding=\"async\" class=\"\" src=\"https:\/\/d26lpennugtm8s.cloudfront.net\/assets\/common\/img\/logos\/payment\/mastercard@2x.png\" width=\"43\" height=\"27\" \/><img loading=\"lazy\" decoding=\"async\" class=\"\" src=\"https:\/\/d26lpennugtm8s.cloudfront.net\/assets\/common\/img\/logos\/payment\/amex@2x.png\" width=\"43\" height=\"27\" \/><img loading=\"lazy\" decoding=\"async\" class=\"\" src=\"https:\/\/d26lpennugtm8s.cloudfront.net\/assets\/common\/img\/logos\/payment\/diners@2x.png\" width=\"46\" height=\"29\" \/><img loading=\"lazy\" decoding=\"async\" class=\"\" src=\"https:\/\/d26lpennugtm8s.cloudfront.net\/assets\/common\/img\/logos\/payment\/br\/elo@2x.png\" width=\"45\" height=\"28\" \/><img loading=\"lazy\" decoding=\"async\" class=\"\" src=\"https:\/\/d26lpennugtm8s.cloudfront.net\/assets\/common\/img\/logos\/payment\/br\/hipercard@2x.png\" width=\"44\" height=\"28\" \/><img loading=\"lazy\" decoding=\"async\" class=\"\" src=\"https:\/\/d26lpennugtm8s.cloudfront.net\/assets\/common\/img\/logos\/payment\/mercadopago@2x.png\" width=\"45\" height=\"28\" \/><\/div>\n<\/div>\n<\/div>\n","protected":false},"featured_media":18762,"template":"","meta":{"_seopress_robots_primary_cat":"none","_seopress_titles_title":"%%post_title%% %%sitetitle%%","_seopress_titles_desc":"%%post_content%%","_seopress_robots_index":""},"product_cat":[33,15],"product_tag":[],"class_list":{"0":"post-18760","1":"product","2":"type-product","3":"status-publish","4":"has-post-thumbnail","6":"product_cat-cursos-de-engenharia","7":"product_cat-uncategorized","9":"first","10":"instock","11":"downloadable","12":"virtual","13":"purchasable","14":"product-type-simple","15":"col-xs-6 col-sm-4","16":"col-mf-5","17":"un-5-cols"},"jetpack_sharing_enabled":true,"_links":{"self":[{"href":"https:\/\/portifolioos-prontos.com\/index.php\/wp-json\/wp\/v2\/product\/18760","targetHints":{"allow":["GET"]}}],"collection":[{"href":"https:\/\/portifolioos-prontos.com\/index.php\/wp-json\/wp\/v2\/product"}],"about":[{"href":"https:\/\/portifolioos-prontos.com\/index.php\/wp-json\/wp\/v2\/types\/product"}],"version-history":[{"count":0,"href":"https:\/\/portifolioos-prontos.com\/index.php\/wp-json\/wp\/v2\/product\/18760\/revisions"}],"wp:featuredmedia":[{"embeddable":true,"href":"https:\/\/portifolioos-prontos.com\/index.php\/wp-json\/wp\/v2\/media\/18762"}],"wp:attachment":[{"href":"https:\/\/portifolioos-prontos.com\/index.php\/wp-json\/wp\/v2\/media?parent=18760"}],"wp:term":[{"taxonomy":"product_cat","embeddable":true,"href":"https:\/\/portifolioos-prontos.com\/index.php\/wp-json\/wp\/v2\/product_cat?post=18760"},{"taxonomy":"product_tag","embeddable":true,"href":"https:\/\/portifolioos-prontos.com\/index.php\/wp-json\/wp\/v2\/product_tag?post=18760"}],"curies":[{"name":"wp","href":"https:\/\/api.w.org\/{rel}","templated":true}]}}