{"id":18781,"date":"2023-08-01T17:45:21","date_gmt":"2023-08-01T20:45:21","guid":{"rendered":"https:\/\/portifolioos-prontos.com\/?post_type=product&#038;p=18781"},"modified":"2026-03-02T16:55:49","modified_gmt":"2026-03-02T19:55:49","slug":"aula-pratica-ciencias-morfofuncionais-do-sistema-digestorio-endocrino-e-renal","status":"publish","type":"product","link":"https:\/\/portifolioos-prontos.com\/index.php\/product\/aula-pratica-ciencias-morfofuncionais-do-sistema-digestorio-endocrino-e-renal\/","title":{"rendered":"Aula pr\u00e1tica Ci\u00eancias Morfofuncionais do Sistema Digest\u00f3rio, End\u00f3crino e Renal"},"content":{"rendered":"<h5 data-start=\"0\" data-end=\"88\"><strong data-start=\"6\" data-end=\"88\">Aula pr\u00e1tica Ci\u00eancias Morfofuncionais do Sistema Digest\u00f3rio, End\u00f3crino e Renal<\/strong><\/h5>\n<hr data-start=\"90\" data-end=\"93\" \/>\n<h5 data-start=\"95\" data-end=\"128\"><strong data-start=\"101\" data-end=\"128\">ROTEIRO DE AULA PR\u00c1TICA<\/strong><\/h5>\n<hr data-start=\"130\" data-end=\"133\" \/>\n<h5 data-start=\"135\" data-end=\"231\"><strong data-start=\"141\" data-end=\"231\">NOME DA DISCIPLINA: Ci\u00eancias Morfofuncionais dos Sistemas Digest\u00f3rio End\u00f3crino e Renal<\/strong><\/h5>\n<hr data-start=\"233\" data-end=\"236\" \/>\n<h5 data-start=\"238\" data-end=\"257\"><strong data-start=\"244\" data-end=\"257\">OBJETIVOS<\/strong><\/h5>\n<p data-start=\"259\" data-end=\"301\">Defini\u00e7\u00e3o dos objetivos da aula pr\u00e1tica:<\/p>\n<p data-start=\"303\" data-end=\"449\">Criar condi\u00e7\u00f5es did\u00e1tico-pedag\u00f3gicas para que os alunos desenvolvam seus conhecimentos com rela\u00e7\u00e3o: Ao estudo da anatomia do sistema digest\u00f3rio.<\/p>\n<hr data-start=\"451\" data-end=\"454\" \/>\n<h5 data-start=\"456\" data-end=\"480\"><strong data-start=\"462\" data-end=\"480\">INFRAESTRUTURA<\/strong><\/h5>\n<p data-start=\"482\" data-end=\"496\">Instala\u00e7\u00f5es:<\/p>\n<p data-start=\"498\" data-end=\"532\">Computador com acesso \u00e0 internet<\/p>\n<p data-start=\"534\" data-end=\"557\">Materiais de consumo:<\/p>\n<p data-start=\"559\" data-end=\"637\">Descri\u00e7\u00e3o<br data-start=\"568\" data-end=\"571\" \/>Quantid. de materiais por procedimento\/atividade<br data-start=\"619\" data-end=\"622\" \/>N\u00e3o se aplica<\/p>\n<p data-start=\"639\" data-end=\"650\">Software:<\/p>\n<p data-start=\"652\" data-end=\"671\">Sim ( X ) N\u00e3o ( )<\/p>\n<p data-start=\"673\" data-end=\"721\">Em caso afirmativo, qual? OVID: Wolters Kluwer<\/p>\n<p data-start=\"723\" data-end=\"748\">Pago ( X ) N\u00e3o Pago ( )<\/p>\n<p data-start=\"750\" data-end=\"773\">Tipo de Licen\u00e7a: NSA.<\/p>\n<p data-start=\"775\" data-end=\"799\">Descri\u00e7\u00e3o do software:<\/p>\n<p data-start=\"801\" data-end=\"948\">Para o procedimento, as imagens e o software estar\u00e3o armazenados no sharepoint e ser\u00e3o disponibilizadas na rede interna pelo t\u00e9cnico respons\u00e1vel.<\/p>\n<p data-start=\"950\" data-end=\"993\">Equipamento de Prote\u00e7\u00e3o Individual (EPI):<\/p>\n<p data-start=\"995\" data-end=\"1000\">NSA<\/p>\n<hr data-start=\"1002\" data-end=\"1005\" \/>\n<h5 data-start=\"1007\" data-end=\"1039\"><strong data-start=\"1013\" data-end=\"1039\">PROCEDIMENTOS PR\u00c1TICOS<\/strong><\/h5>\n<hr data-start=\"1041\" data-end=\"1044\" \/>\n<h5 data-start=\"1046\" data-end=\"1083\"><strong data-start=\"1052\" data-end=\"1083\">Procedimento\/Atividade N\u00ba 1<\/strong><\/h5>\n<p data-start=\"1085\" data-end=\"1106\">Atividade proposta:<\/p>\n<p data-start=\"1108\" data-end=\"1160\">Identifica\u00e7\u00e3o da histologia do sistema digest\u00f3rio.<\/p>\n<p data-start=\"1162\" data-end=\"1209\">Procedimentos para a realiza\u00e7\u00e3o da atividade:<\/p>\n<p data-start=\"1211\" data-end=\"1256\">Introdu\u00e7\u00e3o \u00e0 plataforma OVID: Wolters Kluwe<\/p>\n<p data-start=\"1258\" data-end=\"1529\">\u27a2 Para este procedimento, voc\u00ea dever\u00e1 utilizar o Software OVID (Wolters Kluwer) dispon\u00edvel na Biblioteca Virtual. Para cada estrutura anat\u00f4mica identificada, voc\u00ea dever\u00e1 estabelecer a rela\u00e7\u00e3o com suas fun\u00e7\u00f5es fisiol\u00f3gicas. Assim, devem ser seguidos os seguintes passos:<\/p>\n<p data-start=\"1531\" data-end=\"1630\">\u27a2 Acessar a Biblioteca Virtual (dispon\u00edvel em <a class=\"decorated-link\" href=\"https:\/\/biblioteca-virtual.com\/\" target=\"_new\" rel=\"noopener\" data-start=\"1577\" data-end=\"1608\">https:\/\/biblioteca-virtual.com\/<\/a>) e efetuar o login;<\/p>\n<p data-start=\"1632\" data-end=\"1663\">\u27a2 Clicar em \u201cWolters Kluwer\u201c;<\/p>\n<p data-start=\"1665\" data-end=\"1708\">\u27a2 Clicar em \u201cOVID \u2013 Human Anatomy Atlas\u201d;<\/p>\n<p data-start=\"1710\" data-end=\"1842\">\u27a2 Clicar em \u201cHuman Anatomy Atlas\u201d, na p\u00e1gina com o t\u00edtulo \u201cVisible Body \/ Anatomy Apps From Visible Body\u201d para acessar o software;<\/p>\n<p data-start=\"1844\" data-end=\"1967\">\u27a2 Clicar em \u201cLaunch Human Anatomy Atlas\u201d, na p\u00e1gina com o t\u00edtulo \u201cHuman Anatomy Atlas 2021\u201d para acessar o atlas digital;<\/p>\n<p data-start=\"1969\" data-end=\"2149\">\u27a2 A seguir, selecionar \u201cViews\u201d ou \u201cMedia\u201d no menu superior, dependendo da atividade solicitada no roteiro, e na aba \u201cSystems\u201d para acesso aos diferentes sistemas do corpo humano.<\/p>\n<p data-start=\"2151\" data-end=\"2207\">\u27a2 Orienta\u00e7\u00f5es sobre este tema, acesse o link a seguir:<\/p>\n<p data-start=\"2209\" data-end=\"2260\"><a class=\"decorated-link\" href=\"https:\/\/mdstrm.com\/embed\/62bddb131aa21f083497d438\" target=\"_new\" rel=\"noopener\" data-start=\"2209\" data-end=\"2258\">https:\/\/mdstrm.com\/embed\/62bddb131aa21f083497d438<\/a><\/p>\n<p data-start=\"2262\" data-end=\"2373\">No atlas digital, voc\u00ea dever\u00e1 reconhecer os \u00f3rg\u00e3os e estruturas abaixo que constitui os sistemas digest\u00f3rios:<\/p>\n<p data-start=\"2375\" data-end=\"2385\">\u27a2 L\u00edngua<\/p>\n<p data-start=\"2387\" data-end=\"2398\">\u27a2 Faringe<\/p>\n<p data-start=\"2400\" data-end=\"2414\">\u27a2 Orofaringe<\/p>\n<p data-start=\"2416\" data-end=\"2427\">\u27a2 Es\u00f4fago<\/p>\n<p data-start=\"2429\" data-end=\"2441\">\u27a2 Est\u00f4mago<\/p>\n<p data-start=\"2443\" data-end=\"2464\">\u27a2 Intestino delgado<\/p>\n<p data-start=\"2466\" data-end=\"2486\">\u27a2 Intestino grosso<\/p>\n<p data-start=\"2488\" data-end=\"2532\">\u27a2 Gl\u00e2ndulas acess\u00f3rias (f\u00edgado e p\u00e2ncreas)<\/p>\n<p data-start=\"2534\" data-end=\"2720\">Neste procedimento, voc\u00ea dever\u00e1 acessar o software dispon\u00edvel na Biblioteca Virtual (Wolters Kluwer- Base OVID) para a observa\u00e7\u00e3o das imagens e identifica\u00e7\u00e3o das estruturas anat\u00f4micas.<\/p>\n<p data-start=\"2722\" data-end=\"2734\">Checklist:<\/p>\n<p data-start=\"2736\" data-end=\"2875\">Verificar se houve a identifica\u00e7\u00e3o das principais caracter\u00edsticas anat\u00f4micas correlacionando-os com sua fisiologia do Sistema Digest\u00f3rio;<\/p>\n<hr data-start=\"2877\" data-end=\"2880\" \/>\n<h5 data-start=\"2882\" data-end=\"2919\"><strong data-start=\"2888\" data-end=\"2919\">Procedimento\/Atividade N\u00ba 2<\/strong><\/h5>\n<p data-start=\"2921\" data-end=\"2942\">Atividade proposta:<\/p>\n<p data-start=\"2944\" data-end=\"2992\">Identifica\u00e7\u00e3o da anatomia do sistema end\u00f3crino<\/p>\n<p data-start=\"2994\" data-end=\"3041\">Procedimentos para a realiza\u00e7\u00e3o da atividade:<\/p>\n<p data-start=\"3043\" data-end=\"3153\">No atlas digital, voc\u00ea dever\u00e1 reconhecer os \u00f3rg\u00e3os e estruturas abaixo que constitui os sistemas end\u00f3crinos:<\/p>\n<p data-start=\"3155\" data-end=\"3169\">\u2022 Hipot\u00e1lamo<\/p>\n<p data-start=\"3171\" data-end=\"3183\">\u2022 Hip\u00f3fise<\/p>\n<p data-start=\"3185\" data-end=\"3197\">\u2022 Tireoide<\/p>\n<p data-start=\"3199\" data-end=\"3215\">\u2022 Paratireoide<\/p>\n<p data-start=\"3217\" data-end=\"3228\">\u2022 Adrenal<\/p>\n<p data-start=\"3230\" data-end=\"3238\">\u2022 Timo<\/p>\n<p data-start=\"3240\" data-end=\"3253\">\u2022 Test\u00edculo<\/p>\n<p data-start=\"3255\" data-end=\"3267\">\u2022 Pr\u00f3stata<\/p>\n<p data-start=\"3269\" data-end=\"3279\">\u2022 Ov\u00e1rio<\/p>\n<p data-start=\"3281\" data-end=\"3293\">\u2022 P\u00e2ncreas<\/p>\n<p data-start=\"3295\" data-end=\"3481\">Neste procedimento, voc\u00ea dever\u00e1 acessar o software dispon\u00edvel na Biblioteca Virtual (Wolters Kluwer- Base OVID) para a observa\u00e7\u00e3o das imagens e identifica\u00e7\u00e3o das estruturas anat\u00f4micas.<\/p>\n<p data-start=\"3483\" data-end=\"3495\">Checklist:<\/p>\n<p data-start=\"3497\" data-end=\"3635\">Verificar se houve a identifica\u00e7\u00e3o das principais caracter\u00edsticas anat\u00f4micas correlacionando-os com sua fisiologia do Sistema End\u00f3crino;<\/p>\n<hr data-start=\"3637\" data-end=\"3640\" \/>\n<h5 data-start=\"3642\" data-end=\"3679\"><strong data-start=\"3648\" data-end=\"3679\">Procedimento\/Atividade N\u00ba 3<\/strong><\/h5>\n<p data-start=\"3681\" data-end=\"3702\">Atividade proposta:<\/p>\n<p data-start=\"3704\" data-end=\"3752\">Identifica\u00e7\u00e3o da anatomia do sistema urin\u00e1rio.<\/p>\n<p data-start=\"3754\" data-end=\"3801\">Procedimentos para a realiza\u00e7\u00e3o da atividade:<\/p>\n<p data-start=\"3803\" data-end=\"3911\">No atlas digital, voc\u00ea dever\u00e1 reconhecer os \u00f3rg\u00e3os e estruturas abaixo que constitui os sistemas urin\u00e1rio:<\/p>\n<p data-start=\"3913\" data-end=\"3928\">\u2022 Rim fechado<\/p>\n<p data-start=\"3930\" data-end=\"3944\">\u2022 Rim aberto<\/p>\n<p data-start=\"3946\" data-end=\"3956\">\u2022 Ureter<\/p>\n<p data-start=\"3958\" data-end=\"3977\">\u2022 Bexiga urin\u00e1ria<\/p>\n<p data-start=\"3979\" data-end=\"3999\">\u2022 Uretra masculina<\/p>\n<p data-start=\"4001\" data-end=\"4020\">\u2022 Uretra feminina<\/p>\n<p data-start=\"4022\" data-end=\"4052\">\u2022 Sistema urin\u00e1rio masculino<\/p>\n<p data-start=\"4054\" data-end=\"4083\">\u2022 Sistema urin\u00e1rio feminino<\/p>\n<p data-start=\"4085\" data-end=\"4271\">Neste procedimento, voc\u00ea dever\u00e1 acessar o software dispon\u00edvel na Biblioteca Virtual (Wolters Kluwer- Base OVID) para a observa\u00e7\u00e3o das imagens e identifica\u00e7\u00e3o das estruturas anat\u00f4micas.<\/p>\n<p data-start=\"4273\" data-end=\"4285\">Checklist:<\/p>\n<p data-start=\"4287\" data-end=\"4421\">Verificar se houve a identifica\u00e7\u00e3o das principais caracter\u00edsticas anat\u00f4micas correlacionando-os com sua fisiologia do Sistema Renal;<\/p>\n<hr data-start=\"4423\" data-end=\"4426\" \/>\n<h5 data-start=\"4428\" data-end=\"4448\"><strong data-start=\"4434\" data-end=\"4448\">RESULTADOS<\/strong><\/h5>\n<p data-start=\"4450\" data-end=\"4479\">Resultados da aula pr\u00e1tica:<\/p>\n<p data-start=\"4481\" data-end=\"4670\">\u00c9 esperado que ao t\u00e9rmino da pr\u00e1tica o aluno saiba espera-se que os objetivos propostos tenham sido alcan\u00e7ados atrav\u00e9s da compreens\u00e3o da anatomia do sistema digest\u00f3rio, end\u00f3crino e renal.<\/p>\n<p data-start=\"4672\" data-end=\"4821\">Resultado de aprendizagem da aula pr\u00e1tica dever\u00e1 ser registrado em forma de um relat\u00f3rio descritivo que dever\u00e1 ser postado em seu ambiente virtual.<\/p>\n<p data-start=\"4823\" data-end=\"4921\" data-is-last-node=\"\" data-is-only-node=\"\">A postagem do arquivo final deve ser em um \u00fanico arquivo, formato .DOC (Word ou editor de textos);<\/p>\n<div class=\"elementor-toggle-item\">\n<h4 id=\"elementor-tab-title-1941\" class=\"elementor-tab-title elementor-active\" tabindex=\"0\" role=\"tab\" data-tab=\"1\" aria-controls=\"elementor-tab-content-1941\" aria-expanded=\"true\" aria-selected=\"true\">Como funciona?<\/h4>\n<div id=\"elementor-tab-content-1941\" class=\"elementor-tab-content elementor-clearfix elementor-active\" role=\"tabpanel\" data-tab=\"1\" aria-labelledby=\"elementor-tab-title-1941\">\n<p>Elaboramos os portf\u00f3lios, j\u00e1 deixamos prontos, nas normas da ABNT e conforme os requisitos da universidade. F\u00e1cil assim! O MELHOR \u00c9 QUE VOC\u00ca COMPRA E J\u00c1 BAIXA NA HORA O SEU ARQUIVO EM WORD! Sabemos que conciliar trabalho, fam\u00edlia, vida profissional e estudos \u00e9 dif\u00edcil hoje em dia, por isso, estamos aqui para ajudar voc\u00ea. Conte com nossa qualidade, experi\u00eancia e profissionalismo adquirindo seu portf\u00f3lio conosco. GARANTIMOS SEU CONCEITO!<\/p>\n<h4>Como se realizam os envios?<\/h4>\n<\/div>\n<\/div>\n<div class=\"elementor-toggle-item\">\n<div id=\"elementor-tab-content-1942\" class=\"elementor-tab-content elementor-clearfix elementor-active\" role=\"tabpanel\" data-tab=\"2\" aria-labelledby=\"elementor-tab-title-1942\">O seu trabalho \u00e9 disponibilizado pronto, respondido e nas normas j\u00e1 na mesma hora aqui em nosso site na sua \u00e1rea de downloads e tamb\u00e9m no seu e-mail.<\/div>\n<\/div>\n<div class=\"elementor-toggle-item\">\n<div id=\"elementor-tab-content-1943\" class=\"elementor-tab-content elementor-clearfix elementor-active\" role=\"tabpanel\" data-tab=\"3\" aria-labelledby=\"elementor-tab-title-1943\">\n<h4>Em quanto tempo recebo o portf\u00f3lio?<\/h4>\n<\/div>\n<\/div>\n<div class=\"elementor-toggle-item\">\n<div id=\"elementor-tab-content-1944\" class=\"elementor-tab-content elementor-clearfix elementor-active\" role=\"tabpanel\" data-tab=\"4\" aria-labelledby=\"elementor-tab-title-1944\">\n<p>Os envios s\u00e3o imediatos. Ap\u00f3s sua compra, o trabalho j\u00e1 \u00e9 disponibilizado instantaneamente aqui em nosso site e no seu e-mail.<\/p>\n<h4>E se o portf\u00f3lio que comprei precisar de corre\u00e7\u00e3o?<\/h4>\n<\/div>\n<\/div>\n<div class=\"elementor-toggle-item\">\n<div id=\"elementor-tab-content-1945\" class=\"elementor-tab-content elementor-clearfix elementor-active\" role=\"tabpanel\" data-tab=\"5\" aria-labelledby=\"elementor-tab-title-1945\">\n<p>Caso haja alguma solicita\u00e7\u00e3o de corre\u00e7\u00e3o\/altera\u00e7\u00e3o por parte do tutor, basta entrar em contato conosco pelo\u00a0<a href=\"https:\/\/api.whatsapp.com\/send\/?phone=5553984751621&amp;text&amp;app_absent=0\">WhatsApp<\/a>\u00a0que provid\u00eanciaremos sem custo algum.<\/p>\n<h4>Qual o formato do arquivo?<\/h4>\n<\/div>\n<\/div>\n<div class=\"elementor-toggle-item\">\n<div id=\"elementor-tab-content-1946\" class=\"elementor-tab-content elementor-clearfix elementor-active\" role=\"tabpanel\" data-tab=\"6\" aria-labelledby=\"elementor-tab-title-1946\">\n<p>Os arquivos s\u00e3o enviados em formato Word e s\u00e3o edit\u00e1veis.<\/p>\n<h4>Caso eu tiver alguma d\u00favida, terei suporte no p\u00f3s venda?<\/h4>\n<\/div>\n<\/div>\n<div class=\"elementor-toggle-item\">\n<div id=\"elementor-tab-content-1948\" class=\"elementor-tab-content elementor-clearfix elementor-active\" role=\"tabpanel\" data-tab=\"8\" aria-labelledby=\"elementor-tab-title-1948\">\n<p>Sim, com certeza. Basta clicar no \u00edcone do WhatsApp no cantinho da tela. Ser\u00e1 um prazer atend\u00ea-lo(a).<\/p>\n<div class=\"elementor-toggle-item\">\n<div id=\"elementor-tab-content-1948\" class=\"elementor-tab-content elementor-clearfix elementor-active\" role=\"tabpanel\" data-tab=\"8\" aria-labelledby=\"elementor-tab-title-1948\">\n<h4>Quais os seus canais de contato?<\/h4>\n<\/div>\n<\/div>\n<div class=\"elementor-toggle-item\">\n<div id=\"elementor-tab-content-1949\" class=\"elementor-tab-content elementor-clearfix elementor-active\" role=\"tabpanel\" data-tab=\"9\" aria-labelledby=\"elementor-tab-title-1949\">\n<p>Whatsapp: 53 984751621 \u2013 Clicar no canto da tela ou ESCANEIE O QRCODE ABAIXO<\/p>\n<h4><img decoding=\"async\" class=\"alignnone wp-image-13699 jetpack-lazy-image jetpack-lazy-image--handled\" src=\"https:\/\/i0.wp.com\/portifolioos-prontos.com\/wp-content\/uploads\/2023\/02\/whatsapp-business-projeto-de-extensao-300x300.jpeg?resize=144%2C144\" sizes=\"(max-width: 144px) 100vw, 144px\" srcset=\"https:\/\/i0.wp.com\/portifolioos-prontos.com\/wp-content\/uploads\/2023\/02\/whatsapp-business-projeto-de-extensao.jpeg?resize=300%2C301&amp;ssl=1 300w, https:\/\/i0.wp.com\/portifolioos-prontos.com\/wp-content\/uploads\/2023\/02\/whatsapp-business-projeto-de-extensao.jpeg?resize=150%2C150&amp;ssl=1 150w, https:\/\/i0.wp.com\/portifolioos-prontos.com\/wp-content\/uploads\/2023\/02\/whatsapp-business-projeto-de-extensao.jpeg?resize=370%2C372&amp;ssl=1 370w, https:\/\/i0.wp.com\/portifolioos-prontos.com\/wp-content\/uploads\/2023\/02\/whatsapp-business-projeto-de-extensao.jpeg?resize=100%2C100&amp;ssl=1 100w, https:\/\/i0.wp.com\/portifolioos-prontos.com\/wp-content\/uploads\/2023\/02\/whatsapp-business-projeto-de-extensao.jpeg?w=470&amp;ssl=1 470w\" alt=\"projeto de extens\u00e3o unopar\" width=\"144\" height=\"144\" data-recalc-dims=\"1\" data-lazy-loaded=\"1\" \/><\/h4>\n<\/div>\n<\/div>\n<\/div>\n<\/div>\n<div class=\"elementor-toggle-item\">\n<div id=\"elementor-tab-content-1949\" class=\"elementor-tab-content elementor-clearfix elementor-active\" role=\"tabpanel\" data-tab=\"9\" aria-labelledby=\"elementor-tab-title-1949\">\n<p>E-mail:portifoliosp@gmail.com<\/p>\n<div id=\"attachment_143\" class=\"wp-caption alignnone\">\n<div id=\"attachment_143\" class=\"wp-caption alignnone\" style=\"width: 181px;\">\n<p><a href=\"http:\/\/portifolioos-prontos.com\/\"><img decoding=\"async\" class=\"wp-image-143 jetpack-lazy-image jetpack-lazy-image--handled\" title=\"portfolio pronto unopar\" src=\"https:\/\/i0.wp.com\/portifolioos-prontos.com\/wp-content\/uploads\/2022\/04\/conceitomaximo.png?resize=161%2C46\" alt=\"PORTFOLIO PRONTO UNOPAR ANHANGUERA\" width=\"181\" height=\"52\" aria-describedby=\"caption-attachment-143\" data-lazy-loaded=\"1\" \/><\/a><\/p>\n<p id=\"caption-attachment-143\" class=\"wp-caption-text\">Portf\u00f3lio em Word, respondido, completo e j\u00e1 nas normas.<\/p>\n<\/div>\n<\/div>\n<\/div>\n<\/div>\n","protected":false},"excerpt":{"rendered":"<div class=\"product-short-description\">\n<h5><strong>Pague pelo PIX ou cart\u00e3o e fa\u00e7a o download agora mesmo.<\/strong><\/h5>\n<\/div>\n<div class=\"sticky-add-to-cart-wrapper\">\n<div class=\"sticky-add-to-cart\">\n<div class=\"quantity buttons_added form-flat\"><img decoding=\"async\" class=\"\" src=\"https:\/\/d26lpennugtm8s.cloudfront.net\/assets\/common\/img\/logos\/payment\/visa@2x.png\" width=\"46\" height=\"29\" \/><img loading=\"lazy\" decoding=\"async\" class=\"\" src=\"https:\/\/d26lpennugtm8s.cloudfront.net\/assets\/common\/img\/logos\/payment\/boleto@2x.png\" width=\"43\" height=\"27\" \/><img loading=\"lazy\" decoding=\"async\" class=\"\" src=\"https:\/\/d26lpennugtm8s.cloudfront.net\/assets\/common\/img\/logos\/payment\/mastercard@2x.png\" width=\"43\" height=\"27\" \/><img loading=\"lazy\" decoding=\"async\" class=\"\" src=\"https:\/\/d26lpennugtm8s.cloudfront.net\/assets\/common\/img\/logos\/payment\/amex@2x.png\" width=\"43\" height=\"27\" \/><img loading=\"lazy\" decoding=\"async\" class=\"\" src=\"https:\/\/d26lpennugtm8s.cloudfront.net\/assets\/common\/img\/logos\/payment\/diners@2x.png\" width=\"46\" height=\"29\" \/><img loading=\"lazy\" decoding=\"async\" class=\"\" src=\"https:\/\/d26lpennugtm8s.cloudfront.net\/assets\/common\/img\/logos\/payment\/br\/elo@2x.png\" width=\"45\" height=\"28\" \/><img loading=\"lazy\" decoding=\"async\" class=\"\" src=\"https:\/\/d26lpennugtm8s.cloudfront.net\/assets\/common\/img\/logos\/payment\/br\/hipercard@2x.png\" width=\"44\" height=\"28\" \/><img loading=\"lazy\" decoding=\"async\" class=\"\" src=\"https:\/\/d26lpennugtm8s.cloudfront.net\/assets\/common\/img\/logos\/payment\/mercadopago@2x.png\" width=\"45\" height=\"28\" \/><\/div>\n<\/div>\n<\/div>\n","protected":false},"featured_media":18784,"template":"","meta":{"_seopress_robots_primary_cat":"none","_seopress_titles_title":"%%post_title%% %%sitetitle%%","_seopress_titles_desc":"%%post_content%%","_seopress_robots_index":""},"product_cat":[67,15],"product_tag":[],"class_list":{"0":"post-18781","1":"product","2":"type-product","3":"status-publish","4":"has-post-thumbnail","6":"product_cat-radiologia","7":"product_cat-uncategorized","9":"first","10":"instock","11":"downloadable","12":"virtual","13":"purchasable","14":"product-type-simple","15":"col-xs-6 col-sm-4","16":"col-mf-5","17":"un-5-cols"},"jetpack_sharing_enabled":true,"_links":{"self":[{"href":"https:\/\/portifolioos-prontos.com\/index.php\/wp-json\/wp\/v2\/product\/18781","targetHints":{"allow":["GET"]}}],"collection":[{"href":"https:\/\/portifolioos-prontos.com\/index.php\/wp-json\/wp\/v2\/product"}],"about":[{"href":"https:\/\/portifolioos-prontos.com\/index.php\/wp-json\/wp\/v2\/types\/product"}],"version-history":[{"count":2,"href":"https:\/\/portifolioos-prontos.com\/index.php\/wp-json\/wp\/v2\/product\/18781\/revisions"}],"predecessor-version":[{"id":49808,"href":"https:\/\/portifolioos-prontos.com\/index.php\/wp-json\/wp\/v2\/product\/18781\/revisions\/49808"}],"wp:featuredmedia":[{"embeddable":true,"href":"https:\/\/portifolioos-prontos.com\/index.php\/wp-json\/wp\/v2\/media\/18784"}],"wp:attachment":[{"href":"https:\/\/portifolioos-prontos.com\/index.php\/wp-json\/wp\/v2\/media?parent=18781"}],"wp:term":[{"taxonomy":"product_cat","embeddable":true,"href":"https:\/\/portifolioos-prontos.com\/index.php\/wp-json\/wp\/v2\/product_cat?post=18781"},{"taxonomy":"product_tag","embeddable":true,"href":"https:\/\/portifolioos-prontos.com\/index.php\/wp-json\/wp\/v2\/product_tag?post=18781"}],"curies":[{"name":"wp","href":"https:\/\/api.w.org\/{rel}","templated":true}]}}