{"id":18787,"date":"2023-08-01T17:48:37","date_gmt":"2023-08-01T20:48:37","guid":{"rendered":"https:\/\/portifolioos-prontos.com\/?post_type=product&#038;p=18787"},"modified":"2023-10-22T13:00:59","modified_gmt":"2023-10-22T16:00:59","slug":"aula-pratica-anatomia-das-imagens-em-radiologia","status":"publish","type":"product","link":"https:\/\/portifolioos-prontos.com\/index.php\/product\/aula-pratica-anatomia-das-imagens-em-radiologia\/","title":{"rendered":"Aula pr\u00e1tica Anatomia das Imagens em Radiologia"},"content":{"rendered":"<h4>Aula pr\u00e1tica Anatomia das Imagens em Radiologia<\/h4>\n<p>ROTEIRO DE AULA PR\u00c1TICA<br \/>\nNOME DA DISCIPLINA: Anatomia das Imagens em Radiologia<br \/>\nOBJETIVOS<br \/>\nDefini\u00e7\u00e3o dos objetivos da aula pr\u00e1tica:<br \/>\n\u2022 Conhecer e identificar os diferentes tecidos atrav\u00e9s da Tomografia Computadorizada;<br \/>\n\u2022 Identificar as estruturas e tecidos nos diferentes exames de imagem em radiologia.<br \/>\nINFRAESTRUTURA<br \/>\nInstala\u00e7\u00f5es:<br \/>\nComputador com acesso a internet<br \/>\nMateriais de consumo:<br \/>\nDescri\u00e7\u00e3o<br \/>\nQtd. de materiais por<br \/>\nprocedimento\/atividade<br \/>\nNSA<br \/>\nSoftware:<br \/>\nSim ( x ) N\u00e3o ( )<br \/>\nEm caso afirmativo, qual? MedDream<br \/>\nPago ( ) N\u00e3o Pago ( x )<br \/>\nTipo de Licen\u00e7a: NSA.<br \/>\nDescri\u00e7\u00e3o do software:<br \/>\nO MedDream \u00e9 um visualizador de imagens de diagn\u00f3stico, que \u00e9 executado em um<br \/>\nnavegador e n\u00e3o requer nenhuma instala\u00e7\u00e3o no dispositivo.<br \/>\nEquipamento de Prote\u00e7\u00e3o Individual (EPI):<br \/>\nNSA.<br \/>\nPROCEDIMENTOS PR\u00c1TICOS<br \/>\nProcedimento\/Atividade n01<br \/>\n3<br \/>\nAtividade proposta:<br \/>\nIdentificar \u00f3rg\u00e3os tor\u00e1cicos e abdominais.<br \/>\nProcedimentos para a realiza\u00e7\u00e3o da atividade:<br \/>\nA Tomografia Computadorizada \u00e9 um m\u00e9todo de diagn\u00f3stico por imagens que<br \/>\npossibilita a visualiza\u00e7\u00e3o de estruturas internas do corpo humano de forma mais anat\u00f4mica,<br \/>\nutilizando raios x em conjunto com um sistema de computadores.<br \/>\nAtrav\u00e9s da TC conseguimos obter reconstru\u00e7\u00f5es multiplanares das imagens, dessa<br \/>\nforma, \u00e9 poss\u00edvel visualizar as estruturas anat\u00f4micas sem sobreposi\u00e7\u00e3o.<br \/>\nA tomografia de t\u00f3rax e abdome \u00e9 um exame importante para a detec\u00e7\u00e3o, avalia\u00e7\u00e3o e<br \/>\ndiagn\u00f3stico de inflama\u00e7\u00f5es, tumores, n\u00f3dulos, entre outras altera\u00e7\u00f5es que podem acometer<br \/>\nos \u00f3rg\u00e3os da regi\u00e3o.<br \/>\nPara atua\u00e7\u00e3o no radiodiagn\u00f3stico, \u00e9 muito importante que voc\u00ea saiba reconhecer e<br \/>\ndiferenciar os diferentes tecidos atrav\u00e9s dos diferentes exames como Raio-X, Tomografia<br \/>\nComputadorizada e Resson\u00e2ncia Magn\u00e9tica.<br \/>\nPara a nossa atividade voc\u00ea deve acessar a plataforma MedDream e visualizar as diferentes<br \/>\nimagens obtidas atrav\u00e9s de uma tomografia de t\u00f3rax e abdome, vamos l\u00e1?<br \/>\nV\u00eddeo 01. Introdu\u00e7\u00e3o \u00e0 plataforma MedDream<br \/>\n&#8211; Assista ao v\u00eddeo neste link: https:\/\/mdstrm.com\/embed\/62bdd8fdf93dc40824b3a693<br \/>\n\u2022 Acesse a plataforma MedDream atrav\u00e9s do link: https:\/\/www.softneta.com\/ e<br \/>\nselecionar \u201cONLINE DEMO\u201d.<br \/>\n4<br \/>\n\u2022 Ao abrir a p\u00e1gina de demonstra\u00e7\u00e3o online, voc\u00ea dever\u00e1 selecionar o primeiro estudo:<br \/>\n\u2022 Uma nova aba ser\u00e1 aberta e voc\u00ea ter\u00e1 acesso ao \u201cviewer\u201d, onde voc\u00ea conseguir\u00e1<br \/>\nvisualizar e manipular as imagens tomogr\u00e1ficas dispon\u00edveis. Sugest\u00e3o: clique na<br \/>\nnuvem ao lado das pastas para melhor visualiza\u00e7\u00e3o das imagens!<br \/>\n5<br \/>\n\u2022 Ao clicar duas vezes em cima da imagem, voc\u00ea conseguir\u00e1 visualiz\u00e1-la em maior<br \/>\naumento.<br \/>\n\u2022 A primeira imagem visualizada \u00e9 o scout (tamb\u00e9m chamada de escanograma ou<br \/>\ntopograma), esta \u00e9 uma imagem preliminar da \u00e1rea que ser\u00e1 examinada, utilizamos<br \/>\nessa imagem para selecionar o alcance do escaneamento.<br \/>\n\u2022 Nos quadros em sequ\u00eancia voc\u00ea conseguir\u00e1 visualizar as imagens obtidas nos<br \/>\ndiferentes filtros: partes moles, pulmonar e ap\u00f3s uso do contraste.<br \/>\n\u2022 Nessa plataforma, voc\u00ea tem \u00e0 disposi\u00e7\u00e3o alguns recursos para a manipula\u00e7\u00e3o das<br \/>\nimagens, veja a seguir:<br \/>\n6<br \/>\nV\u00eddeo 02. Recursos de manipula\u00e7\u00e3o de imagem<br \/>\n&#8211; Assista ao v\u00eddeo neste link: https:\/\/mdstrm.com\/embed\/62bddd96396b5d0832575060<br \/>\nBarra de rolagem: No lado direito da janela de visualiza\u00e7\u00e3o, uma barra de rolagem \u00e9<br \/>\nmostrada. Um cursor de rolagem \u00e9 rolado respectivamente para a posi\u00e7\u00e3o da imagem ativa<br \/>\nna s\u00e9rie. Na parte inferior da barra de rolagem s\u00e3o mostrados o n\u00famero total de imagens na<br \/>\ns\u00e9rie e o n\u00famero da imagem ativa. Voc\u00ea pode arrastar o cursor ao longo da barra de rolagem<br \/>\npara percorrer as imagens da s\u00e9rie.<br \/>\nJanelas: Barra de ferramentas &gt; Window. O bot\u00e3o de janela \u00e9 usado para ajustar o contraste<br \/>\ne o brilho da imagem (valores de n\u00edvel e janela). Voc\u00ea pode escolher as diferentes janelas<br \/>\npara evidenciar diferentes tecidos (janela \u00f3ssea, janela para tecidos moles).<br \/>\nLinha de refer\u00eancia: Barra de ferramentas &gt; Reference lines. A sobreposi\u00e7\u00e3o de linhas de<br \/>\nrefer\u00eancia permite indicar a localiza\u00e7\u00e3o de uma fatia de imagem em outra imagem de um<br \/>\n7<br \/>\nplano de interse\u00e7\u00e3o. Dessa forma, voc\u00ea consegue verificar no scout, exatamente a localiza\u00e7\u00e3o<br \/>\nda imagem que voc\u00ea est\u00e1 visualizando.<br \/>\nLink da s\u00e9rie rolada: Barra de ferramentas &gt; Link scroled series. Neste bot\u00e3o voc\u00ea consegue<br \/>\nfazer uma vincula\u00e7\u00e3o das imagens e visualizar a rolagem simult\u00e2nea.<br \/>\n\u2022 No quarto quadro voc\u00ea consegue visualizar as imagens de tomografia ap\u00f3s a inje\u00e7\u00e3o<br \/>\ndo contraste nas fases 1 e 2. Ao arrastar o cursor da barra de rolagem, voc\u00ea consegue<br \/>\nver todo o caminho pelo qual o constraste percorreu.<br \/>\n8<br \/>\n\u2022 Analise as imagens e identifique os diferentes \u00f3rg\u00e3os e estruturas presentes na regi\u00e3o<br \/>\ntor\u00e1cica e abdominal.<br \/>\n\u2022 Para fixar e testar seus conhecimentos, acesse o WordWall atrav\u00e9s do link<br \/>\n(https:\/\/wordwall.net\/pt\/resource\/33454250) ou do QrCode abaixo e responda \u00e0s<br \/>\nquest\u00f5es propostas.<br \/>\nV\u00eddeo 03 &#8211; Apresenta\u00e7\u00e3o do Quizz (WordWall)<br \/>\n&#8211; Assista ao v\u00eddeo neste link: https:\/\/mdstrm.com\/embed\/62bddd70eb904e082f6212c4<br \/>\n9<br \/>\n\u2022 Ao finalizar todo o question\u00e1rio, voc\u00ea poder\u00e1 ver sua pontua\u00e7\u00e3o, tempo, tabela de<br \/>\nclassifica\u00e7\u00e3o, verificar as respostas selecionadas e tamb\u00e9m, come\u00e7ar novamente o<br \/>\nquiz. Voc\u00ea poder\u00e1 realizar o quiz quantas vezes forem necess\u00e1rias para fixa\u00e7\u00e3o!<br \/>\n10<br \/>\nProcedimento\/Atividade n02<br \/>\nAtividade proposta:<br \/>\nElaborando o portf\u00f3lio de aula pr\u00e1tica.<br \/>\nProcedimentos para a realiza\u00e7\u00e3o da atividade:<br \/>\n\u2022 Para interpreta\u00e7\u00e3o dos exames radiogr\u00e1ficos, voc\u00ea deve conhecer sobre os<br \/>\nposicionamentos, protocolos de aquisi\u00e7\u00e3o e reconstru\u00e7\u00e3o de imagens, identificar e<br \/>\nreconhecer as estruturas anat\u00f4micas.<br \/>\n\u2022 Para o nosso Portf\u00f3lio da aula pr\u00e1tica voc\u00ea dever\u00e1 ler com aten\u00e7\u00e3o \u00e0s quest\u00f5es<br \/>\npropostas a seguir e responder de acordo com o que \u00e9 solicitado. No seu portf\u00f3lio n\u00e3o<br \/>\n\u00e9 necess\u00e1rio anexar as imagens, ok?<br \/>\nV\u00eddeo 04. Elaborando o portf\u00f3lio<br \/>\n&#8211; Assista ao v\u00eddeo neste link: https:\/\/mdstrm.com\/embed\/62bddce9396b5d0832574ff8<br \/>\n1. O termo tomografia deriva das palavras gregas tomos, que significa \u201cfatia\u201d e graphein,<br \/>\nque significa \u201cescrever\u201d. A TC utiliza um computador sofisticado e um sistema mec\u00e2nico<br \/>\nque prov\u00ea imagens anat\u00f4micas seccionais. Determine o plano seccional demonstrado<br \/>\npara cada uma das imagens a seguir:<br \/>\nA.<br \/>\n11<br \/>\nB.<br \/>\nC.<br \/>\n2. A seguir, temos imagens tomogr\u00e1ficas de uma fratura vertebral. Determine<br \/>\ncorretamente a localiza\u00e7\u00e3o da v\u00e9rtebra destacada (cervical, lombar ou tor\u00e1cica) e os<br \/>\nplanos seccionais para cada imagem (A, B e C).<br \/>\n12<br \/>\n3. As imagens tomogr\u00e1ficas a seguir apresentam um tipo de trauma, identifique a<br \/>\nestrutura e os planos seccionais das imagens (A, B e C).<br \/>\n13<br \/>\n4. A posi\u00e7\u00e3o anat\u00f4mica \u00e9 uma posi\u00e7\u00e3o padr\u00e3o que define superf\u00edcies espec\u00edficas e planos<br \/>\ndo corpo. Descreva como o corpo humano est\u00e1 posicionado nesta conven\u00e7\u00e3o.<br \/>\n5. Incid\u00eancia \u00e9 um termo de posicionamento que descreve a dire\u00e7\u00e3o ou caminho do raio<br \/>\ncentral (RC) ou do feixe de raios X quando esse passa atrav\u00e9s do paciente, projetando<br \/>\numa imagem no RI. Descreva a dire\u00e7\u00e3o do RC nas incid\u00eancias posteroanterior,<br \/>\nanteroposterior, mediolateral e lateromedial.<br \/>\n6. Como pode ser observado na tomografia computatorizada de t\u00f3rax a seguir, ossos,<br \/>\npartes moles, m\u00fasculo e gordura aparecem diferentemente em uma imagem de TC,<br \/>\nvariando de acordo com a atenua\u00e7\u00e3o que produzem. Descreva sobre a escala de<br \/>\nHounsfield e a diferen\u00e7a de densidade e atenua\u00e7\u00e3o para os diferentes tecidos.<br \/>\n14<br \/>\n7. A seguir temos uma radiografia obl\u00edqua da coluna cervical. Identifique as estruturas A,<br \/>\nB, C e D a seguir:<br \/>\n8. A seguir temos uma imagem radiogr\u00e1fica em perfil do p\u00e9 esquerdo. Identifique os ossos<br \/>\nde A, B, C, D, E, F, G, H e I.<br \/>\n15<br \/>\n9. Paciente, sexo masculino, 28 anos, chegou ao pronto socorro ap\u00f3s sofrer um acidente<br \/>\nde moto. Ap\u00f3s avalia\u00e7\u00e3o m\u00e9dica, foi solicitado um exame de raio-x de membro<br \/>\nsuperior, o qual foi obtida a imagem a seguir. Descreva corretamente o trauma e sua<br \/>\nlocaliza\u00e7\u00e3o.<br \/>\nBons estudos!!!<br \/>\nRESULTADOS<br \/>\nResultados da aula pr\u00e1tica:<br \/>\n16<br \/>\n\u00c9 esperado que o aluno ao t\u00e9rmino da pr\u00e1tica, saiba reconhecer e identificar as diferentes<br \/>\nestruturas anat\u00f4micas a partir de exames de imagem como raio X, tomografia<br \/>\ncomputadorizada e resson\u00e2ncia magn\u00e9tica.<br \/>\nO aluno deve entregar um arquivo word que contemple todas as respostas das quest\u00f5es<br \/>\npropostas na atividade 2.<\/p>\n<div class=\"elementor-toggle-item\">\n<h4 id=\"elementor-tab-title-1941\" class=\"elementor-tab-title elementor-active\" tabindex=\"0\" role=\"tab\" data-tab=\"1\" aria-controls=\"elementor-tab-content-1941\" aria-expanded=\"true\" aria-selected=\"true\">Como funciona?<\/h4>\n<div id=\"elementor-tab-content-1941\" class=\"elementor-tab-content elementor-clearfix elementor-active\" role=\"tabpanel\" data-tab=\"1\" aria-labelledby=\"elementor-tab-title-1941\">\n<p>Elaboramos os portf\u00f3lios, j\u00e1 deixamos prontos, nas normas da ABNT e conforme os requisitos da universidade. F\u00e1cil assim! O MELHOR \u00c9 QUE VOC\u00ca COMPRA E J\u00c1 BAIXA NA HORA O SEU ARQUIVO EM WORD! Sabemos que conciliar trabalho, fam\u00edlia, vida profissional e estudos \u00e9 dif\u00edcil hoje em dia, por isso, estamos aqui para ajudar voc\u00ea. Conte com nossa qualidade, experi\u00eancia e profissionalismo adquirindo seu portf\u00f3lio conosco. GARANTIMOS SEU CONCEITO!<\/p>\n<h4>Como se realizam os envios?<\/h4>\n<\/div>\n<\/div>\n<div class=\"elementor-toggle-item\">\n<div id=\"elementor-tab-content-1942\" class=\"elementor-tab-content elementor-clearfix elementor-active\" role=\"tabpanel\" data-tab=\"2\" aria-labelledby=\"elementor-tab-title-1942\">O seu trabalho \u00e9 disponibilizado pronto, respondido e nas normas j\u00e1 na mesma hora aqui em nosso site na sua \u00e1rea de downloads e tamb\u00e9m no seu e-mail.<\/div>\n<\/div>\n<div class=\"elementor-toggle-item\">\n<div id=\"elementor-tab-content-1943\" class=\"elementor-tab-content elementor-clearfix elementor-active\" role=\"tabpanel\" data-tab=\"3\" aria-labelledby=\"elementor-tab-title-1943\">\n<h4>Em quanto tempo recebo o portf\u00f3lio?<\/h4>\n<\/div>\n<\/div>\n<div class=\"elementor-toggle-item\">\n<div id=\"elementor-tab-content-1944\" class=\"elementor-tab-content elementor-clearfix elementor-active\" role=\"tabpanel\" data-tab=\"4\" aria-labelledby=\"elementor-tab-title-1944\">\n<p>Os envios s\u00e3o imediatos. Ap\u00f3s sua compra, o trabalho j\u00e1 \u00e9 disponibilizado instantaneamente aqui em nosso site e no seu e-mail.<\/p>\n<h4>E se o portf\u00f3lio que comprei precisar de corre\u00e7\u00e3o?<\/h4>\n<\/div>\n<\/div>\n<div class=\"elementor-toggle-item\">\n<div id=\"elementor-tab-content-1945\" class=\"elementor-tab-content elementor-clearfix elementor-active\" role=\"tabpanel\" data-tab=\"5\" aria-labelledby=\"elementor-tab-title-1945\">\n<p>Caso haja alguma solicita\u00e7\u00e3o de corre\u00e7\u00e3o\/altera\u00e7\u00e3o por parte do tutor, basta entrar em contato conosco pelo\u00a0WhatsApp\u00a0que provid\u00eanciaremos sem custo algum.<\/p>\n<h4>Qual o formato do arquivo?<\/h4>\n<\/div>\n<\/div>\n<div class=\"elementor-toggle-item\">\n<div id=\"elementor-tab-content-1946\" class=\"elementor-tab-content elementor-clearfix elementor-active\" role=\"tabpanel\" data-tab=\"6\" aria-labelledby=\"elementor-tab-title-1946\">\n<p>Os arquivos s\u00e3o enviados em formato Word e s\u00e3o edit\u00e1veis.<\/p>\n<h4>Caso eu tiver alguma d\u00favida, terei suporte no p\u00f3s venda?<\/h4>\n<\/div>\n<\/div>\n<div class=\"elementor-toggle-item\">\n<div id=\"elementor-tab-content-1948\" class=\"elementor-tab-content elementor-clearfix elementor-active\" role=\"tabpanel\" data-tab=\"8\" aria-labelledby=\"elementor-tab-title-1948\">\n<p>Sim, com certeza. Basta clicar no \u00edcone do WhatsApp no cantinho da tela. Ser\u00e1 um prazer atend\u00ea-lo(a).<\/p>\n<div class=\"elementor-toggle-item\">\n<div id=\"elementor-tab-content-1948\" class=\"elementor-tab-content elementor-clearfix elementor-active\" role=\"tabpanel\" data-tab=\"8\" aria-labelledby=\"elementor-tab-title-1948\">\n<h4>Quais os seus canais de contato?<\/h4>\n<\/div>\n<\/div>\n<div class=\"elementor-toggle-item\">\n<div id=\"elementor-tab-content-1949\" class=\"elementor-tab-content elementor-clearfix elementor-active\" role=\"tabpanel\" data-tab=\"9\" aria-labelledby=\"elementor-tab-title-1949\">\n<p>Whatsapp: 53 984751621 \u2013 Clicar no canto da tela ou ESCANEIE O QRCODE ABAIXO<\/p>\n<h4><img decoding=\"async\" class=\"alignnone wp-image-13699 jetpack-lazy-image jetpack-lazy-image--handled\" src=\"https:\/\/i0.wp.com\/portifolioos-prontos.com\/wp-content\/uploads\/2023\/02\/whatsapp-business-projeto-de-extensao-300x300.jpeg?resize=144%2C144\" sizes=\"(max-width: 144px) 100vw, 144px\" srcset=\"https:\/\/i0.wp.com\/portifolioos-prontos.com\/wp-content\/uploads\/2023\/02\/whatsapp-business-projeto-de-extensao.jpeg?resize=300%2C301&amp;ssl=1 300w, https:\/\/i0.wp.com\/portifolioos-prontos.com\/wp-content\/uploads\/2023\/02\/whatsapp-business-projeto-de-extensao.jpeg?resize=150%2C150&amp;ssl=1 150w, https:\/\/i0.wp.com\/portifolioos-prontos.com\/wp-content\/uploads\/2023\/02\/whatsapp-business-projeto-de-extensao.jpeg?resize=370%2C372&amp;ssl=1 370w, https:\/\/i0.wp.com\/portifolioos-prontos.com\/wp-content\/uploads\/2023\/02\/whatsapp-business-projeto-de-extensao.jpeg?resize=100%2C100&amp;ssl=1 100w, https:\/\/i0.wp.com\/portifolioos-prontos.com\/wp-content\/uploads\/2023\/02\/whatsapp-business-projeto-de-extensao.jpeg?w=470&amp;ssl=1 470w\" alt=\"projeto de extens\u00e3o unopar\" width=\"144\" height=\"144\" data-lazy-loaded=\"1\" \/><\/h4>\n<\/div>\n<\/div>\n<\/div>\n<\/div>\n<div class=\"elementor-toggle-item\">\n<div id=\"elementor-tab-content-1949\" class=\"elementor-tab-content elementor-clearfix elementor-active\" role=\"tabpanel\" data-tab=\"9\" aria-labelledby=\"elementor-tab-title-1949\">\n<p>E-mail:portifoliosp@gmail.com<\/p>\n<div id=\"attachment_143\" class=\"wp-caption alignnone\">\n<div id=\"attachment_143\" class=\"wp-caption alignnone\" style=\"width: 105px;\">\n<p><a href=\"http:\/\/portifolioos-prontos.com\/\"><img decoding=\"async\" class=\"wp-image-143 jetpack-lazy-image jetpack-lazy-image--handled\" title=\"portfolio pronto unopar\" src=\"https:\/\/i0.wp.com\/portifolioos-prontos.com\/wp-content\/uploads\/2022\/04\/conceitomaximo.png?resize=164%2C47\" alt=\"PORTFOLIO PRONTO UNOPAR ANHANGUERA\" width=\"105\" height=\"30\" aria-describedby=\"caption-attachment-143\" data-lazy-loaded=\"1\" \/><\/a><\/p>\n<p id=\"caption-attachment-143\" class=\"wp-caption-text\">Portf\u00f3lio em Word, respondido, completo e j\u00e1 nas normas.<\/p>\n<\/div>\n<\/div>\n<\/div>\n<\/div>\n","protected":false},"excerpt":{"rendered":"<div class=\"product-short-description\">\n<h5><strong>Pague pelo PIX ou cart\u00e3o e fa\u00e7a o download agora mesmo.<\/strong><\/h5>\n<\/div>\n<div class=\"sticky-add-to-cart-wrapper\">\n<div class=\"sticky-add-to-cart\">\n<div class=\"quantity buttons_added form-flat\"><img decoding=\"async\" class=\"alignnone wp-image-761\" src=\"http:\/\/portifolioos-prontos.com\/wp-content\/uploads\/2022\/04\/PIX-300x107.webp\" alt=\"\" width=\"78\" height=\"28\" \/>\u00a0\u00a0<img loading=\"lazy\" decoding=\"async\" class=\"\" src=\"https:\/\/d26lpennugtm8s.cloudfront.net\/assets\/common\/img\/logos\/payment\/visa@2x.png\" width=\"46\" height=\"29\" \/><img loading=\"lazy\" decoding=\"async\" class=\"\" src=\"https:\/\/d26lpennugtm8s.cloudfront.net\/assets\/common\/img\/logos\/payment\/boleto@2x.png\" width=\"43\" height=\"27\" \/><img loading=\"lazy\" decoding=\"async\" class=\"\" src=\"https:\/\/d26lpennugtm8s.cloudfront.net\/assets\/common\/img\/logos\/payment\/mastercard@2x.png\" width=\"43\" height=\"27\" \/><img loading=\"lazy\" decoding=\"async\" class=\"\" src=\"https:\/\/d26lpennugtm8s.cloudfront.net\/assets\/common\/img\/logos\/payment\/amex@2x.png\" width=\"43\" height=\"27\" \/><img loading=\"lazy\" decoding=\"async\" class=\"\" src=\"https:\/\/d26lpennugtm8s.cloudfront.net\/assets\/common\/img\/logos\/payment\/diners@2x.png\" width=\"46\" height=\"29\" \/><img loading=\"lazy\" decoding=\"async\" class=\"\" src=\"https:\/\/d26lpennugtm8s.cloudfront.net\/assets\/common\/img\/logos\/payment\/br\/elo@2x.png\" width=\"45\" height=\"28\" \/><img loading=\"lazy\" decoding=\"async\" class=\"\" src=\"https:\/\/d26lpennugtm8s.cloudfront.net\/assets\/common\/img\/logos\/payment\/br\/hipercard@2x.png\" width=\"44\" height=\"28\" \/><img loading=\"lazy\" decoding=\"async\" class=\"\" src=\"https:\/\/d26lpennugtm8s.cloudfront.net\/assets\/common\/img\/logos\/payment\/mercadopago@2x.png\" width=\"45\" height=\"28\" \/><\/div>\n<\/div>\n<\/div>\n","protected":false},"featured_media":18789,"template":"","meta":{"_seopress_robots_primary_cat":"none","_seopress_titles_title":"%%post_title%% %%sitetitle%%","_seopress_titles_desc":"%%post_content%%","_seopress_robots_index":""},"product_cat":[67,15],"product_tag":[],"class_list":{"0":"post-18787","1":"product","2":"type-product","3":"status-publish","4":"has-post-thumbnail","6":"product_cat-radiologia","7":"product_cat-uncategorized","9":"first","10":"instock","11":"downloadable","12":"virtual","13":"purchasable","14":"product-type-simple","15":"col-xs-6 col-sm-4","16":"col-mf-5","17":"un-5-cols"},"jetpack_sharing_enabled":true,"_links":{"self":[{"href":"https:\/\/portifolioos-prontos.com\/index.php\/wp-json\/wp\/v2\/product\/18787","targetHints":{"allow":["GET"]}}],"collection":[{"href":"https:\/\/portifolioos-prontos.com\/index.php\/wp-json\/wp\/v2\/product"}],"about":[{"href":"https:\/\/portifolioos-prontos.com\/index.php\/wp-json\/wp\/v2\/types\/product"}],"version-history":[{"count":0,"href":"https:\/\/portifolioos-prontos.com\/index.php\/wp-json\/wp\/v2\/product\/18787\/revisions"}],"wp:featuredmedia":[{"embeddable":true,"href":"https:\/\/portifolioos-prontos.com\/index.php\/wp-json\/wp\/v2\/media\/18789"}],"wp:attachment":[{"href":"https:\/\/portifolioos-prontos.com\/index.php\/wp-json\/wp\/v2\/media?parent=18787"}],"wp:term":[{"taxonomy":"product_cat","embeddable":true,"href":"https:\/\/portifolioos-prontos.com\/index.php\/wp-json\/wp\/v2\/product_cat?post=18787"},{"taxonomy":"product_tag","embeddable":true,"href":"https:\/\/portifolioos-prontos.com\/index.php\/wp-json\/wp\/v2\/product_tag?post=18787"}],"curies":[{"name":"wp","href":"https:\/\/api.w.org\/{rel}","templated":true}]}}