{"id":18791,"date":"2023-08-01T18:17:49","date_gmt":"2023-08-01T21:17:49","guid":{"rendered":"https:\/\/portifolioos-prontos.com\/?post_type=product&#038;p=18791"},"modified":"2023-10-22T13:00:40","modified_gmt":"2023-10-22T16:00:40","slug":"aula-pratica-ciencias-morfofuncionais-dos-sistemas-nervoso-e-cardiorrespiratorio","status":"publish","type":"product","link":"https:\/\/portifolioos-prontos.com\/index.php\/product\/aula-pratica-ciencias-morfofuncionais-dos-sistemas-nervoso-e-cardiorrespiratorio\/","title":{"rendered":"Aula Pr\u00e1tica Ci\u00eancias Morfofuncionais dos Sistemas Nervoso e Cardiorrespirat\u00f3rio"},"content":{"rendered":"<h4>Aula Pr\u00e1tica Ci\u00eancias Morfofuncionais dos Sistemas Nervoso e Cardiorrespirat\u00f3rio<\/h4>\n<p>ROTEIRO DE AULA PR\u00c1TICA<br \/>\nNOME DA DISCIPLINA: Ci\u00eancias Morfofuncionais dos Sistemas Nervoso e<br \/>\nCardiorrespirat\u00f3rio.<br \/>\nEscolher um item.<br \/>\nOBJETIVOS<br \/>\nDefini\u00e7\u00e3o dos objetivos da aula pr\u00e1tica:<br \/>\n&#8211; Reconhecer e identificar as estruturas anat\u00f4micas dos sistemas: nervoso e<br \/>\ncardiorrespirat\u00f3rio.<br \/>\n&#8211; Relacionar as estruturas anat\u00f4micas identificadas com suas respectivas<br \/>\nfun\u00e7\u00f5es fisiol\u00f3gicas.<br \/>\nINFRAESTRUTURA<br \/>\nInstala\u00e7\u00f5es:<br \/>\nMateriais de consumo:<br \/>\nDescri\u00e7\u00e3o<br \/>\nQuantidade de<br \/>\nmateriais por<br \/>\nprocedimento\/atividade<br \/>\nFolha sulfite A4 5 folhas para cada<br \/>\naluno<br \/>\nImpressora 1 para cada aluno<br \/>\nCaneta esferogr\u00e1fica azul ou preta 1 para cada aluno<br \/>\nEsqueleto Base OVID<br \/>\nCora\u00e7\u00e3o Base OVID<br \/>\nSistema Respirat\u00f3rio Base OVID<br \/>\nSistema Nervoso Base OVID<br \/>\nSoftware:<br \/>\nSim ( X ) N\u00e3o ( )<br \/>\nEm caso afirmativo, qual? OVID &#8211; Visible Body<br \/>\nPago ( X ) N\u00e3o Pago ( )<br \/>\nTipo de Licen\u00e7a:<br \/>\nDescri\u00e7\u00e3o do software:<br \/>\nNSA.<br \/>\nEquipamento de Prote\u00e7\u00e3o Individual (EPI):<br \/>\nNSA.<br \/>\nPROCEDIMENTOS PR\u00c1TICOS<br \/>\n3<br \/>\nProcedimento n\u00ba 1<br \/>\nAtividade proposta:<br \/>\nObserva\u00e7\u00e3o e identifica\u00e7\u00e3o das estruturas anat\u00f4micas dos sistemas do corpo<br \/>\nhumano.<br \/>\nProcedimentos para a realiza\u00e7\u00e3o da atividade:<br \/>\nPara o procedimento, ser\u00e1 utilizada o Software OVID (Wolters Kluwer) dispon\u00edvel na<br \/>\nBiblioteca Virtual para identifica\u00e7\u00e3o e observa\u00e7\u00e3o das estruturas anat\u00f4micas dos diferentes<br \/>\nsistemas do corpo humano. Para cada estrutura anat\u00f4mica identificada, o aluno dever\u00e1<br \/>\nestabelecer a rela\u00e7\u00e3o com suas fun\u00e7\u00f5es fisiol\u00f3gicas. Assim, devem ser seguidos os<br \/>\nseguintes passos:<br \/>\n&#8211; Acessar a Biblioteca Virtual (dispon\u00edvel em https:\/\/biblioteca-virtual.com\/) e efetuar o login;<br \/>\n&#8211; Clicar em \u201cWolters Kluwer\u201c;<br \/>\n4<br \/>\n&#8211; Clicar em \u201cOVID \u2013 Human Anatomy Atlas\u201d;<br \/>\n&#8211; Clicar em \u201cLaunch Human Anatomy Atlas\u201d, para acessar o software;<br \/>\n5<br \/>\n&#8211; Clicar em \u201cHuman Anatomy Atlas\u201d, para acessar o atlas digital;<br \/>\n&#8211; A seguir, clicar em \u201cSystems\u201d, para acesso aos diferentes sistemas do corpo humano, ou<br \/>\n\u201cMicroanatomy\u201d, dependendo da atividade solicitada.<br \/>\n6<br \/>\nAgora, voc\u00ea dever\u00e1 realizar as seguintes atividades:<br \/>\nParte 1: Observa\u00e7\u00e3o das principais estruturas anat\u00f4micas do sistema nervoso e<br \/>\ncardiovascular.<br \/>\n\u2022 Identificar e reconhecer: sistema nervoso central. Em Systems, buscar o \u00edcone<br \/>\nNervous System Views (Vista do Sistema Nervoso). Acessar op\u00e7\u00e3o 1 (Nervous<br \/>\nSystem). Com o cursor, clicar sobre cada uma das seguintes estruturas para<br \/>\nidentifica\u00e7\u00e3o e an\u00e1lise:<br \/>\n&#8211; Enc\u00e9falo (c\u00e9rebro, tronco encef\u00e1lico e cerebelo);<br \/>\n&#8211; Medula espinhal.<br \/>\nClicar em \u201cMenu\u201d para retornar para Skeletal System Views.<br \/>\n\u2022 Identificar e reconhecer: sistema nervoso perif\u00e9rico. Em Systems, buscar o \u00edcone<br \/>\nNervous System Views (Vista do Sistema Nervoso). Acessar op\u00e7\u00e3o 1 (Nervous<br \/>\n7<br \/>\nsystem). Observar os diferentes nervos distribu\u00eddos pelo corpo humano, conforme<br \/>\napresentado no v\u00eddeo da aula pr\u00e1tica. Clicar em \u201cMenu\u201d e retornar para Systems;<br \/>\n\u2022 Identificar e reconhecer: cora\u00e7\u00e3o aberto. Em Systems, buscar o \u00edcone Circulatory<br \/>\nSystem Views (Vista do Sistema Circulat\u00f3rio). Acessar op\u00e7\u00e3o 7 (Heart Section \u2013<br \/>\nCora\u00e7\u00e3o seccionado). Com o cursor, clicar sobre cada uma das seguintes estruturas<br \/>\npara identifica\u00e7\u00e3o e an\u00e1lise:<br \/>\n&#8211; C\u00e2maras card\u00edacas: \u00e1trio direito, ventr\u00edculo direito, \u00e1trio esquerdo e ventr\u00edculo<br \/>\nesquerdo;<br \/>\n&#8211; Valvas: atrioventricular direita (tric\u00faspide), atrioventricular esquerda (bic\u00faspide ou<br \/>\nmitral), pulmonar e a\u00f3rtica;<br \/>\n&#8211; Grandes vasos: veias cava superior e cava inferior, art\u00e9ria aorta, tronco pulmonar,<br \/>\nart\u00e9ria pulmonar, veias pulmonares.<br \/>\nClicar em \u201cMenu\u201d e retornar para Systems.<br \/>\nParte 2: Observa\u00e7\u00e3o das principais estruturas anat\u00f4micas dos sistemas respirat\u00f3rio.<br \/>\n\u2022 Identificar e reconhecer: sistema respirat\u00f3rio. Em Systems, buscar o \u00edcone<br \/>\nRespiratory System Views (Vista do Sistema Respirat\u00f3rio). Acessar op\u00e7\u00e3o 1 (Upper<br \/>\nRespiratory \u2013 Vias superiores). Com o cursor, clicar sobre cada uma das seguintes<br \/>\nestruturas para identifica\u00e7\u00e3o e an\u00e1lise: nariz, faringe, laringe, traqueia, br\u00f4nquios,<br \/>\nbronqu\u00edolos e pulm\u00f5es; relacionar a estrutura com suas fun\u00e7\u00f5es. Seguir as<br \/>\norienta\u00e7\u00f5es apresentadas no v\u00eddeo da aula pr\u00e1tica. Clicar em \u201cMenu\u201d e retornar para<br \/>\nSystems;<br \/>\nChecklist:<br \/>\n&#8211; Acessar a base OVID na Biblioteca Virtual;<br \/>\n&#8211; Acessar as imagens, conforme indicado no roteiro, para identifica\u00e7\u00e3o e observa\u00e7\u00e3o das<br \/>\nestruturas anat\u00f4micas presentes nos diferentes sistemas do corpo humano;<br \/>\n&#8211; Relacionar as estruturas anat\u00f4micas visualizadas e identificadas com suas fun\u00e7\u00f5es<br \/>\nfisiol\u00f3gicas.<br \/>\nProcedimento n\u00ba2<br \/>\nAtividade proposta:<br \/>\nAtividade para identifica\u00e7\u00e3o das estruturas anat\u00f4micas dos diferentes sistemas<br \/>\ncorporais.<br \/>\n8<br \/>\nProcedimentos para a realiza\u00e7\u00e3o da atividade:<br \/>\nPara a realiza\u00e7\u00e3o do procedimento, dever\u00e3o ser realizadas as atividades listadas a seguir.<br \/>\nAs atividades dever\u00e3o ser impressas e preenchidas conforme solicitado no roteiro. Ap\u00f3s a<br \/>\nrealiza\u00e7\u00e3o das atividades, digitalizar e enviar o arquivo (formato em pdf) para avalia\u00e7\u00e3o.<br \/>\nPara a digitaliza\u00e7\u00e3o, poder\u00e1 ser utilizado aplicativo de uso livre para celular. N\u00e3o esque\u00e7a<br \/>\nde enviar a atividade em pdf. Arquivos em formatos diferentes n\u00e3o ser\u00e3o aceitos.<br \/>\n\u2022 Atividade 1: Identifica\u00e7\u00e3o das estruturas anat\u00f4micas do cora\u00e7\u00e3o.<br \/>\nNa figura, cada letra corresponde a uma estrutura anat\u00f4mica do cora\u00e7\u00e3o. Preencha a<br \/>\ntabela com o nome de cada estrutura apontada na figura.<br \/>\n\u2022 Atividade 2: Identifica\u00e7\u00e3o das estruturas anat\u00f4micas do sistema respirat\u00f3rio.<br \/>\nNa figura, cada letra corresponde a uma estrutura anat\u00f4mica do sistema respirat\u00f3rio.<br \/>\nIdentifique cada uma das estruturas apontadas pelas letras na figura e preencha a tabela<br \/>\ncom seu respectivo nome.<br \/>\n9<br \/>\nAtividade 1:<br \/>\nFonte: Adaptado de BruceBlaus\/Wikimedia Commons.<br \/>\nA<br \/>\nB<br \/>\nC<br \/>\nD<br \/>\nE<br \/>\nF<br \/>\nG<br \/>\nH<br \/>\nI<br \/>\nJ<br \/>\n10<br \/>\nAtividade 2:<br \/>\nFonte: Adaptado de Bibi Saint-Pol\/Wikimedia Commons.<br \/>\nA<br \/>\nB<br \/>\nC<br \/>\n11<br \/>\nChecklist:<br \/>\n&#8211; Separar caneta (azul ou preta), papel sulfite A4 e impressora;<br \/>\n&#8211; Acessar na Biblioteca Virtual o Atlas digital (Wolters Kluwer \u2013 Base OVID) ou qualquer<br \/>\noutro Atlas de Anatomia dispon\u00edvel na plataforma para auxiliar na identifica\u00e7\u00e3o das<br \/>\nestruturas anat\u00f4micas solicitadas nas atividades;<br \/>\n&#8211; Imprimir as pranchas das atividades (folhas com as figuras e tabelas);<br \/>\n&#8211; Realizar cada atividade conforme solicitado no roteiro;<br \/>\n&#8211; Ao finalizar as atividades, escanear, salvar o arquivo em formato pdf;<br \/>\n&#8211; Enviar o arquivo com identifica\u00e7\u00e3o (nome, curso, polo e semestre) para avalia\u00e7\u00e3o.<br \/>\nRESULTADOS<br \/>\nResultados da aula pr\u00e1tica:<br \/>\nComo resultados dessa pr\u00e1tica, espera-se que o aluno tenha compreendido e identificado<br \/>\nas estruturas anat\u00f4micas que comp\u00f5em os diferentes sistemas do corpo humano, bem<br \/>\ncomo suas fun\u00e7\u00f5es fisiol\u00f3gicas. Ap\u00f3s a aula pr\u00e1tica, o aluno dever\u00e1 realizar as atividades<br \/>\nsolicitadas no roteiro, escanear todas as atividades, salvar o arquivo em pdf e inserir no<br \/>\nportif\u00f3lio de atividades para posterior avalia\u00e7\u00e3o.<\/p>\n<div class=\"elementor-toggle-item\">\n<h4 id=\"elementor-tab-title-1941\" class=\"elementor-tab-title elementor-active\" tabindex=\"0\" role=\"tab\" data-tab=\"1\" aria-controls=\"elementor-tab-content-1941\" aria-expanded=\"true\" aria-selected=\"true\">Como funciona?<\/h4>\n<div id=\"elementor-tab-content-1941\" class=\"elementor-tab-content elementor-clearfix elementor-active\" role=\"tabpanel\" data-tab=\"1\" aria-labelledby=\"elementor-tab-title-1941\">\n<p>Elaboramos os portf\u00f3lios, j\u00e1 deixamos prontos, nas normas da ABNT e conforme os requisitos da universidade. F\u00e1cil assim! O MELHOR \u00c9 QUE VOC\u00ca COMPRA E J\u00c1 BAIXA NA HORA O SEU ARQUIVO EM WORD! Sabemos que conciliar trabalho, fam\u00edlia, vida profissional e estudos \u00e9 dif\u00edcil hoje em dia, por isso, estamos aqui para ajudar voc\u00ea. Conte com nossa qualidade, experi\u00eancia e profissionalismo adquirindo seu portf\u00f3lio conosco. GARANTIMOS SEU CONCEITO!<\/p>\n<h4>Como se realizam os envios?<\/h4>\n<\/div>\n<\/div>\n<div class=\"elementor-toggle-item\">\n<div id=\"elementor-tab-content-1942\" class=\"elementor-tab-content elementor-clearfix elementor-active\" role=\"tabpanel\" data-tab=\"2\" aria-labelledby=\"elementor-tab-title-1942\">O seu trabalho \u00e9 disponibilizado pronto, respondido e nas normas j\u00e1 na mesma hora aqui em nosso site na sua \u00e1rea de downloads e tamb\u00e9m no seu e-mail.<\/div>\n<\/div>\n<div class=\"elementor-toggle-item\">\n<div id=\"elementor-tab-content-1943\" class=\"elementor-tab-content elementor-clearfix elementor-active\" role=\"tabpanel\" data-tab=\"3\" aria-labelledby=\"elementor-tab-title-1943\">\n<h4>Em quanto tempo recebo o portf\u00f3lio?<\/h4>\n<\/div>\n<\/div>\n<div class=\"elementor-toggle-item\">\n<div id=\"elementor-tab-content-1944\" class=\"elementor-tab-content elementor-clearfix elementor-active\" role=\"tabpanel\" data-tab=\"4\" aria-labelledby=\"elementor-tab-title-1944\">\n<p>Os envios s\u00e3o imediatos. Ap\u00f3s sua compra, o trabalho j\u00e1 \u00e9 disponibilizado instantaneamente aqui em nosso site e no seu e-mail.<\/p>\n<h4>E se o portf\u00f3lio que comprei precisar de corre\u00e7\u00e3o?<\/h4>\n<\/div>\n<\/div>\n<div class=\"elementor-toggle-item\">\n<div id=\"elementor-tab-content-1945\" class=\"elementor-tab-content elementor-clearfix elementor-active\" role=\"tabpanel\" data-tab=\"5\" aria-labelledby=\"elementor-tab-title-1945\">\n<p>Caso haja alguma solicita\u00e7\u00e3o de corre\u00e7\u00e3o\/altera\u00e7\u00e3o por parte do tutor, basta entrar em contato conosco pelo\u00a0WhatsApp\u00a0que provid\u00eanciaremos sem custo algum.<\/p>\n<h4>Qual o formato do arquivo?<\/h4>\n<\/div>\n<\/div>\n<div class=\"elementor-toggle-item\">\n<div id=\"elementor-tab-content-1946\" class=\"elementor-tab-content elementor-clearfix elementor-active\" role=\"tabpanel\" data-tab=\"6\" aria-labelledby=\"elementor-tab-title-1946\">\n<p>Os arquivos s\u00e3o enviados em formato Word e s\u00e3o edit\u00e1veis.<\/p>\n<h4>Caso eu tiver alguma d\u00favida, terei suporte no p\u00f3s venda?<\/h4>\n<\/div>\n<\/div>\n<div class=\"elementor-toggle-item\">\n<div id=\"elementor-tab-content-1948\" class=\"elementor-tab-content elementor-clearfix elementor-active\" role=\"tabpanel\" data-tab=\"8\" aria-labelledby=\"elementor-tab-title-1948\">\n<p>Sim, com certeza. Basta clicar no \u00edcone do WhatsApp no cantinho da tela. Ser\u00e1 um prazer atend\u00ea-lo(a).<\/p>\n<div class=\"elementor-toggle-item\">\n<div id=\"elementor-tab-content-1948\" class=\"elementor-tab-content elementor-clearfix elementor-active\" role=\"tabpanel\" data-tab=\"8\" aria-labelledby=\"elementor-tab-title-1948\">\n<h4>Quais os seus canais de contato?<\/h4>\n<\/div>\n<\/div>\n<div class=\"elementor-toggle-item\">\n<div id=\"elementor-tab-content-1949\" class=\"elementor-tab-content elementor-clearfix elementor-active\" role=\"tabpanel\" data-tab=\"9\" aria-labelledby=\"elementor-tab-title-1949\">\n<p>Whatsapp: 53 984751621 \u2013 Clicar no canto da tela ou ESCANEIE O QRCODE ABAIXO<\/p>\n<h4><img decoding=\"async\" class=\"alignnone wp-image-13699 jetpack-lazy-image jetpack-lazy-image--handled\" src=\"https:\/\/i0.wp.com\/portifolioos-prontos.com\/wp-content\/uploads\/2023\/02\/whatsapp-business-projeto-de-extensao-300x300.jpeg?resize=144%2C144\" sizes=\"(max-width: 144px) 100vw, 144px\" srcset=\"https:\/\/i0.wp.com\/portifolioos-prontos.com\/wp-content\/uploads\/2023\/02\/whatsapp-business-projeto-de-extensao.jpeg?resize=300%2C301&amp;ssl=1 300w, https:\/\/i0.wp.com\/portifolioos-prontos.com\/wp-content\/uploads\/2023\/02\/whatsapp-business-projeto-de-extensao.jpeg?resize=150%2C150&amp;ssl=1 150w, https:\/\/i0.wp.com\/portifolioos-prontos.com\/wp-content\/uploads\/2023\/02\/whatsapp-business-projeto-de-extensao.jpeg?resize=370%2C372&amp;ssl=1 370w, https:\/\/i0.wp.com\/portifolioos-prontos.com\/wp-content\/uploads\/2023\/02\/whatsapp-business-projeto-de-extensao.jpeg?resize=100%2C100&amp;ssl=1 100w, https:\/\/i0.wp.com\/portifolioos-prontos.com\/wp-content\/uploads\/2023\/02\/whatsapp-business-projeto-de-extensao.jpeg?w=470&amp;ssl=1 470w\" alt=\"projeto de extens\u00e3o unopar\" width=\"144\" height=\"144\" data-lazy-loaded=\"1\" \/><\/h4>\n<\/div>\n<\/div>\n<\/div>\n<\/div>\n<div class=\"elementor-toggle-item\">\n<div id=\"elementor-tab-content-1949\" class=\"elementor-tab-content elementor-clearfix elementor-active\" role=\"tabpanel\" data-tab=\"9\" aria-labelledby=\"elementor-tab-title-1949\">\n<p>E-mail:portifoliosp@gmail.com<\/p>\n<div id=\"attachment_143\" class=\"wp-caption alignnone\">\n<div id=\"attachment_143\" class=\"wp-caption alignnone\" style=\"width: 137px;\">\n<p><a href=\"http:\/\/portifolioos-prontos.com\/\"><img decoding=\"async\" class=\"wp-image-143 jetpack-lazy-image jetpack-lazy-image--handled\" title=\"portfolio pronto unopar\" src=\"https:\/\/i0.wp.com\/portifolioos-prontos.com\/wp-content\/uploads\/2022\/04\/conceitomaximo.png?resize=164%2C47\" alt=\"PORTFOLIO PRONTO UNOPAR ANHANGUERA\" width=\"137\" height=\"39\" aria-describedby=\"caption-attachment-143\" data-lazy-loaded=\"1\" \/><\/a><\/p>\n<p id=\"caption-attachment-143\" class=\"wp-caption-text\">Portf\u00f3lio em Word, respondido, completo e j\u00e1 nas normas.<\/p>\n<\/div>\n<\/div>\n<\/div>\n<\/div>\n","protected":false},"excerpt":{"rendered":"<div class=\"product-short-description\">\n<h5><strong>Pague pelo PIX ou cart\u00e3o e fa\u00e7a o download agora mesmo.<\/strong><\/h5>\n<\/div>\n<div class=\"sticky-add-to-cart-wrapper\">\n<div class=\"sticky-add-to-cart\">\n<div class=\"quantity buttons_added form-flat\"><img decoding=\"async\" class=\"alignnone wp-image-761\" src=\"http:\/\/portifolioos-prontos.com\/wp-content\/uploads\/2022\/04\/PIX-300x107.webp\" alt=\"\" width=\"78\" height=\"28\" \/>\u00a0\u00a0<img loading=\"lazy\" decoding=\"async\" class=\"\" src=\"https:\/\/d26lpennugtm8s.cloudfront.net\/assets\/common\/img\/logos\/payment\/visa@2x.png\" width=\"46\" height=\"29\" \/><img loading=\"lazy\" decoding=\"async\" class=\"\" src=\"https:\/\/d26lpennugtm8s.cloudfront.net\/assets\/common\/img\/logos\/payment\/boleto@2x.png\" width=\"43\" height=\"27\" \/><img loading=\"lazy\" decoding=\"async\" class=\"\" src=\"https:\/\/d26lpennugtm8s.cloudfront.net\/assets\/common\/img\/logos\/payment\/mastercard@2x.png\" width=\"43\" height=\"27\" \/><img loading=\"lazy\" decoding=\"async\" class=\"\" src=\"https:\/\/d26lpennugtm8s.cloudfront.net\/assets\/common\/img\/logos\/payment\/amex@2x.png\" width=\"43\" height=\"27\" \/><img loading=\"lazy\" decoding=\"async\" class=\"\" src=\"https:\/\/d26lpennugtm8s.cloudfront.net\/assets\/common\/img\/logos\/payment\/diners@2x.png\" width=\"46\" height=\"29\" \/><img loading=\"lazy\" decoding=\"async\" class=\"\" src=\"https:\/\/d26lpennugtm8s.cloudfront.net\/assets\/common\/img\/logos\/payment\/br\/elo@2x.png\" width=\"45\" height=\"28\" \/><img loading=\"lazy\" decoding=\"async\" class=\"\" src=\"https:\/\/d26lpennugtm8s.cloudfront.net\/assets\/common\/img\/logos\/payment\/br\/hipercard@2x.png\" width=\"44\" height=\"28\" \/><img loading=\"lazy\" decoding=\"async\" class=\"\" src=\"https:\/\/d26lpennugtm8s.cloudfront.net\/assets\/common\/img\/logos\/payment\/mercadopago@2x.png\" width=\"45\" height=\"28\" \/><\/div>\n<\/div>\n<\/div>\n","protected":false},"featured_media":18793,"template":"","meta":{"_seopress_robots_primary_cat":"none","_seopress_titles_title":"%%post_title%% %%sitetitle%%","_seopress_titles_desc":"%%post_content%%","_seopress_robots_index":""},"product_cat":[67,15],"product_tag":[],"class_list":{"0":"post-18791","1":"product","2":"type-product","3":"status-publish","4":"has-post-thumbnail","6":"product_cat-radiologia","7":"product_cat-uncategorized","9":"first","10":"instock","11":"downloadable","12":"virtual","13":"purchasable","14":"product-type-simple","15":"col-xs-6 col-sm-4","16":"col-mf-5","17":"un-5-cols"},"jetpack_sharing_enabled":true,"_links":{"self":[{"href":"https:\/\/portifolioos-prontos.com\/index.php\/wp-json\/wp\/v2\/product\/18791","targetHints":{"allow":["GET"]}}],"collection":[{"href":"https:\/\/portifolioos-prontos.com\/index.php\/wp-json\/wp\/v2\/product"}],"about":[{"href":"https:\/\/portifolioos-prontos.com\/index.php\/wp-json\/wp\/v2\/types\/product"}],"version-history":[{"count":0,"href":"https:\/\/portifolioos-prontos.com\/index.php\/wp-json\/wp\/v2\/product\/18791\/revisions"}],"wp:featuredmedia":[{"embeddable":true,"href":"https:\/\/portifolioos-prontos.com\/index.php\/wp-json\/wp\/v2\/media\/18793"}],"wp:attachment":[{"href":"https:\/\/portifolioos-prontos.com\/index.php\/wp-json\/wp\/v2\/media?parent=18791"}],"wp:term":[{"taxonomy":"product_cat","embeddable":true,"href":"https:\/\/portifolioos-prontos.com\/index.php\/wp-json\/wp\/v2\/product_cat?post=18791"},{"taxonomy":"product_tag","embeddable":true,"href":"https:\/\/portifolioos-prontos.com\/index.php\/wp-json\/wp\/v2\/product_tag?post=18791"}],"curies":[{"name":"wp","href":"https:\/\/api.w.org\/{rel}","templated":true}]}}