{"id":18818,"date":"2023-08-02T19:20:30","date_gmt":"2023-08-02T22:20:30","guid":{"rendered":"https:\/\/portifolioos-prontos.com\/?post_type=product&#038;p=18818"},"modified":"2025-10-14T08:26:58","modified_gmt":"2025-10-14T11:26:58","slug":"plano-de-trabalho-de-estagio-cursos-de-licenciatura-estagio-em-educacao-fisica-i-anos-iniciais-do-ensino-fundamental","status":"publish","type":"product","link":"https:\/\/portifolioos-prontos.com\/index.php\/product\/plano-de-trabalho-de-estagio-cursos-de-licenciatura-estagio-em-educacao-fisica-i-anos-iniciais-do-ensino-fundamental\/","title":{"rendered":"Est\u00e1gio em Educa\u00e7\u00e3o F\u00edsica I anos iniciais do ensino fundamental"},"content":{"rendered":"<div>EST\u00c1GIO EM EDUCA\u00c7\u00c3O F\u00cdSICA LINCENCIATURA I<\/div>\n<div><\/div>\n<div>REG\u00caNCIA<\/div>\n<div>Anos Iniciais do Ensino Fundamental (1\u00ba ao 5\u00ba ano)<\/div>\n<div><\/div>\n<div>Licenciado ou Pleno em Educa\u00e7\u00e3o F\u00edsica.<\/div>\n<div>Preferencialmente com CREF ativo no estado de<\/div>\n<div>cumprimento do est\u00e1gio.<\/div>\n<div>210 horas<\/div>\n<div><\/div>\n<div>\n<p>5\u00ba e 6\u00ba semestre<\/p>\n<hr \/>\n<div>ANOS INICIAIS DO<\/div>\n<div>ENSINO<\/div>\n<div>FUNDAMENTAL (1o AO<\/div>\n<div>5o ANO)<\/div>\n<div><\/div>\n<div>Escolas p\u00fablicas ou privadas que ofertem o ensino fundamental (inclusive<\/div>\n<div>Educa\u00e7\u00e3o de Jovens e Adultos \u2013 EJA). N\u00c3O AUTORIZADAS APAE (Associa\u00e7\u00e3o<\/div>\n<div>\n<p>de Pais e Amigos dos Excepcionais) CRECHES.<\/p>\n<hr \/>\n<p>PLANO DE TRABALHO<br \/>\nNo quadro a seguir, h\u00e1 a descri\u00e7\u00e3o do Plano de Trabalho a ser realizado pelo estudante,<br \/>\nconforme carga hor\u00e1ria total do respectivo est\u00e1gio especificado no quadro da p\u00e1gina\u00a03.<\/p>\n<\/div>\n<\/div>\n<div><\/div>\n<div>\n<table class=\"w-fit min-w-(--thread-content-width)\" data-start=\"319\" data-end=\"1784\">\n<thead data-start=\"319\" data-end=\"377\">\n<tr data-start=\"319\" data-end=\"377\">\n<th data-start=\"319\" data-end=\"324\" data-col-size=\"sm\">N\u00ba<\/th>\n<th data-start=\"324\" data-end=\"336\" data-col-size=\"md\">Atividade<\/th>\n<th data-start=\"336\" data-end=\"355\" data-col-size=\"sm\">Est\u00e1gio I (210h)<\/th>\n<th data-start=\"355\" data-end=\"377\" data-col-size=\"sm\">Est\u00e1gio III (215h)<\/th>\n<\/tr>\n<\/thead>\n<tbody data-start=\"437\" data-end=\"1784\">\n<tr data-start=\"437\" data-end=\"519\">\n<td data-start=\"437\" data-end=\"442\" data-col-size=\"sm\">*1<\/td>\n<td data-start=\"442\" data-end=\"506\" data-col-size=\"md\">Intera\u00e7\u00e3o com orientador do est\u00e1gio para informa\u00e7\u00f5es iniciais<\/td>\n<td data-start=\"506\" data-end=\"512\" data-col-size=\"sm\">10h<\/td>\n<td data-start=\"512\" data-end=\"519\" data-col-size=\"sm\">10h<\/td>\n<\/tr>\n<tr data-start=\"520\" data-end=\"582\">\n<td data-start=\"520\" data-end=\"525\" data-col-size=\"sm\">*2<\/td>\n<td data-start=\"525\" data-end=\"571\" data-col-size=\"md\">Visita \u00e0 escola com a carta de apresenta\u00e7\u00e3o<\/td>\n<td data-start=\"571\" data-end=\"576\" data-col-size=\"sm\">3h<\/td>\n<td data-start=\"576\" data-end=\"582\" data-col-size=\"sm\">3h<\/td>\n<\/tr>\n<tr data-start=\"583\" data-end=\"643\">\n<td data-start=\"583\" data-end=\"588\" data-col-size=\"sm\">3<\/td>\n<td data-start=\"588\" data-end=\"630\" data-col-size=\"md\">Leitura obrigat\u00f3ria e produ\u00e7\u00e3o de texto<\/td>\n<td data-start=\"630\" data-end=\"636\" data-col-size=\"sm\">18h<\/td>\n<td data-start=\"636\" data-end=\"643\" data-col-size=\"sm\">18h<\/td>\n<\/tr>\n<tr data-start=\"644\" data-end=\"740\">\n<td data-start=\"644\" data-end=\"649\" data-col-size=\"sm\">*4<\/td>\n<td data-start=\"649\" data-end=\"727\" data-col-size=\"md\">An\u00e1lise do Projeto Pol\u00edtico Pedag\u00f3gico (PPP) da escola e produ\u00e7\u00e3o de relato<\/td>\n<td data-start=\"727\" data-end=\"733\" data-col-size=\"sm\">11h<\/td>\n<td data-start=\"733\" data-end=\"740\" data-col-size=\"sm\">11h<\/td>\n<\/tr>\n<tr data-start=\"741\" data-end=\"823\">\n<td data-start=\"741\" data-end=\"746\" data-col-size=\"sm\">*5<\/td>\n<td data-start=\"746\" data-end=\"810\" data-col-size=\"md\">An\u00e1lise de materiais did\u00e1ticos da escola e produ\u00e7\u00e3o de relato<\/td>\n<td data-start=\"810\" data-end=\"816\" data-col-size=\"sm\">11h<\/td>\n<td data-start=\"816\" data-end=\"823\" data-col-size=\"sm\">11h<\/td>\n<\/tr>\n<tr data-start=\"824\" data-end=\"898\">\n<td data-start=\"824\" data-end=\"829\" data-col-size=\"sm\">*6<\/td>\n<td data-start=\"829\" data-end=\"887\" data-col-size=\"md\">Entrevista com o professor regente e produ\u00e7\u00e3o de relato<\/td>\n<td data-start=\"887\" data-end=\"892\" data-col-size=\"sm\">6h<\/td>\n<td data-start=\"892\" data-end=\"898\" data-col-size=\"sm\">6h<\/td>\n<\/tr>\n<tr data-start=\"899\" data-end=\"1006\">\n<td data-start=\"899\" data-end=\"904\" data-col-size=\"sm\">*7<\/td>\n<td data-start=\"904\" data-end=\"993\" data-col-size=\"md\">Levantamento de materiais de apoio da BNCC (temas transversais) e elabora\u00e7\u00e3o de relato<\/td>\n<td data-start=\"993\" data-end=\"999\" data-col-size=\"sm\">14h<\/td>\n<td data-start=\"999\" data-end=\"1006\" data-col-size=\"sm\">14h<\/td>\n<\/tr>\n<tr data-start=\"1007\" data-end=\"1095\">\n<td data-start=\"1007\" data-end=\"1012\" data-col-size=\"sm\">*8<\/td>\n<td data-start=\"1012\" data-end=\"1082\" data-col-size=\"md\">An\u00e1lise do processo de implementa\u00e7\u00e3o da BNCC e elabora\u00e7\u00e3o de relato<\/td>\n<td data-start=\"1082\" data-end=\"1088\" data-col-size=\"sm\">14h<\/td>\n<td data-start=\"1088\" data-end=\"1095\" data-col-size=\"sm\">14h<\/td>\n<\/tr>\n<tr data-start=\"1096\" data-end=\"1201\">\n<td data-start=\"1096\" data-end=\"1101\" data-col-size=\"sm\">*9<\/td>\n<td data-start=\"1101\" data-end=\"1188\" data-col-size=\"md\">An\u00e1lise dos instrumentos avaliativos utilizados pelo professor e elabora\u00e7\u00e3o de texto<\/td>\n<td data-start=\"1188\" data-end=\"1194\" data-col-size=\"sm\">14h<\/td>\n<td data-start=\"1194\" data-end=\"1201\" data-col-size=\"sm\">14h<\/td>\n<\/tr>\n<tr data-start=\"1202\" data-end=\"1285\">\n<td data-start=\"1202\" data-end=\"1208\" data-col-size=\"sm\">*10<\/td>\n<td data-start=\"1208\" data-end=\"1272\" data-col-size=\"md\">An\u00e1lise da atua\u00e7\u00e3o da equipe pedag\u00f3gica e elabora\u00e7\u00e3o de texto<\/td>\n<td data-start=\"1272\" data-end=\"1278\" data-col-size=\"sm\">18h<\/td>\n<td data-start=\"1278\" data-end=\"1285\" data-col-size=\"sm\">18h<\/td>\n<\/tr>\n<tr data-start=\"1286\" data-end=\"1342\">\n<td data-start=\"1286\" data-end=\"1292\" data-col-size=\"sm\">*11<\/td>\n<td data-start=\"1292\" data-end=\"1329\" data-col-size=\"md\">Observa\u00e7\u00e3o e participa\u00e7\u00e3o em aulas<\/td>\n<td data-start=\"1329\" data-end=\"1335\" data-col-size=\"sm\">17h<\/td>\n<td data-start=\"1335\" data-end=\"1342\" data-col-size=\"sm\">17h<\/td>\n<\/tr>\n<tr data-start=\"1343\" data-end=\"1398\">\n<td data-start=\"1343\" data-end=\"1348\" data-col-size=\"sm\">12<\/td>\n<td data-start=\"1348\" data-end=\"1385\" data-col-size=\"md\">Elabora\u00e7\u00e3o do relato da observa\u00e7\u00e3o<\/td>\n<td data-start=\"1385\" data-end=\"1391\" data-col-size=\"sm\">10h<\/td>\n<td data-start=\"1391\" data-end=\"1398\" data-col-size=\"sm\">10h<\/td>\n<\/tr>\n<tr data-start=\"1399\" data-end=\"1488\">\n<td data-start=\"1399\" data-end=\"1404\" data-col-size=\"sm\">13<\/td>\n<td data-start=\"1404\" data-end=\"1475\" data-col-size=\"md\">Elabora\u00e7\u00e3o de planos de aula (4 para Est\u00e1gio I \/ 5 para Est\u00e1gio III)<\/td>\n<td data-start=\"1475\" data-end=\"1481\" data-col-size=\"sm\">20h<\/td>\n<td data-start=\"1481\" data-end=\"1488\" data-col-size=\"sm\">25h<\/td>\n<\/tr>\n<tr data-start=\"1489\" data-end=\"1588\">\n<td data-start=\"1489\" data-end=\"1495\" data-col-size=\"sm\">*14<\/td>\n<td data-start=\"1495\" data-end=\"1577\" data-col-size=\"md\">Apresenta\u00e7\u00e3o dos planos de aula para o professor regente e elabora\u00e7\u00e3o de relato<\/td>\n<td data-start=\"1577\" data-end=\"1582\" data-col-size=\"sm\">8h<\/td>\n<td data-start=\"1582\" data-end=\"1588\" data-col-size=\"sm\">8h<\/td>\n<\/tr>\n<tr data-start=\"1589\" data-end=\"1636\">\n<td data-start=\"1589\" data-end=\"1595\" data-col-size=\"sm\">*15<\/td>\n<td data-start=\"1595\" data-end=\"1625\" data-col-size=\"md\">Reg\u00eancia em turma observada<\/td>\n<td data-start=\"1625\" data-end=\"1630\" data-col-size=\"sm\">4h<\/td>\n<td data-start=\"1630\" data-end=\"1636\" data-col-size=\"sm\">4h<\/td>\n<\/tr>\n<tr data-start=\"1637\" data-end=\"1676\">\n<td data-start=\"1637\" data-end=\"1642\" data-col-size=\"sm\">16<\/td>\n<td data-start=\"1642\" data-end=\"1663\" data-col-size=\"md\">Relato da reg\u00eancia<\/td>\n<td data-start=\"1663\" data-end=\"1669\" data-col-size=\"sm\">15h<\/td>\n<td data-start=\"1669\" data-end=\"1676\" data-col-size=\"sm\">15h<\/td>\n<\/tr>\n<tr data-start=\"1677\" data-end=\"1730\">\n<td data-start=\"1677\" data-end=\"1682\" data-col-size=\"sm\">17<\/td>\n<td data-start=\"1682\" data-end=\"1717\" data-col-size=\"md\">Produ\u00e7\u00e3o do Relat\u00f3rio de Est\u00e1gio<\/td>\n<td data-start=\"1717\" data-end=\"1723\" data-col-size=\"sm\">14h<\/td>\n<td data-start=\"1723\" data-end=\"1730\" data-col-size=\"sm\">14h<\/td>\n<\/tr>\n<tr data-start=\"1731\" data-end=\"1784\">\n<td data-start=\"1731\" data-end=\"1737\" data-col-size=\"sm\">*18<\/td>\n<td data-start=\"1737\" data-end=\"1773\" data-col-size=\"md\">Valida\u00e7\u00e3o do Relat\u00f3rio de Est\u00e1gio<\/td>\n<td data-start=\"1773\" data-end=\"1778\" data-col-size=\"sm\">3h<\/td>\n<td data-start=\"1778\" data-end=\"1784\" data-col-size=\"sm\">3h<\/td>\n<\/tr>\n<\/tbody>\n<\/table>\n<\/div>\n<div class=\"elementor-toggle-item\">\n<h4 id=\"elementor-tab-title-1941\" class=\"elementor-tab-title elementor-active\" tabindex=\"0\" role=\"tab\" data-tab=\"1\" aria-controls=\"elementor-tab-content-1941\" aria-expanded=\"true\" aria-selected=\"true\">Como funciona?<\/h4>\n<div id=\"elementor-tab-content-1941\" class=\"elementor-tab-content elementor-clearfix elementor-active\" role=\"tabpanel\" data-tab=\"1\" aria-labelledby=\"elementor-tab-title-1941\">\n<p>Elaboramos os portf\u00f3lios, j\u00e1 deixamos prontos, nas normas da ABNT e conforme os requisitos da universidade. F\u00e1cil assim! O MELHOR \u00c9 QUE VOC\u00ca COMPRA E J\u00c1 BAIXA NA HORA O SEU ARQUIVO EM WORD! Sabemos que conciliar trabalho, fam\u00edlia, vida profissional e estudos \u00e9 dif\u00edcil hoje em dia, por isso, estamos aqui para ajudar voc\u00ea. Conte com nossa qualidade, experi\u00eancia e profissionalismo adquirindo seu portf\u00f3lio conosco. GARANTIMOS SEU CONCEITO!<\/p>\n<h4>Como se realizam os envios?<\/h4>\n<\/div>\n<\/div>\n<div class=\"elementor-toggle-item\">\n<div id=\"elementor-tab-content-1942\" class=\"elementor-tab-content elementor-clearfix elementor-active\" role=\"tabpanel\" data-tab=\"2\" aria-labelledby=\"elementor-tab-title-1942\">O seu trabalho \u00e9 disponibilizado pronto, respondido e nas normas j\u00e1 na mesma hora aqui em nosso site na sua \u00e1rea de downloads e tamb\u00e9m no seu e-mail.<\/div>\n<\/div>\n<div class=\"elementor-toggle-item\">\n<div id=\"elementor-tab-content-1943\" class=\"elementor-tab-content elementor-clearfix elementor-active\" role=\"tabpanel\" data-tab=\"3\" aria-labelledby=\"elementor-tab-title-1943\">\n<h4>Em quanto tempo recebo o portf\u00f3lio?<\/h4>\n<\/div>\n<\/div>\n<div class=\"elementor-toggle-item\">\n<div id=\"elementor-tab-content-1944\" class=\"elementor-tab-content elementor-clearfix elementor-active\" role=\"tabpanel\" data-tab=\"4\" aria-labelledby=\"elementor-tab-title-1944\">\n<p>Os envios s\u00e3o imediatos. Ap\u00f3s sua compra, o trabalho j\u00e1 \u00e9 disponibilizado instantaneamente aqui em nosso site e no seu e-mail.<\/p>\n<h4>E se o portf\u00f3lio que comprei precisar de corre\u00e7\u00e3o?<\/h4>\n<\/div>\n<\/div>\n<div class=\"elementor-toggle-item\">\n<div id=\"elementor-tab-content-1945\" class=\"elementor-tab-content elementor-clearfix elementor-active\" role=\"tabpanel\" data-tab=\"5\" aria-labelledby=\"elementor-tab-title-1945\">\n<p>Caso haja alguma solicita\u00e7\u00e3o de corre\u00e7\u00e3o\/altera\u00e7\u00e3o por parte do tutor, basta entrar em contato conosco pelo\u00a0WhatsApp\u00a0que provid\u00eanciaremos sem custo algum.<\/p>\n<h4>Qual o formato do arquivo?<\/h4>\n<\/div>\n<\/div>\n<div class=\"elementor-toggle-item\">\n<div id=\"elementor-tab-content-1946\" class=\"elementor-tab-content elementor-clearfix elementor-active\" role=\"tabpanel\" data-tab=\"6\" aria-labelledby=\"elementor-tab-title-1946\">\n<p>Os arquivos s\u00e3o enviados em formato Word e s\u00e3o edit\u00e1veis.<\/p>\n<h4>Caso eu tiver alguma d\u00favida, terei suporte no p\u00f3s venda?<\/h4>\n<\/div>\n<\/div>\n<div class=\"elementor-toggle-item\">\n<div id=\"elementor-tab-content-1948\" class=\"elementor-tab-content elementor-clearfix elementor-active\" role=\"tabpanel\" data-tab=\"8\" aria-labelledby=\"elementor-tab-title-1948\">\n<p>Sim, com certeza. Basta clicar no \u00edcone do WhatsApp no cantinho da tela. Ser\u00e1 um prazer atend\u00ea-lo(a).<\/p>\n<div class=\"elementor-toggle-item\">\n<div id=\"elementor-tab-content-1948\" class=\"elementor-tab-content elementor-clearfix elementor-active\" role=\"tabpanel\" data-tab=\"8\" aria-labelledby=\"elementor-tab-title-1948\">\n<h4>Quais os seus canais de contato?<\/h4>\n<\/div>\n<\/div>\n<div class=\"elementor-toggle-item\">\n<div id=\"elementor-tab-content-1949\" class=\"elementor-tab-content elementor-clearfix elementor-active\" role=\"tabpanel\" data-tab=\"9\" aria-labelledby=\"elementor-tab-title-1949\">\n<p>Whatsapp: 53 984751621 \u2013 Clicar no canto da tela ou ESCANEIE O QRCODE ABAIXO<\/p>\n<h4><img decoding=\"async\" class=\"alignnone wp-image-13699 jetpack-lazy-image jetpack-lazy-image--handled\" src=\"https:\/\/i0.wp.com\/portifolioos-prontos.com\/wp-content\/uploads\/2023\/02\/whatsapp-business-projeto-de-extensao-300x300.jpeg?resize=144%2C144\" sizes=\"(max-width: 144px) 100vw, 144px\" srcset=\"https:\/\/i0.wp.com\/portifolioos-prontos.com\/wp-content\/uploads\/2023\/02\/whatsapp-business-projeto-de-extensao.jpeg?resize=300%2C301&amp;ssl=1 300w, https:\/\/i0.wp.com\/portifolioos-prontos.com\/wp-content\/uploads\/2023\/02\/whatsapp-business-projeto-de-extensao.jpeg?resize=150%2C150&amp;ssl=1 150w, https:\/\/i0.wp.com\/portifolioos-prontos.com\/wp-content\/uploads\/2023\/02\/whatsapp-business-projeto-de-extensao.jpeg?resize=370%2C372&amp;ssl=1 370w, https:\/\/i0.wp.com\/portifolioos-prontos.com\/wp-content\/uploads\/2023\/02\/whatsapp-business-projeto-de-extensao.jpeg?resize=100%2C100&amp;ssl=1 100w, https:\/\/i0.wp.com\/portifolioos-prontos.com\/wp-content\/uploads\/2023\/02\/whatsapp-business-projeto-de-extensao.jpeg?w=470&amp;ssl=1 470w\" alt=\"projeto de extens\u00e3o unopar\" width=\"144\" height=\"144\" data-recalc-dims=\"1\" data-lazy-loaded=\"1\" \/><\/h4>\n<\/div>\n<\/div>\n<\/div>\n<\/div>\n<div class=\"elementor-toggle-item\">\n<div id=\"elementor-tab-content-1949\" class=\"elementor-tab-content elementor-clearfix elementor-active\" role=\"tabpanel\" data-tab=\"9\" aria-labelledby=\"elementor-tab-title-1949\">\n<p>E-mail:portifoliosp@gmail.com<\/p>\n<div id=\"attachment_143\" class=\"wp-caption alignnone\">\n<div id=\"attachment_143\" class=\"wp-caption alignnone\" style=\"width: 137px;\">\n<p><a href=\"http:\/\/portifolioos-prontos.com\/\"><img decoding=\"async\" class=\"wp-image-143 jetpack-lazy-image jetpack-lazy-image--handled\" title=\"portfolio pronto unopar\" src=\"https:\/\/i0.wp.com\/portifolioos-prontos.com\/wp-content\/uploads\/2022\/04\/conceitomaximo.png?resize=161%2C46\" alt=\"PORTFOLIO PRONTO UNOPAR ANHANGUERA\" width=\"137\" height=\"39\" aria-describedby=\"caption-attachment-143\" data-lazy-loaded=\"1\" \/><\/a><\/p>\n<p id=\"caption-attachment-143\" class=\"wp-caption-text\">Portf\u00f3lio em Word, respondido, completo e j\u00e1 nas normas.<\/p>\n<\/div>\n<\/div>\n<\/div>\n<\/div>\n","protected":false},"excerpt":{"rendered":"<div class=\"product-short-description\">\n<h5><strong>Pague pelo PIX ou cart\u00e3o e fa\u00e7a o download agora mesmo.<\/strong><\/h5>\n<\/div>\n<div class=\"sticky-add-to-cart-wrapper\">\n<div class=\"sticky-add-to-cart\">\n<div class=\"quantity buttons_added form-flat\"><img decoding=\"async\" class=\"alignnone wp-image-761\" src=\"http:\/\/portifolioos-prontos.com\/wp-content\/uploads\/2022\/04\/PIX-300x107.webp\" alt=\"\" width=\"78\" height=\"28\" \/>\u00a0\u00a0<img loading=\"lazy\" decoding=\"async\" class=\"\" src=\"https:\/\/d26lpennugtm8s.cloudfront.net\/assets\/common\/img\/logos\/payment\/visa@2x.png\" width=\"46\" height=\"29\" \/><img loading=\"lazy\" decoding=\"async\" class=\"\" src=\"https:\/\/d26lpennugtm8s.cloudfront.net\/assets\/common\/img\/logos\/payment\/boleto@2x.png\" width=\"43\" height=\"27\" \/><img loading=\"lazy\" decoding=\"async\" class=\"\" src=\"https:\/\/d26lpennugtm8s.cloudfront.net\/assets\/common\/img\/logos\/payment\/mastercard@2x.png\" width=\"43\" height=\"27\" \/><img loading=\"lazy\" decoding=\"async\" class=\"\" src=\"https:\/\/d26lpennugtm8s.cloudfront.net\/assets\/common\/img\/logos\/payment\/amex@2x.png\" width=\"43\" height=\"27\" \/><img loading=\"lazy\" decoding=\"async\" class=\"\" src=\"https:\/\/d26lpennugtm8s.cloudfront.net\/assets\/common\/img\/logos\/payment\/diners@2x.png\" width=\"46\" height=\"29\" \/><img loading=\"lazy\" decoding=\"async\" class=\"\" src=\"https:\/\/d26lpennugtm8s.cloudfront.net\/assets\/common\/img\/logos\/payment\/br\/elo@2x.png\" width=\"45\" height=\"28\" \/><img loading=\"lazy\" decoding=\"async\" class=\"\" src=\"https:\/\/d26lpennugtm8s.cloudfront.net\/assets\/common\/img\/logos\/payment\/br\/hipercard@2x.png\" width=\"44\" height=\"28\" \/><img loading=\"lazy\" decoding=\"async\" class=\"\" src=\"https:\/\/d26lpennugtm8s.cloudfront.net\/assets\/common\/img\/logos\/payment\/mercadopago@2x.png\" width=\"45\" height=\"28\" \/><\/div>\n<\/div>\n<\/div>\n","protected":false},"featured_media":46289,"template":"","meta":{"_seopress_robots_primary_cat":"none","_seopress_titles_title":"%%post_title%% %%sitetitle%%","_seopress_titles_desc":"%%post_content%%","_seopress_robots_index":""},"product_cat":[35,222,15],"product_tag":[747,746],"class_list":{"0":"post-18818","1":"product","2":"type-product","3":"status-publish","4":"has-post-thumbnail","6":"product_cat-educacao-fisica","7":"product_cat-educacao-fisica-licenciatura","8":"product_cat-uncategorized","9":"product_tag-portfolio-de-estagio-anhanguera","10":"product_tag-portfolio-de-estagio-unopar","12":"first","13":"instock","14":"downloadable","15":"virtual","16":"purchasable","17":"product-type-simple","18":"col-xs-6 col-sm-4","19":"col-mf-5","20":"un-5-cols"},"jetpack_sharing_enabled":true,"_links":{"self":[{"href":"https:\/\/portifolioos-prontos.com\/index.php\/wp-json\/wp\/v2\/product\/18818","targetHints":{"allow":["GET"]}}],"collection":[{"href":"https:\/\/portifolioos-prontos.com\/index.php\/wp-json\/wp\/v2\/product"}],"about":[{"href":"https:\/\/portifolioos-prontos.com\/index.php\/wp-json\/wp\/v2\/types\/product"}],"version-history":[{"count":3,"href":"https:\/\/portifolioos-prontos.com\/index.php\/wp-json\/wp\/v2\/product\/18818\/revisions"}],"predecessor-version":[{"id":45219,"href":"https:\/\/portifolioos-prontos.com\/index.php\/wp-json\/wp\/v2\/product\/18818\/revisions\/45219"}],"wp:featuredmedia":[{"embeddable":true,"href":"https:\/\/portifolioos-prontos.com\/index.php\/wp-json\/wp\/v2\/media\/46289"}],"wp:attachment":[{"href":"https:\/\/portifolioos-prontos.com\/index.php\/wp-json\/wp\/v2\/media?parent=18818"}],"wp:term":[{"taxonomy":"product_cat","embeddable":true,"href":"https:\/\/portifolioos-prontos.com\/index.php\/wp-json\/wp\/v2\/product_cat?post=18818"},{"taxonomy":"product_tag","embeddable":true,"href":"https:\/\/portifolioos-prontos.com\/index.php\/wp-json\/wp\/v2\/product_tag?post=18818"}],"curies":[{"name":"wp","href":"https:\/\/api.w.org\/{rel}","templated":true}]}}