{"id":18821,"date":"2023-08-02T19:23:26","date_gmt":"2023-08-02T22:23:26","guid":{"rendered":"https:\/\/portifolioos-prontos.com\/?post_type=product&#038;p=18821"},"modified":"2023-10-22T12:59:28","modified_gmt":"2023-10-22T15:59:28","slug":"roteiro-aula-pratica-protecao-radiologica","status":"publish","type":"product","link":"https:\/\/portifolioos-prontos.com\/index.php\/product\/roteiro-aula-pratica-protecao-radiologica\/","title":{"rendered":"Roteiro Aula Pr\u00e1tica Prote\u00e7\u00e3o Radiol\u00f3gica"},"content":{"rendered":"<p><strong>Roteiro aula pr\u00e1tica Prote\u00e7\u00e3o Radiol\u00f3gica<\/strong><\/p>\n<p>ROTEIRO DE AULA PR\u00c1TICA<br \/>\nNOME DA DISCIPLINA: Prote\u00e7\u00e3o Radiol\u00f3gica<br \/>\nOBJETIVOS<br \/>\nDefini\u00e7\u00e3o dos objetivos da aula pr\u00e1tica:<br \/>\nA proposta desta atividade est\u00e1 amparada nos seguintes objetivos:<br \/>\n\u2713 Conhecer os princ\u00edpios e import\u00e2ncia da Radioprote\u00e7\u00e3o<br \/>\n\u2713 Conhecer os EPI\u2019s utilizados na Radioprote\u00e7\u00e3o individual<br \/>\nINFRAESTRUTURA<br \/>\nInstala\u00e7\u00f5es:<br \/>\nComputador com acesso a internet<br \/>\nMateriais de consumo:<br \/>\nDescri\u00e7\u00e3o<br \/>\nQuantid. de materiais por<br \/>\nprocedimento\/atividade<br \/>\nNSA<br \/>\nSoftware:<br \/>\nSim ( ) N\u00e3o ( X )<br \/>\nEm caso afirmativo, qual?<br \/>\nPago ( ) N\u00e3o Pago ( X )<br \/>\nTipo de Licen\u00e7a: NSA.<br \/>\nDescri\u00e7\u00e3o do software:<br \/>\nNSA<br \/>\nEquipamento de Prote\u00e7\u00e3o Individual (EPI):<br \/>\nNSA<br \/>\nPROCEDIMENTOS PR\u00c1TICOS<br \/>\n3<br \/>\nProcedimento\/Atividade N\u00ba 1<br \/>\nAtividade proposta:<br \/>\nConhecer os princ\u00edpios e import\u00e2ncia da prote\u00e7\u00e3o radiol\u00f3gica, al\u00e9m de saber identificar todos os<br \/>\ntipos de equipamentos que fazem parte do setor de radiodiagn\u00f3stico.<br \/>\nProcedimentos para a realiza\u00e7\u00e3o da atividade:<br \/>\n1. A resolu\u00e7\u00e3o RDC N\u00b0 611, publicada em mar\u00e7o de 2022, estabelece os requisitos sanit\u00e1rios<br \/>\npara a organiza\u00e7\u00e3o e o funcionamento de servi\u00e7os de radiologia diagn\u00f3stica ou<br \/>\nintervencionista e regulamenta o controle das exposi\u00e7\u00f5es m\u00e9dicas, ocupacionais e do<br \/>\np\u00fablico decorrentes do uso de tecnologias radiol\u00f3gicas diagn\u00f3sticas ou intervencionistas.<br \/>\nFa\u00e7a a leitura da Resolu\u00e7\u00e3o RDC n\u00b0611, dispon\u00edvel no link<br \/>\n(https:\/\/www.in.gov.br\/en\/web\/dou\/-\/resolucao-rdc-n-611-de-9-de-marco-de-2022-86107075)<br \/>\ne responda \u00e0s seguintes perguntas:<br \/>\na) O que \u00e9 o programa de prote\u00e7\u00e3o radiol\u00f3gica?<br \/>\nb) Quais s\u00e3o os princ\u00edpios gerais da prote\u00e7\u00e3o radiol\u00f3gica?<br \/>\nc) Quais as medidas de preven\u00e7\u00e3o em prote\u00e7\u00e3o radiol\u00f3gica?<br \/>\n2. Todos os procedimentos realizados em servi\u00e7os de radiologia diagn\u00f3stica ou<br \/>\nintervencionista devem observar os princ\u00edpios gerais da prote\u00e7\u00e3o radiol\u00f3gica. Descreva os<br \/>\nprinc\u00edpios no qual a prote\u00e7\u00e3o radiol\u00f3gica se baseia.<br \/>\n3. Quando exposto \u00e0 radia\u00e7\u00e3o, o corpo humano pode desenvolver uma variedade de efeitos<br \/>\nnegativos a partir dessa intera\u00e7\u00e3o. Esses efeitos variam e dependem de fatores como a<br \/>\ndose de radia\u00e7\u00e3o e o tempo que uma pessoa fica exposta a ela.<br \/>\na) Descreva dose efetiva e dose equivalente.<br \/>\nb) Descreva os limites de doses anuais.<br \/>\nc) Descreva o que \u00e9 \u201cC\u00e1lculo de blindagens\u201d.<br \/>\n4. Fa\u00e7a a leitura do artigo \u201cEfeitos biol\u00f3gicos das radia\u00e7\u00f5es ionizantes. Acidente radiol\u00f3gico<br \/>\nde Goi\u00e2nia.\u201d Dispon\u00edvel no link:<br \/>\nhttps:\/\/www.scielo.br\/j\/ea\/a\/xzD9Dgv8GPFtHkxkfbQsn4f\/?format=pdf&#038;lang=pt<br \/>\nResponda:<br \/>\na) Quais os mecanismos de a\u00e7\u00e3o da radia\u00e7\u00e3o ionizante?<br \/>\nb) Quanto \u00e0 natureza, os efeitos podem ser classificados de duas formas.<br \/>\nDiferencie-os<a href=\"http:\/\/eadcolaborar.com\/\">.<\/a><br \/>\n4<br \/>\n5. Analise as imagens abaixo e descreva nome do equipamento de prote\u00e7\u00e3o e para que ele<br \/>\nserve:<br \/>\na) b)<br \/>\nb)<br \/>\nc)<br \/>\nd)<br \/>\n5<br \/>\ne)<br \/>\nf)<br \/>\n6. Essa tarefa final \u00e9 uma atividade interativa de conhecimento adquirido no decorrer do<br \/>\nestudo desse roteiro de pr\u00e1tica, acesse o link ou o QRcode e divirta-se:<br \/>\n<iframe class=\"wp-embedded-content\" title=\"Prote\u00e7\u00e3o Radiol\u00f3gica\" src=\"https:\/\/wordwall.net\/embed\/813208ccc27040e8b5ec21885fc171b1?themeId=0&amp;ref=oembed#?secret=5oJbT4dlqW\" width=\"500\" height=\"380\" frameborder=\"0\" sandbox=\"allow-scripts\" data-secret=\"5oJbT4dlqW\" data-mce-fragment=\"1\"><\/iframe><\/p>\n<p>Roteiro Aula Pr\u00e1tica Prote\u00e7\u00e3o Radiol\u00f3gica<\/p>\n<p>Checklist:<br \/>\nAs tarefas foram conclu\u00eddas com \u00eaxito?<br \/>\nVoc\u00ea foi capaz de conhecer os equipamentos de radioprote\u00e7\u00e3o individual e coletiva?<br \/>\nVoc\u00ea foi capaz de entender as normas e a import\u00e2ncia da radioprote\u00e7\u00e3o?<br \/>\n6<br \/>\nRESULTADOS<br \/>\nResultados da aula pr\u00e1tica:<br \/>\nOrienta\u00e7\u00f5es para o envio da atividade:<br \/>\n\u2713 O resultado de aprendizagem da aula pr\u00e1tica dever\u00e1 ser registrado em forma de um<br \/>\nrelat\u00f3rio descritivo que dever\u00e1 ser postado em seu ambiente virtual.<br \/>\n\u2713 A postagem do arquivo final deve ser em um \u00fanico arquivo, formato DOC (Word ou editor<br \/>\nde textos);<br \/>\n\u2713 Responda detalhadamente as quest\u00f5es propostas na Atividade 1.<br \/>\n\u2713 O sistema ir\u00e1 arquivar e disponibilizar para corre\u00e7\u00e3o apenas o \u00faltimo trabalho<br \/>\nencaminhado, caso voc\u00ea encaminhe um novo arquivo, ele ir\u00e1 sobrepor e apagar o arquivo<br \/>\nencaminhado anteriormente;<br \/>\n\u2713 Voc\u00ea dever\u00e1 postar o trabalho finalizado no AVA, o que dever\u00e1 ser feito na pasta espec\u00edfica,<br \/>\nobedecendo ao prazo limite de postagem, conforme disposto no cronograma do curso.<br \/>\n\u2713 N\u00e3o existe prorroga\u00e7\u00e3o para a postagem da atividade;<br \/>\n\u2713 O trabalho ser\u00e1 realizado individualmente.<br \/>\nN\u00e3o deixe de participar de todas as tarefas! Elas ser\u00e3o determinantes para o aprendizado das<br \/>\nt\u00e9cnicas.<\/p>\n<div class=\"elementor-toggle-item\">\n<h4 id=\"elementor-tab-title-1941\" class=\"elementor-tab-title elementor-active\" tabindex=\"0\" role=\"tab\" data-tab=\"1\" aria-controls=\"elementor-tab-content-1941\" aria-expanded=\"true\" aria-selected=\"true\">Como funciona?<\/h4>\n<div id=\"elementor-tab-content-1941\" class=\"elementor-tab-content elementor-clearfix elementor-active\" role=\"tabpanel\" data-tab=\"1\" aria-labelledby=\"elementor-tab-title-1941\">\n<p>Elaboramos os portf\u00f3lios, j\u00e1 deixamos prontos, nas normas da ABNT e conforme os requisitos da universidade. F\u00e1cil assim! O MELHOR \u00c9 QUE VOC\u00ca COMPRA E J\u00c1 BAIXA NA HORA O SEU ARQUIVO EM WORD! Sabemos que conciliar trabalho, fam\u00edlia, vida profissional e estudos \u00e9 dif\u00edcil hoje em dia, por isso, estamos aqui para ajudar voc\u00ea. Conte com nossa qualidade, experi\u00eancia e profissionalismo adquirindo seu portf\u00f3lio conosco. GARANTIMOS SEU CONCEITO!<\/p>\n<h4>Como se realizam os envios?<\/h4>\n<\/div>\n<\/div>\n<div class=\"elementor-toggle-item\">\n<div id=\"elementor-tab-content-1942\" class=\"elementor-tab-content elementor-clearfix elementor-active\" role=\"tabpanel\" data-tab=\"2\" aria-labelledby=\"elementor-tab-title-1942\">O seu trabalho \u00e9 disponibilizado pronto, respondido e nas normas j\u00e1 na mesma hora aqui em nosso site na sua \u00e1rea de downloads e tamb\u00e9m no seu e-mail.<\/div>\n<\/div>\n<div class=\"elementor-toggle-item\">\n<div id=\"elementor-tab-content-1943\" class=\"elementor-tab-content elementor-clearfix elementor-active\" role=\"tabpanel\" data-tab=\"3\" aria-labelledby=\"elementor-tab-title-1943\">\n<h4>Em quanto tempo recebo o portf\u00f3lio?<\/h4>\n<\/div>\n<\/div>\n<div class=\"elementor-toggle-item\">\n<div id=\"elementor-tab-content-1944\" class=\"elementor-tab-content elementor-clearfix elementor-active\" role=\"tabpanel\" data-tab=\"4\" aria-labelledby=\"elementor-tab-title-1944\">\n<p>Os envios s\u00e3o imediatos. Ap\u00f3s sua compra, o trabalho j\u00e1 \u00e9 disponibilizado instantaneamente aqui em nosso site e no seu e-mail.<\/p>\n<h4>E se o portf\u00f3lio que comprei precisar de corre\u00e7\u00e3o?<\/h4>\n<\/div>\n<\/div>\n<div class=\"elementor-toggle-item\">\n<div id=\"elementor-tab-content-1945\" class=\"elementor-tab-content elementor-clearfix elementor-active\" role=\"tabpanel\" data-tab=\"5\" aria-labelledby=\"elementor-tab-title-1945\">\n<p>Caso haja alguma solicita\u00e7\u00e3o de corre\u00e7\u00e3o\/altera\u00e7\u00e3o por parte do tutor, basta entrar em contato conosco pelo\u00a0WhatsApp\u00a0que provid\u00eanciaremos sem custo algum.<\/p>\n<h4>Qual o formato do arquivo?<\/h4>\n<\/div>\n<\/div>\n<div class=\"elementor-toggle-item\">\n<div id=\"elementor-tab-content-1946\" class=\"elementor-tab-content elementor-clearfix elementor-active\" role=\"tabpanel\" data-tab=\"6\" aria-labelledby=\"elementor-tab-title-1946\">\n<p>Os arquivos s\u00e3o enviados em formato Word e s\u00e3o edit\u00e1veis.<\/p>\n<h4>Caso eu tiver alguma d\u00favida, terei suporte no p\u00f3s venda?<\/h4>\n<\/div>\n<\/div>\n<div class=\"elementor-toggle-item\">\n<div id=\"elementor-tab-content-1948\" class=\"elementor-tab-content elementor-clearfix elementor-active\" role=\"tabpanel\" data-tab=\"8\" aria-labelledby=\"elementor-tab-title-1948\">\n<p>Sim, com certeza. Basta clicar no \u00edcone do WhatsApp no cantinho da tela. Ser\u00e1 um prazer atend\u00ea-lo(a).<\/p>\n<div class=\"elementor-toggle-item\">\n<div id=\"elementor-tab-content-1948\" class=\"elementor-tab-content elementor-clearfix elementor-active\" role=\"tabpanel\" data-tab=\"8\" aria-labelledby=\"elementor-tab-title-1948\">\n<h4>Quais os seus canais de contato?<\/h4>\n<\/div>\n<\/div>\n<div class=\"elementor-toggle-item\">\n<div id=\"elementor-tab-content-1949\" class=\"elementor-tab-content elementor-clearfix elementor-active\" role=\"tabpanel\" data-tab=\"9\" aria-labelledby=\"elementor-tab-title-1949\">\n<p>Whatsapp: 53 984751621 \u2013 Clicar no canto da tela ou ESCANEIE O QRCODE ABAIXO<\/p>\n<h4><img decoding=\"async\" class=\"alignnone wp-image-13699 jetpack-lazy-image jetpack-lazy-image--handled\" src=\"https:\/\/i0.wp.com\/portifolioos-prontos.com\/wp-content\/uploads\/2023\/02\/whatsapp-business-projeto-de-extensao-300x300.jpeg?resize=144%2C144\" sizes=\"(max-width: 144px) 100vw, 144px\" srcset=\"https:\/\/i0.wp.com\/portifolioos-prontos.com\/wp-content\/uploads\/2023\/02\/whatsapp-business-projeto-de-extensao.jpeg?resize=300%2C301&amp;ssl=1 300w, https:\/\/i0.wp.com\/portifolioos-prontos.com\/wp-content\/uploads\/2023\/02\/whatsapp-business-projeto-de-extensao.jpeg?resize=150%2C150&amp;ssl=1 150w, https:\/\/i0.wp.com\/portifolioos-prontos.com\/wp-content\/uploads\/2023\/02\/whatsapp-business-projeto-de-extensao.jpeg?resize=370%2C372&amp;ssl=1 370w, https:\/\/i0.wp.com\/portifolioos-prontos.com\/wp-content\/uploads\/2023\/02\/whatsapp-business-projeto-de-extensao.jpeg?resize=100%2C100&amp;ssl=1 100w, https:\/\/i0.wp.com\/portifolioos-prontos.com\/wp-content\/uploads\/2023\/02\/whatsapp-business-projeto-de-extensao.jpeg?w=470&amp;ssl=1 470w\" alt=\"projeto de extens\u00e3o unopar\" width=\"144\" height=\"144\" data-recalc-dims=\"1\" data-lazy-loaded=\"1\" \/><\/h4>\n<\/div>\n<\/div>\n<\/div>\n<\/div>\n<div class=\"elementor-toggle-item\">\n<div id=\"elementor-tab-content-1949\" class=\"elementor-tab-content elementor-clearfix elementor-active\" role=\"tabpanel\" data-tab=\"9\" aria-labelledby=\"elementor-tab-title-1949\">\n<p>E-mail:portifoliosp@gmail.com<\/p>\n<div id=\"attachment_143\" class=\"wp-caption alignnone\">\n<div id=\"attachment_143\" class=\"wp-caption alignnone\" style=\"width: 133px;\">\n<p><a href=\"http:\/\/portifolioos-prontos.com\/\"><img decoding=\"async\" class=\"wp-image-143 jetpack-lazy-image jetpack-lazy-image--handled\" title=\"portfolio pronto unopar\" src=\"https:\/\/i0.wp.com\/portifolioos-prontos.com\/wp-content\/uploads\/2022\/04\/conceitomaximo.png?resize=161%2C46\" alt=\"PORTFOLIO PRONTO UNOPAR ANHANGUERA\" width=\"133\" height=\"38\" aria-describedby=\"caption-attachment-143\" data-lazy-loaded=\"1\" \/><\/a><\/p>\n<p id=\"caption-attachment-143\" class=\"wp-caption-text\">Portf\u00f3lio em Word, respondido, completo e j\u00e1 nas normas.<\/p>\n<\/div>\n<\/div>\n<\/div>\n<\/div>\n","protected":false},"excerpt":{"rendered":"<div class=\"product-short-description\">\n<h5><strong>Pague pelo PIX ou cart\u00e3o e fa\u00e7a o download agora mesmo.<\/strong><\/h5>\n<\/div>\n<div class=\"sticky-add-to-cart-wrapper\">\n<div class=\"sticky-add-to-cart\">\n<div class=\"quantity buttons_added form-flat\"><img decoding=\"async\" class=\"alignnone wp-image-761\" src=\"http:\/\/portifolioos-prontos.com\/wp-content\/uploads\/2022\/04\/PIX-300x107.webp\" alt=\"\" width=\"78\" height=\"28\" \/>\u00a0\u00a0<img loading=\"lazy\" decoding=\"async\" class=\"\" src=\"https:\/\/d26lpennugtm8s.cloudfront.net\/assets\/common\/img\/logos\/payment\/visa@2x.png\" width=\"46\" height=\"29\" \/><img loading=\"lazy\" decoding=\"async\" class=\"\" src=\"https:\/\/d26lpennugtm8s.cloudfront.net\/assets\/common\/img\/logos\/payment\/boleto@2x.png\" width=\"43\" height=\"27\" \/><img loading=\"lazy\" decoding=\"async\" class=\"\" src=\"https:\/\/d26lpennugtm8s.cloudfront.net\/assets\/common\/img\/logos\/payment\/mastercard@2x.png\" width=\"43\" height=\"27\" \/><img loading=\"lazy\" decoding=\"async\" class=\"\" src=\"https:\/\/d26lpennugtm8s.cloudfront.net\/assets\/common\/img\/logos\/payment\/amex@2x.png\" width=\"43\" height=\"27\" \/><img loading=\"lazy\" decoding=\"async\" class=\"\" src=\"https:\/\/d26lpennugtm8s.cloudfront.net\/assets\/common\/img\/logos\/payment\/diners@2x.png\" width=\"46\" height=\"29\" \/><img loading=\"lazy\" decoding=\"async\" class=\"\" src=\"https:\/\/d26lpennugtm8s.cloudfront.net\/assets\/common\/img\/logos\/payment\/br\/elo@2x.png\" width=\"45\" height=\"28\" \/><img loading=\"lazy\" decoding=\"async\" class=\"\" src=\"https:\/\/d26lpennugtm8s.cloudfront.net\/assets\/common\/img\/logos\/payment\/br\/hipercard@2x.png\" width=\"44\" height=\"28\" \/><img loading=\"lazy\" decoding=\"async\" class=\"\" src=\"https:\/\/d26lpennugtm8s.cloudfront.net\/assets\/common\/img\/logos\/payment\/mercadopago@2x.png\" width=\"45\" height=\"28\" \/><\/div>\n<\/div>\n<\/div>\n","protected":false},"featured_media":18823,"template":"","meta":{"_seopress_robots_primary_cat":"none","_seopress_titles_title":"%%post_title%% %%sitetitle%%","_seopress_titles_desc":"%%post_content%%","_seopress_robots_index":""},"product_cat":[67,15],"product_tag":[],"class_list":{"0":"post-18821","1":"product","2":"type-product","3":"status-publish","4":"has-post-thumbnail","6":"product_cat-radiologia","7":"product_cat-uncategorized","9":"first","10":"instock","11":"downloadable","12":"virtual","13":"purchasable","14":"product-type-simple","15":"col-xs-6 col-sm-4","16":"col-mf-5","17":"un-5-cols"},"jetpack_sharing_enabled":true,"_links":{"self":[{"href":"https:\/\/portifolioos-prontos.com\/index.php\/wp-json\/wp\/v2\/product\/18821","targetHints":{"allow":["GET"]}}],"collection":[{"href":"https:\/\/portifolioos-prontos.com\/index.php\/wp-json\/wp\/v2\/product"}],"about":[{"href":"https:\/\/portifolioos-prontos.com\/index.php\/wp-json\/wp\/v2\/types\/product"}],"version-history":[{"count":0,"href":"https:\/\/portifolioos-prontos.com\/index.php\/wp-json\/wp\/v2\/product\/18821\/revisions"}],"wp:featuredmedia":[{"embeddable":true,"href":"https:\/\/portifolioos-prontos.com\/index.php\/wp-json\/wp\/v2\/media\/18823"}],"wp:attachment":[{"href":"https:\/\/portifolioos-prontos.com\/index.php\/wp-json\/wp\/v2\/media?parent=18821"}],"wp:term":[{"taxonomy":"product_cat","embeddable":true,"href":"https:\/\/portifolioos-prontos.com\/index.php\/wp-json\/wp\/v2\/product_cat?post=18821"},{"taxonomy":"product_tag","embeddable":true,"href":"https:\/\/portifolioos-prontos.com\/index.php\/wp-json\/wp\/v2\/product_tag?post=18821"}],"curies":[{"name":"wp","href":"https:\/\/api.w.org\/{rel}","templated":true}]}}