{"id":18832,"date":"2023-08-02T19:36:21","date_gmt":"2023-08-02T22:36:21","guid":{"rendered":"https:\/\/portifolioos-prontos.com\/?post_type=product&#038;p=18832"},"modified":"2023-10-22T12:58:50","modified_gmt":"2023-10-22T15:58:50","slug":"roteiro-aula-pratica-medicina-nuclear-e-radioterapia","status":"publish","type":"product","link":"https:\/\/portifolioos-prontos.com\/index.php\/product\/roteiro-aula-pratica-medicina-nuclear-e-radioterapia\/","title":{"rendered":"Roteiro Aula Pr\u00e1tica Medicina Nuclear e Radioterapia"},"content":{"rendered":"<h4>Roteiro Aula Pr\u00e1tica Medicina Nuclear e Radioterapia<\/h4>\n<p>ROTEIRO DE AULA PR\u00c1TICA<br \/>\nNOME DA DISCIPLINA:\u00a0Medicina Nuclear e Radioterapia<br \/>\nOBJETIVOS<br \/>\nDefini\u00e7\u00e3o dos objetivos da aula pr\u00e1tica:<br \/>\nA proposta desta atividade pr\u00e1tica est\u00e1 amparada nos seguintes objetivos:<br \/>\n\u2022 Conhecer os principais radiof\u00e1rmacos utilizados na medicina nuclear.<br \/>\n\u2022 Conhecer os aparelhos e acess\u00f3rios, os conceitos de aplica\u00e7\u00e3o, tipo de radia\u00e7\u00e3o utilizados<br \/>\nna medicina nuclear.<br \/>\nINFRAESTRUTURA<br \/>\nInstala\u00e7\u00f5es:<br \/>\nComputador com acesso \u00e0 internet<br \/>\nMateriais de consumo:<br \/>\nDescri\u00e7\u00e3o<br \/>\nQuantid. de materiais por<br \/>\nprocedimento\/atividade<br \/>\nN\u00e3o se aplica<br \/>\nSoftware:<br \/>\nSim ( ) N\u00e3o ( X )<br \/>\nEm caso afirmativo, qual?<br \/>\nPago ( ) N\u00e3o Pago ( X )<br \/>\nTipo de Licen\u00e7a: NSA.<br \/>\nDescri\u00e7\u00e3o do software:<br \/>\nNSA<br \/>\nEquipamento de Prote\u00e7\u00e3o Individual (EPI):<br \/>\nNSA.3<\/p>\n<p>Aula Pr\u00e1tica Medicina Nuclear e Radioterapia<br \/>\nPROCEDIMENTOS PR\u00c1TICOS<br \/>\nProcedimento\/Atividade N\u00ba 1<br \/>\nAtividade proposta:<br \/>\nConhecer o processo de marca\u00e7\u00e3o e controle de qualidade do radiof\u00e1rmaco utilizado na medicina<br \/>\nnuclear.<br \/>\nProcedimentos para a realiza\u00e7\u00e3o da atividade:<br \/>\nA ANVISA defini radiof\u00e1rmacos como prepara\u00e7\u00f5es farmac\u00eauticas com finalidades diagn\u00f3sticas e<br \/>\nterap\u00eauticas que, quando prontas para uso, cont\u00eam um ou mais radionucl\u00eddeo.<\/p>\n<p><img fetchpriority=\"high\" decoding=\"async\" class=\"alignnone size-full wp-image-3240\" src=\"https:\/\/mundodosportfolios.com\/wp-content\/uploads\/2023\/08\/Medicina-Nuclear-e-Radioterapia.jpg\" alt=\"Roteiro Aula Pr\u00e1tica Medicina Nuclear e Radioterapia,Portf\u00f3lio Roteiro Aula Pr\u00e1tica Medicina Nuclear e Radioterapia,Portfolio Roteiro Aula Pr\u00e1tica Medicina Nuclear e Radioterapia\" width=\"413\" height=\"346\" \/><br \/>\nFonte: Qu\u00edmica \u2013 Prof. Paulo Silva: RADIOIS\u00d3TOPOS NA MEDICINA (quimica-dicas.blogspot.com)<br \/>\nA maioria deles \u00e9 formada pela combina\u00e7\u00e3o de um componente radioativo (radionucl\u00eddeo) e um<br \/>\ncomponente qu\u00edmico (ligante org\u00e2nico), que \u00e9 respons\u00e1vel pelo direcionamento do radiof\u00e1rmaco<br \/>\nno organismo.<br \/>\n1. Para nossa primeira atividade, vamos nos aprofundar nos conhecimentos de alguns<br \/>\nradiof\u00e1rmacos e entender e compreender suas finalidades e objetivos esperados ap\u00f3s sua<br \/>\naplica\u00e7\u00e3o:<br \/>\na. Descreva como \u00e9 realizado a marca\u00e7\u00e3o do radiof\u00e1rmaco Sestamibi, qual o radionucl\u00eddeo<br \/>\nutilizado, quais os exames de medicina nuclear este radiof\u00e1rmaco pode ser utilizado e<br \/>\ncomo este radiof\u00e1rmaco interage dentro do organismo humano.4<br \/>\nO controle de qualidade dos radiof\u00e1rmacos \u00e9 um processo de garantia de qualidade obrigat\u00f3rio em<br \/>\ntodos os servi\u00e7os de medicina nuclear de modo atender a resolu\u00e7\u00e3o da Ag\u00eancia Nacional de<br \/>\nVigil\u00e2ncia Sanit\u00e1ria (ANVISA) e tem a fun\u00e7\u00e3o de garantir sua aplica\u00e7\u00e3o aos pacientes. Os controles<br \/>\nde qualidade se dividem em duas categorias:<br \/>\n\u2022 Teste f\u00edsico-qu\u00edmico<br \/>\n\u2022 Teste biol\u00f3gico<br \/>\n2. Com base nas informa\u00e7\u00f5es descrita acima descreva o processo de passo a passo do<br \/>\ncontrole de qualidade e qual a import\u00e2ncia de realizar do Sestamibi ap\u00f3s sua marca\u00e7\u00e3o e<br \/>\nque garante sua aplicabilidade aos pacientes antes da realiza\u00e7\u00e3o dos exames.<br \/>\nProcedimento\/Atividade N\u00ba 2<br \/>\nAtividade proposta:<br \/>\nConhecer a diferen\u00e7a de tratamentos utilizados na radioterapia.<br \/>\nA radioterapia serve para diminuir a taxa de multiplica\u00e7\u00e3o das c\u00e9lulas cancer\u00edgenas, podendo ser<br \/>\nusada para tratar ou controlar o crescimento de tumores benignos ou malignos, podendo ser<br \/>\nutilizada antes, durante ou ap\u00f3s o tratamento com cirurgia ou quimioterapia.<br \/>\nO n\u00famero de aplica\u00e7\u00f5es necess\u00e1rias pode variar de acordo com a extens\u00e3o e a localiza\u00e7\u00e3o do<br \/>\ntumor, dos resultados dos exames e do estado de sa\u00fade do paciente.<br \/>\nDe acordo com a localiza\u00e7\u00e3o do tumor, a radioterapia pode ser realizada de duas formas.<\/p>\n<p><img decoding=\"async\" class=\"alignnone size-full wp-image-3241\" src=\"https:\/\/mundodosportfolios.com\/wp-content\/uploads\/2023\/08\/Radiologia-Mundos-dos-Portfolios.jpg\" alt=\"Roteiro Aula Pr\u00e1tica Medicina Nuclear e Radioterapia,Portf\u00f3lio Roteiro Aula Pr\u00e1tica Medicina Nuclear e Radioterapia,Portfolio Roteiro Aula Pr\u00e1tica Medicina Nuclear e Radioterapia\" width=\"360\" height=\"244\" \/><br \/>\nFonte: radioterapia-radioter\u00e1pico-radiof\u00e1rmacos-radiodiagn\u00f3stico-medicina-nuclear-2.png (850\u00d7568)<br \/>\n(ibapcursos.com.br)<\/p>\n<p><img decoding=\"async\" class=\"alignnone size-full wp-image-3242\" src=\"https:\/\/mundodosportfolios.com\/wp-content\/uploads\/2023\/08\/Atividade-Radiologia.jpg\" alt=\"Roteiro Aula Pr\u00e1tica Medicina Nuclear e Radioterapia,Portf\u00f3lio Roteiro Aula Pr\u00e1tica Medicina Nuclear e Radioterapia,Portfolio Roteiro Aula Pr\u00e1tica Medicina Nuclear e Radioterapia\" width=\"290\" height=\"252\" \/><br \/>\nFonte: Braquiterapia, m\u00e9todo para tratar c\u00e1ncer que reduce efectos secundarios | PortalPolitico.tv<br \/>\n3. Para a nossa pr\u00f3xima atividade e com base nas informa\u00e7\u00f5es acima descreva:<br \/>\na) Quais modalidades de radioterapia encontramos hoje?<br \/>\nb) Quais aparelhos s\u00e3o oferecidos para tratamento?<br \/>\nc) Com base nas pesquisas da primeira quest\u00e3o indique quais s\u00e3o as etapas de<br \/>\ntratamento das duas modalidades pesquisadas principais aplicabilidades e o<br \/>\nprotocolo de tratamento.<br \/>\nd) Com uma rotina t\u00e3o atribulada e sempre t\u00e3o corrida, o ser humano tem sido alvo de<br \/>\nmuitas doen\u00e7as e o c\u00e2ncer est\u00e1 entre os mais frequentes. Indique quais s\u00e3o os<br \/>\nprincipais canceres que acometem o homem e a mulher<br \/>\nChecklist:<br \/>\nAs tarefas foram conclu\u00eddas com \u00eaxito?<br \/>\nVoc\u00ea foi capaz de realizar a atividade proposta de medicina nuclear?<br \/>\nVoc\u00ea foi capaz de compreender a import\u00e2ncia do controle de qualidade do radiof\u00e1rmaco?<br \/>\nVoc\u00ea foi capaz de compreender a diferen\u00e7a dos m\u00e9todos de tratamentos na radioterapia?<br \/>\nVoc\u00ea conseguiu compreender a diferen\u00e7a entre os aparelhos de radioterapia?<br \/>\nRESULTADOS<br \/>\nResultados da\u00a0aula pr\u00e1tica:<br \/>\nOrienta\u00e7\u00f5es para o envio da atividade:6<br \/>\n\u2022 O resultado de aprendizagem da aula pr\u00e1tica dever\u00e1 ser registrado em forma de um<br \/>\nrelat\u00f3rio descritivo que dever\u00e1 ser postado em seu ambiente virtual.<br \/>\n\u2022 A postagem do arquivo final deve ser em um \u00fanico arquivo, formato DOC (Word ou<br \/>\neditor de textos);<br \/>\n\u2022 Responda detalhadamente as quest\u00f5es propostas na Atividade 1 e 2.<br \/>\n\u2022 O sistema ir\u00e1 arquivar e disponibilizar para corre\u00e7\u00e3o apenas o \u00faltimo trabalho<br \/>\nencaminhado, caso voc\u00ea encaminhe um novo arquivo, ele ir\u00e1 sobrepor e apagar o arquivo<br \/>\nencaminhado anteriormente;<br \/>\n\u2022 Voc\u00ea dever\u00e1 postar o trabalho finalizado no AVA, o que dever\u00e1 ser feito na pasta<br \/>\nespec\u00edfica, obedecendo ao prazo limite de postagem, conforme disposto no cronograma<br \/>\ndo curso.<br \/>\n\u2022 N\u00e3o existe prorroga\u00e7\u00e3o para a postagem da atividade;<br \/>\n\u2022 O trabalho ser\u00e1 realizado individualmente.<br \/>\nN\u00e3o deixe de participar de todas as tarefas! Elas ser\u00e3o determinantes para o aprendizado das<br \/>\nt\u00e9cnicas.<br \/>\nBons estudos!<\/p>\n<div class=\"elementor-toggle-item\">\n<h4 id=\"elementor-tab-title-1941\" class=\"elementor-tab-title elementor-active\" tabindex=\"0\" role=\"tab\" data-tab=\"1\" aria-controls=\"elementor-tab-content-1941\" aria-expanded=\"true\" aria-selected=\"true\">Como funciona?<\/h4>\n<div id=\"elementor-tab-content-1941\" class=\"elementor-tab-content elementor-clearfix elementor-active\" role=\"tabpanel\" data-tab=\"1\" aria-labelledby=\"elementor-tab-title-1941\">\n<p>Elaboramos os portf\u00f3lios, j\u00e1 deixamos prontos, nas normas da ABNT e conforme os requisitos da universidade. F\u00e1cil assim! O MELHOR \u00c9 QUE VOC\u00ca COMPRA E J\u00c1 BAIXA NA HORA O SEU ARQUIVO EM WORD! Sabemos que conciliar trabalho, fam\u00edlia, vida profissional e estudos \u00e9 dif\u00edcil hoje em dia, por isso, estamos aqui para ajudar voc\u00ea. Conte com nossa qualidade, experi\u00eancia e profissionalismo adquirindo seu portf\u00f3lio conosco. GARANTIMOS SEU CONCEITO!<\/p>\n<h4>Como se realizam os envios?<\/h4>\n<\/div>\n<\/div>\n<div class=\"elementor-toggle-item\">\n<div id=\"elementor-tab-content-1942\" class=\"elementor-tab-content elementor-clearfix elementor-active\" role=\"tabpanel\" data-tab=\"2\" aria-labelledby=\"elementor-tab-title-1942\">O seu trabalho \u00e9 disponibilizado pronto, respondido e nas normas j\u00e1 na mesma hora aqui em nosso site na sua \u00e1rea de downloads e tamb\u00e9m no seu e-mail.<\/div>\n<\/div>\n<div class=\"elementor-toggle-item\">\n<div id=\"elementor-tab-content-1943\" class=\"elementor-tab-content elementor-clearfix elementor-active\" role=\"tabpanel\" data-tab=\"3\" aria-labelledby=\"elementor-tab-title-1943\">\n<h4>Em quanto tempo recebo o portf\u00f3lio?<\/h4>\n<\/div>\n<\/div>\n<div class=\"elementor-toggle-item\">\n<div id=\"elementor-tab-content-1944\" class=\"elementor-tab-content elementor-clearfix elementor-active\" role=\"tabpanel\" data-tab=\"4\" aria-labelledby=\"elementor-tab-title-1944\">\n<p>Os envios s\u00e3o imediatos. Ap\u00f3s sua compra, o trabalho j\u00e1 \u00e9 disponibilizado instantaneamente aqui em nosso site e no seu e-mail.<\/p>\n<h4>E se o portf\u00f3lio que comprei precisar de corre\u00e7\u00e3o?<\/h4>\n<\/div>\n<\/div>\n<div class=\"elementor-toggle-item\">\n<div id=\"elementor-tab-content-1945\" class=\"elementor-tab-content elementor-clearfix elementor-active\" role=\"tabpanel\" data-tab=\"5\" aria-labelledby=\"elementor-tab-title-1945\">\n<p>Caso haja alguma solicita\u00e7\u00e3o de corre\u00e7\u00e3o\/altera\u00e7\u00e3o por parte do tutor, basta entrar em contato conosco pelo\u00a0WhatsApp\u00a0que provid\u00eanciaremos sem custo algum.<\/p>\n<h4>Qual o formato do arquivo?<\/h4>\n<\/div>\n<\/div>\n<div class=\"elementor-toggle-item\">\n<div id=\"elementor-tab-content-1946\" class=\"elementor-tab-content elementor-clearfix elementor-active\" role=\"tabpanel\" data-tab=\"6\" aria-labelledby=\"elementor-tab-title-1946\">\n<p>Os arquivos s\u00e3o enviados em formato Word e s\u00e3o edit\u00e1veis.<\/p>\n<h4>Caso eu tiver alguma d\u00favida, terei suporte no p\u00f3s venda?<\/h4>\n<\/div>\n<\/div>\n<div class=\"elementor-toggle-item\">\n<div id=\"elementor-tab-content-1948\" class=\"elementor-tab-content elementor-clearfix elementor-active\" role=\"tabpanel\" data-tab=\"8\" aria-labelledby=\"elementor-tab-title-1948\">\n<p>Sim, com certeza. Basta clicar no \u00edcone do WhatsApp no cantinho da tela. Ser\u00e1 um prazer atend\u00ea-lo(a).<\/p>\n<div class=\"elementor-toggle-item\">\n<div id=\"elementor-tab-content-1948\" class=\"elementor-tab-content elementor-clearfix elementor-active\" role=\"tabpanel\" data-tab=\"8\" aria-labelledby=\"elementor-tab-title-1948\">\n<h4>Quais os seus canais de contato?<\/h4>\n<\/div>\n<\/div>\n<div class=\"elementor-toggle-item\">\n<div id=\"elementor-tab-content-1949\" class=\"elementor-tab-content elementor-clearfix elementor-active\" role=\"tabpanel\" data-tab=\"9\" aria-labelledby=\"elementor-tab-title-1949\">\n<p>Whatsapp: 53 984751621 \u2013 Clicar no canto da tela ou ESCANEIE O QRCODE ABAIXO<\/p>\n<h4><img loading=\"lazy\" decoding=\"async\" class=\"alignnone wp-image-13699 jetpack-lazy-image jetpack-lazy-image--handled\" src=\"https:\/\/i0.wp.com\/portifolioos-prontos.com\/wp-content\/uploads\/2023\/02\/whatsapp-business-projeto-de-extensao-300x300.jpeg?resize=144%2C144\" sizes=\"(max-width: 144px) 100vw, 144px\" srcset=\"https:\/\/i0.wp.com\/portifolioos-prontos.com\/wp-content\/uploads\/2023\/02\/whatsapp-business-projeto-de-extensao.jpeg?resize=300%2C301&amp;ssl=1 300w, https:\/\/i0.wp.com\/portifolioos-prontos.com\/wp-content\/uploads\/2023\/02\/whatsapp-business-projeto-de-extensao.jpeg?resize=150%2C150&amp;ssl=1 150w, https:\/\/i0.wp.com\/portifolioos-prontos.com\/wp-content\/uploads\/2023\/02\/whatsapp-business-projeto-de-extensao.jpeg?resize=370%2C372&amp;ssl=1 370w, https:\/\/i0.wp.com\/portifolioos-prontos.com\/wp-content\/uploads\/2023\/02\/whatsapp-business-projeto-de-extensao.jpeg?resize=100%2C100&amp;ssl=1 100w, https:\/\/i0.wp.com\/portifolioos-prontos.com\/wp-content\/uploads\/2023\/02\/whatsapp-business-projeto-de-extensao.jpeg?w=470&amp;ssl=1 470w\" alt=\"projeto de extens\u00e3o unopar\" width=\"144\" height=\"144\" data-recalc-dims=\"1\" data-lazy-loaded=\"1\" \/><\/h4>\n<\/div>\n<\/div>\n<\/div>\n<\/div>\n<div class=\"elementor-toggle-item\">\n<div id=\"elementor-tab-content-1949\" class=\"elementor-tab-content elementor-clearfix elementor-active\" role=\"tabpanel\" data-tab=\"9\" aria-labelledby=\"elementor-tab-title-1949\">\n<p>E-mail:portifoliosp@gmail.com<\/p>\n<div id=\"attachment_143\" class=\"wp-caption alignnone\">\n<div id=\"attachment_143\" class=\"wp-caption alignnone\" style=\"width: 112px;\">\n<p><a href=\"http:\/\/portifolioos-prontos.com\/\"><img loading=\"lazy\" decoding=\"async\" class=\"wp-image-143 jetpack-lazy-image jetpack-lazy-image--handled\" title=\"portfolio pronto unopar\" src=\"https:\/\/i0.wp.com\/portifolioos-prontos.com\/wp-content\/uploads\/2022\/04\/conceitomaximo.png?resize=161%2C46\" alt=\"PORTFOLIO PRONTO UNOPAR ANHANGUERA\" width=\"112\" height=\"32\" aria-describedby=\"caption-attachment-143\" data-lazy-loaded=\"1\" \/><\/a><\/p>\n<p id=\"caption-attachment-143\" class=\"wp-caption-text\">Portf\u00f3lio em Word, respondido, completo e j\u00e1 nas normas.<\/p>\n<\/div>\n<\/div>\n<\/div>\n<\/div>\n","protected":false},"excerpt":{"rendered":"<div class=\"product-short-description\">\n<h5><strong>Pague pelo PIX ou cart\u00e3o e fa\u00e7a o download agora mesmo.<\/strong><\/h5>\n<\/div>\n<div class=\"sticky-add-to-cart-wrapper\">\n<div class=\"sticky-add-to-cart\">\n<div class=\"quantity buttons_added form-flat\"><img loading=\"lazy\" decoding=\"async\" class=\"alignnone wp-image-761\" src=\"http:\/\/portifolioos-prontos.com\/wp-content\/uploads\/2022\/04\/PIX-300x107.webp\" alt=\"\" width=\"78\" height=\"28\" \/>\u00a0\u00a0<img loading=\"lazy\" decoding=\"async\" class=\"\" src=\"https:\/\/d26lpennugtm8s.cloudfront.net\/assets\/common\/img\/logos\/payment\/visa@2x.png\" width=\"46\" height=\"29\" \/><img loading=\"lazy\" decoding=\"async\" class=\"\" src=\"https:\/\/d26lpennugtm8s.cloudfront.net\/assets\/common\/img\/logos\/payment\/boleto@2x.png\" width=\"43\" height=\"27\" \/><img loading=\"lazy\" decoding=\"async\" class=\"\" src=\"https:\/\/d26lpennugtm8s.cloudfront.net\/assets\/common\/img\/logos\/payment\/mastercard@2x.png\" width=\"43\" height=\"27\" \/><img loading=\"lazy\" decoding=\"async\" class=\"\" src=\"https:\/\/d26lpennugtm8s.cloudfront.net\/assets\/common\/img\/logos\/payment\/amex@2x.png\" width=\"43\" height=\"27\" \/><img loading=\"lazy\" decoding=\"async\" class=\"\" src=\"https:\/\/d26lpennugtm8s.cloudfront.net\/assets\/common\/img\/logos\/payment\/diners@2x.png\" width=\"46\" height=\"29\" \/><img loading=\"lazy\" decoding=\"async\" class=\"\" src=\"https:\/\/d26lpennugtm8s.cloudfront.net\/assets\/common\/img\/logos\/payment\/br\/elo@2x.png\" width=\"45\" height=\"28\" \/><img loading=\"lazy\" decoding=\"async\" class=\"\" src=\"https:\/\/d26lpennugtm8s.cloudfront.net\/assets\/common\/img\/logos\/payment\/br\/hipercard@2x.png\" width=\"44\" height=\"28\" \/><img loading=\"lazy\" decoding=\"async\" class=\"\" src=\"https:\/\/d26lpennugtm8s.cloudfront.net\/assets\/common\/img\/logos\/payment\/mercadopago@2x.png\" width=\"45\" height=\"28\" \/><\/div>\n<\/div>\n<\/div>\n","protected":false},"featured_media":18834,"template":"","meta":{"_seopress_robots_primary_cat":"none","_seopress_titles_title":"%%post_title%% %%sitetitle%%","_seopress_titles_desc":"%%post_content%%","_seopress_robots_index":""},"product_cat":[67,15],"product_tag":[],"class_list":{"0":"post-18832","1":"product","2":"type-product","3":"status-publish","4":"has-post-thumbnail","6":"product_cat-radiologia","7":"product_cat-uncategorized","9":"first","10":"instock","11":"downloadable","12":"virtual","13":"purchasable","14":"product-type-simple","15":"col-xs-6 col-sm-4","16":"col-mf-5","17":"un-5-cols"},"jetpack_sharing_enabled":true,"_links":{"self":[{"href":"https:\/\/portifolioos-prontos.com\/index.php\/wp-json\/wp\/v2\/product\/18832","targetHints":{"allow":["GET"]}}],"collection":[{"href":"https:\/\/portifolioos-prontos.com\/index.php\/wp-json\/wp\/v2\/product"}],"about":[{"href":"https:\/\/portifolioos-prontos.com\/index.php\/wp-json\/wp\/v2\/types\/product"}],"version-history":[{"count":0,"href":"https:\/\/portifolioos-prontos.com\/index.php\/wp-json\/wp\/v2\/product\/18832\/revisions"}],"wp:featuredmedia":[{"embeddable":true,"href":"https:\/\/portifolioos-prontos.com\/index.php\/wp-json\/wp\/v2\/media\/18834"}],"wp:attachment":[{"href":"https:\/\/portifolioos-prontos.com\/index.php\/wp-json\/wp\/v2\/media?parent=18832"}],"wp:term":[{"taxonomy":"product_cat","embeddable":true,"href":"https:\/\/portifolioos-prontos.com\/index.php\/wp-json\/wp\/v2\/product_cat?post=18832"},{"taxonomy":"product_tag","embeddable":true,"href":"https:\/\/portifolioos-prontos.com\/index.php\/wp-json\/wp\/v2\/product_tag?post=18832"}],"curies":[{"name":"wp","href":"https:\/\/api.w.org\/{rel}","templated":true}]}}