{"id":18841,"date":"2023-08-02T19:44:17","date_gmt":"2023-08-02T22:44:17","guid":{"rendered":"https:\/\/portifolioos-prontos.com\/?post_type=product&#038;p=18841"},"modified":"2023-10-22T12:54:26","modified_gmt":"2023-10-22T15:54:26","slug":"roteiro-aula-pratica-ressonancia-magnetica","status":"publish","type":"product","link":"https:\/\/portifolioos-prontos.com\/index.php\/product\/roteiro-aula-pratica-ressonancia-magnetica\/","title":{"rendered":"Roteiro Aula Pr\u00e1tica Resson\u00e2ncia Magn\u00e9tica"},"content":{"rendered":"<h4>ROTEIRO DE AULA PR\u00c1TICA RESSON\u00c2NCIA MAGN\u00c9TICA<\/h4>\n<h4>RADIOLOGIA 5\u00ba SEMESTRE<\/h4>\n<p>AULA PR\u00c1TICA RESSON\u00c2NCIA MAGN\u00c9TICA ANHANGUERA UNOPAR<\/p>\n<p>ROTEIRO DE AULA PR\u00c1TICA<\/p>\n<p>NOME DA DISCIPLINA: Resson\u00e2ncia Magn\u00e9tica<\/p>\n<p>OBJETIVOS<\/p>\n<p>Defini\u00e7\u00e3o dos objetivos da aula pr\u00e1tica:<\/p>\n<p>A proposta desta\u00a0atividade pr\u00e1tica\u00a0est\u00e1 amparada nos seguintes objetivos:<\/p>\n<p>\u2713 Conhecer as aplica\u00e7\u00f5es cl\u00ednicas das pondera\u00e7\u00f5es de imagens: conceitos, f\u00edsica da forma\u00e7\u00e3o<\/p>\n<p>da imagem e pondera\u00e7\u00f5es da imagem;<\/p>\n<p>\u2713 Adquirir no\u00e7\u00f5es de como realizar as programa\u00e7\u00f5es dos exames;<\/p>\n<p>\u2713 Conhecer a import\u00e2ncia da seguran\u00e7a dentro do setor de resson\u00e2ncia magn\u00e9tica.<\/p>\n<p>INFRAESTRUTURA<\/p>\n<p>Instala\u00e7\u00f5es:<\/p>\n<p>Computador com acesso \u00e0 internet<\/p>\n<p>Materiais de consumo:<\/p>\n<p>Descri\u00e7\u00e3o<\/p>\n<p>Quantidade. de materiais por<\/p>\n<p>procedimento\/atividade<\/p>\n<p>NSA<\/p>\n<p>Software:<\/p>\n<p>Sim ( ) N\u00e3o ( X )<\/p>\n<p>Em caso afirmativo, qual?<\/p>\n<p>Pago ( ) N\u00e3o Pago ( X )<\/p>\n<p>Tipo de Licen\u00e7a: NSA.<\/p>\n<p>Descri\u00e7\u00e3o do software:<\/p>\n<p>NSA<\/p>\n<p>Equipamento de Prote\u00e7\u00e3o Individual (EPI):<\/p>\n<p>NSA3<\/p>\n<p>PROCEDIMENTOS PR\u00c1TICOS<\/p>\n<p>Procedimento\/Atividade N\u00ba 1<\/p>\n<p>Atividade proposta:<\/p>\n<p>Conceitos, f\u00edsica da forma\u00e7\u00e3o e pondera\u00e7\u00f5es da imagem:<\/p>\n<p>Conhecer as aplica\u00e7\u00f5es cl\u00ednicas das pondera\u00e7\u00f5es de imagens; Conceitos, f\u00edsica da forma\u00e7\u00e3o e<\/p>\n<p>pondera\u00e7\u00f5es da imagem.<\/p>\n<p>Procedimentos para a realiza\u00e7\u00e3o da atividade:<\/p>\n<p>Para nossa primeira atividade vamos observar as imagens abaixo atentamente.<\/p>\n<p><img fetchpriority=\"high\" decoding=\"async\" class=\"alignnone wp-image-3222 size-medium\" src=\"https:\/\/mundodosportfolios.com\/wp-content\/uploads\/2023\/08\/Atividade-Pratica-Ressonancia-Magnetica-535x400.jpg\" sizes=\"(max-width: 535px) 100vw, 535px\" srcset=\"https:\/\/mundodosportfolios.com\/wp-content\/uploads\/2023\/08\/Atividade-Pratica-Ressonancia-Magnetica-535x400.jpg 535w, https:\/\/mundodosportfolios.com\/wp-content\/uploads\/2023\/08\/Atividade-Pratica-Ressonancia-Magnetica.jpg 590w\" alt=\"Roteiro aula pr\u00e1tica resson\u00e2ncia magn\u00e9tica\" width=\"535\" height=\"400\" \/><\/p>\n<h4>ROTEIRO DE AULA PR\u00c1TICA RESSON\u00c2NCIA MAGN\u00c9TICA<\/h4>\n<p><img decoding=\"async\" class=\"alignnone wp-image-3223 size-medium\" src=\"https:\/\/mundodosportfolios.com\/wp-content\/uploads\/2023\/08\/Ressonancia-Magnetica-Radiologia-Anhanguera-536x400.jpg\" sizes=\"(max-width: 536px) 100vw, 536px\" srcset=\"https:\/\/mundodosportfolios.com\/wp-content\/uploads\/2023\/08\/Ressonancia-Magnetica-Radiologia-Anhanguera-536x400.jpg 536w, https:\/\/mundodosportfolios.com\/wp-content\/uploads\/2023\/08\/Ressonancia-Magnetica-Radiologia-Anhanguera.jpg 569w\" alt=\"Roteiro Aula Pr\u00e1tica Resson\u00e2ncia Magn\u00e9tica,Portfolio Roteiro Aula Pr\u00e1tica Resson\u00e2ncia Magn\u00e9tica,Portf\u00f3lio Roteiro Aula Pr\u00e1tica Resson\u00e2ncia Magn\u00e9tica\" width=\"536\" height=\"400\" \/><\/p>\n<p>A imagem de RM n\u00e3o se forma a partir de um \u00fanico eco (sinal) coletado. \u00c9 preciso receber ou<\/p>\n<p>coletar v\u00e1rias vezes o mesmo sinal que vem de um corte do corpo do paciente para que, ao final<\/p>\n<p>de uma dada quantidade de ecos coletados, seja poss\u00edvel reconstruir uma imagem com a qualidade<\/p>\n<p>desejada.<\/p>\n<p>1- Como TR (tempo de repeti\u00e7\u00e3o) e TE (tempo de eco) se relacionam na forma\u00e7\u00e3o de imagens?<\/p>\n<p><img decoding=\"async\" class=\"alignnone wp-image-3224 size-full\" src=\"https:\/\/mundodosportfolios.com\/wp-content\/uploads\/2023\/08\/Radiologia-Unopar-Ressonancia-Magnetica.jpg\" alt=\"Roteiro Aula Pr\u00e1tica Resson\u00e2ncia Magn\u00e9tica,Portfolio Roteiro Aula Pr\u00e1tica Resson\u00e2ncia Magn\u00e9tica,Portf\u00f3lio Roteiro Aula Pr\u00e1tica Resson\u00e2ncia Magn\u00e9tica\" width=\"479\" height=\"213\" \/><\/p>\n<p>2- Descreva as pondera\u00e7\u00f5es T1, T2 e DP, mostradas nas imagens acima.<\/p>\n<p>3- Quando o assunto \u00e9 a Seguran\u00e7a em Resson\u00e2ncia Magn\u00e9tica (RM), h\u00e1 diversos fatores relacionados<\/p>\n<p>\u00e0s instala\u00e7\u00f5es do setor, mas principalmente quando envolve os colaboradores e pacientes, existem<\/p>\n<p>condi\u00e7\u00f5es que merecem aten\u00e7\u00e3o e que nunca podem ser esquecidos ou ignorados. Um pequeno<\/p>\n<p>descuido pode facilmente causar um acidente, provocar ferimentos graves e at\u00e9 mesmo \u00f3bito,5<\/p>\n<p>provocando danos irrepar\u00e1veis em alguns casos. Levando em considera\u00e7\u00e3o essas circunst\u00e2ncias,<\/p>\n<p>aponte 3 medidas de seguran\u00e7a para o paciente e para o colaborador, enfatizando a import\u00e2ncia<\/p>\n<p>dessas precau\u00e7\u00f5es.<\/p>\n<p><img loading=\"lazy\" decoding=\"async\" class=\"alignnone wp-image-3225 size-full\" src=\"https:\/\/mundodosportfolios.com\/wp-content\/uploads\/2023\/08\/radiologia-5-semestre.jpg\" alt=\"Radiologia Anhanguera\" width=\"305\" height=\"170\" \/><\/p>\n<p>4- A imagem acima do lado esquerdo (A) e direito(B), respectivamente, s\u00e3o imagens em:<\/p>\n<p>5- Vamos preencher os campos A, B, C, D, E e F da imagem abaixo, que corresponde a um aparelho de<\/p>\n<p>RM.<\/p>\n<p><a href=\"http:\/\/eadcolaborar.com\/\"><img loading=\"lazy\" decoding=\"async\" class=\"alignnone wp-image-3226\" src=\"https:\/\/mundodosportfolios.com\/wp-content\/uploads\/2023\/08\/Roteiro-Ressonancia-Magnetica-Atividade-Pratica-Anhanguera.jpg\" alt=\"Roteiro aula pr\u00e1tica resson\u00e2ncia magn\u00e9tica Anhanguera\" width=\"439\" height=\"343\" \/><\/a><\/p>\n<p>6- Cite 3 exemplos de doen\u00e7as cerebrais diagnosticadas atrav\u00e9s da RM, acrescentando pelo menos<\/p>\n<p>uma imagem. Comente se \u00e9 necess\u00e1rio o uso do contraste e por qu\u00ea?<\/p>\n<p>Checklist:<\/p>\n<p>As tarefas foram conclu\u00eddas com \u00eaxito?<\/p>\n<p>Voc\u00ea foi capaz de conhecer o equipamento dentro do setor de Resson\u00e2ncia Magn\u00e9tica?<\/p>\n<p>Voc\u00ea foi capaz de diferenciar TR, TE, T1, T2 e DP?<\/p>\n<p>Voc\u00ea foi capaz de aprender a import\u00e2ncia da seguran\u00e7a dentro do setor de RM?<\/p>\n<p>RESULTADOS<\/p>\n<p>Resultados da aula pr\u00e1tica:<\/p>\n<p>Orienta\u00e7\u00f5es para o envio da atividade:<\/p>\n<ul>\n<li>O resultado de aprendizagem da aula pr\u00e1tica dever\u00e1 ser registrado em forma de um relat\u00f3rio<\/li>\n<\/ul>\n<p>descritivo que dever\u00e1 ser postado em seu ambiente virtual.<\/p>\n<ul>\n<li>A postagem do arquivo final deve ser em um \u00fanico arquivo, formato DOC (Word ou editor de<\/li>\n<\/ul>\n<p>textos);<\/p>\n<ul>\n<li>Responda detalhadamente as quest\u00f5es propostas na Atividade 1.<\/li>\n<li>O sistema ir\u00e1 arquivar e disponibilizar para corre\u00e7\u00e3o apenas o \u00faltimo trabalho encaminhado, caso<\/li>\n<\/ul>\n<p>voc\u00ea encaminhe um novo arquivo, ele ir\u00e1 sobrepor e apagar o arquivo encaminhado<\/p>\n<p>anteriormente;<\/p>\n<ul>\n<li>Voc\u00ea dever\u00e1 postar o trabalho finalizado no AVA, o que dever\u00e1 ser feito na pasta espec\u00edfica,<\/li>\n<\/ul>\n<p>obedecendo ao prazo limite de postagem, conforme disposto no cronograma do curso.<\/p>\n<ul>\n<li>N\u00e3o existe prorroga\u00e7\u00e3o para a postagem da atividade;<\/li>\n<li>O trabalho ser\u00e1 realizado individualmente.<\/li>\n<\/ul>\n<p>N\u00e3o deixe de participar de todas as tarefas! Elas ser\u00e3o determinantes para o aprendizado das<\/p>\n<p>t\u00e9cnicas.<\/p>\n<div class=\"elementor-toggle-item\">\n<h4 id=\"elementor-tab-title-1941\" class=\"elementor-tab-title elementor-active\" tabindex=\"0\" role=\"tab\" data-tab=\"1\" aria-controls=\"elementor-tab-content-1941\" aria-expanded=\"true\" aria-selected=\"true\">Como funciona?<\/h4>\n<div id=\"elementor-tab-content-1941\" class=\"elementor-tab-content elementor-clearfix elementor-active\" role=\"tabpanel\" data-tab=\"1\" aria-labelledby=\"elementor-tab-title-1941\">\n<p>Elaboramos os portf\u00f3lios, j\u00e1 deixamos prontos, nas normas da ABNT e conforme os requisitos da universidade. F\u00e1cil assim! O MELHOR \u00c9 QUE VOC\u00ca COMPRA E J\u00c1 BAIXA NA HORA O SEU ARQUIVO EM WORD! Sabemos que conciliar trabalho, fam\u00edlia, vida profissional e estudos \u00e9 dif\u00edcil hoje em dia, por isso, estamos aqui para ajudar voc\u00ea. Conte com nossa qualidade, experi\u00eancia e profissionalismo adquirindo seu portf\u00f3lio conosco. GARANTIMOS SEU CONCEITO!<\/p>\n<h4>Como se realizam os envios?<\/h4>\n<\/div>\n<\/div>\n<div class=\"elementor-toggle-item\">\n<div id=\"elementor-tab-content-1942\" class=\"elementor-tab-content elementor-clearfix elementor-active\" role=\"tabpanel\" data-tab=\"2\" aria-labelledby=\"elementor-tab-title-1942\">O seu trabalho \u00e9 disponibilizado pronto, respondido e nas normas j\u00e1 na mesma hora aqui em nosso site na sua \u00e1rea de downloads e tamb\u00e9m no seu e-mail.<\/div>\n<\/div>\n<div class=\"elementor-toggle-item\">\n<div id=\"elementor-tab-content-1943\" class=\"elementor-tab-content elementor-clearfix elementor-active\" role=\"tabpanel\" data-tab=\"3\" aria-labelledby=\"elementor-tab-title-1943\">\n<h4>Em quanto tempo recebo o portf\u00f3lio?<\/h4>\n<\/div>\n<\/div>\n<div class=\"elementor-toggle-item\">\n<div id=\"elementor-tab-content-1944\" class=\"elementor-tab-content elementor-clearfix elementor-active\" role=\"tabpanel\" data-tab=\"4\" aria-labelledby=\"elementor-tab-title-1944\">\n<p>Os envios s\u00e3o imediatos. Ap\u00f3s sua compra, o trabalho j\u00e1 \u00e9 disponibilizado instantaneamente aqui em nosso site e no seu e-mail.<\/p>\n<h4>E se o portf\u00f3lio que comprei precisar de corre\u00e7\u00e3o?<\/h4>\n<\/div>\n<\/div>\n<div class=\"elementor-toggle-item\">\n<div id=\"elementor-tab-content-1945\" class=\"elementor-tab-content elementor-clearfix elementor-active\" role=\"tabpanel\" data-tab=\"5\" aria-labelledby=\"elementor-tab-title-1945\">\n<p>Caso haja alguma solicita\u00e7\u00e3o de corre\u00e7\u00e3o\/altera\u00e7\u00e3o por parte do tutor, basta entrar em contato conosco pelo\u00a0WhatsApp\u00a0que provid\u00eanciaremos sem custo algum.<\/p>\n<h4>Qual o formato do arquivo?<\/h4>\n<\/div>\n<\/div>\n<div class=\"elementor-toggle-item\">\n<div id=\"elementor-tab-content-1946\" class=\"elementor-tab-content elementor-clearfix elementor-active\" role=\"tabpanel\" data-tab=\"6\" aria-labelledby=\"elementor-tab-title-1946\">\n<p>Os arquivos s\u00e3o enviados em formato Word e s\u00e3o edit\u00e1veis.<\/p>\n<h4>Caso eu tiver alguma d\u00favida, terei suporte no p\u00f3s venda?<\/h4>\n<\/div>\n<\/div>\n<div class=\"elementor-toggle-item\">\n<div id=\"elementor-tab-content-1948\" class=\"elementor-tab-content elementor-clearfix elementor-active\" role=\"tabpanel\" data-tab=\"8\" aria-labelledby=\"elementor-tab-title-1948\">\n<p>Sim, com certeza. Basta clicar no \u00edcone do WhatsApp no cantinho da tela. Ser\u00e1 um prazer atend\u00ea-lo(a).<\/p>\n<div class=\"elementor-toggle-item\">\n<div id=\"elementor-tab-content-1948\" class=\"elementor-tab-content elementor-clearfix elementor-active\" role=\"tabpanel\" data-tab=\"8\" aria-labelledby=\"elementor-tab-title-1948\">\n<h4>Quais os seus canais de contato?<\/h4>\n<\/div>\n<\/div>\n<div class=\"elementor-toggle-item\">\n<div id=\"elementor-tab-content-1949\" class=\"elementor-tab-content elementor-clearfix elementor-active\" role=\"tabpanel\" data-tab=\"9\" aria-labelledby=\"elementor-tab-title-1949\">\n<p>Whatsapp: 53 984751621 \u2013 Clicar no canto da tela ou ESCANEIE O QRCODE ABAIXO<\/p>\n<h4><img loading=\"lazy\" decoding=\"async\" class=\"alignnone wp-image-13699 jetpack-lazy-image jetpack-lazy-image--handled\" src=\"https:\/\/i0.wp.com\/portifolioos-prontos.com\/wp-content\/uploads\/2023\/02\/whatsapp-business-projeto-de-extensao-300x300.jpeg?resize=144%2C144\" sizes=\"(max-width: 144px) 100vw, 144px\" srcset=\"https:\/\/i0.wp.com\/portifolioos-prontos.com\/wp-content\/uploads\/2023\/02\/whatsapp-business-projeto-de-extensao.jpeg?resize=300%2C301&amp;ssl=1 300w, https:\/\/i0.wp.com\/portifolioos-prontos.com\/wp-content\/uploads\/2023\/02\/whatsapp-business-projeto-de-extensao.jpeg?resize=150%2C150&amp;ssl=1 150w, https:\/\/i0.wp.com\/portifolioos-prontos.com\/wp-content\/uploads\/2023\/02\/whatsapp-business-projeto-de-extensao.jpeg?resize=370%2C372&amp;ssl=1 370w, https:\/\/i0.wp.com\/portifolioos-prontos.com\/wp-content\/uploads\/2023\/02\/whatsapp-business-projeto-de-extensao.jpeg?resize=100%2C100&amp;ssl=1 100w, https:\/\/i0.wp.com\/portifolioos-prontos.com\/wp-content\/uploads\/2023\/02\/whatsapp-business-projeto-de-extensao.jpeg?w=470&amp;ssl=1 470w\" alt=\"projeto de extens\u00e3o unopar\" width=\"144\" height=\"144\" data-recalc-dims=\"1\" data-lazy-loaded=\"1\" \/><\/h4>\n<\/div>\n<\/div>\n<\/div>\n<\/div>\n<div class=\"elementor-toggle-item\">\n<div id=\"elementor-tab-content-1949\" class=\"elementor-tab-content elementor-clearfix elementor-active\" role=\"tabpanel\" data-tab=\"9\" aria-labelledby=\"elementor-tab-title-1949\">\n<p>E-mail:portifoliosp@gmail.com<\/p>\n<div id=\"attachment_143\" class=\"wp-caption alignnone\">\n<div id=\"attachment_143\" class=\"wp-caption alignnone\" style=\"width: 133px;\">\n<p><a href=\"http:\/\/portifolioos-prontos.com\/\"><img loading=\"lazy\" decoding=\"async\" class=\"wp-image-143 jetpack-lazy-image jetpack-lazy-image--handled\" title=\"portfolio pronto unopar\" src=\"https:\/\/i0.wp.com\/portifolioos-prontos.com\/wp-content\/uploads\/2022\/04\/conceitomaximo.png?resize=161%2C46\" alt=\"PORTFOLIO PRONTO UNOPAR ANHANGUERA\" width=\"133\" height=\"38\" aria-describedby=\"caption-attachment-143\" data-lazy-loaded=\"1\" \/><\/a><\/p>\n<p id=\"caption-attachment-143\" class=\"wp-caption-text\">Portf\u00f3lio em Word, respondido, completo e j\u00e1 nas normas.<\/p>\n<\/div>\n<\/div>\n<\/div>\n<\/div>\n","protected":false},"excerpt":{"rendered":"<div class=\"product-short-description\">\n<h5><strong>Pague pelo PIX ou cart\u00e3o e fa\u00e7a o download agora mesmo.<\/strong><\/h5>\n<\/div>\n<div class=\"sticky-add-to-cart-wrapper\">\n<div class=\"sticky-add-to-cart\">\n<div class=\"quantity buttons_added form-flat\"><img loading=\"lazy\" decoding=\"async\" class=\"alignnone wp-image-761\" src=\"http:\/\/portifolioos-prontos.com\/wp-content\/uploads\/2022\/04\/PIX-300x107.webp\" alt=\"\" width=\"78\" height=\"28\" \/>\u00a0\u00a0<img loading=\"lazy\" decoding=\"async\" class=\"\" src=\"https:\/\/d26lpennugtm8s.cloudfront.net\/assets\/common\/img\/logos\/payment\/visa@2x.png\" width=\"46\" height=\"29\" \/><img loading=\"lazy\" decoding=\"async\" class=\"\" src=\"https:\/\/d26lpennugtm8s.cloudfront.net\/assets\/common\/img\/logos\/payment\/boleto@2x.png\" width=\"43\" height=\"27\" \/><img loading=\"lazy\" decoding=\"async\" class=\"\" src=\"https:\/\/d26lpennugtm8s.cloudfront.net\/assets\/common\/img\/logos\/payment\/mastercard@2x.png\" width=\"43\" height=\"27\" \/><img loading=\"lazy\" decoding=\"async\" class=\"\" src=\"https:\/\/d26lpennugtm8s.cloudfront.net\/assets\/common\/img\/logos\/payment\/amex@2x.png\" width=\"43\" height=\"27\" \/><img loading=\"lazy\" decoding=\"async\" class=\"\" src=\"https:\/\/d26lpennugtm8s.cloudfront.net\/assets\/common\/img\/logos\/payment\/diners@2x.png\" width=\"46\" height=\"29\" \/><img loading=\"lazy\" decoding=\"async\" class=\"\" src=\"https:\/\/d26lpennugtm8s.cloudfront.net\/assets\/common\/img\/logos\/payment\/br\/elo@2x.png\" width=\"45\" height=\"28\" \/><img loading=\"lazy\" decoding=\"async\" class=\"\" src=\"https:\/\/d26lpennugtm8s.cloudfront.net\/assets\/common\/img\/logos\/payment\/br\/hipercard@2x.png\" width=\"44\" height=\"28\" \/><img loading=\"lazy\" decoding=\"async\" class=\"\" src=\"https:\/\/d26lpennugtm8s.cloudfront.net\/assets\/common\/img\/logos\/payment\/mercadopago@2x.png\" width=\"45\" height=\"28\" \/><\/div>\n<\/div>\n<\/div>\n","protected":false},"featured_media":18843,"template":"","meta":{"_seopress_robots_primary_cat":"none","_seopress_titles_title":"%%post_title%% %%sitetitle%%","_seopress_titles_desc":"%%post_content%%","_seopress_robots_index":""},"product_cat":[67,15],"product_tag":[],"class_list":{"0":"post-18841","1":"product","2":"type-product","3":"status-publish","4":"has-post-thumbnail","6":"product_cat-radiologia","7":"product_cat-uncategorized","9":"first","10":"instock","11":"downloadable","12":"virtual","13":"purchasable","14":"product-type-simple","15":"col-xs-6 col-sm-4","16":"col-mf-5","17":"un-5-cols"},"jetpack_sharing_enabled":true,"_links":{"self":[{"href":"https:\/\/portifolioos-prontos.com\/index.php\/wp-json\/wp\/v2\/product\/18841","targetHints":{"allow":["GET"]}}],"collection":[{"href":"https:\/\/portifolioos-prontos.com\/index.php\/wp-json\/wp\/v2\/product"}],"about":[{"href":"https:\/\/portifolioos-prontos.com\/index.php\/wp-json\/wp\/v2\/types\/product"}],"version-history":[{"count":0,"href":"https:\/\/portifolioos-prontos.com\/index.php\/wp-json\/wp\/v2\/product\/18841\/revisions"}],"wp:featuredmedia":[{"embeddable":true,"href":"https:\/\/portifolioos-prontos.com\/index.php\/wp-json\/wp\/v2\/media\/18843"}],"wp:attachment":[{"href":"https:\/\/portifolioos-prontos.com\/index.php\/wp-json\/wp\/v2\/media?parent=18841"}],"wp:term":[{"taxonomy":"product_cat","embeddable":true,"href":"https:\/\/portifolioos-prontos.com\/index.php\/wp-json\/wp\/v2\/product_cat?post=18841"},{"taxonomy":"product_tag","embeddable":true,"href":"https:\/\/portifolioos-prontos.com\/index.php\/wp-json\/wp\/v2\/product_tag?post=18841"}],"curies":[{"name":"wp","href":"https:\/\/api.w.org\/{rel}","templated":true}]}}