{"id":18938,"date":"2023-08-10T23:18:13","date_gmt":"2023-08-11T02:18:13","guid":{"rendered":"https:\/\/portifolioos-prontos.com\/?post_type=product&#038;p=18938"},"modified":"2023-10-22T12:51:36","modified_gmt":"2023-10-22T15:51:36","slug":"roteiro-de-aula-pratica-fundamentos-de-cartografia-e-topografia","status":"publish","type":"product","link":"https:\/\/portifolioos-prontos.com\/index.php\/product\/roteiro-de-aula-pratica-fundamentos-de-cartografia-e-topografia\/","title":{"rendered":"Roteiro de aula pr\u00e1tica Fundamentos de Cartografia e Topografia"},"content":{"rendered":"<h4>Roteiro de aula pr\u00e1tica Fundamentos de Cartografia e Topografia<\/h4>\n<hr \/>\n<p>Disciplina: Fundamentos de Cartografia e Topografia<br \/>\nSOFTWARE<br \/>\n\u2610Software \/ \u2612 Acesso on-line<br \/>\n\u2610Pago \/ \u2612 N\u00e3o Pago<br \/>\nInfraestrutura:<br \/>\nComputador com acesso a internet<br \/>\nDescri\u00e7\u00e3o do software:<br \/>\nLaborat\u00f3rios virtuais para simula\u00e7\u00e3o de experimentos laboratoriais:<br \/>\n\u2013 Simulador Algetech Pr\u00e1tica: \u201cMedi\u00e7\u00e3o Com Trena\u201d<br \/>\n\u2013 Simulador Algetech Pr\u00e1tica: \u201cLevantamento De Curvas De N\u00edvel\u201d.<\/p>\n<p>ATIVIDADE PR\u00c1TICA 1<br \/>\nAtividade proposta:<br \/>\nTra\u00e7ado de curvas de n\u00edvel de um terreno, a partir de um levantamento planialtim\u00e9trico expedito.<br \/>\nObjetivos:<br \/>\n\u2022 Fazer um levantamento altim\u00e9trico e planim\u00e9trico<br \/>\n\u2022 Tra\u00e7ar as curvas de n\u00edvel.<br \/>\nProcedimentos para a realiza\u00e7\u00e3o da atividade:<br \/>\nInicialmente o aluno deve realizar duas pr\u00e1ticas virtuais nos laborat\u00f3rios da algetech,<br \/>\nposteriormente dever\u00e1 realizar c\u00e1lculos a partir de um conjunto de dados fornecidos para<br \/>\ndesenhar as curvas de n\u00edvel de um determinado terreno.<br \/>\n1. PR\u00c1TICA \u201cMEDI\u00c7\u00c3O COM TRENA\u201d<br \/>\nNesta pr\u00e1tica o aluno dever\u00e1 acessar o site dos laborat\u00f3rios virtuais do parceiro<br \/>\nalgetech (<a href=\"https:\/\/grupoa-u.blackboard.com\/\" rel=\"nofollow\">https:\/\/grupoa-u.blackboard.com<\/a>), de posse de seu login e senha, dever\u00e1<br \/>\nacessar \u201cLabs espec\u00edficos de Engenharia\u201d, acessar \u201cLaborat\u00f3rios Espec\u00edficos de Civil,<br \/>\nArquitetura e Geologia\u201d, acessar \u201cTopografia: Medi\u00e7\u00e3o com Trena\u201d. A ferramenta \u00e9<br \/>\nbastante autoexplicativa e seu uso \u00e9 intuitivo, embora possa ser complementado pelos<br \/>\npr\u00f3prios manuais da algetch.<br \/>\nO aluno dever\u00e1 seguir a pr\u00e1tica para entender como faria a medi\u00e7\u00e3o e marca\u00e7\u00e3o de<br \/>\numa malha quadrada homog\u00eanea em um terreno real. A seguir se apresenta algumas<br \/>\nfiguras ilustrativas da pr\u00e1tica e bem como uma sequ\u00eancia de atividades:<br \/>\n\u2022 Apoiar os piquetes e estacas de refer\u00eancia conforme uma malha inicial pr\u00e9via.<br \/>\n\u2022 Colocar as duas balizas nos pontos iniciais e finais do terreno, na dire\u00e7\u00e3o x e y.<br \/>\n\u2022 Com a trena medir dist\u00e2ncias que dividam o terreno em espa\u00e7os iguais para o<br \/>\nlevantamento, recomenda-se n\u00e3o ultrapassar 5 ou 10m de comprimento.<br \/>\nCravar o piquete no solo na posi\u00e7\u00e3o onde se mediu com a trena;<br \/>\n\u2022 Com a trena faz o ajuste fino da posi\u00e7\u00e3o e orienta\u00e7\u00e3o e crava-se o prego ou<br \/>\ntachinha de cobre no piquete no ponto correspondente;<br \/>\n\u2022 O procedimento deve ser realizado de maneira e evitar erros de deforma\u00e7\u00e3o da<br \/>\ntrena, oriundos de medi\u00e7\u00f5es inclinadas ou de deslocamentos em fun\u00e7\u00e3o do<br \/>\nvento ou gravidade. Para tanto, posiciona-se um operador no ponto inicial, outro<br \/>\nno final, e um terceiro deve verificar se n\u00e3o h\u00e1 erros para ent\u00e3o, fazer a medi\u00e7\u00e3o<br \/>\ne anotar os resultados<br \/>\nEssa pr\u00e1tica pode ser substitu\u00edda ou complementada por um levantamento das<br \/>\nmedidas horizontais feitas com teodolito e mira estadim\u00e9trica.<br \/>\n2. PR\u00c1TICA \u201cLEVANTAMENTO DE CURVAS DE N\u00cdVEL\u201d<br \/>\nNesta pr\u00e1tica o aluno dever\u00e1 acessar o site dos laborat\u00f3rios virtuais do parceiro<br \/>\nalgetech (<a href=\"https:\/\/grupoa-u.blackboard.com\/\" rel=\"nofollow\">https:\/\/grupoa-u.blackboard.com<\/a>), de posse de seu login e senha, dever\u00e1<br \/>\nacessar \u201cLabs espec\u00edficos de Engenharia\u201d, acessar \u201cLaborat\u00f3rios Espec\u00edficos de Civil,<br \/>\nArquitetura e Geologia\u201d, acessar \u201cTopografia: Levantamento de Curvas de N\u00edvel\u201d. A<br \/>\nferramenta \u00e9 bastante autoexplicativa e seu uso \u00e9 intuitivo, embora possa ser<br \/>\ncomplementado pelos pr\u00f3prios manuais da algetch.<br \/>\n\u2022 Reconhecer o terreno, imaginando se como seriam as curvas de n\u00edvel;<br \/>\n\u2022 Separar os equipamentos a serem utilizados;<br \/>\n\u2022 Montar o trip\u00e9;<br \/>\n\u2022 Posicionar o n\u00edvel, centralizado em altura confort\u00e1vel;<br \/>\n\u2022 Medir a altura do equipamento<br \/>\n\u2022 Posicionar a mira em pontos \u00e0 r\u00e9 e a vante<br \/>\n\u2022 Leitura dos FS, FM e FI, confer\u00eancia de FM pela m\u00e9dia<br \/>\n\u2022 Anotar os dados e repetir o processo at\u00e9 finalizar a quadricula.<br \/>\n3. C\u00c1LCULO E REPRESENTA\u00c7\u00c3O DAS CURVAS DE N\u00cdVEL DO TERRENO<br \/>\nAp\u00f3s a realiza\u00e7\u00e3o da simula\u00e7\u00e3o da pr\u00e1tica, ser\u00e3o fornecidos dados referentes a uma<br \/>\nmalha quadrada homog\u00eanea e o aluno dever\u00e1 fazer os c\u00e1lculos e interpola\u00e7\u00f5es para<br \/>\ntra\u00e7ar as curvas de n\u00edvel. O pr\u00f3prio algetech fornece um conjunto de dados que pode ser<br \/>\nusado, mas o ideal \u00e9 que se forne\u00e7a tamb\u00e9m outros valores para simular terrenos<br \/>\ndistintos.<br \/>\nA partir destes dados, sabendo que os pontos est\u00e3o equi-espa\u00e7ados de 3,0m<br \/>\nconforme a quadricula abaixo e roteiro do algetech, deve se adotar uma dist\u00e2ncia vertical<br \/>\npara as curvas de n\u00edveis, recomenda-se 0,5m mas cada caso precisaria ser avaliado.<br \/>\nDeve-se ent\u00e3o representar na quadricula as cotas de cada v\u00e9rtice.<br \/>\nAo final o aluno deve ser capaz de produzir um mapa com um conjunto de curvas de<br \/>\nn\u00edvel e interpretar seu formato, entendendo como aquela representa\u00e7\u00e3o ilustra o terreno<br \/>\nmedido<br \/>\nChecklist:<br \/>\n1. O aluno entendeu a pr\u00e1tica e os m\u00e9todos para medi\u00e7\u00f5es horizontais com trena?<br \/>\n2. O aluno entendeu a pr\u00e1tica e os m\u00e9todos para medi\u00e7\u00f5es de altimetria com n\u00edvel?<br \/>\n3. Quais s\u00e3o as limita\u00e7\u00f5es destes m\u00e9todos? Em que condi\u00e7\u00f5es podem ser aplicados?<br \/>\n4. O aluno efetuou os c\u00e1lculos e interpola\u00e7\u00f5es para tra\u00e7ar as curvas de n\u00edvel<br \/>\n5. Foi poss\u00edvel tra\u00e7ar e representar as curvas de n\u00edvel para o terreno?<br \/>\n6. As representa\u00e7\u00f5es foram corretas?:<br \/>\nResultado: Aluno, voc\u00ea dever\u00e1 entregar:<br \/>\nArquivo no formato word com o resultado das quest\u00f5es propostas na atividade<br \/>\nRefer\u00eancias:<br \/>\nIBGE \u2013 Instituto Brasileiro de Geografia e Estat\u00edstica. Dispon\u00edvel em:\u00a0<a href=\"https:\/\/www.ibge.gov.br\/\" rel=\"nofollow\">https:\/\/www.ibge.gov.br<\/a><br \/>\nROTEIRO DE AULA PR\u00c1TICA 2<br \/>\nInfraestrutura:<br \/>\n\u2013 Carta topogr\u00e1fica impressa<br \/>\n\u2013 L\u00e1pis de cor<br \/>\n\u2013 Papel vegetal, ou sufuriz\u00ea<br \/>\n\u2013 Papel milimetrado<br \/>\n\u2013 Calculadora e\/ou computador.<\/p>\n<p>ATIVIDADE PR\u00c1TICA 2<br \/>\nAtividade proposta:<br \/>\nElabora\u00e7\u00e3o de perfil topogr\u00e1fico, mapa hiposm\u00e9trico e clinogr\u00e1fcio.<br \/>\nObjetivos:<br \/>\n\u2022 Conhecer o que s\u00e3o curvas de n\u00edvel e como elas s\u00e3o representadas;<br \/>\n\u2022 Tra\u00e7ar e interpretar um perfil tropogr\u00e1fico;<br \/>\n\u2022 Acessar e interpretar cartas topogr\u00e1ficas do portal de mapas do ibge;<br \/>\nProcedimentos para a realiza\u00e7\u00e3o da atividade:<br \/>\nPara realiza\u00e7\u00e3o das atividades, os alunos podem se organizar em grupos de at\u00e9 3<br \/>\npessoas, ou podem optar por faz\u00ea-las individualmente, no caso, pode reduzir o volume da<br \/>\natividade pelo tamanho da carta topogr\u00e1fica<br \/>\n\u2022 ELABORA\u00c7\u00c3O DE PERFIL TOPOGR\u00c1FICO<br \/>\nAcessar o portal de mapas do IBGE<br \/>\n(<a href=\"https:\/\/portaldemapas.ibge.gov.br\/portal.php#homepage\" rel=\"nofollow\">https:\/\/portaldemapas.ibge.gov.br\/portal.php#homepage<\/a>\u00a0), explorar junto os diferentes recursos<br \/>\ndo site e mostrar como podem fazer download de cartas topogr\u00e1ficas espec\u00edficas. O aluno deve<br \/>\nescolher uma carta topogr\u00e1fica de sua prefer\u00eancia.<br \/>\nRecomenda-se usar cartas na escala 1:250.000, por exemplo, tem-se a carta topogr\u00e1fica<br \/>\nde Bras\u00edlia Folha SD23-Y-C-IV-3-NO que se encontra no link:<br \/>\n<a href=\"https:\/\/biblioteca.ibge.gov.br\/visualizacao\/mapas\/GEBIS%20-%20RJ\/SD-23-Y-C-IV-3-NO.jpg\" rel=\"nofollow\">https:\/\/biblioteca.ibge.gov.br\/visualizacao\/mapas\/GEBIS%20-%20RJ\/SD-23-Y-C-IV-3-NO.jpg<\/a><br \/>\nO aluno dever\u00e1 imprimir a carta topogr\u00e1fica ou trechos dela na escala correta e procurar<br \/>\nentender o relevo da mesma.<br \/>\nA partir da carta topogr\u00e1fica, os alunos devem escolher um determinado alinhamento e<br \/>\ntra\u00e7ar o perfil topogr\u00e1fico desta regi\u00e3o.<br \/>\nImportante come\u00e7ar esta etapa discutindo sobre cartas topogr\u00e1ficas, curvas de n\u00edvel e<br \/>\ncomo \u00e9 um perfil topogr\u00e1fico. Exemplifique com outras cartas topogr\u00e1ficas e desenhe no quadro<br \/>\num perfil topogr\u00e1fico, que pode ser feito \u00e0 m\u00e3o livre, apenas para ilustrar<br \/>\n\u2022 Posicionar o papel vegetal ou sufuriz\u00ea sobre a carta com a linha representativa do perfil<br \/>\nque se pretende tra\u00e7ar.<br \/>\n\u2022 Transcrever as informa\u00e7\u00f5es no sufurize referentes ao trecho que ser\u00e1 analisado.<br \/>\nAlternativamente, os alunos podem imprimir v\u00e1rias cartas topogr\u00e1ficas e desenhar sobre<br \/>\nelas.<br \/>\n\u2022 Oriente os alunos que usem cores diferentes para colorir cada intervalo de curva de n\u00edvel,<br \/>\npara facilitar o entendimento e a visualiza\u00e7\u00e3o do relevo. Cada intervalo dever\u00e1 ser colorido<br \/>\ncom cores distintas (por exemplo, 300 a 325 metros de altitude, de azul; 325 a 350, de<br \/>\nvermelho etc.- preferencialmente seguir o sistema de cores da hipsometria, que facilita na<br \/>\natividade 2).<br \/>\n\u2022 Fa\u00e7a uma an\u00e1lise e interpreta\u00e7\u00e3o da carta topogr\u00e1fica com os alunos. Por exemplo, onde<br \/>\n\u00e9 o ponto mais alto ou onde \u00e9 a \u00e1rea mais \u00edngreme.<br \/>\n\u2022 Fa\u00e7a um transecto na carta topogr\u00e1fica. Cuide para que o risco atravesse diferentes cotas<br \/>\ne curvas de n\u00edvel, para que o perfil tenha formas variadas.<br \/>\n\u2022 Transfira os pontos de interse\u00e7\u00e3o das curvas de n\u00edvel para a folha de papel milimetrado e<br \/>\ndesenhe o perfil topogr\u00e1fico junto com os alunos.<br \/>\nAo final o aluno deve ser capaz de produzir um perfil topogr\u00e1fico, mostrando como o<br \/>\nterreno da regi\u00e3o escolhida \u00e9 representada na transversal.<br \/>\n\u2022 ELABORA\u00c7\u00c3O MAPA HIPSOM\u00c9TRICO<br \/>\nNesta pr\u00e1tica e na pr\u00f3xima os alunos devem escolher uma regi\u00e3o pequena da carta para<br \/>\nrepresentar o mapa hipsom\u00e9trico. A proposta \u00e9 continuar a partir da regi\u00e3o anterior e desenhar<br \/>\ntodas as curvas de n\u00edvel conforme as cores usadas no mapa hiposm\u00e9trico.<br \/>\n\u2022 Posicionar o papel sufurize sobre a carta topogr\u00e1fica na regi\u00e3o que se pretende<br \/>\n<a href=\"http:\/\/portfoliooead.com.br\/\">representar<\/a>;<br \/>\n\u2022 Transcrever as informa\u00e7\u00f5es no sufurize referentes ao trecho que ser\u00e1 analisado.<br \/>\nAlternativamente, os alunos podem imprimir v\u00e1rias cartas topogr\u00e1ficas e desenhar sobre<br \/>\nelas.<br \/>\n\u2022 Oriente os alunos que usem cores diferentes para colorir cada intervalo de curva de n\u00edvel,<br \/>\npara facilitar o entendimento e a visualiza\u00e7\u00e3o do relevo. Cada intervalo dever\u00e1 ser colorido<br \/>\ncom cores distintas (por exemplo, 300 a 325 metros de altitude, de azul; 325 a 350, de<br \/>\nvermelho etc.- preferencialmente seguir o sistema de cores da hipsometria, que facilita na<br \/>\natividade 2).<br \/>\n\u2022 Elaborar e interpretar o mapa hiposm\u00e9trico do terreno ou trecho dele.<br \/>\nAo final o aluno deve ser capaz de produzir um mapa com a hipsometria do terreno.<br \/>\n\u2022\u00a0<a href=\"http:\/\/portfoliointerdisciplinar.com.br\/\">ELABORA\u00c7\u00c3O<\/a>\u00a0MAPA CLINOGR\u00c1FICO<br \/>\nNesta pr\u00e1tica e na pr\u00f3xima os alunos devem escolher uma regi\u00e3o pequena da carta para<br \/>\nrepresentar o mapa clinogr\u00e1fico. A proposta \u00e9 continuar a partir da regi\u00e3o anterior e desenhar<br \/>\ntodas as inclina\u00e7\u00f5es do terreno para o mesmo trecho analisado.<br \/>\nPara esta pr\u00e1tica o aluno precisar\u00e1 realizar algumas contas simples, que podem ser ou<br \/>\nn\u00e3o auxiliadas por computador ou calculadora.<br \/>\n\u2022 Escolher as inclina\u00e7\u00f5es e cores que ser\u00e3o representadas no mapa. Para isso \u00e9 necess\u00e1rio<br \/>\nperceber os valores m\u00e1ximos e m\u00ednimos de inclina\u00e7\u00e3o. Por exemplo, se a inclina\u00e7\u00e3o<br \/>\nm\u00e1xima por de 24% e a m\u00ednima de 3%, conv\u00e9m fazer gradua\u00e7\u00f5es de 5%; 10%; 15%; 20%<br \/>\ne 25%, estabelecendo uma cor para cada valor, como se pede o mapa de clinografia. Aqui<br \/>\n\u00e9 interessante o aluno perceber que deve tratar aclives ou declives da mesma forma.<br \/>\n\u2022 Calcular, para cada inclina\u00e7\u00e3o, qual a dist\u00e2ncia horizontal correspondente para a diferen\u00e7a<br \/>\nde n\u00edvel entre as curvas de n\u00edvel, de tal forma que se chegue em uma tabela de: inclina\u00e7\u00e3o,<br \/>\ncor e dist\u00e2ncia horizontal das curvas de n\u00edvel;<br \/>\n\u2022 Posicionar o papel sufurize sobre a carta topogr\u00e1fica na regi\u00e3o que se pretende<br \/>\nrepresentar e transcrever as curvas de n\u00edvel em l\u00e1pis preto;<br \/>\n\u2022 Transcrever as informa\u00e7\u00f5es no sufurize referentes ao trecho que ser\u00e1 analisado.<br \/>\nAlternativamente, os alunos podem imprimir v\u00e1rias cartas topogr\u00e1ficas e desenhar sobre<br \/>\nelas.<br \/>\n\u2022 Medir a dist\u00e2ncia horizontal entre as curvas de n\u00edvel em v\u00e1rios pontos de interesse,<br \/>\nclassificando a inclina\u00e7\u00e3o de cada trecho entre curvas de n\u00edvel;<br \/>\n\u2022 Colorir cada trecho conforme a inclina\u00e7\u00e3o proposta na tabela, fazer uma gradua\u00e7\u00e3o leve<br \/>\ndas cores vizinhas.<br \/>\n\u2022 Elaborar e interpretar o mapa clinogr\u00e1fico do terreno ou trecho dele.<br \/>\nAo final o aluno deve ser capaz de produzir um mapa com a clinografia do terreno.<br \/>\nChecklist:<br \/>\n1. O aluno conseguiu acessar e fazer download dos mapas e recursos do portal de mapas<br \/>\ndo ibge?<br \/>\n2. O aluno foi capaz de produzir um perfil topogr\u00e1fico correto do trecho que se prop\u00f4s a<br \/>\nanalisar?<br \/>\n3. O aluno consegui elaborar um mapa hiposm\u00e9trico da regi\u00e3o?<br \/>\n4. O aluno conseguiu elaborar um mapa da clinografia da regi\u00e3o?<br \/>\n5. O aluno foi capaz de interpretar e entender a topografia da regi\u00e3o, a partir da carta<br \/>\ntopogr\u00e1fica?<br \/>\nResultados da aula pr\u00e1tica: Aluno, voc\u00ea dever\u00e1 entregar:<br \/>\nUm arquivo em word com o perfil topogr\u00e1fico, mostrando como o terreno da regi\u00e3o escolhida \u00e9<br \/>\nrepresentada na transversal, um mapa com a hipsometria do terreno e um mapa com a clinografia<br \/>\ndo terreno.<br \/>\nRefer\u00eancias:<br \/>\nIBGE. Encontre Mapas. Dispon\u00edvel em:\u00a0<a href=\"https:\/\/portaldemapas.ibge.gov.br\/portal.php#homepage\" rel=\"nofollow\">https:\/\/portaldemapas.ibge.gov.br\/portal.php#homepage<\/a><br \/>\nAcesso em 15\/06\/2023<\/p>\n<div class=\"elementor-toggle-item\">\n<h4 id=\"elementor-tab-title-1941\" class=\"elementor-tab-title elementor-active\" tabindex=\"0\" role=\"tab\" data-tab=\"1\" aria-controls=\"elementor-tab-content-1941\" aria-expanded=\"true\" aria-selected=\"true\">Como funciona?<\/h4>\n<div id=\"elementor-tab-content-1941\" class=\"elementor-tab-content elementor-clearfix elementor-active\" role=\"tabpanel\" data-tab=\"1\" aria-labelledby=\"elementor-tab-title-1941\">\n<p>Elaboramos os portf\u00f3lios, j\u00e1 deixamos prontos, nas normas da ABNT e conforme os requisitos da universidade. F\u00e1cil assim! O MELHOR \u00c9 QUE VOC\u00ca COMPRA E J\u00c1 BAIXA NA HORA O SEU ARQUIVO EM WORD! Sabemos que conciliar trabalho, fam\u00edlia, vida profissional e estudos \u00e9 dif\u00edcil hoje em dia, por isso, estamos aqui para ajudar voc\u00ea. Conte com nossa qualidade, experi\u00eancia e profissionalismo adquirindo seu portf\u00f3lio conosco. GARANTIMOS SEU CONCEITO!<\/p>\n<h4>Como se realizam os envios?<\/h4>\n<\/div>\n<\/div>\n<div class=\"elementor-toggle-item\">\n<div id=\"elementor-tab-content-1942\" class=\"elementor-tab-content elementor-clearfix elementor-active\" role=\"tabpanel\" data-tab=\"2\" aria-labelledby=\"elementor-tab-title-1942\">O seu trabalho \u00e9 disponibilizado pronto, respondido e nas normas j\u00e1 na mesma hora aqui em nosso site na sua \u00e1rea de downloads e tamb\u00e9m no seu e-mail.<\/div>\n<\/div>\n<div class=\"elementor-toggle-item\">\n<div id=\"elementor-tab-content-1943\" class=\"elementor-tab-content elementor-clearfix elementor-active\" role=\"tabpanel\" data-tab=\"3\" aria-labelledby=\"elementor-tab-title-1943\">\n<h4>Em quanto tempo recebo o portf\u00f3lio?<\/h4>\n<\/div>\n<\/div>\n<div class=\"elementor-toggle-item\">\n<div id=\"elementor-tab-content-1944\" class=\"elementor-tab-content elementor-clearfix elementor-active\" role=\"tabpanel\" data-tab=\"4\" aria-labelledby=\"elementor-tab-title-1944\">\n<p>Os envios s\u00e3o imediatos. Ap\u00f3s sua compra, o trabalho j\u00e1 \u00e9 disponibilizado instantaneamente aqui em nosso site e no seu e-mail.<\/p>\n<h4>E se o portf\u00f3lio que comprei precisar de corre\u00e7\u00e3o?<\/h4>\n<\/div>\n<\/div>\n<div class=\"elementor-toggle-item\">\n<div id=\"elementor-tab-content-1945\" class=\"elementor-tab-content elementor-clearfix elementor-active\" role=\"tabpanel\" data-tab=\"5\" aria-labelledby=\"elementor-tab-title-1945\">\n<p>Caso haja alguma solicita\u00e7\u00e3o de corre\u00e7\u00e3o\/altera\u00e7\u00e3o por parte do tutor, basta entrar em contato conosco pelo\u00a0WhatsApp\u00a0que provid\u00eanciaremos sem custo algum.<\/p>\n<h4>Qual o formato do arquivo?<\/h4>\n<\/div>\n<\/div>\n<div class=\"elementor-toggle-item\">\n<div id=\"elementor-tab-content-1946\" class=\"elementor-tab-content elementor-clearfix elementor-active\" role=\"tabpanel\" data-tab=\"6\" aria-labelledby=\"elementor-tab-title-1946\">\n<p>Os arquivos s\u00e3o enviados em formato Word e s\u00e3o edit\u00e1veis.<\/p>\n<h4>Caso eu tiver alguma d\u00favida, terei suporte no p\u00f3s venda?<\/h4>\n<\/div>\n<\/div>\n<div class=\"elementor-toggle-item\">\n<div id=\"elementor-tab-content-1948\" class=\"elementor-tab-content elementor-clearfix elementor-active\" role=\"tabpanel\" data-tab=\"8\" aria-labelledby=\"elementor-tab-title-1948\">\n<p>Sim, com certeza. Basta clicar no \u00edcone do WhatsApp no cantinho da tela. Ser\u00e1 um prazer atend\u00ea-lo(a).<\/p>\n<div class=\"elementor-toggle-item\">\n<div id=\"elementor-tab-content-1948\" class=\"elementor-tab-content elementor-clearfix elementor-active\" role=\"tabpanel\" data-tab=\"8\" aria-labelledby=\"elementor-tab-title-1948\">\n<h4>Quais os seus canais de contato?<\/h4>\n<\/div>\n<\/div>\n<div class=\"elementor-toggle-item\">\n<div id=\"elementor-tab-content-1949\" class=\"elementor-tab-content elementor-clearfix elementor-active\" role=\"tabpanel\" data-tab=\"9\" aria-labelledby=\"elementor-tab-title-1949\">\n<p>Whatsapp: 53 984751621 \u2013 Clicar no canto da tela ou ESCANEIE O QRCODE ABAIXO<\/p>\n<h4><img decoding=\"async\" class=\"alignnone wp-image-13699 jetpack-lazy-image jetpack-lazy-image--handled\" src=\"https:\/\/i0.wp.com\/portifolioos-prontos.com\/wp-content\/uploads\/2023\/02\/whatsapp-business-projeto-de-extensao-300x300.jpeg?resize=144%2C144\" sizes=\"(max-width: 144px) 100vw, 144px\" srcset=\"https:\/\/i0.wp.com\/portifolioos-prontos.com\/wp-content\/uploads\/2023\/02\/whatsapp-business-projeto-de-extensao.jpeg?resize=300%2C301&amp;ssl=1 300w, https:\/\/i0.wp.com\/portifolioos-prontos.com\/wp-content\/uploads\/2023\/02\/whatsapp-business-projeto-de-extensao.jpeg?resize=150%2C150&amp;ssl=1 150w, https:\/\/i0.wp.com\/portifolioos-prontos.com\/wp-content\/uploads\/2023\/02\/whatsapp-business-projeto-de-extensao.jpeg?resize=370%2C372&amp;ssl=1 370w, https:\/\/i0.wp.com\/portifolioos-prontos.com\/wp-content\/uploads\/2023\/02\/whatsapp-business-projeto-de-extensao.jpeg?resize=100%2C100&amp;ssl=1 100w, https:\/\/i0.wp.com\/portifolioos-prontos.com\/wp-content\/uploads\/2023\/02\/whatsapp-business-projeto-de-extensao.jpeg?w=470&amp;ssl=1 470w\" alt=\"projeto de extens\u00e3o unopar\" width=\"144\" height=\"144\" data-lazy-loaded=\"1\" \/><\/h4>\n<\/div>\n<\/div>\n<\/div>\n<\/div>\n<div class=\"elementor-toggle-item\">\n<div id=\"elementor-tab-content-1949\" class=\"elementor-tab-content elementor-clearfix elementor-active\" role=\"tabpanel\" data-tab=\"9\" aria-labelledby=\"elementor-tab-title-1949\">\n<p>E-mail:portifoliosp@gmail.com<\/p>\n<div id=\"attachment_143\" class=\"wp-caption alignnone\">\n<div id=\"attachment_143\" class=\"wp-caption alignnone\" style=\"width: 112px;\">\n<p><a href=\"http:\/\/portifolioos-prontos.com\/\"><img decoding=\"async\" class=\"wp-image-143 jetpack-lazy-image jetpack-lazy-image--handled\" title=\"portfolio pronto unopar\" src=\"https:\/\/i0.wp.com\/portifolioos-prontos.com\/wp-content\/uploads\/2022\/04\/conceitomaximo.png?resize=161%2C46\" alt=\"PORTFOLIO PRONTO UNOPAR ANHANGUERA\" width=\"112\" height=\"32\" aria-describedby=\"caption-attachment-143\" data-lazy-loaded=\"1\" \/><\/a><\/p>\n<p id=\"caption-attachment-143\" class=\"wp-caption-text\">Portf\u00f3lio em Word, respondido, completo e j\u00e1 nas normas.<\/p>\n<\/div>\n<\/div>\n<\/div>\n<\/div>\n","protected":false},"excerpt":{"rendered":"<div class=\"product-short-description\">\n<h5><strong>Pague pelo PIX ou cart\u00e3o e fa\u00e7a o download agora mesmo.<\/strong><\/h5>\n<\/div>\n<div class=\"sticky-add-to-cart-wrapper\">\n<div class=\"sticky-add-to-cart\">\n<div class=\"quantity buttons_added form-flat\"><img decoding=\"async\" class=\"alignnone wp-image-761\" src=\"http:\/\/portifolioos-prontos.com\/wp-content\/uploads\/2022\/04\/PIX-300x107.webp\" alt=\"\" width=\"78\" height=\"28\" \/>\u00a0\u00a0<img loading=\"lazy\" decoding=\"async\" class=\"\" src=\"https:\/\/d26lpennugtm8s.cloudfront.net\/assets\/common\/img\/logos\/payment\/visa@2x.png\" width=\"46\" height=\"29\" \/><img loading=\"lazy\" decoding=\"async\" class=\"\" src=\"https:\/\/d26lpennugtm8s.cloudfront.net\/assets\/common\/img\/logos\/payment\/boleto@2x.png\" width=\"43\" height=\"27\" \/><img loading=\"lazy\" decoding=\"async\" class=\"\" src=\"https:\/\/d26lpennugtm8s.cloudfront.net\/assets\/common\/img\/logos\/payment\/mastercard@2x.png\" width=\"43\" height=\"27\" \/><img loading=\"lazy\" decoding=\"async\" class=\"\" src=\"https:\/\/d26lpennugtm8s.cloudfront.net\/assets\/common\/img\/logos\/payment\/amex@2x.png\" width=\"43\" height=\"27\" \/><img loading=\"lazy\" decoding=\"async\" class=\"\" src=\"https:\/\/d26lpennugtm8s.cloudfront.net\/assets\/common\/img\/logos\/payment\/diners@2x.png\" width=\"46\" height=\"29\" \/><img loading=\"lazy\" decoding=\"async\" class=\"\" src=\"https:\/\/d26lpennugtm8s.cloudfront.net\/assets\/common\/img\/logos\/payment\/br\/elo@2x.png\" width=\"45\" height=\"28\" \/><img loading=\"lazy\" decoding=\"async\" class=\"\" src=\"https:\/\/d26lpennugtm8s.cloudfront.net\/assets\/common\/img\/logos\/payment\/br\/hipercard@2x.png\" width=\"44\" height=\"28\" \/><img loading=\"lazy\" decoding=\"async\" class=\"\" src=\"https:\/\/d26lpennugtm8s.cloudfront.net\/assets\/common\/img\/logos\/payment\/mercadopago@2x.png\" width=\"45\" height=\"28\" \/><\/div>\n<\/div>\n<\/div>\n","protected":false},"featured_media":18940,"template":"","meta":{"_seopress_robots_primary_cat":"none","_seopress_titles_title":"%%post_title%% %%sitetitle%%","_seopress_titles_desc":"%%post_content%%","_seopress_robots_index":""},"product_cat":[74,15],"product_tag":[],"class_list":{"0":"post-18938","1":"product","2":"type-product","3":"status-publish","4":"has-post-thumbnail","6":"product_cat-gestao-ambiental","7":"product_cat-uncategorized","9":"first","10":"instock","11":"downloadable","12":"virtual","13":"purchasable","14":"product-type-simple","15":"col-xs-6 col-sm-4","16":"col-mf-5","17":"un-5-cols"},"jetpack_sharing_enabled":true,"_links":{"self":[{"href":"https:\/\/portifolioos-prontos.com\/index.php\/wp-json\/wp\/v2\/product\/18938","targetHints":{"allow":["GET"]}}],"collection":[{"href":"https:\/\/portifolioos-prontos.com\/index.php\/wp-json\/wp\/v2\/product"}],"about":[{"href":"https:\/\/portifolioos-prontos.com\/index.php\/wp-json\/wp\/v2\/types\/product"}],"version-history":[{"count":0,"href":"https:\/\/portifolioos-prontos.com\/index.php\/wp-json\/wp\/v2\/product\/18938\/revisions"}],"wp:featuredmedia":[{"embeddable":true,"href":"https:\/\/portifolioos-prontos.com\/index.php\/wp-json\/wp\/v2\/media\/18940"}],"wp:attachment":[{"href":"https:\/\/portifolioos-prontos.com\/index.php\/wp-json\/wp\/v2\/media?parent=18938"}],"wp:term":[{"taxonomy":"product_cat","embeddable":true,"href":"https:\/\/portifolioos-prontos.com\/index.php\/wp-json\/wp\/v2\/product_cat?post=18938"},{"taxonomy":"product_tag","embeddable":true,"href":"https:\/\/portifolioos-prontos.com\/index.php\/wp-json\/wp\/v2\/product_tag?post=18938"}],"curies":[{"name":"wp","href":"https:\/\/api.w.org\/{rel}","templated":true}]}}